{"id":61370,"date":"2020-08-07T09:32:19","date_gmt":"2020-08-07T07:32:19","guid":{"rendered":"https:\/\/marketingplatform.com\/recursos\/"},"modified":"2020-08-18T09:03:39","modified_gmt":"2020-08-18T07:03:39","slug":"recursos","status":"publish","type":"page","link":"https:\/\/marketingplatform.com\/pe\/recursos\/","title":{"rendered":"Recursos"},"content":{"rendered":"<p>[et_pb_section fb_built=&#8221;1&#8243; _builder_version=&#8221;3.22.3&#8243;][et_pb_row _builder_version=&#8221;3.25&#8243;][et_pb_column type=&#8221;4_4&#8243; _builder_version=&#8221;3.25&#8243; custom_padding=&#8221;|||&#8221; custom_padding__hover=&#8221;|||&#8221;][et_pb_text _builder_version=&#8221;4.5.3&#8243; hover_enabled=&#8221;0&#8243;]<\/p>\n<h1>Recursos de marketing<\/h1>\n<p>Aqu\u00ed encontrar\u00e1 consejos de marketing por correo electr\u00f3nico que pueden darle inspiraci\u00f3n para su trabajo t\u00e1ctico y estrat\u00e9gico al trabajar con marketing por correo electr\u00f3nico. El material de nuestro universo de recursos de marketing se basa en el marketing por correo electr\u00f3nico y la automatizaci\u00f3n del marketing, pero escribimos sobre todo lo que puede ser relevante para sus esfuerzos de marketing, incluido el marketing en las redes sociales, la optimizaci\u00f3n de motores de b\u00fasqueda y mucho m\u00e1s. Tambi\u00e9n ser\u00e1 posible leer publicaciones de invitados de otras empresas relevantes. Al utilizar nuestra nube de etiquetas a continuaci\u00f3n, puede acceder directamente a los temas que le interesan.  [\/et_pb_text][et_pb_code module_class=&#8221;tagcloud&#8221; _builder_version=&#8221;4.0.2&#8243;][tagcloud number=\u201d50\u2033 smallest=&#8221;14&#8243; largest=&#8221;14&#8243; separator=&#8221; &#8220;][\/et_pb_code][\/et_pb_column][\/et_pb_row][et_pb_row _builder_version=&#8221;3.25&#8243; background_size=&#8221;initial&#8221; background_position=&#8221;top_left&#8221; background_repeat=&#8221;repeat&#8221;][et_pb_column type=&#8221;4_4&#8243; _builder_version=&#8221;3.25&#8243; custom_padding=&#8221;|||&#8221; custom_padding__hover=&#8221;|||&#8221;][et_pb_blog fullwidth=&#8221;off&#8221; posts_number=&#8221;30&#8243; include_categories=&#8221;6843&#8243; show_author=&#8221;off&#8221; show_date=&#8221;off&#8221; show_categories=&#8221;off&#8221; module_class=&#8221;custom_blog&#8221; _builder_version=&#8221;3.6&#8243;][\/et_pb_blog][\/et_pb_column][\/et_pb_row][\/et_pb_section]<\/p>\n","protected":false},"excerpt":{"rendered":"<p>Recursos de marketing Aqu\u00ed encontrar\u00e1 consejos de marketing por correo electr\u00f3nico que pueden darle inspiraci\u00f3n para su trabajo t\u00e1ctico y estrat\u00e9gico al trabajar con marketing por correo electr\u00f3nico. El material de nuestro universo de recursos de marketing se basa en el marketing por correo electr\u00f3nico y la automatizaci\u00f3n del marketing, pero escribimos sobre todo lo [&hellip;]<\/p>\n","protected":false},"author":50,"featured_media":0,"parent":0,"menu_order":0,"comment_status":"closed","ping_status":"closed","template":"","meta":{"_et_pb_use_builder":"on","_et_pb_old_content":"","_et_gb_content_width":"","footnotes":""},"categories":[],"tags":[],"yst_prominent_words":[],"_links":{"self":[{"href":"https:\/\/marketingplatform.com\/pe\/wp-json\/wp\/v2\/pages\/61370"}],"collection":[{"href":"https:\/\/marketingplatform.com\/pe\/wp-json\/wp\/v2\/pages"}],"about":[{"href":"https:\/\/marketingplatform.com\/pe\/wp-json\/wp\/v2\/types\/page"}],"author":[{"embeddable":true,"href":"https:\/\/marketingplatform.com\/pe\/wp-json\/wp\/v2\/users\/50"}],"replies":[{"embeddable":true,"href":"https:\/\/marketingplatform.com\/pe\/wp-json\/wp\/v2\/comments?post=61370"}],"version-history":[{"count":4,"href":"https:\/\/marketingplatform.com\/pe\/wp-json\/wp\/v2\/pages\/61370\/revisions"}],"predecessor-version":[{"id":61928,"href":"https:\/\/marketingplatform.com\/pe\/wp-json\/wp\/v2\/pages\/61370\/revisions\/61928"}],"wp:attachment":[{"href":"https:\/\/marketingplatform.com\/pe\/wp-json\/wp\/v2\/media?parent=61370"}],"wp:term":[{"taxonomy":"category","embeddable":true,"href":"https:\/\/marketingplatform.com\/pe\/wp-json\/wp\/v2\/categories?post=61370"},{"taxonomy":"post_tag","embeddable":true,"href":"https:\/\/marketingplatform.com\/pe\/wp-json\/wp\/v2\/tags?post=61370"},{"taxonomy":"yst_prominent_words","embeddable":true,"href":"https:\/\/marketingplatform.com\/pe\/wp-json\/wp\/v2\/yst_prominent_words?post=61370"}],"curies":[{"name":"wp","href":"https:\/\/api.w.org\/{rel}","templated":true}]}}