{"id":51411,"date":"2020-02-17T09:25:10","date_gmt":"2020-02-17T08:25:10","guid":{"rendered":"https:\/\/marketingplatform.com\/emailplatform-api\/"},"modified":"2021-05-18T10:17:06","modified_gmt":"2021-05-18T08:17:06","slug":"marketingplatform-api","status":"publish","type":"page","link":"https:\/\/marketingplatform.com\/pe\/marketingplatform-api\/","title":{"rendered":"MarketingPlatform API"},"content":{"rendered":"<p>[et_pb_section fb_built=&#8221;1&#8243; admin_label=&#8221;section&#8221; _builder_version=&#8221;3.22&#8243; transparent_background=&#8221;off&#8221;][et_pb_row column_structure=&#8221;1_2,1_2&#8243; admin_label=&#8221;row&#8221; _builder_version=&#8221;4.4.0&#8243; background_size=&#8221;initial&#8221; background_position=&#8221;top_left&#8221; background_repeat=&#8221;repeat&#8221;][et_pb_column type=&#8221;1_2&#8243; _builder_version=&#8221;3.25&#8243; custom_padding=&#8221;|||&#8221; custom_padding__hover=&#8221;|||&#8221;][et_pb_text admin_label=&#8221;Text&#8221; _builder_version=&#8221;4.9.3&#8243; background_size=&#8221;initial&#8221; background_position=&#8221;top_left&#8221; background_repeat=&#8221;repeat&#8221; hover_enabled=&#8221;0&#8243; use_border_color=&#8221;off&#8221; border_color=&#8221;#ffffff&#8221; border_style=&#8221;solid&#8221; sticky_enabled=&#8221;0&#8243;]<\/p>\n<h1>API MarketingPlatform<\/h1>\n<p>La API de MarketingPlatform te permite integrar tus otros sistemas de IT con MarketingPlatform. Adem\u00e1s de la posibilidad de realizar tus propias integraciones con nuestra API, tenemos una gran cantidad de integraciones listas para usar con las principales soluciones de CMS, tienda online, ERP y CRM.<\/p>\n<p>Nuestra gu\u00eda interactiva online ayuda a los desarrolladores a comprender las capacidades de la API. La gu\u00eda es una estructura de \u00e1rbol que est\u00e1 ordenada por los diferentes tipos de llamadas.<\/p>\n<p>&#8211; <a href=\"https:\/\/marketingplatform.com\/api\/php\/\">Documentaci\u00f3n API para PHP<\/a><br \/>&#8211;\u00a0<a href=\"https:\/\/marketingplatform.com\/api\/csharp\/\">Documentaci\u00f3n API para C#<\/a><\/p>\n<p>\u2013 <a href=\"https:\/\/api.mailmailmail.net\/v2.0\/\">API v2 Documentaci\u00f3n (Beta) \u2013 Inherit functions<\/a><\/p>\n<p>[\/et_pb_text][\/et_pb_column][et_pb_column type=&#8221;1_2&#8243; _builder_version=&#8221;3.25&#8243; custom_padding=&#8221;|||&#8221; custom_padding__hover=&#8221;|||&#8221;][et_pb_image src=&#8221;https:\/\/marketingplatform.com\/wp-content\/uploads\/2019\/07\/api-scene.png&#8221; _builder_version=&#8221;4.4.0&#8243; max_width=&#8221;65%&#8221; module_alignment=&#8221;center&#8221;][\/et_pb_image][\/et_pb_column][\/et_pb_row][et_pb_row admin_label=&#8221;row&#8221; _builder_version=&#8221;3.25&#8243; background_size=&#8221;initial&#8221; background_position=&#8221;top_left&#8221; background_repeat=&#8221;repeat&#8221;][et_pb_column type=&#8221;4_4&#8243; _builder_version=&#8221;3.25&#8243; custom_padding=&#8221;|||&#8221; custom_padding__hover=&#8221;|||&#8221;][et_pb_text admin_label=&#8221;Text&#8221; _builder_version=&#8221;4.4.0&#8243; background_size=&#8221;initial&#8221; background_position=&#8221;top_left&#8221; background_repeat=&#8221;repeat&#8221; use_border_color=&#8221;off&#8221; border_color=&#8221;#ffffff&#8221; border_style=&#8221;solid&#8221;]<\/p>\n<p>Con la API, es posible insertar y actualizar destinatarios, recuperar estad\u00edsticas de campa\u00f1as de difusi\u00f3n, crear nuevas listas de contactos y mantener las existentes, colocar el contenido en mailings (tanto estad\u00edsticos como din\u00e1micos), copiar y enviar campa\u00f1as, y mucho m\u00e1s.<\/p>\n<p>\u00a0Aqu\u00ed encontrar\u00e1s la documentaci\u00f3n de nuestro <a href=\"https:\/\/github.com\/emailplatform?tab=repositories\">Software Development Kit (SDK)<\/a>.<\/p>\n<p>[\/et_pb_text][\/et_pb_column][\/et_pb_row][et_pb_row admin_label=&#8221;row&#8221; _builder_version=&#8221;4.4.0&#8243; background_color=&#8221;#dee7f1&#8243; background_size=&#8221;initial&#8221; background_position=&#8221;top_left&#8221; background_repeat=&#8221;repeat&#8221; custom_padding=&#8221;|22px||22px|false|false&#8221;][et_pb_column type=&#8221;4_4&#8243; _builder_version=&#8221;3.25&#8243; custom_padding=&#8221;|||&#8221; custom_padding__hover=&#8221;|||&#8221;][et_pb_text admin_label=&#8221;Text&#8221; _builder_version=&#8221;4.4.0&#8243; background_size=&#8221;initial&#8221; background_position=&#8221;top_left&#8221; background_repeat=&#8221;repeat&#8221; text_orientation=&#8221;center&#8221; use_border_color=&#8221;off&#8221; border_color=&#8221;#ffffff&#8221; border_style=&#8221;solid&#8221;]<\/p>\n<p><cite>Desarrollamos continuamente nuevas funciones en nuestra API, muchas de ellas basadas en las sugerencias de los clientes. Estaremos encantados de que nos contacte para proponer nuevas ideas.<\/cite><\/p>\n<p><b>El equipo de desarrolladores, <span class=\"op-testimonial-company\">en MarketingPlatform.<\/span><\/b><\/p>\n<p>[\/et_pb_text][\/et_pb_column][\/et_pb_row][et_pb_row admin_label=&#8221;row&#8221; _builder_version=&#8221;3.25&#8243; background_size=&#8221;initial&#8221; background_position=&#8221;top_left&#8221; background_repeat=&#8221;repeat&#8221;][et_pb_column type=&#8221;4_4&#8243; _builder_version=&#8221;3.25&#8243; custom_padding=&#8221;|||&#8221; custom_padding__hover=&#8221;|||&#8221;][et_pb_text admin_label=&#8221;Text&#8221; _builder_version=&#8221;4.4.0&#8243; background_size=&#8221;initial&#8221; background_position=&#8221;top_left&#8221; background_repeat=&#8221;repeat&#8221; use_border_color=&#8221;off&#8221; border_color=&#8221;#ffffff&#8221; border_style=&#8221;solid&#8221;]<\/p>\n<h3>\u00bfQuieres desarrollar una integraci\u00f3n con MarketingPlatform?<\/h3>\n<p>Apreciamos a todos los que quieran integrar su soluci\u00f3n con MarketingPlatform. Una integraci\u00f3n proporciona nuevas oportunidades para tus clientes y hace que tu producto sea m\u00e1s atractivo para futuros clientes.<\/p>\n<p>El equipo de MarketingPlatform estar\u00e1 encantado de ayudarte con la integraci\u00f3n en colaboraci\u00f3n con nuestro desarrollador de API.<\/p>\n<p>Ponte en contacto con nosotros v\u00eda mail a <a href=\"mailto:soporte@marketingplatform.com\">soporte@marketingplatform.com<\/a> si tu empresa desea realizar una integraci\u00f3n est\u00e1ndar.<\/p>\n<p>[\/et_pb_text][\/et_pb_column][\/et_pb_row][\/et_pb_section]<\/p>\n","protected":false},"excerpt":{"rendered":"<p>API MarketingPlatform La API de MarketingPlatform te permite integrar tus otros sistemas de IT con MarketingPlatform. Adem\u00e1s de la posibilidad de realizar tus propias integraciones con nuestra API, tenemos una gran cantidad de integraciones listas para usar con las principales soluciones de CMS, tienda online, ERP y CRM. Nuestra gu\u00eda interactiva online ayuda a los [&hellip;]<\/p>\n","protected":false},"author":50,"featured_media":0,"parent":0,"menu_order":0,"comment_status":"closed","ping_status":"closed","template":"","meta":{"_et_pb_use_builder":"on","_et_pb_old_content":"<img class=\"scale-with-grid alignleft\" title=\"\" src=\"https:\/\/marketingplatform.com\/wp-content\/uploads\/2017\/04\/xmlapi-webservice-mailplatform.jpg\" alt=\"xmlapi-webservice-mailplatform\" width=\"253\" height=\"243\" \/>API'et til MailPlatform g\u00f8r det muligt at integrere dine \u00f8vrige IT-systemer med MailPlatform. Foruden muligheden for at lave egne integrationer med vores XML API, har vi en lang r\u00e6kke f\u00e6rdige integrationer med f\u00f8rende CMS, Webshop, CRM og POS l\u00f8sninger.\r\n\r\nVores interaktive online guide, hj\u00e6lper udviklerne med at forst\u00e5 mulighederne med API'et. Guiden er en tr\u00e6-struktur, der er sorteret efter de forskellige typer af kald. <a href=\"https:\/\/mailmailmail.net\/xmlguide\/\" target=\"_blank\">Link til API guide for MailPlatform<\/a> (\u00e5bner i et nyt vindue).\r\n\r\nMed API'et er det muligt at inds\u00e6tte og opdatere modtagere, hente statistik for udsendte kampagner, oprette nye kontaktlister og vedligeholde eksisterende, placere indhold i nyhedsbreve (b\u00e5de statistisk og dynamisk), kopiere og sende kampagner og meget mere.\r\n<blockquote id=\"testimonial-799362f1d14a7d94f2034429400c4a3a\" class=\"testimonial testimonial-style-1\">Vi udvikler l\u00f8bende tilg\u00e6ngelige funktioner i vores API - mange p\u00e5 basis af forslag fra kunder. Vi gl\u00e6der os til at h\u00f8re fra dig.\r\n\r\n<cite>Udviklerteamet, <span class=\"op-testimonial-company\">hos MailPlatform<\/span>\r\n<\/cite><\/blockquote>\r\n<h2 class=\"headline-style-2\" style=\"font-size: 25px; font-family: 'Source Sans Pro', sans-serif; font-weight: bold; text-align: left; margin-bottom: 20px;\">Vil I udvikle en integration til MailPlatform?<\/h2>\r\n<img class=\"scale-with-grid alignright\" title=\"\" src=\"https:\/\/marketingplatform.com\/wp-content\/uploads\/2017\/04\/partnerskab-mailplatform-integrationer.jpg\" alt=\"\" width=\"300\" height=\"187\" \/>\r\n\r\nVi p\u00e5sk\u00f8nner alle der \u00f8nsker at integrere deres l\u00f8sning med MailPlatform. En integration giver nye muligheder for dine kunder, og g\u00f8r dit produkt mere attraktivt overfor kommende kunder.\r\n\r\nMailPlatform hj\u00e6lper meget gerne med integrationen, i form af en hotline til vores API udvikler. Derudover vil vi naturligvis ogs\u00e5 promovere integrationen, hvis den har relevans for andre, p\u00e5 vore forskellige hjemmesider.\r\n\r\nKontakt os meget gerne p\u00e5 support@mailplatform.dk, hvis din virksomhed \u00f8nsker at lave en standardintegration til gl\u00e6de for de mange.\r\n<h2>Pr\u00f8v MailPlatform gratis -\u00a0og f\u00e5 succes med dine nyhedsbreve<\/h2>\r\n<h3>Du tilmelder dig p\u00e5 10\u00a0sekunder - uden brug af kreditkort - skriv trygt din email i feltet herunder<\/h3>\r\nBlandt kunderne, der anvender MailPlatform til at forbedre deres kommunikation, er Applus, Bauhaus, Billetlugen, CBS, \u00a0EGMONT, Gallup, Jensens B\u00f8fhus, Kop & Kande, LEGO, Leo Pharma, Lions, Merck, Mr., Sampension, UNICEF og \u00c6ldresagen.\r\n\r\n[widget id=\"text-183\"]","_et_gb_content_width":"","footnotes":""},"categories":[],"tags":[],"yst_prominent_words":[10994,10993,15057,7742,15002,10991,10988,10992,10987,4907,6492,6561,10990,11145,6516,13988,10995,6507,6557,10989],"_links":{"self":[{"href":"https:\/\/marketingplatform.com\/pe\/wp-json\/wp\/v2\/pages\/51411"}],"collection":[{"href":"https:\/\/marketingplatform.com\/pe\/wp-json\/wp\/v2\/pages"}],"about":[{"href":"https:\/\/marketingplatform.com\/pe\/wp-json\/wp\/v2\/types\/page"}],"author":[{"embeddable":true,"href":"https:\/\/marketingplatform.com\/pe\/wp-json\/wp\/v2\/users\/50"}],"replies":[{"embeddable":true,"href":"https:\/\/marketingplatform.com\/pe\/wp-json\/wp\/v2\/comments?post=51411"}],"version-history":[{"count":7,"href":"https:\/\/marketingplatform.com\/pe\/wp-json\/wp\/v2\/pages\/51411\/revisions"}],"predecessor-version":[{"id":68505,"href":"https:\/\/marketingplatform.com\/pe\/wp-json\/wp\/v2\/pages\/51411\/revisions\/68505"}],"wp:attachment":[{"href":"https:\/\/marketingplatform.com\/pe\/wp-json\/wp\/v2\/media?parent=51411"}],"wp:term":[{"taxonomy":"category","embeddable":true,"href":"https:\/\/marketingplatform.com\/pe\/wp-json\/wp\/v2\/categories?post=51411"},{"taxonomy":"post_tag","embeddable":true,"href":"https:\/\/marketingplatform.com\/pe\/wp-json\/wp\/v2\/tags?post=51411"},{"taxonomy":"yst_prominent_words","embeddable":true,"href":"https:\/\/marketingplatform.com\/pe\/wp-json\/wp\/v2\/yst_prominent_words?post=51411"}],"curies":[{"name":"wp","href":"https:\/\/api.w.org\/{rel}","templated":true}]}}