{"id":51401,"date":"2020-02-14T15:21:56","date_gmt":"2020-02-14T14:21:56","guid":{"rendered":"https:\/\/marketingplatform.com\/how-emailplatform-complies-with-gdpr\/"},"modified":"2020-02-21T13:38:24","modified_gmt":"2020-02-21T12:38:24","slug":"como-cumplir-con-el-gdpr-en-email-marketing","status":"publish","type":"page","link":"https:\/\/marketingplatform.com\/pe\/como-cumplir-con-el-gdpr-en-email-marketing\/","title":{"rendered":"\u00bfC\u00f3mo cumplir con el GDPR en email marketing?"},"content":{"rendered":"<p>[et_pb_section fb_built=&#8221;1&#8243; _builder_version=&#8221;3.22.3&#8243;][et_pb_row _builder_version=&#8221;3.25&#8243; background_size=&#8221;initial&#8221; background_position=&#8221;top_left&#8221; background_repeat=&#8221;repeat&#8221;][et_pb_column type=&#8221;4_4&#8243; _builder_version=&#8221;3.25&#8243; custom_padding=&#8221;|||&#8221; custom_padding__hover=&#8221;|||&#8221;][et_pb_text _builder_version=&#8221;4.0.2&#8243; hover_enabled=&#8221;0&#8243;]<\/p>\n<h1>\u00bfC\u00f3mo cumplir con el GDPR en email marketing?<\/h1>\n<p>En primer lugar, tenemos todos los datos en servidores ubicados en Dinamarca dentro de la Uni\u00f3n Europea. Por lo tanto, su negocio est\u00e1 muy seguro cuando elige MarketingPlatform como proveedor de su plataforma de Marketing Automation.<\/p>\n<p>MarketingPlatform cumple con creces la GDPR de la UE y la Ley de datos personales. Nadie m\u00e1s tiene acceso a los datos que usted importa, recopila y almacena en MarketingPlatform. Y sus datos se almacenan en el centro de datos m\u00e1s seguro y certificado de Dinamarca.<\/p>\n<p>La legislaci\u00f3n GDPR establece que es importante evitar el almacenamiento de datos fuera de la UE, a menos que sea necesario. En MarketingPlatform, ayudamos a su empresa a cumplir con las leyes.\u00a0Todos los datos se almacenan y procesan en nuestros servidores dedicados seguros, ubicados f\u00edsicamente en Ballerup en Interxion. El centro de datos en Ballerup es un centro de datos TIER III +. El nivel de seguridad m\u00e1s alto alcanzable en Dinamarca.<\/p>\n<p><a href=\"https:\/\/marketingplatform.com\/wp-content\/uploads\/2018\/05\/gdpr-billede1.png\"><img decoding=\"async\" loading=\"lazy\" class=\"size-large wp-image-12391 aligncenter\" src=\"https:\/\/marketingplatform.com\/wp-content\/uploads\/2018\/05\/gdpr-billede1-1024x484.png\" alt=\"\" width=\"1024\" height=\"484\" srcset=\"https:\/\/marketingplatform.com\/wp-content\/uploads\/2018\/05\/gdpr-billede1-1024x484.png 1024w, https:\/\/marketingplatform.com\/wp-content\/uploads\/2018\/05\/gdpr-billede1-300x142.png 300w, https:\/\/marketingplatform.com\/wp-content\/uploads\/2018\/05\/gdpr-billede1-768x363.png 768w, https:\/\/marketingplatform.com\/wp-content\/uploads\/2018\/05\/gdpr-billede1-1080x510.png 1080w, https:\/\/marketingplatform.com\/wp-content\/uploads\/2018\/05\/gdpr-billede1.png 1198w\" sizes=\"(max-width: 1024px) 100vw, 1024px\" \/><\/a><\/p>\n<p>Los servidores est\u00e1n ubicados detr\u00e1s de firewalls de alto rendimiento, se actualizan regularmente con las \u00faltimas versiones de los sistemas operativos y se escanean diariamente en busca de vulnerabilidades. Nuestra subdatabase es Sentia, que administra actualizaciones y actualizaciones a nivel de servidor.<\/p>\n<p><strong>Env\u00edo y entrega de correos electr\u00f3nicos a los destinatarios<br \/>\n<\/strong><\/p>\n<p>Gestionamos la entrega real de sus correos electr\u00f3nicos al servidor o servicio del destinatario (por ejemplo, Gmail, TDC o Hotmail \/ Outlook.com). Algo que la gran mayor\u00eda de nuestros competidores ha subcontratado a empresas extranjeras.<\/p>\n<div id=\"attachment_12392\" class=\"wp-caption alignnone\" style=\"width: 1034px;\">\n<p><a href=\"https:\/\/marketingplatform.com\/wp-content\/uploads\/2018\/05\/gdpr-billede2.png\"><img decoding=\"async\" loading=\"lazy\" class=\"size-large wp-image-12392\" src=\"https:\/\/marketingplatform.com\/wp-content\/uploads\/2018\/05\/gdpr-billede2-1024x574.png\" sizes=\"(max-width: 1024px) 100vw, 1024px\" srcset=\"https:\/\/marketingplatform.com\/wp-content\/uploads\/2018\/05\/gdpr-billede2-1024x574.png 1024w, https:\/\/marketingplatform.com\/wp-content\/uploads\/2018\/05\/gdpr-billede2-300x168.png 300w, https:\/\/marketingplatform.com\/wp-content\/uploads\/2018\/05\/gdpr-billede2-768x431.png 768w, https:\/\/marketingplatform.com\/wp-content\/uploads\/2018\/05\/gdpr-billede2-1080x605.png 1080w, https:\/\/marketingplatform.com\/wp-content\/uploads\/2018\/05\/gdpr-billede2.png 1188w\" alt=\"\" width=\"1024\" height=\"574\" \/><\/a><\/p>\n<p class=\"wp-caption-text\">Sk\u00e6rmbillede fra afsendelsesmotoren i MarketingPlatform (MTA), et lille kig bag om den teknologi, der sikrer den optimale leveringsevne for udsendte kampagner.<\/p>\n<\/div>\n<p>Esto significa que la informaci\u00f3n y las estad\u00edsticas de entrega confidenciales en el MTA mismo (el servidor SMTP especial para correos electr\u00f3nicos salientes) est\u00e1n bajo nuestro exclusivo control y guardados en nuestros propios servidores.<\/p>\n<p><strong>El GDPR funciona en MarketingPlatform<\/strong><\/p>\n<p>Como su procesador de datos, nuestra tarea m\u00e1s importante es garantizar que su negocio de una manera libre de preocupaciones pueda cumplir con su responsabilidad como controlador de datos. Por lo tanto, hemos desarrollado una gama de caracter\u00edsticas especiales que van m\u00e1s all\u00e1 de la ley de Protecci\u00f3n de Datos y la directiva GDPR de la UE.<\/p>\n<p>El dilema es el requisito documental frente al derecho a ser olvidado y eliminado, que no debe confundirse con la posibilidad de darse de baja de un newsletter o bolet\u00edn informativo. Adem\u00e1s, todas las personas tambi\u00e9n tienen derecho a recibir lo que se ha recopilado y registrado de informaci\u00f3n.<\/p>\n<div id=\"attachment_12395\" class=\"wp-caption aligncenter\" style=\"width: 816px;\">\n<p><a href=\"https:\/\/marketingplatform.com\/wp-content\/uploads\/2018\/05\/gdpr_exppp.png\"><img decoding=\"async\" loading=\"lazy\" class=\"wp-image-12395 size-full\" src=\"https:\/\/marketingplatform.com\/wp-content\/uploads\/2018\/05\/gdpr_exppp.png\" sizes=\"(max-width: 806px) 100vw, 806px\" srcset=\"https:\/\/marketingplatform.com\/wp-content\/uploads\/2018\/05\/gdpr_exppp.png 806w, https:\/\/marketingplatform.com\/wp-content\/uploads\/2018\/05\/gdpr_exppp-300x241.png 300w, https:\/\/marketingplatform.com\/wp-content\/uploads\/2018\/05\/gdpr_exppp-768x617.png 768w\" alt=\"\" width=\"806\" height=\"648\" \/><\/a><\/p>\n<p class=\"wp-caption-text\"><em>Det er nemt at downloade en kontaktpersons registrerede data. V\u00e6lg Export info i \u00f8verste h\u00f8jre hj\u00f8rne og bestil eksporten i JSON eller Excel format.<\/em><\/p>\n<\/div>\n<p>Una tarjeta de contacto en MarketingPlatform contiene una serie de informaci\u00f3n relacionada con las personas registradas recibidas del propio contacto o de las integraciones con otros sistemas o del comportamiento del destinatario. Un comportamiento puede ser la apertura de un bolet\u00edn, un clic, la actualizaci\u00f3n de informaci\u00f3n u otros procesos subyacentes, como la ubicaci\u00f3n geogr\u00e1fica y mucho m\u00e1s.<\/p>\n<div id=\"attachment_12387\" class=\"wp-caption alignnone\" style=\"width: 1034px;\">\n<p><a href=\"https:\/\/marketingplatform.com\/wp-content\/uploads\/2018\/05\/GDPR_viewNormalContact_1.png\"><img decoding=\"async\" loading=\"lazy\" class=\"size-large wp-image-12387\" src=\"https:\/\/marketingplatform.com\/wp-content\/uploads\/2018\/05\/GDPR_viewNormalContact_1-1024x985.png\" sizes=\"(max-width: 1024px) 100vw, 1024px\" srcset=\"https:\/\/marketingplatform.com\/wp-content\/uploads\/2018\/05\/GDPR_viewNormalContact_1-1024x985.png 1024w, https:\/\/marketingplatform.com\/wp-content\/uploads\/2018\/05\/GDPR_viewNormalContact_1-300x289.png 300w, https:\/\/marketingplatform.com\/wp-content\/uploads\/2018\/05\/GDPR_viewNormalContact_1-768x739.png 768w, https:\/\/marketingplatform.com\/wp-content\/uploads\/2018\/05\/GDPR_viewNormalContact_1-1080x1039.png 1080w, https:\/\/marketingplatform.com\/wp-content\/uploads\/2018\/05\/GDPR_viewNormalContact_1.png 1143w\" alt=\"\" width=\"1024\" height=\"985\" \/><\/a><\/p>\n<p class=\"wp-caption-text\"><em>La tarjeta de contacto de MarketingPlatform contiene los campos obligatorios como el correo electr\u00f3nico y el n\u00famero de tel\u00e9fono m\u00f3vil se encuentran en la esquina superior izquierda. Los campos propios que puede agregar al cliente en la parte superior derecha y el comportamiento recopilado en la parte inferior. Preste especial atenci\u00f3n a nuestro MailRating, que mide el &#8220;compromiso&#8221; del contacto: este es el contacto VIP.<\/em><\/p>\n<\/div>\n<p>Si alguien quiere ser eliminado de acuerdo con GDPR, simplemente seleccione Eliminar. Eliminar borra todos los campos innecesarios en la tarjeta de contacto, elimina el contacto de todas las listas, exportaciones y otros conjuntos de datos. Sin embargo, siempre ser\u00e1 posible buscar nuevamente la tarjeta de contacto si conoce la direcci\u00f3n de correo electr\u00f3nico completa. De esta forma, MarketingPlatform facilita el cumplimiento del requisito de documentaci\u00f3n.<\/p>\n<div id=\"attachment_12397\" class=\"wp-caption aligncenter\" style=\"width: 882px;\">\n<p><a href=\"https:\/\/marketingplatform.com\/wp-content\/uploads\/2018\/05\/GDPR_deletedContactFoundWithSearch_1.png\"><img decoding=\"async\" loading=\"lazy\" class=\"size-full wp-image-12397\" src=\"https:\/\/marketingplatform.com\/wp-content\/uploads\/2018\/05\/GDPR_deletedContactFoundWithSearch_1.png\" sizes=\"(max-width: 872px) 100vw, 872px\" srcset=\"https:\/\/marketingplatform.com\/wp-content\/uploads\/2018\/05\/GDPR_deletedContactFoundWithSearch_1.png 872w, https:\/\/marketingplatform.com\/wp-content\/uploads\/2018\/05\/GDPR_deletedContactFoundWithSearch_1-300x154.png 300w, https:\/\/marketingplatform.com\/wp-content\/uploads\/2018\/05\/GDPR_deletedContactFoundWithSearch_1-768x395.png 768w\" alt=\"\" width=\"872\" height=\"449\" \/><\/a><\/p>\n<p class=\"wp-caption-text\"><em>Samme kontakt som \u00f8verst, her udsat for en GDPR sletning. Email Permission s\u00e6ttes til Deleted, og de eneste informationer der opbevares er permission feltet, hvorn\u00e5r personen har tilmeldt og bekr\u00e6ftet tilmeldingen, samt fra hvilken IP-adresse handlingerne er foretaget.<\/em><\/p>\n<\/div>\n<p>Imagine la situaci\u00f3n en la que una persona ha querido ser eliminada. Como controlador de datos, aseg\u00farese de que suceda y elimine cualquier comunicaci\u00f3n con la persona. Al d\u00eda siguiente, la persona elige acusar a su empresa de SPAM. Al realizar una b\u00fasqueda en la direcci\u00f3n de correo electr\u00f3nico de la persona en MarketingPlatform, aparecer\u00e1 el perfil eliminado anteriormente y su empresa podr\u00e1 cumplir con los requisitos de documentaci\u00f3n.<\/p>\n<p>La Inspecci\u00f3n de Datos ha aprobado el proceso de mantener un m\u00ednimo absoluto de informaci\u00f3n para cumplir con el requisito de documentaci\u00f3n.<\/p>\n<div id=\"attachment_12398\" class=\"wp-caption aligncenter\" style=\"width: 872px;\">\n<p><a href=\"https:\/\/marketingplatform.com\/wp-content\/uploads\/2018\/05\/GDPR_resubscribeDeletedContact_1.png\"><img decoding=\"async\" loading=\"lazy\" class=\"size-full wp-image-12398\" src=\"https:\/\/marketingplatform.com\/wp-content\/uploads\/2018\/05\/GDPR_resubscribeDeletedContact_1.png\" sizes=\"(max-width: 862px) 100vw, 862px\" srcset=\"https:\/\/marketingplatform.com\/wp-content\/uploads\/2018\/05\/GDPR_resubscribeDeletedContact_1.png 862w, https:\/\/marketingplatform.com\/wp-content\/uploads\/2018\/05\/GDPR_resubscribeDeletedContact_1-300x155.png 300w, https:\/\/marketingplatform.com\/wp-content\/uploads\/2018\/05\/GDPR_resubscribeDeletedContact_1-768x397.png 768w\" alt=\"\" width=\"862\" height=\"446\" \/><\/a><\/p>\n<p class=\"wp-caption-text\"><em>Funktion til gentilmelding af en GDPR slettet kontakt.<\/em><\/p>\n<\/div>\n<p>Si una persona eliminada desea volver a registrarse, seleccione Volver a suscribir en la parte superior izquierda de la tarjeta de contacto. Una ventana emergente dice que requiere una suscripci\u00f3n confirmada. Lo hemos hecho para protegerlo a usted y a su empresa de la reinscripci\u00f3n no intencional.<\/p>\n<p>Tras la reinscripci\u00f3n, la persona recibir\u00e1 un correo electr\u00f3nico de confirmaci\u00f3n (SMS si el permiso est\u00e1 en SMS), donde el destinatario debe hacer clic activamente en un enlace de confirmaci\u00f3n. Tal como lo conoce de cualquier otra suscripci\u00f3n confirmada.<\/p>\n<p>Despu\u00e9s de que el destinatario haya confirmado el registro, se generar\u00e1 una nueva tarjeta de contacto con un nuevo ID de abonado \u00fanico.<\/p>\n<div id=\"attachment_12399\" class=\"wp-caption aligncenter\" style=\"width: 1034px;\">\n<p><a href=\"https:\/\/marketingplatform.com\/wp-content\/uploads\/2018\/05\/gdpr22resubbed.png\"><img decoding=\"async\" loading=\"lazy\" class=\"size-large wp-image-12399\" src=\"https:\/\/marketingplatform.com\/wp-content\/uploads\/2018\/05\/gdpr22resubbed-1024x791.png\" sizes=\"(max-width: 1024px) 100vw, 1024px\" srcset=\"https:\/\/marketingplatform.com\/wp-content\/uploads\/2018\/05\/gdpr22resubbed-1024x791.png 1024w, https:\/\/marketingplatform.com\/wp-content\/uploads\/2018\/05\/gdpr22resubbed-300x232.png 300w, https:\/\/marketingplatform.com\/wp-content\/uploads\/2018\/05\/gdpr22resubbed-768x594.png 768w, https:\/\/marketingplatform.com\/wp-content\/uploads\/2018\/05\/gdpr22resubbed.png 1079w\" alt=\"\" width=\"1024\" height=\"791\" \/><\/a><\/p>\n<p class=\"wp-caption-text\"><em>Gentilmeldt kontaktkort der som eneste information har den emailadresse, som personen har \u00f8nsket at gentilmelde og udf\u00f8re en bekr\u00e6ftet tilmelding p\u00e5.<\/em><\/p>\n<\/div>\n<p>El contacto readmitido tiene un MailRating promedio muy visible y ninguna otra informaci\u00f3n. La Fuente del Suscriptor se volver\u00e1 a suscribir y, por lo tanto, ser\u00e1 f\u00e1cilmente identificable.<\/p>\n<p>En MarketingPlatform, el permiso original, es decir, el contacto eliminado por GDPR, se conservar\u00e1. Sobre todo, para documentar el permiso original, pero tambi\u00e9n para evitar dudas de que la eliminaci\u00f3n se ha completado.<\/p>\n<p><strong>El flujo desde el alta inicial hasta readmisi\u00f3n<\/strong><\/p>\n<p>Un contacto se puede registrar en MarketingPlatform de varias maneras diferentes. Ya sea a trav\u00e9s de un formulario web creado en MarketingPlatform e insertado en el sitio web o tienda web de su empresa, a trav\u00e9s de una integraci\u00f3n con CMS, tienda online, soluci\u00f3n emergente o similar, o mediante importaci\u00f3n desde Excel, CSV o como importaci\u00f3n a trav\u00e9s de DataSync que puede manejar altos vol\u00famenes de datos.<\/p>\n<p>El contacto puede confirmarse antes de insertarse en MarketingPlatform o confirmarse mediante un formulario web o un flujo de automatizaci\u00f3n en MarketingPlatform. Despu\u00e9s de que se confirme el contacto podr\u00e1 recibir campa\u00f1as de emailing.<\/p>\n<p>Si la persona decide darse de baja despu\u00e9s de recibir un newsletter, el estado cambiar\u00e1 a Unsubscribed, es decir, no suscrito. Por lo tanto, el contacto ya no recibir\u00e1 campa\u00f1as o flujos automatizados que env\u00eden campa\u00f1as.<\/p>\n<p>Existe una diferencia entre una cancelaci\u00f3n de suscripci\u00f3n completamente normal donde la persona no ha querido ser eliminada, y luego una eliminaci\u00f3n deseada y posiblemente la divulgaci\u00f3n simult\u00e1nea de la informaci\u00f3n registrada.<\/p>\n<p>La anulaci\u00f3n pone en pausa la tarjeta de contacto mientras la eliminaci\u00f3n borra toda la informaci\u00f3n innecesaria y bloquea directamente esa direcci\u00f3n de correo electr\u00f3nico para que no se registre en otras listas. Es importante distinguir entre una inscripci\u00f3n y una eliminaci\u00f3n aprobada por GDPR. Al operar su negocio con m\u00faltiples listas, por ejemplo, requeridas por m\u00faltiples marcas, una inscripci\u00f3n de una lista no necesariamente significa una inscripci\u00f3n de la otra lista, la otra marca.<\/p>\n<p>Hemos elegido este procedimiento porque una persona que se ha dado de baja puede ponerse en contacto y solicitar datos registrados en una fecha posterior. Si se realiz\u00f3 una eliminaci\u00f3n directamente en una cancelaci\u00f3n, ser\u00eda dif\u00edcil cumplir con los requisitos de la ley para obtener informaci\u00f3n sobre la informaci\u00f3n registrada.<\/p>\n<p>Despu\u00e9s de que una persona, un contacto, haya sido eliminada, es posible que desee volver a registrarse. Esto se puede hacer a trav\u00e9s de un formulario web de MarketingPlatform, donde la persona completa el formulario y recibe un correo electr\u00f3nico para confirmaci\u00f3n, o mediante la funci\u00f3n especial Resuscribirse, que tambi\u00e9n env\u00eda un mensaje a la persona y le pide que confirme el deseo de volver a registrarse.<\/p>\n<p><strong>No vemos tus datos<\/strong><\/p>\n<p>Todos los datos que importa al sistema de MarketingPlatform le pertenecen a usted y a su empresa. Somos solo su procesador de datos. Y los datos se pueden exportar desde nuestra plataforma en cualquier momento.<\/p>\n<div id=\"attachment_12400\" class=\"wp-caption aligncenter\" style=\"width: 1034px;\">\n<p><a href=\"https:\/\/marketingplatform.com\/wp-content\/uploads\/2018\/05\/GDPR_hiddenContacts_1.png\"><img decoding=\"async\" loading=\"lazy\" class=\"size-large wp-image-12400\" src=\"https:\/\/marketingplatform.com\/wp-content\/uploads\/2018\/05\/GDPR_hiddenContacts_1-1024x403.png\" sizes=\"(max-width: 1024px) 100vw, 1024px\" srcset=\"https:\/\/marketingplatform.com\/wp-content\/uploads\/2018\/05\/GDPR_hiddenContacts_1-1024x403.png 1024w, https:\/\/marketingplatform.com\/wp-content\/uploads\/2018\/05\/GDPR_hiddenContacts_1-300x118.png 300w, https:\/\/marketingplatform.com\/wp-content\/uploads\/2018\/05\/GDPR_hiddenContacts_1-768x302.png 768w, https:\/\/marketingplatform.com\/wp-content\/uploads\/2018\/05\/GDPR_hiddenContacts_1.png 1062w\" alt=\"\" width=\"1024\" height=\"403\" \/><\/a><\/p>\n<p class=\"wp-caption-text\"><em>Omkring 40% af emailadressen eller mobilnummeret, vil altid v\u00e6re erstattet med en stjerne.<\/em><\/p>\n<\/div>\n<p>Adem\u00e1s, hemos impedido que nuestros empleados identifiquen a las personas detr\u00e1s de sus contactos en MarketingPlatform. Una regla elimina el 40% de la direcci\u00f3n de correo electr\u00f3nico o n\u00famero de tel\u00e9fono m\u00f3vil y lo reemplaza con un asterisco.<\/p>\n<p><span style=\"font-size: 16px;\">Tampoco podemos exportar los datos sin su aprobaci\u00f3n previa.<\/span><\/p>\n<p><span style=\"font-size: 16px;\">De esta forma, aseguramos a las personas de la mejor manera posible los datos de su empresa. No es un requisito en la Ley de Datos Personales ni en el GDPR, sino una protecci\u00f3n adicional que hemos proporcionado en MarketingPlatform. Adem\u00e1s, por supuesto, los datos est\u00e1n encriptados en nuestras bases de datos.<\/span><\/p>\n<p><span style=\"font-size: 16px;\">Como siempre, nuestro equipo de atenci\u00f3n al cliente estar\u00e1 disponible en caso que lo necesite. Puede contactarlos en support@marketingplatform.com o por tel\u00e9fono al 645 815 336.<\/span>[\/et_pb_text][\/et_pb_column][\/et_pb_row][\/et_pb_section]<\/p>\n","protected":false},"excerpt":{"rendered":"<p>\u00bfC\u00f3mo cumplir con el GDPR en email marketing? En primer lugar, tenemos todos los datos en servidores ubicados en Dinamarca dentro de la Uni\u00f3n Europea. Por lo tanto, su negocio est\u00e1 muy seguro cuando elige MarketingPlatform como proveedor de su plataforma de Marketing Automation. MarketingPlatform cumple con creces la GDPR de la UE y la [&hellip;]<\/p>\n","protected":false},"author":50,"featured_media":0,"parent":0,"menu_order":0,"comment_status":"closed","ping_status":"closed","template":"","meta":{"_et_pb_use_builder":"on","_et_pb_old_content":"","_et_gb_content_width":"","footnotes":""},"categories":[],"tags":[],"yst_prominent_words":[8912,6539,8884,7742,8909,8906,6517,8895,8899,8907,8898,8911,8910,8897,8893,7143,8896,8894,8908,8913],"_links":{"self":[{"href":"https:\/\/marketingplatform.com\/pe\/wp-json\/wp\/v2\/pages\/51401"}],"collection":[{"href":"https:\/\/marketingplatform.com\/pe\/wp-json\/wp\/v2\/pages"}],"about":[{"href":"https:\/\/marketingplatform.com\/pe\/wp-json\/wp\/v2\/types\/page"}],"author":[{"embeddable":true,"href":"https:\/\/marketingplatform.com\/pe\/wp-json\/wp\/v2\/users\/50"}],"replies":[{"embeddable":true,"href":"https:\/\/marketingplatform.com\/pe\/wp-json\/wp\/v2\/comments?post=51401"}],"version-history":[{"count":5,"href":"https:\/\/marketingplatform.com\/pe\/wp-json\/wp\/v2\/pages\/51401\/revisions"}],"predecessor-version":[{"id":51809,"href":"https:\/\/marketingplatform.com\/pe\/wp-json\/wp\/v2\/pages\/51401\/revisions\/51809"}],"wp:attachment":[{"href":"https:\/\/marketingplatform.com\/pe\/wp-json\/wp\/v2\/media?parent=51401"}],"wp:term":[{"taxonomy":"category","embeddable":true,"href":"https:\/\/marketingplatform.com\/pe\/wp-json\/wp\/v2\/categories?post=51401"},{"taxonomy":"post_tag","embeddable":true,"href":"https:\/\/marketingplatform.com\/pe\/wp-json\/wp\/v2\/tags?post=51401"},{"taxonomy":"yst_prominent_words","embeddable":true,"href":"https:\/\/marketingplatform.com\/pe\/wp-json\/wp\/v2\/yst_prominent_words?post=51401"}],"curies":[{"name":"wp","href":"https:\/\/api.w.org\/{rel}","templated":true}]}}