{"id":35379,"date":"2019-05-30T15:26:48","date_gmt":"2019-05-30T13:26:48","guid":{"rendered":"https:\/\/marketingplatform.com\/sadan-anvendes-spf-og-dkim\/"},"modified":"2020-02-25T15:39:48","modified_gmt":"2020-02-25T14:39:48","slug":"como-configurar-spf-dkim","status":"publish","type":"page","link":"https:\/\/marketingplatform.com\/pe\/como-configurar-spf-dkim\/","title":{"rendered":"Como configurar los registros SPF y DKIM"},"content":{"rendered":"<p>[et_pb_section fb_built=&#8221;1&#8243; admin_label=&#8221;section&#8221; _builder_version=&#8221;3.22.3&#8243; transparent_background=&#8221;off&#8221;][et_pb_row admin_label=&#8221;row&#8221; _builder_version=&#8221;3.25&#8243; background_size=&#8221;initial&#8221; background_position=&#8221;top_left&#8221; background_repeat=&#8221;repeat&#8221;][et_pb_column type=&#8221;4_4&#8243; _builder_version=&#8221;3.25&#8243; custom_padding=&#8221;|||&#8221; custom_padding__hover=&#8221;|||&#8221;][et_pb_text admin_label=&#8221;Text&#8221; _builder_version=&#8221;4.0.2&#8243; background_size=&#8221;initial&#8221; background_position=&#8221;top_left&#8221; background_repeat=&#8221;repeat&#8221; hover_enabled=&#8221;0&#8243; use_border_color=&#8221;off&#8221; border_color=&#8221;#ffffff&#8221; border_style=&#8221;solid&#8221;]<\/p>\n<h1>Como configurar los registros SPF y DKIM<\/h1>\n<p>Es importante configurar bien los registros SPF y DKIM para minimizar el SPAM y asegurar que tus emailings lleguen al inbox de todos los contactos.<\/p>\n<p><strong>\u00bfQu\u00e9 significa SPF?<\/strong><\/p>\n<p>SPF es el abreviado en ingl\u00e9s de <em>Sender Policy Framework<\/em> y se configura el registro en los DNS de un dominio.<\/p>\n<ul>\n<li>Prop\u00f3sito: Verificar si un correo electr\u00f3nico es leg\u00edtimo o no deseado.<\/li>\n<li>SPF contiene informaci\u00f3n sobre nombres de host y direcciones IP.<\/li>\n<li>El servidor de mail comprueba el registro SPF del dominio antes de entregarlo.<\/li>\n<li>Es un tipo de registro TXT.<\/li>\n<\/ul>\n<p>Es importante que el registro SPF est\u00e9 bien configurado tanto en env\u00edos desde un programa tipo Outlook como en los env\u00edos desde una plataforma emailing. De lo contrario, podr\u00eda pasar que los correos electr\u00f3nicos no se entregan, terminan en la carpeta de SPAM u obtienen una etiqueta de SPAM en la bandeja de entrada.<\/p>\n<p>En un ejemplo, hemos enviado a mailmailmail.net el remitente real (SPF), mientras mailplatform.dk firma el correo en relaci\u00f3n con DKIM. La mayor\u00eda de las veces, el propio dominio del cliente ser\u00e1 &#8220;enviado por&#8221; y &#8220;firmado&#8221;, pero en casos especiales, Gmail, Yahoo y otros clientes que pueden mostrar los valores pueden elegir agregar la direcci\u00f3n del servidor de MarketingPlatform al valor superior al dominio del remitente.<\/p>\n<p><a href=\"https:\/\/marketingplatform.com\/wp-content\/uploads\/2017\/04\/eksempel-spf-mailplatform.png\"><img decoding=\"async\" loading=\"lazy\" class=\"image-border alignnone wp-image-8369 size-large\" src=\"https:\/\/marketingplatform.com\/wp-content\/uploads\/2017\/04\/eksempel-spf-mailplatform-1024x580.png\" alt=\"eksempel-spf-emailplatform\" width=\"1024\" height=\"580\" srcset=\"https:\/\/marketingplatform.com\/wp-content\/uploads\/2017\/04\/eksempel-spf-mailplatform-1024x580.png 1024w, https:\/\/marketingplatform.com\/wp-content\/uploads\/2017\/04\/eksempel-spf-mailplatform-300x170.png 300w, https:\/\/marketingplatform.com\/wp-content\/uploads\/2017\/04\/eksempel-spf-mailplatform-768x435.png 768w, https:\/\/marketingplatform.com\/wp-content\/uploads\/2017\/04\/eksempel-spf-mailplatform-1080x611.png 1080w, https:\/\/marketingplatform.com\/wp-content\/uploads\/2017\/04\/eksempel-spf-mailplatform.png 1346w\" sizes=\"(max-width: 1024px) 100vw, 1024px\" \/><\/a><\/p>\n<p>Recomendamos usar MX Tools para verificar la configuraci\u00f3n de SPF:<a href=\"https:\/\/mxtoolbox.com\/SuperTool.aspx?action=spf:mailplatform.dk&amp;run=networktools\" target=\"_blank\" rel=\"noopener noreferrer\">https:\/\/mxtoolbox.com\/SuperTool.aspx?action=spf:mailplatform.dk&amp;run=networktools<\/a><\/p>\n<p>El servicio de Dmarcian es incluso mejor que el MX Toolbox y tambi\u00e9n valida el n\u00famero de entradas:\u00a0<a href=\"https:\/\/dmarcian.com\/spf-survey\/mailplatform.dk\" target=\"_blank\" rel=\"noopener noreferrer\">https:\/\/dmarcian.com\/spf-survey\/mailplatform.dk<\/a><\/p>\n<p>Es muy importante que el n\u00famero de listados permanezca por debajo de 10. Si este no es el caso, el SPF registrar\u00e1 incluso si es v\u00e1lido, y estar\u00e1 mejor sin un registro de SPF.<\/p>\n<p><a href=\"https:\/\/marketingplatform.com\/wp-content\/uploads\/2017\/04\/mxtoolbox-eksempel-mailplatform.png\"><img decoding=\"async\" loading=\"lazy\" class=\"image-border alignnone wp-image-8371 size-large\" src=\"https:\/\/marketingplatform.com\/wp-content\/uploads\/2017\/04\/mxtoolbox-eksempel-mailplatform-1024x363.png\" alt=\"mxtoolbox-eksempel-emailplatform\" width=\"1024\" height=\"363\" srcset=\"https:\/\/marketingplatform.com\/wp-content\/uploads\/2017\/04\/mxtoolbox-eksempel-mailplatform-1024x363.png 1024w, https:\/\/marketingplatform.com\/wp-content\/uploads\/2017\/04\/mxtoolbox-eksempel-mailplatform-300x106.png 300w, https:\/\/marketingplatform.com\/wp-content\/uploads\/2017\/04\/mxtoolbox-eksempel-mailplatform-768x272.png 768w, https:\/\/marketingplatform.com\/wp-content\/uploads\/2017\/04\/mxtoolbox-eksempel-mailplatform-1080x383.png 1080w, https:\/\/marketingplatform.com\/wp-content\/uploads\/2017\/04\/mxtoolbox-eksempel-mailplatform.png 1450w\" sizes=\"(max-width: 1024px) 100vw, 1024px\" \/><\/a><\/p>\n<p>&nbsp;<\/p>\n<h4>Como configurar el registro SPF<\/h4>\n<p>De hecho, es bastante simple y tiene lugar como parte de la administraci\u00f3n del dominio. Por lo tanto, el acceso normalmente ser\u00e1 con el administrador inform\u00e1tico.<\/p>\n<p>En t\u00e9rminos pr\u00e1cticos, la adici\u00f3n de SPF se realiza definiendo primero la cadena SPF correcta.<\/p>\n<p>Una cadena donde solo MarketingPlatform env\u00eda boletines desde el dominio se ve as\u00ed: <strong>v = spf1 incluye: mailmailmail.net -todos <\/strong><\/p>\n<p>Comprensiblemente, el valor SPF anterior se lee de la siguiente manera: v significa valor que es igual a spf1. Definimos que aqu\u00ed viene un registro SPF, incluye mailmailmail.net y proh\u00edbe a cualquier otra persona enviar correos electr\u00f3nicos desde ese dominio. En el mundo real, el dominio rara vez se utiliza para otra cosa que no sean newsletters. Sin embargo, recomendamos <b>~ todo<\/b> al final de la cadena, a menos que est\u00e9 seguro de que no se utilizan otros servidores de correo para el dominio.<\/p>\n<p>&nbsp;<\/p>\n<h4>C\u00f3mo encontrar los registros SPF existentes<\/h4>\n<p>Dmarcian ha creado un excelente asistente que lee sus valores SPF existentes y prepara el trabajo para definir un registro SPF existente nuevo o correcto.<\/p>\n<p><a href=\"https:\/\/dmarcian.com\/spf-survey\/\" target=\"_blank\" rel=\"noopener noreferrer\">https:\/\/dmarcian.com\/spf-survey\/<\/a><\/p>\n<p>Estado de dominios subcontratados: mailmailmail.net<\/p>\n<p>A menudo optan por enviar correos desde los valores A y MX. En caso que la empresa usa MS Outlook se a\u00f1ade: <b>include: outlook.com include: spf.messaging.microsoft.com <\/b>(para Office 365, ser\u00eda: <b>spf.protection.outlook.com<\/b>) y con Google Apps (Gmail for Business) se usa: <b>incluir: _spf.google.com<\/b><\/p>\n<p>&nbsp;<\/p>\n<h4>Ejemplos de registros SPF<\/h4>\n<p>Si la empresa usa Google Apps y MarketingPlatform, la cadena SPF debe configurarse de la siguiente manera: <b>v = spf1 a mx incluye: _spf.google.com incluye: mailmailmail.net -all<\/b><\/p>\n<p>Si la empresa Outlook.com y MarketingPlatform, la cadena SPF debe configurarse de la siguiente manera: <b>v = spf1 a mx incluye: outlook.com incluye: spf.messaging.microsoft.com incluye: mailmailmail.net -todo<\/b><\/p>\n<p>Algunas compa\u00f1\u00edas no controlan completamente qu\u00e9 servidores de correo usan los empleados para enviar el correo electr\u00f3nico. Si hay rechazos con \u201c-\u201c <b>todo<\/b> puede ser utilizado. La explicaci\u00f3n t\u00e9cnica es que \u201c ~ \u201d significa Soft fail, mientras que el s\u00edmbolo menos significa Hard fail. Un registro SPF con Hard fail se agrega mucho m\u00e1s valor.<\/p>\n<p>P\u00f3ngase en contacto con su proveedor de dominio si no est\u00e1 seguro de c\u00f3mo modificar el SPF. En MarketingPlatform, siempre estamos dispuestos a ayudar con el registro SPF. P\u00f3ngase en contacto con nuestro atenci\u00f3n al cliente v\u00eda mail a <a href=\"mailto:soporte@marketingplatform.com\">soporte@marketingplatform.com<\/a><\/p>\n<p>Puede verificar si su registro SPF es v\u00e1lido con Dmarcian: <a href=\"https:\/\/dmarcian.com\/spf-survey\/mailplatform.dk\" target=\"_blank\" rel=\"noopener noreferrer\">https:\/\/dmarcian.com\/spf-<wbr \/>survey\/<\/a><\/p>\n<p>&nbsp;<\/p>\n<h4>Configuraci\u00f3n y valores DKIM<\/h4>\n<p><strong>\u00bfQu\u00e9 es DKIM?<\/strong><\/p>\n<p>DKIM significa <em>DomainKeys Indentified Mail<\/em><\/p>\n<ul>\n<li>DKIM es una forma de firma digital, una firma de un correo electr\u00f3nico que se env\u00eda.<\/li>\n<li>DKIM le permite asociar un nombre de dominio con un correo electr\u00f3nico enviado (es decir, un correo electr\u00f3nico enviado desde @marketingplatform.com en realidad desde MarketingPlatform)<\/li>\n<li>Es un protocolo que permite a una organizaci\u00f3n asumir la responsabilidad de enviar un mensaje de manera que pueda ser aprobado por los proveedores de correo electr\u00f3nico.<\/li>\n<li>Un registro DNS de tipo TXT.<\/li>\n<\/ul>\n<p>Un registro DKIM consta de 2 registros diferentes. El valor cifrado real y un tipo de valor de verificaci\u00f3n. DKIM consiste en el valor p\u00fablico que se agrega al dominio de su compa\u00f1\u00eda y un valor en el encabezado de todos los correos electr\u00f3nicos enviados con MarketingPlatform (si DKIM est\u00e1 configurado). El valor en el encabezado del correo es el valor privado que solo se encuentra en nuestros servidores seguros, combinado con la direcci\u00f3n de correo electr\u00f3nico del remitente y del destinatario.<\/p>\n<p>Cuando SPF le dice qui\u00e9n puede enviar correos en nombre de un dominio determinado, DKIM verifica que el remitente es a quien \u00e9l o ella pretende ser.<\/p>\n<p>La empresa Protodave ha hecho un excelente validador para los registros DKIM: <a href=\"https:\/\/protodave.com\/tools\/dkim-key-checker\/\" target=\"_blank\" rel=\"noopener noreferrer\">https:\/\/protodave.com\/tools\/dkim-key-checker\/<\/a><\/p>\n<p>Comun\u00edquese con el soporte de MarketingPlatform por mail a <a href=\"mailto:soporte@marketingplatform.com\">soporte@marketingplatform.com<\/a> para recibir los registros DKIM para su dominio.<\/p>\n<h4><\/h4>\n<p>[\/et_pb_text][\/et_pb_column][\/et_pb_row][\/et_pb_section]<\/p>\n","protected":false},"excerpt":{"rendered":"<p>Como configurar los registros SPF y DKIM Es importante configurar bien los registros SPF y DKIM para minimizar el SPAM y asegurar que tus emailings lleguen al inbox de todos los contactos. \u00bfQu\u00e9 significa SPF? SPF es el abreviado en ingl\u00e9s de Sender Policy Framework y se configura el registro en los DNS de un [&hellip;]<\/p>\n","protected":false},"author":50,"featured_media":0,"parent":0,"menu_order":0,"comment_status":"closed","ping_status":"closed","template":"","meta":{"_et_pb_use_builder":"on","_et_pb_old_content":"<h1>S\u00e5dan anvendes SPF og DKIM<\/h1>\r\n<h3><\/h3>\r\n<h3>Ved at anvende SPF og DKIM er du med til at minimere SPAM p\u00e5 verdensplan. I tilgift opn\u00e5r dine nyhedsbreve bedre leveringsevne. MailPlatform anbefaler altid SPF og for st\u00f8rre kunder ogs\u00e5 DKIM.<\/h3>\r\n\u00a0\r\n\r\nDet er vigtigt at din SPF record st\u00e5r korrekt. B\u00e5de i forhold til dine \"h\u00e5ndskrevne\" emails og nyhedsbreve. I modsat fald vil din virksomhed opleve, at mails ikke bliver leveret, havner i SPAM mappen eller f\u00e5r en SPAM label i indbakken.\r\n\r\nSe eller gense vores webinar om emnet, der fort\u00e6ller om definitioner og ops\u00e6tning i detaljer. MailPlatform support udf\u00f8rer\u00a0gerne din SPF og DKIM ops\u00e6tning. Det koster et fast lavt bel\u00f8b p\u00e5 1\/2 konsulenttime.\r\n<iframe src=\"https:\/\/player.vimeo.com\/video\/143234454\" width=\"600\" height=\"371\" frameborder=\"0\" allowfullscreen=\"allowfullscreen\"><\/iframe>\r\n\r\nMange leverand\u00f8rer af email marketing l\u00f8sninger anvender ikke tiden p\u00e5 denne ops\u00e6tning. Eller de anvender en onesize fit all model, hvor afsender renommeet bliver delt mellem alle kunderne i virksomheden. Denne l\u00f8sning skal din virksomhed v\u00e6re s\u00e6rlig p\u00e5passelig med at undg\u00e5. Den betyder at f\u00f8lsomheden overfor andre af email marketing leverand\u00f8rens kunder bliver meget h\u00f8j, men lige s\u00e5 slemt er det, at du bliver bundet t\u00e6t til leverand\u00f8ren. Vil din virksomhed skifte leverand\u00f8r, og dine mails er blevet udsendt som nyhedsbrev@dinvirksomhed.udbydersdom\u00e6ne.com, vil dit gode renomme set fra f.eks. Hotmail, Gmails og SPAM-filter leverand\u00f8rerne, h\u00e6nge ul\u00f8seligt sammen med den p\u00e5g\u00e6ldende udbyder.\r\n\r\n<a href=\"https:\/\/mailplatform.dk\/wp-content\/uploads\/2013\/06\/eksempel-spf-mailplatform.png\"><img class=\" wp-image-1230 alignnone\" src=\"https:\/\/mailplatform.dk\/wp-content\/uploads\/2013\/06\/eksempel-spf-mailplatform-1024x579.png\" alt=\"eksempel-spf-mailplatform\" width=\"614\" height=\"347\" \/><\/a>\r\n\r\nHos MailPlatform tager vi ingen genveje. Vi lader dig sende fra f.eks. nyhedsbrev@dinvirksomhedsdom\u00e6ne.com, anbefaler at I ops\u00e6tter SPF korrekt fra dinvirksomhedsdom\u00e6ne.com og evt. ogs\u00e5 DKIM.P\u00e5 den m\u00e5de optjener din virksomhed selv \"point\" for god opf\u00f8rsel, og jeres binding til MailPlatform bliver ikke kunstig. Vi vil s\u00e5 gerne, at I alene er kunder hos MailPlatform fordi vi bringer v\u00e6rdi til vores samhandel.\r\n\r\nI eksemplet herover har vi ladet mailmailmail.net v\u00e6re den faktiske afsender (SPF), mens mailplatform.dk signerer mailen i forhold til DKIM. Som oftest vil kundens eget dom\u00e6ne b\u00e5de v\u00e6re \"sendt af\" og \"signeret af\", men i s\u00e6rlige tilf\u00e6lde kan Gmail, Yahoo og andre klienter der kan vise v\u00e6rdierne, v\u00e6lge at MailPlatform's server adresse till\u00e6gges st\u00f8rre v\u00e6rdien end afsender adressens dom\u00e6ne.\r\n\r\nFor at verificere ops\u00e6tningen af SPF anbefaler vi MX Toolbox, se eksempel her: <a href=\"https:\/\/mxtoolbox.com\/SuperTool.aspx?action=spf:mailplatform.dk&run=networktools\" target=\"_blank\">https:\/\/mxtoolbox.com\/SuperTool.aspx?action=spf:mailplatform.dk&run=networktools<\/a>\r\n\r\nServicen fra Dmarcian er et muleh\u00e5r bedre end MX Toolbox, den validerer ogs\u00e5 p\u00e5 antal opslag:\u00a0<a href=\"https:\/\/dmarcian.com\/spf-survey\/mailplatform.dk\" target=\"_blank\">https:\/\/dmarcian.com\/spf-survey\/mailplatform.dk<\/a>\r\n\r\nDet er MEGET VIGTIGT at antal opslag holder sig under 10. Er dette ikke tilf\u00e6ldet vil SPF recorden, selvom den er valid, fejle og du vil v\u00e6re bedre tjent med ingen SPF record.\r\n\r\n<a href=\"https:\/\/mailplatform.dk\/wp-content\/uploads\/2013\/06\/mxtoolbox-eksempel-mailplatform.png\"><img class=\" wp-image-1232 alignnone\" src=\"https:\/\/mailplatform.dk\/wp-content\/uploads\/2013\/06\/mxtoolbox-eksempel-mailplatform-1024x362.png\" alt=\"mxtoolbox-eksempel-mailplatform\" width=\"614\" height=\"217\" \/><\/a>\r\n\r\n\u00a0\r\n\r\n<strong>Hvordan ops\u00e6tter man en SPF record<\/strong>\r\n\r\nDet er i virkeligheden ganske simpelt og foreg\u00e5r som en del af dom\u00e6neadministrationen. Derfor vil adgangen typisk v\u00e6re hos en online- eller IT ansvarlig i st\u00f8rre virksomheder. Flere virksomheder har outsourcet denne h\u00e5ndtering til udbyderen. Blandt store danske udbyderen af dom\u00e6ne navne er GratisDNS, TDC (TDC Webmore), Dandomain, ScanNet, WannaFind, SurfTown og SpeedNames.\r\n\r\nI praktiske termer foreg\u00e5r tilf\u00f8jelse af SPF ved f\u00f8rst at definere den korrekte SPF streng.\r\n\r\nEn streng hvor alene MailPlatform sender nyhedsbreve fra dom\u00e6net ser s\u00e5ledes ud: <strong>v=spf1 include:mailmailmail.net -all<\/strong><strong>\r\n<\/strong>\r\n\r\nForst\u00e5elsesm\u00e6ssigt l\u00e6ses SPF v\u00e6rdien ovenfor s\u00e5ledes: v betyder v\u00e6rdi, som er lig med spf1 - dvs. vi definerer at her kommer en SPF record, den inkluderer mailmailmail.net og forbyder alle andre at sende mails fra det p\u00e5g\u00e6ldende dom\u00e6ne. I virkelighedens verden er det sj\u00e6ldent, at dom\u00e6net ikke anvendes til andet end nyhedsbreve. Vi anbefaler dog <strong>~all <\/strong>i enden af strengen, med mindre du med garanti ved, at ingen andre mailservere anvendes for dom\u00e6net.\r\n\r\n\u00a0\r\n\r\n<strong>S\u00e5dan finder du dine eksisterende SPF data<\/strong>\r\n\r\nMicrosoft har lavet et fremragende Wizard, der l\u00e6ser dine eksisterende SPF v\u00e6rdier, og laver det forberedende arbejde til at definere en ny eller rette en eksisterende SPF record.\r\n\r\n<a href=\"https:\/\/www.microsoft.com\/mscorp\/safety\/content\/technologies\/senderid\/wizard\/default.aspx\" target=\"_blank\">https:\/\/www.microsoft.com\/mscorp\/safety\/content\/technologies\/senderid\/wizard\/default.aspx<\/a>\r\n\r\nI Outsourced Domains angives: mailmailmail.net\r\n\r\nTilv\u00e6lg som oftest at der kan sendes mails fra A og MX v\u00e6rdierne. Anvender din virksomhed hosted Outlook fra Microsoft tilf\u00f8jes: <strong>include:outlook.com include:spf.messaging.microsoft.com<\/strong>\u00a0(ved Office 365 er det: <strong>include:spf.protection.outlook.com<\/strong>)\u00a0anvendes Google Apps (Gmail for virksomheder) tilf\u00f8jes: <strong>include:_spf.google.com<\/strong>\r\n\r\n\u00a0\r\n\r\n<strong>Eksempler p\u00e5 SPF records<\/strong>\r\n\r\nAnvender din virksomhed Google Apps og MailPlatform skal SPF strengen ops\u00e6ttes s\u00e5ledes: <strong>v=spf1 a mx include:_spf.google.com include:mailmailmail.net -all<\/strong>\r\n\r\nAnvender din virksomhed Outlook.com og MailPlatform skal SPF strengen ops\u00e6ttes s\u00e5ledes: <strong>v=spf1 a mx include:<strong>outlook.com include:spf.messaging.microsoft.com<\/strong> include:mailmailmail.net -all<\/strong>\r\n\r\nEn del virksomheder har desv\u00e6rre ikke helt styr p\u00e5, hvilke mailservere ansatte anvender til at befordre mails. Opleves der afvisninger med -<strong>all <\/strong>kan\u00a0<strong>~all<\/strong> anvendes. Den tekniske forklaring er at kr\u00f8lle betyder soft fail, mens minus betyder hard fail. En SPF record med hard fail till\u00e6gges langt st\u00f8rre v\u00e6rdi.\r\n\r\nKontakt din dom\u00e6neudbyder, hvis du er i tvivl om, hvordan SPF skal \u00e6ndres. Hos MailPlatform er vi altid behj\u00e6lpelige med at definere din SPF record. Kontakt vores support p\u00e5 support@mailplatform.dk\r\n\r\nDu kan verificere om din SPF record er valid med Dmarcian:\u00a0<a href=\"https:\/\/dmarcian.com\/spf-survey\/mailplatform.dk\" target=\"_blank\">https:\/\/dmarcian.com\/spf-<wbr \/>survey\/<\/a>\r\n\r\n\u00a0\r\n<h2>DKIM ops\u00e6tning og v\u00e6rdier<\/h2>\r\nEn DKIM record best\u00e5r af 2 forskellige records. Selve den krypterede v\u00e6rdi og en slags verifikations v\u00e6rdi. DKIM best\u00e5r af den offentlige v\u00e6rdi, den der tilf\u00f8jes til din virksomheds dom\u00e6ne, og en v\u00e6rdi i headeren p\u00e5 alle udsendte mails med MailPlatform (s\u00e5fremt DKIM er opsat). V\u00e6rdien i headeren p\u00e5 mailen er private v\u00e6rdien, der kun findes p\u00e5 vores sikrede servere, kombineret med afsenderens og modtagerens email adresse.\r\n\r\nHvor SPF fort\u00e6ller hvem der m\u00e5 sende mails p\u00e5 vegne af et givent dom\u00e6ne, verificerer DKIM at afsenderen er den vedkommende giver sig ud for at v\u00e6re. S\u00e5dan lidt popul\u00e6rt forklaret.\r\n\r\nProtodave har lavet en glimrende validator til DKIM records:\u00a0<a href=\"https:\/\/protodave.com\/tools\/dkim-key-checker\/\" target=\"_blank\">https:\/\/protodave.com\/tools\/dkim-key-checker\/<\/a>\r\n\r\nKontakt MailPlatform support p\u00e5 support@mailplatform.dk for at f\u00e5 tilsendt DKIM records til dit dom\u00e6ne.\r\n<h4><\/h4>","_et_gb_content_width":"","footnotes":""},"categories":[],"tags":[],"yst_prominent_words":[12240,12238,6515,12228,12227,12235,12244,12237,12229,12232,12241,12230,12250,12236,12233,12234,12249,12239,12243,12231],"_links":{"self":[{"href":"https:\/\/marketingplatform.com\/pe\/wp-json\/wp\/v2\/pages\/35379"}],"collection":[{"href":"https:\/\/marketingplatform.com\/pe\/wp-json\/wp\/v2\/pages"}],"about":[{"href":"https:\/\/marketingplatform.com\/pe\/wp-json\/wp\/v2\/types\/page"}],"author":[{"embeddable":true,"href":"https:\/\/marketingplatform.com\/pe\/wp-json\/wp\/v2\/users\/50"}],"replies":[{"embeddable":true,"href":"https:\/\/marketingplatform.com\/pe\/wp-json\/wp\/v2\/comments?post=35379"}],"version-history":[{"count":1,"href":"https:\/\/marketingplatform.com\/pe\/wp-json\/wp\/v2\/pages\/35379\/revisions"}],"predecessor-version":[{"id":52140,"href":"https:\/\/marketingplatform.com\/pe\/wp-json\/wp\/v2\/pages\/35379\/revisions\/52140"}],"wp:attachment":[{"href":"https:\/\/marketingplatform.com\/pe\/wp-json\/wp\/v2\/media?parent=35379"}],"wp:term":[{"taxonomy":"category","embeddable":true,"href":"https:\/\/marketingplatform.com\/pe\/wp-json\/wp\/v2\/categories?post=35379"},{"taxonomy":"post_tag","embeddable":true,"href":"https:\/\/marketingplatform.com\/pe\/wp-json\/wp\/v2\/tags?post=35379"},{"taxonomy":"yst_prominent_words","embeddable":true,"href":"https:\/\/marketingplatform.com\/pe\/wp-json\/wp\/v2\/yst_prominent_words?post=35379"}],"curies":[{"name":"wp","href":"https:\/\/api.w.org\/{rel}","templated":true}]}}