{"id":32511,"date":"2019-05-03T14:23:34","date_gmt":"2019-05-03T12:23:34","guid":{"rendered":"https:\/\/marketingplatform.com\/referencias\/mypresswire-udsender-essentielle-mails-med-emailplatform\/"},"modified":"2020-02-28T11:17:15","modified_gmt":"2020-02-28T10:17:15","slug":"mypresswire-emite-correos-esenciales-con-marketingplatform","status":"publish","type":"page","link":"https:\/\/marketingplatform.com\/pe\/referencias\/mypresswire-emite-correos-esenciales-con-marketingplatform\/","title":{"rendered":"MyPressWire emite correos esenciales con emailplatform"},"content":{"rendered":"\n[et_pb_section fb_built=&#8221;1&#8243; admin_label=&#8221;section&#8221; _builder_version=&#8221;3.22&#8243; transparent_background=&#8221;off&#8221;][et_pb_row admin_label=&#8221;row&#8221; _builder_version=&#8221;3.25&#8243; background_size=&#8221;initial&#8221; background_position=&#8221;top_left&#8221; background_repeat=&#8221;repeat&#8221;][et_pb_column type=&#8221;4_4&#8243; _builder_version=&#8221;3.25&#8243; custom_padding=&#8221;|||&#8221; custom_padding__hover=&#8221;|||&#8221;][et_pb_text admin_label=&#8221;Text&#8221; _builder_version=&#8221;3.27.4&#8243; background_size=&#8221;initial&#8221; background_position=&#8221;top_left&#8221; background_repeat=&#8221;repeat&#8221; use_border_color=&#8221;off&#8221; border_style=&#8221;solid&#8221;]<h1>MyPressWire emite correos esenciales con MarketingPlatform<\/h1>\n<p>\u201cEn MyPressWire hemos elegido utilizar MarketingPlatform para enviar nuestros importantes correos de periodistas. \u201cEs esencial para nosotros que estos correos electr\u00f3nicos lleguen de manera precisa a las bandejas de entrada de los destinatarios, ya que son la base de nuestro negocio\u201d, dice Ren\u00e9 Hjetting, fundador de MyPressWire.<\/p>\n<p>MyPressWire es uno de los intermediarios de comunicados de prensa para empresas m\u00e1s antiguos de Dinamarca. Todos los d\u00edas env\u00edan una gran cantidad de comunicados de prensa dirigidos a periodistas y medios seleccionados en Dinamarca y el resto de la regi\u00f3n n\u00f3rdica. Son estos correos electr\u00f3nicos los que se env\u00edan con MarketingPlatform, y se hace referencia a la compa\u00f1\u00eda como la base de MyPressWire.<\/p>[\/et_pb_text][\/et_pb_column][\/et_pb_row][\/et_pb_section][et_pb_section fb_built=&#8221;1&#8243; admin_label=&#8221;Section&#8221; _builder_version=&#8221;3.22&#8243; background_color=&#8221;#f5f8fb&#8221; transparent_background=&#8221;off&#8221;][et_pb_row admin_label=&#8221;row&#8221; _builder_version=&#8221;3.25&#8243; background_size=&#8221;initial&#8221; background_position=&#8221;top_left&#8221; background_repeat=&#8221;repeat&#8221; custom_padding=&#8221;0px|0px|27px|0px&#8221; column_structure=&#8221;1_2,1_2&#8243;][et_pb_column type=&#8221;1_2&#8243; _builder_version=&#8221;3.25&#8243; custom_padding=&#8221;|||&#8221; custom_padding__hover=&#8221;|||&#8221;][et_pb_image src=&#8221;https:\/\/marketingplatform.com\/wp-content\/uploads\/2017\/04\/presswire-reference-mailplatform.png&#8221; alt=&#8221;mypresswire-reference-mailplatform&#8221; url=&#8221;https:\/\/marketingplatform.com\/wp-content\/uploads\/2017\/04\/presswire-reference-mailplatform.png&#8221; url_new_window=&#8221;on&#8221; align_tablet=&#8221;center&#8221; align_last_edited=&#8221;on|desktop&#8221; admin_label=&#8221;Image&#8221; module_class=&#8221;image-border&#8221; _builder_version=&#8221;3.23&#8243; animation_style=&#8221;slide&#8221; animation_direction=&#8221;left&#8221; animation_duration=&#8221;500ms&#8221; animation_intensity_slide=&#8221;10%&#8221; use_border_color=&#8221;off&#8221; border_color=&#8221;#ffffff&#8221; border_width=&#8221;1px&#8221; border_style=&#8221;solid&#8221; sticky=&#8221;off&#8221;][\/et_pb_image][\/et_pb_column][et_pb_column type=&#8221;1_2&#8243; _builder_version=&#8221;3.25&#8243; custom_padding=&#8221;|||&#8221; custom_padding__hover=&#8221;|||&#8221;][et_pb_text admin_label=&#8221;Text&#8221; _builder_version=&#8221;4.0.2&#8243; background_size=&#8221;initial&#8221; background_position=&#8221;top_left&#8221; background_repeat=&#8221;repeat&#8221; hover_enabled=&#8221;0&#8243; use_border_color=&#8221;off&#8221; border_style=&#8221;solid&#8221;]<p><span>Los comunicados de prensa de MyPressWire se transmiten a trav\u00e9s de varias direcciones IP transaccionales en MarketingPlatform. La transacci\u00f3n significa que las direcciones IP est\u00e1n certificadas para enviar mensajes individuales solamente. \u201cEn estas direcciones IP especiales, a\u00fan no hemos o\u00eddo hablar de mensajes recibidos en el contenedor de SPAM\u201d, dice Kim \u00d8stergaard de MarketingPlatform.<\/span><\/p>\n<p>Por lo tanto, muchas empresas utilizan este producto precisamente para enviar comprobantes, confirmaciones de pedidos y otros mensajes importantes del sistema.<\/p>\n<p>MarketingPlatform no se agrega a este tipo de transmisi\u00f3n, a menudo se transmite en combinaci\u00f3n con otras emisiones como Boletines, confirmaciones de pedidos y similares. MyPressWire usa MarketingPlatform como un tipo de servidor SMTP inteligente. \u201cEl cliente tard\u00f3 unos minutos en ajustar las transmisiones a nuestros servidores SMTP\u201d, dice Kim \u00d8stergaard.<\/p>\n<p>Lo \u00fanico que requerimos del cliente es que cambien el nombre del SMTP que desean usar. Sucede a nivel de servidor casi de la misma manera que si lo cambia en Outlook.<\/p>\n<p><span>Cont\u00e1ctenos al +51 926 625 958, si quiere usar MarketingPlatform de la misma manera que lo ha hecho MyPressWire o escribe un mail a\u00a0<\/span><a href=\"mailto:luis@marketingplatform.com\">luis@marketingplatform.com<\/a><\/p>\n[\/et_pb_text][\/et_pb_column][\/et_pb_row][\/et_pb_section]\n","protected":false},"excerpt":{"rendered":"<p>MyPressWire emite correos esenciales con MarketingPlatform \u201cEn MyPressWire hemos elegido utilizar MarketingPlatform para enviar nuestros importantes correos de periodistas. \u201cEs esencial para nosotros que estos correos electr\u00f3nicos lleguen de manera precisa a las bandejas de entrada de los destinatarios, ya que son la base de nuestro negocio\u201d, dice Ren\u00e9 Hjetting, fundador de MyPressWire. MyPressWire es [&hellip;]<\/p>\n","protected":false},"author":50,"featured_media":0,"parent":17519,"menu_order":0,"comment_status":"closed","ping_status":"closed","template":"","meta":{"_et_pb_use_builder":"on","_et_pb_old_content":"<h1>MyPressWire udsender essentielle mails med MarketingPlatform<\/h1>\r\n\"Hos MyPressWire har vi valgt at bruge MarketingPlatform til at udsende vores vigtige journalist mails. Det er essentielt for os, at netop disse mails ankommer til modtagernes indbakker - de er s\u00e5 og sige grundlaget for vores forretning\", fort\u00e6ller Ren\u00e9 Hjetting grundl\u00e6gger af MyPressWire.\r\n\r\nMyPressWire er en af Danmarks \u00e6ldste formidlere af pressemeddelelser for virksomheder. Hver dag sender de en stor m\u00e6ngde\u00a0pressemeddelelser m\u00e5lrettet til udvalgte journalister og medier i Danmark og resten af Norden. Det er disse emails der bliver udsendt med MarketingPlatform, og af virksomheden bliver omtalt som grundlaget for MyPressWire.\r\n\r\n<a href=\"https:\/\/mailplatform.dk\/wp-content\/uploads\/2013\/06\/presswire-reference-mailplatform.png\"><img class=\"wp-image-1247 alignnone\" src=\"https:\/\/mailplatform.dk\/wp-content\/uploads\/2013\/06\/presswire-reference-mailplatform-1024x857.png\" alt=\"presswire-reference-mailplatform\" width=\"614\" height=\"514\" \/><\/a>\r\n\r\nPressemeddelelserne fra MyPressWire udsendes gennem flere transaktionelle IP-adresser hos MarketingPlatform. Det transaktionelle betyder at IP-adresserne er certificeret til alene at udsende individuelle beskeder. \"P\u00e5 disse s\u00e6rlige IP-adresser har vi endnu ikke h\u00f8rt om meddelelser der er landet i SPAM-containeren\", fort\u00e6ller Kim \u00d8stergaard fra MarketingPlatform. Derfor anvender mange virksomheder netop dette produkt til udsendelse af v\u00e6rdibeviser, ordrebekr\u00e6ftelser og andre vigtige systembeskeder.\r\n\r\nMarketingPlatform tager ikke ekstra for denne type udsendelser, der ofte udsendes i kombination med andre udsendelser som f.eks. nyhedsbreve, ordrebekr\u00e6ftelser og lignende. MyPressWire anvender MarketingPlatform som en slags intelligent SMTP-server. \"Det har taget kunden f\u00e5 minutter at tilrette udsendelserne til vores SMTP-servere\", fort\u00e6ller Kim \u00d8stergaard. Det eneste vi kr\u00e6ver fra kundens side er, at de \u00e6ndrer navnet p\u00e5 den SMTP de \u00f8nsker at anvende. Det sker serverm\u00e6ssigt p\u00e5 n\u00e6sten samme m\u00e5de, som hvis man \u00e6ndrer det i Outlook.\r\n\r\n\u00a0\r\n\r\nKontakt os p\u00e5 info.dk@marketingplatform.com, hvis du vil h\u00f8re mere om vores produkt til udsendelse af vigtige mails fra egne systemer. Eller ring p\u00e5 tlf. 72 44 44 44 indenfor normal kontor tid.\r\n<h4>Pr\u00f8v MarketingPlatform gratis i 14 dage<\/h4>\r\n[optin_box style=\"8\" alignment=\"left\" action=\"https:\/\/www.mailmailmail.net\/form.php?form=65\" method=\"post\" email_field=\"email\" email_default=\"Din arbejds e-mail\" integration_type=\"custom\" double_optin=\"Y\" name_field=\"CustomFields%5B2%5D\" name_default=\"Dit navn\" extra_field_1_name=\"CustomFields%5B110%5D\" extra_field_1_title=\"Firmanavn\" extra_field_2_name=\"CustomFields%5B5%5D\" extra_field_2_title=\"Telefon\"][optin_box_hidden][\/optin_box_hidden][optin_box_code]\r\n\r\n[\/optin_box_code][optin_box_field name=\"headline\"][\/optin_box_field][optin_box_field name=\"paragraph\"][\/optin_box_field][optin_box_field name=\"privacy\"]Vi passer godt p\u00e5 dine oplysninger og deler dem ikke med andre.\r\nVi optager kun seri\u00f8se virksomheder, der ikke spammer, som kunder.[\/optin_box_field][optin_box_field name=\"top_color\"]undefined[\/optin_box_field][optin_box_button type=\"0\" button_below=\"Y\"]Pr\u00f8v MarketingPlatform gratis[\/optin_box_button] [\/optin_box]\r\n\r\n\u00a0","_et_gb_content_width":"","footnotes":""},"categories":[],"tags":[],"yst_prominent_words":[11639,11634,11626,9472,11631,11625,10741,11629,11624,9487,11687,11632,11635,11630,11636,11637,11627,11638,11628,11633],"_links":{"self":[{"href":"https:\/\/marketingplatform.com\/pe\/wp-json\/wp\/v2\/pages\/32511"}],"collection":[{"href":"https:\/\/marketingplatform.com\/pe\/wp-json\/wp\/v2\/pages"}],"about":[{"href":"https:\/\/marketingplatform.com\/pe\/wp-json\/wp\/v2\/types\/page"}],"author":[{"embeddable":true,"href":"https:\/\/marketingplatform.com\/pe\/wp-json\/wp\/v2\/users\/50"}],"replies":[{"embeddable":true,"href":"https:\/\/marketingplatform.com\/pe\/wp-json\/wp\/v2\/comments?post=32511"}],"version-history":[{"count":3,"href":"https:\/\/marketingplatform.com\/pe\/wp-json\/wp\/v2\/pages\/32511\/revisions"}],"predecessor-version":[{"id":52633,"href":"https:\/\/marketingplatform.com\/pe\/wp-json\/wp\/v2\/pages\/32511\/revisions\/52633"}],"up":[{"embeddable":true,"href":"https:\/\/marketingplatform.com\/pe\/wp-json\/wp\/v2\/pages\/17519"}],"wp:attachment":[{"href":"https:\/\/marketingplatform.com\/pe\/wp-json\/wp\/v2\/media?parent=32511"}],"wp:term":[{"taxonomy":"category","embeddable":true,"href":"https:\/\/marketingplatform.com\/pe\/wp-json\/wp\/v2\/categories?post=32511"},{"taxonomy":"post_tag","embeddable":true,"href":"https:\/\/marketingplatform.com\/pe\/wp-json\/wp\/v2\/tags?post=32511"},{"taxonomy":"yst_prominent_words","embeddable":true,"href":"https:\/\/marketingplatform.com\/pe\/wp-json\/wp\/v2\/yst_prominent_words?post=32511"}],"curies":[{"name":"wp","href":"https:\/\/api.w.org\/{rel}","templated":true}]}}