{"id":32481,"date":"2019-05-03T12:46:29","date_gmt":"2019-05-03T10:46:29","guid":{"rendered":"https:\/\/marketingplatform.com\/referencias\/tilbudibyen-dk-daglige-deals\/"},"modified":"2019-05-09T11:29:38","modified_gmt":"2019-05-09T09:29:38","slug":"tilbudibyen-dk-ofertas-diarias","status":"publish","type":"page","link":"https:\/\/marketingplatform.com\/pe\/referencias\/tilbudibyen-dk-ofertas-diarias\/","title":{"rendered":"TilbudiByen.dk &#8211; ofertas diarias"},"content":{"rendered":"<p>[et_pb_section fb_built=&#8221;1&#8243; admin_label=&#8221;section&#8221; _builder_version=&#8221;3.0.74&#8243; transparent_background=&#8221;off&#8221;][et_pb_row custom_padding=&#8221;0px|0px|0px|0px&#8221; admin_label=&#8221;row&#8221; _builder_version=&#8221;3.0.48&#8243; background_size=&#8221;initial&#8221; background_position=&#8221;top_left&#8221; background_repeat=&#8221;repeat&#8221;][et_pb_column type=&#8221;4_4&#8243; _builder_version=&#8221;3.0.47&#8243;][et_pb_text admin_label=&#8221;Text&#8221; _builder_version=&#8221;3.19.18&#8243; background_size=&#8221;initial&#8221; background_position=&#8221;top_left&#8221; background_repeat=&#8221;repeat&#8221; use_border_color=&#8221;off&#8221; border_color=&#8221;#ffffff&#8221; border_style=&#8221;solid&#8221;]<\/p>\n<h1>TilbudiByen.dk<\/h1>\n<h2>Ofertas especiales \u2013 ofertas diarias por correo<\/h2>\n<h4>Consultor\u00eda, asesoramiento de puesta en marcha, filtrado de datos, enriquecimiento de datos, segmentaci\u00f3n, etc.<\/h4>\n<p>TilbudiByen.dk es uno de los sitios de ofertas m\u00e1s grandes de Dinamarca. Se centran en las cuatro ciudades m\u00e1s grandes de Dinamarca: Copenhague, Aarhus, Aalborg y Odense. Anteriormente, enviaban sus ofertas diarias a trav\u00e9s de MailChimp. Despu\u00e9s del cambio a MarketingPlatform, su negocio ha crecido.<\/p>\n<p>[\/et_pb_text][\/et_pb_column][\/et_pb_row][et_pb_row admin_label=&#8221;row&#8221; _builder_version=&#8221;3.0.48&#8243; background_size=&#8221;initial&#8221; background_position=&#8221;top_left&#8221; background_repeat=&#8221;repeat&#8221;][et_pb_column type=&#8221;1_2&#8243; _builder_version=&#8221;3.0.47&#8243;][et_pb_text admin_label=&#8221;Image&#8221; module_class=&#8221;image-border&#8221; _builder_version=&#8221;3.0.87&#8243; background_size=&#8221;initial&#8221; background_position=&#8221;top_left&#8221; background_repeat=&#8221;repeat&#8221; use_border_color=&#8221;off&#8221; border_style=&#8221;solid&#8221;]<img decoding=\"async\" loading=\"lazy\" class=\"wp-image-5456 alignnone size-full\" src=\"https:\/\/marketingplatform.com\/wp-content\/uploads\/2017\/04\/tilbudibyen-casestudy.png\" alt=\"tilbudibyen-casestudy\" width=\"550\" height=\"353\" srcset=\"https:\/\/marketingplatform.com\/wp-content\/uploads\/2017\/04\/tilbudibyen-casestudy.png 550w, https:\/\/marketingplatform.com\/wp-content\/uploads\/2017\/04\/tilbudibyen-casestudy-300x193.png 300w\" sizes=\"(max-width: 550px) 100vw, 550px\" \/><br \/>\n[\/et_pb_text][\/et_pb_column][et_pb_column type=&#8221;1_2&#8243; _builder_version=&#8221;3.0.47&#8243;][et_pb_text admin_label=&#8221;Text&#8221; _builder_version=&#8221;3.19.18&#8243; background_size=&#8221;initial&#8221; background_position=&#8221;top_left&#8221; background_repeat=&#8221;repeat&#8221; use_border_color=&#8221;off&#8221; border_color=&#8221;#ffffff&#8221; border_style=&#8221;solid&#8221;]<\/p>\n<p>Jan Mejlkj\u00e6r de TilbudiByen.dk dice: \u201cDespu\u00e9s del cambio a MarketingPlatform vimos un notable aumento en los ingresos de nuestro negocio.<\/p>\n<p>Al mismo tiempo, hemos recibido asesoramiento personal y ayuda con, por ejemplo, \u201cEstructurar y organizar a nuestros destinatarios\u201d, dice el director de la empresa.<\/p>\n<p>Los desarrolladores web detr\u00e1s de TilbudiByen.dk han integrado la colecci\u00f3n de nuevos registros con MarketingPlatform. La integraci\u00f3n se realiza con nuestra API XML est\u00e1ndar y mediante algunos formularios web personalizados (campos de formulario) que se crean y adaptan como parte de la soluci\u00f3n est\u00e1ndar.<\/p>\n<p><span>Cont\u00e1ctenos al +51 926 625 958, si quiere usar MarketingPlatform de la misma manera que lo ha hecho TilbudiByen.dk. o escribe un mail a\u00a0<\/span><a href=\"mailto:luis@marketingplatform.com\">luis@marketingplatform.com<\/a><\/p>\n<p>[\/et_pb_text][\/et_pb_column][\/et_pb_row][\/et_pb_section]<\/p>\n","protected":false},"excerpt":{"rendered":"<p>TilbudiByen.dk Ofertas especiales \u2013 ofertas diarias por correo Consultor\u00eda, asesoramiento de puesta en marcha, filtrado de datos, enriquecimiento de datos, segmentaci\u00f3n, etc. TilbudiByen.dk es uno de los sitios de ofertas m\u00e1s grandes de Dinamarca. Se centran en las cuatro ciudades m\u00e1s grandes de Dinamarca: Copenhague, Aarhus, Aalborg y Odense. Anteriormente, enviaban sus ofertas diarias a [&hellip;]<\/p>\n","protected":false},"author":50,"featured_media":0,"parent":17519,"menu_order":0,"comment_status":"closed","ping_status":"closed","template":"","meta":{"_et_pb_use_builder":"on","_et_pb_old_content":"<h1>TilbudiByen.dk - daglige deals p\u00e5 mail<\/h1>\r\n<h3>Konsulentr\u00e5dgivning, opstartsr\u00e5dgivning, vask af data, berigelse af data, segmentering mv.<\/h3>\r\n\u00a0\r\n\r\nTilbudiByen.dk er et af danmarks st\u00f8rste deal sites. De fokuserer p\u00e5 de 4 st\u00f8rste danske byer, K\u00f8benhavn, \u00c5rhus, Aalborg og Odense. Tidligere sendte de deres daglige deals gennem MailChimp. Efter skiftet til MailPlatform.dk er deres forretning vokset.\r\n\r\n<a href=\"https:\/\/mailplatform.dk\/wp-content\/uploads\/2012\/07\/tilbudibyen-dump.png\"><img class=\"alignnone size-full wp-image-816\" title=\"tilbudibyen-dump\" src=\"https:\/\/mailplatform.dk\/wp-content\/uploads\/2012\/07\/tilbudibyen-dump.png\" alt=\"\" width=\"550\" height=\"353\" \/><\/a>\r\n\r\n\u00a0\r\n\r\nJan Mejlkj\u00e6r fra TilbudiByen.dk fort\u00e6ller: \u201dEfter skiftet til MailPlatform.dk oplevede vi en m\u00e6rkbar stigning i oms\u00e6tningen fra vores udsendelser. Samtidigt har vi f\u00e5et en personlig r\u00e5dgivning, og hj\u00e6lp til bl.a. at strukturere og organisere vores modtagere\u201d, fort\u00e6ller direkt\u00f8ren for dealsitet.\r\n\r\nWeb-udviklerne bag TilbudiByen.dk har integreret opsamlingen af nye tilmeldinger med MailPlatform.dk. Integrationen foreg\u00e5r med vores standard XML API og gennem nogle tilpassede web-forms (formularfelter), der bygges og tilpasses som en del af standardl\u00f8sningen.\r\n\r\n\u00a0\r\n\r\nKontakt os p\u00e5 tlf. 72 444 444, hvis du ligesom TilbudiByen.dk, <a title=\"Ans\u00f8g om 1. m\u00e5ned gratis\" href=\"https:\/\/mailplatform.dk\/gratis-test-konto\/ansog-om-1-maned-gratis\/\">vil v\u00e6re kunde hos MailPlatform.dk<\/a>.\u00a0<a title=\"Opstartsr\u00e5dgivning\" href=\"https:\/\/mailplatform.dk\/gratis-test-konto\/opstartsradgivning\/\">Alle kunder modtager op til 2 timers gratis r\u00e5dgivning<\/a>.\r\n\r\nVil du gerne tale med vores grundl\u00e6gger og adm. direkt\u00f8r Kim \u00d8stergaard, kan du ringe direkte p\u00e5 mobil 42 555 555 eller skrive p\u00e5 <a href=\"mailto:kim@mailplatform.dk\">kim@mailplatform.dk<\/a>\r\n<h4>Pr\u00f8v MailPlatform gratis i 30 dage<\/h4>\r\n[optin_box style=\"8\" alignment=\"left\" action=\"https:\/\/www.mailmailmail.net\/form.php?form=65\" method=\"post\" email_field=\"email\" email_default=\"Din arbejds e-mail\" integration_type=\"custom\" double_optin=\"Y\" name_field=\"CustomFields%5B2%5D\" name_default=\"Dit navn\" extra_field_1_name=\"CustomFields%5B110%5D\" extra_field_1_title=\"Firmanavn\" extra_field_2_name=\"CustomFields%5B5%5D\" extra_field_2_title=\"Telefon\"][optin_box_hidden][\/optin_box_hidden][optin_box_code]\r\n\r\n[\/optin_box_code][optin_box_field name=\"headline\"][\/optin_box_field][optin_box_field name=\"paragraph\"][\/optin_box_field][optin_box_field name=\"privacy\"]Vi passer godt p\u00e5 dine oplysninger og deler dem ikke med andre.\r\nVi optager kun seri\u00f8se virksomheder, der ikke spammer, som kunder.[\/optin_box_field][optin_box_field name=\"top_color\"]undefined[\/optin_box_field][optin_box_button type=\"0\" button_below=\"Y\"]Pr\u00f8v MailPlatform gratis[\/optin_box_button] [\/optin_box]","_et_gb_content_width":"","footnotes":""},"categories":[],"tags":[],"yst_prominent_words":[11606,4910,8884,11610,7742,11613,11612,11602,11611,11605,11600,11609,11604,6561,11608,11603,11601,11683,11607,3220],"_links":{"self":[{"href":"https:\/\/marketingplatform.com\/pe\/wp-json\/wp\/v2\/pages\/32481"}],"collection":[{"href":"https:\/\/marketingplatform.com\/pe\/wp-json\/wp\/v2\/pages"}],"about":[{"href":"https:\/\/marketingplatform.com\/pe\/wp-json\/wp\/v2\/types\/page"}],"author":[{"embeddable":true,"href":"https:\/\/marketingplatform.com\/pe\/wp-json\/wp\/v2\/users\/50"}],"replies":[{"embeddable":true,"href":"https:\/\/marketingplatform.com\/pe\/wp-json\/wp\/v2\/comments?post=32481"}],"version-history":[{"count":0,"href":"https:\/\/marketingplatform.com\/pe\/wp-json\/wp\/v2\/pages\/32481\/revisions"}],"up":[{"embeddable":true,"href":"https:\/\/marketingplatform.com\/pe\/wp-json\/wp\/v2\/pages\/17519"}],"wp:attachment":[{"href":"https:\/\/marketingplatform.com\/pe\/wp-json\/wp\/v2\/media?parent=32481"}],"wp:term":[{"taxonomy":"category","embeddable":true,"href":"https:\/\/marketingplatform.com\/pe\/wp-json\/wp\/v2\/categories?post=32481"},{"taxonomy":"post_tag","embeddable":true,"href":"https:\/\/marketingplatform.com\/pe\/wp-json\/wp\/v2\/tags?post=32481"},{"taxonomy":"yst_prominent_words","embeddable":true,"href":"https:\/\/marketingplatform.com\/pe\/wp-json\/wp\/v2\/yst_prominent_words?post=32481"}],"curies":[{"name":"wp","href":"https:\/\/api.w.org\/{rel}","templated":true}]}}