{"id":32439,"date":"2019-05-03T11:39:02","date_gmt":"2019-05-03T09:39:02","guid":{"rendered":"https:\/\/marketingplatform.com\/referencias\/astro-dk-dagligt-nyhedsbrev\/"},"modified":"2020-02-25T15:22:54","modified_gmt":"2020-02-25T14:22:54","slug":"astro-dk-newsletter-diario","status":"publish","type":"page","link":"https:\/\/marketingplatform.com\/pe\/referencias\/astro-dk-newsletter-diario\/","title":{"rendered":"Astro.dk &#8211; newsletter diario"},"content":{"rendered":"<p>[et_pb_section fb_built=&#8221;1&#8243; admin_label=&#8221;section&#8221; _builder_version=&#8221;3.22&#8243; transparent_background=&#8221;off&#8221;][et_pb_row admin_label=&#8221;row&#8221; _builder_version=&#8221;3.25&#8243; background_size=&#8221;initial&#8221; background_position=&#8221;top_left&#8221; background_repeat=&#8221;repeat&#8221; custom_padding=&#8221;27px|0px|12px|0px&#8221;][et_pb_column type=&#8221;4_4&#8243; _builder_version=&#8221;3.25&#8243; custom_padding=&#8221;|||&#8221; custom_padding__hover=&#8221;|||&#8221;][et_pb_text admin_label=&#8221;Text&#8221; _builder_version=&#8221;3.27.4&#8243; background_size=&#8221;initial&#8221; background_position=&#8221;top_left&#8221; background_repeat=&#8221;repeat&#8221; use_border_color=&#8221;off&#8221; border_color=&#8221;#ffffff&#8221; border_style=&#8221;solid&#8221;]<\/p>\n<h1>Astro A \/ S \u2013 newsletter diario<\/h1>\n<p>Asesoramiento de puesta en marcha, ayuda con el lavado de datos e importaci\u00f3n, sparring e integraci\u00f3n.<br \/>\nCada ma\u00f1ana, cientos de miles de daneses reciben su hor\u00f3scopo personal de Astro.dk. Astro.dk ha suministrado hor\u00f3scopos diarios y hor\u00f3scopos individuales a Dinamarca y al resto de la regi\u00f3n n\u00f3rdica durante m\u00e1s de 10 a\u00f1os.<\/p>\n<p>Astro.dk es el mayor proveedor de servicios de astrolog\u00eda y astrolog\u00eda de Dinamarca. La compa\u00f1\u00eda ha existido por m\u00e1s de 10 a\u00f1os, y todos los a\u00f1os es Morten Dam quien ha sido due\u00f1o y administrador de la compa\u00f1\u00eda.[\/et_pb_text][\/et_pb_column][\/et_pb_row][et_pb_row admin_label=&#8221;row&#8221; _builder_version=&#8221;3.25&#8243; background_size=&#8221;initial&#8221; background_position=&#8221;top_left&#8221; background_repeat=&#8221;repeat&#8221; custom_padding=&#8221;0px|0px|27px|0px&#8221; column_structure=&#8221;1_2,1_2&#8243;][et_pb_column type=&#8221;1_2&#8243; _builder_version=&#8221;3.25&#8243; custom_padding=&#8221;|||&#8221; custom_padding__hover=&#8221;|||&#8221;][et_pb_image src=&#8221;https:\/\/marketingplatform.com\/wp-content\/uploads\/2017\/04\/astro-reference-mailplatform1.png&#8221; alt=&#8221;astro-reference-mailplatform1&#8243; url=&#8221;https:\/\/marketingplatform.com\/wp-content\/uploads\/2017\/04\/astro-reference-mailplatform1.png&#8221; url_new_window=&#8221;on&#8221; align_tablet=&#8221;center&#8221; align_last_edited=&#8221;on|desktop&#8221; admin_label=&#8221;Image&#8221; module_class=&#8221;image-border&#8221; _builder_version=&#8221;3.23&#8243; animation_style=&#8221;slide&#8221; animation_direction=&#8221;left&#8221; animation_duration=&#8221;500ms&#8221; animation_intensity_slide=&#8221;10%&#8221; use_border_color=&#8221;off&#8221; border_color=&#8221;#ffffff&#8221; border_width=&#8221;1px&#8221; border_style=&#8221;solid&#8221; sticky=&#8221;off&#8221;][\/et_pb_image][\/et_pb_column][et_pb_column type=&#8221;1_2&#8243; _builder_version=&#8221;3.25&#8243; custom_padding=&#8221;|||&#8221; custom_padding__hover=&#8221;|||&#8221;][et_pb_text admin_label=&#8221;Text&#8221; _builder_version=&#8221;4.0.2&#8243; background_size=&#8221;initial&#8221; background_position=&#8221;top_left&#8221; background_repeat=&#8221;repeat&#8221; hover_enabled=&#8221;0&#8243; use_border_color=&#8221;off&#8221; border_style=&#8221;solid&#8221;]<\/p>\n<p><span>Morten hab\u00eda implementado la ejecuci\u00f3n desde un sistema interno, pero es cierto que ten\u00eda grandes desaf\u00edos al ejecutar su propio sistema para enviar boletines.<\/span><\/p>\n<p>\u201cVimos que nuestros correos no llegaban\u201d, dice Morten. Este es un problema muy com\u00fan, que a menudo se debe a que los sistemas internos no escuchan las respuestas de los servidores de correo que reciben correos en nombre de los destinatarios.<\/p>\n<p>El motor detr\u00e1s de MarketingPlatform escucha activamente la respuesta tal como Hotmail env\u00eda si una direcci\u00f3n de correo electr\u00f3nico no existe, no se ha utilizado durante un largo per\u00edodo de tiempo, no tiene espacio para m\u00faltiples correos electr\u00f3nicos y otros 45 tipos de \u201crebotes\u201d.<\/p>\n<p>\u201cAdem\u00e1s de la ayuda para los desaf\u00edos sist\u00e9micos, me sorprendi\u00f3 gratamente el profesionalismo y los consejos que nos brindaron las personas en MarketingPlatform\u201d, contin\u00faa Morten Dam de Astro.dk.<\/p>\n<p>La otra mitad de una buena capacidad de entrega es el consejo correcto. El consejo correcto generalmente va en contra de nuestros intereses financieros en el corto plazo, pero llamamos a esto una inversi\u00f3n en una relaci\u00f3n larga y duradera con el cliente. Al ayudar a los clientes a comenzar con el lavado de sus listas de correo y la segmentaci\u00f3n, la gran mayor\u00eda de los clientes experimentan resultados mucho mejores, concluye Kim \u00d8stergaard, quien fund\u00f3 MarketingPlatform.<\/p>\n<p>Todos los clientes reciben hasta 2 horas de asesoramiento gratuito.<\/p>\n<p><span>Cont\u00e1ctenos al +51 926 625 958, si quiere usar MarketingPlatform de la misma manera que lo ha hecho Astro.dk o escribe un mail a\u00a0<\/span><a href=\"mailto:luis@marketingplatform.com\">luis@marketingplatform.com<\/a><\/p>\n<p>[\/et_pb_text][\/et_pb_column][\/et_pb_row][\/et_pb_section]<\/p>\n","protected":false},"excerpt":{"rendered":"<p>Astro A \/ S \u2013 newsletter diario Asesoramiento de puesta en marcha, ayuda con el lavado de datos e importaci\u00f3n, sparring e integraci\u00f3n. Cada ma\u00f1ana, cientos de miles de daneses reciben su hor\u00f3scopo personal de Astro.dk. Astro.dk ha suministrado hor\u00f3scopos diarios y hor\u00f3scopos individuales a Dinamarca y al resto de la regi\u00f3n n\u00f3rdica durante m\u00e1s [&hellip;]<\/p>\n","protected":false},"author":50,"featured_media":0,"parent":17519,"menu_order":0,"comment_status":"closed","ping_status":"closed","template":"","meta":{"_et_pb_use_builder":"on","_et_pb_old_content":"<h1>Astro A\/S - dagligt nyhedsbrev<\/h1>\r\n<h3>Opstartsr\u00e5dgivning, hj\u00e6lp til vask af data og import, sparring og integration<\/h3>\r\n\u00a0\r\n\r\nHvor morgen modtager flere hundredetusinde danskere deres personlige horoskop fra Astro.dk. Astro.dk har I mere end 10 \u00e5r leveret daglige horoskoper og individuelle horoskoper til Danmark og resten af Norden.\r\n\r\n<a href=\"https:\/\/mailplatform.dk\/wp-content\/uploads\/2012\/07\/astro-reference-mailplatform1.png\"><img class=\" wp-image-1202 alignnone\" src=\"https:\/\/mailplatform.dk\/wp-content\/uploads\/2012\/07\/astro-reference-mailplatform1-773x1024.png\" alt=\"astro-reference-mailplatform\" width=\"618\" height=\"819\" \/><\/a>\r\n\r\n\u00a0\r\n\r\nAstro.dk er Danmarks st\u00f8rste udbyder af personlige horoskoper og astrologi-services.\r\nVirksomheden har eksisteret i mere end 10 \u00e5r, og alle \u00e5rene er det Morten Dam, der har ejet og ledet virksomheden.\r\n\r\nMorten havde l\u00e6nge udsendt fra et internt system, men m\u00e5tte sande at det rummer store udfordringer at drive sit eget system til udsendelse af nyhedsbreve.\r\n\r\n\"Vi oplevede at vores mails ikke n\u00e5ede frem\", fort\u00e6ller Morten. Hvilket er en helt klassisk problemstilling, som ofte skyldes at de interne systemer ikke lytter p\u00e5 responsen fra de mailservere, der modtager mails p\u00e5 vegne af modtagerne.\r\n\r\nMotoren bag MailPlatform.dk lytter aktivt til den respons som f.eks. Hotmail sender, hvis en mailadresse ikke findes, ikke har v\u00e6ret i brug over en l\u00e6ngere periode, ikke har plads til flere mails - og 45 andre forskellige former for \"bounces\".\r\n\r\n\"Udover hj\u00e6lpen til de systemm\u00e6ssige udfordringer, blev jeg meget positivt overrasket over den sparring og r\u00e5dgivning som folkene hos MailPlatform.dk ydede os\", forts\u00e6tter Morten Dam fra Astro.dk.\r\n\r\nDen anden halvdel af en god leveringsevne er den rigtige r\u00e5dgivning. Den rigtige r\u00e5dgivning, g\u00e5r oftest imod vores \u00f8konomiske interesser p\u00e5 kort sigt, men det kalder vi en investering i et langt og godt kundeforhold. Ved at hj\u00e6lpe kunderne godt i gang med vask af deres mailinglister og opdeling i segmenter - oplever langt de fleste kunder kraftigt forbedrede resultater, konkluderer Kim \u00d8stergaard der har grundlagt MailPlatform.dk.\r\n\r\n<a title=\"Opstartsr\u00e5dgivning\" href=\"https:\/\/mailplatform.dk\/gratis-test-konto\/opstartsradgivning\/\">Alle kunder modtager op til 2 timers gratis r\u00e5dgivning<\/a>.\r\n\r\n\u00a0\r\n\r\nKontakt os p\u00e5 tlf. 72 444 444, hvis du ligesom Astro.dk A\/S, <a title=\"Ans\u00f8g om 1. m\u00e5ned gratis\" href=\"https:\/\/mailplatform.dk\/gratis-test-konto\/ansog-om-1-maned-gratis\/\">vil v\u00e6re kunde hos MailPlatform.dk<\/a>.\r\n\r\nVil du gerne tale med vores grundl\u00e6gger og adm. direkt\u00f8r Kim \u00d8stergaard, kan du ringe direkte p\u00e5 mobil 42 555 555 eller skrive p\u00e5 <a href=\"mailto:kim@mailplatform.dk\">kim@mailplatform.dk<\/a>\r\n<h4>Pr\u00f8v MailPlatform gratis i 30 dage<\/h4>\r\n[optin_box style=\"8\" alignment=\"left\" action=\"https:\/\/www.mailmailmail.net\/form.php?form=65\" method=\"post\" email_field=\"email\" email_default=\"Din arbejds e-mail\" integration_type=\"custom\" double_optin=\"Y\" name_field=\"CustomFields%5B2%5D\" name_default=\"Dit navn\" extra_field_1_name=\"CustomFields%5B110%5D\" extra_field_1_title=\"Firmanavn\" extra_field_2_name=\"CustomFields%5B5%5D\" extra_field_2_title=\"Telefon\"][optin_box_hidden][\/optin_box_hidden][optin_box_code]\r\n\r\n[\/optin_box_code][optin_box_field name=\"headline\"][\/optin_box_field][optin_box_field name=\"paragraph\"][\/optin_box_field][optin_box_field name=\"privacy\"]Vi passer godt p\u00e5 dine oplysninger og deler dem ikke med andre.\r\nVi optager kun seri\u00f8se virksomheder, der ikke spammer, som kunder.[\/optin_box_field][optin_box_field name=\"top_color\"]undefined[\/optin_box_field][optin_box_button type=\"0\" button_below=\"Y\"]Pr\u00f8v MailPlatform gratis[\/optin_box_button] [\/optin_box]","_et_gb_content_width":"","footnotes":""},"categories":[],"tags":[],"yst_prominent_words":[11216,11213,11209,11667,11210,11666,6542,7742,9487,6517,11214,11665,11212,6561,11218,6516,11215,9473,11211,11208],"_links":{"self":[{"href":"https:\/\/marketingplatform.com\/pe\/wp-json\/wp\/v2\/pages\/32439"}],"collection":[{"href":"https:\/\/marketingplatform.com\/pe\/wp-json\/wp\/v2\/pages"}],"about":[{"href":"https:\/\/marketingplatform.com\/pe\/wp-json\/wp\/v2\/types\/page"}],"author":[{"embeddable":true,"href":"https:\/\/marketingplatform.com\/pe\/wp-json\/wp\/v2\/users\/50"}],"replies":[{"embeddable":true,"href":"https:\/\/marketingplatform.com\/pe\/wp-json\/wp\/v2\/comments?post=32439"}],"version-history":[{"count":1,"href":"https:\/\/marketingplatform.com\/pe\/wp-json\/wp\/v2\/pages\/32439\/revisions"}],"predecessor-version":[{"id":52131,"href":"https:\/\/marketingplatform.com\/pe\/wp-json\/wp\/v2\/pages\/32439\/revisions\/52131"}],"up":[{"embeddable":true,"href":"https:\/\/marketingplatform.com\/pe\/wp-json\/wp\/v2\/pages\/17519"}],"wp:attachment":[{"href":"https:\/\/marketingplatform.com\/pe\/wp-json\/wp\/v2\/media?parent=32439"}],"wp:term":[{"taxonomy":"category","embeddable":true,"href":"https:\/\/marketingplatform.com\/pe\/wp-json\/wp\/v2\/categories?post=32439"},{"taxonomy":"post_tag","embeddable":true,"href":"https:\/\/marketingplatform.com\/pe\/wp-json\/wp\/v2\/tags?post=32439"},{"taxonomy":"yst_prominent_words","embeddable":true,"href":"https:\/\/marketingplatform.com\/pe\/wp-json\/wp\/v2\/yst_prominent_words?post=32439"}],"curies":[{"name":"wp","href":"https:\/\/api.w.org\/{rel}","templated":true}]}}