{"id":32422,"date":"2019-05-03T11:10:24","date_gmt":"2019-05-03T09:10:24","guid":{"rendered":"https:\/\/marketingplatform.com\/referencias\/en-af-europas-bedste-arbejdspladser-vaelger-mailplatform-som-dialogplatform\/"},"modified":"2020-02-28T09:45:35","modified_gmt":"2020-02-28T08:45:35","slug":"un-de-europa-mejor-lugaro-de-trabajo-elige-marketingplatform-como-plataforma-de-dialogo","status":"publish","type":"page","link":"https:\/\/marketingplatform.com\/pe\/referencias\/un-de-europa-mejor-lugaro-de-trabajo-elige-marketingplatform-como-plataforma-de-dialogo\/","title":{"rendered":"Un de europa mejor lugaro de trabajo elige emailplatform como plataforma de dialogo"},"content":{"rendered":"\n[et_pb_section fb_built=&#8221;1&#8243; admin_label=&#8221;section&#8221; _builder_version=&#8221;3.22&#8243; custom_margin=&#8221;0px|||&#8221; custom_padding=&#8221;0px|||&#8221; transparent_background=&#8221;off&#8221;][et_pb_row admin_label=&#8221;row&#8221; _builder_version=&#8221;3.25&#8243; background_size=&#8221;initial&#8221; background_position=&#8221;top_left&#8221; background_repeat=&#8221;repeat&#8221; custom_padding=&#8221;0px|0px|7px|0px&#8221;][et_pb_column type=&#8221;4_4&#8243; _builder_version=&#8221;3.25&#8243; custom_padding=&#8221;|||&#8221; custom_padding__hover=&#8221;|||&#8221;][et_pb_text admin_label=&#8221;Image&#8221; _builder_version=&#8221;3.27.4&#8243; background_size=&#8221;initial&#8221; background_position=&#8221;top_left&#8221; background_repeat=&#8221;repeat&#8221; use_border_color=&#8221;off&#8221; border_style=&#8221;solid&#8221;][\/et_pb_text][et_pb_text _builder_version=&#8221;3.27.4&#8243; background_size=&#8221;initial&#8221; background_position=&#8221;top_left&#8221; background_repeat=&#8221;repeat&#8221; use_border_color=&#8221;off&#8221; border_style=&#8221;solid&#8221;]<h1>Creativ Company, premiado por Great Place to Work.<\/h1>\n<h4>elige MarketingPlatform como plataforma de di\u00e1logo<\/h4>\n<p>Creativ Company emplea a m\u00e1s de 180 empleados divididos entre Dinamarca, Suecia, Noruega, Finlandia, Pa\u00edses Bajos, Alemania, Inglaterra y China. La empresa suministra de todo, desde cuentas, cart\u00f3n, pegamento y botones hasta instituciones, empresas privadas y empresas.<\/p>[\/et_pb_text][\/et_pb_column][\/et_pb_row][et_pb_row admin_label=&#8221;row&#8221; _builder_version=&#8221;3.25&#8243; background_size=&#8221;initial&#8221; background_position=&#8221;top_left&#8221; background_repeat=&#8221;repeat&#8221; custom_padding=&#8221;0px|0px|7px|0px&#8221; column_structure=&#8221;1_2,1_2&#8243;][et_pb_column type=&#8221;1_2&#8243; _builder_version=&#8221;3.25&#8243; custom_padding=&#8221;|||&#8221; custom_padding__hover=&#8221;|||&#8221;][et_pb_text _builder_version=&#8221;3.27.4&#8243; background_size=&#8221;initial&#8221; background_position=&#8221;top_left&#8221; background_repeat=&#8221;repeat&#8221; use_border_color=&#8221;off&#8221; border_style=&#8221;solid&#8221;]<p><span>Desde su creaci\u00f3n en el a\u00f1o 2000, la compa\u00f1\u00eda ha recibido varios premios por su entorno de trabajo y, en repetidas ocasiones, se encuentra entre los mejores lugares de trabajo en Dinamarca y Europa en las encuestas de empleados realizadas por Great Place to Work Institute.<\/span><\/p>[\/et_pb_text][\/et_pb_column][et_pb_column type=&#8221;1_2&#8243; _builder_version=&#8221;3.25&#8243; custom_padding=&#8221;|||&#8221; custom_padding__hover=&#8221;|||&#8221;][et_pb_image src=&#8221;https:\/\/marketingplatform.com\/wp-content\/uploads\/2017\/04\/CreativCompanyLogo.png&#8221; alt=&#8221;Creativ Company Logo&#8221; align=&#8221;center&#8221; align_tablet=&#8221;center&#8221; align_last_edited=&#8221;on|desktop&#8221; _builder_version=&#8221;3.23&#8243; animation_style=&#8221;slide&#8221; animation_direction=&#8221;left&#8221; animation_duration=&#8221;500ms&#8221; animation_intensity_slide=&#8221;10%&#8221; use_border_color=&#8221;off&#8221; border_color=&#8221;#ffffff&#8221; border_width=&#8221;1px&#8221; border_style=&#8221;solid&#8221; sticky=&#8221;off&#8221;][\/et_pb_image][\/et_pb_column][\/et_pb_row][et_pb_row admin_label=&#8221;row&#8221; _builder_version=&#8221;3.25&#8243; background_size=&#8221;initial&#8221; background_position=&#8221;top_left&#8221; background_repeat=&#8221;repeat&#8221; custom_padding=&#8221;0px|0px|0px|0px&#8221;][et_pb_column type=&#8221;4_4&#8243; _builder_version=&#8221;3.25&#8243; custom_padding=&#8221;|||&#8221; custom_padding__hover=&#8221;|||&#8221;][et_pb_text _builder_version=&#8221;3.27.4&#8243; background_size=&#8221;initial&#8221; background_position=&#8221;top_left&#8221; background_repeat=&#8221;repeat&#8221; use_border_color=&#8221;off&#8221; border_style=&#8221;solid&#8221;]<p><span>Adem\u00e1s de ser una empresa que ha crecido cada a\u00f1o y tiene una gran satisfacci\u00f3n laboral entre sus empleados, tambi\u00e9n tienen grandes ambiciones de llevar un negocio electr\u00f3nico serio y potente. Creativ Company ha intensificado durante varios a\u00f1os su trabajo en el comercio electr\u00f3nico y hoy ha acumulado una gran cantidad de clientes que reciben los boletines de la compa\u00f1\u00eda.<\/span><\/p>[\/et_pb_text][\/et_pb_column][\/et_pb_row][et_pb_row admin_label=&#8221;row&#8221; _builder_version=&#8221;3.25&#8243; background_size=&#8221;initial&#8221; background_position=&#8221;top_left&#8221; background_repeat=&#8221;repeat&#8221; custom_padding=&#8221;10px|0px|13px|0px&#8221; column_structure=&#8221;1_2,1_2&#8243;][et_pb_column type=&#8221;1_2&#8243; _builder_version=&#8221;3.25&#8243; custom_padding=&#8221;|||&#8221; custom_padding__hover=&#8221;|||&#8221;][et_pb_image src=&#8221;https:\/\/marketingplatform.com\/wp-content\/uploads\/2017\/04\/creativcompany-mailplatform-reference-nyhedsbrev-3.png&#8221; alt=&#8221;Creativ Company MarketingPlatform Reference&#8221; align=&#8221;center&#8221; align_tablet=&#8221;center&#8221; align_last_edited=&#8221;on|desktop&#8221; module_class=&#8221;image-border&#8221; _builder_version=&#8221;3.23&#8243; animation_style=&#8221;slide&#8221; animation_direction=&#8221;left&#8221; animation_duration=&#8221;500ms&#8221; animation_intensity_slide=&#8221;10%&#8221; use_border_color=&#8221;off&#8221; border_color=&#8221;#ffffff&#8221; border_width=&#8221;1px&#8221; border_style=&#8221;solid&#8221; sticky=&#8221;off&#8221;][\/et_pb_image][\/et_pb_column][et_pb_column type=&#8221;1_2&#8243; _builder_version=&#8221;3.25&#8243; custom_padding=&#8221;|||&#8221; custom_padding__hover=&#8221;|||&#8221;][et_pb_text _builder_version=&#8221;3.27.4&#8243; background_size=&#8221;initial&#8221; background_position=&#8221;top_left&#8221; background_repeat=&#8221;repeat&#8221; use_border_color=&#8221;off&#8221; border_style=&#8221;solid&#8221;]<p><span>Creativ Company, por lo tanto, decidi\u00f3 dar un paso m\u00e1s y quiso reemplazar su soluci\u00f3n de marketing por correo electr\u00f3nico anterior por MarketingPlatform.<\/span><\/p>\n<p>\u201cLa gerencia quer\u00eda respaldar los futuros requisitos comerciales y tener un apoyo muy cercano de nosotros como su proveedor dan\u00e9s\u201d, dice el fundador de MarketingPlatform Kim \u00d8stergaard.<\/p>\n<h4>Creativ Company nos cuenta acerca de la colaboraci\u00f3n con MarketingPlatform<\/h4>\n<p>\u201cElegimos cambiar de soluci\u00f3n ya que MarketingPlatform pudo cumplir con nuestros requisitos actuales y futuros en el trabajo para crear una plataforma de di\u00e1logo definida, y no solo una soluci\u00f3n de marketing por correo electr\u00f3nico\u201d, dice Thomas Boesdal, Gerente de Desarrollo de Negocios de Creativ Company.<\/p>\n<p>\u201cHemos ayudado a Creativ Company a integrarse a MarketingPlatform desde su proveedor anterior, e implementarlo en 8 pa\u00edses en un tiempo extremadamente corto\u201d, dice Jesper Munkholm, socio de MarketingPlatform.<\/p>\n<p>Adem\u00e1s, MarketingPlatform ha ayudado con la estrategia de comunicaci\u00f3n digital prospectiva en un acuerdo de consultor\u00eda.<\/p>\n<h4>Una empresa con una cultura muy especial.<\/h4>\n<p>\u201cCuando est\u00e1s en la empresa inmediatamente sientes un ambiente muy especial entre los empleados, un poco como ser parte de una familia. Esta mezcla de sentimientos entre una familia combinada con una excelente manera de trabajar hace que sea un placer tenerlos como clientes, ya que el list\u00f3n es alto y hay un gran deseo de utilizar todo el potencial de MarketingPlatform \u201c., dice Jesper Munkholm de MarketingPlatform.<\/p>[\/et_pb_text][\/et_pb_column][\/et_pb_row][et_pb_row admin_label=&#8221;row&#8221; _builder_version=&#8221;3.25&#8243; background_size=&#8221;initial&#8221; background_position=&#8221;top_left&#8221; background_repeat=&#8221;repeat&#8221; custom_padding=&#8221;0px|0px|0px|0px&#8221;][et_pb_column type=&#8221;4_4&#8243; _builder_version=&#8221;3.25&#8243; custom_padding=&#8221;|||&#8221; custom_padding__hover=&#8221;|||&#8221;][et_pb_text _builder_version=&#8221;4.0.2&#8243; background_size=&#8221;initial&#8221; background_position=&#8221;top_left&#8221; background_repeat=&#8221;repeat&#8221; hover_enabled=&#8221;0&#8243; use_border_color=&#8221;off&#8221; border_style=&#8221;solid&#8221;]<p><span>Creativ Company tambi\u00e9n tiene una moral y una \u00e9tica muy altas con respecto a sus clientes. Esto impone grandes exigencias a las oportunidades de di\u00e1logo que permiten una comunicaci\u00f3n de aprendizaje con los clientes. Esto se hace a trav\u00e9s de un contenido cada vez m\u00e1s relevante, basado en el comportamiento del cliente y los patrones de compra. Esto garantiza un alto nivel de compromiso (la palabra inglesa \u201ccompromiso\u201d, que significa tanto participaci\u00f3n, compromiso como interacci\u00f3n) entre los clientes. Esto asegura un contenido constante del destinatario del bolet\u00edn.<\/span><\/p>\n<p><span>Cont\u00e1ctenos al +51 926 625 958, si quiere usar MarketingPlatform de la misma manera que lo ha hecho Creativ Company o escribe un mail a\u00a0<a href=\"mailto:luis@marketingplatform.com\">luis@marketingplatform.com<\/a><\/span><\/p>\n[\/et_pb_text][\/et_pb_column][\/et_pb_row][\/et_pb_section]\n","protected":false},"excerpt":{"rendered":"<p>Creativ Company, premiado por Great Place to Work. elige MarketingPlatform como plataforma de di\u00e1logo Creativ Company emplea a m\u00e1s de 180 empleados divididos entre Dinamarca, Suecia, Noruega, Finlandia, Pa\u00edses Bajos, Alemania, Inglaterra y China. La empresa suministra de todo, desde cuentas, cart\u00f3n, pegamento y botones hasta instituciones, empresas privadas y empresas.Desde su creaci\u00f3n en el [&hellip;]<\/p>\n","protected":false},"author":50,"featured_media":0,"parent":17519,"menu_order":0,"comment_status":"closed","ping_status":"closed","template":"","meta":{"_et_pb_use_builder":"on","_et_pb_old_content":"<h3><b>Virksomheden Creativ Company med hoveds\u00e6de i Holstebro, har valgt MailPlatform som sin fremtidige email marketing- og dialogplatform.\u00a0<\/b><\/h3>\r\n<a href=\"https:\/\/mailplatform.dk\/wp-content\/uploads\/2013\/11\/CreativCompanyLogo.png\"><img class=\"size-full wp-image-1689 alignnone\" src=\"https:\/\/mailplatform.dk\/wp-content\/uploads\/2013\/11\/CreativCompanyLogo.png\" alt=\"CreativCompanyLogo\" width=\"290\" height=\"75\" \/><\/a>\r\n\r\nCreativ Company besk\u00e6ftiger over 180 medarbejdere fordelt mellem Danmark, Sverige, Norge, Finland, Holland, Tyskland, England og Kina. Virksomheden leverer alt fra perler, karton,\u00a0 lim og knapper til institutioner, private og virksomheder.\r\n\r\nSiden etableringen i \u00e5r 2000, har virksomheden gennem \u00e5rene modtaget en r\u00e6kke priser for sit arbejdsmilj\u00f8, og er gang p\u00e5 gang i toppen blandt de bedste arbejdspladser i Danmark og Europa i medarbejderunders\u00f8gelser foretaget af Great Place to Work Institute.\r\n\r\nUd over at v\u00e6re en virksomhed, der hvert \u00e5r er vokset, og har en fantastisk trivsel blandt sine medarbejdere, har de ogs\u00e5 h\u00f8je ambitioner for at drive seri\u00f8s og ordentligt e-business. Creativ Company har i flere \u00e5r intensiveret arbejdet med e-commerce, og har i dag oparbejdet en stor m\u00e6ngde kunder, der modtager virksomhedens nyhedsbreve.\r\n\r\n<a href=\"https:\/\/mailplatform.dk\/wp-content\/uploads\/2013\/11\/creativcompany-mailplatform-reference-nyhedsbrev-3.png\"><img class=\"alignleft size-full wp-image-1693\" src=\"https:\/\/mailplatform.dk\/wp-content\/uploads\/2013\/11\/creativcompany-mailplatform-reference-nyhedsbrev-3.png\" alt=\"creativcompany-mailplatform-reference-nyhedsbrev-3\" width=\"350\" height=\"574\" \/><\/a>\r\n\r\nCreativ Company valgte derfor at g\u00e5 skridtet videre, og \u00f8nskede at skifte deres tidligere e-mail marketing l\u00f8sning ud med MailPlatform. \"Ledelsen \u00f8nskede at underst\u00f8tte de fremtidige forretningsm\u00e6ssige krav, og have en meget t\u00e6t sparring og support fra os som dansk leverand\u00f8r\", fort\u00e6ller grundl\u00e6gger af MailPlatform Kim \u00d8stergaard.\r\n\r\n\u00a0\r\n<h4><b>Creativ Company fort\u00e6ller om samarbejdet med MailPlatform<\/b><\/h4>\r\n\u201dVi valgte at skifte l\u00f8sning idet MailPlatform kunne im\u00f8dekomme vores nuv\u00e6rende, samt fremtidige krav i arbejdet mod at skabe en decideret dialog platform, og ikke bare en email marketing l\u00f8sning\u201d, fort\u00e6ller Thomas Boesdal, der er Business Development Manager hos Creativ Company.\r\n\r\n\"Vi har hjulpet Creativ Company med flytningen til MailPlatform, fra deres tidligere leverand\u00f8r, og implementeret 8 lande i l\u00f8bet af ekstremt kort tid\", udtaler Jesper Munkholm, der er partner i MailPlatform. Derudover har MailPlatform bist\u00e5et med den fremadrettede digitale kommunikationsstrategi p\u00e5 en konsulentaftale.\r\n\r\n\u00a0\r\n<h4><b>En virksomhed med en ganske s\u00e6rlig kultur<\/b><\/h4>\r\n\u201dN\u00e5r man befinder sig i virksomheden, s\u00e5 m\u00e6rker man med det samme en helt speciel stemning blandt medarbejderne \u2013lidt som at v\u00e6re en del af en familie. Dette miks mellem at f\u00f8le sig blandt en familie, kombineret med et fantastisk godt k\u00f8bmandsskab, g\u00f8r det til en forn\u00f8jelse dels at have dem som kunde, idet at barren bliver sat h\u00f8jt og der er et udtalt \u00f8nske om at bruge det fulde potentiale i MailPlatform\u201d, udtaler Jesper Munkholm fra MailPlatform.\r\n\r\nCreativ Company har ogs\u00e5 en meget h\u00f8j moral og etik omkring deres kunder. Det stiller store krav til dialogmulighederne, der muligg\u00f8r en l\u00e6rende kommunikation med kunderne. Dette g\u00f8res gennem mere og mere relevant indhold, p\u00e5 baggrund af kundernes adf\u00e6rd, og k\u00f8bsm\u00f8nstre. Dermed sikres der et h\u00f8j engagement (det engelske ord \u2018engagement\u2019, der betyder b\u00e5de involvering, engagement og interaktion) blandt kunderne. Dermed sikres et konstant vedkommende indhold hos den enkelte nyhedsbrevsmodtager.","_et_gb_content_width":"","footnotes":""},"categories":[],"tags":[],"yst_prominent_words":[3146,11589,11584,11579,11577,15002,11587,11153,11590,11588,11585,11580,11582,11586,11581,11583,11578,11576,11664,6557],"_links":{"self":[{"href":"https:\/\/marketingplatform.com\/pe\/wp-json\/wp\/v2\/pages\/32422"}],"collection":[{"href":"https:\/\/marketingplatform.com\/pe\/wp-json\/wp\/v2\/pages"}],"about":[{"href":"https:\/\/marketingplatform.com\/pe\/wp-json\/wp\/v2\/types\/page"}],"author":[{"embeddable":true,"href":"https:\/\/marketingplatform.com\/pe\/wp-json\/wp\/v2\/users\/50"}],"replies":[{"embeddable":true,"href":"https:\/\/marketingplatform.com\/pe\/wp-json\/wp\/v2\/comments?post=32422"}],"version-history":[{"count":2,"href":"https:\/\/marketingplatform.com\/pe\/wp-json\/wp\/v2\/pages\/32422\/revisions"}],"predecessor-version":[{"id":52608,"href":"https:\/\/marketingplatform.com\/pe\/wp-json\/wp\/v2\/pages\/32422\/revisions\/52608"}],"up":[{"embeddable":true,"href":"https:\/\/marketingplatform.com\/pe\/wp-json\/wp\/v2\/pages\/17519"}],"wp:attachment":[{"href":"https:\/\/marketingplatform.com\/pe\/wp-json\/wp\/v2\/media?parent=32422"}],"wp:term":[{"taxonomy":"category","embeddable":true,"href":"https:\/\/marketingplatform.com\/pe\/wp-json\/wp\/v2\/categories?post=32422"},{"taxonomy":"post_tag","embeddable":true,"href":"https:\/\/marketingplatform.com\/pe\/wp-json\/wp\/v2\/tags?post=32422"},{"taxonomy":"yst_prominent_words","embeddable":true,"href":"https:\/\/marketingplatform.com\/pe\/wp-json\/wp\/v2\/yst_prominent_words?post=32422"}],"curies":[{"name":"wp","href":"https:\/\/api.w.org\/{rel}","templated":true}]}}