{"id":32404,"date":"2019-05-03T10:43:58","date_gmt":"2019-05-03T08:43:58","guid":{"rendered":"https:\/\/marketingplatform.com\/kino-dk-bruger-emailplatform\/"},"modified":"2020-02-28T09:56:21","modified_gmt":"2020-02-28T08:56:21","slug":"kino-dk-utiliza-marketingplatform","status":"publish","type":"page","link":"https:\/\/marketingplatform.com\/pe\/kino-dk-utiliza-marketingplatform\/","title":{"rendered":"Kino.dk utiliza MarketingPlatform"},"content":{"rendered":"\n[et_pb_section fb_built=&#8221;1&#8243; _builder_version=&#8221;3.22.3&#8243;][et_pb_row _builder_version=&#8221;3.25&#8243;][et_pb_column type=&#8221;4_4&#8243; _builder_version=&#8221;3.25&#8243; custom_padding=&#8221;|||&#8221; custom_padding__hover=&#8221;|||&#8221;][et_pb_image src=&#8221;https:\/\/marketingplatform.com\/wp-content\/uploads\/2018\/02\/kinodk.png&#8221; align_tablet=&#8221;center&#8221; align_phone=&#8221;&#8221; align_last_edited=&#8221;on|desktop&#8221; _builder_version=&#8221;3.23.3&#8243; max_width=&#8221;25%&#8221; max_width_tablet=&#8221;60%&#8221; max_width_phone=&#8221;&#8221; max_width_last_edited=&#8221;on|phone&#8221; module_alignment=&#8221;center&#8221;]&nbsp;\r[\/et_pb_image][\/et_pb_column][\/et_pb_row][et_pb_row _builder_version=&#8221;3.25&#8243; background_size=&#8221;initial&#8221; background_position=&#8221;top_left&#8221; background_repeat=&#8221;repeat&#8221; max_width=&#8221;1025px&#8221; use_custom_width=&#8221;on&#8221; custom_width_px=&#8221;1025px&#8221;][et_pb_column type=&#8221;4_4&#8243; _builder_version=&#8221;3.25&#8243; custom_padding=&#8221;|||&#8221; custom_padding__hover=&#8221;|||&#8221;][et_pb_text _builder_version=&#8221;3.27.4&#8243;]<h1>La herramienta de marketing m\u00e1s importante de kino.dk es Email Marketing.<\/h1>\n<p style=\"text-align: justify;\"><em>kino.dk fue fundada en 2008 y es hoy el sitio web de pel\u00edculas m\u00e1s grande de Dinamarca. El sitio web es propiedad conjunta de Nordisk Film y CinemaxX. En kino.dk puede encontrar entradas para m\u00e1s de 50 cines en Dinamarca seg\u00fan el mismo concepto que el portal de viajes Momondo, que re\u00fane los precios de una gran cantidad de compa\u00f1\u00edas de viajes. Puede buscar pel\u00edculas, despu\u00e9s de lo cual se muestra una vista general de las ciudades y cines en que se puede ver la pel\u00edcula. Adem\u00e1s de esto, hay muchas noticias del mundo del cine, debate, blog y podcast.<\/em><\/p>[\/et_pb_text][\/et_pb_column][\/et_pb_row][\/et_pb_section][et_pb_section fb_built=&#8221;1&#8243; _builder_version=&#8221;3.22.3&#8243; background_color=&#8221;#dee7f1&#8243;][et_pb_row _builder_version=&#8221;3.25&#8243; background_size=&#8221;initial&#8221; background_position=&#8221;top_left&#8221; background_repeat=&#8221;repeat&#8221; max_width=&#8221;1025px&#8221; use_custom_width=&#8221;on&#8221; custom_width_px=&#8221;1025px&#8221; column_structure=&#8221;1_2,1_2&#8243;][et_pb_column type=&#8221;1_2&#8243; _builder_version=&#8221;3.25&#8243; custom_padding=&#8221;|||&#8221; custom_padding__hover=&#8221;|||&#8221;][et_pb_text _builder_version=&#8221;3.27.4&#8243;]<p style=\"text-align: justify;\">La herramienta de comunicaci\u00f3n y marketing m\u00e1s importante para kino.dk es el Email Marketing, donde tienen una gran base de datos de muchos lectores de boletines.<\/p>\n\n<p style=\"text-align: justify;\">kino.dk no utiliza estrategias de marketing en Facebook, Google Ads ni nada por el estilo, por lo que es importante tener una lista s\u00f3lida de destinatarios del bolet\u00edn y una plataforma asociada de correo electr\u00f3nico fuerte y efectiva.<\/p>\n<p style=\"text-align: justify;\"><span>En kino.dk la comunicaci\u00f3n 1 a 1 es muy importante, por eso el marketing por correo electr\u00f3nico es completamente obvio. Aqu\u00ed se trabaja en el env\u00edo autom\u00e1tico de correos electr\u00f3nicos a sus usuarios con recordatorios de reservaciones para entradas de cine o correos electr\u00f3nicos de seguimiento con preguntas sobre la experiencia cinematogr\u00e1fica, del mismo modo que los usuarios reciben noticias relevantes dos veces por semana.<\/span><\/p>\n<p style=\"text-align: justify;\"><span>Kino.dk ha elegido MarketingPlatform como la plataforma de Email Marketing por varias razones. Daniel Bentien, jefe de redacci\u00f3n \/ jefe de contenido, explica: \u201cHemos elegido MarketingPlatform, porque necesit\u00e1bamos un sistema intuitivo y f\u00e1cil de usar, que nos asegurara que en unos minutos pudi\u00e9ramos crear un buen bolet\u00edn y enviarlo a nuestra gran base de datos de suscriptores. Trabajamos con una serie de plantillas predefinidas, donde podemos arrastrar y soltar r\u00e1pidamente el contenido, cambiar las im\u00e1genes y trabajar con el mismo, para que en unos minutos tengamos listo el pr\u00f3ximo bolet\u00edn\u201d.<\/span><\/p>[\/et_pb_text][\/et_pb_column][et_pb_column type=&#8221;1_2&#8243; _builder_version=&#8221;3.25&#8243; custom_padding=&#8221;|||&#8221; custom_padding__hover=&#8221;|||&#8221;][et_pb_image src=&#8221;https:\/\/marketingplatform.com\/wp-content\/uploads\/2018\/11\/kido-dk-mobile.png&#8221; align_tablet=&#8221;center&#8221; align_phone=&#8221;&#8221; align_last_edited=&#8221;on|desktop&#8221; _builder_version=&#8221;3.23&#8243; max_width=&#8221;66%&#8221; module_alignment=&#8221;center&#8221; animation_style=&#8221;slide&#8221;]&nbsp;\r[\/et_pb_image][\/et_pb_column][\/et_pb_row][\/et_pb_section][et_pb_section fb_built=&#8221;1&#8243; _builder_version=&#8221;3.22.3&#8243;][et_pb_row _builder_version=&#8221;3.25&#8243; background_size=&#8221;initial&#8221; background_position=&#8221;top_left&#8221; background_repeat=&#8221;repeat&#8221; max_width=&#8221;1025px&#8221; use_custom_width=&#8221;on&#8221; custom_width_px=&#8221;1025px&#8221;][et_pb_column type=&#8221;4_4&#8243; _builder_version=&#8221;3.25&#8243; custom_padding=&#8221;|||&#8221; custom_padding__hover=&#8221;|||&#8221;][et_pb_text _builder_version=&#8221;4.0.2&#8243; text_font=&#8221;||||||||&#8221; text_orientation=&#8221;justified&#8221; hover_enabled=&#8221;0&#8243;]<blockquote>\n<p><span>\u201cHemos elegido MarketingPlatform debido a la plataforma intuitiva, los buenos precios y el r\u00e1pido soporte dan\u00e9s. Adem\u00e1s, la soluci\u00f3n GDPR en la plataforma nos brinda la seguridad necesaria para proteger los datos de nuestros usuarios seg\u00fan lo exige la ley \u201c. \u2013 Daniel Bentien, kino.dk<\/span><\/p>\n<\/blockquote>\n<p>Daniel Bentien tambi\u00e9n destaca los precios en MarketingPlatform: \u201cLos precios en MarketingPlatform son significativamente m\u00e1s baratos que nuestra soluci\u00f3n anterior de Email Marketing\u201d.<\/p>\n<p>Daniel Bentien tambi\u00e9n menciona el soporte al cliente como una funci\u00f3n muy importante: \u201cTenemos un di\u00e1logo bueno y f\u00e1cil con el soporte al cliente y, al mismo tiempo, el soporte es muy r\u00e1pido\u201d.<\/p>\n<p>Charli Bregnballe, Responsable de Operaciones y Desarrollo, agrega: \u201cLa v\u00eda de comunicaci\u00f3n con la plataforma de correo electr\u00f3nico funciona realmente bien. Hablamos con un soporte dan\u00e9s que trabaja tan estrechamente con nosotros que entiende muy bien nuestra soluci\u00f3n \u201c.<\/p>\n<p>Adem\u00e1s de la configuraci\u00f3n habitual, MarketingPlatform tambi\u00e9n nos ha ayudado en el proceso de integraci\u00f3n de datos, as\u00ed como en un proceso de lavado de datos para que los destinatarios ineficientes se clasificasen. \u201cDespu\u00e9s de esto vimos tasas de entrega y tasas de apertura significativamente m\u00e1s altas\u201d, dice Charli Bregnballe.<\/p>\n<p>Charli Bregnballe tambi\u00e9n destaca las caracter\u00edsticas GDPR de MarketingPlatform como una caracter\u00edstica potente e importante. \u201cLa soluci\u00f3n se implementa de una manera elegante y f\u00e1cil de usar. La plataforma de correo electr\u00f3nico nos ha brindado un tiempo suficiente para explicarnos c\u00f3mo funciona la soluci\u00f3n GDPR. Es muy importante para nosotros en el caso de que alg\u00fan d\u00eda la Inspecci\u00f3n de Datos nos toque la puerta. Estamos listos para explicar exactamente lo que est\u00e1 sucediendo en nuestra compa\u00f1\u00eda para proteger los datos de nuestros usuarios seg\u00fan lo exige la ley \u201c.<\/p>\n<blockquote>\n<p><span>\u201cLa soluci\u00f3n se implementa de una manera elegante y f\u00e1cil de usar. La plataforma de correo electr\u00f3nico nos ha brindado un tiempo suficiente para explicarnos c\u00f3mo funciona la soluci\u00f3n GDPR \u201c. \u2013 Charli Bregnballe, kino.dk<\/span><\/p>\n<\/blockquote>\n<p>El siguiente paso para usar el marketing por correo electr\u00f3nico para kino.dk es trabajar con la segmentaci\u00f3n avanzada en la plataforma de correo electr\u00f3nico donde, por ejemplo, comience a enviar correos electr\u00f3nicos a los destinatarios de sus boletines de noticias en funci\u00f3n de los g\u00e9neros de pel\u00edculas en los que los destinatarios generalmente han mostrado inter\u00e9s.<\/p>\n<p>La funci\u00f3n One-To-Many debe estar integrada para que la plataforma pueda trabajar con datos profundos y tambi\u00e9n les permita mirar el historial de tickets comprados de los usuarios individuales para poder adaptar los correos electr\u00f3nicos de la mejor manera posible y hacer que estos correos electr\u00f3nicos sean relevantes tanto como sea posible.<\/p>\n<p><span>Cont\u00e1ctenos al +51 926 625 958, si quiere usar MarketingPlatform de la misma manera que lo ha hecho kino.dk o escribe un mail a\u00a0<\/span><a href=\"mailto:luis@marketingplatform.com\">luis@marketingplatform.com<\/a><\/p>\n[\/et_pb_text][\/et_pb_column][\/et_pb_row][\/et_pb_section]\n","protected":false},"excerpt":{"rendered":"<p>&nbsp; La herramienta de marketing m\u00e1s importante de kino.dk es Email Marketing. kino.dk fue fundada en 2008 y es hoy el sitio web de pel\u00edculas m\u00e1s grande de Dinamarca. El sitio web es propiedad conjunta de Nordisk Film y CinemaxX. En kino.dk puede encontrar entradas para m\u00e1s de 50 cines en Dinamarca seg\u00fan el mismo [&hellip;]<\/p>\n","protected":false},"author":50,"featured_media":0,"parent":0,"menu_order":0,"comment_status":"closed","ping_status":"closed","template":"","meta":{"_et_pb_use_builder":"on","_et_pb_old_content":"","_et_gb_content_width":"","footnotes":""},"categories":[],"tags":[],"yst_prominent_words":[11568,6539,11569,11564,11563,11561,11559,11558,11640,11567,11570,11565,11560,11573,11566,11642,11572,11641,11571,11562],"_links":{"self":[{"href":"https:\/\/marketingplatform.com\/pe\/wp-json\/wp\/v2\/pages\/32404"}],"collection":[{"href":"https:\/\/marketingplatform.com\/pe\/wp-json\/wp\/v2\/pages"}],"about":[{"href":"https:\/\/marketingplatform.com\/pe\/wp-json\/wp\/v2\/types\/page"}],"author":[{"embeddable":true,"href":"https:\/\/marketingplatform.com\/pe\/wp-json\/wp\/v2\/users\/50"}],"replies":[{"embeddable":true,"href":"https:\/\/marketingplatform.com\/pe\/wp-json\/wp\/v2\/comments?post=32404"}],"version-history":[{"count":2,"href":"https:\/\/marketingplatform.com\/pe\/wp-json\/wp\/v2\/pages\/32404\/revisions"}],"predecessor-version":[{"id":52612,"href":"https:\/\/marketingplatform.com\/pe\/wp-json\/wp\/v2\/pages\/32404\/revisions\/52612"}],"wp:attachment":[{"href":"https:\/\/marketingplatform.com\/pe\/wp-json\/wp\/v2\/media?parent=32404"}],"wp:term":[{"taxonomy":"category","embeddable":true,"href":"https:\/\/marketingplatform.com\/pe\/wp-json\/wp\/v2\/categories?post=32404"},{"taxonomy":"post_tag","embeddable":true,"href":"https:\/\/marketingplatform.com\/pe\/wp-json\/wp\/v2\/tags?post=32404"},{"taxonomy":"yst_prominent_words","embeddable":true,"href":"https:\/\/marketingplatform.com\/pe\/wp-json\/wp\/v2\/yst_prominent_words?post=32404"}],"curies":[{"name":"wp","href":"https:\/\/api.w.org\/{rel}","templated":true}]}}