{"id":17539,"date":"2018-10-01T13:38:57","date_gmt":"2018-10-01T11:38:57","guid":{"rendered":"https:\/\/marketingplatform.com\/thanks-free-trial\/"},"modified":"2019-03-01T09:55:48","modified_gmt":"2019-03-01T08:55:48","slug":"gracias","status":"publish","type":"page","link":"https:\/\/marketingplatform.com\/pe\/gracias\/","title":{"rendered":"Thanks Free Trial"},"content":{"rendered":"<p>[et_pb_section fb_built=&#8221;1&#8243; admin_label=&#8221;section&#8221; _builder_version=&#8221;3.0.74&#8243; custom_padding=&#8221;30px|||&#8221; transparent_background=&#8221;off&#8221;][et_pb_row admin_label=&#8221;row&#8221; _builder_version=&#8221;3.0.47&#8243; background_size=&#8221;initial&#8221; background_position=&#8221;top_left&#8221; background_repeat=&#8221;repeat&#8221;][et_pb_column type=&#8221;4_4&#8243; _builder_version=&#8221;3.0.47&#8243; parallax=&#8221;off&#8221; parallax_method=&#8221;on&#8221;][et_pb_text admin_label=&#8221;Text&#8221; _builder_version=&#8221;3.19.9&#8243; background_size=&#8221;initial&#8221; background_position=&#8221;top_left&#8221; background_repeat=&#8221;repeat&#8221; use_border_color=&#8221;off&#8221; border_style=&#8221;solid&#8221;]<\/p>\n<h1>Gracias por registrarte para una prueba gratuita de 14 d\u00edas<\/h1>\n<p>Como primer paso revisaremos la informaci\u00f3n que nos ha enviado y despu\u00e9s te enviaremos todos los detalles para usar tu cuenta.<\/p>\n<p>Una vez que la cuenta est\u00e1 verificada, nuestro equipo de soporte se pondr\u00e1 en contacto para realizar una introducci\u00f3n personal al sistema MarketingPlatform. Te ayudaremos a configurarlo y a responder las preguntas iniciales que tengas y te ayudaremos a dar rienda suelta a tu creatividad en las comunicaciones.<\/p>\n<h3>Dinos cuando te conviene una presentaci\u00f3n personalizada<\/h3>\n<p>Solo tienes que responder al correo electr\u00f3nico de bienvenida que acabas de recibir con el horario m\u00e1s conveniente. La introducci\u00f3n se lleva a cabo por tel\u00e9fono y online usando la pantalla compartida (donde ver\u00e1s nuestra pantalla).<\/p>\n<p>Ser\u00e1, como mucho, una presentaci\u00f3n entre 30-60 minutos. Juntos configuraremos el sistema, importaremos tus contactos, configuraremos un formulario de registro y adaptaremos una de nuestras plantillas est\u00e1ndar. Despu\u00e9s de esta introducci\u00f3n, estar\u00e1s listo para enviar tu primer newsletter con MarketingPlatform.<\/p>\n<h3>Servicio exclusivo para clientes serios.<\/h3>\n<p>La reputaci\u00f3n de nuestros clientes y la nuestra como proveedor de servicios es primordial, por lo tanto, nos reservamos el derecho de NO configurar a cualquier empresa en el sistema si determinamos que el perfil no coincide con nuestra \u00e9tica comercial. Sin embargo, siempre ser\u00e1 contactado para una discusi\u00f3n si consideramos que el negocio no parece ser una buena opci\u00f3n.<\/p>\n<p><span style=\"font-size: 16px;\">Gracias una vez m\u00e1s por elegir MarketingPlatform como tu herramienta de automatizaci\u00f3n de marketing.<\/span><\/p>\n<p><span style=\"font-size: 16px;\">Atentamente,<\/span><\/p>\n<h5>MarketingPlatform<\/h5>\n<h5>Luis Rodriguez, Country Partner<\/h5>\n<h6><a href=\"mailto:luis@marketingplatform.com\">luis@marketingplatform.com<\/a><\/h6>\n<p>[\/et_pb_text][\/et_pb_column][\/et_pb_row][\/et_pb_section]<\/p>\n","protected":false},"excerpt":{"rendered":"<p>Gracias por registrarte para una prueba gratuita de 14 d\u00edas Como primer paso revisaremos la informaci\u00f3n que nos ha enviado y despu\u00e9s te enviaremos todos los detalles para usar tu cuenta. Una vez que la cuenta est\u00e1 verificada, nuestro equipo de soporte se pondr\u00e1 en contacto para realizar una introducci\u00f3n personal al sistema MarketingPlatform. Te [&hellip;]<\/p>\n","protected":false},"author":50,"featured_media":0,"parent":0,"menu_order":0,"comment_status":"closed","ping_status":"closed","template":"","meta":{"_et_pb_use_builder":"on","_et_pb_old_content":"","_et_gb_content_width":"","footnotes":""},"categories":[],"tags":[],"yst_prominent_words":[1377,4987,180,4930,4441,5020,1491,4954,1381,5019],"_links":{"self":[{"href":"https:\/\/marketingplatform.com\/pe\/wp-json\/wp\/v2\/pages\/17539"}],"collection":[{"href":"https:\/\/marketingplatform.com\/pe\/wp-json\/wp\/v2\/pages"}],"about":[{"href":"https:\/\/marketingplatform.com\/pe\/wp-json\/wp\/v2\/types\/page"}],"author":[{"embeddable":true,"href":"https:\/\/marketingplatform.com\/pe\/wp-json\/wp\/v2\/users\/50"}],"replies":[{"embeddable":true,"href":"https:\/\/marketingplatform.com\/pe\/wp-json\/wp\/v2\/comments?post=17539"}],"version-history":[{"count":0,"href":"https:\/\/marketingplatform.com\/pe\/wp-json\/wp\/v2\/pages\/17539\/revisions"}],"wp:attachment":[{"href":"https:\/\/marketingplatform.com\/pe\/wp-json\/wp\/v2\/media?parent=17539"}],"wp:term":[{"taxonomy":"category","embeddable":true,"href":"https:\/\/marketingplatform.com\/pe\/wp-json\/wp\/v2\/categories?post=17539"},{"taxonomy":"post_tag","embeddable":true,"href":"https:\/\/marketingplatform.com\/pe\/wp-json\/wp\/v2\/tags?post=17539"},{"taxonomy":"yst_prominent_words","embeddable":true,"href":"https:\/\/marketingplatform.com\/pe\/wp-json\/wp\/v2\/yst_prominent_words?post=17539"}],"curies":[{"name":"wp","href":"https:\/\/api.w.org\/{rel}","templated":true}]}}