{"id":17533,"date":"2018-10-01T13:38:03","date_gmt":"2018-10-01T11:38:03","guid":{"rendered":"https:\/\/marketingplatform.com\/sobre-nosotros\/etica-de-negocios\/"},"modified":"2019-11-07T13:16:56","modified_gmt":"2019-11-07T12:16:56","slug":"etica-de-negocios","status":"publish","type":"page","link":"https:\/\/marketingplatform.com\/pe\/sobre-nosotros\/etica-de-negocios\/","title":{"rendered":"\u00c9tica de negocios"},"content":{"rendered":"<p>[et_pb_section fb_built=&#8221;1&#8243; admin_label=&#8221;section&#8221; _builder_version=&#8221;3.22.3&#8243; custom_padding=&#8221;0px|0px|54px|0px&#8221; transparent_background=&#8221;off&#8221;][et_pb_row admin_label=&#8221;row&#8221; _builder_version=&#8221;3.25&#8243; background_size=&#8221;initial&#8221; background_position=&#8221;top_left&#8221; background_repeat=&#8221;repeat&#8221; custom_padding=&#8221;50px|0px|27px|0px&#8221;][et_pb_column type=&#8221;4_4&#8243; _builder_version=&#8221;3.25&#8243; custom_padding=&#8221;|||&#8221; custom_padding__hover=&#8221;|||&#8221;][et_pb_text admin_label=&#8221;Text&#8221; _builder_version=&#8221;3.27.4&#8243; background_size=&#8221;initial&#8221; background_position=&#8221;top_left&#8221; background_repeat=&#8221;repeat&#8221; text_orientation=&#8221;center&#8221; module_alignment=&#8221;center&#8221; use_border_color=&#8221;off&#8221; border_style=&#8221;solid&#8221;]<\/p>\n<h1>\u00c9tica de negocios<\/h1>\n<p>Tu reputaci\u00f3n es nuestra reputaci\u00f3n<\/p>\n<p>[\/et_pb_text][et_pb_text admin_label=&#8221;Text&#8221; _builder_version=&#8221;3.27.4&#8243; background_size=&#8221;initial&#8221; background_position=&#8221;top_left&#8221; background_repeat=&#8221;repeat&#8221; use_border_color=&#8221;off&#8221; border_style=&#8221;solid&#8221;]<\/p>\n<p>En MarketingPlatform aceptamos nuestras responsabilidades hacia toda nuestra gente en todos los niveles<br \/>\u2013 ya sean nuestros clientes, nuestros proveedores, los miembros de nuestro equipo o nuestras familias. Vemos esto no como una carga, sino como un principio rector para lograr la felicidad y el \u00e9xito personal, corporativo y del cliente.<\/p>\n<p>Como una de las compa\u00f1\u00edas de automatizaci\u00f3n de marketing m\u00e1s grandes de la regi\u00f3n n\u00f3rdica, somos saludables y agradecidos a nadie m\u00e1s que a nuestros clientes, nuestra conciencia, nuestro compromiso de innovar y un deseo genuino de hacer una diferencia.<\/p>\n<p>De manera m\u00e1s visible, esto se manifiesta en nosotros regalando nuestro software a organizaciones ben\u00e9ficas y sin fines de lucro aprobadas en todo el mundo. Puede leer m\u00e1s sobre nuestras iniciativas sin fines de lucro<span>\u00a0<\/span><a href=\"https:\/\/marketingplatform.com\/es\/sobre-nosotros\/non-profit\/\">aqu\u00ed<\/a>. Sin embargo, eso en s\u00ed mismo es solo la punta del iceberg.<\/p>\n<p><strong>Leer nuestras condiciones<span>\u00a0<\/span><a href=\"https:\/\/marketingplatform.com\/es\/terminos-y-condiciones-generales-de-uso\/\">aqu\u00ed<\/a>.<\/strong><\/p>\n<p><strong>Leer nuestro acuerdo de procesamiento de datos<span>\u00a0<\/span><a href=\"https:\/\/marketingplatform.com\/es\/acuerdo-de-procesamiento-de-datos\/\">aqu\u00ed<\/a>.<\/strong><\/p>\n<h4><\/h4>\n<p>[\/et_pb_text][\/et_pb_column][\/et_pb_row][\/et_pb_section][et_pb_section fb_built=&#8221;1&#8243; admin_label=&#8221;Section&#8221; _builder_version=&#8221;4.0.2&#8243; background_color=&#8221;#f5f8fb&#8221; hover_enabled=&#8221;0&#8243; transparent_background=&#8221;off&#8221;][et_pb_row admin_label=&#8221;Row&#8221; _builder_version=&#8221;3.25&#8243; background_size=&#8221;initial&#8221; background_position=&#8221;top_left&#8221; background_repeat=&#8221;repeat&#8221;][et_pb_column type=&#8221;4_4&#8243; _builder_version=&#8221;3.25&#8243; custom_padding=&#8221;|||&#8221; custom_padding__hover=&#8221;|||&#8221;][et_pb_text admin_label=&#8221;Text&#8221; _builder_version=&#8221;3.27.4&#8243; background_size=&#8221;initial&#8221; background_position=&#8221;top_left&#8221; background_repeat=&#8221;repeat&#8221; use_border_color=&#8221;off&#8221; border_style=&#8221;solid&#8221;]<\/p>\n<h3>Clientes de todo tipo<\/h3>\n<p>La confianza que nuestros muchos clientes demuestran en nosotros es genuinamente humilde, y tenemos la suerte de estar trabajando con algunas de las marcas n\u00f3rdicas e internacionales m\u00e1s conocidas del mundo. Pero a decir verdad, ning\u00fan cliente es demasiado peque\u00f1o o demasiado grande. Apoyamos a los clientes que env\u00edan desde unos pocos cientos de correos cada mes a otros que env\u00edan m\u00e1s de 50 millones de boletines y millones de mensajes SMS. En realidad, t\u00e9cnicamente estamos enviando m\u00e1s de 20 millones de mensajes por hora.<\/p>\n<p>[\/et_pb_text][\/et_pb_column][\/et_pb_row][\/et_pb_section][et_pb_section fb_built=&#8221;1&#8243; admin_label=&#8221;Section&#8221; _builder_version=&#8221;3.22.3&#8243; transparent_background=&#8221;off&#8221;][et_pb_row admin_label=&#8221;Row&#8221; _builder_version=&#8221;3.25&#8243; background_size=&#8221;initial&#8221; background_position=&#8221;top_left&#8221; background_repeat=&#8221;repeat&#8221;][et_pb_column type=&#8221;4_4&#8243; _builder_version=&#8221;3.25&#8243; custom_padding=&#8221;|||&#8221; custom_padding__hover=&#8221;|||&#8221;][et_pb_text admin_label=&#8221;Text&#8221; _builder_version=&#8221;3.27.4&#8243; background_size=&#8221;initial&#8221; background_position=&#8221;top_left&#8221; background_repeat=&#8221;repeat&#8221; use_border_color=&#8221;off&#8221; border_style=&#8221;solid&#8221;]<\/p>\n<h3>Alcance Internacional<\/h3>\n<p>En 2017, nos estamos expandiendo a nivel mundial, trabajando en conjunto con los principales expertos locales en marketing por correo electr\u00f3nico y automatizaci\u00f3n de marketing. Actualmente tenemos empresas en Espa\u00f1a, Noruega, Canad\u00e1, Polonia, Mauricio, Zimbabwe y Sud\u00e1frica. Otros objetivos de lanzamiento a corto plazo incluyen compa\u00f1\u00edas en BeNeLux, Francia, Ir\u00e1n, Suecia, Alemania y los Estados Unidos. Dicho esto, si siente que comparte nuestro esp\u00edritu y le gustar\u00eda ser socio de MarketingPlatform en el pa\u00eds, h\u00e1ganoslo saber.<\/p>\n<p>[\/et_pb_text][\/et_pb_column][\/et_pb_row][\/et_pb_section][et_pb_section fb_built=&#8221;1&#8243; admin_label=&#8221;Section&#8221; _builder_version=&#8221;3.22.3&#8243; background_color=&#8221;#f5f8fb&#8221; transparent_background=&#8221;off&#8221;][et_pb_row admin_label=&#8221;Row&#8221; _builder_version=&#8221;3.25&#8243; background_size=&#8221;initial&#8221; background_position=&#8221;top_left&#8221; background_repeat=&#8221;repeat&#8221;][et_pb_column type=&#8221;4_4&#8243; _builder_version=&#8221;3.25&#8243; custom_padding=&#8221;|||&#8221; custom_padding__hover=&#8221;|||&#8221;][et_pb_text admin_label=&#8221;Text&#8221; _builder_version=&#8221;3.27.4&#8243; background_size=&#8221;initial&#8221; background_position=&#8221;top_left&#8221; background_repeat=&#8221;repeat&#8221; use_border_color=&#8221;off&#8221; border_style=&#8221;solid&#8221;]<\/p>\n<h3>Spammers no son bienvenidos<\/h3>\n<p>Solo nos ocupamos de lo que percibimos como remitentes serios y comprometidos. Para nosotros, un remitente serio es aquel que env\u00eda boletines de noticias, marketing de di\u00e1logo y campa\u00f1as de SMS a sus propios clientes y destinatarios legalmente recolectados. Cualquier emisor de correo no deseado se encuentra con un educado, pero firme \u201cgracias, pero no, gracias\u201d. Lo debemos tanto a nuestros propios est\u00e1ndares \u00e9ticos, y muy importante para nuestros otros clientes, para garantizar la m\u00e1s alta integridad en las campa\u00f1as que env\u00edan todos nuestros clientes. En un nivel puramente operativo, mantener a los spammers fuera de nuestro sistema garantiza que siempre podamos entregar sus boletines en la bandeja de entrada de los destinatarios.<\/p>\n<p>Como proveedor de servicios certificado, estamos sujetos (y superamos considerablemente) a requisitos de cumplimiento particularmente estrictos. Estos certifican nuestra capacidad de enviar muchos m\u00e1s correos electr\u00f3nicos a la bandeja de entrada para su negocio y nuestros otros clientes serios.<\/p>\n<p>[\/et_pb_text][\/et_pb_column][\/et_pb_row][\/et_pb_section][et_pb_section fb_built=&#8221;1&#8243; admin_label=&#8221;Section&#8221; _builder_version=&#8221;3.22.3&#8243; transparent_background=&#8221;off&#8221;][et_pb_row admin_label=&#8221;Row&#8221; _builder_version=&#8221;3.25&#8243; background_size=&#8221;initial&#8221; background_position=&#8221;top_left&#8221; background_repeat=&#8221;repeat&#8221;][et_pb_column type=&#8221;4_4&#8243; _builder_version=&#8221;3.25&#8243; custom_padding=&#8221;|||&#8221; custom_padding__hover=&#8221;|||&#8221;][et_pb_text admin_label=&#8221;Text&#8221; _builder_version=&#8221;3.27.4&#8243; background_size=&#8221;initial&#8221; background_position=&#8221;top_left&#8221; background_repeat=&#8221;repeat&#8221; use_border_color=&#8221;off&#8221; border_style=&#8221;solid&#8221;]<\/p>\n<h3>Atenci\u00f3n al cliente gratis por tel\u00e9fon, email o chat<\/h3>\n<p>Creemos que los servicios personalizados y relevantes crean la base para una relaci\u00f3n mutuamente beneficiosa a largo plazo. Un enfoque, no solo c\u00f3mo tratamos a nuestros clientes, sino tambi\u00e9n c\u00f3mo continuamos creando e innovando con nuestro producto. Nuestro \u00edndice de fidelidad habla muchos sobre este \u00e9xito. La baja tasa de abandono es el resultado de nuestra exitosa gesti\u00f3n. Por lo tanto, ofrecemos soporte gratuito por correo electr\u00f3nico y chat si cuenta con el paquete Professional, mientras que los paquetes Premium y Enterprise incluyen adem\u00e1s soporte telef\u00f3nico gratuito.<br \/> Lea m\u00e1s sobre nuestras diferentes suscripciones <a href=\"https:\/\/marketingplatform.com\/pe\/precios-e-mail-marketing\/\">aqu\u00ed.<\/a><\/p>\n<p>Puedes contactar con nosotros<span>\u00a0<\/span><a href=\"https:\/\/marketingplatform.com\/about-us\/contact-us\/\">aqu\u00ed<\/a>.<\/p>\n<p>[\/et_pb_text][\/et_pb_column][\/et_pb_row][\/et_pb_section][et_pb_section fb_built=&#8221;1&#8243; admin_label=&#8221;Section&#8221; _builder_version=&#8221;3.22.3&#8243; background_color=&#8221;#f5f8fb&#8221; transparent_background=&#8221;off&#8221;][et_pb_row admin_label=&#8221;Row&#8221; _builder_version=&#8221;3.25&#8243; background_size=&#8221;initial&#8221; background_position=&#8221;top_left&#8221; background_repeat=&#8221;repeat&#8221;][et_pb_column type=&#8221;4_4&#8243; _builder_version=&#8221;3.25&#8243; custom_padding=&#8221;|||&#8221; custom_padding__hover=&#8221;|||&#8221;][et_pb_text admin_label=&#8221;Text&#8221; _builder_version=&#8221;3.27.4&#8243; background_size=&#8221;initial&#8221; background_position=&#8221;top_left&#8221; background_repeat=&#8221;repeat&#8221; use_border_color=&#8221;off&#8221; border_style=&#8221;solid&#8221;]<\/p>\n<h3>Un extracto de nuestro libro de empleados\u2026<\/h3>\n<p>[\/et_pb_text][et_pb_testimonial admin_label=&#8221;Testimonial&#8221; _builder_version=&#8221;4.0.2&#8243; background_size=&#8221;initial&#8221; background_position=&#8221;top_left&#8221; background_repeat=&#8221;repeat&#8221; hover_enabled=&#8221;0&#8243; use_border_color=&#8221;off&#8221; border_style=&#8221;solid&#8221; background_color=&#8221;#007ada&#8221; body_text_color=&#8221;#ffffff&#8221;]<\/p>\n<p><b>Bienvenido a MarketingPlatform: juntos apuntamos m\u00e1s alto<\/b><\/p>\n<p>&nbsp;<\/p>\n<p>Estamos contentos de tenerte como empleado en nuestra Compa\u00f1\u00eda. Priorizamos el servicio al cliente m\u00e1s alto que vender a nuevos clientes. Nuestro objetivo principal es brindar excelencia en el servicio al cliente.<\/p>\n<p>Establezca tus objetivos personales y profesionales. Tenemos gran confianza en tu capacidad para lograrlos. Usa la pasi\u00f3n profesional y el mejor juicio en todas las situaciones.<br \/>Darles a nuestros clientes tiempo para ser creativos es lo que hacemos: un enfoque com\u00fan nos guiar\u00e1 en la construcci\u00f3n de la mejor automatizaci\u00f3n de marketing de clase y una compa\u00f1\u00eda de marketing omnicanal.<\/p>\n<p>MarketingPlatform es una empresa innovadora. Constantemente mejoramos, simplificamos y desarrollamos nuestra soluci\u00f3n.<br \/>MarketingPlatform es una empresa responsable. Nuestro modelo 1-1-1 est\u00e1 profundamente integrado en nuestra alma.<\/p>\n<p>La vida se trata de alcanzar metas. Solo cuando nuestros objetivos sean compartidos tendremos \u00e9xito.<\/p>\n<p>[\/et_pb_testimonial][\/et_pb_column][\/et_pb_row][\/et_pb_section]<\/p>\n","protected":false},"excerpt":{"rendered":"<p>\u00c9tica de negocios Tu reputaci\u00f3n es nuestra reputaci\u00f3nEn MarketingPlatform aceptamos nuestras responsabilidades hacia toda nuestra gente en todos los niveles\u2013 ya sean nuestros clientes, nuestros proveedores, los miembros de nuestro equipo o nuestras familias. Vemos esto no como una carga, sino como un principio rector para lograr la felicidad y el \u00e9xito personal, corporativo y [&hellip;]<\/p>\n","protected":false},"author":50,"featured_media":0,"parent":17529,"menu_order":0,"comment_status":"closed","ping_status":"closed","template":"","meta":{"_et_pb_use_builder":"on","_et_pb_old_content":"","_et_gb_content_width":"","footnotes":""},"categories":[],"tags":[],"yst_prominent_words":[1507,1493,1506,1505,1503,1342,1449,899,180,5035,1489,552,678,1492,4976,4972,1508,1639,4887,1490],"_links":{"self":[{"href":"https:\/\/marketingplatform.com\/pe\/wp-json\/wp\/v2\/pages\/17533"}],"collection":[{"href":"https:\/\/marketingplatform.com\/pe\/wp-json\/wp\/v2\/pages"}],"about":[{"href":"https:\/\/marketingplatform.com\/pe\/wp-json\/wp\/v2\/types\/page"}],"author":[{"embeddable":true,"href":"https:\/\/marketingplatform.com\/pe\/wp-json\/wp\/v2\/users\/50"}],"replies":[{"embeddable":true,"href":"https:\/\/marketingplatform.com\/pe\/wp-json\/wp\/v2\/comments?post=17533"}],"version-history":[{"count":0,"href":"https:\/\/marketingplatform.com\/pe\/wp-json\/wp\/v2\/pages\/17533\/revisions"}],"up":[{"embeddable":true,"href":"https:\/\/marketingplatform.com\/pe\/wp-json\/wp\/v2\/pages\/17529"}],"wp:attachment":[{"href":"https:\/\/marketingplatform.com\/pe\/wp-json\/wp\/v2\/media?parent=17533"}],"wp:term":[{"taxonomy":"category","embeddable":true,"href":"https:\/\/marketingplatform.com\/pe\/wp-json\/wp\/v2\/categories?post=17533"},{"taxonomy":"post_tag","embeddable":true,"href":"https:\/\/marketingplatform.com\/pe\/wp-json\/wp\/v2\/tags?post=17533"},{"taxonomy":"yst_prominent_words","embeddable":true,"href":"https:\/\/marketingplatform.com\/pe\/wp-json\/wp\/v2\/yst_prominent_words?post=17533"}],"curies":[{"name":"wp","href":"https:\/\/api.w.org\/{rel}","templated":true}]}}