{"id":17531,"date":"2018-10-01T13:37:00","date_gmt":"2018-10-01T11:37:00","guid":{"rendered":"https:\/\/marketingplatform.com\/sobre-nosotros\/contacto\/"},"modified":"2020-02-21T13:33:46","modified_gmt":"2020-02-21T12:33:46","slug":"contacto","status":"publish","type":"page","link":"https:\/\/marketingplatform.com\/pe\/sobre-nosotros\/contacto\/","title":{"rendered":"Contacto"},"content":{"rendered":"<p>[et_pb_section fb_built=&#8221;1&#8243; admin_label=&#8221;section&#8221; module_id=&#8221;industries-tablet&#8221; _builder_version=&#8221;3.23.3&#8243; transparent_background=&#8221;off&#8221;][et_pb_row custom_padding_last_edited=&#8221;on|tablet&#8221; _builder_version=&#8221;3.25&#8243; custom_padding_tablet=&#8221;||0px|&#8221; custom_padding_phone=&#8221;&#8221;][et_pb_column type=&#8221;4_4&#8243; _builder_version=&#8221;3.25&#8243; custom_padding=&#8221;|||&#8221; custom_padding__hover=&#8221;|||&#8221;][et_pb_text _builder_version=&#8221;3.27.4&#8243; text_font=&#8221;||||||||&#8221; text_orientation=&#8221;center&#8221;]<\/p>\n<h1>Contacto<\/h1>\n<p>Siempre estamos disponibles bien sea v\u00eda tel\u00e9fono, email o chat<\/p>\n<p>[\/et_pb_text][\/et_pb_column][\/et_pb_row][et_pb_row admin_label=&#8221;row&#8221; module_class=&#8221;custom_row&#8221; _builder_version=&#8221;3.25&#8243; background_size=&#8221;initial&#8221; background_position=&#8221;top_left&#8221; background_repeat=&#8221;repeat&#8221; column_structure=&#8221;1_2,1_2&#8243;][et_pb_column type=&#8221;1_2&#8243; _builder_version=&#8221;3.25&#8243; custom_padding=&#8221;|||&#8221; custom_padding__hover=&#8221;|||&#8221;][et_pb_text admin_label=&#8221;Text&#8221; _builder_version=&#8221;4.0.2&#8243; background_size=&#8221;initial&#8221; background_position=&#8221;top_left&#8221; background_repeat=&#8221;repeat&#8221; hover_enabled=&#8221;0&#8243; use_border_color=&#8221;off&#8221; border_style=&#8221;solid&#8221;]<\/p>\n<p>Siempre estamos disponibles ya sea de un cliente existente o alguien interesado en conocernos. No dudes en comunicarte con nosotros con tus preguntas, tus comentarios o incluso alguna idea brillante sobre c\u00f3mo podemos hacer las cosas a\u00fan mejor.<\/p>\n<p><strong>Oficina<\/strong>:<br \/> MarketingPlatform Per\u00fa<br \/> Calle La Madre Selva 283<br \/> Santiago de Surco. Lima<br \/> Per\u00fa<br \/> Tel. +51 926 625 958<\/p>\n<p><a href=\"mailto:ventas@marketingplatform.com\">ventas@marketingplatform.com<\/a><br \/> MarketingPlatform apoya a Save the Children \u2013 porque los ni\u00f1os son nuestro futuro.<\/p>\n<p>Ayudar a los dem\u00e1s siempre ha sido la prioridad. Es por eso que hemos lanzado nuestro programa de ayuda, como m\u00ednimo 1% de nuestros beneficios y 1% del tiempo de nuestros empleados para obras de caridad.<\/p>\n<p>&nbsp;<\/p>\n<p>[\/et_pb_text][\/et_pb_column][et_pb_column type=&#8221;1_2&#8243; _builder_version=&#8221;3.25&#8243; custom_padding=&#8221;|||&#8221; custom_padding__hover=&#8221;|||&#8221;][et_pb_map address=&#8221;Jir\u00f3n Madreselva 283, Santiago de Surco 15023, Peru&#8221; zoom_level=&#8221;17&#8243; address_lat=&#8221;-12.1186558&#8243; address_lng=&#8221;-76.9738905&#8243; admin_label=&#8221;Map&#8221; _builder_version=&#8221;3.23.3&#8243;][et_pb_map_pin pin_address=&#8221;N\u00f8rregade 12A, 6600 Vejen, Denmark&#8221; pin_address_lat=&#8221;55.47616000000001&#8243; pin_address_lng=&#8221;9.13864000000001&#8243; _builder_version=&#8221;3.23.3&#8243;][\/et_pb_map_pin][\/et_pb_map][\/et_pb_column][\/et_pb_row][\/et_pb_section]<\/p>\n","protected":false},"excerpt":{"rendered":"<p>Contacto Siempre estamos disponibles bien sea v\u00eda tel\u00e9fono, email o chatSiempre estamos disponibles ya sea de un cliente existente o alguien interesado en conocernos. No dudes en comunicarte con nosotros con tus preguntas, tus comentarios o incluso alguna idea brillante sobre c\u00f3mo podemos hacer las cosas a\u00fan mejor. Oficina: MarketingPlatform Per\u00fa Calle La Madre Selva [&hellip;]<\/p>\n","protected":false},"author":50,"featured_media":0,"parent":17529,"menu_order":0,"comment_status":"closed","ping_status":"closed","template":"","meta":{"_et_pb_use_builder":"on","_et_pb_old_content":"","_et_gb_content_width":"","footnotes":""},"categories":[],"tags":[],"yst_prominent_words":[4917,4916,451,6602,180],"_links":{"self":[{"href":"https:\/\/marketingplatform.com\/pe\/wp-json\/wp\/v2\/pages\/17531"}],"collection":[{"href":"https:\/\/marketingplatform.com\/pe\/wp-json\/wp\/v2\/pages"}],"about":[{"href":"https:\/\/marketingplatform.com\/pe\/wp-json\/wp\/v2\/types\/page"}],"author":[{"embeddable":true,"href":"https:\/\/marketingplatform.com\/pe\/wp-json\/wp\/v2\/users\/50"}],"replies":[{"embeddable":true,"href":"https:\/\/marketingplatform.com\/pe\/wp-json\/wp\/v2\/comments?post=17531"}],"version-history":[{"count":1,"href":"https:\/\/marketingplatform.com\/pe\/wp-json\/wp\/v2\/pages\/17531\/revisions"}],"predecessor-version":[{"id":51807,"href":"https:\/\/marketingplatform.com\/pe\/wp-json\/wp\/v2\/pages\/17531\/revisions\/51807"}],"up":[{"embeddable":true,"href":"https:\/\/marketingplatform.com\/pe\/wp-json\/wp\/v2\/pages\/17529"}],"wp:attachment":[{"href":"https:\/\/marketingplatform.com\/pe\/wp-json\/wp\/v2\/media?parent=17531"}],"wp:term":[{"taxonomy":"category","embeddable":true,"href":"https:\/\/marketingplatform.com\/pe\/wp-json\/wp\/v2\/categories?post=17531"},{"taxonomy":"post_tag","embeddable":true,"href":"https:\/\/marketingplatform.com\/pe\/wp-json\/wp\/v2\/tags?post=17531"},{"taxonomy":"yst_prominent_words","embeddable":true,"href":"https:\/\/marketingplatform.com\/pe\/wp-json\/wp\/v2\/yst_prominent_words?post=17531"}],"curies":[{"name":"wp","href":"https:\/\/api.w.org\/{rel}","templated":true}]}}