{"id":17525,"date":"2018-10-01T13:35:11","date_gmt":"2018-10-01T11:35:11","guid":{"rendered":"https:\/\/marketingplatform.com\/sms-marketing\/editor-sms\/"},"modified":"2019-11-07T13:02:03","modified_gmt":"2019-11-07T12:02:03","slug":"editor-sms","status":"publish","type":"page","link":"https:\/\/marketingplatform.com\/pe\/sms-marketing\/editor-sms\/","title":{"rendered":"Editor SMS"},"content":{"rendered":"<p>[et_pb_section fb_built=&#8221;1&#8243; _builder_version=&#8221;4.0.2&#8243;][et_pb_row _builder_version=&#8221;4.0.2&#8243; column_structure=&#8221;1_2,1_2&#8243;][et_pb_column _builder_version=&#8221;4.0.2&#8243; type=&#8221;1_2&#8243;][et_pb_text _builder_version=&#8221;4.0.2&#8243; hover_enabled=&#8221;0&#8243;]<\/p>\n<h1>SMS editor<\/h1>\n<p>Con el Editor SMS de MarketingPlatform usted puede verdaderamente personalizar sus comunicaciones, agregando los campos y datos personalizados que desee, y combinando din\u00e1micamente esta informaci\u00f3n en su mensaje.<\/p>\n<p>Tampoco necesita preocuparse por enviar mensajes SMS m\u00e1s largos, ya que se env\u00edan sin problemas a los destinatarios elegidos.<\/p>\n<p>Brindamos capacidad de entrega al 100% mediante el uso de proveedores de telecomunicaciones locales confiables.[\/et_pb_text][\/et_pb_column][et_pb_column _builder_version=&#8221;4.0.2&#8243; type=&#8221;1_2&#8243;][et_pb_image src=&#8221;https:\/\/marketingplatform.com\/wp-content\/uploads\/2019\/02\/sms-editor-ca.png&#8221; _builder_version=&#8221;4.0.2&#8243; hover_enabled=&#8221;0&#8243;][\/et_pb_image][\/et_pb_column][\/et_pb_row][\/et_pb_section]<\/p>\n","protected":false},"excerpt":{"rendered":"<p>SMS editor Con el Editor SMS de MarketingPlatform usted puede verdaderamente personalizar sus comunicaciones, agregando los campos y datos personalizados que desee, y combinando din\u00e1micamente esta informaci\u00f3n en su mensaje. Tampoco necesita preocuparse por enviar mensajes SMS m\u00e1s largos, ya que se env\u00edan sin problemas a los destinatarios elegidos. Brindamos capacidad de entrega al 100% [&hellip;]<\/p>\n","protected":false},"author":50,"featured_media":0,"parent":17521,"menu_order":0,"comment_status":"closed","ping_status":"closed","template":"","meta":{"_et_pb_use_builder":"on","_et_pb_old_content":"","_et_gb_content_width":"","footnotes":""},"categories":[],"tags":[],"yst_prominent_words":[6047,5992,6045,6046,6040,6032,1817,180,6049,6042,6041,6013,6048,6037,6036,4887,4033,6038,6039,6044],"_links":{"self":[{"href":"https:\/\/marketingplatform.com\/pe\/wp-json\/wp\/v2\/pages\/17525"}],"collection":[{"href":"https:\/\/marketingplatform.com\/pe\/wp-json\/wp\/v2\/pages"}],"about":[{"href":"https:\/\/marketingplatform.com\/pe\/wp-json\/wp\/v2\/types\/page"}],"author":[{"embeddable":true,"href":"https:\/\/marketingplatform.com\/pe\/wp-json\/wp\/v2\/users\/50"}],"replies":[{"embeddable":true,"href":"https:\/\/marketingplatform.com\/pe\/wp-json\/wp\/v2\/comments?post=17525"}],"version-history":[{"count":0,"href":"https:\/\/marketingplatform.com\/pe\/wp-json\/wp\/v2\/pages\/17525\/revisions"}],"up":[{"embeddable":true,"href":"https:\/\/marketingplatform.com\/pe\/wp-json\/wp\/v2\/pages\/17521"}],"wp:attachment":[{"href":"https:\/\/marketingplatform.com\/pe\/wp-json\/wp\/v2\/media?parent=17525"}],"wp:term":[{"taxonomy":"category","embeddable":true,"href":"https:\/\/marketingplatform.com\/pe\/wp-json\/wp\/v2\/categories?post=17525"},{"taxonomy":"post_tag","embeddable":true,"href":"https:\/\/marketingplatform.com\/pe\/wp-json\/wp\/v2\/tags?post=17525"},{"taxonomy":"yst_prominent_words","embeddable":true,"href":"https:\/\/marketingplatform.com\/pe\/wp-json\/wp\/v2\/yst_prominent_words?post=17525"}],"curies":[{"name":"wp","href":"https:\/\/api.w.org\/{rel}","templated":true}]}}