{"id":17503,"date":"2018-10-01T13:29:27","date_gmt":"2018-10-01T11:29:27","guid":{"rendered":"https:\/\/marketingplatform.com\/automatizacion-de-marketing\/publicacion-omnicanal\/"},"modified":"2019-07-23T10:52:13","modified_gmt":"2019-07-23T08:52:13","slug":"publicacion-omnicanal","status":"publish","type":"page","link":"https:\/\/marketingplatform.com\/pe\/automatizacion-de-marketing\/publicacion-omnicanal\/","title":{"rendered":"Publicaci\u00f3n Omnicanal"},"content":{"rendered":"<p>[et_pb_section fb_built=&#8221;1&#8243; admin_label=&#8221;section&#8221; _builder_version=&#8221;3.23.3&#8243; transparent_background=&#8221;off&#8221; module_id=&#8221;industries-tablet&#8221;][et_pb_row admin_label=&#8221;row&#8221; _builder_version=&#8221;3.23.3&#8243; background_size=&#8221;initial&#8221; background_position=&#8221;top_left&#8221; background_repeat=&#8221;repeat&#8221; module_class=&#8221;custom_row&#8221;][et_pb_column type=&#8221;2_5&#8243; _builder_version=&#8221;3.0.47&#8243;][et_pb_text admin_label=&#8221;Text&#8221; _builder_version=&#8221;3.0.87&#8243; background_size=&#8221;initial&#8221; background_position=&#8221;top_left&#8221; background_repeat=&#8221;repeat&#8221; use_border_color=&#8221;off&#8221; border_style=&#8221;solid&#8221;]<\/p>\n<h1>Publicaci\u00f3n Omnicanal<\/h1>\n<p>MarketingPlatform es una soluci\u00f3n realmente flexible y escalable, que se integra a la perfecci\u00f3n con su estrategia de marketing omnicanal.<\/p>\n<p>Al igual que usted, comprendemos la experiencia como una totalidad, viendo a trav\u00e9s de los ojos de su cliente. Por lo tanto, consideramos que nuestro rol lo ayuda a organizar la experiencia del cliente en todos los canales para que sea transparente, integrada y consistente.<br \/>Entendemos completamente que los clientes pueden comenzar su viaje en un canal y pasar a otro a medida que avanzan hacia su destino final.<\/p>\n<p>MarketingPlatform es el socio editorial ideal para sus omnicanales.<\/p>\n<p>[\/et_pb_text][\/et_pb_column][et_pb_column type=&#8221;3_5&#8243; _builder_version=&#8221;3.0.47&#8243;][et_pb_image src=&#8221;https:\/\/marketingplatform.com\/wp-content\/uploads\/2018\/10\/integrations-dk.jpg&#8221; _builder_version=&#8221;3.23.3&#8243;][\/et_pb_image][\/et_pb_column][\/et_pb_row][\/et_pb_section]<\/p>\n","protected":false},"excerpt":{"rendered":"<p>Publicaci\u00f3n Omnicanal MarketingPlatform es una soluci\u00f3n realmente flexible y escalable, que se integra a la perfecci\u00f3n con su estrategia de marketing omnicanal. Al igual que usted, comprendemos la experiencia como una totalidad, viendo a trav\u00e9s de los ojos de su cliente. Por lo tanto, consideramos que nuestro rol lo ayuda a organizar la experiencia del [&hellip;]<\/p>\n","protected":false},"author":50,"featured_media":0,"parent":17499,"menu_order":0,"comment_status":"closed","ping_status":"closed","template":"","meta":{"_et_pb_use_builder":"on","_et_pb_old_content":"","_et_gb_content_width":"","footnotes":""},"categories":[],"tags":[],"yst_prominent_words":[6047,6043,5992,6045,6031,6046,6040,6032,6049,6041,1445,680,6037,6036,3750,6050,6030,6038,6039,6044],"_links":{"self":[{"href":"https:\/\/marketingplatform.com\/pe\/wp-json\/wp\/v2\/pages\/17503"}],"collection":[{"href":"https:\/\/marketingplatform.com\/pe\/wp-json\/wp\/v2\/pages"}],"about":[{"href":"https:\/\/marketingplatform.com\/pe\/wp-json\/wp\/v2\/types\/page"}],"author":[{"embeddable":true,"href":"https:\/\/marketingplatform.com\/pe\/wp-json\/wp\/v2\/users\/50"}],"replies":[{"embeddable":true,"href":"https:\/\/marketingplatform.com\/pe\/wp-json\/wp\/v2\/comments?post=17503"}],"version-history":[{"count":0,"href":"https:\/\/marketingplatform.com\/pe\/wp-json\/wp\/v2\/pages\/17503\/revisions"}],"up":[{"embeddable":true,"href":"https:\/\/marketingplatform.com\/pe\/wp-json\/wp\/v2\/pages\/17499"}],"wp:attachment":[{"href":"https:\/\/marketingplatform.com\/pe\/wp-json\/wp\/v2\/media?parent=17503"}],"wp:term":[{"taxonomy":"category","embeddable":true,"href":"https:\/\/marketingplatform.com\/pe\/wp-json\/wp\/v2\/categories?post=17503"},{"taxonomy":"post_tag","embeddable":true,"href":"https:\/\/marketingplatform.com\/pe\/wp-json\/wp\/v2\/tags?post=17503"},{"taxonomy":"yst_prominent_words","embeddable":true,"href":"https:\/\/marketingplatform.com\/pe\/wp-json\/wp\/v2\/yst_prominent_words?post=17503"}],"curies":[{"name":"wp","href":"https:\/\/api.w.org\/{rel}","templated":true}]}}