{"id":69629,"date":"2021-07-28T11:29:19","date_gmt":"2021-07-28T09:29:19","guid":{"rendered":"https:\/\/marketingplatform.com\/integrations\/"},"modified":"2023-06-12T11:47:44","modified_gmt":"2023-06-12T09:47:44","slug":"integrationes","status":"publish","type":"page","link":"https:\/\/marketingplatform.com\/es\/integrationes\/","title":{"rendered":"Integrationes"},"content":{"rendered":"<p>[et_pb_section fb_built=&#8221;1&#8243; module_id=&#8221;industries-tablet&#8221; _builder_version=&#8221;4.16&#8243; background_image=&#8221;https:\/\/marketingplatform.com\/wp-content\/uploads\/2021\/02\/gradient-circle-right.png&#8221; background_size=&#8221;contain&#8221; background_position=&#8221;center_right&#8221; custom_margin=&#8221;||0px||false|false&#8221; custom_padding=&#8221;||0px||false|false&#8221; global_colors_info=&#8221;{}&#8221;][et_pb_row column_structure=&#8221;1_2,1_2&#8243; module_class=&#8221;custom_row&#8221; _builder_version=&#8221;4.16&#8243; global_colors_info=&#8221;{}&#8221;][et_pb_column type=&#8221;1_2&#8243; module_class=&#8221;second-on-mobile&#8221; _builder_version=&#8221;4.16&#8243; custom_padding=&#8221;80px||||false|false&#8221; custom_padding_tablet=&#8221;20px||||false|false&#8221; custom_padding_phone=&#8221;&#8221; custom_padding_last_edited=&#8221;on|tablet&#8221; global_colors_info=&#8221;{}&#8221; custom_padding__hover=&#8221;|||&#8221;][et_pb_text _builder_version=&#8221;4.16&#8243; header_font=&#8221;|800|||||||&#8221; header_font_size=&#8221;38px&#8221; global_colors_info=&#8221;{}&#8221;]<\/p>\n<h1>Integrationes<\/h1>\n<p>En MarketingPlatform, hemos facilitado y simplificado la integraci\u00f3n con una gran cantidad de sistemas de tienda web, sistemas ERP, herramientas de generaci\u00f3n de clientes potenciales de terceros, redes sociales y mucho m\u00e1s, lo que le permite enviar sus datos de un lado a otro entre MarketingPlatform y el sistema, o sistemas que utiliza.<br \/>\nPor ejemplo: env\u00ede datos desde Magento y sincronice los datos de contacto y deep data en forma de datos de compra en su cuenta de MarketingPlatform.<\/p>\n<p>Tenemos integraciones est\u00e1ndar para la gran mayor\u00eda de plataformas de tiendas web y CMS. Use nuestro conector y con\u00e9ctese a una API, escriba el c\u00f3digo en nuestra API REST, SDK o use Zapier como un centro de integraci\u00f3n.<\/p>\n<p>Las posibilidades son grandes y la flexibilidad a\u00fan mayor, lo que brinda oportunidades pr\u00e1cticamente infinitas.[\/et_pb_text][\/et_pb_column][et_pb_column type=&#8221;1_2&#8243; module_class=&#8221;first-on-mobile&#8221; _builder_version=&#8221;4.16&#8243; custom_padding=&#8221;|||&#8221; global_colors_info=&#8221;{}&#8221; custom_padding__hover=&#8221;|||&#8221;][et_pb_image src=&#8221;https:\/\/marketingplatform.com\/wp-content\/uploads\/2023\/05\/integrations-marketingplatform.png&#8221; title_text=&#8221;Marketingplatform integrationes&#8221; align_tablet=&#8221;center&#8221; align_phone=&#8221;&#8221; align_last_edited=&#8221;on|desktop&#8221; _builder_version=&#8221;4.19.5&#8243; custom_margin=&#8221;40px||&#8221; global_colors_info=&#8221;{}&#8221;][\/et_pb_image][\/et_pb_column][\/et_pb_row][\/et_pb_section][et_pb_section fb_built=&#8221;1&#8243; module_id=&#8221;industries-tablet&#8221; _builder_version=&#8221;4.16&#8243; custom_margin=&#8221;0px||||false|false&#8221; custom_padding=&#8221;0px||||false|false&#8221; global_colors_info=&#8221;{}&#8221;][et_pb_row module_class=&#8221;custom_row&#8221; _builder_version=&#8221;4.16&#8243; global_colors_info=&#8221;{}&#8221;][et_pb_column type=&#8221;4_4&#8243; _builder_version=&#8221;4.16&#8243; custom_padding=&#8221;|||&#8221; global_colors_info=&#8221;{}&#8221; custom_padding__hover=&#8221;|||&#8221;][et_pb_text _builder_version=&#8221;4.16&#8243; header_font=&#8221;|800|||||||&#8221; header_font_size=&#8221;38px&#8221; global_colors_info=&#8221;{}&#8221;]<\/p>\n<p>Ofrecemos 4 tipos diferentes de integraciones:<\/p>\n<ul>\n<li><b>Integraci\u00f3n a trav\u00e9s de m\u00f3dulos<\/b>, como nuestro m\u00f3dulo Magento que hace la interconexi\u00f3n autom\u00e1tica.<\/li>\n<li><b>Integraci\u00f3n a trav\u00e9s de nuestro Connector<\/b>, para que los contactos se puedan sincronizar. Por ejemplo: de Navision a MarketingPlatform.<\/li>\n<li><b>Integraci\u00f3n a trav\u00e9s de API y aplicaciones de terceros<\/b>, como Zapier, que env\u00eda datos de una aplicaci\u00f3n a otra (como los anuncios de clientes potenciales de Facebook a trav\u00e9s de Zapier a MarketingPlatform).<\/li>\n<li><b>Integraciones de programas de terceros <\/b>como Sleeknote y LeadFamly. Aqu\u00ed se debe utilizar nuestra API.<\/li>\n<\/ul>\n<p>Ejemplos de posibles integraciones y sistemas incluyen: Magento, Shopify, PrestaShop, WooCommerce, OpenCart, Zen Cart, OsCommerce, BigCommerce, WordPress, DanDomain, ScanNet, SmartWeb, Navision, Salesforce, e-conomic, Sleeknote, LeadFamly, Clerk.io, Scratcher.io, Raptor, webCRM, RichRelevance, Hello Retail &#8211; addwish, Episerver, Zapier y muchos m\u00e1s.<\/p>\n<p>Al enviarnos un correo electr\u00f3nico a <a href=\"mailto:support@linkmobility.dk\" class=\"underline text-blue\">support@linkmobility.dk<\/a> es posible obtener tanto archivos de muestra, como documentaci\u00f3n para la API. Con nuestro servicio web \/ API, puede crear sus propias integraciones con MarketingPlatform. Aqu\u00ed, se pueden agregar, eliminar, mantener y consultar campos separados y listas de contactos.<\/p>\n<p>[\/et_pb_text][\/et_pb_column][\/et_pb_row][\/et_pb_section][et_pb_section fb_built=&#8221;1&#8243; custom_padding_last_edited=&#8221;on|phone&#8221; module_class=&#8221;ressourcer-signup&#8221; _builder_version=&#8221;4.16&#8243; background_color=&#8221;#dee7f1&#8243; background_enable_color=&#8221;off&#8221; custom_padding=&#8221;||||false|false&#8221; custom_padding_tablet=&#8221;||||false|false&#8221; custom_padding_phone=&#8221;||||false|false&#8221; top_divider_style=&#8221;asymmetric2&#8243; top_divider_color=&#8221;#ffffff&#8221; top_divider_height=&#8221;60px&#8221; saved_tabs=&#8221;all&#8221; global_colors_info=&#8221;{}&#8221;][et_pb_row custom_padding_last_edited=&#8221;on|phone&#8221; _builder_version=&#8221;4.16&#8243; background_color=&#8221;#152872&#8243; background_size=&#8221;initial&#8221; background_position=&#8221;top_left&#8221; background_repeat=&#8221;repeat&#8221; custom_margin=&#8221;||||false|false&#8221; custom_padding=&#8221;100px||100px||false|false&#8221; custom_padding_tablet=&#8221;50px|20px|50px|20px|false|false&#8221; custom_padding_phone=&#8221;40px||||false|false&#8221; border_radii=&#8221;on|22px|22px|22px|22px&#8221; global_colors_info=&#8221;{}&#8221;][et_pb_column type=&#8221;4_4&#8243; _builder_version=&#8221;4.16&#8243; custom_padding=&#8221;|||&#8221; global_colors_info=&#8221;{}&#8221; custom_padding__hover=&#8221;|||&#8221;][et_pb_text _builder_version=&#8221;4.16&#8243; text_text_color=&#8221;#ffffff&#8221; header_2_font=&#8221;|800|||||||&#8221; header_2_text_color=&#8221;#ffffff&#8221; text_orientation=&#8221;center&#8221; global_colors_info=&#8221;{}&#8221;]<\/p>\n<h2>Pruebe MarketingPlatform GRATIS durante 14 d\u00edas<\/h2>\n<p><span style=\"color: #fff;\"><br \/>\nEl per\u00edodo de prueba es gratuito, completamente sin compromiso y caduca despu\u00e9s de 14 d\u00edas si no desea continuar.<br \/>\nCuando se registre, tambi\u00e9n recibir\u00e1 nuestro flujo educativo a trav\u00e9s de una serie de correos electr\u00f3nicos<br \/>\njunto con nuestro bolet\u00edn con actualizaciones peri\u00f3dicas.<\/span>[\/et_pb_text][et_pb_code _builder_version=&#8221;4.16&#8243; _module_preset=&#8221;default&#8221; width=&#8221;20%&#8221; width_tablet=&#8221;40%&#8221; width_phone=&#8221;95%&#8221; width_last_edited=&#8221;on|phone&#8221; module_alignment=&#8221;center&#8221; global_colors_info=&#8221;{}&#8221;]<a href=\"https:\/\/marketingplatform.com\/es\/prueba-gratis\/\"><\/p>\n<div class=\"signupbtn\" style=\"width:100%\">PRU\u00c9BANOS GRATIS<\/div>\n<p><\/a><!-- [et_pb_line_break_holder] --><\/p>\n<div class=\"clearfix\"><\/div>\n<p>[\/et_pb_code][\/et_pb_column][\/et_pb_row][\/et_pb_section]<\/p>\n","protected":false},"excerpt":{"rendered":"<p>Integrationes En MarketingPlatform, hemos facilitado y simplificado la integraci\u00f3n con una gran cantidad de sistemas de tienda web, sistemas ERP, herramientas de generaci\u00f3n de clientes potenciales de terceros, redes sociales y mucho m\u00e1s, lo que le permite enviar sus datos de un lado a otro entre MarketingPlatform y el sistema, o sistemas que utiliza. Por [&hellip;]<\/p>\n","protected":false},"author":50,"featured_media":0,"parent":0,"menu_order":0,"comment_status":"closed","ping_status":"closed","template":"","meta":{"_et_pb_use_builder":"on","_et_pb_old_content":"","_et_gb_content_width":"","footnotes":""},"categories":[],"tags":[],"yst_prominent_words":[8959,17194,15583,17465,17375,17380,13988,10995,11619],"_links":{"self":[{"href":"https:\/\/marketingplatform.com\/es\/wp-json\/wp\/v2\/pages\/69629"}],"collection":[{"href":"https:\/\/marketingplatform.com\/es\/wp-json\/wp\/v2\/pages"}],"about":[{"href":"https:\/\/marketingplatform.com\/es\/wp-json\/wp\/v2\/types\/page"}],"author":[{"embeddable":true,"href":"https:\/\/marketingplatform.com\/es\/wp-json\/wp\/v2\/users\/50"}],"replies":[{"embeddable":true,"href":"https:\/\/marketingplatform.com\/es\/wp-json\/wp\/v2\/comments?post=69629"}],"version-history":[{"count":7,"href":"https:\/\/marketingplatform.com\/es\/wp-json\/wp\/v2\/pages\/69629\/revisions"}],"predecessor-version":[{"id":236265,"href":"https:\/\/marketingplatform.com\/es\/wp-json\/wp\/v2\/pages\/69629\/revisions\/236265"}],"wp:attachment":[{"href":"https:\/\/marketingplatform.com\/es\/wp-json\/wp\/v2\/media?parent=69629"}],"wp:term":[{"taxonomy":"category","embeddable":true,"href":"https:\/\/marketingplatform.com\/es\/wp-json\/wp\/v2\/categories?post=69629"},{"taxonomy":"post_tag","embeddable":true,"href":"https:\/\/marketingplatform.com\/es\/wp-json\/wp\/v2\/tags?post=69629"},{"taxonomy":"yst_prominent_words","embeddable":true,"href":"https:\/\/marketingplatform.com\/es\/wp-json\/wp\/v2\/yst_prominent_words?post=69629"}],"curies":[{"name":"wp","href":"https:\/\/api.w.org\/{rel}","templated":true}]}}