{"id":69624,"date":"2021-07-28T11:23:18","date_gmt":"2021-07-28T09:23:18","guid":{"rendered":"https:\/\/marketingplatform.com\/automatizacion-de-marketing\/omnichannel-marketing\/"},"modified":"2021-07-30T13:24:39","modified_gmt":"2021-07-30T11:24:39","slug":"omnichannel-marketing","status":"publish","type":"page","link":"https:\/\/marketingplatform.com\/es\/automatizacion-de-marketing\/omnichannel-marketing\/","title":{"rendered":"Omnichannel marketing"},"content":{"rendered":"<p>[et_pb_section fb_built=&#8221;1&#8243; admin_label=&#8221;section&#8221; module_id=&#8221;industries-tablet&#8221; _builder_version=&#8221;4.5.3&#8243; background_enable_color=&#8221;off&#8221; transparent_background=&#8221;off&#8221;][et_pb_row admin_label=&#8221;row&#8221; module_class=&#8221;custom_row&#8221; _builder_version=&#8221;3.25&#8243; background_size=&#8221;initial&#8221; background_position=&#8221;top_left&#8221; background_repeat=&#8221;repeat&#8221;][et_pb_column type=&#8221;4_4&#8243; _builder_version=&#8221;3.25&#8243; custom_padding=&#8221;|||&#8221; custom_padding__hover=&#8221;|||&#8221;][et_pb_text _builder_version=&#8221;4.9.7&#8243; header_font=&#8221;|800|||||||&#8221; header_font_size=&#8221;36px&#8221; background_size=&#8221;initial&#8221; background_position=&#8221;top_left&#8221; background_repeat=&#8221;repeat&#8221; text_orientation=&#8221;center&#8221; use_border_color=&#8221;off&#8221;]<\/p>\n<h1>Marketing Omnicanal<\/h1>\n<p>Con MarketingPlatform, re\u00fana todos sus canales en un solo lugar, para que pueda llegar al cliente en el momento adecuado, en la plataforma adecuada y con el mensaje adecuado. Los correos electr\u00f3nicos, SMS, web, aplicaciones y redes sociales se pueden integrar y ejecutar directamente en MarketingPlatform.<\/p>\n<p>\u00bfDeber\u00eda el cliente recibir un SMS cuando finalice el taller con su veh\u00edculo, o los clientes inactivos deber\u00edan ver autom\u00e1ticamente una campa\u00f1a de remarketing en Facebook? Usted decide c\u00f3mo y cu\u00e1ndo llegar al cliente, MarketingPlatform hace el resto.[\/et_pb_text][\/et_pb_column][\/et_pb_row][\/et_pb_section][et_pb_section fb_built=&#8221;1&#8243; _builder_version=&#8221;4.5.3&#8243; _module_preset=&#8221;default&#8221; background_image=&#8221;https:\/\/marketingplatform.com\/wp-content\/uploads\/2021\/02\/gradient-circle-right.png&#8221; background_size=&#8221;contain&#8221; background_position=&#8221;center_right&#8221;][et_pb_row column_structure=&#8221;1_2,1_2&#8243; module_class=&#8221;custom_row&#8221; _builder_version=&#8221;4.5.3&#8243; _module_preset=&#8221;default&#8221;][et_pb_column type=&#8221;1_2&#8243; module_class=&#8221;second-on-mobile&#8221; _builder_version=&#8221;4.5.3&#8243; _module_preset=&#8221;default&#8221; custom_padding=&#8221;60px||||false|false&#8221; custom_padding_tablet=&#8221;10px||||false|false&#8221; custom_padding_phone=&#8221;&#8221; custom_padding_last_edited=&#8221;on|phone&#8221;][et_pb_text _builder_version=&#8221;4.9.7&#8243; header_2_font=&#8221;|800|||||||&#8221; background_size=&#8221;initial&#8221; background_position=&#8221;top_left&#8221; background_repeat=&#8221;repeat&#8221; use_border_color=&#8221;off&#8221;]<\/p>\n<h2>Email Marketing<\/h2>\n<p>Con MarketingPlatform puede crear f\u00e1cilmente campa\u00f1as de correo electr\u00f3nico inteligentes y eficaces.<\/p>\n<p>MarketingPlatform facilita la creaci\u00f3n de todo, desde simples boletines hasta campa\u00f1as avanzadas, donde el cliente recibe contenido personalizado, basado en el comportamiento anterior, datos demogr\u00e1ficos y datos recuperados de sistemas externos como sistemas ERP, POS y CRM.<\/p>\n<p>El contenido se puede descargar autom\u00e1ticamente a trav\u00e9s de Feeds. Por ejemplo: los correos electr\u00f3nicos similares a Google Shopping se pueden enviar autom\u00e1ticamente si un cliente ha completado un carrito de compras en l\u00ednea, pero no ha completado la compra.[\/et_pb_text][\/et_pb_column][et_pb_column type=&#8221;1_2&#8243; module_class=&#8221;first-on-mobile&#8221; _builder_version=&#8221;4.5.3&#8243; _module_preset=&#8221;default&#8221;][et_pb_image src=&#8221;https:\/\/marketingplatform.com\/wp-content\/uploads\/2021\/03\/drag-drop-editor.png&#8221; title_text=&#8221;drag-drop-editor&#8221; align=&#8221;right&#8221; align_tablet=&#8221;center&#8221; align_phone=&#8221;&#8221; align_last_edited=&#8221;on|phone&#8221; _builder_version=&#8221;4.5.3&#8243; width=&#8221;80%&#8221;][\/et_pb_image][\/et_pb_column][\/et_pb_row][\/et_pb_section][et_pb_section fb_built=&#8221;1&#8243; _builder_version=&#8221;4.5.3&#8243; _module_preset=&#8221;default&#8221; background_image=&#8221;https:\/\/marketingplatform.com\/wp-content\/uploads\/2021\/02\/gradient-circle-left.png&#8221; background_size=&#8221;contain&#8221; background_position=&#8221;center_left&#8221;][et_pb_row column_structure=&#8221;1_2,1_2&#8243; _builder_version=&#8221;4.5.3&#8243; _module_preset=&#8221;default&#8221;][et_pb_column type=&#8221;1_2&#8243; _builder_version=&#8221;4.5.3&#8243; _module_preset=&#8221;default&#8221;][et_pb_image src=&#8221;https:\/\/marketingplatform.com\/wp-content\/uploads\/2021\/03\/sms-campaigns.png&#8221; title_text=&#8221;sms-campaigns&#8221; align_tablet=&#8221;center&#8221; align_phone=&#8221;&#8221; align_last_edited=&#8221;on|tablet&#8221; _builder_version=&#8221;4.5.3&#8243; width=&#8221;80%&#8221;][\/et_pb_image][\/et_pb_column][et_pb_column type=&#8221;1_2&#8243; _builder_version=&#8221;4.5.3&#8243; _module_preset=&#8221;default&#8221; custom_padding=&#8221;100px||||false|false&#8221; custom_padding_tablet=&#8221;0px||||false|false&#8221; custom_padding_phone=&#8221;&#8221; custom_padding_last_edited=&#8221;on|phone&#8221;][et_pb_text _builder_version=&#8221;4.9.7&#8243; header_2_font=&#8221;|800|||||||&#8221; background_size=&#8221;initial&#8221; background_position=&#8221;top_left&#8221; background_repeat=&#8221;repeat&#8221; use_border_color=&#8221;off&#8221;]<\/p>\n<h2>Marketing por SMS<\/h2>\n<p>Puede utilizar la informaci\u00f3n del perfil de sus contactos en su SMS. Los SMS tambi\u00e9n se pueden utilizar en los flujos de viaje del cliente, al igual que cualquier otro sistema puede enviar mensajes SMS a trav\u00e9s de MarketingPlatform. Por ejemplo: las confirmaciones de reserva, las notificaciones take-away est\u00e1n listas o las utilidades que env\u00edan mensajes de alerta.<br \/>\nLos SMS se pueden integrar con ERP, CMS, CRM, Webshops o cualquier otro sistema.[\/et_pb_text][\/et_pb_column][\/et_pb_row][\/et_pb_section][et_pb_section fb_built=&#8221;1&#8243; _builder_version=&#8221;4.5.3&#8243; _module_preset=&#8221;default&#8221; background_image=&#8221;https:\/\/marketingplatform.com\/wp-content\/uploads\/2021\/02\/gradient-circle-right.png&#8221; background_size=&#8221;contain&#8221; background_position=&#8221;center_right&#8221;][et_pb_row column_structure=&#8221;1_2,1_2&#8243; module_class=&#8221;custom_row&#8221; _builder_version=&#8221;4.5.3&#8243; _module_preset=&#8221;default&#8221;][et_pb_column type=&#8221;1_2&#8243; module_class=&#8221;second-on-mobile&#8221; _builder_version=&#8221;4.5.3&#8243; _module_preset=&#8221;default&#8221; custom_padding=&#8221;60px||||false|false&#8221; custom_padding_tablet=&#8221;10px||||false|false&#8221; custom_padding_phone=&#8221;&#8221; custom_padding_last_edited=&#8221;on|phone&#8221;][et_pb_text _builder_version=&#8221;4.9.7&#8243; header_2_font=&#8221;|800|||||||&#8221; background_size=&#8221;initial&#8221; background_position=&#8221;top_left&#8221; background_repeat=&#8221;repeat&#8221; use_border_color=&#8221;off&#8221;]<\/p>\n<h2>Aplicaci\u00f3n Web<\/h2>\n<p>La funci\u00f3n de seguimiento en MarketingPlatform conecta la web, aplicaciones y otros canales con MarketingPlatform.<\/p>\n<p>La funci\u00f3n maneja cestas abandonadas, productos agregados y retirados de la cesta, pasos en el flujo de compra (pasos de pago), otros flujos, vistas de productos, mapeo de productos y categor\u00edas y, si lo desea, la funci\u00f3n tambi\u00e9n puede manejar el seguimiento del tr\u00e1fico en otros p\u00e1ginas, as\u00ed como el registro de eventos como clicks, play y download.<\/p>\n<p>Todas las acciones recopiladas se pueden utilizar para crear posibles segmentos y flujos autom\u00e1ticos. En otras palabras, hemos facilitado la comunicaci\u00f3n inteligente sobre la base de datos.[\/et_pb_text][\/et_pb_column][et_pb_column type=&#8221;1_2&#8243; module_class=&#8221;first-on-mobile&#8221; _builder_version=&#8221;4.5.3&#8243; _module_preset=&#8221;default&#8221;][et_pb_image src=&#8221;https:\/\/marketingplatform.com\/wp-content\/uploads\/2021\/03\/web-and-app-channel.png&#8221; title_text=&#8221;web-and-app-channel&#8221; align=&#8221;right&#8221; align_tablet=&#8221;center&#8221; align_phone=&#8221;&#8221; align_last_edited=&#8221;on|phone&#8221; _builder_version=&#8221;4.5.3&#8243; width=&#8221;91%&#8221; module_alignment=&#8221;right&#8221; module_alignment_tablet=&#8221;center&#8221; module_alignment_phone=&#8221;center&#8221; module_alignment_last_edited=&#8221;on|phone&#8221;][\/et_pb_image][\/et_pb_column][\/et_pb_row][\/et_pb_section][et_pb_section fb_built=&#8221;1&#8243; _builder_version=&#8221;4.5.3&#8243; _module_preset=&#8221;default&#8221; background_image=&#8221;https:\/\/marketingplatform.com\/wp-content\/uploads\/2021\/02\/gradient-circle-left.png&#8221; background_size=&#8221;contain&#8221; background_position=&#8221;center_left&#8221;][et_pb_row column_structure=&#8221;1_2,1_2&#8243; _builder_version=&#8221;4.5.3&#8243; _module_preset=&#8221;default&#8221;][et_pb_column type=&#8221;1_2&#8243; _builder_version=&#8221;4.5.3&#8243; _module_preset=&#8221;default&#8221;][et_pb_image src=&#8221;https:\/\/marketingplatform.com\/wp-content\/uploads\/2021\/03\/social-channel.png&#8221; title_text=&#8221;social-channel&#8221; align_tablet=&#8221;center&#8221; align_phone=&#8221;&#8221; align_last_edited=&#8221;on|tablet&#8221; _builder_version=&#8221;4.5.3&#8243; width=&#8221;100%&#8221; module_alignment=&#8221;left&#8221;][\/et_pb_image][\/et_pb_column][et_pb_column type=&#8221;1_2&#8243; _builder_version=&#8221;4.5.3&#8243; _module_preset=&#8221;default&#8221; custom_padding=&#8221;100px||||false|false&#8221; custom_padding_tablet=&#8221;20px||||false|false&#8221; custom_padding_phone=&#8221;0px||||false|false&#8221; custom_padding_last_edited=&#8221;on|phone&#8221;][et_pb_text _builder_version=&#8221;4.9.7&#8243; header_2_font=&#8221;|800|||||||&#8221; background_size=&#8221;initial&#8221; background_position=&#8221;top_left&#8221; background_repeat=&#8221;repeat&#8221; use_border_color=&#8221;off&#8221;]<\/p>\n<h2>Redes Sociales<\/h2>\n<p>MarketingPlatform se integra con las principales plataformas de redes sociales, por lo que puede comunicarse f\u00e1cil y espont\u00e1neamente con los clientes. Por ejemplo: se puede configurar para que las personas que no responden al marketing por correo electr\u00f3nico se muevan autom\u00e1ticamente a una campa\u00f1a de remarketing en Facebook.<\/p>\n<p>De esta manera, los destinatarios inactivos del bolet\u00edn pueden mantenerse vigentes hasta que est\u00e9n listos para comprarle nuevamente.[\/et_pb_text][\/et_pb_column][\/et_pb_row][\/et_pb_section][et_pb_section fb_built=&#8221;1&#8243; _builder_version=&#8221;4.5.3&#8243; _module_preset=&#8221;default&#8221; background_image=&#8221;https:\/\/marketingplatform.com\/wp-content\/uploads\/2021\/02\/gradient-circle-right.png&#8221; background_size=&#8221;contain&#8221; background_position=&#8221;center_right&#8221;][et_pb_row column_structure=&#8221;1_2,1_2&#8243; module_class=&#8221;custom_row&#8221; _builder_version=&#8221;4.5.3&#8243; _module_preset=&#8221;default&#8221;][et_pb_column type=&#8221;1_2&#8243; module_class=&#8221;second-on-mobile&#8221; _builder_version=&#8221;4.5.3&#8243; _module_preset=&#8221;default&#8221; custom_padding=&#8221;60px||||false|false&#8221; custom_padding_tablet=&#8221;10px||||false|false&#8221; custom_padding_phone=&#8221;&#8221; custom_padding_last_edited=&#8221;on|phone&#8221;][et_pb_text _builder_version=&#8221;4.9.7&#8243; header_2_font=&#8221;|800|||||||&#8221; background_size=&#8221;initial&#8221; background_position=&#8221;top_left&#8221; background_repeat=&#8221;repeat&#8221; use_border_color=&#8221;off&#8221;]<\/p>\n<h2>Datos<\/h2>\n<p>MarketingPlatform se integra f\u00e1cilmente con sus otras fuentes de datos, como ERP, tienda web, CRM, sistemas de pedidos y mucho m\u00e1s. Hemos construido una serie de &#8220;conectores&#8221;, que facilitan la integraci\u00f3n sin necesidad de codificaci\u00f3n.<\/p>\n<p>Y, por supuesto, tambi\u00e9n es posible conectar MarketingPlatform a trav\u00e9s de API y webhooks.[\/et_pb_text][\/et_pb_column][et_pb_column type=&#8221;1_2&#8243; module_class=&#8221;first-on-mobile&#8221; _builder_version=&#8221;4.5.3&#8243; _module_preset=&#8221;default&#8221;][et_pb_image src=&#8221;https:\/\/marketingplatform.com\/wp-content\/uploads\/2021\/03\/data-channel.png&#8221; title_text=&#8221;data-channel&#8221; align=&#8221;right&#8221; align_tablet=&#8221;center&#8221; align_phone=&#8221;&#8221; align_last_edited=&#8221;on|phone&#8221; _builder_version=&#8221;4.5.3&#8243; width=&#8221;80%&#8221;][\/et_pb_image][\/et_pb_column][\/et_pb_row][\/et_pb_section][et_pb_section fb_built=&#8221;1&#8243; custom_padding_last_edited=&#8221;on|phone&#8221; module_class=&#8221;ressourcer-signup&#8221; _builder_version=&#8221;4.5.3&#8243; background_color=&#8221;#dee7f1&#8243; background_enable_color=&#8221;off&#8221; custom_padding=&#8221;||||false|false&#8221; custom_padding_tablet=&#8221;||||false|false&#8221; custom_padding_phone=&#8221;||||false|false&#8221; top_divider_style=&#8221;asymmetric2&#8243; top_divider_color=&#8221;#ffffff&#8221; top_divider_height=&#8221;60px&#8221;][et_pb_row custom_padding_last_edited=&#8221;on|phone&#8221; _builder_version=&#8221;4.5.3&#8243; background_color=&#8221;#152872&#8243; background_size=&#8221;initial&#8221; background_position=&#8221;top_left&#8221; background_repeat=&#8221;repeat&#8221; custom_margin=&#8221;||||false|false&#8221; custom_padding=&#8221;100px||100px||false|false&#8221; custom_padding_tablet=&#8221;50px|20px|50px|20px|false|false&#8221; custom_padding_phone=&#8221;40px||||false|false&#8221; border_radii=&#8221;on|22px|22px|22px|22px&#8221;][et_pb_column type=&#8221;4_4&#8243; _builder_version=&#8221;3.25&#8243; custom_padding=&#8221;|||&#8221; custom_padding__hover=&#8221;|||&#8221;][et_pb_text _builder_version=&#8221;4.9.7&#8243; text_text_color=&#8221;#ffffff&#8221; header_2_font=&#8221;|800|||||||&#8221; header_2_text_color=&#8221;#ffffff&#8221; text_orientation=&#8221;center&#8221;]<\/p>\n<h2>Pruebe MarketingPlatform GRATIS durante 14 d\u00edas<\/h2>\n<p><span style=\"color:#fff;\">El per\u00edodo de prueba es gratuito, completamente sin compromiso y caduca despu\u00e9s de 14 d\u00edas si no desea continuar.<br \/>\nCuando se registre, tambi\u00e9n recibir\u00e1 nuestro flujo educativo a trav\u00e9s de una serie de correos electr\u00f3nicos<br \/>\njunto con nuestro bolet\u00edn con actualizaciones peri\u00f3dicas.<\/span>[\/et_pb_text][et_pb_code _builder_version=&#8221;4.9.7&#8243; _module_preset=&#8221;default&#8221; width=&#8221;20%&#8221; width_tablet=&#8221;50%&#8221; width_phone=&#8221;95%&#8221; width_last_edited=&#8221;on|tablet&#8221; module_alignment=&#8221;center&#8221; hover_enabled=&#8221;0&#8243; sticky_enabled=&#8221;0&#8243;]<a href=\"https:\/\/marketingplatform.com\/es\/prueba-gratis\/\"><\/p>\n<div class=\"signupbtn\" style=\"width:100%\">PRU\u00c9BANOS GRATIS<\/div>\n<p><\/a><!-- [et_pb_line_break_holder] --><\/p>\n<div class=\"clearfix\"><\/div>\n<p>[\/et_pb_code][\/et_pb_column][\/et_pb_row][\/et_pb_section]<\/p>\n","protected":false},"excerpt":{"rendered":"<p>Marketing Omnicanal Con MarketingPlatform, re\u00fana todos sus canales en un solo lugar, para que pueda llegar al cliente en el momento adecuado, en la plataforma adecuada y con el mensaje adecuado. Los correos electr\u00f3nicos, SMS, web, aplicaciones y redes sociales se pueden integrar y ejecutar directamente en MarketingPlatform. \u00bfDeber\u00eda el cliente recibir un SMS cuando [&hellip;]<\/p>\n","protected":false},"author":50,"featured_media":0,"parent":12936,"menu_order":0,"comment_status":"closed","ping_status":"closed","template":"","meta":{"_et_pb_use_builder":"on","_et_pb_old_content":"","_et_gb_content_width":"","footnotes":""},"categories":[],"tags":[],"yst_prominent_words":[4907,17327,6499,11619,17315],"_links":{"self":[{"href":"https:\/\/marketingplatform.com\/es\/wp-json\/wp\/v2\/pages\/69624"}],"collection":[{"href":"https:\/\/marketingplatform.com\/es\/wp-json\/wp\/v2\/pages"}],"about":[{"href":"https:\/\/marketingplatform.com\/es\/wp-json\/wp\/v2\/types\/page"}],"author":[{"embeddable":true,"href":"https:\/\/marketingplatform.com\/es\/wp-json\/wp\/v2\/users\/50"}],"replies":[{"embeddable":true,"href":"https:\/\/marketingplatform.com\/es\/wp-json\/wp\/v2\/comments?post=69624"}],"version-history":[{"count":4,"href":"https:\/\/marketingplatform.com\/es\/wp-json\/wp\/v2\/pages\/69624\/revisions"}],"predecessor-version":[{"id":69697,"href":"https:\/\/marketingplatform.com\/es\/wp-json\/wp\/v2\/pages\/69624\/revisions\/69697"}],"up":[{"embeddable":true,"href":"https:\/\/marketingplatform.com\/es\/wp-json\/wp\/v2\/pages\/12936"}],"wp:attachment":[{"href":"https:\/\/marketingplatform.com\/es\/wp-json\/wp\/v2\/media?parent=69624"}],"wp:term":[{"taxonomy":"category","embeddable":true,"href":"https:\/\/marketingplatform.com\/es\/wp-json\/wp\/v2\/categories?post=69624"},{"taxonomy":"post_tag","embeddable":true,"href":"https:\/\/marketingplatform.com\/es\/wp-json\/wp\/v2\/tags?post=69624"},{"taxonomy":"yst_prominent_words","embeddable":true,"href":"https:\/\/marketingplatform.com\/es\/wp-json\/wp\/v2\/yst_prominent_words?post=69624"}],"curies":[{"name":"wp","href":"https:\/\/api.w.org\/{rel}","templated":true}]}}