{"id":69618,"date":"2021-07-28T11:05:25","date_gmt":"2021-07-28T09:05:25","guid":{"rendered":"https:\/\/marketingplatform.com\/customer-data-platform\/"},"modified":"2021-07-30T13:23:46","modified_gmt":"2021-07-30T11:23:46","slug":"plataforma-de-datos-del-cliente","status":"publish","type":"page","link":"https:\/\/marketingplatform.com\/es\/plataforma-de-datos-del-cliente\/","title":{"rendered":"Plataforma de Datos del Cliente"},"content":{"rendered":"<p>[et_pb_section fb_built=&#8221;1&#8243; admin_label=&#8221;section&#8221; _builder_version=&#8221;4.5.3&#8243; background_enable_color=&#8221;off&#8221; custom_padding=&#8221;||0px|&#8221; box_shadow_style=&#8221;preset7&#8243; box_shadow_horizontal=&#8221;0px&#8221; box_shadow_vertical=&#8221;-140px&#8221; box_shadow_color=&#8221;#ffffff&#8221; transparent_background=&#8221;off&#8221;][et_pb_row _builder_version=&#8221;3.25&#8243; background_size=&#8221;initial&#8221; background_position=&#8221;top_left&#8221; background_repeat=&#8221;repeat&#8221;][et_pb_column type=&#8221;4_4&#8243; _builder_version=&#8221;3.25&#8243; custom_padding=&#8221;|||&#8221; custom_padding__hover=&#8221;|||&#8221;][et_pb_text _builder_version=&#8221;4.9.7&#8243; header_font=&#8221;|800|||||||&#8221; header_font_size=&#8221;38px&#8221; background_size=&#8221;initial&#8221; background_position=&#8221;top_left&#8221; background_repeat=&#8221;repeat&#8221; module_alignment=&#8221;center&#8221; custom_margin=&#8221;||0px&#8221; custom_padding=&#8221;||0px&#8221;]<\/p>\n<h1>Plataforma de Datos del Cliente<\/h1>\n<p>Con MarketingPlatform puede integrar datos directamente desde plataformas como sistemas ERP, CRM y CMS, tan f\u00e1cilmente como los datos pueden integrarse desde su tienda web, sistemas POS y socios.<\/p>\n<p>La recopilaci\u00f3n de datos de varios sistemas brinda una serie de oportunidades para conocer mejor a sus clientes. Puede recopilar informaci\u00f3n sobre c\u00f3mo compran los clientes en su tienda web y compararla con los datos de las tiendas f\u00edsicas. Del mismo modo que puede recopilar datos sobre c\u00f3mo los clientes interact\u00faan con su sitio web o su tienda web, y recopilar informaci\u00f3n sobre qu\u00e9 productos y categor\u00edas les interesan m\u00e1s.<\/p>\n<p>Los datos recopilados pueden ser de cualquier cosa, desde datos b\u00e1sicos como nombre, intereses, a qu\u00e9 tienda est\u00e1n asociados, datos transaccionales, historial de compras y datos enriquecidos con IA.[\/et_pb_text][\/et_pb_column][\/et_pb_row][et_pb_row _builder_version=&#8221;4.5.3&#8243; _module_preset=&#8221;default&#8221;][et_pb_column type=&#8221;4_4&#8243; _builder_version=&#8221;4.5.3&#8243; _module_preset=&#8221;default&#8221;][et_pb_image src=&#8221;https:\/\/marketingplatform.com\/wp-content\/uploads\/2021\/03\/CDP-orange-portrait-EN.png&#8221; alt=&#8221;customer data platform&#8221; _builder_version=&#8221;4.5.3&#8243; _module_preset=&#8221;default&#8221;][\/et_pb_image][\/et_pb_column][\/et_pb_row][\/et_pb_section][et_pb_section fb_built=&#8221;1&#8243; custom_padding_last_edited=&#8221;on|phone&#8221; module_class=&#8221;ressourcer-signup&#8221; _builder_version=&#8221;4.5.3&#8243; background_color=&#8221;#dee7f1&#8243; background_enable_color=&#8221;off&#8221; custom_padding=&#8221;||||false|false&#8221; custom_padding_tablet=&#8221;12%||||false|false&#8221; custom_padding_phone=&#8221;17%||||false|false&#8221; top_divider_style=&#8221;asymmetric2&#8243; top_divider_color=&#8221;#ffffff&#8221; top_divider_height=&#8221;60px&#8221;][et_pb_row custom_padding_last_edited=&#8221;on|phone&#8221; _builder_version=&#8221;4.5.3&#8243; background_color=&#8221;#152872&#8243; background_size=&#8221;initial&#8221; background_position=&#8221;top_left&#8221; background_repeat=&#8221;repeat&#8221; width=&#8221;83%&#8221; custom_margin=&#8221;||10px&#8221; custom_padding=&#8221;100px||100px||false|false&#8221; custom_padding_tablet=&#8221;50px|20px|50px|20px|false|false&#8221; custom_padding_phone=&#8221;40px||||false|false&#8221; border_radii=&#8221;on|22px|22px|22px|22px&#8221;][et_pb_column type=&#8221;4_4&#8243; _builder_version=&#8221;3.25&#8243; custom_padding=&#8221;|||&#8221; custom_padding__hover=&#8221;|||&#8221;][et_pb_text _builder_version=&#8221;4.9.7&#8243; header_2_font=&#8221;|800|||||||&#8221; text_orientation=&#8221;center&#8221;]<\/p>\n<h2 style = \"color:#fff;\">Pruebe MarketingPlatform GRATIS durante 14 d\u00edas<\/h2>\n<p style = \"color:#fff!important;\"> El per\u00edodo de prueba es gratuito, completamente sin compromiso y caduca despu\u00e9s de 14 d\u00edas si no desea continuar.<br \/>\nCuando se registre, tambi\u00e9n recibir\u00e1 nuestro flujo educativo a trav\u00e9s de una serie de correos electr\u00f3nicos<br \/>\njunto con nuestro bolet\u00edn con actualizaciones peri\u00f3dicas.\n <\/p>\n<p>[\/et_pb_text][et_pb_code _builder_version=&#8221;4.9.7&#8243; max_width=&#8221;20%&#8221; max_width_tablet=&#8221;50%&#8221; max_width_phone=&#8221;&#8221; max_width_last_edited=&#8221;on|tablet&#8221; module_alignment=&#8221;center&#8221; hover_enabled=&#8221;0&#8243; sticky_enabled=&#8221;0&#8243;]<a href=\"https:\/\/marketingplatform.com\/es\/prueba-gratis\/\"><\/p>\n<div class=\"signupbtn\" style=\"width:100%\">PRU\u00c9BANOS GRATIS<\/div>\n<p><\/a><!-- [et_pb_line_break_holder] --><\/p>\n<div class=\"clearfix\"><\/div>\n<p>[\/et_pb_code][\/et_pb_column][\/et_pb_row][\/et_pb_section]<\/p>\n","protected":false},"excerpt":{"rendered":"<p>Plataforma de Datos del Cliente Con MarketingPlatform puede integrar datos directamente desde plataformas como sistemas ERP, CRM y CMS, tan f\u00e1cilmente como los datos pueden integrarse desde su tienda web, sistemas POS y socios. La recopilaci\u00f3n de datos de varios sistemas brinda una serie de oportunidades para conocer mejor a sus clientes. Puede recopilar informaci\u00f3n [&hellip;]<\/p>\n","protected":false},"author":50,"featured_media":0,"parent":0,"menu_order":0,"comment_status":"closed","ping_status":"closed","template":"","meta":{"_et_pb_use_builder":"on","_et_pb_old_content":"","_et_gb_content_width":"","footnotes":""},"categories":[],"tags":[],"yst_prominent_words":[6571,15583,4910,8884,11215,7143,15580],"_links":{"self":[{"href":"https:\/\/marketingplatform.com\/es\/wp-json\/wp\/v2\/pages\/69618"}],"collection":[{"href":"https:\/\/marketingplatform.com\/es\/wp-json\/wp\/v2\/pages"}],"about":[{"href":"https:\/\/marketingplatform.com\/es\/wp-json\/wp\/v2\/types\/page"}],"author":[{"embeddable":true,"href":"https:\/\/marketingplatform.com\/es\/wp-json\/wp\/v2\/users\/50"}],"replies":[{"embeddable":true,"href":"https:\/\/marketingplatform.com\/es\/wp-json\/wp\/v2\/comments?post=69618"}],"version-history":[{"count":5,"href":"https:\/\/marketingplatform.com\/es\/wp-json\/wp\/v2\/pages\/69618\/revisions"}],"predecessor-version":[{"id":69696,"href":"https:\/\/marketingplatform.com\/es\/wp-json\/wp\/v2\/pages\/69618\/revisions\/69696"}],"wp:attachment":[{"href":"https:\/\/marketingplatform.com\/es\/wp-json\/wp\/v2\/media?parent=69618"}],"wp:term":[{"taxonomy":"category","embeddable":true,"href":"https:\/\/marketingplatform.com\/es\/wp-json\/wp\/v2\/categories?post=69618"},{"taxonomy":"post_tag","embeddable":true,"href":"https:\/\/marketingplatform.com\/es\/wp-json\/wp\/v2\/tags?post=69618"},{"taxonomy":"yst_prominent_words","embeddable":true,"href":"https:\/\/marketingplatform.com\/es\/wp-json\/wp\/v2\/yst_prominent_words?post=69618"}],"curies":[{"name":"wp","href":"https:\/\/api.w.org\/{rel}","templated":true}]}}