{"id":47904,"date":"2019-12-11T13:43:05","date_gmt":"2019-12-11T12:43:05","guid":{"rendered":"https:\/\/marketingplatform.com\/ftz-bruger-emailplatform\/"},"modified":"2020-02-28T10:16:47","modified_gmt":"2020-02-28T09:16:47","slug":"ftz-utiliza-marketingplatform","status":"publish","type":"page","link":"https:\/\/marketingplatform.com\/es\/ftz-utiliza-marketingplatform\/","title":{"rendered":"FTZ utiliza MarketingPlatform"},"content":{"rendered":"\n[et_pb_section fb_built=&#8221;1&#8243; _builder_version=&#8221;3.23.3&#8243;][et_pb_row _builder_version=&#8221;3.25&#8243;][et_pb_column type=&#8221;4_4&#8243; _builder_version=&#8221;3.25&#8243; custom_padding=&#8221;|||&#8221; custom_padding__hover=&#8221;|||&#8221;][et_pb_image src=&#8221;https:\/\/marketingplatform.com\/wp-content\/uploads\/2019\/06\/FTZLogo_UdenPayoff_2016.png&#8221; align=&#8221;center&#8221; _builder_version=&#8221;3.23.3&#8243; width=&#8221;18%&#8221; custom_padding=&#8221;||&#8221;][\/et_pb_image][et_pb_text _builder_version=&#8221;4.0.2&#8243; module_alignment=&#8221;center&#8221; hover_enabled=&#8221;0&#8243;]<h1><\/h1>\n<h1><\/h1>\n<h1>FTZ utiliza MarketingPlatform<\/h1>\n<em>FTZ Auto Parts &amp; Tools A\/S es la empresa mayorista m\u00e1s grande y m\u00e1s fuerte de Dinamarca en autopartes y herramientas, con 51 departamentos en Dinamarca y las Islas Feroe, con m\u00e1s de 1.100 empleados comprometidos y una facturaci\u00f3n de m\u00e1s de 2.3 mil millones de coronas danesas.<\/em>\n\n<p>El marketing por correo electr\u00f3nico es una parte importante de la fuerza de ventas de FTZ. Varias veces a la semana, FTZ env\u00eda boletines a sus clientes que incluyen ofertas semanales regulares, informaci\u00f3n sobre eventos e invitaciones a varios eventos, entre otros.<\/p>\n\n<p>&#8220;Es importante para nosotros tener una plataforma de marketing por correo electr\u00f3nico estable, que garantice la entrega de los correos electr\u00f3nicos semanales que nuestros clientes esperan recibir&#8221;, explica Sandra Amtsbiller, asistente de marketing en FTZ. \u201cUn bolet\u00edn con excelentes ofertas que se publica semanalmente se ha convertido en un h\u00e1bito para nuestros clientes en todo el pa\u00eds. Por eso es importante que el bolet\u00edn llegue a tiempo y se entregue a la bandeja de entrada y no quede atrapado en un filtro de correo no deseado\u201d, contin\u00faa Sandra. Por esta raz\u00f3n, en colaboraci\u00f3n con FTZ, MarketingPlatform configur\u00f3 un subdominio, as\u00ed como los registros <a href=\"https:\/\/marketingplatform.com\/es\/como-configurar-spf-dkim\/\">SPF y DKIM <\/a> para garantizar una mayor estabilidad y entrega a los clientes.<\/p>[\/et_pb_text][\/et_pb_column][\/et_pb_row][\/et_pb_section][et_pb_section fb_built=&#8221;1&#8243; prev_background_color=&#8221;#ffffff&#8221; next_background_color=&#8221;#ffffff&#8221; _builder_version=&#8221;3.23.3&#8243; background_color=&#8221;#dee7f1&#8243; custom_padding=&#8221;50px||50px&#8221; top_divider_style=&#8221;asymmetric2&#8243; top_divider_height=&#8221;61px&#8221; bottom_divider_style=&#8221;asymmetric2&#8243; bottom_divider_height=&#8221;57px&#8221; bottom_divider_flip=&#8221;vertical|horizontal&#8221;][et_pb_row use_custom_gutter=&#8221;on&#8221; make_equal=&#8221;on&#8221; _builder_version=&#8221;3.25&#8243; background_color=&#8221;rgba(0,0,0,0)&#8221;][et_pb_column type=&#8221;4_4&#8243; _builder_version=&#8221;3.25&#8243; custom_padding=&#8221;|||&#8221; custom_padding__hover=&#8221;|||&#8221;][et_pb_image src=&#8221;https:\/\/marketingplatform.com\/wp-content\/uploads\/2019\/06\/sandra-amtsbiller.png&#8221; _builder_version=&#8221;3.23.3&#8243; width=&#8221;9%&#8221; max_width=&#8221;100%&#8221; module_alignment=&#8221;center&#8221; custom_margin=&#8221;||10px&#8221; custom_padding=&#8221;||0px&#8221;][\/et_pb_image][et_pb_text _builder_version=&#8221;4.0.2&#8243; text_font=&#8221;||||||||&#8221; text_font_size=&#8221;18px&#8221; header_font=&#8221;||||||||&#8221; header_text_align=&#8221;center&#8221; text_orientation=&#8221;center&#8221; width=&#8221;70%&#8221; module_alignment=&#8221;center&#8221; custom_padding=&#8221;0px|33px|33px|33px&#8221; text_text_align=&#8221;center&#8221;]<h4>Sandra Amtsbiller, asistente de marketing, FTZ<\/h4>\n&#8220;Es importante para nosotros tener una plataforma de marketing por correo electr\u00f3nico estable, que garantice la entrega de los correos electr\u00f3nicos semanales que nuestros clientes esperan recibir&#8221;.[\/et_pb_text][\/et_pb_column][\/et_pb_row][\/et_pb_section][et_pb_section fb_built=&#8221;1&#8243; _builder_version=&#8221;3.23.3&#8243;][et_pb_row _builder_version=&#8221;3.25&#8243; custom_padding=&#8221;||0px|||&#8221;][et_pb_column type=&#8221;4_4&#8243; _builder_version=&#8221;3.25&#8243; custom_padding=&#8221;|||&#8221; custom_padding__hover=&#8221;|||&#8221;][et_pb_text _builder_version=&#8221;4.0.2&#8243; module_alignment=&#8221;center&#8221;]Para FTZ, como con la mayor\u00eda de las otras compa\u00f1\u00edas, GDPR es algo que se toma muy en serio. Esto fue algo que se tuvo en cuenta cuando se eligi\u00f3 MarketingPlatform sobre otras plataformas de marketing por correo electr\u00f3nico. &#8220;Es extremadamente importante para nosotros saber que cumplimos con las normas y que nuestros datos se almacenan de forma segura en servidores dentro de las fronteras de la UE&#8221;, contin\u00faa Sandra.[\/et_pb_text][\/et_pb_column][\/et_pb_row][et_pb_row column_structure=&#8221;1_2,1_2&#8243; _builder_version=&#8221;3.25&#8243;][et_pb_column type=&#8221;1_2&#8243; _builder_version=&#8221;3.25&#8243; custom_padding=&#8221;|||&#8221; custom_padding__hover=&#8221;|||&#8221;][et_pb_text _builder_version=&#8221;4.0.2&#8243; module_alignment=&#8221;right&#8221;]Otra parte del sistema MarketingPlatform que Sandra aprecia mucho es la facilidad de uso y el soporte. \u201cPara m\u00ed es muy f\u00e1cil y r\u00e1pido crear muchas campa\u00f1as que enviamos. Utilizo con frecuencia la funci\u00f3n \u201cVista previa\u201d en la plataforma y, por lo tanto, es r\u00e1pido y efectivo enviar campa\u00f1as a mis colegas para su aprobaci\u00f3n. Adem\u00e1s, es muy agradable que el apoyo est\u00e9 a solo una llamada de distancia. S\u00e9 que siempre puedo llamar si tengo una pregunta sobre el uso del sistema \u201d.\n\nA la fecha, se est\u00e1 realizando una gran integraci\u00f3n entre FTZ y MarketingPlatform, lo que permitir\u00e1 que los datos se sincronicen autom\u00e1ticamente de un lado a otro para que, por ejemplo, el estado del cliente se actualice autom\u00e1ticamente.\n\n&#8220;Va a hacer que mi trabajo sea mucho m\u00e1s f\u00e1cil. Estoy muy feliz de que sea posible crear este tipo de integraci\u00f3n&#8221;, dice Sandra.\n<blockquote>S\u00e9 que siempre puedo llamar si tengo una pregunta sobre el uso del sistema.<\/blockquote>\nEl equipo de marketing de FTZ visit\u00f3 la sede de MarketingPlatform en Vejen (Jutlandia, sur de Dinamarca) para hablar sobre la puesta en marcha del proyecto, de modo que los empleados pudieran recibir una amplia capacitaci\u00f3n sobre c\u00f3mo aprovechar al m\u00e1ximo el sistema. El equipo aprendi\u00f3 a crear listas, editar contactos y crear campa\u00f1as. &#8220;Fue una muy buena experiencia de aprendizaje para nosotros, y fue importante para nosotros capacitar a la mayor cantidad de empleados posible, para que podamos mantener nuestros esfuerzos de marketing por correo electr\u00f3nico funcionando constantemente durante, por ejemplo, unas vacaciones&#8221;, concluye Sandra Amtsbiller.\n\n&nbsp;[\/et_pb_text][\/et_pb_column][et_pb_column type=&#8221;1_2&#8243; _builder_version=&#8221;3.25&#8243; custom_padding=&#8221;|||&#8221; custom_padding__hover=&#8221;|||&#8221;][et_pb_image src=&#8221;https:\/\/marketingplatform.com\/wp-content\/uploads\/2019\/07\/fzk-template-mobile.png&#8221; _builder_version=&#8221;3.23.3&#8243; width=&#8221;57%&#8221; module_alignment=&#8221;center&#8221;][\/et_pb_image][\/et_pb_column][\/et_pb_row][\/et_pb_section]\n","protected":false},"excerpt":{"rendered":"<p>FTZ utiliza MarketingPlatform FTZ Auto Parts &amp; Tools A\/S es la empresa mayorista m\u00e1s grande y m\u00e1s fuerte de Dinamarca en autopartes y herramientas, con 51 departamentos en Dinamarca y las Islas Feroe, con m\u00e1s de 1.100 empleados comprometidos y una facturaci\u00f3n de m\u00e1s de 2.3 mil millones de coronas danesas. El marketing por correo [&hellip;]<\/p>\n","protected":false},"author":50,"featured_media":0,"parent":0,"menu_order":0,"comment_status":"closed","ping_status":"closed","template":"","meta":{"_et_pb_use_builder":"on","_et_pb_old_content":"","_et_gb_content_width":"","footnotes":""},"categories":[],"tags":[],"yst_prominent_words":[13968,11579,11577,13969,13959,13970,13972,13960,13973,11585,11580,13966,13962,13961,13965,11586,13967,13971,13963,13964],"_links":{"self":[{"href":"https:\/\/marketingplatform.com\/es\/wp-json\/wp\/v2\/pages\/47904"}],"collection":[{"href":"https:\/\/marketingplatform.com\/es\/wp-json\/wp\/v2\/pages"}],"about":[{"href":"https:\/\/marketingplatform.com\/es\/wp-json\/wp\/v2\/types\/page"}],"author":[{"embeddable":true,"href":"https:\/\/marketingplatform.com\/es\/wp-json\/wp\/v2\/users\/50"}],"replies":[{"embeddable":true,"href":"https:\/\/marketingplatform.com\/es\/wp-json\/wp\/v2\/comments?post=47904"}],"version-history":[{"count":5,"href":"https:\/\/marketingplatform.com\/es\/wp-json\/wp\/v2\/pages\/47904\/revisions"}],"predecessor-version":[{"id":52622,"href":"https:\/\/marketingplatform.com\/es\/wp-json\/wp\/v2\/pages\/47904\/revisions\/52622"}],"wp:attachment":[{"href":"https:\/\/marketingplatform.com\/es\/wp-json\/wp\/v2\/media?parent=47904"}],"wp:term":[{"taxonomy":"category","embeddable":true,"href":"https:\/\/marketingplatform.com\/es\/wp-json\/wp\/v2\/categories?post=47904"},{"taxonomy":"post_tag","embeddable":true,"href":"https:\/\/marketingplatform.com\/es\/wp-json\/wp\/v2\/tags?post=47904"},{"taxonomy":"yst_prominent_words","embeddable":true,"href":"https:\/\/marketingplatform.com\/es\/wp-json\/wp\/v2\/yst_prominent_words?post=47904"}],"curies":[{"name":"wp","href":"https:\/\/api.w.org\/{rel}","templated":true}]}}