{"id":31854,"date":"2019-04-18T14:08:40","date_gmt":"2019-04-18T12:08:40","guid":{"rendered":"https:\/\/marketingplatform.com\/kino-dk-bruger-emailplatform\/"},"modified":"2020-02-28T11:20:42","modified_gmt":"2020-02-28T10:20:42","slug":"kino-dk-utiliza-marketingplatform","status":"publish","type":"page","link":"https:\/\/marketingplatform.com\/es\/kino-dk-utiliza-marketingplatform\/","title":{"rendered":"Kino.dk utiliza MarketingPlatform"},"content":{"rendered":"\n[et_pb_section fb_built=&#8221;1&#8243; _builder_version=&#8221;3.22.3&#8243;][et_pb_row _builder_version=&#8221;3.25&#8243;][et_pb_column type=&#8221;4_4&#8243; _builder_version=&#8221;3.25&#8243; custom_padding=&#8221;|||&#8221; custom_padding__hover=&#8221;|||&#8221;][et_pb_image src=&#8221;https:\/\/marketingplatform.com\/wp-content\/uploads\/2018\/02\/kinodk.png&#8221; align_tablet=&#8221;center&#8221; align_phone=&#8221;&#8221; align_last_edited=&#8221;on|desktop&#8221; _builder_version=&#8221;3.23.3&#8243; max_width=&#8221;25%&#8221; max_width_tablet=&#8221;60%&#8221; max_width_phone=&#8221;&#8221; max_width_last_edited=&#8221;on|phone&#8221; module_alignment=&#8221;center&#8221;]&nbsp;\r[\/et_pb_image][\/et_pb_column][\/et_pb_row][et_pb_row _builder_version=&#8221;3.25&#8243; background_size=&#8221;initial&#8221; background_position=&#8221;top_left&#8221; background_repeat=&#8221;repeat&#8221; max_width=&#8221;1025px&#8221; use_custom_width=&#8221;on&#8221; custom_width_px=&#8221;1025px&#8221;][et_pb_column type=&#8221;4_4&#8243; _builder_version=&#8221;3.25&#8243; custom_padding=&#8221;|||&#8221; custom_padding__hover=&#8221;|||&#8221;][et_pb_text _builder_version=&#8221;3.27.4&#8243;]<h1>La herramienta de marketing m\u00e1s importante de kino.dk es Email Marketing.<\/h1>\n<p style=\"text-align: justify;\"><em>kino.dk fue fundada en 2008 y es hoy el sitio web de pel\u00edculas m\u00e1s grande de Dinamarca. El sitio web es propiedad conjunta de Nordisk Film y CinemaxX. En kino.dk puede encontrar entradas para m\u00e1s de 50 cines en Dinamarca seg\u00fan el mismo concepto que el portal de viajes Momondo, que re\u00fane los precios de una gran cantidad de compa\u00f1\u00edas de viajes. Puede buscar pel\u00edculas, despu\u00e9s de lo cual se muestra una vista general de las ciudades y cines en que se puede ver la pel\u00edcula. Adem\u00e1s de esto, hay muchas noticias del mundo del cine, debate, blog y podcast.<\/em><\/p>[\/et_pb_text][\/et_pb_column][\/et_pb_row][\/et_pb_section][et_pb_section fb_built=&#8221;1&#8243; _builder_version=&#8221;3.22.3&#8243; background_color=&#8221;#dee7f1&#8243;][et_pb_row _builder_version=&#8221;3.25&#8243; background_size=&#8221;initial&#8221; background_position=&#8221;top_left&#8221; background_repeat=&#8221;repeat&#8221; max_width=&#8221;1025px&#8221; use_custom_width=&#8221;on&#8221; custom_width_px=&#8221;1025px&#8221; column_structure=&#8221;1_2,1_2&#8243;][et_pb_column type=&#8221;1_2&#8243; _builder_version=&#8221;3.25&#8243; custom_padding=&#8221;|||&#8221; custom_padding__hover=&#8221;|||&#8221;][et_pb_text _builder_version=&#8221;3.27.4&#8243;]<p style=\"text-align: justify;\">La herramienta de comunicaci\u00f3n y marketing m\u00e1s importante para kino.dk es el Email Marketing, donde tienen una gran base de datos de muchos lectores de boletines.<\/p>\n<p style=\"text-align: justify;\">kino.dk no utiliza estrategias de marketing en Facebook, Google Ads ni nada por el estilo, por lo que es importante tener una lista s\u00f3lida de destinatarios del bolet\u00edn y una plataforma asociada de correo electr\u00f3nico fuerte y efectiva.<\/p>\n<p style=\"text-align: justify;\">En kino.dk la comunicaci\u00f3n 1 a 1 es muy importante, por eso el marketing por correo electr\u00f3nico es completamente obvio. Aqu\u00ed se trabaja en el env\u00edo autom\u00e1tico de correos electr\u00f3nicos a sus usuarios con recordatorios de reservaciones para entradas de cine o correos electr\u00f3nicos de seguimiento con preguntas sobre la experiencia cinematogr\u00e1fica, del mismo modo que los usuarios reciben noticias relevantes dos veces por semana.<\/p>\n<p style=\"text-align: justify;\">Kino.dk ha elegido MarketingPlatform como la plataforma de Email Marketing por varias razones. Daniel Bentien, jefe de redacci\u00f3n \/ jefe de contenido, explica: &#8220;Hemos elegido MarketingPlatform, porque necesit\u00e1bamos un sistema intuitivo y f\u00e1cil de usar, que nos asegurara que en unos minutos pudi\u00e9ramos crear un buen bolet\u00edn y enviarlo a nuestra gran base de datos de suscriptores. Trabajamos con una serie de plantillas predefinidas, donde podemos arrastrar y soltar r\u00e1pidamente el contenido, cambiar las im\u00e1genes y trabajar con el mismo, para que en unos minutos tengamos listo el pr\u00f3ximo bolet\u00edn\u201d.<\/p>[\/et_pb_text][\/et_pb_column][et_pb_column type=&#8221;1_2&#8243; _builder_version=&#8221;3.25&#8243; custom_padding=&#8221;|||&#8221; custom_padding__hover=&#8221;|||&#8221;][et_pb_image src=&#8221;https:\/\/marketingplatform.com\/wp-content\/uploads\/2018\/11\/kido-dk-mobile.png&#8221; align_tablet=&#8221;center&#8221; align_phone=&#8221;&#8221; align_last_edited=&#8221;on|desktop&#8221; _builder_version=&#8221;3.23&#8243; max_width=&#8221;66%&#8221; module_alignment=&#8221;center&#8221; animation_style=&#8221;slide&#8221;]&nbsp;\r[\/et_pb_image][\/et_pb_column][\/et_pb_row][\/et_pb_section][et_pb_section fb_built=&#8221;1&#8243; _builder_version=&#8221;3.22.3&#8243;][et_pb_row _builder_version=&#8221;3.25&#8243; background_size=&#8221;initial&#8221; background_position=&#8221;top_left&#8221; background_repeat=&#8221;repeat&#8221; max_width=&#8221;1025px&#8221; use_custom_width=&#8221;on&#8221; custom_width_px=&#8221;1025px&#8221;][et_pb_column type=&#8221;4_4&#8243; _builder_version=&#8221;3.25&#8243; custom_padding=&#8221;|||&#8221; custom_padding__hover=&#8221;|||&#8221;][et_pb_text _builder_version=&#8221;4.0.2&#8243; hover_enabled=&#8221;0&#8243;]<blockquote>\n<p>\u201cHemos elegido MarketingPlatform debido a la plataforma intuitiva, los buenos precios y el r\u00e1pido soporte dan\u00e9s. Adem\u00e1s, la soluci\u00f3n GDPR en la plataforma nos brinda la seguridad necesaria para proteger los datos de nuestros usuarios seg\u00fan lo exige la ley &#8220;. &#8211; Daniel Bentien, kino.dk<\/p>\n<\/blockquote>\n<p style=\"text-align: justify;\">Daniel Bentien tambi\u00e9n destaca los precios en MarketingPlatform: &#8220;Los precios en MarketingPlatform son significativamente m\u00e1s baratos que nuestra soluci\u00f3n anterior de Email Marketing&#8221;.<\/p>\n<p style=\"text-align: justify;\">Daniel Bentien tambi\u00e9n menciona el soporte al cliente como una funci\u00f3n muy importante: &#8220;Tenemos un di\u00e1logo bueno y f\u00e1cil con el soporte al cliente y, al mismo tiempo, el soporte es muy r\u00e1pido&#8221;.<\/p>\n<p style=\"text-align: justify;\">Charli Bregnballe, Responsable de Operaciones y Desarrollo, agrega: \u201cLa v\u00eda de comunicaci\u00f3n con la plataforma de correo electr\u00f3nico funciona realmente bien. Hablamos con un soporte dan\u00e9s que trabaja tan estrechamente con nosotros que entiende muy bien nuestra soluci\u00f3n &#8220;.<\/p>\n<p style=\"text-align: justify;\">Adem\u00e1s de la configuraci\u00f3n habitual, MarketingPlatform tambi\u00e9n nos ha ayudado en el proceso de integraci\u00f3n de datos, as\u00ed como en un proceso de lavado de datos para que los destinatarios ineficientes se clasificasen. &#8220;Despu\u00e9s de esto vimos tasas de entrega y tasas de apertura significativamente m\u00e1s altas&#8221;, dice Charli Bregnballe.<\/p>\n<p style=\"text-align: justify;\">Charli Bregnballe tambi\u00e9n destaca las caracter\u00edsticas GDPR de MarketingPlatform como una caracter\u00edstica potente e importante. \u201cLa soluci\u00f3n se implementa de una manera elegante y f\u00e1cil de usar. La plataforma de correo electr\u00f3nico nos ha brindado un tiempo suficiente para explicarnos c\u00f3mo funciona la soluci\u00f3n GDPR. Es muy importante para nosotros en el caso de que alg\u00fan d\u00eda la Inspecci\u00f3n de Datos nos toque la puerta. Estamos listos para explicar exactamente lo que est\u00e1 sucediendo en nuestra compa\u00f1\u00eda para proteger los datos de nuestros usuarios seg\u00fan lo exige la ley &#8220;.<\/p>\n<blockquote>\n<p>\u201cLa soluci\u00f3n se implementa de una manera elegante y f\u00e1cil de usar. La plataforma de correo electr\u00f3nico nos ha brindado un tiempo suficiente para explicarnos c\u00f3mo funciona la soluci\u00f3n GDPR &#8220;. &#8211; Charli Bregnballe, kino.dk<\/p>\n<\/blockquote>\n<p style=\"text-align: justify;\">El siguiente paso para usar el marketing por correo electr\u00f3nico para kino.dk es trabajar con la segmentaci\u00f3n avanzada en la plataforma de correo electr\u00f3nico donde, por ejemplo, comience a enviar correos electr\u00f3nicos a los destinatarios de sus boletines de noticias en funci\u00f3n de los g\u00e9neros de pel\u00edculas en los que los destinatarios generalmente han mostrado inter\u00e9s.<\/p>\n<p style=\"text-align: justify;\">La funci\u00f3n One-To-Many debe estar integrada para que la plataforma pueda trabajar con datos profundos y tambi\u00e9n les permita mirar el historial de tickets comprados de los usuarios individuales para poder adaptar los correos electr\u00f3nicos de la mejor manera posible y hacer que estos correos electr\u00f3nicos sean relevantes\u2026 tanto como sea posible.<\/p>\n<p style=\"text-align: justify;\">Cont\u00e1ctenos al +34 645 815 336, si quiere usar MarketingPlatform de la misma manera que lo ha hecho kino.dk o escribe un mail a <a href=\"mailto:kimh@marketingplatform.com\">kimh@marketingplatform.com<\/a><\/p>\n[\/et_pb_text][\/et_pb_column][\/et_pb_row][\/et_pb_section][et_pb_section fb_built=&#8221;1&#8243; custom_padding_last_edited=&#8221;on|phone&#8221; prev_background_color=&#8221;#ffffff&#8221; module_class=&#8221;ressourcer-signup&#8221; _builder_version=&#8221;4.0.2&#8243; background_color=&#8221;#dee7f1&#8243; custom_padding=&#8221;7%||||false|false&#8221; custom_padding_tablet=&#8221;12%||||false|false&#8221; custom_padding_phone=&#8221;17%||||false|false&#8221; top_divider_style=&#8221;asymmetric2&#8243; top_divider_height=&#8221;60px&#8221; global_module=&#8221;31898&#8243; saved_tabs=&#8221;all&#8221;][et_pb_row _builder_version=&#8221;4.0.2&#8243; custom_margin=&#8221;||10px||false|false&#8221; custom_padding=&#8221;||10px||false|false&#8221;][et_pb_column type=&#8221;4_4&#8243; _builder_version=&#8221;3.25&#8243; custom_padding=&#8221;|||&#8221; custom_padding__hover=&#8221;|||&#8221;][et_pb_text _builder_version=&#8221;3.27.4&#8243; text_font=&#8221;||||||||&#8221; header_font=&#8221;||||||||&#8221; text_orientation=&#8221;center&#8221;]<h2>Prueba MarketingPlatform gratuitamente<\/h2>\n<p>Sin compromiso durante 14 d\u00edas si no deseas continuar.<br \/>\nAl inscribirte recibir\u00e1s mail de bienvenida con formaci\u00f3n y nuestro newsletter.\n<\/p>[\/et_pb_text][et_pb_code _builder_version=&#8221;3.19.9&#8243;]<script src=\"https:\/\/marketingplatform.com\/wp-content\/uploads\/2018\/07\/new-sign-up-es.js\"><\/script><!-- [et_pb_line_break_holder] --><div class=\"myForm_free-trial_top\" style=\"z-index:999!important;\"><!-- [et_pb_line_break_holder] --> <div class=\"sign_up_free-trial_top\"><!-- [et_pb_line_break_holder] --> <div class=\"step1_free-trial_top text-box\"><!-- [et_pb_line_break_holder] --> <div class=\"displayblock\"><!-- [et_pb_line_break_holder] --> <input type=\"text\" name=\"email\" style=\" margin-right: 5px; border-radius: 2px; border: none!important;\"<!-- [et_pb_line_break_holder] --> class=&#8221;emailvalue_free-trial_top&#8221; placeholder=&#8221;Introduzca tu email&#8221;><!-- [et_pb_line_break_holder] --> <\/div><!-- [et_pb_line_break_holder] --> <div class=\"displayblock\"><!-- [et_pb_line_break_holder] --> <input type=\"button\" style=\"background:#09cd6f!important; border:none!important; border-radius:2px; \" value=\"Prueba 14 d\u00edas gratis\" class=\"button trial-btn-blue step1btn_free-trial_top\"><!-- [et_pb_line_break_holder] --> <\/div><!-- [et_pb_line_break_holder] --> <\/div><!-- [et_pb_line_break_holder] --> <div class=\"step2_free-trial_top text-box\" style=\"display: none;\"><\/div><!-- [et_pb_line_break_holder] --> <div class=\"step2_free-trial_top text-box\" style=\"display: none;\"><!-- [et_pb_line_break_holder] --> <div class=\"displayblock\" style=\"width: 400px;\"><!-- [et_pb_line_break_holder] --> <input type=\"text\" name=\"CustomFields[496]\" class=\"CustomFields_496_1618_free-trial_top\" value=\"\" size=\"50\" placeholder=\"Nombre de empresa\"><!-- [et_pb_line_break_holder] --> <\/div><!-- [et_pb_line_break_holder] --> <div class=\"displayblock\" style=\"width: 400px;\"><!-- [et_pb_line_break_holder] --> <input type=\"text\" name=\"CustomFields[2]\" class=\"CustomFields_2_1618_free-trial_top\" value=\"\" size=\"50\" placeholder=\"Tu nombre\"><!-- [et_pb_line_break_holder] --> <\/div><!-- [et_pb_line_break_holder] --> <div class=\"displayblock\" style=\"width: 400px;\"><!-- [et_pb_line_break_holder] --> <input type=\"text\" name=\"CustomFields[497]\" class=\"CustomFields_497_1618_free-trial_top\" value=\"\" size=\"50\" placeholder=\"N\u00famero de tel\u00e9fono\"><!-- [et_pb_line_break_holder] --> <\/div><!-- [et_pb_line_break_holder] --> <div class=\"displayblock sec_step_but\"><!-- [et_pb_line_break_holder] --> <input id=\"step2_free-trial_top\" style=\"background:#09cd6f!important; border:none!important; border-radius:2px; \" type=\"button\" value=\"Crea una cuenta gratis\" class=\"button1 trial-btn-blue\"><!-- [et_pb_line_break_holder] --> <\/div><!-- [et_pb_line_break_holder] --> <div><!-- [et_pb_line_break_holder] --> <div style=\"display: none;\" id=\"alertSpan_free-trial_top\"><!-- [et_pb_line_break_holder] --> <span style=\"color: red;\">Debes completar todos los campos<\/span><!-- [et_pb_line_break_holder] --> <\/div><!-- [et_pb_line_break_holder] --> <\/div><!-- [et_pb_line_break_holder] --> <div><!-- [et_pb_line_break_holder] --> <div style=\"display: none;\" id=\"alertEmailSpan_free-trial_top\"><!-- [et_pb_line_break_holder] --> <span style=\"color: red;\">Por favor, introduzca su direcci\u00f3n de correo electr\u00f3nico<\/span><!-- [et_pb_line_break_holder] --> <\/div><!-- [et_pb_line_break_holder] --> <\/div><!-- [et_pb_line_break_holder] --> <\/div><!-- [et_pb_line_break_holder] --> <\/div><!-- [et_pb_line_break_holder] --><\/div>[\/et_pb_code][\/et_pb_column][\/et_pb_row][et_pb_row _builder_version=&#8221;4.0.2&#8243; max_width=&#8221;768px&#8221; custom_margin=&#8221;0px||0px||false|false&#8221; custom_padding=&#8221;0px||0px||false|false&#8221;][et_pb_column type=&#8221;4_4&#8243; _builder_version=&#8221;4.0.2&#8243;][et_pb_code _builder_version=&#8221;4.0.2&#8243; module_alignment=&#8221;center&#8221;]<div class=\"awards-align\"><!-- [et_pb_line_break_holder] --><div style=\"float:left; width:18%; text-align:center;   margin-right: 2%;\"><!-- [et_pb_line_break_holder] --><img decoding=\"async\" src=\"https:\/\/marketingplatform.com\/wp-content\/uploads\/2020\/01\/primotours.png\" width=\"50\" style=\"margin:15px 20px 20px 0px;\"><!-- [et_pb_line_break_holder] --><\/div><!-- [et_pb_line_break_holder] --><div style=\"float:left; width:18%; text-align:center;    margin-right: 4%;\"><!-- [et_pb_line_break_holder] --><img decoding=\"async\" src=\"https:\/\/marketingplatform.com\/wp-content\/uploads\/2019\/11\/med24-gray.png\" width=\"120\" style=\"margin:20px 0px 20px 10px;\"><!-- [et_pb_line_break_holder] --><\/div><!-- [et_pb_line_break_holder] --><div style=\"float:left; width:18%;    margin-right: 1%;\"><!-- [et_pb_line_break_holder] --><img decoding=\"async\" src=\"https:\/\/marketingplatform.com\/wp-content\/uploads\/2019\/08\/cykelpartner-logo.png\" width=\"180\" style=\"margin:27px 20px 20px 0px;\"><!-- [et_pb_line_break_holder] --><\/div><!-- [et_pb_line_break_holder] --><div style=\"float:left; width:18%; text-align:center;     margin-right: 1%;\"><!-- [et_pb_line_break_holder] --><img decoding=\"async\" src=\"https:\/\/marketingplatform.com\/wp-content\/uploads\/2019\/04\/aldi-grey.png\" width=\"50\" style=\"margin:10px 0px 20px 0px;\"><!-- [et_pb_line_break_holder] --><\/div><!-- [et_pb_line_break_holder] --><div style=\"float:left; width:18%;      margin-right: 2%;  text-align: center;\"><!-- [et_pb_line_break_holder] --><img decoding=\"async\" src=\"https:\/\/marketingplatform.com\/wp-content\/uploads\/2019\/02\/verisure-logo.png\" width=\"100\" style=\"margin:16px 0px 20px 0px;\"><!-- [et_pb_line_break_holder] --><\/div><!-- [et_pb_line_break_holder] --><\/div>[\/et_pb_code][\/et_pb_column][\/et_pb_row][\/et_pb_section]\n","protected":false},"excerpt":{"rendered":"<p>&nbsp; La herramienta de marketing m\u00e1s importante de kino.dk es Email Marketing. kino.dk fue fundada en 2008 y es hoy el sitio web de pel\u00edculas m\u00e1s grande de Dinamarca. El sitio web es propiedad conjunta de Nordisk Film y CinemaxX. En kino.dk puede encontrar entradas para m\u00e1s de 50 cines en Dinamarca seg\u00fan el mismo [&hellip;]<\/p>\n","protected":false},"author":50,"featured_media":0,"parent":0,"menu_order":0,"comment_status":"closed","ping_status":"closed","template":"","meta":{"_et_pb_use_builder":"on","_et_pb_old_content":"","_et_gb_content_width":"","footnotes":""},"categories":[],"tags":[],"yst_prominent_words":[11568,6539,11569,11564,11563,11643,11561,11559,11558,11640,11567,11570,11565,11560,11566,11642,11572,11641,11571,11562],"_links":{"self":[{"href":"https:\/\/marketingplatform.com\/es\/wp-json\/wp\/v2\/pages\/31854"}],"collection":[{"href":"https:\/\/marketingplatform.com\/es\/wp-json\/wp\/v2\/pages"}],"about":[{"href":"https:\/\/marketingplatform.com\/es\/wp-json\/wp\/v2\/types\/page"}],"author":[{"embeddable":true,"href":"https:\/\/marketingplatform.com\/es\/wp-json\/wp\/v2\/users\/50"}],"replies":[{"embeddable":true,"href":"https:\/\/marketingplatform.com\/es\/wp-json\/wp\/v2\/comments?post=31854"}],"version-history":[{"count":2,"href":"https:\/\/marketingplatform.com\/es\/wp-json\/wp\/v2\/pages\/31854\/revisions"}],"predecessor-version":[{"id":52636,"href":"https:\/\/marketingplatform.com\/es\/wp-json\/wp\/v2\/pages\/31854\/revisions\/52636"}],"wp:attachment":[{"href":"https:\/\/marketingplatform.com\/es\/wp-json\/wp\/v2\/media?parent=31854"}],"wp:term":[{"taxonomy":"category","embeddable":true,"href":"https:\/\/marketingplatform.com\/es\/wp-json\/wp\/v2\/categories?post=31854"},{"taxonomy":"post_tag","embeddable":true,"href":"https:\/\/marketingplatform.com\/es\/wp-json\/wp\/v2\/tags?post=31854"},{"taxonomy":"yst_prominent_words","embeddable":true,"href":"https:\/\/marketingplatform.com\/es\/wp-json\/wp\/v2\/yst_prominent_words?post=31854"}],"curies":[{"name":"wp","href":"https:\/\/api.w.org\/{rel}","templated":true}]}}