{"id":31838,"date":"2019-04-18T11:20:10","date_gmt":"2019-04-18T09:20:10","guid":{"rendered":"https:\/\/marketingplatform.com\/ib-laursen\/"},"modified":"2020-02-25T13:54:24","modified_gmt":"2020-02-25T12:54:24","slug":"ib-laursen","status":"publish","type":"page","link":"https:\/\/marketingplatform.com\/es\/ib-laursen\/","title":{"rendered":"Ib Laursen"},"content":{"rendered":"<p>[et_pb_section fb_built=&#8221;1&#8243; _builder_version=&#8221;3.22.3&#8243;][et_pb_row _builder_version=&#8221;3.25&#8243; background_size=&#8221;initial&#8221; background_position=&#8221;top_left&#8221; background_repeat=&#8221;repeat&#8221; max_width=&#8221;1050px&#8221; custom_margin=&#8221;0px||0px&#8221; custom_padding=&#8221;0px||0px&#8221; use_custom_width=&#8221;on&#8221; custom_width_px=&#8221;1050px&#8221;][et_pb_column type=&#8221;4_4&#8243; _builder_version=&#8221;3.25&#8243; custom_padding=&#8221;|||&#8221; custom_padding__hover=&#8221;|||&#8221;][et_pb_image src=&#8221;https:\/\/marketingplatform.com\/wp-content\/uploads\/2018\/11\/9980-00_W1400.jpg&#8221; align=&#8221;center&#8221; align_tablet=&#8221;center&#8221; align_phone=&#8221;&#8221; align_last_edited=&#8221;on|desktop&#8221; _builder_version=&#8221;3.23.3&#8243; max_width=&#8221;25%&#8221; max_width_tablet=&#8221;50%&#8221; max_width_phone=&#8221;&#8221; max_width_last_edited=&#8221;on|phone&#8221; module_alignment=&#8221;center&#8221;][\/et_pb_image][\/et_pb_column][\/et_pb_row][et_pb_row _builder_version=&#8221;3.25&#8243; background_size=&#8221;initial&#8221; background_position=&#8221;top_left&#8221; background_repeat=&#8221;repeat&#8221; max_width=&#8221;1050px&#8221; use_custom_width=&#8221;on&#8221; custom_width_px=&#8221;1050px&#8221;][et_pb_column type=&#8221;4_4&#8243; _builder_version=&#8221;3.25&#8243; custom_padding=&#8221;|||&#8221; custom_padding__hover=&#8221;|||&#8221;][et_pb_text _builder_version=&#8221;3.27.4&#8243;]<\/p>\n<h1 style=\"text-align: justify;\">IB LAURSEN<\/h1>\n<p style=\"text-align: justify;\"><em>La compa\u00f1\u00eda Ib Laursen fue fundada en 1971 por Ib Laursen y actualmente est\u00e1 dirigida por su hijo Peter Laursen. Ib Laursen se encuentra entre los portales de minoristas m\u00e1s grandes de Dinamarca para empresas y negocios que venden art\u00edculos para el hogar y artesan\u00edas varias. Adem\u00e1s de tener una gran cantidad de clientes en Dinamarca, Ib Laursen actualmente cuenta con clientes en 35-40 pa\u00edses, incluyendo todos los pa\u00edses de Europa, as\u00ed como pa\u00edses tan importantes como Rusia y Corea del Sur. Hay m\u00e1s de 50 personas empleadas en Ib Laursen, de las cuales un poco m\u00e1s de 40 est\u00e1n en la oficina central en Ribe.<\/em><\/p>\n<p style=\"text-align: justify;\">Para Ib Laursen, el Email Marketing es una herramienta de comunicaci\u00f3n muy importante. Ellos no utilizan presupuesto de marketing destinado a canales de tr\u00e1fico como Google Ads, Facebook o LinkedIn. Por otro lado, todos los miembros reciben correos electr\u00f3nicos de marketing directamente para los clientes, por lo que es fundamental que tengan una plataforma de marketing por correo electr\u00f3nico que sea estable, f\u00e1cil de usar y que disponga de herramientas capaces de cubrir los requisitos actuales y futuros.<\/p>\n<p style=\"text-align: justify;\">Ib Laursen utiliza, entre otras cosas, flujos automatizados cuando un nuevo cliente se registra para su lista de contactos. Aqu\u00ed las personas nuevas en la lista de contactos se localizan en un flujo que se activa inmediatamente, despu\u00e9s de lo cual el destinatario recibe una serie de correos electr\u00f3nicos dentro de las primeras semanas. Estos correos electr\u00f3nicos explican qu\u00e9 opciones tiene como cliente, c\u00f3mo relacionarse con las quejas, etc.<\/p>\n<p>[\/et_pb_text][\/et_pb_column][\/et_pb_row][et_pb_row _builder_version=&#8221;3.25&#8243; background_size=&#8221;initial&#8221; background_position=&#8221;top_left&#8221; background_repeat=&#8221;repeat&#8221; max_width=&#8221;1050px&#8221; use_custom_width=&#8221;on&#8221; custom_width_px=&#8221;1050px&#8221;][et_pb_column type=&#8221;4_4&#8243; _builder_version=&#8221;3.25&#8243; custom_padding=&#8221;|||&#8221; custom_padding__hover=&#8221;|||&#8221;][et_pb_text _builder_version=&#8221;3.27.4&#8243;]<\/p>\n<h3 style=\"text-align: justify;\">Planificaci\u00f3n de la campa\u00f1a y usabilidad.<\/h3>\n<p style=\"text-align: justify;\">Para garantizar la m\u00e1xima eficiencia en su estrategia de marketing por correo electr\u00f3nico, el responsable en l\u00ednea Morten M\u00f8rk Petersen en Ib Laursen tiene un plan de campa\u00f1a y planifica las mismas con unos meses de anticipaci\u00f3n, para que sepa exactamente qu\u00e9 enviar, cu\u00e1ndo y a qui\u00e9n. Aqu\u00ed, el Constructor es una herramienta importante para \u00e9l:<\/p>\n<p>[\/et_pb_text][et_pb_text _builder_version=&#8221;3.27.4&#8243; text_font=&#8221;||||||||&#8221; header_font=&#8221;||||||||&#8221; background_color=&#8221;#fafafa&#8221; custom_padding=&#8221;40px|40px|40px|40px&#8221; border_radii=&#8221;on|8px|8px|8px|8px&#8221; box_shadow_style=&#8221;preset1&#8243; box_shadow_color=&#8221;rgba(0,0,0,0.1)&#8221;]<\/p>\n<p><img decoding=\"async\" loading=\"lazy\" src=\"https:\/\/marketingplatform.com\/wp-content\/uploads\/2018\/12\/morten-m-petersen-300x300.png\" width=\"100\" height=\"100\" alt=\"\" class=\"wp-image-22881 aligncenter size-medium\" srcset=\"https:\/\/marketingplatform.com\/wp-content\/uploads\/2018\/12\/morten-m-petersen-300x300.png 300w, https:\/\/marketingplatform.com\/wp-content\/uploads\/2018\/12\/morten-m-petersen-150x150.png 150w, https:\/\/marketingplatform.com\/wp-content\/uploads\/2018\/12\/morten-m-petersen-120x120.png 120w, https:\/\/marketingplatform.com\/wp-content\/uploads\/2018\/12\/morten-m-petersen.png 600w\" sizes=\"(max-width: 100px) 100vw, 100px\" \/><\/p>\n<p style=\"text-align: justify;\"><em>\u201cMe gusta mucho el Editor y la forma de crear las campa\u00f1as. Es bueno trabajar con la funci\u00f3n de arrastrar y soltar de la plataforma. Hace que el trabajo sea f\u00e1cil y r\u00e1pido, y puedo escalar todo sobre la marcha, lo cual me ahorra mucho tiempo. Todo es muy sencillo y puedo dar forma a las cosas que me gustan\u201d.<\/em>.<\/p>\n<p>[\/et_pb_text][et_pb_text _builder_version=&#8221;3.27.4&#8243;]<\/p>\n<p style=\"text-align: justify;\">La forma de trabajar con listas de contactos es una caracter\u00edstica que Morten M\u00f8rk Petersen tambi\u00e9n aprecia. \u201cSe hace de una manera completamente diferente a la que he estado acostumbrado. &#8220;En MarketingPlatform, el punto principal son las listas, y hay una gran facilidad de uso asociada con la experiencia de usuario&#8221;, dice Morten.<\/p>\n<p>[\/et_pb_text][\/et_pb_column][\/et_pb_row][et_pb_row _builder_version=&#8221;3.25&#8243; background_image=&#8221;https:\/\/marketingplatform.com\/wp-content\/uploads\/2018\/12\/ib-laursen-template-bg.jpg&#8221; background_position=&#8221;bottom_right&#8221; background_repeat=&#8221;repeat&#8221; max_width=&#8221;1050px&#8221; background_color_tablet=&#8221;#ededed&#8221; background_last_edited=&#8221;on|phone&#8221; background_image_tablet=&#8221;https:\/\/marketingplatform.com\/wp-content\/uploads\/2018\/11\/new-shape-bg.png&#8221; border_radii=&#8221;on|8px|8px|8px|8px&#8221; use_custom_width=&#8221;on&#8221; custom_width_px=&#8221;1050px&#8221; column_structure=&#8221;1_2,1_2&#8243;][et_pb_column type=&#8221;1_2&#8243; _builder_version=&#8221;3.25&#8243; custom_padding=&#8221;|||&#8221; custom_padding__hover=&#8221;|||&#8221;][et_pb_text _builder_version=&#8221;3.27.4&#8243; custom_padding=&#8221;40px|40px|40px|40px&#8221;]<\/p>\n<h3>La flexibilidad es crucial<\/h3>\n<p>Morten M\u00f8rk Petersen tambi\u00e9n destaca la flexibilidad de MarketingPlatform como una de las razones para cambiar de la anterior plataforma de Email Marketing a MarketingPlatform. \u201cMe faltaba flexibilidad y oportunidades en nuestra antigua plataforma. Todo era muy predefinido, sin la oportunidad de cambiar y a menudo me quedaba sin oportunidades. En MarketingPlatform, tengo varias opciones y el sistema funciona de manera r\u00e1pida y eficiente\u201d.<\/p>\n<p>Finalmente, Morten M\u00f8rk Petersen destaca el proyecto de inicio, que comenz\u00f3 cuando Ib Laursen cambi\u00f3 del proveedor anterior a MarketingPlatform. \u201cTodo el inicio y el proceso de incorporaci\u00f3n fueron un placer. Cuando he tenido preguntas o problemas, MarketingPlatform ha respondido r\u00e1pidamente con una soluci\u00f3n r\u00e1pida o un seguimiento del mismo\u201d.<\/p>\n<p>[\/et_pb_text][\/et_pb_column][et_pb_column type=&#8221;1_2&#8243; _builder_version=&#8221;3.25&#8243; custom_padding=&#8221;|||&#8221; custom_padding__hover=&#8221;|||&#8221;][\/et_pb_column][\/et_pb_row][et_pb_row _builder_version=&#8221;3.25&#8243; background_size=&#8221;initial&#8221; background_position=&#8221;top_left&#8221; background_repeat=&#8221;repeat&#8221; max_width=&#8221;1050px&#8221; use_custom_width=&#8221;on&#8221; custom_width_px=&#8221;1050px&#8221;][et_pb_column type=&#8221;4_4&#8243; _builder_version=&#8221;3.25&#8243; custom_padding=&#8221;|||&#8221; custom_padding__hover=&#8221;|||&#8221;][et_pb_text _builder_version=&#8221;4.0.2&#8243; hover_enabled=&#8221;0&#8243;]<\/p>\n<p style=\"text-align: justify;\">Ib Laursen trabaja con segmentos en su estrategia de marketing por correo electr\u00f3nico, entre otras cosas, ya que se comunican con los clientes de diferentes pa\u00edses. Pero en el futuro planea trabajar m\u00e1s intensamente con la parte del segmento a medida que se enriquecen los datos en su sistema CRM. Adem\u00e1s, est\u00e1 previsto utilizar funciones m\u00e1s avanzadas en MarketingPlatform, incluido el env\u00edo de correos electr\u00f3nicos a los clientes que han dejado un carrito de la compra abandonado que es posible con la funci\u00f3n de seguimiento. M\u00e1s adelante, se realizar\u00e1 un trabajo m\u00e1s extenso con flujos automatizados y aprendizaje autom\u00e1tico.<\/p>\n<p style=\"text-align: justify;\">\u201cEspero profundizar en las diversas funciones avanzadas de MarketingPlatform. Estoy seguro que puede ayudar a nuestra compa\u00f1\u00eda a seguir creciendo &#8220;, concluye Morten M\u00f8rk Petersen.<\/p>\n<p style=\"text-align: justify;\">Cont\u00e1ctenos al +34 645 815 336, si quiere usar MarketingPlatform de la misma manera que lo ha hecho Ib Laursen. O escribe un mail a <a href=\"mailto:kimh@marketingplatform.com\">kimh@marketingplatform.com<\/a><\/p>\n<p>[\/et_pb_text][\/et_pb_column][\/et_pb_row][\/et_pb_section][et_pb_section fb_built=&#8221;1&#8243; custom_padding_last_edited=&#8221;on|phone&#8221; prev_background_color=&#8221;#ffffff&#8221; module_class=&#8221;ressourcer-signup&#8221; _builder_version=&#8221;4.0.2&#8243; background_color=&#8221;#dee7f1&#8243; custom_padding=&#8221;7%||||false|false&#8221; custom_padding_tablet=&#8221;12%||||false|false&#8221; custom_padding_phone=&#8221;17%||||false|false&#8221; top_divider_style=&#8221;asymmetric2&#8243; top_divider_height=&#8221;60px&#8221; global_module=&#8221;31898&#8243; saved_tabs=&#8221;all&#8221;][et_pb_row _builder_version=&#8221;4.0.2&#8243; custom_margin=&#8221;||10px||false|false&#8221; custom_padding=&#8221;||10px||false|false&#8221;][et_pb_column type=&#8221;4_4&#8243; _builder_version=&#8221;3.25&#8243; custom_padding=&#8221;|||&#8221; custom_padding__hover=&#8221;|||&#8221;][et_pb_text _builder_version=&#8221;3.27.4&#8243; text_font=&#8221;||||||||&#8221; header_font=&#8221;||||||||&#8221; text_orientation=&#8221;center&#8221;]<\/p>\n<h2>Prueba MarketingPlatform gratuitamente<\/h2>\n<p>Sin compromiso durante 14 d\u00edas si no deseas continuar.<br \/>\nAl inscribirte recibir\u00e1s mail de bienvenida con formaci\u00f3n y nuestro newsletter.\n<\/p>\n<p>[\/et_pb_text][et_pb_code _builder_version=&#8221;3.19.9&#8243;]<script src=\"https:\/\/marketingplatform.com\/wp-content\/uploads\/2018\/07\/new-sign-up-es.js\"><\/script><!-- [et_pb_line_break_holder] --><\/p>\n<div class=\"myForm_free-trial_top\" style=\"z-index:999!important;\"><!-- [et_pb_line_break_holder] --> <\/p>\n<div class=\"sign_up_free-trial_top\"><!-- [et_pb_line_break_holder] --> <\/p>\n<div class=\"step1_free-trial_top text-box\"><!-- [et_pb_line_break_holder] --> <\/p>\n<div class=\"displayblock\"><!-- [et_pb_line_break_holder] --> <input type=\"text\" name=\"email\" style=\" margin-right: 5px; border-radius: 2px; border: none!important;\"<!-- [et_pb_line_break_holder] --> class=&#8221;emailvalue_free-trial_top&#8221; placeholder=&#8221;Introduzca tu email&#8221;><!-- [et_pb_line_break_holder] --> <\/div>\n<p><!-- [et_pb_line_break_holder] --> <\/p>\n<div class=\"displayblock\"><!-- [et_pb_line_break_holder] --> <input type=\"button\" style=\"background:#09cd6f!important; border:none!important; border-radius:2px; \" value=\"Prueba 14 d\u00edas gratis\" class=\"button trial-btn-blue step1btn_free-trial_top\"><!-- [et_pb_line_break_holder] --> <\/div>\n<p><!-- [et_pb_line_break_holder] --> <\/div>\n<p><!-- [et_pb_line_break_holder] --> <\/p>\n<div class=\"step2_free-trial_top text-box\" style=\"display: none;\"><\/div>\n<p><!-- [et_pb_line_break_holder] --> <\/p>\n<div class=\"step2_free-trial_top text-box\" style=\"display: none;\"><!-- [et_pb_line_break_holder] --> <\/p>\n<div class=\"displayblock\" style=\"width: 400px;\"><!-- [et_pb_line_break_holder] --> <input type=\"text\" name=\"CustomFields[496]\" class=\"CustomFields_496_1618_free-trial_top\" value=\"\" size=\"50\" placeholder=\"Nombre de empresa\"><!-- [et_pb_line_break_holder] --> <\/div>\n<p><!-- [et_pb_line_break_holder] --> <\/p>\n<div class=\"displayblock\" style=\"width: 400px;\"><!-- [et_pb_line_break_holder] --> <input type=\"text\" name=\"CustomFields[2]\" class=\"CustomFields_2_1618_free-trial_top\" value=\"\" size=\"50\" placeholder=\"Tu nombre\"><!-- [et_pb_line_break_holder] --> <\/div>\n<p><!-- [et_pb_line_break_holder] --> <\/p>\n<div class=\"displayblock\" style=\"width: 400px;\"><!-- [et_pb_line_break_holder] --> <input type=\"text\" name=\"CustomFields[497]\" class=\"CustomFields_497_1618_free-trial_top\" value=\"\" size=\"50\" placeholder=\"N\u00famero de tel\u00e9fono\"><!-- [et_pb_line_break_holder] --> <\/div>\n<p><!-- [et_pb_line_break_holder] --> <\/p>\n<div class=\"displayblock sec_step_but\"><!-- [et_pb_line_break_holder] --> <input id=\"step2_free-trial_top\" style=\"background:#09cd6f!important; border:none!important; border-radius:2px; \" type=\"button\" value=\"Crea una cuenta gratis\" class=\"button1 trial-btn-blue\"><!-- [et_pb_line_break_holder] --> <\/div>\n<p><!-- [et_pb_line_break_holder] --> <\/p>\n<div><!-- [et_pb_line_break_holder] --> <\/p>\n<div style=\"display: none;\" id=\"alertSpan_free-trial_top\"><!-- [et_pb_line_break_holder] --> <span style=\"color: red;\">Debes completar todos los campos<\/span><!-- [et_pb_line_break_holder] --> <\/div>\n<p><!-- [et_pb_line_break_holder] --> <\/div>\n<p><!-- [et_pb_line_break_holder] --> <\/p>\n<div><!-- [et_pb_line_break_holder] --> <\/p>\n<div style=\"display: none;\" id=\"alertEmailSpan_free-trial_top\"><!-- [et_pb_line_break_holder] --> <span style=\"color: red;\">Por favor, introduzca su direcci\u00f3n de correo electr\u00f3nico<\/span><!-- [et_pb_line_break_holder] --> <\/div>\n<p><!-- [et_pb_line_break_holder] --> <\/div>\n<p><!-- [et_pb_line_break_holder] --> <\/div>\n<p><!-- [et_pb_line_break_holder] --> <\/div>\n<p><!-- [et_pb_line_break_holder] --><\/div>\n<p>[\/et_pb_code][\/et_pb_column][\/et_pb_row][et_pb_row _builder_version=&#8221;4.0.2&#8243; max_width=&#8221;768px&#8221; custom_margin=&#8221;0px||0px||false|false&#8221; custom_padding=&#8221;0px||0px||false|false&#8221;][et_pb_column type=&#8221;4_4&#8243; _builder_version=&#8221;4.0.2&#8243;][et_pb_code _builder_version=&#8221;4.0.2&#8243; module_alignment=&#8221;center&#8221;]<\/p>\n<div class=\"awards-align\"><!-- [et_pb_line_break_holder] --><\/p>\n<div style=\"float:left; width:18%; text-align:center;   margin-right: 2%;\"><!-- [et_pb_line_break_holder] --><img decoding=\"async\" src=\"https:\/\/marketingplatform.com\/wp-content\/uploads\/2020\/01\/primotours.png\" width=\"50\" style=\"margin:15px 20px 20px 0px;\"><!-- [et_pb_line_break_holder] --><\/div>\n<p><!-- [et_pb_line_break_holder] --><\/p>\n<div style=\"float:left; width:18%; text-align:center;    margin-right: 4%;\"><!-- [et_pb_line_break_holder] --><img decoding=\"async\" src=\"https:\/\/marketingplatform.com\/wp-content\/uploads\/2019\/11\/med24-gray.png\" width=\"120\" style=\"margin:20px 0px 20px 10px;\"><!-- [et_pb_line_break_holder] --><\/div>\n<p><!-- [et_pb_line_break_holder] --><\/p>\n<div style=\"float:left; width:18%;    margin-right: 1%;\"><!-- [et_pb_line_break_holder] --><img decoding=\"async\" src=\"https:\/\/marketingplatform.com\/wp-content\/uploads\/2019\/08\/cykelpartner-logo.png\" width=\"180\" style=\"margin:27px 20px 20px 0px;\"><!-- [et_pb_line_break_holder] --><\/div>\n<p><!-- [et_pb_line_break_holder] --><\/p>\n<div style=\"float:left; width:18%; text-align:center;     margin-right: 1%;\"><!-- [et_pb_line_break_holder] --><img decoding=\"async\" src=\"https:\/\/marketingplatform.com\/wp-content\/uploads\/2019\/04\/aldi-grey.png\" width=\"50\" style=\"margin:10px 0px 20px 0px;\"><!-- [et_pb_line_break_holder] --><\/div>\n<p><!-- [et_pb_line_break_holder] --><\/p>\n<div style=\"float:left; width:18%;      margin-right: 2%;  text-align: center;\"><!-- [et_pb_line_break_holder] --><img decoding=\"async\" src=\"https:\/\/marketingplatform.com\/wp-content\/uploads\/2019\/02\/verisure-logo.png\" width=\"100\" style=\"margin:16px 0px 20px 0px;\"><!-- [et_pb_line_break_holder] --><\/div>\n<p><!-- [et_pb_line_break_holder] --><\/div>\n<p>[\/et_pb_code][\/et_pb_column][\/et_pb_row][\/et_pb_section]<\/p>\n","protected":false},"excerpt":{"rendered":"<p>IB LAURSEN La compa\u00f1\u00eda Ib Laursen fue fundada en 1971 por Ib Laursen y actualmente est\u00e1 dirigida por su hijo Peter Laursen. Ib Laursen se encuentra entre los portales de minoristas m\u00e1s grandes de Dinamarca para empresas y negocios que venden art\u00edculos para el hogar y artesan\u00edas varias. Adem\u00e1s de tener una gran cantidad de [&hellip;]<\/p>\n","protected":false},"author":50,"featured_media":0,"parent":0,"menu_order":0,"comment_status":"closed","ping_status":"closed","template":"","meta":{"_et_pb_use_builder":"on","_et_pb_old_content":"","_et_gb_content_width":"","footnotes":""},"categories":[],"tags":[],"yst_prominent_words":[451,477,211,473,9619,175,7593,8988,4872,9621,9618,9613,9615,9626,9622,4874,9616,9614,9617,9620],"_links":{"self":[{"href":"https:\/\/marketingplatform.com\/es\/wp-json\/wp\/v2\/pages\/31838"}],"collection":[{"href":"https:\/\/marketingplatform.com\/es\/wp-json\/wp\/v2\/pages"}],"about":[{"href":"https:\/\/marketingplatform.com\/es\/wp-json\/wp\/v2\/types\/page"}],"author":[{"embeddable":true,"href":"https:\/\/marketingplatform.com\/es\/wp-json\/wp\/v2\/users\/50"}],"replies":[{"embeddable":true,"href":"https:\/\/marketingplatform.com\/es\/wp-json\/wp\/v2\/comments?post=31838"}],"version-history":[{"count":1,"href":"https:\/\/marketingplatform.com\/es\/wp-json\/wp\/v2\/pages\/31838\/revisions"}],"predecessor-version":[{"id":52088,"href":"https:\/\/marketingplatform.com\/es\/wp-json\/wp\/v2\/pages\/31838\/revisions\/52088"}],"wp:attachment":[{"href":"https:\/\/marketingplatform.com\/es\/wp-json\/wp\/v2\/media?parent=31838"}],"wp:term":[{"taxonomy":"category","embeddable":true,"href":"https:\/\/marketingplatform.com\/es\/wp-json\/wp\/v2\/categories?post=31838"},{"taxonomy":"post_tag","embeddable":true,"href":"https:\/\/marketingplatform.com\/es\/wp-json\/wp\/v2\/tags?post=31838"},{"taxonomy":"yst_prominent_words","embeddable":true,"href":"https:\/\/marketingplatform.com\/es\/wp-json\/wp\/v2\/yst_prominent_words?post=31838"}],"curies":[{"name":"wp","href":"https:\/\/api.w.org\/{rel}","templated":true}]}}