{"id":30562,"date":"2019-04-03T15:09:22","date_gmt":"2019-04-03T13:09:22","guid":{"rendered":"https:\/\/marketingplatform.com\/api-emailplatform\/"},"modified":"2023-11-23T09:29:36","modified_gmt":"2023-11-23T08:29:36","slug":"api-marketingplatform","status":"publish","type":"page","link":"https:\/\/marketingplatform.com\/es\/api-marketingplatform\/","title":{"rendered":"API MarketingPlatform"},"content":{"rendered":"<p>[et_pb_section fb_built=&#8221;1&#8243; admin_label=&#8221;section&#8221; _builder_version=&#8221;4.16&#8243; transparent_background=&#8221;off&#8221; global_colors_info=&#8221;{}&#8221;][et_pb_row column_structure=&#8221;1_2,1_2&#8243; admin_label=&#8221;row&#8221; _builder_version=&#8221;4.16&#8243; background_size=&#8221;initial&#8221; background_position=&#8221;top_left&#8221; background_repeat=&#8221;repeat&#8221; global_colors_info=&#8221;{}&#8221;][et_pb_column type=&#8221;1_2&#8243; _builder_version=&#8221;4.16&#8243; custom_padding=&#8221;|||&#8221; global_colors_info=&#8221;{}&#8221; custom_padding__hover=&#8221;|||&#8221;][et_pb_text admin_label=&#8221;Text&#8221; _builder_version=&#8221;4.16&#8243; background_size=&#8221;initial&#8221; background_position=&#8221;top_left&#8221; background_repeat=&#8221;repeat&#8221; use_border_color=&#8221;off&#8221; border_color=&#8221;#ffffff&#8221; border_style=&#8221;solid&#8221; global_colors_info=&#8221;{}&#8221;]<\/p>\n<h1>API MarketingPlatform<\/h1>\n<p>La API de MarketingPlatform te permite integrar tus otros sistemas de IT con MarketingPlatform. Adem\u00e1s de la posibilidad de realizar tus propias integraciones con nuestra API, tenemos una gran cantidad de integraciones listas para usar con las principales soluciones de CMS, tienda online, ERP y CRM.<\/p>\n<p>Nuestra gu\u00eda interactiva online ayuda a los desarrolladores a comprender las capacidades de la API. La gu\u00eda es una estructura de \u00e1rbol que est\u00e1 ordenada por los diferentes tipos de llamadas.<\/p>\n<p>&#8211; <a href=\"https:\/\/marketingplatform.com\/api\/php\/\">Documentaci\u00f3n API para PHP (deprecated)<\/a><br \/>&#8211;\u00a0<a href=\"https:\/\/marketingplatform.com\/api\/csharp\/\">Documentaci\u00f3n API para C# (deprecated)<\/a><\/p>\n<p>\u2013 <a href=\"https:\/\/api.mailmailmail.net\/v2.0\/\">API v2 Documentaci\u00f3n (Beta) \u2013 Inherit functions<\/a><\/p>\n<p>[\/et_pb_text][\/et_pb_column][et_pb_column type=&#8221;1_2&#8243; _builder_version=&#8221;4.16&#8243; custom_padding=&#8221;|||&#8221; global_colors_info=&#8221;{}&#8221; custom_padding__hover=&#8221;|||&#8221;][et_pb_image src=&#8221;https:\/\/marketingplatform.com\/wp-content\/uploads\/2019\/07\/api-scene.png&#8221; _builder_version=&#8221;4.22.1&#8243; max_width=&#8221;66%&#8221; module_alignment=&#8221;center&#8221; hover_enabled=&#8221;0&#8243; global_colors_info=&#8221;{}&#8221; alt=&#8221;A man working on a laptop with a big screen displaying %22API%22, representing MarketingPlatform&#8217;s API integration opportunities.&#8221; sticky_enabled=&#8221;0&#8243;][\/et_pb_image][\/et_pb_column][\/et_pb_row][et_pb_row admin_label=&#8221;row&#8221; _builder_version=&#8221;4.16&#8243; background_size=&#8221;initial&#8221; background_position=&#8221;top_left&#8221; background_repeat=&#8221;repeat&#8221; global_colors_info=&#8221;{}&#8221;][et_pb_column type=&#8221;4_4&#8243; _builder_version=&#8221;4.16&#8243; custom_padding=&#8221;|||&#8221; global_colors_info=&#8221;{}&#8221; custom_padding__hover=&#8221;|||&#8221;][et_pb_text admin_label=&#8221;Text&#8221; _builder_version=&#8221;4.16&#8243; background_size=&#8221;initial&#8221; background_position=&#8221;top_left&#8221; background_repeat=&#8221;repeat&#8221; use_border_color=&#8221;off&#8221; border_color=&#8221;#ffffff&#8221; border_style=&#8221;solid&#8221; global_colors_info=&#8221;{}&#8221;]<\/p>\n<p>Con la API, es posible insertar y actualizar destinatarios, recuperar estad\u00edsticas de campa\u00f1as de difusi\u00f3n, crear nuevas listas de contactos y mantener las existentes, colocar el contenido en mailings (tanto estad\u00edsticos como din\u00e1micos), copiar y enviar campa\u00f1as, y mucho m\u00e1s.<\/p>\n<p>\u00a0Aqu\u00ed encontrar\u00e1s la documentaci\u00f3n de nuestro <a href=\"https:\/\/github.com\/emailplatform?tab=repositories\">Software Development Kit (SDK) (deprecated)<\/a>.<\/p>\n<p>[\/et_pb_text][\/et_pb_column][\/et_pb_row][et_pb_row admin_label=&#8221;row&#8221; _builder_version=&#8221;4.16&#8243; background_color=&#8221;#dee7f1&#8243; background_size=&#8221;initial&#8221; background_position=&#8221;top_left&#8221; background_repeat=&#8221;repeat&#8221; custom_padding=&#8221;|22px||22px|false|false&#8221; global_colors_info=&#8221;{}&#8221;][et_pb_column type=&#8221;4_4&#8243; _builder_version=&#8221;4.16&#8243; custom_padding=&#8221;|||&#8221; global_colors_info=&#8221;{}&#8221; custom_padding__hover=&#8221;|||&#8221;][et_pb_text admin_label=&#8221;Text&#8221; _builder_version=&#8221;4.16&#8243; background_size=&#8221;initial&#8221; background_position=&#8221;top_left&#8221; background_repeat=&#8221;repeat&#8221; text_orientation=&#8221;center&#8221; use_border_color=&#8221;off&#8221; border_color=&#8221;#ffffff&#8221; border_style=&#8221;solid&#8221; global_colors_info=&#8221;{}&#8221;]<cite>Desarrollamos continuamente nuevas funciones en nuestra API, muchas de ellas basadas en las sugerencias de los clientes. Estaremos encantados de que nos contacte para proponer nuevas ideas.<\/cite><\/p>\n<p><b>El equipo de desarrolladores, <span class=\"op-testimonial-company\">en MarketingPlatform.<\/span><\/b><\/p>\n<p>[\/et_pb_text][\/et_pb_column][\/et_pb_row][et_pb_row admin_label=&#8221;row&#8221; _builder_version=&#8221;4.16&#8243; background_size=&#8221;initial&#8221; background_position=&#8221;top_left&#8221; background_repeat=&#8221;repeat&#8221; global_colors_info=&#8221;{}&#8221;][et_pb_column type=&#8221;4_4&#8243; _builder_version=&#8221;4.16&#8243; custom_padding=&#8221;|||&#8221; global_colors_info=&#8221;{}&#8221; custom_padding__hover=&#8221;|||&#8221;][et_pb_text admin_label=&#8221;Text&#8221; _builder_version=&#8221;4.16&#8243; background_size=&#8221;initial&#8221; background_position=&#8221;top_left&#8221; background_repeat=&#8221;repeat&#8221; use_border_color=&#8221;off&#8221; border_color=&#8221;#ffffff&#8221; border_style=&#8221;solid&#8221; global_colors_info=&#8221;{}&#8221;]<\/p>\n<h3>\u00bfQuieres desarrollar una integraci\u00f3n con MarketingPlatform?<\/h3>\n<p>Apreciamos a todos los que quieran integrar su soluci\u00f3n con MarketingPlatform. Una integraci\u00f3n proporciona nuevas oportunidades para tus clientes y hace que tu producto sea m\u00e1s atractivo para futuros clientes.<\/p>\n<p>El equipo de MarketingPlatform estar\u00e1 encantado de ayudarte con la integraci\u00f3n en colaboraci\u00f3n con nuestro desarrollador de API.<\/p>\n<p>Ponte en contacto con nosotros v\u00eda mail a <a href=\"mailto:soporte@marketingplatform.com\">soporte@marketingplatform.com<\/a> si tu empresa desea realizar una integraci\u00f3n est\u00e1ndar.<\/p>\n<p>[\/et_pb_text][\/et_pb_column][\/et_pb_row][\/et_pb_section][et_pb_section fb_built=&#8221;1&#8243; prev_background_color=&#8221;#ffffff&#8221; _builder_version=&#8221;4.16&#8243; background_color=&#8221;#dee7f1&#8243; custom_padding=&#8221;120px||&#8221; top_divider_style=&#8221;asymmetric2&#8243; global_colors_info=&#8221;{}&#8221;][et_pb_row _builder_version=&#8221;4.16&#8243; global_colors_info=&#8221;{}&#8221;][et_pb_column type=&#8221;4_4&#8243; _builder_version=&#8221;4.16&#8243; custom_padding=&#8221;|||&#8221; global_colors_info=&#8221;{}&#8221; custom_padding__hover=&#8221;|||&#8221;][et_pb_text _builder_version=&#8221;4.16&#8243; text_font=&#8221;||||||||&#8221; text_orientation=&#8221;center&#8221; global_colors_info=&#8221;{}&#8221;]<\/p>\n<h2>Prueba MarketingPlatform gratuitamente<\/h2>\n<p>Sin compromiso durante 14 d\u00edas si no deseas continuar.<br \/>\nAl inscribirte recibir\u00e1s mail de bienvenida con formaci\u00f3n y nuestro newsletter.\n<\/p>\n<p>[\/et_pb_text][et_pb_code _builder_version=&#8221;4.16&#8243; global_colors_info=&#8221;{}&#8221;]<script src=\"https:\/\/marketingplatform.com\/wp-content\/uploads\/2018\/07\/new-sign-up-es.js\"><\/script><!-- [et_pb_line_break_holder] --><\/p>\n<div class=\"myForm_free-trial_top\" style=\"z-index:999!important;\"><!-- [et_pb_line_break_holder] --> <\/p>\n<div class=\"sign_up_free-trial_top\"><!-- [et_pb_line_break_holder] --> <\/p>\n<div class=\"step1_free-trial_top text-box\"><!-- [et_pb_line_break_holder] --> <\/p>\n<div class=\"displayblock\"><!-- [et_pb_line_break_holder] --> <input type=\"text\" name=\"email\" style=\" margin-right: 5px; border-radius: 2px; border: none!important;\"<!-- [et_pb_line_break_holder] --> class=&#8221;emailvalue_free-trial_top&#8221; placeholder=&#8221;Tu direcci\u00f3n email&#8221;><!-- [et_pb_line_break_holder] --> <\/div>\n<p><!-- [et_pb_line_break_holder] --> <\/p>\n<div class=\"displayblock\"><!-- [et_pb_line_break_holder] --> <input type=\"button\" style=\"background:#09cd6f!important; border:none!important; border-radius:2px; \" value=\"\u00a1Si gracias a la prueba gratuita!\" class=\"button trial-btn-blue step1btn_free-trial_top\"><!-- [et_pb_line_break_holder] --> <\/div>\n<p><!-- [et_pb_line_break_holder] --> <\/div>\n<p><!-- [et_pb_line_break_holder] --> <\/p>\n<div class=\"step2_free-trial_top text-box\" style=\"display: none;\"><\/div>\n<p><!-- [et_pb_line_break_holder] --> <\/p>\n<div class=\"step2_free-trial_top text-box\" style=\"display: none;\"><!-- [et_pb_line_break_holder] --> <\/p>\n<div class=\"displayblock\" style=\"width: 400px;\"><!-- [et_pb_line_break_holder] --> <input type=\"text\" name=\"CustomFields[496]\" class=\"CustomFields_496_1618_free-trial_top\" value=\"\" size=\"50\" placeholder=\"Nombre de empresa\"><!-- [et_pb_line_break_holder] --> <\/div>\n<p><!-- [et_pb_line_break_holder] --> <\/p>\n<div class=\"displayblock\" style=\"width: 400px;\"><!-- [et_pb_line_break_holder] --> <input type=\"text\" name=\"CustomFields[2]\" class=\"CustomFields_2_1618_free-trial_top\" value=\"\" size=\"50\" placeholder=\"Tu nombre\"><!-- [et_pb_line_break_holder] --> <\/div>\n<p><!-- [et_pb_line_break_holder] --> <\/p>\n<div class=\"displayblock\" style=\"width: 400px;\"><!-- [et_pb_line_break_holder] --> <input type=\"text\" name=\"CustomFields[497]\" class=\"CustomFields_497_1618_free-trial_top\" value=\"\" size=\"50\" placeholder=\"N\u00famero de tel\u00e9fono\"><!-- [et_pb_line_break_holder] --> <\/div>\n<p><!-- [et_pb_line_break_holder] --> <\/p>\n<div class=\"displayblock sec_step_but\"><!-- [et_pb_line_break_holder] --> <input id=\"step2_free-trial_top\" style=\"background:#09cd6f!important; border:none!important; border-radius:2px; \" type=\"button\" value=\"Crea una cuenta gratis\" class=\"button1 trial-btn-blue\"><!-- [et_pb_line_break_holder] --> <\/div>\n<p><!-- [et_pb_line_break_holder] --> <\/p>\n<div><!-- [et_pb_line_break_holder] --> <\/p>\n<div style=\"display: none;\" id=\"alertSpan_free-trial_top\"><!-- [et_pb_line_break_holder] --> <span style=\"color: red;\">Debes completar todos los campos<\/span><!-- [et_pb_line_break_holder] --> <\/div>\n<p><!-- [et_pb_line_break_holder] --> <\/div>\n<p><!-- [et_pb_line_break_holder] --> <\/p>\n<div><!-- [et_pb_line_break_holder] --> <\/p>\n<div style=\"display: none;\" id=\"alertEmailSpan_free-trial_top\"><!-- [et_pb_line_break_holder] --> <span style=\"color: red;\">Por favor, introduzca su direcci\u00f3n de correo electr\u00f3nico<\/span><!-- [et_pb_line_break_holder] --> <\/div>\n<p><!-- [et_pb_line_break_holder] --> <\/div>\n<p><!-- [et_pb_line_break_holder] --> <\/div>\n<p><!-- [et_pb_line_break_holder] --> <\/div>\n<p><!-- [et_pb_line_break_holder] --><\/div>\n<p>[\/et_pb_code][\/et_pb_column][\/et_pb_row][\/et_pb_section]<\/p>\n","protected":false},"excerpt":{"rendered":"<p>API MarketingPlatform La API de MarketingPlatform te permite integrar tus otros sistemas de IT con MarketingPlatform. Adem\u00e1s de la posibilidad de realizar tus propias integraciones con nuestra API, tenemos una gran cantidad de integraciones listas para usar con las principales soluciones de CMS, tienda online, ERP y CRM. Nuestra gu\u00eda interactiva online ayuda a los [&hellip;]<\/p>\n","protected":false},"author":50,"featured_media":0,"parent":0,"menu_order":0,"comment_status":"closed","ping_status":"closed","template":"","meta":{"_et_pb_use_builder":"on","_et_pb_old_content":"<img class=\"scale-with-grid alignleft\" title=\"\" src=\"https:\/\/marketingplatform.com\/wp-content\/uploads\/2017\/04\/xmlapi-webservice-mailplatform.jpg\" alt=\"xmlapi-webservice-mailplatform\" width=\"253\" height=\"243\" \/>API'et til MailPlatform g\u00f8r det muligt at integrere dine \u00f8vrige IT-systemer med MailPlatform. Foruden muligheden for at lave egne integrationer med vores XML API, har vi en lang r\u00e6kke f\u00e6rdige integrationer med f\u00f8rende CMS, Webshop, CRM og POS l\u00f8sninger.\r\n\r\nVores interaktive online guide, hj\u00e6lper udviklerne med at forst\u00e5 mulighederne med API'et. Guiden er en tr\u00e6-struktur, der er sorteret efter de forskellige typer af kald. <a href=\"https:\/\/mailmailmail.net\/xmlguide\/\" target=\"_blank\">Link til API guide for MailPlatform<\/a> (\u00e5bner i et nyt vindue).\r\n\r\nMed API'et er det muligt at inds\u00e6tte og opdatere modtagere, hente statistik for udsendte kampagner, oprette nye kontaktlister og vedligeholde eksisterende, placere indhold i nyhedsbreve (b\u00e5de statistisk og dynamisk), kopiere og sende kampagner og meget mere.\r\n<blockquote id=\"testimonial-799362f1d14a7d94f2034429400c4a3a\" class=\"testimonial testimonial-style-1\">Vi udvikler l\u00f8bende tilg\u00e6ngelige funktioner i vores API - mange p\u00e5 basis af forslag fra kunder. Vi gl\u00e6der os til at h\u00f8re fra dig.\r\n\r\n<cite>Udviklerteamet, <span class=\"op-testimonial-company\">hos MailPlatform<\/span>\r\n<\/cite><\/blockquote>\r\n<h2 class=\"headline-style-2\" style=\"font-size: 25px; font-family: 'Source Sans Pro', sans-serif; font-weight: bold; text-align: left; margin-bottom: 20px;\">Vil I udvikle en integration til MailPlatform?<\/h2>\r\n<img class=\"scale-with-grid alignright\" title=\"\" src=\"https:\/\/marketingplatform.com\/wp-content\/uploads\/2017\/04\/partnerskab-mailplatform-integrationer.jpg\" alt=\"\" width=\"300\" height=\"187\" \/>\r\n\r\nVi p\u00e5sk\u00f8nner alle der \u00f8nsker at integrere deres l\u00f8sning med MailPlatform. En integration giver nye muligheder for dine kunder, og g\u00f8r dit produkt mere attraktivt overfor kommende kunder.\r\n\r\nMailPlatform hj\u00e6lper meget gerne med integrationen, i form af en hotline til vores API udvikler. Derudover vil vi naturligvis ogs\u00e5 promovere integrationen, hvis den har relevans for andre, p\u00e5 vore forskellige hjemmesider.\r\n\r\nKontakt os meget gerne p\u00e5 support@mailplatform.dk, hvis din virksomhed \u00f8nsker at lave en standardintegration til gl\u00e6de for de mange.\r\n<h2>Pr\u00f8v MailPlatform gratis -\u00a0og f\u00e5 succes med dine nyhedsbreve<\/h2>\r\n<h3>Du tilmelder dig p\u00e5 10\u00a0sekunder - uden brug af kreditkort - skriv trygt din email i feltet herunder<\/h3>\r\nBlandt kunderne, der anvender MailPlatform til at forbedre deres kommunikation, er Applus, Bauhaus, Billetlugen, CBS, \u00a0EGMONT, Gallup, Jensens B\u00f8fhus, Kop & Kande, LEGO, Leo Pharma, Lions, Merck, Mr., Sampension, UNICEF og \u00c6ldresagen.\r\n\r\n[widget id=\"text-183\"]","_et_gb_content_width":"","footnotes":""},"categories":[],"tags":[],"yst_prominent_words":[10994,10993,15057,7742,15002,10991,10988,10992,10987,4907,6492,6561,10990,6516,13988,10995,6507,6518,6557,10989],"_links":{"self":[{"href":"https:\/\/marketingplatform.com\/es\/wp-json\/wp\/v2\/pages\/30562"}],"collection":[{"href":"https:\/\/marketingplatform.com\/es\/wp-json\/wp\/v2\/pages"}],"about":[{"href":"https:\/\/marketingplatform.com\/es\/wp-json\/wp\/v2\/types\/page"}],"author":[{"embeddable":true,"href":"https:\/\/marketingplatform.com\/es\/wp-json\/wp\/v2\/users\/50"}],"replies":[{"embeddable":true,"href":"https:\/\/marketingplatform.com\/es\/wp-json\/wp\/v2\/comments?post=30562"}],"version-history":[{"count":8,"href":"https:\/\/marketingplatform.com\/es\/wp-json\/wp\/v2\/pages\/30562\/revisions"}],"predecessor-version":[{"id":237089,"href":"https:\/\/marketingplatform.com\/es\/wp-json\/wp\/v2\/pages\/30562\/revisions\/237089"}],"wp:attachment":[{"href":"https:\/\/marketingplatform.com\/es\/wp-json\/wp\/v2\/media?parent=30562"}],"wp:term":[{"taxonomy":"category","embeddable":true,"href":"https:\/\/marketingplatform.com\/es\/wp-json\/wp\/v2\/categories?post=30562"},{"taxonomy":"post_tag","embeddable":true,"href":"https:\/\/marketingplatform.com\/es\/wp-json\/wp\/v2\/tags?post=30562"},{"taxonomy":"yst_prominent_words","embeddable":true,"href":"https:\/\/marketingplatform.com\/es\/wp-json\/wp\/v2\/yst_prominent_words?post=30562"}],"curies":[{"name":"wp","href":"https:\/\/api.w.org\/{rel}","templated":true}]}}