{"id":19665,"date":"2018-10-16T12:50:41","date_gmt":"2018-10-16T10:50:41","guid":{"rendered":"https:\/\/marketingplatform.com\/?page_id=19665"},"modified":"2020-02-21T12:36:38","modified_gmt":"2020-02-21T11:36:38","slug":"cookies-y-politica-privacidad","status":"publish","type":"page","link":"https:\/\/marketingplatform.com\/es\/cookies-y-politica-privacidad\/","title":{"rendered":"Cookies y politica de privacidad"},"content":{"rendered":"<p>[et_pb_section fb_built=&#8221;1&#8243; _builder_version=&#8221;3.22&#8243;][et_pb_row _builder_version=&#8221;3.25&#8243; background_size=&#8221;initial&#8221; background_position=&#8221;top_left&#8221; background_repeat=&#8221;repeat&#8221;][et_pb_column type=&#8221;4_4&#8243; _builder_version=&#8221;3.25&#8243; custom_padding=&#8221;|||&#8221; custom_padding__hover=&#8221;|||&#8221;][et_pb_text _builder_version=&#8221;4.0.2&#8243; background_size=&#8221;initial&#8221; background_position=&#8221;top_left&#8221; background_repeat=&#8221;repeat&#8221; hover_enabled=&#8221;0&#8243;]<\/p>\n<h1>Cookies y p\u00f3litica de privacidad<\/h1>\n<p>Pautas para el procesamiento de cookies e informaci\u00f3n personal. Al visitar el sitio web de MarketingPlatform, acepta esta Pol\u00edtica de privacidad y cookies.<\/p>\n<p><strong>Indice<\/strong><\/p>\n<p>1. Informaci\u00f3n del propietario<br \/>\n2. Cookies<br \/>\n2.1 Duraci\u00f3n de las cookies<br \/>\n2.2 Como eliminar las cookies<br \/>\n2.3 \u00bfC\u00f3mo evito las cookies?<br \/>\n2.4 Qu\u00e9 tipo de cookies se utilizan en nuestro sitio web<br \/>\n2.5 Google Analytics (medici\u00f3n de tr\u00e1fico)<br \/>\n2.6 Red de anuncios<br \/>\n3. Informaci\u00f3n personal<br \/>\n3.1 General<br \/>\n3.2 Seguridad<br \/>\n3.3 Prop\u00f3sito<br \/>\n3.4 Per\u00edodo de almacenamiento<br \/>\n3.5 Divulgaci\u00f3n de informaci\u00f3n<br \/>\n3.6 Reclamaciones<\/p>\n<p><strong>1. Informaci\u00f3n del proprietario<\/strong><br \/>\nEste sitio web es ofrecido por:<br \/>\nMarketingPlatform<br \/>\nN\u00f8rregade 12a<br \/>\n6600 Vejen<br \/>\nTelefon: +45 72 44 44 44<br \/>\nEmail: <a href=\"mailto:support@marketingplatform.com\">support@marketingplatform.com<\/a><\/p>\n<p><strong>2. Cookies<\/strong><br \/>\nEste sitio web utiliza &#8220;cookies&#8221;, que es un archivo de texto que se almacena en su computadora, m\u00f3vil o tablet con el fin de reconocerlo, recordar configuraciones, realizar estad\u00edsticas y orientar anuncios. Las cookies no pueden contener c\u00f3digos maliciosos como virus. Es posible eliminar o bloquear las cookies. Consulte la gu\u00eda: https:\/\/minecookies.org\/cookiehandtering<\/p>\n<p>Si elimina o bloquea las cookies, los anuncios pueden ser menos relevantes para usted y aparecer con m\u00e1s frecuencia. Adem\u00e1s, puede arriesgarse a que el sitio no funcione correctamente y que haya contenido al que no pueda acceder.<\/p>\n<p><strong>2.1 Duraci\u00f3n de las cookies<\/strong><br \/>\nLas cookies se eliminan despu\u00e9s de un cierto n\u00famero de meses (pueden variar), pero se renovar\u00e1n despu\u00e9s de cada visita.<\/p>\n<p><strong>2.2 Como eliminar las cookies<\/strong><br \/>\nVea las instrucciones aqu\u00ed: https:\/\/minecookies.org\/cookiehandtering<\/p>\n<p><strong>2.3 \u00bfC\u00f3mo evito las cookies?<\/strong><br \/>\nSi no desea recibir cookies, puede bloquearlas. Vea las instrucciones aqu\u00ed: https:\/\/minecookies.org\/cookiehandtering.<\/p>\n<p><strong>2.4 Qu\u00e9 cookies se utilizan en nuestro sitio web<\/strong><br \/>\nLas cookies se utilizan para realizar un seguimiento de las estad\u00edsticas sobre el n\u00famero de usuarios, as\u00ed como la informaci\u00f3n de g\u00e9nero, edad, geograf\u00eda e intereses de nuestros usuarios para personalizar el contenido y la publicidad en consecuencia. Por ejemplo. enlaces patrocinados.<\/p>\n<p><strong>2.5 Google Analytics (medici\u00f3n de tr\u00e1fico)<\/strong><br \/>\nLos sitios web utilizan cookies de Google Analytics para medir el tr\u00e1fico en el sitio.<\/p>\n<p>Puede inhabilitar las cookies de Google Analytics aqu\u00ed: https:\/\/tools.google.com\/dlpage\/gaoptout<\/p>\n<p><strong>2.6 Red de anuncios<\/strong><br \/>\nEn este sitio web, las cookies se agregan en la medida en que utilice nuestra funci\u00f3n de exclusi\u00f3n voluntaria para excluirse de la publicidad dirigida de la red individual. Es posible suscribirse a las siguientes redes:<\/p>\n<p>linkedin.com<br \/>\nadform.net<br \/>\ngoogle.com<br \/>\nbing.com<br \/>\nfacebook.com<br \/>\nmarketingplatform.com<\/p>\n<p><strong>3. Uso de la informaci\u00f3n personal.<br \/>\n3.1 General<\/strong><br \/>\nLa informaci\u00f3n personal es cualquier tipo de informaci\u00f3n que se le pueda atribuir. Al utilizar nuestro sitio web, recopilamos y procesamos una variedad de informaci\u00f3n. Esto sucede por ejemplo si acceda al contenido, si se suscribe a nuestro bolet\u00edn de noticias, participa en concursos o encuestas, se registra como usuario o suscriptor, utiliza los servicios o realiza compras a trav\u00e9s del sitio web.<\/p>\n<p>Por lo general, recopilamos y procesamos los siguientes tipos de informaci\u00f3n: una identificaci\u00f3n \u00fanica e informaci\u00f3n t\u00e9cnica sobre su computadora, tableta o tel\u00e9fono m\u00f3vil, su n\u00famero de IP, ubicaci\u00f3n geogr\u00e1fica y en qu\u00e9 p\u00e1ginas hace clic (intereses). En la medida en que consienta expresamente esto e incluso ingrese la informaci\u00f3n, tambi\u00e9n se lo tratar\u00e1: nombre, n\u00famero de tel\u00e9fono, correo electr\u00f3nico, direcci\u00f3n e informaci\u00f3n de pago. Esto normalmente se asocia con la creaci\u00f3n de inicio de sesi\u00f3n o compra.<\/p>\n<p><strong>3.2 Seguridad<\/strong><br \/>\nHemos tomado medidas t\u00e9cnicas y organizativas para evitar que su informaci\u00f3n se borra, publica, pierde, deteriora o llega al conocimiento de una persona accidental o ilegalmente, se utiliza de forma indebida o se la trata de alguna manera en violaci\u00f3n de la ley.<\/p>\n<p><strong>3.3 Prop\u00f3sito<\/strong><br \/>\nLa informaci\u00f3n se utiliza para identificarlo como usuario y mostrarle los anuncios que probablemente sean m\u00e1s relevantes para usted, registrar sus compras y pagos y proporcionar los servicios que ha solicitado, como por ejemplo para enviar un bolet\u00edn. Adem\u00e1s, utilizamos la informaci\u00f3n para optimizar nuestros servicios y contenidos.<\/p>\n<p><strong>3.4 Per\u00edodo de almacenamiento<\/strong><br \/>\nLa informaci\u00f3n se conserva durante el tiempo permitido por la ley y los eliminamos cuando ya no son necesarios. El per\u00edodo depende de la naturaleza de la informaci\u00f3n y por lo tanto, no es posible especificar un per\u00edodo de tiempo general para cuando se borra la informaci\u00f3n.<\/p>\n<p><strong>3.5 Divulgaci\u00f3n de informaci\u00f3n<\/strong><br \/>\nDatos generales no personales sobre su uso del sitio web, los anuncios que recibe y, si los hubiera, acciones como \u201cclics\u201d realizados, ubicaci\u00f3n geogr\u00e1fica, g\u00e9nero y segmento por edad, etc. pueden ser divulgada a terceros en la medida en que esta informaci\u00f3n sea conocida. Puede ver qu\u00e9 terceros se encuentran en la secci\u00f3n &#8220;Cookies&#8221; m\u00e1s arriba. La informaci\u00f3n se utiliza para orientar la publicidad.<\/p>\n<p>Adem\u00e1s, utilizamos servicios de terceros para almacenar y procesar datos. Estos solo tratan con informaci\u00f3n en nuestro nombre y no pueden ser utilizados para sus propios fines.<\/p>\n<p>Divulgaci\u00f3n de informaci\u00f3n personal como nombre y correo electr\u00f3nico, etc. s\u00f3lo suceder\u00e1 si usted lo acepta. Solo utilizamos usuarios de computadoras en la UE o en pa\u00edses que pueden proporcionar su informaci\u00f3n con la protecci\u00f3n adecuada.<\/p>\n<p><strong>3.6 Reclamaciones<\/strong><br \/>\nUsted tiene derecho a saber qu\u00e9 informaci\u00f3n personal estamos procesando sobre usted. Tambi\u00e9n puede objetar el uso de la informaci\u00f3n en cualquier momento. Tambi\u00e9n puede revocar su consentimiento para procesar informaci\u00f3n sobre usted. Si la informaci\u00f3n procesada sobre usted es incorrecta, tiene derecho a corregirla o borrarla. Por favor, p\u00f3ngase en contacto con: support@marketingplatform.com. Si desea reclamar sobre nuestro procesamiento de su informaci\u00f3n personal, tambi\u00e9n tiene la oportunidad de comunicarse con la Inspecci\u00f3n de Datos.[\/et_pb_text][\/et_pb_column][\/et_pb_row][\/et_pb_section]<\/p>\n","protected":false},"excerpt":{"rendered":"<p>Cookies y p\u00f3litica de privacidad Pautas para el procesamiento de cookies e informaci\u00f3n personal. Al visitar el sitio web de MarketingPlatform, acepta esta Pol\u00edtica de privacidad y cookies. Indice 1. Informaci\u00f3n del propietario 2. Cookies 2.1 Duraci\u00f3n de las cookies 2.2 Como eliminar las cookies 2.3 \u00bfC\u00f3mo evito las cookies? 2.4 Qu\u00e9 tipo de cookies [&hellip;]<\/p>\n","protected":false},"author":50,"featured_media":0,"parent":0,"menu_order":0,"comment_status":"closed","ping_status":"closed","template":"","meta":{"_et_pb_use_builder":"on","_et_pb_old_content":"Vigtig information: Danske myndigheder dr\u00f8fter fortsat med EU-Kommissionen hvordan reglerne p\u00e5 omr\u00e5det skal fortolkes. Derfor er nedenst\u00e5ende cookie- og privatlivspolitik med forbehold for at der kan ske \u00e6ndringer.\r\n\r\nRetningslinjer for behandling af cookies og personoplysninger.\u00a0Ved bes\u00f8g p\u00e5 MarketingPlatforms hjemmeside accepterer du denne Cookie- og privatlivspolitik.\r\n\r\n<strong>Oversigt<\/strong>\r\n\r\n1. Ejeroplysninger\r\n2. Cookies\r\n2.1 S\u00e5 lang tid opbevares cookies\r\n2.2 S\u00e5dan sletter du cookies\r\n2.3 S\u00e5dan undg\u00e5r jeg cookies?\r\n2.4 Hvad cookies bruges til p\u00e5 vores website\r\n2.5 Google Analytics (trafikm\u00e5ling)\r\n2.6 Annoncenetv\u00e6rk\r\n3. Personoplysninger\r\n3.1 Generelt\r\n3.2 Sikkerhed\r\n3.3 Form\u00e5l\r\n3.4 Periode for opbevaring\r\n3.5 Videregivelse af oplysninger\r\n3.6 Indsigt og klager\r\n\r\n<strong>1. Ejeroplysninger<\/strong>\r\nDette website udbydes af:\r\n\r\nEmailplatform\r\nN\u00f8rregade 12a\r\n6600 Vejen\r\nTelefon: +45 72 44 44 44\r\nEmail: support@marketingplatform.com\r\n\r\n<strong>2. Cookies<\/strong>\r\nWebsitet anvender \u201dcookies\u201d, der er en tekstfil, som gemmes p\u00e5 din computer, mobil el. tilsvarende med det form\u00e5l at genkende den, huske indstillinger, udf\u00f8re statistik og m\u00e5lrette annoncer. Cookies kan ikke indeholde skadelig kode som f.eks. virus. Det er muligt at slette eller blokere for cookies. Se vejledning: <a href=\"https:\/\/minecookies.org\/cookiehandtering\">https:\/\/minecookies.org\/cookiehandtering<\/a>\r\n\r\nHvis du sletter eller blokerer cookies vil annoncer kunne blive mindre relevante for dig og optr\u00e6de hyppigere. Du kan desuden risikere at websitet ikke fungerer optimalt samt at der er indhold, du ikke kan f\u00e5 adgang til.\r\n\r\n<strong>2.1 S\u00e5 lang tid opbevares cookies<\/strong>\r\nCookies sletter sig selv efter efter et vist antal m\u00e5neder (kan variere), men de fornyes efter hvert bes\u00f8g.\r\n\r\n<strong>2.2 S\u00e5dan sletter du cookies<\/strong>\r\nSe vejledning her: <a href=\"https:\/\/minecookies.org\/cookiehandtering\">https:\/\/minecookies.org\/cookiehandtering<\/a>\r\n\r\n<strong>2.3 S\u00e5dan undg\u00e5r jeg cookies?<\/strong>\r\nHvis du ikke \u00f8nsker at modtage cookies, kan du blokere dem. Se vejledning her: https:\/\/minecookies.org\/cookiehandtering.\r\n\r\n<strong>2.4 Hvilke cookies bruges til p\u00e5 vores website<\/strong>\r\nCookies anvendes til at f\u00f8re statistik over antallet af brugere samt oplysninger om k\u00f8n, alder, geografi og interesser p\u00e5 vores brugere for at tilpasse indhold og annoncering herefter. F.eks. sponsorerede links.\r\n\r\n<strong>2.5 Google Analytics (trafikm\u00e5ling)<\/strong>\r\nWebsites bruger cookies fra Google Analytics til at m\u00e5le trafikken p\u00e5 websitet.\r\n\r\nDu kan frav\u00e6lge cookies fra Google Analytics her: https:\/\/tools.google.com\/dlpage\/gaoptout\r\n\r\n<strong>2.6 Annoncenetv\u00e6rk<\/strong>\r\nP\u00e5 denne hjemmeside s\u00e6ttes cookies i det omfang, at man benytter vores fravalgsfunktion til at framelde sig at indg\u00e5 i de enkelte netv\u00e6rks m\u00e5lrettede annoncering. Det er muligt at til- og framelde sig f\u00f8lgende netv\u00e6rk:\r\n\r\nlinkedin.com\r\nadform.net\r\ngoogle.com\r\nbing.com\r\nfacebook.com\r\nmarketingplatform.com\r\n\r\n<strong>3. Brug af personoplysninger<\/strong>\r\n<strong>3.1 Generelt<\/strong>\r\nPersonoplysninger er alle slags informationer, der i et eller andet omfang kan henf\u00f8res til dig. N\u00e5r du benytter vores website indsamler og behandler vi en r\u00e6kke s\u00e5danne informationer. Det sker f.eks. ved alm. tilgang af indhold, hvis du tilmelder dig vores nyhedsbrev, deltager i konkurrencer eller unders\u00f8gelser, registrerer dig som bruger eller abonnent, \u00f8vrig brug af services eller foretager k\u00f8b via websitet.\r\n\r\nVi indsamler og behandler typisk f\u00f8lgende typer af oplysninger: Et unikt ID og tekniske oplysninger om din computer, tablet eller mobiltelefon, dit IP-nummer, geografisk placering, samt hvilke sider du klikker p\u00e5 (interesser). I det omfang du selv giver eksplicit samtykke hertil og selv indtaster informationerne behandles desuden: Navn, telefonnummer, e-mail, adresse og betalingsoplysninger. Det vil typisk v\u00e6re i forbindelse med oprettelse af login eller ved k\u00f8b.\r\n\r\n<strong>3.2 Sikkerhed<\/strong>\r\nVi har truffet tekniske og organisatoriske foranstaltninger mod, at dine oplysninger h\u00e6ndeligt eller ulovligt bliver slettet, offentliggjort, fortabt, forringet eller kommer til uvedkommendes kendskab, misbruges eller i \u00f8vrigt behandles i strid med lovgivningen.\r\n\r\n<strong>3.3 Form\u00e5l<\/strong>\r\nOplysningerne bruges til at identificere dig som bruger og vise dig de annoncer, som vil have st\u00f8rst sandsynlighed for at v\u00e6re relevante for dig, at registrere dine k\u00f8b og betalinger, samt at kunne levere de services, du har efterspurgt, som f.eks. at fremsende et nyhedsbrev. Herudover anvender vi oplysningerne til at optimere vores services og indhold.\r\n\r\n<strong>3.4 Periode for opbevaring<\/strong>\r\nOplysningerne opbevares i det tidsrum, der er tilladt i henhold til lovgivningen, og vi sletter dem, n\u00e5r de ikke l\u00e6ngere er n\u00f8dvendige. Perioden afh\u00e6nger af karakteren af oplysningen og baggrunden for opbevaring. Det er derfor ikke muligt at angive en generel tidsramme for, hvorn\u00e5r informationer slettes.\r\n\r\n<strong>3.5 Videregivelse af oplysninger<\/strong>\r\nData om din brug af websitet, hvilke annoncer, du modtager og evt. klikker p\u00e5, geografisk placering, k\u00f8n og alderssegment m.v. videregives til tredjeparter i det omfang disse oplysninger er kendt. Du kan se hvilke tredjeparter, der er tale om, i afsnittet om \u201dCookies\u201d ovenfor. Oplysningerne anvendes til m\u00e5lretning af annoncering.\r\n\r\nVi benytter herudover en r\u00e6kke tredjeparter til opbevaring og behandling af data. Disse behandler udelukkende oplysninger p\u00e5 vores vegne og m\u00e5 ikke anvende dem til egne form\u00e5l.\r\n\r\nVideregivelse af personoplysninger som navn og e-mail m.v. vil kun ske, hvis du giver samtykke til det. Vi anvender kun databehandlere i EU eller i lande, der kan give dine oplysninger en tilstr\u00e6kkelig beskyttelse.\r\n\r\n<strong>3.6 Indsigt og klager<\/strong>\r\nDu har ret til at f\u00e5 oplyst, hvilke personoplysninger, vi behandler om dig. Du kan desuden til enhver tid g\u00f8re indsigelse mod, at oplysninger anvendes. Du kan ogs\u00e5 tilbagekalde dit samtykke til, at der bliver behandlet oplysninger om dig. Hvis de oplysninger, der behandles om dig, er forkerte har du ret til at de bliver rettet eller slettet. Henvendelse herom kan ske til: support@marketingplatform.com. Hvis du vil klage over vores behandling af dine personoplysninger, har du ogs\u00e5 mulighed for at tage kontakt til Datatilsynet.","_et_gb_content_width":"","footnotes":""},"categories":[],"tags":[],"yst_prominent_words":[9074,9077,9087,9096,9098,9073,7742,9092,9089,9094,9097,9090,9093,9091,9071,9072,9095,9099,9075,9076],"_links":{"self":[{"href":"https:\/\/marketingplatform.com\/es\/wp-json\/wp\/v2\/pages\/19665"}],"collection":[{"href":"https:\/\/marketingplatform.com\/es\/wp-json\/wp\/v2\/pages"}],"about":[{"href":"https:\/\/marketingplatform.com\/es\/wp-json\/wp\/v2\/types\/page"}],"author":[{"embeddable":true,"href":"https:\/\/marketingplatform.com\/es\/wp-json\/wp\/v2\/users\/50"}],"replies":[{"embeddable":true,"href":"https:\/\/marketingplatform.com\/es\/wp-json\/wp\/v2\/comments?post=19665"}],"version-history":[{"count":2,"href":"https:\/\/marketingplatform.com\/es\/wp-json\/wp\/v2\/pages\/19665\/revisions"}],"predecessor-version":[{"id":51795,"href":"https:\/\/marketingplatform.com\/es\/wp-json\/wp\/v2\/pages\/19665\/revisions\/51795"}],"wp:attachment":[{"href":"https:\/\/marketingplatform.com\/es\/wp-json\/wp\/v2\/media?parent=19665"}],"wp:term":[{"taxonomy":"category","embeddable":true,"href":"https:\/\/marketingplatform.com\/es\/wp-json\/wp\/v2\/categories?post=19665"},{"taxonomy":"post_tag","embeddable":true,"href":"https:\/\/marketingplatform.com\/es\/wp-json\/wp\/v2\/tags?post=19665"},{"taxonomy":"yst_prominent_words","embeddable":true,"href":"https:\/\/marketingplatform.com\/es\/wp-json\/wp\/v2\/yst_prominent_words?post=19665"}],"curies":[{"name":"wp","href":"https:\/\/api.w.org\/{rel}","templated":true}]}}