{"id":13024,"date":"2018-06-12T14:08:47","date_gmt":"2018-06-12T12:08:47","guid":{"rendered":"https:\/\/marketingplatform.com\/?page_id=13024"},"modified":"2020-02-25T14:42:47","modified_gmt":"2020-02-25T13:42:47","slug":"non-profit","status":"publish","type":"page","link":"https:\/\/marketingplatform.com\/es\/sobre-nosotros\/non-profit\/","title":{"rendered":"non-profit"},"content":{"rendered":"<p>[et_pb_section fb_built=&#8221;1&#8243; admin_label=&#8221;section&#8221; _builder_version=&#8221;3.22&#8243; transparent_background=&#8221;off&#8221;][et_pb_row _builder_version=&#8221;3.25&#8243; background_size=&#8221;initial&#8221; background_position=&#8221;top_left&#8221; background_repeat=&#8221;repeat&#8221;][et_pb_column type=&#8221;4_4&#8243; _builder_version=&#8221;3.25&#8243; custom_padding=&#8221;|||&#8221; custom_padding__hover=&#8221;|||&#8221;][et_pb_text _builder_version=&#8221;3.27.4&#8243; background_size=&#8221;initial&#8221; background_position=&#8221;top_left&#8221; background_repeat=&#8221;repeat&#8221; text_orientation=&#8221;center&#8221; module_alignment=&#8221;center&#8221; use_border_color=&#8221;off&#8221; border_style=&#8221;solid&#8221;]<\/p>\n<h1>MarketingPlatform y Organizaciones No-Gubernamentales<\/h1>\n<p>Ayudamos a ONG\u2019s con nuestro modelo 1-1-1<br \/>\n[\/et_pb_text][\/et_pb_column][\/et_pb_row][et_pb_row admin_label=&#8221;row&#8221; _builder_version=&#8221;3.25&#8243; background_size=&#8221;initial&#8221; background_position=&#8221;top_left&#8221; background_repeat=&#8221;repeat&#8221; column_structure=&#8221;1_3,2_3&#8243;][et_pb_column type=&#8221;1_3&#8243; _builder_version=&#8221;3.25&#8243; custom_padding=&#8221;|||&#8221; custom_padding__hover=&#8221;|||&#8221;][et_pb_image src=&#8221;https:\/\/marketingplatform.com\/wp-content\/uploads\/2017\/04\/mailplatform-nonprofit-model.png&#8221; alt=&#8221;MarketingPlatform Non-Profit Model&#8221; align_tablet=&#8221;center&#8221; align_last_edited=&#8221;on|desktop&#8221; module_class=&#8221;image-border&#8221; _builder_version=&#8221;3.23&#8243; animation_style=&#8221;slide&#8221; animation_direction=&#8221;left&#8221; animation_duration=&#8221;500ms&#8221; animation_intensity_slide=&#8221;10%&#8221; use_border_color=&#8221;off&#8221; border_color=&#8221;#ffffff&#8221; border_width=&#8221;1px&#8221; border_style=&#8221;solid&#8221; sticky=&#8221;off&#8221;][\/et_pb_image][\/et_pb_column][et_pb_column type=&#8221;2_3&#8243; _builder_version=&#8221;3.25&#8243; custom_padding=&#8221;|||&#8221; custom_padding__hover=&#8221;|||&#8221;][et_pb_text _builder_version=&#8221;3.27.4&#8243; background_size=&#8221;initial&#8221; background_position=&#8221;top_left&#8221; background_repeat=&#8221;repeat&#8221; use_border_color=&#8221;off&#8221; border_style=&#8221;solid&#8221;]Ayudar a los dem\u00e1s siempre ha estado en la parte m\u00e1s alta de nuestra agenda. Es por eso que, aqu\u00ed en MarketingPlatform, hemos lanzado nuestro programa ben\u00e9fico para organizaciones sin fines de lucro, que incluye software libre, al menos el 1% de nuestras ganancias y el 1% del tiempo de nuestros empleados para obras de caridad.<\/p>\n<p>Lo llamamos el modelo 1-1-1 (seg\u00fan el modelo de compromiso estadounidense), un concepto simple ilustrado aqu\u00ed a la izquierda por las 3 ruedas dentadas, enfatizando nuestra mutua interdependencia.<\/p>\n<p>Ofrecemos nuestros 4 planes de suscripci\u00f3n m\u00e1s peque\u00f1os a todas las organizaciones ben\u00e9ficas aprobadas y otras organizaciones leg\u00edtimas sin fines de lucro (m\u00e1s sobre esto m\u00e1s adelante en esta p\u00e1gina). Por experiencia, estimamos que estos planes de suscripci\u00f3n cubrir\u00e1n las necesidades de alrededor del 90% de las organizaciones. Pero si necesita enviar millones de correos anuales y, por lo tanto, necesita uno de nuestros paquetes m\u00e1s grandes, estos est\u00e1n disponibles con un descuento del 80%. No buscamos obtener ingresos de organizaciones sin fines de lucro, pero ocasionalmente, para los m\u00e1s grandes, nos gustar\u00eda cubrir nuestros gastos para mantener nuestro alto nivel de servicio.<br \/>\n[\/et_pb_text][\/et_pb_column][\/et_pb_row][\/et_pb_section][et_pb_section fb_built=&#8221;1&#8243; _builder_version=&#8221;3.22&#8243; background_color=&#8221;#ffffff&#8221; transparent_background=&#8221;off&#8221;][et_pb_row admin_label=&#8221;row&#8221; _builder_version=&#8221;3.25&#8243; background_size=&#8221;initial&#8221; background_position=&#8221;top_left&#8221; background_repeat=&#8221;repeat&#8221;][et_pb_column type=&#8221;4_4&#8243; _builder_version=&#8221;3.25&#8243; custom_padding=&#8221;|||&#8221; custom_padding__hover=&#8221;|||&#8221;][et_pb_image src=&#8221;https:\/\/marketingplatform.com\/wp-content\/uploads\/2017\/04\/mailplatform-white-reference-ngo-2.png&#8221; alt=&#8221;mailplatform-non-profit-white-reference&#8221; align=&#8221;center&#8221; align_tablet=&#8221;center&#8221; align_last_edited=&#8221;on|desktop&#8221; _builder_version=&#8221;3.23&#8243; animation_style=&#8221;slide&#8221; animation_direction=&#8221;left&#8221; animation_duration=&#8221;500ms&#8221; animation_intensity_slide=&#8221;10%&#8221; use_border_color=&#8221;off&#8221; border_color=&#8221;#ffffff&#8221; border_width=&#8221;1px&#8221; border_style=&#8221;solid&#8221; sticky=&#8221;off&#8221;][\/et_pb_image][et_pb_image src=&#8221;https:\/\/marketingplatform.com\/wp-content\/uploads\/2017\/04\/mailplatform-white-reference-900px-nonprofit.png&#8221; alt=&#8221;mailplatform-non-profit-white-reference-2&#8243; align=&#8221;center&#8221; align_tablet=&#8221;center&#8221; align_last_edited=&#8221;on|desktop&#8221; _builder_version=&#8221;3.23&#8243; animation_style=&#8221;slide&#8221; animation_direction=&#8221;left&#8221; animation_duration=&#8221;500ms&#8221; animation_intensity_slide=&#8221;10%&#8221; use_border_color=&#8221;off&#8221; border_color=&#8221;#ffffff&#8221; border_width=&#8221;1px&#8221; border_style=&#8221;solid&#8221; sticky=&#8221;off&#8221;][\/et_pb_image][\/et_pb_column][\/et_pb_row][\/et_pb_section][et_pb_section fb_built=&#8221;1&#8243; _builder_version=&#8221;3.22&#8243; transparent_background=&#8221;off&#8221;][et_pb_row admin_label=&#8221;row&#8221; _builder_version=&#8221;3.25&#8243; background_size=&#8221;initial&#8221; background_position=&#8221;top_left&#8221; background_repeat=&#8221;repeat&#8221;][et_pb_column type=&#8221;4_4&#8243; _builder_version=&#8221;3.25&#8243; custom_padding=&#8221;|||&#8221; custom_padding__hover=&#8221;|||&#8221;][et_pb_testimonial _builder_version=&#8221;3.6&#8243; background_size=&#8221;initial&#8221; background_position=&#8221;top_left&#8221; background_repeat=&#8221;repeat&#8221; use_border_color=&#8221;off&#8221; border_style=&#8221;solid&#8221;]<strong><em>&#8220;Siempre he tenido el mayor placer de ayudar a otras personas: con MarketingPlatform, la oportunidad de hacerlo existe en una escala mayor.&#8221;<\/em><\/strong><\/p>\n<p>&#8211; Kim \u00d8stergaard, CEO MarketingPlatform<br \/>\n[\/et_pb_testimonial][\/et_pb_column][\/et_pb_row][\/et_pb_section][et_pb_section fb_built=&#8221;1&#8243; _builder_version=&#8221;3.22&#8243; background_color=&#8221;#ffffff&#8221; transparent_background=&#8221;off&#8221;][et_pb_row admin_label=&#8221;row&#8221; _builder_version=&#8221;3.25&#8243; background_size=&#8221;initial&#8221; background_position=&#8221;top_left&#8221; background_repeat=&#8221;repeat&#8221; column_structure=&#8221;2_3,1_3&#8243;][et_pb_column type=&#8221;2_3&#8243; _builder_version=&#8221;3.25&#8243; custom_padding=&#8221;|||&#8221; custom_padding__hover=&#8221;|||&#8221;][et_pb_text _builder_version=&#8221;3.27.4&#8243; background_size=&#8221;initial&#8221; background_position=&#8221;top_left&#8221; background_repeat=&#8221;repeat&#8221; use_border_color=&#8221;off&#8221; border_style=&#8221;solid&#8221;]<\/p>\n<h4>Para una organizaci\u00f3n aprobada sin fines de lucro, es completamente gratis (o muy cerca de &#8230;)<\/h4>\n<p>Como se mencion\u00f3 anteriormente, nuestros 4 planes de suscripci\u00f3n m\u00e1s peque\u00f1os son completamente gratuitos para organizaciones sin fines de lucro aprobadas. En el Reino Unido, hemos elegido utilizar la lista de organizaciones aprobadas del <a href=\"https:\/\/www.gov.uk\/find-charity-information\">UK Government Charity Register.<\/a> Si su asociaci\u00f3n u organizaci\u00f3n no figura en la lista, necesitaremos una prueba de que usted es una organizaci\u00f3n sin fines de lucro. En otros pa\u00edses, utilizamos listas de registro de caridad \/ sin fines de lucro del mercado local para verificar el estado de una organizaci\u00f3n.<\/p>\n<p>Los planes de suscripci\u00f3n XXS, XS, S y S son completamente gratuitos para asociaciones aprobadas, para siempre. Por supuesto, proporcionaremos exactamente el mismo asesoramiento y asistencia para la puesta en marcha de la misma forma que lo har\u00edamos con cualquier compa\u00f1\u00eda normal que pagara tasas.<br \/>\nSi su organizaci\u00f3n o asociaci\u00f3n es m\u00e1s grande y necesita enviar m\u00e1s de 50,000 correos por mes, todos nuestros otros planes de suscripci\u00f3n estar\u00e1n disponibles con un descuento del 80%. No deseamos obtener ganancias financieras en organizaciones sin fines de lucro, pero para los m\u00e1s grandes, nos gustar\u00eda ocasionalmente cubrir nuestros costos para mantener nuestro alto nivel de servicio.<br \/>\n[\/et_pb_text][\/et_pb_column][et_pb_column type=&#8221;1_3&#8243; _builder_version=&#8221;3.25&#8243; custom_padding=&#8221;|||&#8221; custom_padding__hover=&#8221;|||&#8221;][et_pb_image src=&#8221;https:\/\/marketingplatform.com\/wp-content\/uploads\/2017\/04\/mailplatform-freesoftware.png&#8221; alt=&#8221;MarketingPlatform Freesoftware for non-profit&#8221; align_tablet=&#8221;center&#8221; align_last_edited=&#8221;on|desktop&#8221; module_class=&#8221;image-border&#8221; _builder_version=&#8221;3.23&#8243; animation_style=&#8221;slide&#8221; animation_direction=&#8221;left&#8221; animation_duration=&#8221;500ms&#8221; animation_intensity_slide=&#8221;10%&#8221; use_border_color=&#8221;off&#8221; border_color=&#8221;#ffffff&#8221; border_width=&#8221;1px&#8221; border_style=&#8221;solid&#8221; sticky=&#8221;off&#8221;][\/et_pb_image][\/et_pb_column][\/et_pb_row][\/et_pb_section][et_pb_section fb_built=&#8221;1&#8243; _builder_version=&#8221;3.22&#8243; background_color=&#8221;#fafafa&#8221; transparent_background=&#8221;off&#8221;][et_pb_row admin_label=&#8221;row&#8221; _builder_version=&#8221;3.25&#8243; background_size=&#8221;initial&#8221; background_position=&#8221;top_left&#8221; background_repeat=&#8221;repeat&#8221; column_structure=&#8221;2_3,1_3&#8243;][et_pb_column type=&#8221;2_3&#8243; _builder_version=&#8221;3.25&#8243; custom_padding=&#8221;|||&#8221; custom_padding__hover=&#8221;|||&#8221;][et_pb_text _builder_version=&#8221;4.0.2&#8243; background_size=&#8221;initial&#8221; background_position=&#8221;top_left&#8221; background_repeat=&#8221;repeat&#8221; use_border_color=&#8221;off&#8221; border_style=&#8221;solid&#8221; hover_enabled=&#8221;0&#8243;]<\/p>\n<h4>Comenzando con MarketingPlatform como una organizaci\u00f3n registrada sin fines de lucro.<\/h4>\n<p>Primero, verifique que su asociaci\u00f3n u organizaci\u00f3n califiquen (vea la lista en el UK Government Charity Register). Luego, escriba a <a href=\"mailto:support@marketingplatform.com\">support@marketingplatform.com<\/a> para solicitar formalmente una cuenta con MarketingPlatform.<br \/> Luego recibir\u00e1 un mensaje de parte nuestra con su n\u00famero de caso individual. Poco despu\u00e9s, lo contactaremos por correo (o por tel\u00e9fono) para acordar un momento para revisar sus necesidades y configurar MarketingPlatform para usted.<\/p>\n<p>Si bien el sistema MarketingPlatform es nuestra donaci\u00f3n a su organizaci\u00f3n, de todos modos disfrutar\u00e1 exactamente del mismo asesoramiento inicial y de la asistencia que reciben los clientes que pagan. Para ayudarlo a comenzar su organizaci\u00f3n, le daremos entre 60 y 90 minutos de nuestro tiempo para que pueda configurarlo completamente en nuestro sistema. Le proporcionaremos un curso de introducci\u00f3n de MarketingPlatform, una plantilla gratuita adaptada espec\u00edficamente a su organizaci\u00f3n, importar sus listas de contactos y m\u00e1s. Adem\u00e1s, organizamos seminarios web gratuitos revisando nuestra soluci\u00f3n y ofreciendo orientaci\u00f3n y sugerencias con m\u00e1s detalle.<\/p>\n<p>En todas las suscripciones sin fines de lucro, habr\u00e1 una l\u00ednea de texto discreta en la parte inferior de todos los correos electr\u00f3nicos que env\u00ede diciendo &#8220;Enviado con una soluci\u00f3n patrocinada de MarketingPlatform&#8221; que enlaza con nuestro sitio web, marketingplatform.com. Est\u00e1 dise\u00f1ado para ser discreto, colocarse muy por debajo de todo el contenido de su correo y en tama\u00f1o 10 en la fuente.<\/p>\n<p>Si su asociaci\u00f3n u organizaci\u00f3n no est\u00e1 registrada en el UK Government Charity Register, necesitaremos un correo electr\u00f3nico de su banco que garantice su estado sin fines de lucro. Este es un servicio gratuito de su banco, y se puede obtener f\u00e1cilmente de ellos en poco tiempo.<br \/> Esperamos mucho poder ayudarle. Si tiene alguna pregunta, no dude en contactarnos.<\/p>\n<p>[\/et_pb_text][\/et_pb_column][et_pb_column type=&#8221;1_3&#8243; _builder_version=&#8221;3.25&#8243; custom_padding=&#8221;|||&#8221; custom_padding__hover=&#8221;|||&#8221;][et_pb_image src=&#8221;https:\/\/marketingplatform.com\/wp-content\/uploads\/2017\/04\/mailplatform-emailmarketing-icon.jpg&#8221; alt=&#8221;MarketingPlatform emailmarketing icon&#8221; align_tablet=&#8221;center&#8221; align_last_edited=&#8221;on|desktop&#8221; module_class=&#8221;image-border&#8221; _builder_version=&#8221;3.23&#8243; animation_style=&#8221;slide&#8221; animation_direction=&#8221;left&#8221; animation_duration=&#8221;500ms&#8221; animation_intensity_slide=&#8221;10%&#8221; use_border_color=&#8221;off&#8221; border_color=&#8221;#ffffff&#8221; border_width=&#8221;1px&#8221; border_style=&#8221;solid&#8221; sticky=&#8221;off&#8221;][\/et_pb_image][\/et_pb_column][\/et_pb_row][\/et_pb_section][et_pb_section fb_built=&#8221;1&#8243; _builder_version=&#8221;3.22&#8243; transparent_background=&#8221;off&#8221;][et_pb_row admin_label=&#8221;row&#8221; _builder_version=&#8221;3.25&#8243; background_size=&#8221;initial&#8221; background_position=&#8221;top_left&#8221; background_repeat=&#8221;repeat&#8221;][et_pb_column type=&#8221;4_4&#8243; _builder_version=&#8221;3.25&#8243; custom_padding=&#8221;|||&#8221; custom_padding__hover=&#8221;|||&#8221;][et_pb_text _builder_version=&#8221;3.27.4&#8243; background_size=&#8221;initial&#8221; background_position=&#8221;top_left&#8221; background_repeat=&#8221;repeat&#8221; use_border_color=&#8221;off&#8221; border_style=&#8221;solid&#8221;]<\/p>\n<h4>Un extracto de nuestro libro de empleados<\/h4>\n<p>[\/et_pb_text][et_pb_testimonial _builder_version=&#8221;3.6&#8243; background_size=&#8221;initial&#8221; background_position=&#8221;top_left&#8221; background_repeat=&#8221;repeat&#8221; use_border_color=&#8221;off&#8221; border_style=&#8221;solid&#8221;]<b>Bienvenido a MarketingPlatform: juntos apuntamos m\u00e1s alto<\/b><br \/>\nEstamos contentos de tenerte como empleado en nuestra Compa\u00f1\u00eda. Priorizamos el servicio al cliente m\u00e1s alto que vender a nuevos clientes. Nuestro objetivo principal es brindar excelencia en el servicio al cliente.<\/p>\n<p>Establezca tus objetivos personales y profesionales. Tenemos gran confianza en tu capacidad para lograrlos. Usa la pasi\u00f3n profesional y el mejor juicio en todas las situaciones.<br \/>\nDarles a nuestros clientes tiempo para ser creativos es lo que hacemos: un enfoque com\u00fan nos guiar\u00e1 en la construcci\u00f3n de la mejor automatizaci\u00f3n de marketing de clase y una compa\u00f1\u00eda de marketing omnicanal.<\/p>\n<p>MarketingPlatform es una empresa innovadora. Constantemente mejoramos, simplificamos y desarrollamos nuestra soluci\u00f3n.<br \/>\nMarketingPlatform es una empresa responsable. Nuestro modelo 1-1-1 est\u00e1 profundamente integrado en nuestra alma.<\/p>\n<p>La vida se trata de alcanzar metas. Solo cuando nuestros objetivos sean compartidos tendremos \u00e9xito.<br \/>\n[\/et_pb_testimonial][\/et_pb_column][\/et_pb_row][\/et_pb_section]<\/p>\n","protected":false},"excerpt":{"rendered":"<p>MarketingPlatform y Organizaciones No-Gubernamentales Ayudamos a ONG\u2019s con nuestro modelo 1-1-1 Ayudar a los dem\u00e1s siempre ha estado en la parte m\u00e1s alta de nuestra agenda. Es por eso que, aqu\u00ed en MarketingPlatform, hemos lanzado nuestro programa ben\u00e9fico para organizaciones sin fines de lucro, que incluye software libre, al menos el 1% de nuestras ganancias [&hellip;]<\/p>\n","protected":false},"author":50,"featured_media":0,"parent":12989,"menu_order":0,"comment_status":"closed","ping_status":"closed","template":"","meta":{"_et_pb_use_builder":"on","_et_pb_old_content":"\u00a0\r\n<h2 class=\"headline-style-2\" style=\"font-size: 25px; font-family: 'Source Sans Pro', sans-serif; font-weight: bold; text-align: left; margin-bottom: 20px;\">Vi hj\u00e6lper i en 1-1-1 model alle godkendte non-profit organisationer<\/h2>\r\n<img class=\"scale-with-grid alignleft\" title=\"\" src=\"https:\/\/marketingplatform.com\/wp-content\/uploads\/2017\/04\/mailplatform-nonprofit-model.png\" alt=\"mailplatform-nonprofit-model\" width=\"313\" height=\"312\" \/>Det at hj\u00e6lpe andre, har altid st\u00e5et \u00f8verst p\u00e5 vores agenda. Det er derfor vi har lanceret vores hj\u00e6lpe program der involverer gratis software, minimum 1% af vores overskud og 1% af vore medarbejderes tid til velg\u00f8renhed, fort\u00e6ller Kim \u00d8stergaard der er grundl\u00e6gger af danske MailPlatform.\r\n\r\nDet kalder vi for en 1-1-1 model efter amerikansk forbillede. Her illustreret ved de 3 tandhjul, der om nogen har indbyrdes afh\u00e6ngighed.\r\n\r\nVi for\u00e6rer vores 4 mindste pakker v\u00e6k til alle velg\u00f8rende organisationer, der er godkendt af SKAT (og andre non-profit, l\u00e6s mere p\u00e5 denne side). Disse abonnementspakker d\u00e6kker ansl\u00e5et 90% af organisationerne p\u00e5 listen. Har de st\u00f8rste organisationer, der skal sende millioner af \u00e5rlige mails, brug for st\u00f8rre pakker, vil disse kunne f\u00e5s med 80% rabat. Vi skal ikke tjene p\u00e5 non-profit organisationerne, men for de st\u00f8rste vil vi gerne sporadisk have d\u00e6kket vores omkostninger, for at kunne opretholde vores h\u00f8je serviceniveau.\r\n\r\n<img class=\"full-width\" src=\"https:\/\/marketingplatform.com\/wp-content\/uploads\/2017\/04\/mailplatform-white-reference-ngo-2.png\" alt=\"mailplatform-white-reference-ngo-2\" border=\"0\" \/>\r\n\r\n<img class=\"full-width\" src=\"https:\/\/marketingplatform.com\/wp-content\/uploads\/2017\/04\/mailplatform-white-reference-900px-nonprofit.png\" alt=\"mailplatform-white-reference-900px-nonprofit\" border=\"0\" \/>\r\n\r\nJeg har altid fundet stor gl\u00e6de ved at hj\u00e6lpe andre mennesker\r\n\r\n- med MailPlatform er muligheden der i st\u00f8rre skala\r\n\r\n<cite>Kim \u00d8stergaard, <span class=\"op-testimonial-company\">grundl\u00e6gger og ejer af MailPlatform<\/span>\r\n<\/cite>\r\n<h2 class=\"headline-style-2\" style=\"font-size: 25px; font-family: 'Source Sans Pro', sans-serif; font-weight: bold; text-align: left; margin-bottom: 20px;\">Som godkendt non-profit er det helt gratis eller meget t\u00e6t p\u00e5 ...<\/h2>\r\n<img class=\"scale-with-grid alignright\" title=\"\" src=\"https:\/\/marketingplatform.com\/wp-content\/uploads\/2017\/04\/mailplatform-freesoftware.png\" alt=\"mailplatform-freesoftware\" width=\"298\" height=\"277\" \/>Som n\u00e6vnt ovenfor er vores 4 mindste pakker 100% gratis for godkendte non-profit organisationer. Vi har valgt at f\u00f8lge godkendelsen fra SKAT (<a href=\"https:\/\/www.skat.dk\/SKAT.aspx?oID=2061734\" target=\"_blank\">se om din forening eller organisation er p\u00e5 listen, bes\u00f8g SKAT.dk<\/a>). Er din forening eller organisation ikke p\u00e5 listen fra SKAT, skal vi have dokumentation for I er non-profit.\r\n\r\nPakkerne XXS, XS, S og S vil for godkendte foreninger v\u00e6re 100% gratis - for altid. Naturligvis yder vi samme opstartsr\u00e5dgivning, som vi ville g\u00f8re for en normal betalende virksomhed.\r\n\r\nEr din organisation eller forening st\u00f8rre, dvs. I har behov for at udsende mere end 50.000 mails pr. m\u00e5ned, vil alle vore \u00f8vrige pakker kunne k\u00f8bes med 80% rabat. Vi skal ikke tjene p\u00e5 non-profit organisationerne, men for de st\u00f8rste vil vi gerne sporadisk have d\u00e6kket vores omkostninger, for at kunne opretholde vores h\u00f8je serviceniveau.\r\n\r\n\u00a0\r\n<blockquote id=\"testimonial-a613913d920c3501e1c76c20dcd1c71c\" class=\"testimonial testimonial-image-style-2\"><img class=\"\" src=\"https:\/\/marketingplatform.com\/wp-content\/uploads\/2017\/04\/MailPlatform-aid-to-balkan-e1401096081974-300x225.jpg\" alt=\"MailPlatform-aid-to-balkan\" width=\"207\" height=\"155\" \/>\r\n<img class=\"quote-tip\" src=\"https:\/\/mpdk.wpengine.netdna-cdn.com\/wp-content\/themes\/optimizePressTheme\/lib\/assets\/images\/testimonials\/quote-tip-blue.png\" alt=\"\" width=\"27\" height=\"18\" \/>\r\n<div class=\"testimonial-content\">\r\n<p class=\"p1\"><span class=\"s1\">\"Det skete ganske t\u00e6t p\u00e5 os, hos vores broderfolk i Serbien, og kaldte virkeligt p\u00e5 vores lyst til at hj\u00e6lpe\", fort\u00e6ller Neno Angelov der er udviklingsdirekt\u00f8r i MailPlatform. Det danske firmas udviklingsafdeling ligger placeret i Makedonien, t\u00e6t p\u00e5 den serbiske gr\u00e6nse.<\/span><\/p>\r\n\u00a0\r\n<p class=\"p1\"><a href=\"https:\/\/marketingplatform.com\/da\/artikler-presse\/mailplatform-anvender-deres-1-1-1-model-velgoerenhed-i-arbejdet-med-hjaelpe-ofrene-vandmasserne-paa-balkan\/\">L\u00e6s hele artiklen<\/a><\/p>\r\n<cite><strong>Neno Angelov, udviklingsdirekt\u00f8r<\/strong>\r\n<span class=\"op-testimonial-company\">MailPlatform<\/span>\r\n<\/cite>\r\n\r\n<\/div><\/blockquote>\r\n<h2 class=\"headline-style-2\" style=\"font-size: 20px; font-family: 'Source Sans Pro', sans-serif; font-weight: bold; text-align: left; margin-bottom: 20px;\">S\u00e5dan kommer du i gang med MailPlatform som non-profit ...<\/h2>\r\n<div id=\"op_img_text_aside_op_assets_core_img_text_aside_13d324bef741ca7b0d85b25196c94100\" class=\"image-text-style-2\">\r\n\r\n<img class=\"scale-with-grid alignleft\" title=\"\" src=\"https:\/\/marketingplatform.com\/wp-content\/uploads\/2017\/04\/mailplatform-emailmarketing-icon.jpg\" alt=\"mailplatform-emailmarketing-icon\" width=\"296\" height=\"443\" \/>Kvalificerer din forening eller organisation, jvf. listen hos SKAT, skal du skrive til <a href=\"mailto:support@mailplatform.dk?subject=Vi er non-profit og vil gerne i gang\">support@mailplatform.dk<\/a> og bede om adgang til MailPlatform systemet.\r\n\r\nN\u00e5r vi har modtaget din mail, vil du f\u00e5 et autosvar med et sagsnummer. Vi kontakter dig p\u00e5 mail, eller telefonisk, for at aftale et tidspunkt for gennemgang og ops\u00e6tning af MailPlatform.\r\n\r\nSelvom vi donerer MailPlatform til jer, vil I naturligvis f\u00e5 samme opstartsr\u00e5dgivning og hj\u00e6lp som alle betalende kunder. Vi bruger ca. 1-1,5 time p\u00e5 at <a href=\"https:\/\/mailplatform.dk\/mailplatform-gratis-proveadgang\/\">hj\u00e6lpe din organisation eller forening i gang<\/a>. Vi for\u00e6rer jer et mini-kursus, en gratis skabelon tilpasset din virksomhed, import af modtagere og meget mere. Derudover afholder vi gratis webinarer ca. hver anden uge, der gennemg\u00e5r vores l\u00f8sning mere detaljeret.\r\n\r\nP\u00e5 alle non-profit abonnementer, vil der diskret i bunden af alle udsendte mails st\u00e5: Udsendt med en sponsoreret l\u00f8sning fra MailPlatform. Teksten vil linke til mailplatform.dk. Det st\u00e5r diskret under jeres mails, i beh\u00f8rig afstand og med str. 10 i fontst\u00f8rrelse.\r\n\r\nFremg\u00e5r din forening eller organisation ikke af listen fra SKAT, vil vi foretr\u00e6kke en mail fra jeres bankforbindelse, der fort\u00e6ller I er non-profit. Det er ikke bureaukratisk, koster ikke noget og kan fremskaffes fra dag til dag.\r\n\r\nVi gl\u00e6der os til at hj\u00e6lpe jer.\r\n<br><\/br>\r\n<h2 class=\"headline-style-2\" style=\"font-size: 20px; font-family: 'Source Sans Pro', sans-serif; font-weight: bold; text-align: left; margin-bottom: 20px;\">Vores h\u00e5ndbog til medarbejdere ...<\/h2>\r\n<img class=\"scale-with-grid alignright\" title=\"\" src=\"https:\/\/marketingplatform.com\/wp-content\/uploads\/2017\/04\/mailplatform-employee-handbook.jpg\" alt=\"mailplatform-employee-handbook\" width=\"334\" height=\"334\" \/><strong style=\"font-size: 13px;\">Welcome to MailPlatform - together we aim higher<\/strong>\r\n\r\nWe're glad to have you with our Company. We set customer service higher than selling to new customers. Our number one goal is to provide customer service excellence.\r\n\r\nSet both your personal and professional goals high. We have great confidence in your ability to achieve them.\r\n\r\nUse professional passion and best judgment in all situations.\r\n\r\nEmail Marketing is all we do - common focus will guide us in building the best in class email marketing company.\r\n\r\nMailPlatform is an innovative company. We constantly improve, simplify and develop our solution.\r\n\r\nMailPlatform is a responsible company. Our 1-1-1 model is deeply integrated into our soul.\r\n\r\nLife is about achieving goals. Only when our goals are shared we will be successful.\r\n<h2>Pr\u00f8v MailPlatform gratis -\u00a0og f\u00e5 succes med dine nyhedsbreve<\/h2>\r\n<h3>Du tilmelder dig p\u00e5 10\u00a0sekunder - uden brug af kreditkort - skriv trygt din email i feltet herunder<\/h3>\r\nBlandt kunderne, der anvender MailPlatform til at forbedre deres kommunikation, er Applus, Bauhaus, Billetlugen, CBS, \u00a0EGMONT, Gallup, Jensens B\u00f8fhus, Kop & Kande, LEGO, Leo Pharma, Lions, Merck, Mr., Sampension, UNICEF og \u00c6ldresagen.\r\n<br><\/br>\r\n\r\n[widget id=\"text-183\"]\r\n\r\n<\/div>","_et_gb_content_width":"","footnotes":""},"categories":[],"tags":[],"yst_prominent_words":[7779,7769,7780,7782,7774,7771,7765,7776,7768,7767,7777,7772,7781,7775,7770,7766,7764,7778,7773,1705],"_links":{"self":[{"href":"https:\/\/marketingplatform.com\/es\/wp-json\/wp\/v2\/pages\/13024"}],"collection":[{"href":"https:\/\/marketingplatform.com\/es\/wp-json\/wp\/v2\/pages"}],"about":[{"href":"https:\/\/marketingplatform.com\/es\/wp-json\/wp\/v2\/types\/page"}],"author":[{"embeddable":true,"href":"https:\/\/marketingplatform.com\/es\/wp-json\/wp\/v2\/users\/50"}],"replies":[{"embeddable":true,"href":"https:\/\/marketingplatform.com\/es\/wp-json\/wp\/v2\/comments?post=13024"}],"version-history":[{"count":1,"href":"https:\/\/marketingplatform.com\/es\/wp-json\/wp\/v2\/pages\/13024\/revisions"}],"predecessor-version":[{"id":52115,"href":"https:\/\/marketingplatform.com\/es\/wp-json\/wp\/v2\/pages\/13024\/revisions\/52115"}],"up":[{"embeddable":true,"href":"https:\/\/marketingplatform.com\/es\/wp-json\/wp\/v2\/pages\/12989"}],"wp:attachment":[{"href":"https:\/\/marketingplatform.com\/es\/wp-json\/wp\/v2\/media?parent=13024"}],"wp:term":[{"taxonomy":"category","embeddable":true,"href":"https:\/\/marketingplatform.com\/es\/wp-json\/wp\/v2\/categories?post=13024"},{"taxonomy":"post_tag","embeddable":true,"href":"https:\/\/marketingplatform.com\/es\/wp-json\/wp\/v2\/tags?post=13024"},{"taxonomy":"yst_prominent_words","embeddable":true,"href":"https:\/\/marketingplatform.com\/es\/wp-json\/wp\/v2\/yst_prominent_words?post=13024"}],"curies":[{"name":"wp","href":"https:\/\/api.w.org\/{rel}","templated":true}]}}