{"id":12996,"date":"2018-06-12T11:55:04","date_gmt":"2018-06-12T09:55:04","guid":{"rendered":"https:\/\/marketingplatform.com\/?page_id=12996"},"modified":"2024-05-16T12:26:47","modified_gmt":"2024-05-16T10:26:47","slug":"etica-de-negocios","status":"publish","type":"page","link":"https:\/\/marketingplatform.com\/es\/sobre-nosotros\/etica-de-negocios\/","title":{"rendered":"\u00c9tica de negocios"},"content":{"rendered":"<p>[et_pb_section fb_built=&#8221;1&#8243; admin_label=&#8221;section&#8221; _builder_version=&#8221;4.16&#8243; custom_padding=&#8221;0px|0px|54px|0px&#8221; transparent_background=&#8221;off&#8221; global_colors_info=&#8221;{}&#8221;][et_pb_row admin_label=&#8221;row&#8221; _builder_version=&#8221;4.16&#8243; background_size=&#8221;initial&#8221; background_position=&#8221;top_left&#8221; background_repeat=&#8221;repeat&#8221; custom_padding=&#8221;50px|0px|27px|0px&#8221; global_colors_info=&#8221;{}&#8221;][et_pb_column type=&#8221;4_4&#8243; _builder_version=&#8221;4.16&#8243; custom_padding=&#8221;|||&#8221; global_colors_info=&#8221;{}&#8221; custom_padding__hover=&#8221;|||&#8221;][et_pb_text admin_label=&#8221;Text&#8221; _builder_version=&#8221;4.16&#8243; background_size=&#8221;initial&#8221; background_position=&#8221;top_left&#8221; background_repeat=&#8221;repeat&#8221; text_orientation=&#8221;center&#8221; module_alignment=&#8221;center&#8221; use_border_color=&#8221;off&#8221; border_style=&#8221;solid&#8221; global_colors_info=&#8221;{}&#8221;]<\/p>\n<h1>\u00c9tica de negocios<\/h1>\n<p>Tu reputaci\u00f3n es nuestra reputaci\u00f3n[\/et_pb_text][et_pb_text admin_label=&#8221;Text&#8221; _builder_version=&#8221;4.16&#8243; background_size=&#8221;initial&#8221; background_position=&#8221;top_left&#8221; background_repeat=&#8221;repeat&#8221; use_border_color=&#8221;off&#8221; border_style=&#8221;solid&#8221; global_colors_info=&#8221;{}&#8221;]<\/p>\n<p>En MarketingPlatform aceptamos nuestras responsabilidades hacia toda nuestra gente en todos los niveles<br \/> &#8211; ya sean nuestros clientes, nuestros proveedores, los miembros de nuestro equipo o nuestras familias. Vemos esto no como una carga, sino como un principio rector para lograr la felicidad y el \u00e9xito personal, corporativo y del cliente.<\/p>\n<p>Como una de las compa\u00f1\u00edas de automatizaci\u00f3n de marketing m\u00e1s grandes de la regi\u00f3n n\u00f3rdica, somos saludables y agradecidos a nadie m\u00e1s que a nuestros clientes, nuestra conciencia, nuestro compromiso de innovar y un deseo genuino de hacer una diferencia.<\/p>\n<p>De manera m\u00e1s visible, esto se manifiesta en nosotros regalando nuestro software a organizaciones ben\u00e9ficas y sin fines de lucro aprobadas en todo el mundo. Puede leer m\u00e1s sobre nuestras iniciativas sin fines de lucro <a href=\"https:\/\/marketingplatform.com\/es\/sobre-nosotros\/non-profit\/\">aqu\u00ed<\/a>. Sin embargo, eso en s\u00ed mismo es solo la punta del iceberg.<\/p>\n<p><strong>Leer nuestras condiciones <a href=\"https:\/\/marketingplatform.com\/es\/terminos-y-condiciones-generales-de-uso\/\">aqu\u00ed<\/a>.<\/strong><\/p>\n<p><strong>Leer nuestro acuerdo de procesamiento de datos <a href=\"https:\/\/marketingplatform.com\/es\/acuerdo-de-procesamiento-de-datos\/\">aqu\u00ed<\/a>.<\/strong><\/p>\n<p>[\/et_pb_text][\/et_pb_column][\/et_pb_row][\/et_pb_section][et_pb_section fb_built=&#8221;1&#8243; admin_label=&#8221;Section&#8221; _builder_version=&#8221;4.16&#8243; background_color=&#8221;#f5f8fb&#8221; transparent_background=&#8221;off&#8221; global_colors_info=&#8221;{}&#8221;][et_pb_row admin_label=&#8221;Row&#8221; _builder_version=&#8221;4.16&#8243; background_size=&#8221;initial&#8221; background_position=&#8221;top_left&#8221; background_repeat=&#8221;repeat&#8221; global_colors_info=&#8221;{}&#8221;][et_pb_column type=&#8221;4_4&#8243; _builder_version=&#8221;4.16&#8243; custom_padding=&#8221;|||&#8221; global_colors_info=&#8221;{}&#8221; custom_padding__hover=&#8221;|||&#8221;][et_pb_text admin_label=&#8221;Text&#8221; _builder_version=&#8221;4.16&#8243; background_size=&#8221;initial&#8221; background_position=&#8221;top_left&#8221; background_repeat=&#8221;repeat&#8221; use_border_color=&#8221;off&#8221; border_style=&#8221;solid&#8221; global_colors_info=&#8221;{}&#8221;]<\/p>\n<h3>Clientes de todo tipo<\/h3>\n<p>La confianza que nuestros muchos clientes demuestran en nosotros es genuinamente humilde, y tenemos la suerte de estar trabajando con algunas de las marcas n\u00f3rdicas e internacionales m\u00e1s conocidas del mundo. Pero a decir verdad, ning\u00fan cliente es demasiado peque\u00f1o o demasiado grande. Apoyamos a los clientes que env\u00edan desde unos pocos cientos de correos cada mes a otros que env\u00edan m\u00e1s de 50 millones de boletines y millones de mensajes SMS. En realidad, t\u00e9cnicamente estamos enviando m\u00e1s de 20 millones de mensajes por hora.[\/et_pb_text][\/et_pb_column][\/et_pb_row][\/et_pb_section][et_pb_section fb_built=&#8221;1&#8243; admin_label=&#8221;Section&#8221; _builder_version=&#8221;4.16&#8243; transparent_background=&#8221;off&#8221; global_colors_info=&#8221;{}&#8221;][et_pb_row admin_label=&#8221;Row&#8221; _builder_version=&#8221;4.16&#8243; background_size=&#8221;initial&#8221; background_position=&#8221;top_left&#8221; background_repeat=&#8221;repeat&#8221; global_colors_info=&#8221;{}&#8221;][et_pb_column type=&#8221;4_4&#8243; _builder_version=&#8221;4.16&#8243; custom_padding=&#8221;|||&#8221; global_colors_info=&#8221;{}&#8221; custom_padding__hover=&#8221;|||&#8221;][et_pb_text admin_label=&#8221;Text&#8221; _builder_version=&#8221;4.16&#8243; background_size=&#8221;initial&#8221; background_position=&#8221;top_left&#8221; background_repeat=&#8221;repeat&#8221; use_border_color=&#8221;off&#8221; border_style=&#8221;solid&#8221; global_colors_info=&#8221;{}&#8221;]<\/p>\n<h3>Alcance Internacional<\/h3>\n<p>En 2017, nos estamos expandiendo a nivel mundial, trabajando en conjunto con los principales expertos locales en marketing por correo electr\u00f3nico y automatizaci\u00f3n de marketing. Actualmente tenemos empresas en Espa\u00f1a, Noruega, Canad\u00e1, Polonia, Mauricio, Zimbabwe y Sud\u00e1frica. Otros objetivos de lanzamiento a corto plazo incluyen compa\u00f1\u00edas en BeNeLux, Francia, Ir\u00e1n, Suecia, Alemania y los Estados Unidos. Dicho esto, si siente que comparte nuestro esp\u00edritu y le gustar\u00eda ser socio de MarketingPlatform en el pa\u00eds, h\u00e1ganoslo saber.[\/et_pb_text][\/et_pb_column][\/et_pb_row][\/et_pb_section][et_pb_section fb_built=&#8221;1&#8243; admin_label=&#8221;Section&#8221; _builder_version=&#8221;4.16&#8243; background_color=&#8221;#f5f8fb&#8221; transparent_background=&#8221;off&#8221; global_colors_info=&#8221;{}&#8221;][et_pb_row admin_label=&#8221;Row&#8221; _builder_version=&#8221;4.16&#8243; background_size=&#8221;initial&#8221; background_position=&#8221;top_left&#8221; background_repeat=&#8221;repeat&#8221; global_colors_info=&#8221;{}&#8221;][et_pb_column type=&#8221;4_4&#8243; _builder_version=&#8221;4.16&#8243; custom_padding=&#8221;|||&#8221; global_colors_info=&#8221;{}&#8221; custom_padding__hover=&#8221;|||&#8221;][et_pb_text admin_label=&#8221;Text&#8221; _builder_version=&#8221;4.16&#8243; background_size=&#8221;initial&#8221; background_position=&#8221;top_left&#8221; background_repeat=&#8221;repeat&#8221; use_border_color=&#8221;off&#8221; border_style=&#8221;solid&#8221; global_colors_info=&#8221;{}&#8221;]<\/p>\n<h3>Spammers no son bienvenidos<\/h3>\n<p>Solo nos ocupamos de lo que percibimos como remitentes serios y comprometidos. Para nosotros, un remitente serio es aquel que env\u00eda boletines de noticias, marketing de di\u00e1logo y campa\u00f1as de SMS a sus propios clientes y destinatarios legalmente recolectados. Cualquier emisor de correo no deseado se encuentra con un educado, pero firme &#8220;gracias, pero no, gracias&#8221;. Lo debemos tanto a nuestros propios est\u00e1ndares \u00e9ticos, y muy importante para nuestros otros clientes, para garantizar la m\u00e1s alta integridad en las campa\u00f1as que env\u00edan todos nuestros clientes. En un nivel puramente operativo, mantener a los spammers fuera de nuestro sistema garantiza que siempre podamos entregar sus boletines en la bandeja de entrada de los destinatarios.<\/p>\n<p>Como proveedor de servicios certificado, estamos sujetos (y superamos considerablemente) a requisitos de cumplimiento particularmente estrictos. Estos certifican nuestra capacidad de enviar muchos m\u00e1s correos electr\u00f3nicos a la bandeja de entrada para su negocio y nuestros otros clientes serios.[\/et_pb_text][\/et_pb_column][\/et_pb_row][\/et_pb_section][et_pb_section fb_built=&#8221;1&#8243; admin_label=&#8221;Section&#8221; _builder_version=&#8221;4.16&#8243; background_color=&#8221;#fafafa&#8221; transparent_background=&#8221;off&#8221; global_colors_info=&#8221;{}&#8221;][et_pb_row admin_label=&#8221;Row&#8221; _builder_version=&#8221;4.16&#8243; background_size=&#8221;initial&#8221; background_position=&#8221;top_left&#8221; background_repeat=&#8221;repeat&#8221; global_colors_info=&#8221;{}&#8221;][et_pb_column type=&#8221;4_4&#8243; _builder_version=&#8221;4.16&#8243; custom_padding=&#8221;|||&#8221; global_colors_info=&#8221;{}&#8221; custom_padding__hover=&#8221;|||&#8221;][et_pb_text admin_label=&#8221;Text&#8221; _builder_version=&#8221;4.16&#8243; background_size=&#8221;initial&#8221; background_position=&#8221;top_left&#8221; background_repeat=&#8221;repeat&#8221; use_border_color=&#8221;off&#8221; border_style=&#8221;solid&#8221; global_colors_info=&#8221;{}&#8221;]<\/p>\n<h3>Un extracto de nuestro libro de empleados\u2026<\/h3>\n<p>[\/et_pb_text][et_pb_testimonial admin_label=&#8221;Testimonial&#8221; _builder_version=&#8221;4.16&#8243; body_text_color=&#8221;#ffffff&#8221; background_color=&#8221;#007ada&#8221; background_size=&#8221;initial&#8221; background_position=&#8221;top_left&#8221; background_repeat=&#8221;repeat&#8221; use_border_color=&#8221;off&#8221; border_style=&#8221;solid&#8221; global_colors_info=&#8221;{}&#8221;]<\/p>\n<p><b>Bienvenido a MarketingPlatform: juntos apuntamos m\u00e1s alto<\/b><\/p>\n<p>Estamos contentos de tenerte como empleado en nuestra Compa\u00f1\u00eda. Priorizamos el servicio al cliente m\u00e1s alto que vender a nuevos clientes. Nuestro objetivo principal es brindar excelencia en el servicio al cliente.<\/p>\n<p>Establezca tus objetivos personales y profesionales. Tenemos gran confianza en tu capacidad para lograrlos. Usa la pasi\u00f3n profesional y el mejor juicio en todas las situaciones.<br \/>Darles a nuestros clientes tiempo para ser creativos es lo que hacemos: un enfoque com\u00fan nos guiar\u00e1 en la construcci\u00f3n de la mejor automatizaci\u00f3n de marketing de clase y una compa\u00f1\u00eda de marketing omnicanal.<\/p>\n<p>MarketingPlatform es una empresa innovadora. Constantemente mejoramos, simplificamos y desarrollamos nuestra soluci\u00f3n.<\/p>\n<p>La vida se trata de alcanzar metas. Solo cuando nuestros objetivos sean compartidos tendremos \u00e9xito.<\/p>\n<p>[\/et_pb_testimonial][\/et_pb_column][\/et_pb_row][\/et_pb_section]<\/p>\n","protected":false},"excerpt":{"rendered":"<p>\u00c9tica de negocios Tu reputaci\u00f3n es nuestra reputaci\u00f3nEn MarketingPlatform aceptamos nuestras responsabilidades hacia toda nuestra gente en todos los niveles &#8211; ya sean nuestros clientes, nuestros proveedores, los miembros de nuestro equipo o nuestras familias. Vemos esto no como una carga, sino como un principio rector para lograr la felicidad y el \u00e9xito personal, corporativo [&hellip;]<\/p>\n","protected":false},"author":50,"featured_media":0,"parent":12989,"menu_order":0,"comment_status":"closed","ping_status":"closed","template":"","meta":{"_et_pb_use_builder":"on","_et_pb_old_content":"","_et_gb_content_width":"","footnotes":""},"categories":[],"tags":[],"yst_prominent_words":[],"_links":{"self":[{"href":"https:\/\/marketingplatform.com\/es\/wp-json\/wp\/v2\/pages\/12996"}],"collection":[{"href":"https:\/\/marketingplatform.com\/es\/wp-json\/wp\/v2\/pages"}],"about":[{"href":"https:\/\/marketingplatform.com\/es\/wp-json\/wp\/v2\/types\/page"}],"author":[{"embeddable":true,"href":"https:\/\/marketingplatform.com\/es\/wp-json\/wp\/v2\/users\/50"}],"replies":[{"embeddable":true,"href":"https:\/\/marketingplatform.com\/es\/wp-json\/wp\/v2\/comments?post=12996"}],"version-history":[{"count":1,"href":"https:\/\/marketingplatform.com\/es\/wp-json\/wp\/v2\/pages\/12996\/revisions"}],"predecessor-version":[{"id":237793,"href":"https:\/\/marketingplatform.com\/es\/wp-json\/wp\/v2\/pages\/12996\/revisions\/237793"}],"up":[{"embeddable":true,"href":"https:\/\/marketingplatform.com\/es\/wp-json\/wp\/v2\/pages\/12989"}],"wp:attachment":[{"href":"https:\/\/marketingplatform.com\/es\/wp-json\/wp\/v2\/media?parent=12996"}],"wp:term":[{"taxonomy":"category","embeddable":true,"href":"https:\/\/marketingplatform.com\/es\/wp-json\/wp\/v2\/categories?post=12996"},{"taxonomy":"post_tag","embeddable":true,"href":"https:\/\/marketingplatform.com\/es\/wp-json\/wp\/v2\/tags?post=12996"},{"taxonomy":"yst_prominent_words","embeddable":true,"href":"https:\/\/marketingplatform.com\/es\/wp-json\/wp\/v2\/yst_prominent_words?post=12996"}],"curies":[{"name":"wp","href":"https:\/\/api.w.org\/{rel}","templated":true}]}}