{"id":12964,"date":"2018-06-12T11:05:41","date_gmt":"2018-06-12T09:05:41","guid":{"rendered":"https:\/\/marketingplatform.com\/?page_id=12964"},"modified":"2019-11-07T10:19:27","modified_gmt":"2019-11-07T09:19:27","slug":"integracion-con-otros-canales","status":"publish","type":"page","link":"https:\/\/marketingplatform.com\/es\/marketing-por-sms\/integracion-con-otros-canales\/","title":{"rendered":"Integraci\u00f3n con otros canales"},"content":{"rendered":"<p>[et_pb_section fb_built=&#8221;1&#8243; _builder_version=&#8221;4.0.2&#8243;][et_pb_row _builder_version=&#8221;4.0.2&#8243; column_structure=&#8221;1_2,1_2&#8243;][et_pb_column _builder_version=&#8221;4.0.2&#8243; type=&#8221;1_2&#8243;][et_pb_text _builder_version=&#8221;4.0.2&#8243; hover_enabled=&#8221;0&#8243;]<\/p>\n<h1>Integraci\u00f3n con otros canales<\/h1>\n<p>El intercambio de datos debe ser f\u00e1cil. Es por eso que hemos desarrollado integraciones est\u00e1ndar con todas las soluciones, programas, sistemas y servicios con los que est\u00e1 familiarizado, y quiz\u00e1s incluso algunos que a\u00fan debe descubrir. Sin embargo, si su soluci\u00f3n no est\u00e1 aqu\u00ed, solo comun\u00edquese con nuestro equipo de atenci\u00f3n al cliente y ellos estar\u00e1n encantados de ayudarle.<\/p>\n<p>MarketingPlatform se puede conectar f\u00e1cilmente a sus soluciones existentes. Entre otros, nos integramos con Dandomain, Drupal, DynamicWeb, e-conomic, Joomla, Magento, Microsoft CRM, Navision, PrestaShop, SalesForce, ScanCommerce, ScanNet, SmartWeb y WordPress.<\/p>\n<p>Lo exclusivo de nuestras integraciones est\u00e1ndar es que son mantenidas por MarketingPlatform en cooperaci\u00f3n con tiendas web, sistemas financieros o el proveedor de CMS espec\u00edfico. La integraci\u00f3n transfiere autom\u00e1ticamente los datos entre las plataformas en un solo sentido o flujo de retorno.[\/et_pb_text][\/et_pb_column][et_pb_column _builder_version=&#8221;4.0.2&#8243; type=&#8221;1_2&#8243;][et_pb_image src=&#8221;https:\/\/marketingplatform.com\/wp-content\/uploads\/2019\/01\/integrations.jpg&#8221; _builder_version=&#8221;4.0.2&#8243; hover_enabled=&#8221;0&#8243;][\/et_pb_image][\/et_pb_column][\/et_pb_row][\/et_pb_section]<\/p>\n","protected":false},"excerpt":{"rendered":"<p>Integraci\u00f3n con otros canales El intercambio de datos debe ser f\u00e1cil. Es por eso que hemos desarrollado integraciones est\u00e1ndar con todas las soluciones, programas, sistemas y servicios con los que est\u00e1 familiarizado, y quiz\u00e1s incluso algunos que a\u00fan debe descubrir. Sin embargo, si su soluci\u00f3n no est\u00e1 aqu\u00ed, solo comun\u00edquese con nuestro equipo de atenci\u00f3n [&hellip;]<\/p>\n","protected":false},"author":50,"featured_media":0,"parent":12958,"menu_order":0,"comment_status":"closed","ping_status":"closed","template":"","meta":{"_et_pb_use_builder":"on","_et_pb_old_content":"","_et_gb_content_width":"","footnotes":""},"categories":[],"tags":[],"yst_prominent_words":[1449,180,1880,1885,1882,1806,1886],"_links":{"self":[{"href":"https:\/\/marketingplatform.com\/es\/wp-json\/wp\/v2\/pages\/12964"}],"collection":[{"href":"https:\/\/marketingplatform.com\/es\/wp-json\/wp\/v2\/pages"}],"about":[{"href":"https:\/\/marketingplatform.com\/es\/wp-json\/wp\/v2\/types\/page"}],"author":[{"embeddable":true,"href":"https:\/\/marketingplatform.com\/es\/wp-json\/wp\/v2\/users\/50"}],"replies":[{"embeddable":true,"href":"https:\/\/marketingplatform.com\/es\/wp-json\/wp\/v2\/comments?post=12964"}],"version-history":[{"count":0,"href":"https:\/\/marketingplatform.com\/es\/wp-json\/wp\/v2\/pages\/12964\/revisions"}],"up":[{"embeddable":true,"href":"https:\/\/marketingplatform.com\/es\/wp-json\/wp\/v2\/pages\/12958"}],"wp:attachment":[{"href":"https:\/\/marketingplatform.com\/es\/wp-json\/wp\/v2\/media?parent=12964"}],"wp:term":[{"taxonomy":"category","embeddable":true,"href":"https:\/\/marketingplatform.com\/es\/wp-json\/wp\/v2\/categories?post=12964"},{"taxonomy":"post_tag","embeddable":true,"href":"https:\/\/marketingplatform.com\/es\/wp-json\/wp\/v2\/tags?post=12964"},{"taxonomy":"yst_prominent_words","embeddable":true,"href":"https:\/\/marketingplatform.com\/es\/wp-json\/wp\/v2\/yst_prominent_words?post=12964"}],"curies":[{"name":"wp","href":"https:\/\/api.w.org\/{rel}","templated":true}]}}