{"id":12945,"date":"2018-06-12T10:54:22","date_gmt":"2018-06-12T08:54:22","guid":{"rendered":"https:\/\/marketingplatform.com\/?page_id=12945"},"modified":"2020-05-28T10:30:17","modified_gmt":"2020-05-28T08:30:17","slug":"seguimiento","status":"publish","type":"page","link":"https:\/\/marketingplatform.com\/es\/automatizacion-de-marketing\/seguimiento\/","title":{"rendered":"Seguimiento"},"content":{"rendered":"<p>[et_pb_section fb_built=&#8221;1&#8243; admin_label=&#8221;section&#8221; _builder_version=&#8221;4.4.0&#8243; hover_enabled=&#8221;0&#8243; transparent_background=&#8221;off&#8221; make_fullwidth=&#8221;off&#8221; use_custom_width=&#8221;off&#8221; width_unit=&#8221;off&#8221; custom_width_px=&#8221;1080px&#8221; custom_width_percent=&#8221;80%&#8221; module_id=&#8221;industries-tablet&#8221;][et_pb_row column_structure=&#8221;2_5,3_5&#8243; admin_label=&#8221;row&#8221; _builder_version=&#8221;4.4.0&#8243; background_size=&#8221;initial&#8221; background_position=&#8221;top_left&#8221; background_repeat=&#8221;repeat&#8221; make_fullwidth=&#8221;off&#8221; use_custom_width=&#8221;off&#8221; width_unit=&#8221;off&#8221; custom_width_px=&#8221;1080px&#8221; custom_width_percent=&#8221;80%&#8221;][et_pb_column type=&#8221;2_5&#8243; _builder_version=&#8221;3.25&#8243; custom_padding=&#8221;|||&#8221; custom_padding__hover=&#8221;|||&#8221;][et_pb_text _builder_version=&#8221;4.4.0&#8243; background_size=&#8221;initial&#8221; background_position=&#8221;top_left&#8221; background_repeat=&#8221;repeat&#8221; use_border_color=&#8221;off&#8221;]<\/p>\n<h1>Enlaces Web<\/h1>\n<p>MarketingPlatform registra cada acci\u00f3n llevada a cabo por sus receptores.<\/p>\n<p>Nosotros reunimos informaci\u00f3n acerca de cuanta audiencia registra haber abierto sus boletines, d\u00f3nde hicieron clic, qui\u00e9nes dejaron de seguirlo y qu\u00e9 direcciones de correo ya no son v\u00e1lidas.<\/p>\n<p>Aquellos que eliminan su subscripci\u00f3n son retirados autom\u00e1ticamente de sus listas. Tambi\u00e9n puede ver si los receptores abren los correos desde una PC, tablet o smartphone.<\/p>\n<p>M\u00e1s que nada, hemos creado una plataforma que facilita la comprensi\u00f3n de c\u00f3mo funciona una campa\u00f1a. A simple vista uno puede observar cuantos receptores abren y hacen clics en cada campa\u00f1a, qui\u00e9nes son y cu\u00e1ndo lo hacen. Adem\u00e1s, Usted puede crear sus propios filtros si desea hacerlo o cubos de informaci\u00f3n con contenido relevante. [\/et_pb_text][\/et_pb_column][et_pb_column type=&#8221;3_5&#8243; _builder_version=&#8221;3.25&#8243; custom_padding=&#8221;|||&#8221; custom_padding__hover=&#8221;|||&#8221;][et_pb_image src=&#8221;https:\/\/marketingplatform.com\/wp-content\/uploads\/2018\/11\/tracking-mr-dk.png&#8221; _builder_version=&#8221;4.4.0&#8243;][\/et_pb_image][\/et_pb_column][\/et_pb_row][\/et_pb_section]<\/p>\n","protected":false},"excerpt":{"rendered":"<p>Enlaces Web MarketingPlatform registra cada acci\u00f3n llevada a cabo por sus receptores. Nosotros reunimos informaci\u00f3n acerca de cuanta audiencia registra haber abierto sus boletines, d\u00f3nde hicieron clic, qui\u00e9nes dejaron de seguirlo y qu\u00e9 direcciones de correo ya no son v\u00e1lidas. Aquellos que eliminan su subscripci\u00f3n son retirados autom\u00e1ticamente de sus listas. Tambi\u00e9n puede ver si [&hellip;]<\/p>\n","protected":false},"author":50,"featured_media":0,"parent":12936,"menu_order":0,"comment_status":"closed","ping_status":"closed","template":"","meta":{"_et_pb_use_builder":"on","_et_pb_old_content":"","_et_gb_content_width":"","footnotes":""},"categories":[],"tags":[],"yst_prominent_words":[3753,1373,5048,180,1878,1781,1774,5046,5047],"_links":{"self":[{"href":"https:\/\/marketingplatform.com\/es\/wp-json\/wp\/v2\/pages\/12945"}],"collection":[{"href":"https:\/\/marketingplatform.com\/es\/wp-json\/wp\/v2\/pages"}],"about":[{"href":"https:\/\/marketingplatform.com\/es\/wp-json\/wp\/v2\/types\/page"}],"author":[{"embeddable":true,"href":"https:\/\/marketingplatform.com\/es\/wp-json\/wp\/v2\/users\/50"}],"replies":[{"embeddable":true,"href":"https:\/\/marketingplatform.com\/es\/wp-json\/wp\/v2\/comments?post=12945"}],"version-history":[{"count":3,"href":"https:\/\/marketingplatform.com\/es\/wp-json\/wp\/v2\/pages\/12945\/revisions"}],"predecessor-version":[{"id":57651,"href":"https:\/\/marketingplatform.com\/es\/wp-json\/wp\/v2\/pages\/12945\/revisions\/57651"}],"up":[{"embeddable":true,"href":"https:\/\/marketingplatform.com\/es\/wp-json\/wp\/v2\/pages\/12936"}],"wp:attachment":[{"href":"https:\/\/marketingplatform.com\/es\/wp-json\/wp\/v2\/media?parent=12945"}],"wp:term":[{"taxonomy":"category","embeddable":true,"href":"https:\/\/marketingplatform.com\/es\/wp-json\/wp\/v2\/categories?post=12945"},{"taxonomy":"post_tag","embeddable":true,"href":"https:\/\/marketingplatform.com\/es\/wp-json\/wp\/v2\/tags?post=12945"},{"taxonomy":"yst_prominent_words","embeddable":true,"href":"https:\/\/marketingplatform.com\/es\/wp-json\/wp\/v2\/yst_prominent_words?post=12945"}],"curies":[{"name":"wp","href":"https:\/\/api.w.org\/{rel}","templated":true}]}}