{"id":12941,"date":"2018-06-12T10:51:09","date_gmt":"2018-06-12T08:51:09","guid":{"rendered":"https:\/\/marketingplatform.com\/?page_id=12941"},"modified":"2024-05-16T11:27:51","modified_gmt":"2024-05-16T09:27:51","slug":"flow-builder","status":"publish","type":"page","link":"https:\/\/marketingplatform.com\/es\/automatizacion-de-marketing\/flow-builder\/","title":{"rendered":"Flow Builder"},"content":{"rendered":"<p>[et_pb_section fb_built=&#8221;1&#8243; _builder_version=&#8221;4.16&#8243; background_color=&#8221;#f7f8fb&#8221; background_image=&#8221;https:\/\/marketingplatform.com\/wp-content\/uploads\/2021\/02\/floating-squares.png&#8221; background_size=&#8221;contain&#8221; box_shadow_style=&#8221;preset7&#8243; box_shadow_horizontal=&#8221;0px&#8221; box_shadow_vertical=&#8221;-200px&#8221; box_shadow_color=&#8221;#FFFFFF&#8221; box_shadow_vertical_tablet=&#8221;-130px&#8221; box_shadow_vertical_phone=&#8221;&#8221; box_shadow_vertical_last_edited=&#8221;on|tablet&#8221; global_colors_info=&#8221;{}&#8221;][et_pb_row _builder_version=&#8221;4.16&#8243; global_colors_info=&#8221;{}&#8221;][et_pb_column type=&#8221;4_4&#8243; _builder_version=&#8221;4.16&#8243; global_colors_info=&#8221;{}&#8221;][et_pb_text _builder_version=&#8221;4.16&#8243; text_font_size=&#8221;20px&#8221; header_font=&#8221;|800|||||||&#8221; header_font_size=&#8221;38px&#8221; background_size=&#8221;initial&#8221; background_position=&#8221;top_left&#8221; background_repeat=&#8221;repeat&#8221; text_orientation=&#8221;center&#8221; use_border_color=&#8221;off&#8221; global_colors_info=&#8221;{}&#8221;]<\/p>\n<h1>Automatizaci\u00f3n de Marketing<\/h1>\n<p>-Trabaje de forma creativa, productiva e intuitiva con su Automatizaci\u00f3n de Marketing[\/et_pb_text][et_pb_image src=&#8221;https:\/\/marketingplatform.com\/wp-content\/uploads\/2021\/03\/flowbuilder-flow.png&#8221; title_text=&#8221;flowbuilder-flow&#8221; _builder_version=&#8221;4.16&#8243; global_colors_info=&#8221;{}&#8221;][\/et_pb_image][\/et_pb_column][\/et_pb_row][\/et_pb_section][et_pb_section fb_built=&#8221;1&#8243; admin_label=&#8221;section&#8221; _builder_version=&#8221;4.16&#8243; background_image=&#8221;https:\/\/marketingplatform.com\/wp-content\/uploads\/2021\/02\/gradient-circle-right.png&#8221; background_size=&#8221;contain&#8221; background_position=&#8221;center_right&#8221; transparent_background=&#8221;off&#8221; make_fullwidth=&#8221;off&#8221; use_custom_width=&#8221;off&#8221; width_unit=&#8221;off&#8221; custom_width_px=&#8221;1080px&#8221; custom_width_percent=&#8221;80%&#8221; global_colors_info=&#8221;{}&#8221;][et_pb_row column_structure=&#8221;1_2,1_2&#8243; admin_label=&#8221;row&#8221; _builder_version=&#8221;4.16&#8243; background_size=&#8221;initial&#8221; background_position=&#8221;top_left&#8221; background_repeat=&#8221;repeat&#8221; make_fullwidth=&#8221;off&#8221; use_custom_width=&#8221;off&#8221; width_unit=&#8221;off&#8221; custom_width_px=&#8221;1080px&#8221; custom_width_percent=&#8221;80%&#8221; global_colors_info=&#8221;{}&#8221;][et_pb_column type=&#8221;1_2&#8243; _builder_version=&#8221;4.16&#8243; custom_padding=&#8221;100px||||false|false&#8221; global_colors_info=&#8221;{}&#8221; custom_padding__hover=&#8221;|||&#8221;][et_pb_text _builder_version=&#8221;4.16&#8243; header_2_font=&#8221;|800|||||||&#8221; background_size=&#8221;initial&#8221; background_position=&#8221;top_left&#8221; background_repeat=&#8221;repeat&#8221; use_border_color=&#8221;off&#8221; global_colors_info=&#8221;{}&#8221;]<\/p>\n<h2>FlowBuilder lo hace muy f\u00e1cil<\/h2>\n<p>Crear flujos de automatizaci\u00f3n de marketing con la mir\u00edada de opciones disponibles puede parecer una tarea insuperable. Los flujos grandes y complejos pueden hacer que pierda el rumbo y no llegue a la meta.<\/p>\n<p>Pero con nuestro FlowBuilder, hacemos que sea f\u00e1cil, creativo, divertido y no menos productivo construir y adaptar sus flujos de automatizaci\u00f3n de marketing para que sus clientes y prospectos obtengan las experiencias m\u00e1s \u00f3ptimas en todos los canales.<\/p>\n<p>Lleve su automatizaci\u00f3n de marketing del nivel estrat\u00e9gico al t\u00e1ctico utilizando la funcionalidad de arrastrar y soltar de FlowBuilder.[\/et_pb_text][\/et_pb_column][et_pb_column type=&#8221;1_2&#8243; _builder_version=&#8221;4.16&#8243; custom_padding=&#8221;|||&#8221; global_colors_info=&#8221;{}&#8221; custom_padding__hover=&#8221;|||&#8221;][et_pb_image src=&#8221;https:\/\/marketingplatform.com\/wp-content\/uploads\/2021\/02\/flowbuilder-graph.png&#8221; alt=&#8221;Flow Builder&#8221; title_text=&#8221;flowbuilder-graph&#8221; align_tablet=&#8221;center&#8221; align_phone=&#8221;&#8221; align_last_edited=&#8221;on|desktop&#8221; _builder_version=&#8221;4.16&#8243; width=&#8221;80%&#8221; max_width=&#8221;1200px&#8221; custom_margin=&#8221;60px|||&#8221; custom_margin_tablet=&#8221;0px|||&#8221; custom_margin_phone=&#8221;0px|||&#8221; custom_margin_last_edited=&#8221;on|tablet&#8221; use_border_color=&#8221;off&#8221; border_color=&#8221;#ffffff&#8221; border_width=&#8221;1px&#8221; border_style=&#8221;solid&#8221; animation=&#8221;off&#8221; sticky=&#8221;off&#8221; always_center_on_mobile=&#8221;on&#8221; global_colors_info=&#8221;{}&#8221;][\/et_pb_image][\/et_pb_column][\/et_pb_row][\/et_pb_section][et_pb_section fb_built=&#8221;1&#8243; _builder_version=&#8221;4.16&#8243; background_color=&#8221;#152872&#8243; top_divider_height=&#8221;60px&#8221; bottom_divider_height=&#8221;60px&#8221; global_colors_info=&#8221;{}&#8221;][et_pb_row column_structure=&#8221;1_2,1_2&#8243; _builder_version=&#8221;4.16&#8243; global_colors_info=&#8221;{}&#8221;][et_pb_column type=&#8221;1_2&#8243; _builder_version=&#8221;4.16&#8243; global_colors_info=&#8221;{}&#8221;][et_pb_text _builder_version=&#8221;4.16&#8243; header_2_font=&#8221;|800|||||||&#8221; global_colors_info=&#8221;{}&#8221;]<\/p>\n<h2><span style=\"color: #ffffff;\">Arrastra y suelta tus flujos<\/span><\/h2>\n<p><span style=\"color: #ffffff;\">Cree flujos de automatizaci\u00f3n de marketing con la funci\u00f3n de arrastrar y soltar en solo unos minutos. Por ejemplo, puedes configurar:<\/span><\/p>\n<ul style=\"color: #ffffff!important; margin-top: 15px;\">\n<li>Oferta de cumplea\u00f1os<\/li>\n<li>Oferta VIP<\/li>\n<li>Seguimiento de ventas<\/li>\n<li>Re-engagement<\/li>\n<li>Carrito abandonado<\/li>\n<li>Re-compra de art\u00edculos antes comprados<\/li>\n<\/ul>\n<p>[\/et_pb_text][\/et_pb_column][et_pb_column type=&#8221;1_2&#8243; _builder_version=&#8221;4.16&#8243; global_colors_info=&#8221;{}&#8221;][et_pb_code _builder_version=&#8221;4.16&#8243; global_colors_info=&#8221;{}&#8221;]<\/p>\n<style><!-- [et_pb_line_break_holder] -->  <!-- [et_pb_line_break_holder] -->  iframe{<!-- [et_pb_line_break_holder] -->    overflow:hidden!important;<!-- [et_pb_line_break_holder] -->}<!-- [et_pb_line_break_holder] -->.iframe-container {<!-- [et_pb_line_break_holder] -->  overflow: hidden;<!-- [et_pb_line_break_holder] --><!-- [et_pb_line_break_holder] -->  padding-top: 56.25%;<!-- [et_pb_line_break_holder] -->  position: relative;<!-- [et_pb_line_break_holder] -->}<!-- [et_pb_line_break_holder] --> <!-- [et_pb_line_break_holder] -->.iframe-container iframe {<!-- [et_pb_line_break_holder] -->   border: 0;<!-- [et_pb_line_break_holder] -->   height: 100%;<!-- [et_pb_line_break_holder] -->   left: 0;<!-- [et_pb_line_break_holder] -->   position: absolute;<!-- [et_pb_line_break_holder] -->   top: 0;<!-- [et_pb_line_break_holder] -->   width: 100%;overflow:hidden!important;<!-- [et_pb_line_break_holder] -->}<\/style>\n<p><!-- [et_pb_line_break_holder] --><!-- [et_pb_line_break_holder] --><\/p>\n<div class=\"iframe-container\"><!-- [et_pb_line_break_holder] -->  <iframe src=\"https:\/\/marketingplatform.com\/test\/flowbuilder\/2\/FlowBuilder.html\" scrolling=\"no\" frameborder=\"0\"><\/iframe><!-- [et_pb_line_break_holder] --><\/div>\n<p>[\/et_pb_code][\/et_pb_column][\/et_pb_row][\/et_pb_section][et_pb_section fb_built=&#8221;1&#8243; _builder_version=&#8221;4.16&#8243; global_colors_info=&#8221;{}&#8221;][et_pb_row column_structure=&#8221;1_2,1_2&#8243; _builder_version=&#8221;4.16&#8243; global_colors_info=&#8221;{}&#8221;][et_pb_column type=&#8221;1_2&#8243; _builder_version=&#8221;4.16&#8243; global_colors_info=&#8221;{}&#8221;][et_pb_image src=&#8221;https:\/\/marketingplatform.com\/wp-content\/uploads\/2019\/09\/flow-elements.png&#8221; _builder_version=&#8221;4.16&#8243; global_colors_info=&#8221;{}&#8221;][\/et_pb_image][\/et_pb_column][et_pb_column type=&#8221;1_2&#8243; _builder_version=&#8221;4.16&#8243; custom_padding=&#8221;30px||||false|false&#8221; global_colors_info=&#8221;{}&#8221;][et_pb_text _builder_version=&#8221;4.16&#8243; header_2_font=&#8221;|800|||||||&#8221; global_colors_info=&#8221;{}&#8221;]<\/p>\n<h2>Caracteristicas<\/h2>\n<p><span style=\"font-size: 16px;\">Con nuestro FlowBuilder tiene una amplia gama de posibilidades para construir, dar forma y personalizar sus flujos como desee.<\/span><\/p>\n<p><span style=\"font-size: 16px;\">Puede, entre otras cosas, configurar flujos en los que responde si los contactos han abierto o no su correo electr\u00f3nico, si se ha hecho clic en un enlace espec\u00edfico, si una persona se ha suscrito o no, si ha habido algunos cambios en un feed asociado; puede cambiar el LeadScore, puede dividir segmentos, subir contactos a las redes sociales, enviar contactos a otro flujo de automatizaci\u00f3n de marketing y mucho, mucho m\u00e1s. El cielo es el limite.<\/span><\/p>\n<p>[\/et_pb_text][\/et_pb_column][\/et_pb_row][et_pb_row column_structure=&#8221;1_2,1_2&#8243; _builder_version=&#8221;4.16&#8243; custom_margin=&#8221;50px||||false|false&#8221; global_colors_info=&#8221;{}&#8221;][et_pb_column type=&#8221;1_2&#8243; _builder_version=&#8221;4.16&#8243; global_colors_info=&#8221;{}&#8221;][et_pb_text _builder_version=&#8221;4.16&#8243; header_2_font=&#8221;|800|||||||&#8221; global_colors_info=&#8221;{}&#8221;]<\/p>\n<h2>FlowBuilder y omnicanalidad<\/h2>\n<p><span>Con nuestro FlowBuilder, puede adaptar sus campa\u00f1as por completo dentro de su plan de marketing omnicanal .\u00a0<\/span><\/p>\n<p>Piense en FlowBuilder en una perspectiva omnicanal m\u00e1s amplia que involucra m\u00faltiples canales. Por ejemplo,<\/p>\n<ul>\n<li>Un cliente ha mirado los art\u00edculos en l\u00ednea, pero no ha realizado una compra -&gt; Enviar un correo electr\u00f3nico con los productos, as\u00ed como la direcci\u00f3n, el horario de apertura y la ubicaci\u00f3n de Google Maps de la tienda f\u00edsica m\u00e1s cercana -&gt; Enviar los mismos datos del producto al correo electr\u00f3nico del cliente objetivo de Facebook.<\/li>\n<\/ul>\n<p>Todo esto es posible con FlowBuilder de MarketingPlatform, si tiene los datos requeridos disponibles.<\/p>\n<p>FlowBuilder est\u00e1 disponible para todos los clientes con paquetes de suscripci\u00f3n <a href=\"https:\/\/marketingplatform.com\/es\/precios-email-marketing\/\">Empresa y Comercio<\/a>.<\/p>\n<h5><\/h5>\n<p>\u00bfTe gustar\u00eda probar nuestro FlowBuilder? Reserve una demostraci\u00f3n con nosotros, sin compromiso.<\/p>\n<p>&nbsp;<\/p>\n<p>[\/et_pb_text][\/et_pb_column][et_pb_column type=&#8221;1_2&#8243; _builder_version=&#8221;4.16&#8243; global_colors_info=&#8221;{}&#8221;][et_pb_image src=&#8221;https:\/\/marketingplatform.com\/wp-content\/uploads\/2019\/09\/omnichannel.png&#8221; _builder_version=&#8221;4.16&#8243; global_colors_info=&#8221;{}&#8221;][\/et_pb_image][\/et_pb_column][\/et_pb_row][\/et_pb_section][et_pb_section fb_built=&#8221;1&#8243; custom_padding_last_edited=&#8221;on|phone&#8221; module_class=&#8221;ressourcer-signup&#8221; _builder_version=&#8221;4.9.7&#8243; background_color=&#8221;RGBA(0,0,0,0)&#8221; custom_padding=&#8221;7%||||false|false&#8221; custom_padding_tablet=&#8221;12%||||false|false&#8221; custom_padding_phone=&#8221;17%||||false|false&#8221; top_divider_style=&#8221;asymmetric2&#8243; top_divider_color=&#8221;#ffffff&#8221; top_divider_height=&#8221;60px&#8221; top_divider_height_tablet=&#8221;&#8221; top_divider_height_phone=&#8221;&#8221; top_divider_height_last_edited=&#8221;on|phone&#8221; global_module=&#8221;31898&#8243; saved_tabs=&#8221;all&#8221; global_colors_info=&#8221;{}&#8221;][et_pb_row _builder_version=&#8221;4.16&#8243; background_color=&#8221;#152872&#8243; custom_margin=&#8221;||10px||false|false&#8221; custom_padding=&#8221;100px||100px||false|false&#8221; border_radii=&#8221;on|22px|22px|22px|22px&#8221; global_colors_info=&#8221;{}&#8221;][et_pb_column type=&#8221;4_4&#8243; _builder_version=&#8221;4.16&#8243; background_color=&#8221;#152872&#8243; custom_padding=&#8221;|||&#8221; global_colors_info=&#8221;{}&#8221; custom_padding__hover=&#8221;|||&#8221;][et_pb_text _builder_version=&#8221;4.16&#8243; text_font=&#8221;||||||||&#8221; header_font=&#8221;||||||||&#8221; header_2_font=&#8221;|800|||||||&#8221; text_orientation=&#8221;center&#8221; global_colors_info=&#8221;{}&#8221;]<\/p>\n<h2 style = \"color:#fff;\"> Pruebe MarketingPlatform GRATIS durante 14 d\u00edas <\/h2>\n<p style = \"color:#fff!important;\"> El per\u00edodo de prueba es gratuito, completamente sin compromiso y caduca despu\u00e9s de 14 d\u00edas si no desea continuar.<br \/>\nCuando se registre, tambi\u00e9n recibir\u00e1 nuestro flujo educativo a trav\u00e9s de una serie de correos electr\u00f3nicos<br \/>\njunto con nuestro bolet\u00edn con actualizaciones peri\u00f3dicas.\n <\/p>\n<p>[\/et_pb_text][et_pb_code _builder_version=&#8221;4.16&#8243; width=&#8221;20%&#8221; width_tablet=&#8221;40%&#8221; width_phone=&#8221;90%&#8221; width_last_edited=&#8221;on|phone&#8221; module_alignment=&#8221;center&#8221; global_colors_info=&#8221;{}&#8221;]<a href=\"https:\/\/marketingplatform.com\/es\/prueba-gratis\/\"><\/p>\n<div class=\"signupbtn\" id=\"signupbtn\" style=\"width:100%!important;\">PRU\u00c9BANOS GRATIS<\/div>\n<p><\/a><!-- [et_pb_line_break_holder] --><\/p>\n<div class=\"clearfix\"><\/div>\n<p>[\/et_pb_code][\/et_pb_column][\/et_pb_row][\/et_pb_section]<\/p>\n","protected":false},"excerpt":{"rendered":"<p>Automatizaci\u00f3n de Marketing -Trabaje de forma creativa, productiva e intuitiva con su Automatizaci\u00f3n de MarketingFlowBuilder lo hace muy f\u00e1cil Crear flujos de automatizaci\u00f3n de marketing con la mir\u00edada de opciones disponibles puede parecer una tarea insuperable. Los flujos grandes y complejos pueden hacer que pierda el rumbo y no llegue a la meta. Pero con [&hellip;]<\/p>\n","protected":false},"author":50,"featured_media":0,"parent":12936,"menu_order":0,"comment_status":"closed","ping_status":"closed","template":"","meta":{"_et_pb_use_builder":"on","_et_pb_old_content":"","_et_gb_content_width":"","footnotes":""},"categories":[],"tags":[],"yst_prominent_words":[180,1249],"_links":{"self":[{"href":"https:\/\/marketingplatform.com\/es\/wp-json\/wp\/v2\/pages\/12941"}],"collection":[{"href":"https:\/\/marketingplatform.com\/es\/wp-json\/wp\/v2\/pages"}],"about":[{"href":"https:\/\/marketingplatform.com\/es\/wp-json\/wp\/v2\/types\/page"}],"author":[{"embeddable":true,"href":"https:\/\/marketingplatform.com\/es\/wp-json\/wp\/v2\/users\/50"}],"replies":[{"embeddable":true,"href":"https:\/\/marketingplatform.com\/es\/wp-json\/wp\/v2\/comments?post=12941"}],"version-history":[{"count":8,"href":"https:\/\/marketingplatform.com\/es\/wp-json\/wp\/v2\/pages\/12941\/revisions"}],"predecessor-version":[{"id":237785,"href":"https:\/\/marketingplatform.com\/es\/wp-json\/wp\/v2\/pages\/12941\/revisions\/237785"}],"up":[{"embeddable":true,"href":"https:\/\/marketingplatform.com\/es\/wp-json\/wp\/v2\/pages\/12936"}],"wp:attachment":[{"href":"https:\/\/marketingplatform.com\/es\/wp-json\/wp\/v2\/media?parent=12941"}],"wp:term":[{"taxonomy":"category","embeddable":true,"href":"https:\/\/marketingplatform.com\/es\/wp-json\/wp\/v2\/categories?post=12941"},{"taxonomy":"post_tag","embeddable":true,"href":"https:\/\/marketingplatform.com\/es\/wp-json\/wp\/v2\/tags?post=12941"},{"taxonomy":"yst_prominent_words","embeddable":true,"href":"https:\/\/marketingplatform.com\/es\/wp-json\/wp\/v2\/yst_prominent_words?post=12941"}],"curies":[{"name":"wp","href":"https:\/\/api.w.org\/{rel}","templated":true}]}}