{"id":12936,"date":"2018-06-12T10:37:47","date_gmt":"2018-06-12T08:37:47","guid":{"rendered":"https:\/\/marketingplatform.com\/?page_id=12936"},"modified":"2020-08-05T11:44:05","modified_gmt":"2020-08-05T09:44:05","slug":"automatizacion-de-marketing","status":"publish","type":"page","link":"https:\/\/marketingplatform.com\/es\/automatizacion-de-marketing\/","title":{"rendered":"Automatizaci\u00f3n de Marketing"},"content":{"rendered":"<p>[et_pb_section fb_built=&#8221;1&#8243; _builder_version=&#8221;4.4.0&#8243; background_color=&#8221;#eff5fc&#8221; custom_margin=&#8221;||0px||false|false&#8221; custom_padding=&#8221;||0px||false|false&#8221; box_shadow_style=&#8221;preset7&#8243; box_shadow_horizontal=&#8221;0px&#8221; box_shadow_vertical=&#8221;-140px&#8221; box_shadow_color=&#8221;#ffffff&#8221; box_shadow_vertical_tablet=&#8221;-100px&#8221; box_shadow_vertical_phone=&#8221;-80px&#8221; box_shadow_vertical_last_edited=&#8221;on|phone&#8221;][et_pb_row custom_padding_last_edited=&#8221;on|phone&#8221; _builder_version=&#8221;4.4.0&#8243; custom_padding=&#8221;50px||||false|false&#8221; custom_padding_tablet=&#8221;&#8221; custom_padding_phone=&#8221;&#8221;][et_pb_column type=&#8221;4_4&#8243; _builder_version=&#8221;4.4.0&#8243;][et_pb_text _builder_version=&#8221;4.4.0&#8243; text_font=&#8221;||||||||&#8221; text_orientation=&#8221;center&#8221;]<\/p>\n<h1>Automatizaci\u00f3n de Marketing <\/h1>\n<p>MarketingPlatform es su socio editorial perfecto de publicaciones omnicanal<\/p>\n<p>[\/et_pb_text][et_pb_image src=&#8221;https:\/\/marketingplatform.com\/wp-content\/uploads\/2018\/12\/flowbuilder.png&#8221; align=&#8221;center&#8221; align_tablet=&#8221;&#8221; align_phone=&#8221;&#8221; align_last_edited=&#8221;on|phone&#8221; _builder_version=&#8221;4.4.0&#8243; max_width=&#8221;70%&#8221; module_alignment=&#8221;center&#8221; animation_style=&#8221;zoom&#8221;][\/et_pb_image][\/et_pb_column][\/et_pb_row][\/et_pb_section][et_pb_section fb_built=&#8221;1&#8243; admin_label=&#8221;section&#8221; module_id=&#8221;industries-tablet&#8221; _builder_version=&#8221;4.4.0&#8243;][et_pb_row admin_label=&#8221;row&#8221; _builder_version=&#8221;4.4.0&#8243; background_size=&#8221;initial&#8221; background_position=&#8221;top_left&#8221; background_repeat=&#8221;repeat&#8221;][et_pb_column type=&#8221;4_4&#8243; _builder_version=&#8221;3.25&#8243; custom_padding=&#8221;|||&#8221; custom_padding__hover=&#8221;|||&#8221;][et_pb_text admin_label=&#8221;Text&#8221; _builder_version=&#8221;3.27.4&#8243; background_size=&#8221;initial&#8221; background_position=&#8221;top_left&#8221; background_repeat=&#8221;repeat&#8221; use_border_color=&#8221;off&#8221; border_color=&#8221;#ffffff&#8221; border_style=&#8221;solid&#8221;]<\/p>\n<h3>Publicaci\u00f3n Omnicanal<\/h3>\n<p>MarketingPlatform es una soluci\u00f3n de automatizaci\u00f3n de marketing realmente flexible y escalable, que se integra a la perfecci\u00f3n con su estrategia de marketing omnicanal.<br \/>\nAl igual que usted, comprendemos la experiencia como una totalidad, viendo a trav\u00e9s de los ojos de su cliente. Por lo tanto, consideramos que nuestro rol lo ayuda a organizar la experiencia del cliente en todos los canales para que sea transparente, integrada y consistente.<\/p>\n<p>Entendemos completamente que los clientes pueden comenzar su viaje en un canal y pasar a otro a medida que avanzan hacia su destino final.<\/p>\n<p>MarketingPlatform es su socio editorial perfecto de publicaciones omnicanal.[\/et_pb_text][\/et_pb_column][\/et_pb_row][et_pb_row column_structure=&#8221;2_5,3_5&#8243; module_class=&#8221;custom_row&#8221; _builder_version=&#8221;4.5.3&#8243; hover_enabled=&#8221;0&#8243;][et_pb_column type=&#8221;2_5&#8243; _builder_version=&#8221;4.5.3&#8243; hover_enabled=&#8221;0&#8243; module_class=&#8221;second-on-mobile&#8221;][et_pb_text module_class=&#8221;second-on-mobile&#8221; _builder_version=&#8221;4.4.0&#8243;]<\/p>\n<h3>Flow Builder<\/h3>\n<p>El MarketingPlatform FlowBuilder lleva el planeamiento, el desarrollo y la ejecuci\u00f3n de sus comunicaciones al siguiente nivel. No existe en el mercado un servicio disponible como el FlowBuilder, que asegura que el tiempo vital que dedicas a ser creativo sea a\u00fan m\u00e1s divertido y productivo.<\/p>\n<p>Con FlowBuilder puede adaptar sus campa\u00f1as perfectamente dentro de sus planes de comercializaci\u00f3n omnicanal, lo que le ayuda a llevarlos de lo estrat\u00e9gico a lo t\u00e1ctico. <\/p>\n<p>Estamos muy entusiasmados con FlowBuilder, y creemos que t\u00fa tambi\u00e9n lo estar\u00e1s.[\/et_pb_text][\/et_pb_column][et_pb_column type=&#8221;3_5&#8243; _builder_version=&#8221;4.5.3&#8243; hover_enabled=&#8221;0&#8243; module_class=&#8221;first-on-mobile&#8221;][et_pb_image src=&#8221;https:\/\/marketingplatform.com\/wp-content\/uploads\/2018\/10\/automation-function.png&#8221; align_tablet=&#8221;center&#8221; align_phone=&#8221;&#8221; align_last_edited=&#8221;on|desktop&#8221; module_class=&#8221;first-on-mobile&#8221; _builder_version=&#8221;4.4.0&#8243;][\/et_pb_image][\/et_pb_column][\/et_pb_row][et_pb_row column_structure=&#8221;1_2,1_2&#8243; module_class=&#8221;custom_row&#8221; _builder_version=&#8221;4.4.0&#8243;][et_pb_column type=&#8221;1_2&#8243; _builder_version=&#8221;4.4.0&#8243;][et_pb_image src=&#8221;https:\/\/marketingplatform.com\/wp-content\/uploads\/2018\/11\/tracking-mr-dk.png&#8221; align_tablet=&#8221;center&#8221; align_phone=&#8221;&#8221; align_last_edited=&#8221;on|desktop&#8221; _builder_version=&#8221;4.4.0&#8243;][\/et_pb_image][\/et_pb_column][et_pb_column type=&#8221;1_2&#8243; _builder_version=&#8221;4.4.0&#8243;][et_pb_text admin_label=&#8221;Text&#8221; _builder_version=&#8221;3.27.4&#8243; background_size=&#8221;initial&#8221; background_position=&#8221;top_left&#8221; background_repeat=&#8221;repeat&#8221; use_border_color=&#8221;off&#8221; border_color=&#8221;#ffffff&#8221; border_style=&#8221;solid&#8221;]<\/p>\n<h3>Seguimiento y Reportes<\/h3>\n<p>MarketingPlatform registra cada acci\u00f3n llevada a cabo por sus receptores.<\/p>\n<p>Nosotros reunimos informaci\u00f3n acerca de cu\u00e1nta audiencia registra haber abierto sus boletines, d\u00f3nde hicieron click, qui\u00e9nes dejaron de seguirlo y qu\u00e9 direcciones de correo ya no son v\u00e1lidas. Aquellos que eliminan su subscripci\u00f3n son retirados autom\u00e1ticamente de sus listas. <\/p>\n<p>Tambi\u00e9n puede ver si los receptores abren los correos desde una PC, tablet o smartphone.<\/p>\n<p>M\u00e1s que nada, hemos creado una plataforma que facilita la comprensi\u00f3n de c\u00f3mo funciona una campa\u00f1a. A simple vista uno puede observar cuantos receptores abren y hacen clics en cada campa\u00f1a, qui\u00e9nes son y cu\u00e1ndo lo hacen. Adem\u00e1s, Usted puede crear sus propios filtros si desea hacerlo o cubos de informaci\u00f3n con contenido relevante.[\/et_pb_text][\/et_pb_column][\/et_pb_row][\/et_pb_section]<\/p>\n","protected":false},"excerpt":{"rendered":"<p>Automatizaci\u00f3n de Marketing MarketingPlatform es su socio editorial perfecto de publicaciones omnicanalPublicaci\u00f3n Omnicanal MarketingPlatform es una soluci\u00f3n de automatizaci\u00f3n de marketing realmente flexible y escalable, que se integra a la perfecci\u00f3n con su estrategia de marketing omnicanal. Al igual que usted, comprendemos la experiencia como una totalidad, viendo a trav\u00e9s de los ojos de su [&hellip;]<\/p>\n","protected":false},"author":50,"featured_media":0,"parent":0,"menu_order":0,"comment_status":"closed","ping_status":"closed","template":"","meta":{"_et_pb_use_builder":"on","_et_pb_old_content":"","_et_gb_content_width":"","footnotes":""},"categories":[],"tags":[],"yst_prominent_words":[1507,1373,180,1249,552,678,1445,681,680,6025,1878,6028,6026,6024,3750,3748,1781,1774,5046,6152],"_links":{"self":[{"href":"https:\/\/marketingplatform.com\/es\/wp-json\/wp\/v2\/pages\/12936"}],"collection":[{"href":"https:\/\/marketingplatform.com\/es\/wp-json\/wp\/v2\/pages"}],"about":[{"href":"https:\/\/marketingplatform.com\/es\/wp-json\/wp\/v2\/types\/page"}],"author":[{"embeddable":true,"href":"https:\/\/marketingplatform.com\/es\/wp-json\/wp\/v2\/users\/50"}],"replies":[{"embeddable":true,"href":"https:\/\/marketingplatform.com\/es\/wp-json\/wp\/v2\/comments?post=12936"}],"version-history":[{"count":9,"href":"https:\/\/marketingplatform.com\/es\/wp-json\/wp\/v2\/pages\/12936\/revisions"}],"predecessor-version":[{"id":61328,"href":"https:\/\/marketingplatform.com\/es\/wp-json\/wp\/v2\/pages\/12936\/revisions\/61328"}],"wp:attachment":[{"href":"https:\/\/marketingplatform.com\/es\/wp-json\/wp\/v2\/media?parent=12936"}],"wp:term":[{"taxonomy":"category","embeddable":true,"href":"https:\/\/marketingplatform.com\/es\/wp-json\/wp\/v2\/categories?post=12936"},{"taxonomy":"post_tag","embeddable":true,"href":"https:\/\/marketingplatform.com\/es\/wp-json\/wp\/v2\/tags?post=12936"},{"taxonomy":"yst_prominent_words","embeddable":true,"href":"https:\/\/marketingplatform.com\/es\/wp-json\/wp\/v2\/yst_prominent_words?post=12936"}],"curies":[{"name":"wp","href":"https:\/\/api.w.org\/{rel}","templated":true}]}}