{"id":12930,"date":"2018-06-12T10:31:51","date_gmt":"2018-06-12T08:31:51","guid":{"rendered":"https:\/\/marketingplatform.com\/?page_id=12930"},"modified":"2018-06-12T10:33:45","modified_gmt":"2018-06-12T08:33:45","slug":"soporte-gratuito","status":"publish","type":"page","link":"https:\/\/marketingplatform.com\/es\/email-marketing-old\/soporte-gratuito\/","title":{"rendered":"Soporte gratuito"},"content":{"rendered":"<p>[et_pb_section fb_built=&#8221;1&#8243; admin_label=&#8221;section&#8221; _builder_version=&#8221;3.0.74&#8243; custom_padding=&#8221;||0px|&#8221; transparent_background=&#8221;off&#8221;][et_pb_row custom_padding=&#8221;||0px|&#8221; padding_bottom_2=&#8221;0px&#8221; admin_label=&#8221;row&#8221; _builder_version=&#8221;3.0.48&#8243; background_size=&#8221;initial&#8221; background_position=&#8221;top_left&#8221; background_repeat=&#8221;repeat&#8221;][et_pb_column type=&#8221;2_3&#8243; _builder_version=&#8221;3.0.47&#8243; parallax=&#8221;off&#8221; parallax_method=&#8221;on&#8221;][et_pb_text admin_label=&#8221;Text&#8221; _builder_version=&#8221;3.6&#8243; background_size=&#8221;initial&#8221; background_position=&#8221;top_left&#8221; background_repeat=&#8221;repeat&#8221; use_border_color=&#8221;off&#8221; border_style=&#8221;solid&#8221;]<\/p>\n<h1>Soporte gratuito<\/h1>\n<p>Siempre estamos ah\u00ed para ayudarte si lo necesitas. En MarketingPlatform, estamos orgullosos de ofrecer un soporte personalizado de alta calidad.<\/p>\n<p>Desde el principio, nuestro equipo de incorporaci\u00f3n se encargar\u00e1 de garantizar que tu primera reuni\u00f3n con nosotros sea lo m\u00e1s efectiva posible. De esta manera, sacar\u00e1s el m\u00e1ximo provecho de nuestra plataforma.<\/p>\n<p>Si luego necesitas nuestra ayuda, la asistencia gratuita es solo una llamada, un chat o un correo electr\u00f3nico.<\/p>\n<p><b>Mis colegas y yo esperamos escuchar de usted, saludos de Dennis.<\/b><\/p>\n<p>[\/et_pb_text][\/et_pb_column][et_pb_column type=&#8221;1_3&#8243; _builder_version=&#8221;3.0.47&#8243; padding_bottom=&#8221;0px&#8221; parallax=&#8221;off&#8221; parallax_method=&#8221;on&#8221;][et_pb_image src=&#8221;https:\/\/marketingplatform.com\/wp-content\/uploads\/2018\/02\/dennis.png&#8221; alt=&#8221;Free Support&#8221; admin_label=&#8221;Image&#8221; _builder_version=&#8221;3.0.87&#8243; animation_style=&#8221;slide&#8221; animation_direction=&#8221;left&#8221; animation_duration=&#8221;500ms&#8221; animation_intensity_slide=&#8221;10%&#8221; use_border_color=&#8221;off&#8221; border_color=&#8221;#ffffff&#8221; border_width=&#8221;1px&#8221; border_style=&#8221;solid&#8221; sticky=&#8221;off&#8221;][\/et_pb_image][\/et_pb_column][\/et_pb_row][\/et_pb_section]<\/p>\n","protected":false},"excerpt":{"rendered":"<p>Soporte gratuito Siempre estamos ah\u00ed para ayudarte si lo necesitas. En MarketingPlatform, estamos orgullosos de ofrecer un soporte personalizado de alta calidad. Desde el principio, nuestro equipo de incorporaci\u00f3n se encargar\u00e1 de garantizar que tu primera reuni\u00f3n con nosotros sea lo m\u00e1s efectiva posible. De esta manera, sacar\u00e1s el m\u00e1ximo provecho de nuestra plataforma. Si [&hellip;]<\/p>\n","protected":false},"author":50,"featured_media":0,"parent":12908,"menu_order":0,"comment_status":"closed","ping_status":"closed","template":"","meta":{"_et_pb_use_builder":"on","_et_pb_old_content":"","_et_gb_content_width":"","footnotes":""},"categories":[],"tags":[],"yst_prominent_words":[4931,4929,4930,541],"_links":{"self":[{"href":"https:\/\/marketingplatform.com\/es\/wp-json\/wp\/v2\/pages\/12930"}],"collection":[{"href":"https:\/\/marketingplatform.com\/es\/wp-json\/wp\/v2\/pages"}],"about":[{"href":"https:\/\/marketingplatform.com\/es\/wp-json\/wp\/v2\/types\/page"}],"author":[{"embeddable":true,"href":"https:\/\/marketingplatform.com\/es\/wp-json\/wp\/v2\/users\/50"}],"replies":[{"embeddable":true,"href":"https:\/\/marketingplatform.com\/es\/wp-json\/wp\/v2\/comments?post=12930"}],"version-history":[{"count":0,"href":"https:\/\/marketingplatform.com\/es\/wp-json\/wp\/v2\/pages\/12930\/revisions"}],"up":[{"embeddable":true,"href":"https:\/\/marketingplatform.com\/es\/wp-json\/wp\/v2\/pages\/12908"}],"wp:attachment":[{"href":"https:\/\/marketingplatform.com\/es\/wp-json\/wp\/v2\/media?parent=12930"}],"wp:term":[{"taxonomy":"category","embeddable":true,"href":"https:\/\/marketingplatform.com\/es\/wp-json\/wp\/v2\/categories?post=12930"},{"taxonomy":"post_tag","embeddable":true,"href":"https:\/\/marketingplatform.com\/es\/wp-json\/wp\/v2\/tags?post=12930"},{"taxonomy":"yst_prominent_words","embeddable":true,"href":"https:\/\/marketingplatform.com\/es\/wp-json\/wp\/v2\/yst_prominent_words?post=12930"}],"curies":[{"name":"wp","href":"https:\/\/api.w.org\/{rel}","templated":true}]}}