{"id":12915,"date":"2018-06-12T09:53:41","date_gmt":"2018-06-12T07:53:41","guid":{"rendered":"https:\/\/marketingplatform.com\/?page_id=12915"},"modified":"2020-08-05T11:04:41","modified_gmt":"2020-08-05T09:04:41","slug":"editor","status":"publish","type":"page","link":"https:\/\/marketingplatform.com\/es\/email-marketing-old\/editor\/","title":{"rendered":"Editor"},"content":{"rendered":"<p>[et_pb_section fb_built=&#8221;1&#8243; admin_label=&#8221;section&#8221; _builder_version=&#8221;4.5.3&#8243; background_color=&#8221;#eff5fc&#8221; hover_enabled=&#8221;0&#8243; box_shadow_style=&#8221;preset7&#8243; box_shadow_horizontal=&#8221;0px&#8221; box_shadow_vertical=&#8221;-270px&#8221; box_shadow_color=&#8221;#ffffff&#8221; transparent_background=&#8221;off&#8221; box_shadow_vertical_last_edited=&#8221;on|phone&#8221; box_shadow_vertical_phone=&#8221;-170px&#8221;][et_pb_row admin_label=&#8221;row&#8221; _builder_version=&#8221;3.25&#8243; background_size=&#8221;initial&#8221; background_position=&#8221;top_left&#8221; background_repeat=&#8221;repeat&#8221;][et_pb_column type=&#8221;4_4&#8243; _builder_version=&#8221;3.25&#8243; custom_padding=&#8221;|||&#8221; custom_padding__hover=&#8221;|||&#8221;][et_pb_text _builder_version=&#8221;3.27.4&#8243; background_size=&#8221;initial&#8221; background_position=&#8221;top_left&#8221; background_repeat=&#8221;repeat&#8221; use_border_color=&#8221;off&#8221;]<\/p>\n<h1>Editor<\/h1>\n<p>Ayudamos a tu empresa, gratuitamente, a personalizar nuestro editor intuitivo de arrastrar y soltar para adaptarlo al dise\u00f1o corporativo de tu marca y a las necesidades gr\u00e1ficas de tu negocio.<\/p>\n<p>Cargue y escale im\u00e1genes, cambie colores y tipograf\u00edas, genera enlaces con etiquetado anal\u00edtico, agregue campos de combinaci\u00f3n, encuestas y contenido inteligente. Todos los campos se pueden personalizar con efectos detallados de CSS y HTML.<\/p>\n<p>Tambi\u00e9n puedes agregar botones para compartir en redes sociales, contenido de video y mucho, mucho m\u00e1s.<br \/>\nCon nuestro editor Drag &#038; Drop de arrastrar y soltar, cualquiera puede crear newsletters, boletines de noticias con un dise\u00f1o perfecto y totalmente responsive para que se pueden leer y verse perfectos en cualquier plataforma, ya sea PC, Mac, tablets o smartphones.\n<\/p>\n<p>[\/et_pb_text][\/et_pb_column][\/et_pb_row][et_pb_row _builder_version=&#8221;3.25&#8243; background_size=&#8221;initial&#8221; background_position=&#8221;top_left&#8221; background_repeat=&#8221;repeat&#8221;][et_pb_column type=&#8221;4_4&#8243; _builder_version=&#8221;3.25&#8243; custom_padding=&#8221;|||&#8221; custom_padding__hover=&#8221;|||&#8221;][et_pb_code _builder_version=&#8221;4.0.2&#8243;]<\/p>\n<div align=\"center\"><!-- [et_pb_line_break_holder] --><video width=\"1000\" autoplay loop muted style=\"padding:20px; background:#fafafa; border-radius:12px;\"    ><!-- [et_pb_line_break_holder] --><source src=\"https:\/\/marketingplatform.com\/wp-content\/uploads\/2020\/02\/med24x5.mp4\"><!-- [et_pb_line_break_holder] --><\/video><!-- [et_pb_line_break_holder] --><\/div>\n<p>[\/et_pb_code][\/et_pb_column][\/et_pb_row][\/et_pb_section][et_pb_section fb_built=&#8221;1&#8243; custom_padding_last_edited=&#8221;on|phone&#8221; module_class=&#8221;ressourcer-signup&#8221; _builder_version=&#8221;4.5.3&#8243; background_color=&#8221;#dee7f1&#8243; custom_padding=&#8221;7%||||false|false&#8221; custom_padding_tablet=&#8221;12%||||false|false&#8221; custom_padding_phone=&#8221;17%||||false|false&#8221; top_divider_style=&#8221;asymmetric2&#8243; top_divider_color=&#8221;#ffffff&#8221; top_divider_height=&#8221;60px&#8221; global_module=&#8221;31898&#8243; saved_tabs=&#8221;all&#8221;][et_pb_row _builder_version=&#8221;4.0.2&#8243; custom_margin=&#8221;||10px||false|false&#8221; custom_padding=&#8221;||10px||false|false&#8221;][et_pb_column type=&#8221;4_4&#8243; _builder_version=&#8221;3.25&#8243; custom_padding=&#8221;|||&#8221; custom_padding__hover=&#8221;|||&#8221;][et_pb_text _builder_version=&#8221;3.27.4&#8243; text_font=&#8221;||||||||&#8221; header_font=&#8221;||||||||&#8221; text_orientation=&#8221;center&#8221;]<\/p>\n<h2>Prueba MarketingPlatform gratuitamente<\/h2>\n<p>Sin compromiso durante 14 d\u00edas si no deseas continuar.<br \/>\nAl inscribirte recibir\u00e1s mail de bienvenida con formaci\u00f3n y nuestro newsletter.\n<\/p>\n<p>[\/et_pb_text][et_pb_code _builder_version=&#8221;4.5.1&#8243; width=&#8221;20%&#8221; width_tablet=&#8221;40%&#8221; width_phone=&#8221;80%&#8221; width_last_edited=&#8221;on|phone&#8221; module_alignment=&#8221;center&#8221;]<a href=\"https:\/\/marketingplatform.com\/es\/prueba-gratis\/\"><\/p>\n<div class=\"signupbtn\" id=\"signupbtn\" style=\"width:100%!important;\">Crea una cuenta gratis<\/div>\n<p><\/a><!-- [et_pb_line_break_holder] --><\/p>\n<div class=\"clearfix\"><\/div>\n<p>[\/et_pb_code][\/et_pb_column][\/et_pb_row][et_pb_row _builder_version=&#8221;4.0.2&#8243; max_width=&#8221;768px&#8221; custom_margin=&#8221;0px||0px||false|false&#8221; custom_padding=&#8221;0px||0px||false|false&#8221;][et_pb_column type=&#8221;4_4&#8243; _builder_version=&#8221;4.0.2&#8243;][et_pb_code _builder_version=&#8221;4.0.2&#8243; module_alignment=&#8221;center&#8221;]<\/p>\n<div class=\"awards-align\"><!-- [et_pb_line_break_holder] --><\/p>\n<div style=\"float:left; width:18%; text-align:center;   margin-right: 2%;\"><!-- [et_pb_line_break_holder] --><img decoding=\"async\" src=\"https:\/\/marketingplatform.com\/wp-content\/uploads\/2020\/01\/primotours.png\" width=\"50\" style=\"margin:15px 20px 20px 0px;\"><!-- [et_pb_line_break_holder] --><\/div>\n<p><!-- [et_pb_line_break_holder] --><\/p>\n<div style=\"float:left; width:18%; text-align:center;    margin-right: 4%;\"><!-- [et_pb_line_break_holder] --><img decoding=\"async\" src=\"https:\/\/marketingplatform.com\/wp-content\/uploads\/2019\/11\/med24-gray.png\" width=\"120\" style=\"margin:20px 0px 20px 10px;\"><!-- [et_pb_line_break_holder] --><\/div>\n<p><!-- [et_pb_line_break_holder] --><\/p>\n<div style=\"float:left; width:18%;    margin-right: 1%;\"><!-- [et_pb_line_break_holder] --><img decoding=\"async\" src=\"https:\/\/marketingplatform.com\/wp-content\/uploads\/2019\/08\/cykelpartner-logo.png\" width=\"180\" style=\"margin:27px 20px 20px 0px;\"><!-- [et_pb_line_break_holder] --><\/div>\n<p><!-- [et_pb_line_break_holder] --><\/p>\n<div style=\"float:left; width:18%; text-align:center;     margin-right: 1%;\"><!-- [et_pb_line_break_holder] --><img decoding=\"async\" src=\"https:\/\/marketingplatform.com\/wp-content\/uploads\/2019\/04\/aldi-grey.png\" width=\"50\" style=\"margin:10px 0px 20px 0px;\"><!-- [et_pb_line_break_holder] --><\/div>\n<p><!-- [et_pb_line_break_holder] --><\/p>\n<div style=\"float:left; width:18%;      margin-right: 2%;  text-align: center;\"><!-- [et_pb_line_break_holder] --><img decoding=\"async\" src=\"https:\/\/marketingplatform.com\/wp-content\/uploads\/2019\/02\/verisure-logo.png\" width=\"100\" style=\"margin:16px 0px 20px 0px;\"><!-- [et_pb_line_break_holder] --><\/div>\n<p><!-- [et_pb_line_break_holder] --><\/div>\n<p>[\/et_pb_code][\/et_pb_column][\/et_pb_row][\/et_pb_section]<\/p>\n","protected":false},"excerpt":{"rendered":"<p>Editor Ayudamos a tu empresa, gratuitamente, a personalizar nuestro editor intuitivo de arrastrar y soltar para adaptarlo al dise\u00f1o corporativo de tu marca y a las necesidades gr\u00e1ficas de tu negocio. Cargue y escale im\u00e1genes, cambie colores y tipograf\u00edas, genera enlaces con etiquetado anal\u00edtico, agregue campos de combinaci\u00f3n, encuestas y contenido inteligente. Todos los campos [&hellip;]<\/p>\n","protected":false},"author":50,"featured_media":0,"parent":12908,"menu_order":0,"comment_status":"closed","ping_status":"closed","template":"","meta":{"_et_pb_use_builder":"on","_et_pb_old_content":"","_et_gb_content_width":"","footnotes":""},"categories":[],"tags":[],"yst_prominent_words":[6502,6497,6505,6511,4910,6503,6498,6496,6500,6508,4907,6509,6510,6504,6507,6512,6499,6513,6506,6501],"_links":{"self":[{"href":"https:\/\/marketingplatform.com\/es\/wp-json\/wp\/v2\/pages\/12915"}],"collection":[{"href":"https:\/\/marketingplatform.com\/es\/wp-json\/wp\/v2\/pages"}],"about":[{"href":"https:\/\/marketingplatform.com\/es\/wp-json\/wp\/v2\/types\/page"}],"author":[{"embeddable":true,"href":"https:\/\/marketingplatform.com\/es\/wp-json\/wp\/v2\/users\/50"}],"replies":[{"embeddable":true,"href":"https:\/\/marketingplatform.com\/es\/wp-json\/wp\/v2\/comments?post=12915"}],"version-history":[{"count":4,"href":"https:\/\/marketingplatform.com\/es\/wp-json\/wp\/v2\/pages\/12915\/revisions"}],"predecessor-version":[{"id":61311,"href":"https:\/\/marketingplatform.com\/es\/wp-json\/wp\/v2\/pages\/12915\/revisions\/61311"}],"up":[{"embeddable":true,"href":"https:\/\/marketingplatform.com\/es\/wp-json\/wp\/v2\/pages\/12908"}],"wp:attachment":[{"href":"https:\/\/marketingplatform.com\/es\/wp-json\/wp\/v2\/media?parent=12915"}],"wp:term":[{"taxonomy":"category","embeddable":true,"href":"https:\/\/marketingplatform.com\/es\/wp-json\/wp\/v2\/categories?post=12915"},{"taxonomy":"post_tag","embeddable":true,"href":"https:\/\/marketingplatform.com\/es\/wp-json\/wp\/v2\/tags?post=12915"},{"taxonomy":"yst_prominent_words","embeddable":true,"href":"https:\/\/marketingplatform.com\/es\/wp-json\/wp\/v2\/yst_prominent_words?post=12915"}],"curies":[{"name":"wp","href":"https:\/\/api.w.org\/{rel}","templated":true}]}}