{"id":8425,"date":"2017-06-22T09:09:41","date_gmt":"2017-06-22T07:09:41","guid":{"rendered":"https:\/\/marketingplatform.com\/?page_id=8425\/"},"modified":"2020-02-21T14:42:25","modified_gmt":"2020-02-21T13:42:25","slug":"sms-marketing-services","status":"publish","type":"page","link":"https:\/\/marketingplatform.com\/da\/artikler-presse\/sms-marketing-services\/","title":{"rendered":"SMS Marketing Services"},"content":{"rendered":"<p>[et_pb_section fb_built=&#8221;1&#8243; admin_label=&#8221;Sektion&#8221; _builder_version=&#8221;3.22&#8243;][et_pb_row admin_label=&#8221;R\u00e6kke&#8221; _builder_version=&#8221;3.25&#8243; background_size=&#8221;initial&#8221; background_position=&#8221;top_left&#8221; background_repeat=&#8221;repeat&#8221;][et_pb_column type=&#8221;4_4&#8243; _builder_version=&#8221;3.25&#8243; custom_padding=&#8221;|||&#8221; custom_padding__hover=&#8221;|||&#8221;][et_pb_text admin_label=&#8221;Tekst&#8221; _builder_version=&#8221;3.27.4&#8243; background_size=&#8221;initial&#8221; background_position=&#8221;top_left&#8221; background_repeat=&#8221;repeat&#8221; use_border_color=&#8221;off&#8221;]<\/p>\n<h1>SMS Marketing Services<\/h1>\n<p>95% \u00e5bner en SMS indenfor 5 minutter efter den er modtaget. Dermed er <a href=\"\/da\/sms-marketing\/\">SMS Marketing<\/a> fra MarketingPlatform, stadig en fantastisk marketing kanal.<\/p>\n<h4>SMS Marketing Services<\/h4>\n<p>95% \u00e5bner en SMS indenfor 5 minutter efter den er modtaget. Dermed er SMS Marketing fra MarketingPlatform, stadig en fantastisk marketing kanal. Send personlige SMS beskeder, flet information direkte ind i links, og mange andre SMS services, der skaber fundamentet for en effektiv afviklet kundeklub.<\/p>\n<p>SMS Marketing Services muligg\u00f8r udsendelse af SMS kampagner, til en eller flere personer. Enten direkte fra en applikation. Eller som en email fra feks et \u00f8konomisystem, et advarselses- overv\u00e5gnings- eller alarm system. MarketingPlatform systemet rummer b\u00e5de en dedikeret SMS applikation og en mail2sms tjeneste.<\/p>\n<p>&nbsp;<\/p>\n<h4>SMS Marketing<\/h4>\n<p>Marketing via SMS er yderst effektivt. Nok er mediet begr\u00e6nset til tekst og links, men det virker enormt effektivt. Langt de fleste mennesker ser en SMS besked som vigtig. Som noget de skal reagere hurtigt p\u00e5. Derfor skal marketing SMS beskeder ogs\u00e5 behandles med fornuft af afsenderen. Send ikke med for h\u00f8j en frekvens, ikke mere end 1 pr uge. Fors\u00f8g altid at m\u00e5lrette budskabet s\u00e5 det er relevant &#8211; du er sikker p\u00e5 opm\u00e6rksomhed, hvorfor du som marketing professionel skal bytte modtagerens tid for relevant indhold. Uden relevans vil der komme enormt mange afmeldinger og sure ytringer fra modtagerne.<\/p>\n<p>&nbsp;<\/p>\n<h4>SMS fra en email til en SMS &#8211; transaktionalle SMS beskeder<\/h4>\n<p>I forhold til frekvens er transaktionelle SMS beskeder noget helt andet. Ofte bliver de sendt som optakt til et bes\u00f8g, efter et bes\u00f8g eller som opf\u00f8lgning p\u00e5 en handling.<\/p>\n<p>Det kunne v\u00e6re en leget\u00f8jsk\u00e6de, der har en loyalitetsklub, hvor medlemmerne er udstyret med et plastikkort, og optjener bonuspoint efter hvert k\u00f8b. Butikkens kasseapparat (POS) sender en besked til MarketingPlatform, beskeden omformes fra et kald eller en mail, til en SMS besked, der rammer modtagerens mobiltelefon indenfor 2 sekunder.<\/p>\n<p>\u201cJensens B\u00f8fhus anvender MarketingPlatform til at styre deres kundeklub, her er SMS en central del af kommunikationen efter hvert bes\u00f8g. Vi kalder funktionen for mail2sms\u201d, fort\u00e6ller Kim \u00d8stergaard, der er grundl\u00e6gger af MarketingPlatform.<\/p>\n<p>&nbsp;<\/p>\n<h4>Kombinationen af email marketing og SMS marketing &#8211; tilsat marketing automation<\/h4>\n<p>Ved at kombinere email marketing og SMS marketing, opst\u00e5r der nogle interessante muligheder, der forst\u00e6rker den enkelte kanal. Tils\u00e6ttes marketing automation, alts\u00e5 automatiserede handlinger, udsendelser og noget intelligens, vil udbyttes blive \u00f8get betragteligt af indsatsen.<\/p>\n<p>Det kunne v\u00e6re et simpelt velkomstflow, hvor modtagerne tilmelder sig via email, og en serie automatiske mails, der f\u00f8rst fort\u00e6ller om det f\u00e6llesskab personen har tilmeldt sig (en kundeklub, et nyhedsbrev, en medlemsklub eller \u2026), og dern\u00e6st fors\u00f8ger at berige de oplysninger der er tilstede om hver enkelt modtager. Det kan f.eks. g\u00f8res ved at udsende en \u201copdater profil\u201d mail, hvor felter som k\u00f8n, alder, interesser og mobilnummer inds\u00e6ttes.<\/p>\n<p>Tilf\u00f8jer modtageren et mobilnummer til sin profil, kan SMS tages i anvendelse som marketingkanal. Husk enten i den oprindelige permission afgivelse, eller ved tilf\u00f8jelse af mobilnummeret, at g\u00f8re opm\u00e6rksom p\u00e5 samtykke til modtagelse af <a href=\"\/da\/sms-markedsfoering\/\">SMS markedsf\u00f8ring<\/a>.<\/p>\n<p>Fysiske butikker har nogle helt s\u00e6rlige muligheder<\/p>\n<p>Fremadrettet kan netop kombination af email og SMS v\u00e6re et fantastisk v\u00e5ben, i kampen om modtagerens opm\u00e6rksomhed og gunst. Driver du f.eks. en fysisk butik, eller m\u00e5ske en hel butiksk\u00e6de, vil et kampagnemiks med email kampagner udsendt mandag og torsdag &#8211; fulgt op af en adf\u00e6rdsbestemt SMS fredag eftermiddag, hvor sandsynligheden for et fysisk bes\u00f8g er st\u00f8rst, v\u00e6re en ganske fornuftig eksekveringsstrategi. Ved at g\u00f8re SMS beskeden bestemt af modtagerens adf\u00e6rd, har de \u00e5bnet eller klikket p\u00e5 bestemte omr\u00e5der \/ produkter i de netop udsendte email kampagner, m\u00e5ske ogs\u00e5 segmenteret ud fra k\u00f8n eller interesser, vil SMS beskeden blive opfattet som relevant af modtageren. Og din butik vil v\u00e6re i frisk erindring, netop p\u00e5 det tidspunkt hvor flest bev\u00e6ger sig ud i den fysiske verden for at g\u00f8re sine indk\u00f8b.<br \/>\n[\/et_pb_text][\/et_pb_column][\/et_pb_row][\/et_pb_section][et_pb_section fb_built=&#8221;1&#8243; _builder_version=&#8221;3.22&#8243; custom_padding=&#8221;25px|0px|54px|0px&#8221; transparent_background=&#8221;off&#8221;][et_pb_row _builder_version=&#8221;3.25&#8243; background_size=&#8221;initial&#8221; background_position=&#8221;top_left&#8221; background_repeat=&#8221;repeat&#8221;][et_pb_column type=&#8221;4_4&#8243; _builder_version=&#8221;3.25&#8243; custom_padding=&#8221;|||&#8221; custom_padding__hover=&#8221;|||&#8221;][et_pb_divider color=&#8221;#f5f8fb&#8221; divider_weight=&#8221;1px&#8221; disabled_on=&#8221;on|on|off&#8221; _builder_version=&#8221;3.2&#8243; hide_on_mobile=&#8221;on&#8221;][\/et_pb_divider][\/et_pb_column][\/et_pb_row][et_pb_row _builder_version=&#8221;3.25&#8243; background_size=&#8221;initial&#8221; background_position=&#8221;top_left&#8221; background_repeat=&#8221;repeat&#8221;][et_pb_column type=&#8221;4_4&#8243; _builder_version=&#8221;3.25&#8243; custom_padding=&#8221;|||&#8221; custom_padding__hover=&#8221;|||&#8221;][et_pb_text _builder_version=&#8221;4.0.2&#8243; background_size=&#8221;initial&#8221; background_position=&#8221;top_left&#8221; background_repeat=&#8221;repeat&#8221; hover_enabled=&#8221;0&#8243; use_border_color=&#8221;off&#8221; border_style=&#8221;solid&#8221;]<\/p>\n<h4>Pressekontakt<\/h4>\n<p><img decoding=\"async\" loading=\"lazy\" class=\"image-border alignnone wp-image-7819 size-full\" src=\"https:\/\/marketingplatform.com\/wp-content\/uploads\/2017\/05\/kim.png\" alt=\"Kim \u00d8stergaard - CEO MarketingPlatform\" width=\"99\" height=\"98\" \/><\/p>\n<p><b>Kim \u00d8stergaard<\/b><br \/> CEO<br \/> Tlf. +45 72 44 44 55<br \/> Mob. +45 42 55 55 55<br \/> <a href=\"mailto:kim@marketingplatform.com\">kim@marketingplatform.com<\/a><\/p>\n<p>[\/et_pb_text][\/et_pb_column][\/et_pb_row][et_pb_row _builder_version=&#8221;3.25&#8243; background_size=&#8221;initial&#8221; background_position=&#8221;top_left&#8221; background_repeat=&#8221;repeat&#8221;][et_pb_column type=&#8221;4_4&#8243; _builder_version=&#8221;3.25&#8243; custom_padding=&#8221;|||&#8221; custom_padding__hover=&#8221;|||&#8221;][et_pb_text _builder_version=&#8221;3.27.4&#8243; background_size=&#8221;initial&#8221; background_position=&#8221;top_left&#8221; background_repeat=&#8221;repeat&#8221; use_border_color=&#8221;off&#8221; border_style=&#8221;solid&#8221;]<\/p>\n<h4>Udsendt af<\/h4>\n<p>MarketingPlatform<br \/>\nN\u00f8rregade 12a<br \/>\n6600 Vejen<br \/>\n<a href=\"https:\/\/marketingplatform.com\/\">https:\/\/marketingplatform.com<\/a><br \/>\n[\/et_pb_text][\/et_pb_column][\/et_pb_row][\/et_pb_section][et_pb_section fb_built=&#8221;1&#8243; _builder_version=&#8221;3.22&#8243; custom_padding=&#8221;25px|0px|54px|0px&#8221; transparent_background=&#8221;off&#8221;][et_pb_row _builder_version=&#8221;3.25&#8243; background_size=&#8221;initial&#8221; background_position=&#8221;top_left&#8221; background_repeat=&#8221;repeat&#8221;][et_pb_column type=&#8221;4_4&#8243; _builder_version=&#8221;3.25&#8243; custom_padding=&#8221;|||&#8221; custom_padding__hover=&#8221;|||&#8221;][et_pb_divider color=&#8221;#f5f8fb&#8221; divider_weight=&#8221;1px&#8221; disabled_on=&#8221;on|on|off&#8221; _builder_version=&#8221;3.2&#8243; hide_on_mobile=&#8221;on&#8221;][\/et_pb_divider][\/et_pb_column][\/et_pb_row][et_pb_row _builder_version=&#8221;3.25&#8243; background_size=&#8221;initial&#8221; background_position=&#8221;top_left&#8221; background_repeat=&#8221;repeat&#8221;][et_pb_column type=&#8221;4_4&#8243; _builder_version=&#8221;3.25&#8243; custom_padding=&#8221;|||&#8221; custom_padding__hover=&#8221;|||&#8221;][et_pb_text _builder_version=&#8221;3.27.4&#8243; background_size=&#8221;initial&#8221; background_position=&#8221;top_left&#8221; background_repeat=&#8221;repeat&#8221; use_border_color=&#8221;off&#8221; border_color=&#8221;#ffffff&#8221; border_style=&#8221;solid&#8221;]Denne information blev leveret af MyPressWire ApS <a href=\"https:\/\/www.mypresswire.com\/dk\">www.mypresswire.com\/dk<\/a><\/p>\n<p>L\u00e6s pressemeddelelsen online her: <a href=\"https:\/\/www.mypresswire.com\/dk\/pressroom\/28804\/pressrelease\/105563\">https:\/\/www.mypresswire.com\/dk\/pressroom\/28804\/pressrelease\/105563<\/a><br \/>\n[\/et_pb_text][\/et_pb_column][\/et_pb_row][\/et_pb_section][et_pb_section fb_built=&#8221;1&#8243; custom_padding_last_edited=&#8221;on|phone&#8221; module_class=&#8221;ressourcer-signup&#8221; _builder_version=&#8221;4.0.2&#8243; background_color=&#8221;#dee7f1&#8243; custom_padding=&#8221;7%||&#8221; custom_padding_tablet=&#8221;12%||||false|false&#8221; custom_padding_phone=&#8221;17%||||false|false&#8221; top_divider_style=&#8221;asymmetric2&#8243; top_divider_color=&#8221;#ffffff&#8221; top_divider_height=&#8221;60px&#8221; global_module=&#8221;19033&#8243;][et_pb_row _builder_version=&#8221;3.25&#8243; background_size=&#8221;initial&#8221; background_position=&#8221;top_left&#8221; background_repeat=&#8221;repeat&#8221; custom_margin=&#8221;||10px&#8221; custom_padding=&#8221;||10px&#8221;][et_pb_column type=&#8221;4_4&#8243; _builder_version=&#8221;3.25&#8243; custom_padding=&#8221;|||&#8221; custom_padding__hover=&#8221;|||&#8221;][et_pb_text _builder_version=&#8221;4.0.2&#8243; text_orientation=&#8221;center&#8221;]<\/p>\n<h2 style=\"font-style: normal;\">Pr\u00f8v MarketingPlatform gratis i 14 dage<\/h2>\n<p style=\"font-style: normal;\">Pr\u00f8veperioden er gratis, helt uforpligtende og udl\u00f8ber efter 14 dage, hvis du ikke \u00f8nsker at forts\u00e6tte.<br \/> Ved tilmelding modtager du samtidig vores uddannelsesflow p\u00e5 en serie af mails \u2013 og vores nyhedsbrev.<\/p>\n<p>[\/et_pb_text][\/et_pb_column][\/et_pb_row][et_pb_row _builder_version=&#8221;4.0.2&#8243;][et_pb_column type=&#8221;4_4&#8243; _builder_version=&#8221;4.0.2&#8243;][et_pb_code _builder_version=&#8221;4.0.2&#8243; text_orientation=&#8221;center&#8221;]<a href=\"https:\/\/marketingplatform.com\/da\/gratis-proeveversion\/\" class=\"green-btn2\" style=\"background:#09cd6f; padding:18px 60px; margin-bottom:10px!important;\">Pr\u00f8v os gratis nu<\/a> <a href=\"https:\/\/marketingplatform.com\/da\/book-emailplatform-demo\/\" class=\"green-btn2\" style=\"background:#0daae2; padding:18px 70px;\">Book demo<\/a>[\/et_pb_code][\/et_pb_column][\/et_pb_row][et_pb_row _builder_version=&#8221;4.0.2&#8243; max_width=&#8221;768px&#8221; custom_margin=&#8221;15px||0px||false|false&#8221; custom_padding=&#8221;0px||0px&#8221; use_custom_width=&#8221;on&#8221; custom_width_px=&#8221;768px&#8221;][et_pb_column type=&#8221;4_4&#8243; _builder_version=&#8221;3.25&#8243; custom_padding=&#8221;|||&#8221; custom_padding__hover=&#8221;|||&#8221;][et_pb_code _builder_version=&#8221;4.0.2&#8243;]<\/p>\n<div class=\"awards-align\" ><!-- [et_pb_line_break_holder] --><\/p>\n<div style=\"float:left; width:14%; text-align:right;   margin-right: 2%;\"><!-- [et_pb_line_break_holder] --><img decoding=\"async\" src=\"https:\/\/marketingplatform.com\/wp-content\/uploads\/2020\/01\/primotours.png\" width=\"56\" style=\"margin:10px 20px 20px 0px;\"><!-- [et_pb_line_break_holder] --><\/div>\n<p><!-- [et_pb_line_break_holder] --><\/p>\n<div style=\"float:left; width:20%; text-align:center;    margin-right: 4%;\"><!-- [et_pb_line_break_holder] --><img decoding=\"async\" src=\"https:\/\/marketingplatform.com\/wp-content\/uploads\/2019\/11\/med24-gray.png\" width=\"100\" style=\"margin:20px 0px 20px 10px;\"><!-- [et_pb_line_break_holder] --><\/div>\n<p><!-- [et_pb_line_break_holder] --><\/p>\n<div style=\"float:left; width:18%;    margin-right: 1%;\"><!-- [et_pb_line_break_holder] --><img decoding=\"async\" src=\"https:\/\/marketingplatform.com\/wp-content\/uploads\/2019\/08\/cykelpartner-logo.png\" width=\"180\" style=\"margin:29px 20px 20px 0px;\"><!-- [et_pb_line_break_holder] --><\/div>\n<p><!-- [et_pb_line_break_holder] --><\/p>\n<div style=\"float:left; width:20%; text-align:center;     margin-right: 1%;\"><!-- [et_pb_line_break_holder] --><img decoding=\"async\" src=\"https:\/\/marketingplatform.com\/wp-content\/uploads\/2019\/04\/aldi-grey.png\" width=\"50\" style=\"margin:10px 0px 20px 0px;\"><!-- [et_pb_line_break_holder] --><\/div>\n<p><!-- [et_pb_line_break_holder] --><\/p>\n<div style=\"float:left; width:18%;      margin-right: 2%;  text-align: center;\"><!-- [et_pb_line_break_holder] --><img decoding=\"async\" src=\"https:\/\/marketingplatform.com\/wp-content\/uploads\/2019\/02\/verisure-logo.png\" width=\"120\" style=\"margin:18px 0px 20px 0px;\"><!-- [et_pb_line_break_holder] --><\/div>\n<p><!-- [et_pb_line_break_holder] --><\/div>\n<p>[\/et_pb_code][\/et_pb_column][\/et_pb_row][\/et_pb_section]<\/p>\n","protected":false},"excerpt":{"rendered":"<p>SMS Marketing Services 95% \u00e5bner en SMS indenfor 5 minutter efter den er modtaget. Dermed er SMS Marketing fra MarketingPlatform, stadig en fantastisk marketing kanal. SMS Marketing Services 95% \u00e5bner en SMS indenfor 5 minutter efter den er modtaget. Dermed er SMS Marketing fra MarketingPlatform, stadig en fantastisk marketing kanal. Send personlige SMS beskeder, flet [&hellip;]<\/p>\n","protected":false},"author":50,"featured_media":0,"parent":4520,"menu_order":0,"comment_status":"closed","ping_status":"closed","template":"","meta":{"_et_pb_use_builder":"on","_et_pb_old_content":"","_et_gb_content_width":"","footnotes":""},"categories":[],"tags":[],"yst_prominent_words":[3513,3518,3517,3511,3521,3506,3512,3516,5563,3510,3507,5564,3514,3508,3522,3505,3515,1438,3509,3519],"_links":{"self":[{"href":"https:\/\/marketingplatform.com\/da\/wp-json\/wp\/v2\/pages\/8425"}],"collection":[{"href":"https:\/\/marketingplatform.com\/da\/wp-json\/wp\/v2\/pages"}],"about":[{"href":"https:\/\/marketingplatform.com\/da\/wp-json\/wp\/v2\/types\/page"}],"author":[{"embeddable":true,"href":"https:\/\/marketingplatform.com\/da\/wp-json\/wp\/v2\/users\/50"}],"replies":[{"embeddable":true,"href":"https:\/\/marketingplatform.com\/da\/wp-json\/wp\/v2\/comments?post=8425"}],"version-history":[{"count":2,"href":"https:\/\/marketingplatform.com\/da\/wp-json\/wp\/v2\/pages\/8425\/revisions"}],"predecessor-version":[{"id":51842,"href":"https:\/\/marketingplatform.com\/da\/wp-json\/wp\/v2\/pages\/8425\/revisions\/51842"}],"up":[{"embeddable":true,"href":"https:\/\/marketingplatform.com\/da\/wp-json\/wp\/v2\/pages\/4520"}],"wp:attachment":[{"href":"https:\/\/marketingplatform.com\/da\/wp-json\/wp\/v2\/media?parent=8425"}],"wp:term":[{"taxonomy":"category","embeddable":true,"href":"https:\/\/marketingplatform.com\/da\/wp-json\/wp\/v2\/categories?post=8425"},{"taxonomy":"post_tag","embeddable":true,"href":"https:\/\/marketingplatform.com\/da\/wp-json\/wp\/v2\/tags?post=8425"},{"taxonomy":"yst_prominent_words","embeddable":true,"href":"https:\/\/marketingplatform.com\/da\/wp-json\/wp\/v2\/yst_prominent_words?post=8425"}],"curies":[{"name":"wp","href":"https:\/\/api.w.org\/{rel}","templated":true}]}}