{"id":8266,"date":"2017-06-08T09:39:41","date_gmt":"2017-06-08T07:39:41","guid":{"rendered":"https:\/\/marketingplatform.com\/?page_id=8266\/"},"modified":"2020-10-26T14:40:17","modified_gmt":"2020-10-26T13:40:17","slug":"hvad-er-marketing-automation","status":"publish","type":"page","link":"https:\/\/marketingplatform.com\/da\/artikler-presse\/hvad-er-marketing-automation\/","title":{"rendered":"Hvad er Marketing Automation"},"content":{"rendered":"<p>[et_pb_section fb_built=&#8221;1&#8243; admin_label=&#8221;section&#8221; _builder_version=&#8221;3.22&#8243; custom_padding=&#8221;54px|0px|25px|0px&#8221; transparent_background=&#8221;off&#8221;][et_pb_row admin_label=&#8221;row&#8221; _builder_version=&#8221;3.25&#8243; background_size=&#8221;initial&#8221; background_position=&#8221;top_left&#8221; background_repeat=&#8221;repeat&#8221; custom_padding=&#8221;27px|0px|0px|0px&#8221;][et_pb_column type=&#8221;4_4&#8243; _builder_version=&#8221;3.25&#8243; custom_padding=&#8221;|||&#8221; custom_padding__hover=&#8221;|||&#8221;][et_pb_text _builder_version=&#8221;4.5.3&#8243; background_size=&#8221;initial&#8221; background_position=&#8221;top_left&#8221; background_repeat=&#8221;repeat&#8221; hover_enabled=&#8221;0&#8243; use_border_color=&#8221;off&#8221;]<\/p>\n<h1>Hvad er Marketing Automation?<\/h1>\n<p><strong>Marketing Automation er en f\u00e6llesbetegnelse for automatiserede processer, der indeholder forskellige marketing elementer. Det lyder m\u00e5ske lidt langh\u00e5ret, men d\u00e6kker over en eller flere serier af budskaber og handlinger, der i flows venter p\u00e5 tidspunktet for deres eksekvering.<\/strong><\/p>\n<p><a href=\"https:\/\/marketingplatform.com\/da\/marketing-automation\/\">Marketing Automation<\/a> indeholder ogs\u00e5 Lead Nurturing, der ganske enkelt handler om at prekvalificere leads til videre evt manual bearbejdning, og indeholder ofte en stribe mails i et autoresponder eller trigger flow, der sendes individuelt efter adf\u00e6rd og interesser.<\/p>\n<p>&nbsp;<\/p>\n<h4>Fra velkomst flows til Marketing Automation<\/h4>\n<p>Et velkomst flow opbygges typisk med en autoresponder, der har tid efter tilmelding som eneste event. S\u00e5 snart en autoresponder bliver mere intelligent, s\u00e5ledes den feks sender differentierede budskaber alt efter modtageren, at den best\u00e5r af en serie som udsendes forskelligt efter handling i den eller de forudg\u00e5ende udsendelser, s\u00e5 taler man typisk om Marketing Automation som begreb. Der d\u00e6kker det mere simple velkomstflow ikke l\u00e6ngere over processerne.<\/p>\n<p>Indlejret i Marketing Automation begrebet er ogs\u00e5 trigger mails, der modsat autoresponderen opererer med adskille events. I nogle systemer kaldes helheden alene for flows eller automatisering. Andre systemer igen forvirrer begreberne, ved at kalde flere forskellige automatiserede events for autorespondere.<\/p>\n<p>En trigger kan i MarketingPlatform b\u00e5de eksekvere en email, SMS og en r\u00e6kke kontaktperson drevne handlinger. Herunder at reagere p\u00e5 en hvilken som helst \u00e6ndring, der m\u00e5tte ske p\u00e5 en kontakt.<\/p>\n<p>Samt ogs\u00e5 forhold mellem \u00e6ndringerne, der muligg\u00f8r \u00e6ndringsbaserede event, som feks en kontaktperson har f\u00e5et ekstra X loyalitetspoint.<\/p>\n<p>Ovenp\u00e5 autoresponder og trigger er et egentligt flowsystem. i MarketingPlatform kalder vi det for FlowBuilder, der med en organisationslignende tr\u00e6struktur, g\u00f8r det muligt at ops\u00e6tte alle t\u00e6nkelige automatiseringer.<\/p>\n<p>&nbsp;<\/p>\n<h4>M\u00e5ske skal du gent\u00e6nke dine processer s\u00e5 de passer til Marketing Automation<\/h4>\n<p>En traditionel marketingplan er ofte en stribe enkeltst\u00e5ende events, der er udt\u00e6nkt med et generisk indhold til alle modtagerne. S\u00e5dan var det engang. Det var de muligheder der var, og individualiserede budskaber og kampagner kostede en formue at eksekvere, hvis det overhovedet var muligt.<\/p>\n<p>Mange marketingplaner tager stadig afs\u00e6t i offline aktiviteter som de v\u00e6sentligste. &#8220;Jeg har arbejdet med mange af de st\u00f8rste retailere i hele Europa, og cheflaget kommer fra en tid, hvor offline var den eneste kanal &#8211; netop derfor bliver mange marketingplaner f\u00f8dt analogt&#8221;, fort\u00e6ller grundl\u00e6gger af MarketingPlatform Kim \u00d8stergaard.<\/p>\n<p>Har du en virkelighed, hvor din marketingplan tager et analogt udgangspunkt, kan det v\u00e6re en god ide, at opstille aktiviteterne p\u00e5 en tidslinie, for p\u00e5 den m\u00e5de at skabe en kronologisk sammenh\u00e6ng. Dern\u00e6st kan alle &#8220;hullerne&#8221; fyldes ud med online kampagner. N\u00e5r den \u00f8velse er foretaget giver det et godt billede af de planlagte aktiviteter.<\/p>\n<p>Ved at tils\u00e6tte virksomhedens personas, alts\u00e5 arketyper p\u00e5 kunde- og m\u00e5lgrupperne, kan der laves parallelle forl\u00f8b til marketingplanen. Forl\u00f8b hvor de mange forskellige segmenter modtager forskellige budskaber. Det kan b\u00e5de v\u00e6re segmentering p\u00e5 de enkelte kampagner, men ogs\u00e5 individuelle flow bestemt af den enkeltes adf\u00e6rd. Flows der starter kampagner, som feks henter deres indhold i et CMS, en webshop, et PIM system eller et helt tredje sted.<\/p>\n<p>&nbsp;<\/p>\n<h4>Nu er modtagerne p\u00e5 vej gennem tragten<\/h4>\n<p>Med den ekstra viden som de segmenterede udsendelser bibringer, vil de forskellige m\u00e5lgrupper, v\u00e6re gennem tragten mod et k\u00f8b eller en anden form for konvertering, enten som gruppe eller som individuel kunde. Segmenter kan opbygges manuelt, ud fra de eksisterende data p\u00e5 en kontaktperson, ud fra deres adf\u00e6rd eller som relationer til en flokadf\u00e6rd p\u00e5 tv\u00e6rs af alle modtagere.<\/p>\n<p>Ved at kombinere adf\u00e6rd med eksisterende data p\u00e5 modtagerne, opbygges der over tid detaljeret viden om den enkelte. Tilsat viden om modtagerne, enten fra den personlige kontakt med salgsafdelingen, eller kvantificeret ved adf\u00e6rden for B2C, kan der nu opstilles flows, der enten inds\u00e6tter en pause for manuel opf\u00f8lgning i B2B flows eller kampagner der beder om ordren for B2C.<\/p>\n<p>Ved at bede om ordren, anvendes der netop den kampagne form, som den enkelte modtager enten tidligere har reageret p\u00e5 med k\u00f8b til f\u00f8lge, eller som andre modtagere med samme flokadf\u00e6rd, tidligere har reageret p\u00e5 med k\u00f8b.<\/p>\n<p>Marketing Automation stopper ikke med det f\u00f8rste k\u00f8b. En stor del af v\u00e6rdien i de automatiserede flows, kommer ved loyalitetsskabende kampagner, der leder til en serie af k\u00f8b. Her er det vigtigt at afstemme en gennemsnitlig k\u00f8bsfrekvens indenfor din branche, eller direkte fra egne data, og fratr\u00e6kke bearbejdningstiden for kvalificering til k\u00f8b, og s\u00e6tte ind med veltilrettelagte kampagner og flows &#8211; tidsnok til at vinde den n\u00e6ste ordre f\u00f8r konkurrenterne.<\/p>\n<p>MarketingPlatform indeholder standardv\u00e6rkt\u00f8jer, der d\u00e6kker de omtalte strategier og metoder.<\/p>\n<p>[\/et_pb_text][\/et_pb_column][\/et_pb_row][\/et_pb_section][et_pb_section fb_built=&#8221;1&#8243; _builder_version=&#8221;3.22&#8243; custom_padding=&#8221;25px|0px|54px|0px&#8221; transparent_background=&#8221;off&#8221;][et_pb_row _builder_version=&#8221;3.25&#8243; background_size=&#8221;initial&#8221; background_position=&#8221;top_left&#8221; background_repeat=&#8221;repeat&#8221;][et_pb_column type=&#8221;4_4&#8243; _builder_version=&#8221;3.25&#8243; custom_padding=&#8221;|||&#8221; custom_padding__hover=&#8221;|||&#8221;][et_pb_divider color=&#8221;#f5f8fb&#8221; divider_weight=&#8221;1px&#8221; disabled_on=&#8221;on|on|off&#8221; _builder_version=&#8221;3.2&#8243; hide_on_mobile=&#8221;on&#8221;][\/et_pb_divider][\/et_pb_column][\/et_pb_row][et_pb_row _builder_version=&#8221;3.25&#8243; background_size=&#8221;initial&#8221; background_position=&#8221;top_left&#8221; background_repeat=&#8221;repeat&#8221;][et_pb_column type=&#8221;4_4&#8243; _builder_version=&#8221;3.25&#8243; custom_padding=&#8221;|||&#8221; custom_padding__hover=&#8221;|||&#8221;][et_pb_text _builder_version=&#8221;3.27.4&#8243; background_size=&#8221;initial&#8221; background_position=&#8221;top_left&#8221; background_repeat=&#8221;repeat&#8221; use_border_color=&#8221;off&#8221; border_style=&#8221;solid&#8221;]<\/p>\n<h4>Pressekontakt<\/h4>\n<p><img decoding=\"async\" loading=\"lazy\" class=\"image-border alignnone wp-image-7819 size-full\" src=\"https:\/\/marketingplatform.com\/wp-content\/uploads\/2017\/05\/kim.png\" alt=\"Kim \u00d8stergaard - CEO MarketingPlatform\" width=\"99\" height=\"98\" \/><\/p>\n<p><b>Kim \u00d8stergaard<\/b><br \/>\nCEO<br \/>\nTlf. +45 72 44 44 55<br \/>\nMob. +45 42 55 55 55<br \/>\n<a href=\"mailto:kim@marketingplatform.com\">kim@marketingplatform.com<\/a><br \/>\n[\/et_pb_text][\/et_pb_column][\/et_pb_row][et_pb_row _builder_version=&#8221;3.25&#8243; background_size=&#8221;initial&#8221; background_position=&#8221;top_left&#8221; background_repeat=&#8221;repeat&#8221;][et_pb_column type=&#8221;4_4&#8243; _builder_version=&#8221;3.25&#8243; custom_padding=&#8221;|||&#8221; custom_padding__hover=&#8221;|||&#8221;][et_pb_text _builder_version=&#8221;3.27.4&#8243; background_size=&#8221;initial&#8221; background_position=&#8221;top_left&#8221; background_repeat=&#8221;repeat&#8221; use_border_color=&#8221;off&#8221; border_style=&#8221;solid&#8221;]<\/p>\n<h4>Udsendt af<\/h4>\n<p>MarketingPlatform<br \/>\nN\u00f8rregade 12a<br \/>\n6600 Vejen<br \/>\n<a href=\"https:\/\/marketingplatform.com\/\">https:\/\/marketingplatform.com<\/a><br \/>\n[\/et_pb_text][\/et_pb_column][\/et_pb_row][et_pb_row _builder_version=&#8221;3.25&#8243; background_size=&#8221;initial&#8221; background_position=&#8221;top_left&#8221; background_repeat=&#8221;repeat&#8221;][et_pb_column type=&#8221;4_4&#8243; _builder_version=&#8221;3.25&#8243; custom_padding=&#8221;|||&#8221; custom_padding__hover=&#8221;|||&#8221;][et_pb_divider color=&#8221;#f5f8fb&#8221; divider_weight=&#8221;1px&#8221; disabled_on=&#8221;on|on|off&#8221; _builder_version=&#8221;3.2&#8243; hide_on_mobile=&#8221;on&#8221;][\/et_pb_divider][\/et_pb_column][\/et_pb_row][et_pb_row _builder_version=&#8221;3.25&#8243; background_size=&#8221;initial&#8221; background_position=&#8221;top_left&#8221; background_repeat=&#8221;repeat&#8221;][et_pb_column type=&#8221;4_4&#8243; _builder_version=&#8221;3.25&#8243; custom_padding=&#8221;|||&#8221; custom_padding__hover=&#8221;|||&#8221;][et_pb_text _builder_version=&#8221;3.27.4&#8243; background_size=&#8221;initial&#8221; background_position=&#8221;top_left&#8221; background_repeat=&#8221;repeat&#8221; use_border_color=&#8221;off&#8221; border_color=&#8221;#ffffff&#8221; border_style=&#8221;solid&#8221;]Denne information blev leveret af MyPressWire ApS <a href=\"https:\/\/www.mypresswire.com\/dk\">www.mypresswire.com\/dk<\/a><\/p>\n<p>L\u00e6s pressemeddelelsen online her: <a href=\"https:\/\/www.mypresswire.com\/dk\/pressroom\/28804\/pressrelease\/105461\">https:\/\/www.mypresswire.com\/dk\/pressroom\/28804\/pressrelease\/105461<\/a><br \/>\n[\/et_pb_text][\/et_pb_column][\/et_pb_row][\/et_pb_section][et_pb_section fb_built=&#8221;1&#8243; custom_padding_last_edited=&#8221;on|phone&#8221; module_class=&#8221;ressourcer-signup&#8221; _builder_version=&#8221;4.5.3&#8243; background_color=&#8221;#dee7f1&#8243; custom_padding=&#8221;7%||4%||false|false&#8221; custom_padding_tablet=&#8221;12%||||false|false&#8221; custom_padding_phone=&#8221;17%||||false|false&#8221; top_divider_style=&#8221;asymmetric2&#8243; top_divider_color=&#8221;#ffffff&#8221; top_divider_height=&#8221;60px&#8221; global_module=&#8221;19033&#8243;][et_pb_row _builder_version=&#8221;3.25&#8243; background_size=&#8221;initial&#8221; background_position=&#8221;top_left&#8221; background_repeat=&#8221;repeat&#8221; custom_margin=&#8221;||10px&#8221; custom_padding=&#8221;||10px&#8221;][et_pb_column type=&#8221;4_4&#8243; _builder_version=&#8221;3.25&#8243; custom_padding=&#8221;|||&#8221; custom_padding__hover=&#8221;|||&#8221;][et_pb_text _builder_version=&#8221;4.5.3&#8243; text_orientation=&#8221;center&#8221;]<\/p>\n<h2 style=\"font-style: normal;\">Pr\u00f8v MarketingPlatform gratis i 14 dage<\/h2>\n<p style=\"font-style: normal;\">Pr\u00f8veperioden er gratis, helt uforpligtende og udl\u00f8ber efter 14 dage, hvis du ikke \u00f8nsker at forts\u00e6tte.<br \/> Ved tilmelding modtager du samtidig vores uddannelsesflow p\u00e5 en serie af mails \u2013 og vores nyhedsbrev.<\/p>\n<p>[\/et_pb_text][\/et_pb_column][\/et_pb_row][et_pb_row _builder_version=&#8221;4.4.0&#8243;][et_pb_column type=&#8221;4_4&#8243; _builder_version=&#8221;4.0.2&#8243;][et_pb_code _builder_version=&#8221;4.5.3&#8243; max_width=&#8221;50%&#8221; max_width_tablet=&#8221;100%&#8221; max_width_phone=&#8221;&#8221; max_width_last_edited=&#8221;on|phone&#8221; module_alignment=&#8221;center&#8221;]<a href=\"https:\/\/marketingplatform.com\/da\/book-emailplatform-demo\/\"><\/p>\n<div class=\"bookdemobtn\">Book demo<\/div>\n<p><\/a><!-- [et_pb_line_break_holder] --><a href=\"https:\/\/marketingplatform.com\/da\/gratis-proeveversion\/\"><\/p>\n<div class=\"signupbtn\">Pr\u00f8v os gratis<\/div>\n<p><\/a><!-- [et_pb_line_break_holder] --><\/p>\n<div class=\"clearfix\"><\/div>\n<p>[\/et_pb_code][\/et_pb_column][\/et_pb_row][et_pb_row _builder_version=&#8221;4.0.2&#8243; max_width=&#8221;768px&#8221; custom_margin=&#8221;15px||0px||false|false&#8221; custom_padding=&#8221;0px||0px&#8221; use_custom_width=&#8221;on&#8221; custom_width_px=&#8221;768px&#8221;][et_pb_column type=&#8221;4_4&#8243; _builder_version=&#8221;3.25&#8243; custom_padding=&#8221;|||&#8221; custom_padding__hover=&#8221;|||&#8221;][et_pb_code _builder_version=&#8221;4.5.3&#8243;]<\/p>\n<div class=\"awards-align\" ><!-- [et_pb_line_break_holder] --><\/p>\n<div style=\"float:left; width:14%; text-align:right;   margin-right: 2%;\"><!-- [et_pb_line_break_holder] --><img decoding=\"async\" src=\"https:\/\/marketingplatform.com\/wp-content\/uploads\/2020\/01\/primotours.png\" width=\"56\" style=\"margin:10px 20px 20px 0px;\"><!-- [et_pb_line_break_holder] --><\/div>\n<p><!-- [et_pb_line_break_holder] --><\/p>\n<div style=\"float:left; width:20%; text-align:center;    margin-right: 4%;\"><!-- [et_pb_line_break_holder] --><img decoding=\"async\" src=\"https:\/\/marketingplatform.com\/wp-content\/uploads\/2019\/11\/med24-gray.png\" width=\"100\" style=\"margin:20px 0px 20px 10px;\"><!-- [et_pb_line_break_holder] --><\/div>\n<p><!-- [et_pb_line_break_holder] --><\/p>\n<div style=\"float:left; width:18%;    margin-right: 1%;\"><!-- [et_pb_line_break_holder] --><img decoding=\"async\" src=\"https:\/\/marketingplatform.com\/wp-content\/uploads\/2019\/08\/cykelpartner-logo.png\" width=\"180\" style=\"margin:29px 20px 20px 0px;\"><!-- [et_pb_line_break_holder] --><\/div>\n<p><!-- [et_pb_line_break_holder] --><\/p>\n<div style=\"float:left; width:20%; text-align:center;     margin-right: 1%;\"><!-- [et_pb_line_break_holder] --><img decoding=\"async\" src=\"https:\/\/marketingplatform.com\/wp-content\/uploads\/2019\/04\/aldi-grey.png\" width=\"50\" style=\"margin:10px 0px 20px 0px;\"><!-- [et_pb_line_break_holder] --><\/div>\n<p><!-- [et_pb_line_break_holder] --><\/p>\n<div style=\"float:left; width:18%;      margin-right: 2%;  text-align: center;\"><!-- [et_pb_line_break_holder] --><img decoding=\"async\" src=\"https:\/\/marketingplatform.com\/wp-content\/uploads\/2019\/02\/verisure-logo.png\" width=\"120\" style=\"margin:18px 0px 20px 0px;\"><!-- [et_pb_line_break_holder] --><\/div>\n<p><!-- [et_pb_line_break_holder] --><\/div>\n<p>[\/et_pb_code][\/et_pb_column][\/et_pb_row][\/et_pb_section]<\/p>\n","protected":false},"excerpt":{"rendered":"<p>Hvad er Marketing Automation? Marketing Automation er en f\u00e6llesbetegnelse for automatiserede processer, der indeholder forskellige marketing elementer. Det lyder m\u00e5ske lidt langh\u00e5ret, men d\u00e6kker over en eller flere serier af budskaber og handlinger, der i flows venter p\u00e5 tidspunktet for deres eksekvering. Marketing Automation indeholder ogs\u00e5 Lead Nurturing, der ganske enkelt handler om at prekvalificere [&hellip;]<\/p>\n","protected":false},"author":50,"featured_media":0,"parent":4520,"menu_order":0,"comment_status":"closed","ping_status":"closed","template":"","meta":{"_et_pb_use_builder":"on","_et_pb_old_content":"","_et_gb_content_width":"","footnotes":""},"categories":[],"tags":[],"yst_prominent_words":[4910,4904,4905,4883,83,6168,6164,6161,678,4874,6166,4871,4873,93,6165,6163,4897,6167,6162,1202],"_links":{"self":[{"href":"https:\/\/marketingplatform.com\/da\/wp-json\/wp\/v2\/pages\/8266"}],"collection":[{"href":"https:\/\/marketingplatform.com\/da\/wp-json\/wp\/v2\/pages"}],"about":[{"href":"https:\/\/marketingplatform.com\/da\/wp-json\/wp\/v2\/types\/page"}],"author":[{"embeddable":true,"href":"https:\/\/marketingplatform.com\/da\/wp-json\/wp\/v2\/users\/50"}],"replies":[{"embeddable":true,"href":"https:\/\/marketingplatform.com\/da\/wp-json\/wp\/v2\/comments?post=8266"}],"version-history":[{"count":2,"href":"https:\/\/marketingplatform.com\/da\/wp-json\/wp\/v2\/pages\/8266\/revisions"}],"predecessor-version":[{"id":64196,"href":"https:\/\/marketingplatform.com\/da\/wp-json\/wp\/v2\/pages\/8266\/revisions\/64196"}],"up":[{"embeddable":true,"href":"https:\/\/marketingplatform.com\/da\/wp-json\/wp\/v2\/pages\/4520"}],"wp:attachment":[{"href":"https:\/\/marketingplatform.com\/da\/wp-json\/wp\/v2\/media?parent=8266"}],"wp:term":[{"taxonomy":"category","embeddable":true,"href":"https:\/\/marketingplatform.com\/da\/wp-json\/wp\/v2\/categories?post=8266"},{"taxonomy":"post_tag","embeddable":true,"href":"https:\/\/marketingplatform.com\/da\/wp-json\/wp\/v2\/tags?post=8266"},{"taxonomy":"yst_prominent_words","embeddable":true,"href":"https:\/\/marketingplatform.com\/da\/wp-json\/wp\/v2\/yst_prominent_words?post=8266"}],"curies":[{"name":"wp","href":"https:\/\/api.w.org\/{rel}","templated":true}]}}