{"id":8206,"date":"2017-06-06T11:19:07","date_gmt":"2017-06-06T09:19:07","guid":{"rendered":"https:\/\/marketingplatform.com\/?page_id=8206\/"},"modified":"2020-10-26T14:42:04","modified_gmt":"2020-10-26T13:42:04","slug":"hvorfor-goere-marketing-automation-kompliceret","status":"publish","type":"page","link":"https:\/\/marketingplatform.com\/da\/artikler-presse\/hvorfor-goere-marketing-automation-kompliceret\/","title":{"rendered":"Hvorfor g\u00f8re marketing automation kompliceret"},"content":{"rendered":"<p>[et_pb_section fb_built=&#8221;1&#8243; admin_label=&#8221;section&#8221; _builder_version=&#8221;3.22.3&#8243; custom_padding=&#8221;54px|0px|0px|0px&#8221; transparent_background=&#8221;off&#8221;][et_pb_row admin_label=&#8221;row&#8221; _builder_version=&#8221;3.25&#8243; background_size=&#8221;initial&#8221; background_position=&#8221;top_left&#8221; background_repeat=&#8221;repeat&#8221;][et_pb_column type=&#8221;4_4&#8243; _builder_version=&#8221;3.25&#8243; custom_padding=&#8221;|||&#8221; custom_padding__hover=&#8221;|||&#8221;][et_pb_text _builder_version=&#8221;4.5.3&#8243; background_size=&#8221;initial&#8221; background_position=&#8221;top_left&#8221; background_repeat=&#8221;repeat&#8221; hover_enabled=&#8221;0&#8243; use_border_color=&#8221;off&#8221;]<\/p>\n<h1>Hvorfor g\u00f8re marketing automation kompliceret?<\/h1>\n<p>Alt for mange danske virksomheder g\u00f8r marketing automation til noget overordentligt kompliceret. Og den resterende del g\u00f8r slet ikke noget &#8211; og mister dermed oms\u00e6tning og loyalitet hos deres kunder.<\/p>\n<p>&nbsp;<\/p>\n<h4>Data skal der til<\/h4>\n<p>&#8220;For at skabe automation, er det n\u00f8dvendigt at have stamdata, k\u00f8bsdata og adf\u00e6rdsdata. Samt de rette v\u00e6rkt\u00f8jer til at holde disse opdateret&#8221;, fort\u00e6ller Kim \u00d8stergaard, der har mange\u00e5rig erfaring som onlinek\u00f8bmand. Stamdata er alle de grundl\u00e6ggende oplysninger om en person. Det kan v\u00e6re navn, email, mobil nummer og \u00f8vrige demografiske og geografiske data. Adf\u00e6rdsdata kan stamme fra mange forskellige kilder, praktisk alle steder hvor der forekommer en adf\u00e6rd. Retteligt kan k\u00f8bsdata ogs\u00e5 inkluderes i adf\u00e6rdsdataene, men disse data er s\u00e5 specifikke for <a href=\"https:\/\/marketingplatform.com\/da\/marketing-automation\/\">Marketing Automation<\/a>, det giver mening at n\u00e6vne dem s\u00e6rskilt. K\u00f8bsdata rummer information om hvad der er k\u00f8bt, hvorn\u00e5r og i hvilken m\u00e6ngde og pris.<\/p>\n<p>&nbsp;<\/p>\n<h4>Lad os spise elefanten i sm\u00e5 bidder<\/h4>\n<p>&#8220;Der er ikke noget som store projekter. De tager lang tid, koster mange penge og ofte flytter virkeligheden sig imens de p\u00e5g\u00e5r&#8221;, fort\u00e6ller Kim \u00d8stergaard der har grundlagt MarketingPlatform, som hj\u00e6lper en lang r\u00e6kke virksomheder med email marketing og marketing automation. Ved at starte med kundens stamdata, er det muligt at komme igang med automatiseret markedsf\u00f8ring p\u00e5 nogle f\u00e5 minutter. Skab en forbindelse mellem feks din webshop eller dit \u00f8konomisystem og din email marketing l\u00f8sning. Ops\u00e6t det f\u00f8rste velkomstflow, med en serie af 3 mails, der byder nye kontakter velkommen og s\u00f8ger at berige de information der allerede findes p\u00e5 deres profil. Velkomstflows ops\u00e6ttes ofte med en autoresponder funktion. En autoresponder har som oftest tid som eneste event. Alts\u00e5 tid efter tilmelding til en given kontaktliste i et marketing automation system.<\/p>\n<p>&nbsp;<\/p>\n<h4>K\u00f8bsdata og adf\u00e6rdsdata aktiveres med triggere<\/h4>\n<p>N\u00e5r man taler om mere avancerede event former, eksekverede de ofte i trigger flows, der kombinerer flere enkelt st\u00e5ende trigger kampagner. Ofte med intelligent og m\u00e5lrettet indhold, s\u00e5 der udover automatiseringen i triggererne, ogs\u00e5 sker en individualisering af indholdet. Der er mange forskellige relevante triggere for en udsendelse af en marketing kampagne. Det kunne v\u00e6re X dage efter k\u00f8b, X timer efter afbrudt k\u00f8b, X tid efter bes\u00f8g i butik eller f.eks. restaurant, X periode efter opdatering af information og meget mere. Best practice afh\u00e6nger af din branche og m\u00e5lgruppe. Se\u00a0<a href=\"https:\/\/marketingplatform.com\/da\/video\/\">www.marketingplatform.com\/video<\/a>\u00a0for videopodcasts, der g\u00e5r i dybden med emnet.<\/p>\n<p>&nbsp;<\/p>\n<h4>Med den rigtige hj\u00e6lp opn\u00e5r du resultater<\/h4>\n<p>Resultater kommer gennem evnen til at eksekvere p\u00e5 de rigtige data &#8211; og med den forn\u00f8dne erfaring og viden. Ved at starte med stamdata, f\u00e5 viden om modtagernes lyst til at dele viden, opdatere deres profil og indg\u00e5 i en dialog skabes de f\u00f8rste erfaringer. De n\u00e6ste runder med k\u00f8bs- og adf\u00e6rdsdata kr\u00e6ver lidt mere indsigt i datamodeller og foruds\u00e6tter en integration mellem platforme. &#8220;Her anbefaler vi ofte vore kunder, at de sl\u00e5r p\u00e5 tr\u00e5den, eller taler med deres eksisterende konsulenter og bureauer. Vi oplever at langt de fleste virksomheder ikke har den forn\u00f8dne viden og det forn\u00f8dne overblik over deres data og ikke mindst datamodeller&#8221;, konkluderer Kim \u00d8stergaard. Langt de fleste virksomheder vil kunne fordoble eller tredoble udbyttet af deres direct marketing, ved at ops\u00e6tte marketing automation.<\/p>\n<p>[\/et_pb_text][et_pb_text _builder_version=&#8221;3.27.4&#8243; background_size=&#8221;initial&#8221; background_position=&#8221;top_left&#8221; background_repeat=&#8221;repeat&#8221; use_border_color=&#8221;off&#8221;]<\/p>\n<h1>Hvorfor g\u00f8re marketing automation kompliceret?<\/h1>\n<p>Alt for mange danske virksomheder g\u00f8r marketing automation til noget overordentligt kompliceret. Og den resterende del g\u00f8r slet ikke noget &#8211; og mister dermed oms\u00e6tning og loyalitet hos deres kunder.<\/p>\n<p>&nbsp;<\/p>\n<h4>Data skal der til<\/h4>\n<p>&#8220;For at skabe automation, er det n\u00f8dvendigt at have stamdata, k\u00f8bsdata og adf\u00e6rdsdata. Samt de rette v\u00e6rkt\u00f8jer til at holde disse opdateret&#8221;, fort\u00e6ller Kim \u00d8stergaard, der har mange\u00e5rig erfaring som onlinek\u00f8bmand. Stamdata er alle de grundl\u00e6ggende oplysninger om en person. Det kan v\u00e6re navn, email, mobil nummer og \u00f8vrige demografiske og geografiske data. Adf\u00e6rdsdata kan stamme fra mange forskellige kilder, praktisk alle steder hvor der forekommer en adf\u00e6rd. Retteligt kan k\u00f8bsdata ogs\u00e5 inkluderes i adf\u00e6rdsdataene, men disse data er s\u00e5 specifikke for <a href=\"https:\/\/marketingplatform.com\/da\/ressourcer\/marketing-automation-eksempler\/\">Marketing Automation<\/a>, det giver mening at n\u00e6vne dem s\u00e6rskilt. K\u00f8bsdata rummer information om hvad der er k\u00f8bt, hvorn\u00e5r og i hvilken m\u00e6ngde og pris.<\/p>\n<p>&nbsp;<\/p>\n<h4>Lad os spise elefanten i sm\u00e5 bidder<\/h4>\n<p>&#8220;Der er ikke noget som store projekter. De tager lang tid, koster mange penge og ofte flytter virkeligheden sig imens de p\u00e5g\u00e5r&#8221;, fort\u00e6ller Kim \u00d8stergaard der har grundlagt MarketingPlatform, som hj\u00e6lper en lang r\u00e6kke virksomheder med email marketing og marketing automation. Ved at starte med kundens stamdata, er det muligt at komme igang med automatiseret markedsf\u00f8ring p\u00e5 nogle f\u00e5 minutter. Skab en forbindelse mellem feks din webshop eller dit \u00f8konomisystem og din email marketing l\u00f8sning. Ops\u00e6t det f\u00f8rste velkomstflow, med en serie af 3 mails, der byder nye kontakter velkommen og s\u00f8ger at berige de information der allerede findes p\u00e5 deres profil. Velkomstflows ops\u00e6ttes ofte med en autoresponder funktion. En autoresponder har som oftest tid som eneste event. Alts\u00e5 tid efter tilmelding til en given kontaktliste i et marketing automation system.<\/p>\n<p>&nbsp;<\/p>\n<h4>K\u00f8bsdata og adf\u00e6rdsdata aktiveres med triggere<\/h4>\n<p>N\u00e5r man taler om mere avancerede event former, eksekverede de ofte i trigger flows, der kombinerer flere enkelt st\u00e5ende trigger kampagner. Ofte med intelligent og m\u00e5lrettet indhold, s\u00e5 der udover automatiseringen i triggererne, ogs\u00e5 sker en individualisering af indholdet. Der er mange forskellige relevante triggere for en udsendelse af en marketing kampagne. Det kunne v\u00e6re X dage efter k\u00f8b, X timer efter afbrudt k\u00f8b, X tid efter bes\u00f8g i butik eller f.eks. restaurant, X periode efter opdatering af information og meget mere. Best practice afh\u00e6nger af din branche og m\u00e5lgruppe. Se\u00a0<a href=\"https:\/\/marketingplatform.com\/da\/video\/\">www.marketingplatform.com\/video<\/a>\u00a0for videopodcasts, der g\u00e5r i dybden med emnet.<\/p>\n<p>&nbsp;<\/p>\n<h4>Med den rigtige hj\u00e6lp opn\u00e5r du resultater<\/h4>\n<p>Resultater kommer gennem evnen til at eksekvere p\u00e5 de rigtige data &#8211; og med den forn\u00f8dne erfaring og viden. Ved at starte med stamdata, f\u00e5 viden om modtagernes lyst til at dele viden, opdatere deres profil og indg\u00e5 i en dialog skabes de f\u00f8rste erfaringer. De n\u00e6ste runder med k\u00f8bs- og adf\u00e6rdsdata kr\u00e6ver lidt mere indsigt i datamodeller og foruds\u00e6tter en integration mellem platforme. &#8220;Her anbefaler vi ofte vore kunder, at de sl\u00e5r p\u00e5 tr\u00e5den, eller taler med deres eksisterende konsulenter og bureauer. Vi oplever at langt de fleste virksomheder ikke har den forn\u00f8dne viden og det forn\u00f8dne overblik over deres data og ikke mindst datamodeller&#8221;, konkluderer Kim \u00d8stergaard. Langt de fleste virksomheder vil kunne fordoble eller tredoble udbyttet af deres direct marketing, ved at ops\u00e6tte marketing automation.<\/p>\n<p>[\/et_pb_text][\/et_pb_column][\/et_pb_row][\/et_pb_section][et_pb_section fb_built=&#8221;1&#8243; _builder_version=&#8221;3.22.3&#8243; custom_padding=&#8221;0px|0px|54px|0px&#8221; transparent_background=&#8221;off&#8221;][et_pb_row _builder_version=&#8221;3.25&#8243; background_size=&#8221;initial&#8221; background_position=&#8221;top_left&#8221; background_repeat=&#8221;repeat&#8221; custom_padding=&#8221;0px|0px|0px|0px&#8221;][et_pb_column type=&#8221;4_4&#8243; _builder_version=&#8221;3.25&#8243; custom_padding=&#8221;|||&#8221; custom_padding__hover=&#8221;|||&#8221;][et_pb_divider color=&#8221;#f5f8fb&#8221; divider_weight=&#8221;1px&#8221; disabled_on=&#8221;on|on|off&#8221; _builder_version=&#8221;3.2&#8243; hide_on_mobile=&#8221;on&#8221;][\/et_pb_divider][\/et_pb_column][\/et_pb_row][et_pb_row _builder_version=&#8221;3.25&#8243; background_size=&#8221;initial&#8221; background_position=&#8221;top_left&#8221; background_repeat=&#8221;repeat&#8221; custom_padding=&#8221;27px|0px|27px|0px&#8221;][et_pb_column type=&#8221;4_4&#8243; _builder_version=&#8221;3.25&#8243; custom_padding=&#8221;|||&#8221; custom_padding__hover=&#8221;|||&#8221;][et_pb_text _builder_version=&#8221;4.0.2&#8243; background_size=&#8221;initial&#8221; background_position=&#8221;top_left&#8221; background_repeat=&#8221;repeat&#8221; use_border_color=&#8221;off&#8221; border_style=&#8221;solid&#8221; saved_tabs=&#8221;all&#8221;]<\/p>\n<h4>Pressekontakt<\/h4>\n<p><img decoding=\"async\" loading=\"lazy\" class=\"image-border alignnone wp-image-7819 size-full\" src=\"https:\/\/marketingplatform.com\/wp-content\/uploads\/2017\/05\/kim.png\" alt=\"Kim \u00d8stergaard - CEO MarketingPlatform\" width=\"99\" height=\"98\" \/><\/p>\n<p><b>Kim \u00d8stergaard<\/b><br \/> CEO<br \/> Tlf. +45 72 44 44 55<br \/> Mob. +45 42 55 55 55<br \/> <a href=\"mailto:kim@marketingplatform.com\">kim@marketingplatform.com<\/a><\/p>\n<p>[\/et_pb_text][et_pb_text _builder_version=&#8221;3.27.4&#8243; background_size=&#8221;initial&#8221; background_position=&#8221;top_left&#8221; background_repeat=&#8221;repeat&#8221; use_border_color=&#8221;off&#8221; border_style=&#8221;solid&#8221; saved_tabs=&#8221;all&#8221;]<\/p>\n<h4>Udsendt af<\/h4>\n<p>MarketingPlatform<br \/>\nN\u00f8rregade 12a<br \/>\n6600 Vejen<br \/>\n<a href=\"https:\/\/marketingplatform.com\/\">https:\/\/marketingplatform.com<\/a><br \/>\n[\/et_pb_text][\/et_pb_column][\/et_pb_row][et_pb_row _builder_version=&#8221;3.25&#8243; background_size=&#8221;initial&#8221; background_position=&#8221;top_left&#8221; background_repeat=&#8221;repeat&#8221; custom_padding=&#8221;27px|0px|0px|0px&#8221;][et_pb_column type=&#8221;4_4&#8243; _builder_version=&#8221;3.25&#8243; custom_padding=&#8221;|||&#8221; custom_padding__hover=&#8221;|||&#8221;][et_pb_divider color=&#8221;#f5f8fb&#8221; divider_weight=&#8221;1px&#8221; disabled_on=&#8221;on|on|off&#8221; _builder_version=&#8221;3.2&#8243; hide_on_mobile=&#8221;on&#8221;][\/et_pb_divider][\/et_pb_column][\/et_pb_row][et_pb_row _builder_version=&#8221;3.25&#8243; background_size=&#8221;initial&#8221; background_position=&#8221;top_left&#8221; background_repeat=&#8221;repeat&#8221; custom_padding=&#8221;27px|0px|27px|0px&#8221;][et_pb_column type=&#8221;4_4&#8243; _builder_version=&#8221;3.25&#8243; custom_padding=&#8221;|||&#8221; custom_padding__hover=&#8221;|||&#8221;][et_pb_text _builder_version=&#8221;3.27.4&#8243; background_size=&#8221;initial&#8221; background_position=&#8221;top_left&#8221; background_repeat=&#8221;repeat&#8221; use_border_color=&#8221;off&#8221; border_style=&#8221;solid&#8221; saved_tabs=&#8221;all&#8221;]Denne information blev leveret af MyPressWire ApS <a href=\"https:\/\/www.mypresswire.com\/dk\">www.mypresswire.com\/dk<\/a><\/p>\n<p>L\u00e6s pressemeddelelsen online her: <a href=\"https:\/\/www.mypresswire.com\/dk\/pressroom\/28804\/pressrelease\/105261\">https:\/\/www.mypresswire.com\/dk\/pressroom\/28804\/pressrelease\/105261<\/a><br \/>\n[\/et_pb_text][\/et_pb_column][\/et_pb_row][\/et_pb_section][et_pb_section fb_built=&#8221;1&#8243; custom_padding_last_edited=&#8221;on|phone&#8221; module_class=&#8221;ressourcer-signup&#8221; _builder_version=&#8221;4.5.3&#8243; background_color=&#8221;#dee7f1&#8243; custom_padding=&#8221;7%||4%||false|false&#8221; custom_padding_tablet=&#8221;12%||||false|false&#8221; custom_padding_phone=&#8221;17%||||false|false&#8221; top_divider_style=&#8221;asymmetric2&#8243; top_divider_color=&#8221;#ffffff&#8221; top_divider_height=&#8221;60px&#8221; global_module=&#8221;19033&#8243;][et_pb_row _builder_version=&#8221;3.25&#8243; background_size=&#8221;initial&#8221; background_position=&#8221;top_left&#8221; background_repeat=&#8221;repeat&#8221; custom_margin=&#8221;||10px&#8221; custom_padding=&#8221;||10px&#8221;][et_pb_column type=&#8221;4_4&#8243; _builder_version=&#8221;3.25&#8243; custom_padding=&#8221;|||&#8221; custom_padding__hover=&#8221;|||&#8221;][et_pb_text _builder_version=&#8221;4.5.3&#8243; text_orientation=&#8221;center&#8221;]<\/p>\n<h2 style=\"font-style: normal;\">Pr\u00f8v MarketingPlatform gratis i 14 dage<\/h2>\n<p style=\"font-style: normal;\">Pr\u00f8veperioden er gratis, helt uforpligtende og udl\u00f8ber efter 14 dage, hvis du ikke \u00f8nsker at forts\u00e6tte.<br \/> Ved tilmelding modtager du samtidig vores uddannelsesflow p\u00e5 en serie af mails \u2013 og vores nyhedsbrev.<\/p>\n<p>[\/et_pb_text][\/et_pb_column][\/et_pb_row][et_pb_row _builder_version=&#8221;4.4.0&#8243;][et_pb_column type=&#8221;4_4&#8243; _builder_version=&#8221;4.0.2&#8243;][et_pb_code _builder_version=&#8221;4.5.3&#8243; max_width=&#8221;50%&#8221; max_width_tablet=&#8221;100%&#8221; max_width_phone=&#8221;&#8221; max_width_last_edited=&#8221;on|phone&#8221; module_alignment=&#8221;center&#8221;]<a href=\"https:\/\/marketingplatform.com\/da\/book-emailplatform-demo\/\"><\/p>\n<div class=\"bookdemobtn\">Book demo<\/div>\n<p><\/a><!-- [et_pb_line_break_holder] --><a href=\"https:\/\/marketingplatform.com\/da\/gratis-proeveversion\/\"><\/p>\n<div class=\"signupbtn\">Pr\u00f8v os gratis<\/div>\n<p><\/a><!-- [et_pb_line_break_holder] --><\/p>\n<div class=\"clearfix\"><\/div>\n<p>[\/et_pb_code][\/et_pb_column][\/et_pb_row][et_pb_row _builder_version=&#8221;4.0.2&#8243; max_width=&#8221;768px&#8221; custom_margin=&#8221;15px||0px||false|false&#8221; custom_padding=&#8221;0px||0px&#8221; use_custom_width=&#8221;on&#8221; custom_width_px=&#8221;768px&#8221;][et_pb_column type=&#8221;4_4&#8243; _builder_version=&#8221;3.25&#8243; custom_padding=&#8221;|||&#8221; custom_padding__hover=&#8221;|||&#8221;][et_pb_code _builder_version=&#8221;4.5.3&#8243;]<\/p>\n<div class=\"awards-align\" ><!-- [et_pb_line_break_holder] --><\/p>\n<div style=\"float:left; width:14%; text-align:right;   margin-right: 2%;\"><!-- [et_pb_line_break_holder] --><img decoding=\"async\" src=\"https:\/\/marketingplatform.com\/wp-content\/uploads\/2020\/01\/primotours.png\" width=\"56\" style=\"margin:10px 20px 20px 0px;\"><!-- [et_pb_line_break_holder] --><\/div>\n<p><!-- [et_pb_line_break_holder] --><\/p>\n<div style=\"float:left; width:20%; text-align:center;    margin-right: 4%;\"><!-- [et_pb_line_break_holder] --><img decoding=\"async\" src=\"https:\/\/marketingplatform.com\/wp-content\/uploads\/2019\/11\/med24-gray.png\" width=\"100\" style=\"margin:20px 0px 20px 10px;\"><!-- [et_pb_line_break_holder] --><\/div>\n<p><!-- [et_pb_line_break_holder] --><\/p>\n<div style=\"float:left; width:18%;    margin-right: 1%;\"><!-- [et_pb_line_break_holder] --><img decoding=\"async\" src=\"https:\/\/marketingplatform.com\/wp-content\/uploads\/2019\/08\/cykelpartner-logo.png\" width=\"180\" style=\"margin:29px 20px 20px 0px;\"><!-- [et_pb_line_break_holder] --><\/div>\n<p><!-- [et_pb_line_break_holder] --><\/p>\n<div style=\"float:left; width:20%; text-align:center;     margin-right: 1%;\"><!-- [et_pb_line_break_holder] --><img decoding=\"async\" src=\"https:\/\/marketingplatform.com\/wp-content\/uploads\/2019\/04\/aldi-grey.png\" width=\"50\" style=\"margin:10px 0px 20px 0px;\"><!-- [et_pb_line_break_holder] --><\/div>\n<p><!-- [et_pb_line_break_holder] --><\/p>\n<div style=\"float:left; width:18%;      margin-right: 2%;  text-align: center;\"><!-- [et_pb_line_break_holder] --><img decoding=\"async\" src=\"https:\/\/marketingplatform.com\/wp-content\/uploads\/2019\/02\/verisure-logo.png\" width=\"120\" style=\"margin:18px 0px 20px 0px;\"><!-- [et_pb_line_break_holder] --><\/div>\n<p><!-- [et_pb_line_break_holder] --><\/div>\n<p>[\/et_pb_code][\/et_pb_column][\/et_pb_row][\/et_pb_section]<\/p>\n","protected":false},"excerpt":{"rendered":"<p>Hvorfor g\u00f8re marketing automation kompliceret? Alt for mange danske virksomheder g\u00f8r marketing automation til noget overordentligt kompliceret. Og den resterende del g\u00f8r slet ikke noget &#8211; og mister dermed oms\u00e6tning og loyalitet hos deres kunder. &nbsp; Data skal der til &#8220;For at skabe automation, er det n\u00f8dvendigt at have stamdata, k\u00f8bsdata og adf\u00e6rdsdata. Samt de [&hellip;]<\/p>\n","protected":false},"author":50,"featured_media":0,"parent":4520,"menu_order":0,"comment_status":"closed","ping_status":"closed","template":"","meta":{"_et_pb_use_builder":"on","_et_pb_old_content":"","_et_gb_content_width":"","footnotes":""},"categories":[],"tags":[],"yst_prominent_words":[4910,2755,4905,174,4907,117,280,371,87,282,375,6157,283,5566,678,4874,6158,380,6159,5567],"_links":{"self":[{"href":"https:\/\/marketingplatform.com\/da\/wp-json\/wp\/v2\/pages\/8206"}],"collection":[{"href":"https:\/\/marketingplatform.com\/da\/wp-json\/wp\/v2\/pages"}],"about":[{"href":"https:\/\/marketingplatform.com\/da\/wp-json\/wp\/v2\/types\/page"}],"author":[{"embeddable":true,"href":"https:\/\/marketingplatform.com\/da\/wp-json\/wp\/v2\/users\/50"}],"replies":[{"embeddable":true,"href":"https:\/\/marketingplatform.com\/da\/wp-json\/wp\/v2\/comments?post=8206"}],"version-history":[{"count":2,"href":"https:\/\/marketingplatform.com\/da\/wp-json\/wp\/v2\/pages\/8206\/revisions"}],"predecessor-version":[{"id":64200,"href":"https:\/\/marketingplatform.com\/da\/wp-json\/wp\/v2\/pages\/8206\/revisions\/64200"}],"up":[{"embeddable":true,"href":"https:\/\/marketingplatform.com\/da\/wp-json\/wp\/v2\/pages\/4520"}],"wp:attachment":[{"href":"https:\/\/marketingplatform.com\/da\/wp-json\/wp\/v2\/media?parent=8206"}],"wp:term":[{"taxonomy":"category","embeddable":true,"href":"https:\/\/marketingplatform.com\/da\/wp-json\/wp\/v2\/categories?post=8206"},{"taxonomy":"post_tag","embeddable":true,"href":"https:\/\/marketingplatform.com\/da\/wp-json\/wp\/v2\/tags?post=8206"},{"taxonomy":"yst_prominent_words","embeddable":true,"href":"https:\/\/marketingplatform.com\/da\/wp-json\/wp\/v2\/yst_prominent_words?post=8206"}],"curies":[{"name":"wp","href":"https:\/\/api.w.org\/{rel}","templated":true}]}}