{"id":8184,"date":"2017-06-06T09:12:25","date_gmt":"2017-06-06T07:12:25","guid":{"rendered":"https:\/\/marketingplatform.com\/?page_id=8184\/"},"modified":"2020-10-26T14:48:49","modified_gmt":"2020-10-26T13:48:49","slug":"email-marketing-trends-2017","status":"publish","type":"page","link":"https:\/\/marketingplatform.com\/da\/email-marketing-trends-2017\/","title":{"rendered":"Email Marketing Trends 2017"},"content":{"rendered":"<p>[et_pb_section fb_built=&#8221;1&#8243; admin_label=&#8221;section&#8221; _builder_version=&#8221;3.22.3&#8243;][et_pb_row admin_label=&#8221;row&#8221; _builder_version=&#8221;3.25&#8243; background_size=&#8221;initial&#8221; background_position=&#8221;top_left&#8221; background_repeat=&#8221;repeat&#8221;][et_pb_column type=&#8221;4_4&#8243; _builder_version=&#8221;3.25&#8243; custom_padding=&#8221;|||&#8221; custom_padding__hover=&#8221;|||&#8221;][et_pb_text admin_label=&#8221;Text&#8221; _builder_version=&#8221;4.5.3&#8243; background_size=&#8221;initial&#8221; background_position=&#8221;top_left&#8221; background_repeat=&#8221;repeat&#8221; use_border_color=&#8221;off&#8221; border_color=&#8221;#ffffff&#8221; border_style=&#8221;solid&#8221;]<\/p>\n<h1>Email Marketing Trends 2017<\/h1>\n<p><b>I 2017 vil email marketing forts\u00e6tte med at blive mere m\u00e5lrettet og intelligent. Tiden hvor en til mange kommunikation var godt nok &#8211; er definitivt forbi. Og de bedste marketing personer arbejder nu intelligent med data og adf\u00e6rd.<\/b><\/p>\n<p>En anden hoved trend i 2017, indenfor <a href=\"https:\/\/marketingplatform.com\/da\/\">email marketing<\/a>, er <a href=\"https:\/\/marketingplatform.com\/da\/marketing-automation\/\">marketing automation<\/a> der er en stribe v\u00e6rkt\u00f8jer, hvis hovedform\u00e5l er at automatisere opsamling af viden og handlinger, og g\u00f8re disse til genstand for automatiserede kampagner.<\/p>\n<p>Sidst men ikke mindst er den fortsatte mobile dominans, hvor 2017 vil g\u00f8re visse m\u00e5lgruppers email modtagelse til en ren mobil af slagsen. Generelt forventer eMailPlatform en \u00e5bningsprocent p\u00e5 smartphones, der vil ligge mellem 54-58 procent. Stort set i samme leje som i 2016. De rene mobile brugere, alts\u00e5 den unge generation der hvert \u00e5r adapterer en naturlig anvendelse af email, vil ligge meget t\u00e6t p\u00e5 100% i anvendelsen af mobile enheder som email klient.<\/p>\n<p>&#8220;Vi har i 2017 analyseret over 500.000.000 danske modtagere, og billedet for fordelingen af anvendte mail klienter er meget tydeligt. Gmail vinder markedsandele p\u00e5 webben, Apple iPhone dominerer stadig mobile \u00e5bninger &#8211; og andelen af \u00e5bner generelt mobil versus desktop, er stagneret for de fleste aldersgrupper&#8221;, fort\u00e6ller grundl\u00e6gger og CEO fra eMailPlatform, Kim \u00d8stergaard.<\/p>\n<p>Meget snart f\u00f8lger den halv\u00e5rlige analyse fra eMailPlatform om emailanvendelse.<\/p>\n<p>[\/et_pb_text][\/et_pb_column][\/et_pb_row][et_pb_row admin_label=&#8221;Row&#8221; _builder_version=&#8221;3.25&#8243; background_size=&#8221;initial&#8221; background_position=&#8221;top_left&#8221; background_repeat=&#8221;repeat&#8221;][et_pb_column type=&#8221;4_4&#8243; _builder_version=&#8221;3.25&#8243; custom_padding=&#8221;|||&#8221; custom_padding__hover=&#8221;|||&#8221;][et_pb_text admin_label=&#8221;Text&#8221; _builder_version=&#8221;3.27.4&#8243; background_size=&#8221;initial&#8221; background_position=&#8221;top_left&#8221; background_repeat=&#8221;repeat&#8221; use_border_color=&#8221;off&#8221; border_color=&#8221;#ffffff&#8221; border_style=&#8221;solid&#8221;]<\/p>\n<h4>Email marketing bliver mere intelligent i 2017<\/h4>\n<p>Kravene til udbyderne af email marketing l\u00f8sninger vil fortsat \u00f8ges. De fleste kundegrupper skriger p\u00e5 sammenh\u00e6ngende l\u00f8sninger, der evner at indsamle oplysninger p\u00e5 tv\u00e6rs af systemer, samt stille analyse og adf\u00e6rdsv\u00e6rkt\u00f8jer til r\u00e5dighed.<\/p>\n<p>En moderne forbruger, B2C, eller for den sags skyld B2B kunde, vil v\u00e6re tilstede p\u00e5 mange forskellige platforme og enheder. De vil skifte platforme efter behov, hvilket stiller store krav til platformens evne til opsamling og sammenk\u00e6dning af adf\u00e6rdsdata.<\/p>\n<p>Som marketingperson er det vigtigt, at bringe den overordnede marketingplan til live, ved at t\u00e6nke f\u00f8rst automatisering ud fra handlinger &#8211; og dern\u00e6st adf\u00e6rd. F\u00f8rst derefter kan de almindelige kampagner flettes ind.<\/p>\n<p>Et eksempel p\u00e5 automatiserede kampagner kunne v\u00e6re rundt om et k\u00f8b i en fysisk butik. Flowet kunne gemme p\u00e5 en serie af 2 takke mails, der rummer personificerede muligheder for mersalg, ud fra det netop foretagne k\u00f8b. Det kunne ogs\u00e5 flette adf\u00e6rden i de seneste nyhedsbreve ind i billedet, samt den opsamlede browsing historie fra firmaets webshop. Det kaldes ogs\u00e5 for multichannel marketing &#8211; alts\u00e5 at flere kanaler sammenk\u00e6des i et budskab.<br \/>\n[\/et_pb_text][\/et_pb_column][\/et_pb_row][et_pb_row admin_label=&#8221;Row&#8221; _builder_version=&#8221;3.25&#8243; background_size=&#8221;initial&#8221; background_position=&#8221;top_left&#8221; background_repeat=&#8221;repeat&#8221;][et_pb_column type=&#8221;4_4&#8243; _builder_version=&#8221;3.25&#8243; custom_padding=&#8221;|||&#8221; custom_padding__hover=&#8221;|||&#8221;][et_pb_text admin_label=&#8221;Text&#8221; _builder_version=&#8221;4.0.2&#8243; background_size=&#8221;initial&#8221; background_position=&#8221;top_left&#8221; background_repeat=&#8221;repeat&#8221; use_border_color=&#8221;off&#8221; border_color=&#8221;#ffffff&#8221; border_style=&#8221;solid&#8221;]<\/p>\n<h4>Den nye persondataforordning fra EU er p\u00e5 alles l\u00e6ber i 2017<\/h4>\n<p>Der har l\u00e6nge eksisteret en persondatalov, men den har levet en nogen anonym tilv\u00e6relse. Men s\u00e6rligt de enormt h\u00f8je b\u00f8der i den nye forordning fra EU, har f\u00e5et sm\u00e5 som store virksomheder til at spidse \u00f8ren \u2013 endsige g\u00e5 lidt i panik.<\/p>\n<p>Der er overordnet 3 roller i lovens tekst. Privatpersonen der kommunikeres med, virksomheden der har retten til at kommunikere (den s\u00e5kaldte permission, heraf ordet permission marketing) \u2013 kaldet den dataansvarlige og databehandleren. En databehandler er feks en virksomhed som eMailPlatform, der behandler data p\u00e5 vegne af den dataansvarlige.<\/p>\n<p>Selve det grundl\u00e6ggende i lovens tekst, at der skal opn\u00e5s aktivt samtykke, permission, for al henvendelse via digital kommunikation er tilladt, er der ikke \u00e6ndret ved. Der stilles \u00f8gede krav til dokumentation af samtykket, hvor vi anbefaler altid at anvende bekr\u00e6ftet tilmelding \u2013 ogs\u00e5 kaldet double opt-in, hvor modtageren modtager en mail eller SMS og bekr\u00e6fter tilmeldingen med et link, der aktivt skal klikkes p\u00e5.<\/p>\n<p>De st\u00f8rste \u00e6ndringer er gennemf\u00f8rt indenfor retten til at blive glemt. Her har privatpersonerne en fuldst\u00e6ndig ret til at blive slettet hos b\u00e5de den dataansvarlige og hos databehandleren.<\/p>\n<p>\u201cHos eMailPlatform udfordrer vi lige nu myndighederne p\u00e5 retten til at blive glemt. Hvad sker der i tilf\u00e6lde af en spamklage, hvor modtageren har \u00f8nsket at blive glemt. Som lovens tekst er lige nu, skal enhver henvendelse slettes digitalt og analogt \u2013 alts\u00e5 bliver det umuligt at dokumentere det aktive samtykke \u2013 permission til at kommunikere\u201d, konkluderer Kim \u00d8stergaard.<\/p>\n<p>S\u00e5 snart Justitsministeriet og Datatilsynet er kommet med et klart svar, vil vi naturligvis opdatere s\u00e5vel databehandleraftale som vejledninger til best practice. Alt det forventer vi er endeligt p\u00e5 plads inden sommeren 2017.<\/p>\n<p>[\/et_pb_text][\/et_pb_column][\/et_pb_row][et_pb_row admin_label=&#8221;Row&#8221; _builder_version=&#8221;3.25&#8243; background_size=&#8221;initial&#8221; background_position=&#8221;top_left&#8221; background_repeat=&#8221;repeat&#8221;][et_pb_column type=&#8221;4_4&#8243; _builder_version=&#8221;3.25&#8243; custom_padding=&#8221;|||&#8221; custom_padding__hover=&#8221;|||&#8221;][et_pb_divider color=&#8221;#f5f8fb&#8221; disabled_on=&#8221;on|on|off&#8221; admin_label=&#8221;Divider&#8221; _builder_version=&#8221;3.2&#8243; hide_on_mobile=&#8221;on&#8221;][\/et_pb_divider][\/et_pb_column][\/et_pb_row][et_pb_row admin_label=&#8221;Row&#8221; _builder_version=&#8221;3.25&#8243; background_size=&#8221;initial&#8221; background_position=&#8221;top_left&#8221; background_repeat=&#8221;repeat&#8221;][et_pb_column type=&#8221;4_4&#8243; _builder_version=&#8221;3.25&#8243; custom_padding=&#8221;|||&#8221; custom_padding__hover=&#8221;|||&#8221;][et_pb_text admin_label=&#8221;Text&#8221; _builder_version=&#8221;4.5.3&#8243; background_size=&#8221;initial&#8221; background_position=&#8221;top_left&#8221; background_repeat=&#8221;repeat&#8221; hover_enabled=&#8221;0&#8243; use_border_color=&#8221;off&#8221; border_color=&#8221;#ffffff&#8221; border_style=&#8221;solid&#8221;]<\/p>\n<h4>Relevant information<\/h4>\n<p>Email Marketing<br \/> <a href=\"https:\/\/marketingplatform.com\/da\/email-marketing\/\">https:\/\/marketingplatform.com\/da\/email-marketing\/<\/a><\/p>\n<p>Marketing Automation<br \/> <a href=\"https:\/\/marketingplatform.com\/da\/marketing-automation\/\">https:\/\/marketingplatform.com\/da\/marketing-automation\/<\/a><\/p>\n<p>[\/et_pb_text][\/et_pb_column][\/et_pb_row][\/et_pb_section][et_pb_section fb_built=&#8221;1&#8243; admin_label=&#8221;Section&#8221; _builder_version=&#8221;3.22.3&#8243;][et_pb_row admin_label=&#8221;Row&#8221; _builder_version=&#8221;3.25&#8243; background_size=&#8221;initial&#8221; background_position=&#8221;top_left&#8221; background_repeat=&#8221;repeat&#8221;][et_pb_column type=&#8221;4_4&#8243; _builder_version=&#8221;3.25&#8243; custom_padding=&#8221;|||&#8221; custom_padding__hover=&#8221;|||&#8221;][et_pb_divider color=&#8221;#f5f8fb&#8221; disabled_on=&#8221;on|on|off&#8221; admin_label=&#8221;Divider&#8221; _builder_version=&#8221;3.2&#8243; hide_on_mobile=&#8221;on&#8221;][\/et_pb_divider][\/et_pb_column][\/et_pb_row][et_pb_row admin_label=&#8221;Row&#8221; _builder_version=&#8221;3.25&#8243; background_size=&#8221;initial&#8221; background_position=&#8221;top_left&#8221; background_repeat=&#8221;repeat&#8221;][et_pb_column type=&#8221;4_4&#8243; _builder_version=&#8221;3.25&#8243; custom_padding=&#8221;|||&#8221; custom_padding__hover=&#8221;|||&#8221;][et_pb_text admin_label=&#8221;Text&#8221; _builder_version=&#8221;4.0.2&#8243; background_size=&#8221;initial&#8221; background_position=&#8221;top_left&#8221; background_repeat=&#8221;repeat&#8221; use_border_color=&#8221;off&#8221; border_color=&#8221;#ffffff&#8221; border_style=&#8221;solid&#8221;]<\/p>\n<h4>Pressekontakt<\/h4>\n<p><img decoding=\"async\" loading=\"lazy\" class=\"image-border alignnone wp-image-7819 size-full\" src=\"https:\/\/marketingplatform.com\/wp-content\/uploads\/2017\/05\/kim.png\" alt=\"Kim \u00d8stergaard - CEO MarketingPlatform\" width=\"99\" height=\"98\" \/><\/p>\n<p><b>Kim \u00d8stergaard<\/b><br \/> CEO<br \/> Tlf. +45 72 44 44 55<br \/> Mob. +45 42 55 55 55<br \/> <a href=\"mailto:kim@marketingplatform.com\">kim@marketingplatform.com<\/a><\/p>\n<p>[\/et_pb_text][\/et_pb_column][\/et_pb_row][et_pb_row admin_label=&#8221;Row&#8221; _builder_version=&#8221;3.25&#8243; background_size=&#8221;initial&#8221; background_position=&#8221;top_left&#8221; background_repeat=&#8221;repeat&#8221;][et_pb_column type=&#8221;4_4&#8243; _builder_version=&#8221;3.25&#8243; custom_padding=&#8221;|||&#8221; custom_padding__hover=&#8221;|||&#8221;][et_pb_text admin_label=&#8221;Text&#8221; _builder_version=&#8221;4.0.2&#8243; background_size=&#8221;initial&#8221; background_position=&#8221;top_left&#8221; background_repeat=&#8221;repeat&#8221; use_border_color=&#8221;off&#8221; border_color=&#8221;#ffffff&#8221; border_style=&#8221;solid&#8221;]<\/p>\n<h4>Udsendt af<\/h4>\n<p>eMailPlatform<br \/> N\u00f8rregade 12a<br \/> 6600 Vejen<br \/> <a href=\"https:\/\/marketingplatform.com\/\">https:\/\/marketingplatform.com<\/a><\/p>\n<p>[\/et_pb_text][\/et_pb_column][\/et_pb_row][et_pb_row admin_label=&#8221;Row&#8221; _builder_version=&#8221;3.25&#8243; background_size=&#8221;initial&#8221; background_position=&#8221;top_left&#8221; background_repeat=&#8221;repeat&#8221;][et_pb_column type=&#8221;4_4&#8243; _builder_version=&#8221;3.25&#8243; custom_padding=&#8221;|||&#8221; custom_padding__hover=&#8221;|||&#8221;][et_pb_divider color=&#8221;#f5f8fb&#8221; disabled_on=&#8221;on|on|off&#8221; admin_label=&#8221;Divider&#8221; _builder_version=&#8221;3.2&#8243; hide_on_mobile=&#8221;on&#8221;][\/et_pb_divider][\/et_pb_column][\/et_pb_row][et_pb_row admin_label=&#8221;Row&#8221; _builder_version=&#8221;3.25&#8243; background_size=&#8221;initial&#8221; background_position=&#8221;top_left&#8221; background_repeat=&#8221;repeat&#8221;][et_pb_column type=&#8221;4_4&#8243; _builder_version=&#8221;3.25&#8243; custom_padding=&#8221;|||&#8221; custom_padding__hover=&#8221;|||&#8221;][et_pb_text admin_label=&#8221;Text&#8221; _builder_version=&#8221;3.27.4&#8243; background_size=&#8221;initial&#8221; background_position=&#8221;top_left&#8221; background_repeat=&#8221;repeat&#8221; use_border_color=&#8221;off&#8221; border_color=&#8221;#ffffff&#8221; border_style=&#8221;solid&#8221;]Denne information blev leveret af MyPressWire ApS <a href=\"https:\/\/www.mypresswire.com\/dk\">www.mypresswire.com\/dk<\/a><\/p>\n<p>L\u00e6s pressemeddelelsen online her: <a href=\"https:\/\/www.mypresswire.com\/dk\/pressroom\/28804\/pressrelease\/105433\">https:\/\/www.mypresswire.com\/dk\/pressroom\/28804\/pressrelease\/105433<\/a><br \/>\n[\/et_pb_text][\/et_pb_column][\/et_pb_row][\/et_pb_section][et_pb_section fb_built=&#8221;1&#8243; custom_padding_last_edited=&#8221;on|phone&#8221; module_class=&#8221;ressourcer-signup&#8221; _builder_version=&#8221;4.5.3&#8243; background_color=&#8221;#dee7f1&#8243; custom_padding=&#8221;7%||4%||false|false&#8221; custom_padding_tablet=&#8221;12%||||false|false&#8221; custom_padding_phone=&#8221;17%||||false|false&#8221; top_divider_style=&#8221;asymmetric2&#8243; top_divider_color=&#8221;#ffffff&#8221; top_divider_height=&#8221;60px&#8221; global_module=&#8221;19033&#8243;][et_pb_row _builder_version=&#8221;3.25&#8243; background_size=&#8221;initial&#8221; background_position=&#8221;top_left&#8221; background_repeat=&#8221;repeat&#8221; custom_margin=&#8221;||10px&#8221; custom_padding=&#8221;||10px&#8221;][et_pb_column type=&#8221;4_4&#8243; _builder_version=&#8221;3.25&#8243; custom_padding=&#8221;|||&#8221; custom_padding__hover=&#8221;|||&#8221;][et_pb_text _builder_version=&#8221;4.5.3&#8243; text_orientation=&#8221;center&#8221;]<\/p>\n<h2 style=\"font-style: normal;\">Pr\u00f8v MarketingPlatform gratis i 14 dage<\/h2>\n<p style=\"font-style: normal;\">Pr\u00f8veperioden er gratis, helt uforpligtende og udl\u00f8ber efter 14 dage, hvis du ikke \u00f8nsker at forts\u00e6tte.<br \/> Ved tilmelding modtager du samtidig vores uddannelsesflow p\u00e5 en serie af mails \u2013 og vores nyhedsbrev.<\/p>\n<p>[\/et_pb_text][\/et_pb_column][\/et_pb_row][et_pb_row _builder_version=&#8221;4.4.0&#8243;][et_pb_column type=&#8221;4_4&#8243; _builder_version=&#8221;4.0.2&#8243;][et_pb_code _builder_version=&#8221;4.5.3&#8243; max_width=&#8221;50%&#8221; max_width_tablet=&#8221;100%&#8221; max_width_phone=&#8221;&#8221; max_width_last_edited=&#8221;on|phone&#8221; module_alignment=&#8221;center&#8221;]<a href=\"https:\/\/marketingplatform.com\/da\/book-emailplatform-demo\/\"><\/p>\n<div class=\"bookdemobtn\">Book demo<\/div>\n<p><\/a><!-- [et_pb_line_break_holder] --><a href=\"https:\/\/marketingplatform.com\/da\/gratis-proeveversion\/\"><\/p>\n<div class=\"signupbtn\">Pr\u00f8v os gratis<\/div>\n<p><\/a><!-- [et_pb_line_break_holder] --><\/p>\n<div class=\"clearfix\"><\/div>\n<p>[\/et_pb_code][\/et_pb_column][\/et_pb_row][et_pb_row _builder_version=&#8221;4.0.2&#8243; max_width=&#8221;768px&#8221; custom_margin=&#8221;15px||0px||false|false&#8221; custom_padding=&#8221;0px||0px&#8221; use_custom_width=&#8221;on&#8221; custom_width_px=&#8221;768px&#8221;][et_pb_column type=&#8221;4_4&#8243; _builder_version=&#8221;3.25&#8243; custom_padding=&#8221;|||&#8221; custom_padding__hover=&#8221;|||&#8221;][et_pb_code _builder_version=&#8221;4.5.3&#8243;]<\/p>\n<div class=\"awards-align\" ><!-- [et_pb_line_break_holder] --><\/p>\n<div style=\"float:left; width:14%; text-align:right;   margin-right: 2%;\"><!-- [et_pb_line_break_holder] --><img decoding=\"async\" src=\"https:\/\/marketingplatform.com\/wp-content\/uploads\/2020\/01\/primotours.png\" width=\"56\" style=\"margin:10px 20px 20px 0px;\"><!-- [et_pb_line_break_holder] --><\/div>\n<p><!-- [et_pb_line_break_holder] --><\/p>\n<div style=\"float:left; width:20%; text-align:center;    margin-right: 4%;\"><!-- [et_pb_line_break_holder] --><img decoding=\"async\" src=\"https:\/\/marketingplatform.com\/wp-content\/uploads\/2019\/11\/med24-gray.png\" width=\"100\" style=\"margin:20px 0px 20px 10px;\"><!-- [et_pb_line_break_holder] --><\/div>\n<p><!-- [et_pb_line_break_holder] --><\/p>\n<div style=\"float:left; width:18%;    margin-right: 1%;\"><!-- [et_pb_line_break_holder] --><img decoding=\"async\" src=\"https:\/\/marketingplatform.com\/wp-content\/uploads\/2019\/08\/cykelpartner-logo.png\" width=\"180\" style=\"margin:29px 20px 20px 0px;\"><!-- [et_pb_line_break_holder] --><\/div>\n<p><!-- [et_pb_line_break_holder] --><\/p>\n<div style=\"float:left; width:20%; text-align:center;     margin-right: 1%;\"><!-- [et_pb_line_break_holder] --><img decoding=\"async\" src=\"https:\/\/marketingplatform.com\/wp-content\/uploads\/2019\/04\/aldi-grey.png\" width=\"50\" style=\"margin:10px 0px 20px 0px;\"><!-- [et_pb_line_break_holder] --><\/div>\n<p><!-- [et_pb_line_break_holder] --><\/p>\n<div style=\"float:left; width:18%;      margin-right: 2%;  text-align: center;\"><!-- [et_pb_line_break_holder] --><img decoding=\"async\" src=\"https:\/\/marketingplatform.com\/wp-content\/uploads\/2019\/02\/verisure-logo.png\" width=\"120\" style=\"margin:18px 0px 20px 0px;\"><!-- [et_pb_line_break_holder] --><\/div>\n<p><!-- [et_pb_line_break_holder] --><\/div>\n<p>[\/et_pb_code][\/et_pb_column][\/et_pb_row][\/et_pb_section]<\/p>\n","protected":false},"excerpt":{"rendered":"<p>Email Marketing Trends 2017 I 2017 vil email marketing forts\u00e6tte med at blive mere m\u00e5lrettet og intelligent. Tiden hvor en til mange kommunikation var godt nok &#8211; er definitivt forbi. Og de bedste marketing personer arbejder nu intelligent med data og adf\u00e6rd. En anden hoved trend i 2017, indenfor email marketing, er marketing automation der [&hellip;]<\/p>\n","protected":false},"author":50,"featured_media":0,"parent":0,"menu_order":0,"comment_status":"closed","ping_status":"closed","template":"","meta":{"_et_pb_use_builder":"on","_et_pb_old_content":"","_et_gb_content_width":"","footnotes":""},"categories":[],"tags":[],"yst_prominent_words":[4878,4904,2256,4905,175,4907,8988,4872,87,2259,4871,4873,14853,14852,2258,2251,2249,4881,2253,2252],"_links":{"self":[{"href":"https:\/\/marketingplatform.com\/da\/wp-json\/wp\/v2\/pages\/8184"}],"collection":[{"href":"https:\/\/marketingplatform.com\/da\/wp-json\/wp\/v2\/pages"}],"about":[{"href":"https:\/\/marketingplatform.com\/da\/wp-json\/wp\/v2\/types\/page"}],"author":[{"embeddable":true,"href":"https:\/\/marketingplatform.com\/da\/wp-json\/wp\/v2\/users\/50"}],"replies":[{"embeddable":true,"href":"https:\/\/marketingplatform.com\/da\/wp-json\/wp\/v2\/comments?post=8184"}],"version-history":[{"count":10,"href":"https:\/\/marketingplatform.com\/da\/wp-json\/wp\/v2\/pages\/8184\/revisions"}],"predecessor-version":[{"id":64206,"href":"https:\/\/marketingplatform.com\/da\/wp-json\/wp\/v2\/pages\/8184\/revisions\/64206"}],"wp:attachment":[{"href":"https:\/\/marketingplatform.com\/da\/wp-json\/wp\/v2\/media?parent=8184"}],"wp:term":[{"taxonomy":"category","embeddable":true,"href":"https:\/\/marketingplatform.com\/da\/wp-json\/wp\/v2\/categories?post=8184"},{"taxonomy":"post_tag","embeddable":true,"href":"https:\/\/marketingplatform.com\/da\/wp-json\/wp\/v2\/tags?post=8184"},{"taxonomy":"yst_prominent_words","embeddable":true,"href":"https:\/\/marketingplatform.com\/da\/wp-json\/wp\/v2\/yst_prominent_words?post=8184"}],"curies":[{"name":"wp","href":"https:\/\/api.w.org\/{rel}","templated":true}]}}