{"id":7851,"date":"2017-05-12T10:16:21","date_gmt":"2017-05-12T08:16:21","guid":{"rendered":"https:\/\/marketingplatform.com\/?page_id=7851\/"},"modified":"2018-12-10T10:00:14","modified_gmt":"2018-12-10T09:00:14","slug":"leverandorservice-nets","status":"publish","type":"page","link":"https:\/\/marketingplatform.com\/da\/leverandorservice-nets\/","title":{"rendered":"Leverand\u00f8rService-Nets"},"content":{"rendered":"<p>[et_pb_section bb_built=&#8221;1&#8243; admin_label=&#8221;section&#8221; background_image=&#8221;https:\/\/marketingplatform.com\/wp-content\/uploads\/2017\/02\/top-backcolor-24.png&#8221; transparent_background=&#8221;off&#8221; allow_player_pause=&#8221;off&#8221; inner_shadow=&#8221;off&#8221; parallax=&#8221;off&#8221; parallax_method=&#8221;off&#8221; custom_padding=&#8221;0px||0px|&#8221; make_fullwidth=&#8221;off&#8221; use_custom_width=&#8221;off&#8221; width_unit=&#8221;on&#8221; make_equal=&#8221;off&#8221; use_custom_gutter=&#8221;off&#8221; fullwidth=&#8221;off&#8221; specialty=&#8221;off&#8221; disabled=&#8221;off&#8221; template_type=&#8221;section&#8221; next_background_color=&#8221;#ffffff&#8221;][et_pb_row admin_label=&#8221;row&#8221; make_fullwidth=&#8221;off&#8221; use_custom_width=&#8221;off&#8221; width_unit=&#8221;off&#8221; custom_width_px=&#8221;1080px&#8221; custom_width_percent=&#8221;80%&#8221; use_custom_gutter=&#8221;off&#8221; gutter_width=&#8221;3&#8243; allow_player_pause=&#8221;off&#8221; parallax=&#8221;off&#8221; parallax_method=&#8221;on&#8221; make_equal=&#8221;off&#8221; parallax_1=&#8221;off&#8221; parallax_method_1=&#8221;on&#8221; parallax_2=&#8221;off&#8221; parallax_method_2=&#8221;on&#8221; parallax_3=&#8221;off&#8221; parallax_method_3=&#8221;on&#8221; parallax_4=&#8221;off&#8221; parallax_method_4=&#8221;on&#8221; disabled=&#8221;off&#8221; background_position=&#8221;top_left&#8221; background_repeat=&#8221;repeat&#8221; background_size=&#8221;initial&#8221;][et_pb_column type=&#8221;4_4&#8243;][et_pb_text background_layout=&#8221;light&#8221; text_orientation=&#8221;center&#8221; header_font=&#8221;Open Sans||||&#8221; header_text_color=&#8221;#ffffff&#8221; text_font=&#8221;Open Sans||||&#8221; text_font_size=&#8221;16&#8243; text_text_color=&#8221;#ffffff&#8221; use_border_color=&#8221;off&#8221; border_style=&#8221;solid&#8221; disabled=&#8221;off&#8221; border_color=&#8221;#ffffff&#8221; background_position=&#8221;top_left&#8221; background_repeat=&#8221;repeat&#8221; background_size=&#8221;initial&#8221; module_alignment=&#8221;center&#8221;]<\/p>\n<h1 style=\"text-align: center;\">Leverand\u00f8rService \u2013 NETS<\/h1>\n<p><span style=\"color: white;\">MarketingPlatform er godkendt af NETS (tidligere PBS) til at modtage betaling via leverand\u00f8rservice.<\/span><\/p>\n<p>[\/et_pb_text][\/et_pb_column][\/et_pb_row][\/et_pb_section][et_pb_section bb_built=&#8221;1&#8243; admin_label=&#8221;section&#8221; prev_background_color=&#8221;#000000&#8243;][et_pb_row admin_label=&#8221;row&#8221; background_position=&#8221;top_left&#8221; background_repeat=&#8221;repeat&#8221; background_size=&#8221;initial&#8221;][et_pb_column type=&#8221;4_4&#8243;][et_pb_text background_layout=&#8221;light&#8221; text_orientation=&#8221;left&#8221; use_border_color=&#8221;off&#8221; border_color=&#8221;#ffffff&#8221; border_style=&#8221;solid&#8221; background_position=&#8221;top_left&#8221; background_repeat=&#8221;repeat&#8221; background_size=&#8221;initial&#8221;]<\/p>\n<p>Leverand\u00f8rService er erhvervslivets svar p\u00e5 betalingservice, som du kender det fra husholdningen.<\/p>\n<p>Din virksomhed undg\u00e5r at bruge tid p\u00e5 betaling og administration af de kvartalsm\u00e6ssige opkr\u00e6vninger fra MarketingPlatform.<\/p>\n<p>Samtidigt undg\u00e5r i renter og gebyrer ved for sen betaling \u2013 med Leverand\u00f8rService tr\u00e6kker NETS automatisk bel\u00f8bet p\u00e5 forfaldsdatoen.<\/p>\n<p>Udfyld formularen herunder (k\u00f8rer i en SSL tunnel direkte med NETS), eller direkt p\u00e5 <a href=\"https:\/\/itnapps.eu\/LS_tilmeld.aspx?cvr=34217483&amp;krnr=41742\">tilmeldingsservices hjemmeside<\/a>, og I er tilmeldt Leverand\u00f8rService med MarketingPlatform.<\/p>\n<p>[\/et_pb_text][et_pb_code]&lt;iframe src=&#8221;https:\/\/nordic.itnapps.eu\/LS_tilmeld.aspx?cvr=34217483&amp;krnr=41742&#8243; height=&#8221;400px&#8221; width=&#8221;350px&#8221; scrolling=&#8221;no&#8221;&gt;&lt;\/iframe&gt;[\/et_pb_code][\/et_pb_column][\/et_pb_row][\/et_pb_section]<\/p>\n","protected":false},"excerpt":{"rendered":"<p>Leverand\u00f8rService \u2013 NETS MarketingPlatform er godkendt af NETS (tidligere PBS) til at modtage betaling via leverand\u00f8rservice. Leverand\u00f8rService er erhvervslivets svar p\u00e5 betalingservice, som du kender det fra husholdningen. Din virksomhed undg\u00e5r at bruge tid p\u00e5 betaling og administration af de kvartalsm\u00e6ssige opkr\u00e6vninger fra MarketingPlatform. Samtidigt undg\u00e5r i renter og gebyrer ved for sen betaling \u2013 [&hellip;]<\/p>\n","protected":false},"author":50,"featured_media":0,"parent":0,"menu_order":0,"comment_status":"closed","ping_status":"closed","template":"","meta":{"_et_pb_use_builder":"on","_et_pb_old_content":"","_et_gb_content_width":"","footnotes":""},"categories":[],"tags":[],"yst_prominent_words":[4878,1472,180,4872,4877,1470,4874,4876,4871,4873,4880],"_links":{"self":[{"href":"https:\/\/marketingplatform.com\/da\/wp-json\/wp\/v2\/pages\/7851"}],"collection":[{"href":"https:\/\/marketingplatform.com\/da\/wp-json\/wp\/v2\/pages"}],"about":[{"href":"https:\/\/marketingplatform.com\/da\/wp-json\/wp\/v2\/types\/page"}],"author":[{"embeddable":true,"href":"https:\/\/marketingplatform.com\/da\/wp-json\/wp\/v2\/users\/50"}],"replies":[{"embeddable":true,"href":"https:\/\/marketingplatform.com\/da\/wp-json\/wp\/v2\/comments?post=7851"}],"version-history":[{"count":0,"href":"https:\/\/marketingplatform.com\/da\/wp-json\/wp\/v2\/pages\/7851\/revisions"}],"wp:attachment":[{"href":"https:\/\/marketingplatform.com\/da\/wp-json\/wp\/v2\/media?parent=7851"}],"wp:term":[{"taxonomy":"category","embeddable":true,"href":"https:\/\/marketingplatform.com\/da\/wp-json\/wp\/v2\/categories?post=7851"},{"taxonomy":"post_tag","embeddable":true,"href":"https:\/\/marketingplatform.com\/da\/wp-json\/wp\/v2\/tags?post=7851"},{"taxonomy":"yst_prominent_words","embeddable":true,"href":"https:\/\/marketingplatform.com\/da\/wp-json\/wp\/v2\/yst_prominent_words?post=7851"}],"curies":[{"name":"wp","href":"https:\/\/api.w.org\/{rel}","templated":true}]}}