{"id":73234,"date":"2022-08-17T13:56:07","date_gmt":"2022-08-17T11:56:07","guid":{"rendered":"https:\/\/marketingplatform.com\/om-os\/contact-us\/"},"modified":"2024-03-29T11:15:00","modified_gmt":"2024-03-29T10:15:00","slug":"lokal-support","status":"publish","type":"page","link":"https:\/\/marketingplatform.com\/da\/om-os\/lokal-support\/","title":{"rendered":"Contact Us"},"content":{"rendered":"<p>[et_pb_section fb_built=&#8221;1&#8243; admin_label=&#8221;section&#8221; module_id=&#8221;industries-tablet&#8221; _builder_version=&#8221;4.16&#8243; custom_margin=&#8221;||10px||false|false&#8221; custom_padding=&#8221;||10px||false|false&#8221; transparent_background=&#8221;off&#8221; global_colors_info=&#8221;{}&#8221;][et_pb_row custom_padding_last_edited=&#8221;on|tablet&#8221; _builder_version=&#8221;4.16&#8243; module_alignment=&#8221;center&#8221; custom_padding_tablet=&#8221;||0px|&#8221; custom_padding_phone=&#8221;&#8221; global_colors_info=&#8221;{}&#8221;][et_pb_column type=&#8221;4_4&#8243; _builder_version=&#8221;4.16&#8243; custom_padding=&#8221;|||&#8221; global_colors_info=&#8221;{}&#8221; custom_padding__hover=&#8221;|||&#8221;][et_pb_text _builder_version=&#8221;4.16&#8243; text_font=&#8221;||||||||&#8221; header_font=&#8221;|800|||||||&#8221; text_orientation=&#8221;center&#8221; global_colors_info=&#8221;{}&#8221;]<\/p>\n<h1>Lokal support<\/h1>\n<p>Vi tror p\u00e5 lokal og personlig support! Er du l\u00f8bet ind i en udfordring eller har du et sp\u00f8rgsm\u00e5l?<br \/>\nVi sidder klar til at hj\u00e6lpe dig. Svaret er kun et opkald eller en email v\u00e6k![\/et_pb_text][\/et_pb_column][\/et_pb_row][\/et_pb_section][et_pb_section fb_built=&#8221;1&#8243; admin_label=&#8221;Section&#8221; module_id=&#8221;meet_team&#8221; _builder_version=&#8221;4.16&#8243; background_color=&#8221;#ffffff&#8221; custom_padding=&#8221;0px|||&#8221; transparent_background=&#8221;off&#8221; global_colors_info=&#8221;{}&#8221;][et_pb_row column_structure=&#8221;1_2,1_2&#8243; _builder_version=&#8221;4.16&#8243; custom_padding=&#8221;25px||20px||false|false&#8221; border_radii=&#8221;on|12px|12px|12px|12px&#8221; global_colors_info=&#8221;{}&#8221;][et_pb_column type=&#8221;1_2&#8243; _builder_version=&#8221;4.16&#8243; background_color=&#8221;#f7f8fb&#8221; border_radii=&#8221;on|12px|12px|12px|12px&#8221; global_colors_info=&#8221;{}&#8221;][et_pb_blurb title=&#8221;Customer Support Danmark&#8221; image=&#8221;https:\/\/marketingplatform.com\/wp-content\/uploads\/2022\/08\/denmark.png&#8221; image_icon_width=&#8221;40%&#8221; _builder_version=&#8221;4.22.1&#8243; header_font=&#8221;|800|||||||&#8221; text_orientation=&#8221;center&#8221; custom_margin=&#8221;||0px||false|false&#8221; custom_padding=&#8221;40px||40px||false|false&#8221; hover_enabled=&#8221;0&#8243; border_style_all_image=&#8221;none&#8221; image_max_width=&#8221;40%&#8221; global_colors_info=&#8221;{}&#8221; sticky_enabled=&#8221;0&#8243;]<a href=\"mailto: support.dk@linkmobility.com\">support.dk@linkmobility.com<\/a><br \/>\n<a href=\"tel:70261272\">+45 70 26 12 72 <\/a><\/p>\n<p>Mandag til Torsdag 08:00 &#8211; 16:00<br \/>\nFredag 08:00 &#8211; 15:00[\/et_pb_blurb][\/et_pb_column][et_pb_column type=&#8221;1_2&#8243; _builder_version=&#8221;4.16&#8243; background_color=&#8221;#f7f8fb&#8221; border_radii=&#8221;on|12px|12px|12px|12px&#8221; global_colors_info=&#8221;{}&#8221;][et_pb_blurb title=&#8221;Customer Support Norge&#8221; image=&#8221;https:\/\/marketingplatform.com\/wp-content\/uploads\/2022\/08\/norway.png&#8221; image_icon_width=&#8221;40%&#8221; _builder_version=&#8221;4.22.1&#8243; header_font=&#8221;|800|||||||&#8221; text_orientation=&#8221;center&#8221; custom_margin=&#8221;||0px||false|false&#8221; custom_padding=&#8221;40px||65px||false|false&#8221; hover_enabled=&#8221;0&#8243; image_max_width=&#8221;40%&#8221; global_colors_info=&#8221;{}&#8221; sticky_enabled=&#8221;0&#8243;]<a href=\"mailto:support.no@linkmobility.com\">support.no@linkmobility.com<\/a><br \/>\n<a href=\"tel:+47 22 99 44 00\">+47 22 99 44 00 <\/a><\/p>\n<p>Mandag til Fredag 08:00 &#8211; 16:00[\/et_pb_blurb][\/et_pb_column][\/et_pb_row][et_pb_row column_structure=&#8221;1_2,1_2&#8243; _builder_version=&#8221;4.16&#8243; custom_padding=&#8221;25px||20px||false|false&#8221; border_radii=&#8221;on|12px|12px|12px|12px&#8221; global_colors_info=&#8221;{}&#8221;][et_pb_column type=&#8221;1_2&#8243; _builder_version=&#8221;4.16&#8243; background_color=&#8221;#f7f8fb&#8221; border_radii=&#8221;on|12px|12px|12px|12px&#8221; global_colors_info=&#8221;{}&#8221;][et_pb_blurb title=&#8221;Customer Support Sverige&#8221; image=&#8221;https:\/\/marketingplatform.com\/wp-content\/uploads\/2022\/08\/sweden.png&#8221; image_icon_width=&#8221;40%&#8221; _builder_version=&#8221;4.16&#8243; header_font=&#8221;|800|||||||&#8221; text_orientation=&#8221;center&#8221; custom_margin=&#8221;||0px||false|false&#8221; custom_padding=&#8221;40px||40px||false|false&#8221; border_style_all_image=&#8221;none&#8221; image_max_width=&#8221;40%&#8221; global_colors_info=&#8221;{}&#8221;]<a href=\"mailto: support.se@linkmobility.com\">support.se@linkmobility.com<\/a><br \/>\n<a href=\"tel:46 770 870 800\">+46 770 870 800<\/a><\/p>\n<p>Mandag til Fredag 08:30 &#8211; 17:00[\/et_pb_blurb][\/et_pb_column][et_pb_column type=&#8221;1_2&#8243; _builder_version=&#8221;4.16&#8243; background_color=&#8221;#f7f8fb&#8221; border_radii=&#8221;on|12px|12px|12px|12px&#8221; global_colors_info=&#8221;{}&#8221;][et_pb_blurb title=&#8221;Customer Support Finland&#8221; image=&#8221;https:\/\/marketingplatform.com\/wp-content\/uploads\/2022\/08\/finland.png&#8221; image_icon_width=&#8221;40%&#8221; _builder_version=&#8221;4.22.1&#8243; header_font=&#8221;|800|||||||&#8221; text_orientation=&#8221;center&#8221; custom_margin=&#8221;||0px||false|false&#8221; custom_padding=&#8221;40px||40px||false|false&#8221; hover_enabled=&#8221;0&#8243; image_max_width=&#8221;40%&#8221; global_colors_info=&#8221;{}&#8221; sticky_enabled=&#8221;0&#8243;]<a href=\"mailto:support.fi@linkmobility.com\">support.fi@linkmobility.com<\/a><br \/>\n<a href=\"tel:+358 10 440 1011\">+358 10 440 1011<\/a><\/p>\n<p>Mandag til Fredag 09:00 &#8211; 16:00[\/et_pb_blurb][\/et_pb_column][\/et_pb_row][\/et_pb_section]<\/p>\n","protected":false},"excerpt":{"rendered":"<p>Lokal support Vi tror p\u00e5 lokal og personlig support! Er du l\u00f8bet ind i en udfordring eller har du et sp\u00f8rgsm\u00e5l? Vi sidder klar til at hj\u00e6lpe dig. Svaret er kun et opkald eller en email v\u00e6k!support.dk@linkmobility.com +45 70 26 12 72 Mandag til Torsdag 08:00 &#8211; 16:00 Fredag 08:00 &#8211; 15:00support.no@linkmobility.com +47 22 99 [&hellip;]<\/p>\n","protected":false},"author":50,"featured_media":0,"parent":352,"menu_order":0,"comment_status":"closed","ping_status":"closed","template":"","meta":{"_et_pb_use_builder":"on","_et_pb_old_content":"","_et_gb_content_width":"","footnotes":""},"categories":[],"tags":[],"yst_prominent_words":[4875,83,4907,4872,541,4881,4884],"_links":{"self":[{"href":"https:\/\/marketingplatform.com\/da\/wp-json\/wp\/v2\/pages\/73234"}],"collection":[{"href":"https:\/\/marketingplatform.com\/da\/wp-json\/wp\/v2\/pages"}],"about":[{"href":"https:\/\/marketingplatform.com\/da\/wp-json\/wp\/v2\/types\/page"}],"author":[{"embeddable":true,"href":"https:\/\/marketingplatform.com\/da\/wp-json\/wp\/v2\/users\/50"}],"replies":[{"embeddable":true,"href":"https:\/\/marketingplatform.com\/da\/wp-json\/wp\/v2\/comments?post=73234"}],"version-history":[{"count":12,"href":"https:\/\/marketingplatform.com\/da\/wp-json\/wp\/v2\/pages\/73234\/revisions"}],"predecessor-version":[{"id":237506,"href":"https:\/\/marketingplatform.com\/da\/wp-json\/wp\/v2\/pages\/73234\/revisions\/237506"}],"up":[{"embeddable":true,"href":"https:\/\/marketingplatform.com\/da\/wp-json\/wp\/v2\/pages\/352"}],"wp:attachment":[{"href":"https:\/\/marketingplatform.com\/da\/wp-json\/wp\/v2\/media?parent=73234"}],"wp:term":[{"taxonomy":"category","embeddable":true,"href":"https:\/\/marketingplatform.com\/da\/wp-json\/wp\/v2\/categories?post=73234"},{"taxonomy":"post_tag","embeddable":true,"href":"https:\/\/marketingplatform.com\/da\/wp-json\/wp\/v2\/tags?post=73234"},{"taxonomy":"yst_prominent_words","embeddable":true,"href":"https:\/\/marketingplatform.com\/da\/wp-json\/wp\/v2\/yst_prominent_words?post=73234"}],"curies":[{"name":"wp","href":"https:\/\/api.w.org\/{rel}","templated":true}]}}