{"id":69552,"date":"2021-07-21T14:42:17","date_gmt":"2021-07-21T12:42:17","guid":{"rendered":"https:\/\/marketingplatform.com\/sikker-onboarding-2\/"},"modified":"2023-10-27T15:03:12","modified_gmt":"2023-10-27T13:03:12","slug":"sikker-onboarding-marketingplatform","status":"publish","type":"page","link":"https:\/\/marketingplatform.com\/da\/sikker-onboarding-marketingplatform\/","title":{"rendered":"Sikker onboarding"},"content":{"rendered":"<p>[et_pb_section fb_built=&#8221;1&#8243; admin_label=&#8221;section&#8221; _builder_version=&#8221;4.16&#8243; background_color=&#8221;#f7f8fb&#8221; background_image=&#8221;https:\/\/marketingplatform.com\/wp-content\/uploads\/2021\/02\/floating-squares.png&#8221; background_size=&#8221;contain&#8221; custom_padding=&#8221;||||false|false&#8221; box_shadow_style=&#8221;preset7&#8243; box_shadow_horizontal=&#8221;0px&#8221; box_shadow_vertical=&#8221;-250px&#8221; box_shadow_color=&#8221;#ffffff&#8221; box_shadow_vertical_tablet=&#8221;-120px&#8221; box_shadow_vertical_phone=&#8221;-120px&#8221; box_shadow_vertical_last_edited=&#8221;on|tablet&#8221; transparent_background=&#8221;off&#8221; global_colors_info=&#8221;{}&#8221;][et_pb_row admin_label=&#8221;row&#8221; _builder_version=&#8221;4.16&#8243; background_size=&#8221;initial&#8221; background_position=&#8221;top_left&#8221; background_repeat=&#8221;repeat&#8221; custom_padding=&#8221;||0px||false|false&#8221; global_colors_info=&#8221;{}&#8221;][et_pb_column type=&#8221;4_4&#8243; _builder_version=&#8221;4.16&#8243; custom_padding=&#8221;|||&#8221; global_colors_info=&#8221;{}&#8221; custom_padding__hover=&#8221;|||&#8221;][et_pb_text _builder_version=&#8221;4.16&#8243; header_font=&#8221;|800|||||||&#8221; header_font_size=&#8221;38px&#8221; background_size=&#8221;initial&#8221; background_position=&#8221;top_left&#8221; background_repeat=&#8221;repeat&#8221; text_orientation=&#8221;center&#8221; module_alignment=&#8221;center&#8221; custom_margin=&#8221;||0px&#8221; custom_padding=&#8221;||0px&#8221; header_font_size_tablet=&#8221;&#8221; header_font_size_phone=&#8221;32px&#8221; header_font_size_last_edited=&#8221;on|phone&#8221; use_border_color=&#8221;off&#8221; global_colors_info=&#8221;{}&#8221;]<\/p>\n<h1>S\u00e5dan er det at blive kunde i MarketingPlatform<\/h1>\n<p>[\/et_pb_text][et_pb_image src=&#8221;https:\/\/marketingplatform.com\/wp-content\/uploads\/2021\/06\/support-marketingplatform.com_.png&#8221; title_text=&#8221;support-marketingplatform.com&#8221; align_tablet=&#8221;center&#8221; align_phone=&#8221;&#8221; align_last_edited=&#8221;on|desktop&#8221; _builder_version=&#8221;4.16&#8243; max_width=&#8221;65%&#8221; max_width_tablet=&#8221;&#8221; max_width_phone=&#8221;100%&#8221; max_width_last_edited=&#8221;on|phone&#8221; module_alignment=&#8221;center&#8221; custom_margin=&#8221;0px||&#8221; custom_padding=&#8221;50px||||false|false&#8221; border_radii=&#8221;on|20px|20px|20px|20px&#8221; global_colors_info=&#8221;{}&#8221;][\/et_pb_image][\/et_pb_column][\/et_pb_row][et_pb_row admin_label=&#8221;row&#8221; _builder_version=&#8221;4.16&#8243; background_size=&#8221;initial&#8221; background_position=&#8221;top_left&#8221; background_repeat=&#8221;repeat&#8221; custom_margin=&#8221;50px||||false|false&#8221; custom_padding=&#8221;||||false|false&#8221; global_colors_info=&#8221;{}&#8221;][et_pb_column type=&#8221;4_4&#8243; _builder_version=&#8221;4.16&#8243; custom_padding=&#8221;|||&#8221; global_colors_info=&#8221;{}&#8221; custom_padding__hover=&#8221;|||&#8221;][et_pb_text _builder_version=&#8221;4.16&#8243; header_font=&#8221;|800|||||||&#8221; header_font_size=&#8221;38px&#8221; background_size=&#8221;initial&#8221; background_position=&#8221;top_left&#8221; background_repeat=&#8221;repeat&#8221; text_orientation=&#8221;center&#8221; module_alignment=&#8221;center&#8221; custom_margin=&#8221;||||false|false&#8221; custom_padding=&#8221;||||false|false&#8221; header_font_size_tablet=&#8221;&#8221; header_font_size_phone=&#8221;32px&#8221; header_font_size_last_edited=&#8221;on|phone&#8221; use_border_color=&#8221;off&#8221; global_colors_info=&#8221;{}&#8221;]<\/p>\n<h3>\u2013 N\u00e5r du bliver kunde hos os, bliver du en del af en virksomhed, hvor vi prioriterer kunderne og kundernes success h\u00f8jt.<\/h3>\n<p>[\/et_pb_text][\/et_pb_column][\/et_pb_row][\/et_pb_section][et_pb_section fb_built=&#8221;1&#8243; custom_padding_last_edited=&#8221;on|phone&#8221; module_id=&#8221;industries-tablet&#8221; _builder_version=&#8221;4.16&#8243; background_image=&#8221;https:\/\/marketingplatform.com\/wp-content\/uploads\/2021\/02\/gradient-circle-right.png&#8221; background_size=&#8221;contain&#8221; background_position=&#8221;center_right&#8221; custom_margin=&#8221;0px||0px||false|false&#8221; custom_padding=&#8221;0px||0px||false|false&#8221; custom_padding_tablet=&#8221;&#8221; custom_padding_phone=&#8221;0px||0px&#8221; global_colors_info=&#8221;{}&#8221;][et_pb_row column_structure=&#8221;1_2,1_2&#8243; module_class=&#8221;custom_row&#8221; _builder_version=&#8221;4.16&#8243; global_colors_info=&#8221;{}&#8221;][et_pb_column type=&#8221;1_2&#8243; module_class=&#8221;second-on-mobile&#8221; _builder_version=&#8221;4.16&#8243; custom_padding=&#8221;90px||||false|false&#8221; custom_padding_tablet=&#8221;0px||||false|false&#8221; custom_padding_phone=&#8221;0px||||false|false&#8221; custom_padding_last_edited=&#8221;on|tablet&#8221; global_colors_info=&#8221;{}&#8221; custom_padding__hover=&#8221;|||&#8221;][et_pb_text _builder_version=&#8221;4.16&#8243; _module_preset=&#8221;default&#8221; header_2_font=&#8221;|800|||||||&#8221; global_colors_info=&#8221;{}&#8221;]<\/p>\n<h2>Forventningsafklaring inden start<\/h2>\n<p>I MarketingPlatform starter den gode kundeoplevelse allerede inden I sender den f\u00f8rste mail. Vi foresl\u00e5r alle vores potentielle kunder et gratis afklaringsm\u00f8de, hvor vi n\u00f8je gennemg\u00e5r jeres forventninger og hvordan de bedst kan indfries med MarketingPlatform.<\/p>\n<p>Det sikrer at begge parter har en god forst\u00e5else for, hvordan et skifte til MarketingPlatform kan ske, hvilket sparer b\u00e5de tid og garanterer imod eventuelle misforst\u00e5elser. <\/p>\n<p>P\u00e5 den m\u00e5de, er du &#8211; som kunde &#8211; sikker p\u00e5, at vores Customer Success Team forst\u00e5r jeres udfordringer og kender jeres \u00f8nsker og ambitioner &#8211; og kan st\u00e5 inden for det, som du er blevet lovet af vores salgsafdeling. [\/et_pb_text][\/et_pb_column][et_pb_column type=&#8221;1_2&#8243; module_class=&#8221;first-on-mobile&#8221; _builder_version=&#8221;4.16&#8243; _module_preset=&#8221;default&#8221; global_colors_info=&#8221;{}&#8221;][et_pb_image src=&#8221;https:\/\/marketingplatform.com\/wp-content\/uploads\/2021\/06\/customer-help-marketingplatform.png&#8221; title_text=&#8221;customer-help-marketingplatform&#8221; _builder_version=&#8221;4.16&#8243; _module_preset=&#8221;default&#8221; width=&#8221;77%&#8221; width_tablet=&#8221;99%&#8221; width_phone=&#8221;&#8221; width_last_edited=&#8221;on|tablet&#8221; module_alignment=&#8221;right&#8221; global_colors_info=&#8221;{}&#8221;][\/et_pb_image][\/et_pb_column][\/et_pb_row][\/et_pb_section][et_pb_section fb_built=&#8221;1&#8243; custom_padding_last_edited=&#8221;on|phone&#8221; module_id=&#8221;industries-tablet&#8221; _builder_version=&#8221;4.16&#8243; background_image=&#8221;https:\/\/marketingplatform.com\/wp-content\/uploads\/2021\/02\/gradient-circle-left.png&#8221; background_size=&#8221;contain&#8221; background_position=&#8221;center_left&#8221; custom_margin=&#8221;0px||||false|false&#8221; custom_padding=&#8221;0px||||false|false&#8221; custom_padding_tablet=&#8221;&#8221; custom_padding_phone=&#8221;0px||0px&#8221; global_colors_info=&#8221;{}&#8221;][et_pb_row column_structure=&#8221;1_2,1_2&#8243; _builder_version=&#8221;4.16&#8243; _module_preset=&#8221;default&#8221; global_colors_info=&#8221;{}&#8221;][et_pb_column type=&#8221;1_2&#8243; _builder_version=&#8221;4.16&#8243; _module_preset=&#8221;default&#8221; custom_padding=&#8221;||||false|false&#8221; global_colors_info=&#8221;{}&#8221;][et_pb_image src=&#8221;https:\/\/marketingplatform.com\/wp-content\/uploads\/2021\/06\/customer-support-marketingplatform.png&#8221; title_text=&#8221;customer-support-marketingplatform&#8221; align=&#8221;center&#8221; _builder_version=&#8221;4.16&#8243; _module_preset=&#8221;default&#8221; width=&#8221;80%&#8221; module_alignment=&#8221;center&#8221; global_colors_info=&#8221;{}&#8221;][\/et_pb_image][\/et_pb_column][et_pb_column type=&#8221;1_2&#8243; _builder_version=&#8221;4.16&#8243; _module_preset=&#8221;default&#8221; custom_padding=&#8221;20px||||false|false&#8221; custom_padding_tablet=&#8221;10px||||false|false&#8221; custom_padding_phone=&#8221;&#8221; custom_padding_last_edited=&#8221;on|phone&#8221; global_colors_info=&#8221;{}&#8221;][et_pb_text _builder_version=&#8221;4.16&#8243; text_font=&#8221;||||||||&#8221; header_2_font=&#8221;|800|||||||&#8221; global_colors_info=&#8221;{}&#8221;]<\/p>\n<h2>Din success er lig med vores success<\/h2>\n<p>Fra det \u00f8jeblik du v\u00e6lger at blive kunde hos os, st\u00e5r selvsamme Customer Success Team klar til at hj\u00e6lpe dig med at f\u00e5 det optimale ud af MarketingPlatform. Din faste kontaktperson arbejder t\u00e6t sammen med dig og dit team &#8211; eller dit foretrukne bureau, og slipper jer ikke, f\u00f8rend I er klar til at sende jeres f\u00f8rste kampagner.<\/p>\n<p>Det betyder, at vi er med hele vejen &#8211; fra migreringen af data fra jeres eksisterende platform, og integrationen af nye datakilder, til ops\u00e6tning af automationflows og tips til at udnytte de nye muligheder i MarketingPlatform.<\/p>\n<p>Og s\u00e5 hj\u00e6lper vi naturligvis ogs\u00e5 med at tilrette dine email skabeloner, s\u00e5 de f\u00f8lger jeres brand.<\/p>\n<p>N\u00e5r alt er sat op, kvitterer vi med gratis en-til-en tr\u00e6ning.<\/p>\n<p>Vores Customer Success Team holder dig &#8211; med andre ord &#8211; i h\u00e5nden fra du er blevet kunde, til du er klar til at sende din f\u00f8rste kampagne.[\/et_pb_text][\/et_pb_column][\/et_pb_row][\/et_pb_section][et_pb_section fb_built=&#8221;1&#8243; custom_padding_last_edited=&#8221;on|phone&#8221; module_id=&#8221;industries-tablet&#8221; _builder_version=&#8221;4.16&#8243; background_image=&#8221;https:\/\/marketingplatform.com\/wp-content\/uploads\/2021\/02\/gradient-circle-right.png&#8221; background_size=&#8221;contain&#8221; background_position=&#8221;center_right&#8221; custom_margin=&#8221;0px||0px||false|false&#8221; custom_padding=&#8221;0px||0px||false|false&#8221; custom_padding_tablet=&#8221;&#8221; custom_padding_phone=&#8221;0px||0px&#8221; global_colors_info=&#8221;{}&#8221;][et_pb_row column_structure=&#8221;1_2,1_2&#8243; module_class=&#8221;custom_row&#8221; _builder_version=&#8221;4.16&#8243; global_colors_info=&#8221;{}&#8221;][et_pb_column type=&#8221;1_2&#8243; module_class=&#8221;second-on-mobile&#8221; _builder_version=&#8221;4.16&#8243; custom_padding=&#8221;40px||||false|false&#8221; custom_padding_tablet=&#8221;0px||||false|false&#8221; custom_padding_phone=&#8221;0px||||false|false&#8221; custom_padding_last_edited=&#8221;on|tablet&#8221; global_colors_info=&#8221;{}&#8221; custom_padding__hover=&#8221;|||&#8221;][et_pb_text _builder_version=&#8221;4.16&#8243; _module_preset=&#8221;default&#8221; header_2_font=&#8221;|800|||||||&#8221; global_colors_info=&#8221;{}&#8221;]<\/p>\n<h2>Menneskelig support, der svarer hurtigt<\/h2>\n<p>Vi st\u00e5r ogs\u00e5 klar til at hj\u00e6lpe, skulle du f\u00e5 brug for det efter at du er kommet i gang med at bruge MarketingPlatform.<\/p>\n<p>Alle MarketingPlatform kunder har fri adgang til vores support, som st\u00e5r klar til at hj\u00e6lpe med stort og sm\u00e5t. Intet sp\u00f8rgsm\u00e5l er for sm\u00e5t eller trivielt &#8211; og ingen udfordringer er for store eller besv\u00e6rlige.<\/p>\n<p>I MarketingPlatform \u00f8nsker vi at give vores kunder en god og n\u00e6rv\u00e6rende support, hvor de kan forvente svar indenfor ganske f\u00e5 minutter. Vi bruger ikke chatbots \u2013 al kontakt sker direkte med vores menneskelige support, enten igennem telefon, mail eller chat. <\/p>\n<p>Supporten er selvf\u00f8lgelig gratis og med flere europ\u00e6iske supportcentre, er vi tilg\u00e6ngelige fra klokken 8.30 &#8211; 20 CET &#8211; ogs\u00e5 p\u00e5 de fleste helligdage. [\/et_pb_text][\/et_pb_column][et_pb_column type=&#8221;1_2&#8243; module_class=&#8221;first-on-mobile&#8221; _builder_version=&#8221;4.16&#8243; _module_preset=&#8221;default&#8221; custom_padding=&#8221;20px||||false|false&#8221; global_colors_info=&#8221;{}&#8221;][et_pb_image src=&#8221;https:\/\/marketingplatform.com\/wp-content\/uploads\/2021\/06\/customer-circle-marketingplatform.png&#8221; _builder_version=&#8221;4.16&#8243; _module_preset=&#8221;default&#8221; width=&#8221;90%&#8221; width_tablet=&#8221;99%&#8221; width_phone=&#8221;&#8221; width_last_edited=&#8221;on|tablet&#8221; module_alignment=&#8221;right&#8221; global_colors_info=&#8221;{}&#8221;][\/et_pb_image][\/et_pb_column][\/et_pb_row][\/et_pb_section][et_pb_section fb_built=&#8221;1&#8243; custom_padding_last_edited=&#8221;on|phone&#8221; module_id=&#8221;industries-tablet&#8221; _builder_version=&#8221;4.16&#8243; background_image=&#8221;https:\/\/marketingplatform.com\/wp-content\/uploads\/2021\/02\/gradient-circle-left.png&#8221; background_size=&#8221;contain&#8221; background_position=&#8221;center_left&#8221; custom_margin=&#8221;0px||0px||false|false&#8221; custom_padding=&#8221;0px||0px||false|false&#8221; custom_padding_tablet=&#8221;&#8221; custom_padding_phone=&#8221;0px||0px&#8221; global_colors_info=&#8221;{}&#8221;][et_pb_row column_structure=&#8221;1_2,1_2&#8243; _builder_version=&#8221;4.16&#8243; _module_preset=&#8221;default&#8221; global_colors_info=&#8221;{}&#8221;][et_pb_column type=&#8221;1_2&#8243; _builder_version=&#8221;4.16&#8243; _module_preset=&#8221;default&#8221; custom_padding=&#8221;22px||||false|false&#8221; global_colors_info=&#8221;{}&#8221;][et_pb_image src=&#8221;https:\/\/marketingplatform.com\/wp-content\/uploads\/2021\/06\/customer-satisfaction.png&#8221; _builder_version=&#8221;4.16&#8243; _module_preset=&#8221;default&#8221; width=&#8221;85%&#8221; module_alignment=&#8221;left&#8221; global_colors_info=&#8221;{}&#8221;][\/et_pb_image][\/et_pb_column][et_pb_column type=&#8221;1_2&#8243; _builder_version=&#8221;4.16&#8243; _module_preset=&#8221;default&#8221; custom_padding=&#8221;120px||||false|false&#8221; custom_padding_tablet=&#8221;10px||||false|false&#8221; custom_padding_phone=&#8221;&#8221; custom_padding_last_edited=&#8221;on|phone&#8221; global_colors_info=&#8221;{}&#8221;][et_pb_text _builder_version=&#8221;4.16&#8243; text_font=&#8221;||||||||&#8221; header_2_font=&#8221;|800|||||||&#8221; global_colors_info=&#8221;{}&#8221;]<\/p>\n<h2>St\u00f8tte &#8211; hele vejen<\/h2>\n<p>I MarketingPlatform hj\u00e6lper og st\u00f8tter vi dig hele vejen. Fra f\u00f8rste kontakt og onboarding til svar p\u00e5 sm\u00e5 og store sp\u00f8rgsm\u00e5l i hverdagen. <\/p>\n<p>Vi er f\u00f8rst tilfredse, n\u00e5r du er glad, og vi g\u00f8r alt for at hj\u00e6lpe jer med at f\u00e5 det optimale ud af jeres nye marketing platform. <\/p>\n<p>Med MarketingPlatform k\u00f8ber du ikke blot software &#8211; du k\u00f8ber ogs\u00e5 menneskene bag. [\/et_pb_text][\/et_pb_column][\/et_pb_row][\/et_pb_section][et_pb_section fb_built=&#8221;1&#8243; fullwidth=&#8221;on&#8221; _builder_version=&#8221;4.16&#8243; _module_preset=&#8221;default&#8221; background_color=&#8221;#FFFFFF&#8221; global_colors_info=&#8221;{}&#8221;][et_pb_fullwidth_slider _builder_version=&#8221;4.22.1&#8243; _module_preset=&#8221;default&#8221; header_level=&#8221;h1&#8243; background_color=&#8221;#FFFFFF&#8221; hover_enabled=&#8221;0&#8243; global_colors_info=&#8221;{}&#8221; sticky_enabled=&#8221;0&#8243;][et_pb_slide _builder_version=&#8221;4.22.1&#8243; _module_preset=&#8221;default&#8221; background_layout=&#8221;light&#8221; hover_enabled=&#8221;0&#8243; global_colors_info=&#8221;{}&#8221; sticky_transition=&#8221;on&#8221; sticky_enabled=&#8221;0&#8243;]<img decoding=\"async\" src=\"https:\/\/marketingplatform.com\/wp-content\/uploads\/2019\/06\/FTZLogo_UdenPayoff_2016.png\" width=\"90\" \/><\/p>\n<div style=\"margin: 10px 0 20px 0; background: #f7f8fb; padding: 30px; border-radius: 100px;\">\u201cDet er vigtigt for os med en stabil email marketing platform, s\u00e5 vi er garanteret levering af de ugentlige mails, som vores kunder trofast sidder og venter p\u00e5\u201d. \u201cDet er enormt rart at den danske support kun sidder et telefonopkald v\u00e6k. Jeg ved, jeg altid kan ringe, hvis jeg f.eks. har sp\u00f8rgsm\u00e5l om brugen af systemet.\u201c<\/div>\n<p><img decoding=\"async\" src=\"https:\/\/marketingplatform.com\/wp-content\/uploads\/2019\/11\/sandra-amtsbiller.png\" width=\"80\" style=\"margin-top: 20px;\" \/><br \/>\n<b>Sandra Amtsbiller,<\/b><br \/>\nMarketingassistent \u2013 FTZ[\/et_pb_slide][et_pb_slide _builder_version=&#8221;4.22.1&#8243; _module_preset=&#8221;default&#8221; background_layout=&#8221;light&#8221; hover_enabled=&#8221;0&#8243; global_colors_info=&#8221;{}&#8221; sticky_transition=&#8221;on&#8221; sticky_enabled=&#8221;0&#8243;]<\/p>\n<div style=\"margin: 10px 0 20px 0; background: #f7f8fb; padding: 30px; border-radius: 100px;\">\u201cSom VP for Customer Success og Support, er det min opgave, at sikre at vores kunder er glade for MarketingPlatform, og at de udnytter alle de mange muligheder, vores platform tilbyder.<br \/>\nVi st\u00e5r altid klar til at hj\u00e6lpe vores kunder med stort og sm\u00e5t.\u201c<\/div>\n<p><img decoding=\"async\" src=\"https:\/\/marketingplatform.com\/wp-content\/uploads\/2020\/11\/heidi-marcussen.png\" width=\"80\" style=\"margin-top: 20px;\" \/><br \/>\n<b>Heidi Marcussen,<\/b><br \/>\nVP, Customer Support and Onboarding &#8211; MarketingPlatform[\/et_pb_slide][\/et_pb_fullwidth_slider][\/et_pb_section][et_pb_section fb_built=&#8221;1&#8243; custom_padding_last_edited=&#8221;on|phone&#8221; module_class=&#8221;ressourcer-signup&#8221; _builder_version=&#8221;4.16&#8243; background_color=&#8221;#dee7f1&#8243; background_enable_color=&#8221;off&#8221; custom_padding=&#8221;||||false|false&#8221; custom_padding_tablet=&#8221;||||false|false&#8221; custom_padding_phone=&#8221;||||false|false&#8221; top_divider_color=&#8221;#ffffff&#8221; top_divider_height=&#8221;60px&#8221; saved_tabs=&#8221;all&#8221; global_colors_info=&#8221;{}&#8221;][et_pb_row custom_padding_last_edited=&#8221;on|phone&#8221; _builder_version=&#8221;4.16&#8243; background_color=&#8221;#152872&#8243; background_size=&#8221;initial&#8221; background_position=&#8221;top_left&#8221; background_repeat=&#8221;repeat&#8221; custom_margin=&#8221;||||false|false&#8221; custom_padding=&#8221;100px||100px||false|false&#8221; custom_padding_tablet=&#8221;50px|20px|50px|20px|false|false&#8221; custom_padding_phone=&#8221;40px||||false|false&#8221; border_radii=&#8221;on|22px|22px|22px|22px&#8221; global_colors_info=&#8221;{}&#8221;][et_pb_column type=&#8221;4_4&#8243; _builder_version=&#8221;4.16&#8243; custom_padding=&#8221;|||&#8221; global_colors_info=&#8221;{}&#8221; custom_padding__hover=&#8221;|||&#8221;][et_pb_text _builder_version=&#8221;4.16&#8243; text_text_color=&#8221;#ffffff&#8221; header_2_font=&#8221;|800|||||||&#8221; header_2_text_color=&#8221;#ffffff&#8221; text_orientation=&#8221;center&#8221; global_colors_info=&#8221;{}&#8221;]<\/p>\n<h2>Pr\u00f8v MarketingPlatform gratis i 14 dage<\/h2>\n<p><span style=\"color:#fff;\">Pr\u00f8veperioden er gratis, helt uforpligtende og udl\u00f8ber efter 14 dage, hvis du ikke \u00f8nsker at forts\u00e6tte.<br \/>\nVed tilmelding modtager du samtidig vores uddannelsesflow p\u00e5 en serie af mails \u2013 og vores nyhedsbrev.<\/span>[\/et_pb_text][et_pb_code _builder_version=&#8221;4.16&#8243; _module_preset=&#8221;default&#8221; width=&#8221;40%&#8221; width_tablet=&#8221;100%&#8221; width_phone=&#8221;95%&#8221; width_last_edited=&#8221;on|tablet&#8221; module_alignment=&#8221;center&#8221; global_colors_info=&#8221;{}&#8221;]<a href=\"https:\/\/marketingplatform.com\/da\/book-emailplatform-demo\/\"><\/p>\n<div class=\"bookdemobtn\">Book demo<\/div>\n<p><\/a><!-- [et_pb_line_break_holder] --><a href=\"https:\/\/marketingplatform.com\/da\/gratis-proeveversion\/\"><\/p>\n<div class=\"signupbtn\">Pr\u00f8v os gratis<\/div>\n<p><\/a><!-- [et_pb_line_break_holder] --><\/p>\n<div class=\"clearfix\"><\/div>\n<p>[\/et_pb_code][\/et_pb_column][\/et_pb_row][\/et_pb_section]<\/p>\n","protected":false},"excerpt":{"rendered":"<p>S\u00e5dan er det at blive kunde i MarketingPlatform\u2013 N\u00e5r du bliver kunde hos os, bliver du en del af en virksomhed, hvor vi prioriterer kunderne og kundernes success h\u00f8jt.Forventningsafklaring inden start I MarketingPlatform starter den gode kundeoplevelse allerede inden I sender den f\u00f8rste mail. Vi foresl\u00e5r alle vores potentielle kunder et gratis afklaringsm\u00f8de, hvor vi [&hellip;]<\/p>\n","protected":false},"author":50,"featured_media":0,"parent":0,"menu_order":0,"comment_status":"closed","ping_status":"closed","template":"","meta":{"_et_pb_use_builder":"on","_et_pb_old_content":"","_et_gb_content_width":"","footnotes":""},"categories":[],"tags":[],"yst_prominent_words":[2268,12776,16050,1684],"_links":{"self":[{"href":"https:\/\/marketingplatform.com\/da\/wp-json\/wp\/v2\/pages\/69552"}],"collection":[{"href":"https:\/\/marketingplatform.com\/da\/wp-json\/wp\/v2\/pages"}],"about":[{"href":"https:\/\/marketingplatform.com\/da\/wp-json\/wp\/v2\/types\/page"}],"author":[{"embeddable":true,"href":"https:\/\/marketingplatform.com\/da\/wp-json\/wp\/v2\/users\/50"}],"replies":[{"embeddable":true,"href":"https:\/\/marketingplatform.com\/da\/wp-json\/wp\/v2\/comments?post=69552"}],"version-history":[{"count":4,"href":"https:\/\/marketingplatform.com\/da\/wp-json\/wp\/v2\/pages\/69552\/revisions"}],"predecessor-version":[{"id":237018,"href":"https:\/\/marketingplatform.com\/da\/wp-json\/wp\/v2\/pages\/69552\/revisions\/237018"}],"wp:attachment":[{"href":"https:\/\/marketingplatform.com\/da\/wp-json\/wp\/v2\/media?parent=69552"}],"wp:term":[{"taxonomy":"category","embeddable":true,"href":"https:\/\/marketingplatform.com\/da\/wp-json\/wp\/v2\/categories?post=69552"},{"taxonomy":"post_tag","embeddable":true,"href":"https:\/\/marketingplatform.com\/da\/wp-json\/wp\/v2\/tags?post=69552"},{"taxonomy":"yst_prominent_words","embeddable":true,"href":"https:\/\/marketingplatform.com\/da\/wp-json\/wp\/v2\/yst_prominent_words?post=69552"}],"curies":[{"name":"wp","href":"https:\/\/api.w.org\/{rel}","templated":true}]}}