{"id":68962,"date":"2021-06-21T14:01:30","date_gmt":"2021-06-21T12:01:30","guid":{"rendered":"https:\/\/marketingplatform.com\/?page_id=68962"},"modified":"2021-06-21T14:01:33","modified_gmt":"2021-06-21T12:01:33","slug":"sikker-onboarding","status":"publish","type":"page","link":"https:\/\/marketingplatform.com\/da\/sikker-onboarding\/","title":{"rendered":"Sikker onboarding"},"content":{"rendered":"\n[et_pb_section fb_built=&#8221;1&#8243; admin_label=&#8221;section&#8221; _builder_version=&#8221;4.9.3&#8243; background_color=&#8221;#f7f8fb&#8221; background_image=&#8221;https:\/\/marketingplatform.com\/wp-content\/uploads\/2021\/02\/floating-squares.png&#8221; background_size=&#8221;contain&#8221; custom_padding=&#8221;||||false|false&#8221; box_shadow_style=&#8221;preset7&#8243; box_shadow_horizontal=&#8221;0px&#8221; box_shadow_vertical=&#8221;-250px&#8221; box_shadow_color=&#8221;#ffffff&#8221; box_shadow_vertical_tablet=&#8221;-120px&#8221; box_shadow_vertical_phone=&#8221;-120px&#8221; box_shadow_vertical_last_edited=&#8221;on|tablet&#8221; transparent_background=&#8221;off&#8221;][et_pb_row admin_label=&#8221;row&#8221; _builder_version=&#8221;4.5.3&#8243; background_size=&#8221;initial&#8221; background_position=&#8221;top_left&#8221; background_repeat=&#8221;repeat&#8221; custom_padding=&#8221;||0px||false|false&#8221;][et_pb_column type=&#8221;4_4&#8243; _builder_version=&#8221;3.25&#8243; custom_padding=&#8221;|||&#8221; custom_padding__hover=&#8221;|||&#8221;][et_pb_text _builder_version=&#8221;4.9.3&#8243; header_font=&#8221;|800|||||||&#8221; header_font_size=&#8221;38px&#8221; background_size=&#8221;initial&#8221; background_position=&#8221;top_left&#8221; background_repeat=&#8221;repeat&#8221; text_orientation=&#8221;center&#8221; module_alignment=&#8221;center&#8221; custom_margin=&#8221;||0px&#8221; custom_padding=&#8221;||0px&#8221; header_font_size_tablet=&#8221;&#8221; header_font_size_phone=&#8221;32px&#8221; header_font_size_last_edited=&#8221;on|phone&#8221; use_border_color=&#8221;off&#8221;]<h1>MarketingPlatform<\/h1>\n<h2>\u2013 Marketing Automation med kundeservice i h\u00f8js\u00e6det<\/h2>[\/et_pb_text][et_pb_image src=&#8221;https:\/\/marketingplatform.com\/wp-content\/uploads\/2021\/03\/campaign-builder.png&#8221; align_tablet=&#8221;center&#8221; align_phone=&#8221;&#8221; align_last_edited=&#8221;on|desktop&#8221; _builder_version=&#8221;4.9.3&#8243; max_width=&#8221;80%&#8221; max_width_tablet=&#8221;&#8221; max_width_phone=&#8221;100%&#8221; max_width_last_edited=&#8221;on|phone&#8221; module_alignment=&#8221;center&#8221; custom_margin=&#8221;0px||&#8221; custom_padding=&#8221;50px||||false|false&#8221; border_radii=&#8221;on|20px|20px|20px|20px&#8221;][\/et_pb_image][\/et_pb_column][\/et_pb_row][\/et_pb_section][et_pb_section fb_built=&#8221;1&#8243; custom_padding_last_edited=&#8221;on|phone&#8221; module_id=&#8221;industries-tablet&#8221; _builder_version=&#8221;4.9.7&#8243; background_image=&#8221;https:\/\/marketingplatform.com\/wp-content\/uploads\/2021\/02\/gradient-circle-left.png&#8221; background_size=&#8221;contain&#8221; background_position=&#8221;center_left&#8221; custom_padding_tablet=&#8221;&#8221; custom_padding_phone=&#8221;0px||0px&#8221; hover_enabled=&#8221;0&#8243; custom_margin=&#8221;0px||0px||false|false&#8221; custom_padding=&#8221;0px||0px||false|false&#8221; sticky_enabled=&#8221;0&#8243;][et_pb_row column_structure=&#8221;1_2,1_2&#8243; _builder_version=&#8221;4.9.3&#8243; _module_preset=&#8221;default&#8221;][et_pb_column type=&#8221;1_2&#8243; _builder_version=&#8221;4.9.3&#8243; _module_preset=&#8221;default&#8221;][et_pb_image src=&#8221;https:\/\/marketingplatform.com\/wp-content\/uploads\/2021\/03\/output-channels.png&#8221; align=&#8221;center&#8221; _builder_version=&#8221;4.9.3&#8243; _module_preset=&#8221;default&#8221; width=&#8221;60%&#8221; module_alignment=&#8221;center&#8221;][\/et_pb_image][\/et_pb_column][et_pb_column type=&#8221;1_2&#8243; _builder_version=&#8221;4.9.3&#8243; _module_preset=&#8221;default&#8221; custom_padding=&#8221;120px||||false|false&#8221; custom_padding_tablet=&#8221;10px||||false|false&#8221; custom_padding_phone=&#8221;&#8221; custom_padding_last_edited=&#8221;on|phone&#8221;][et_pb_text _builder_version=&#8221;4.9.3&#8243; text_font=&#8221;||||||||&#8221; header_2_font=&#8221;|800|||||||&#8221;]<h2>Nyeste funktionalitet<\/h2>\n<p><span style=\"font-weight: 400;\">Vi udvikler og opdaterer hele tiden vores produkter, s\u00e5 vores kunder altid er sikre p\u00e5 at have den nyeste funktionalitet til r\u00e5dighed. I gennemsnit lancerer vi ny funktionalitet samt sm\u00e5 og store forbedringer til produktet hver 3. dag, \u00e5ret rundt, som alle er med til at sikre, at MarketingPlatform er &#8211; og forbliver &#8211; en af Europas ledende Marketing Automation platforme.<\/span><\/p>[\/et_pb_text][\/et_pb_column][\/et_pb_row][\/et_pb_section][et_pb_section fb_built=&#8221;1&#8243; custom_padding_last_edited=&#8221;on|phone&#8221; module_id=&#8221;industries-tablet&#8221; _builder_version=&#8221;4.9.7&#8243; background_image=&#8221;https:\/\/marketingplatform.com\/wp-content\/uploads\/2021\/02\/gradient-circle-right.png&#8221; background_size=&#8221;contain&#8221; background_position=&#8221;center_right&#8221; custom_padding_tablet=&#8221;&#8221; custom_padding_phone=&#8221;0px||0px&#8221; hover_enabled=&#8221;0&#8243; custom_margin=&#8221;0px||0px||false|false&#8221; custom_padding=&#8221;0px||0px||false|false&#8221; sticky_enabled=&#8221;0&#8243;][et_pb_row column_structure=&#8221;1_2,1_2&#8243; module_class=&#8221;custom_row&#8221; _builder_version=&#8221;4.9.3&#8243;][et_pb_column type=&#8221;1_2&#8243; module_class=&#8221;second-on-mobile&#8221; _builder_version=&#8221;4.9.3&#8243; custom_padding=&#8221;100px||||false|false&#8221; custom_padding_tablet=&#8221;0px||||false|false&#8221; custom_padding_phone=&#8221;0px||||false|false&#8221; custom_padding_last_edited=&#8221;on|tablet&#8221; custom_padding__hover=&#8221;|||&#8221;][et_pb_text _builder_version=&#8221;4.9.3&#8243; _module_preset=&#8221;default&#8221; header_2_font=&#8221;|800|||||||&#8221;]<h2>Forventningsafklaring inden start<\/h2>\n<p><span style=\"font-weight: 400;\">I MarketingPlatform, starter den gode kundeoplevelse starter allerede inden I sender den f\u00f8rste mail. Alle kunder tilbydes et gratis afklaringsm\u00f8de, hvor vi n\u00f8je gennemg\u00e5r jeres forventninger og hvordan de bedst kan indfries med MarketingPlatform.<\/span><\/p>\n<p><span style=\"font-weight: 400;\">Det sikrer at begge parter har en god forst\u00e5else for, hvordan et skifte til MarketingPlatform kan ske, hvilket sparer tid og misforst\u00e5elser p\u00e5 begge sider.\u00a0<\/span><\/p>[\/et_pb_text][\/et_pb_column][et_pb_column type=&#8221;1_2&#8243; module_class=&#8221;first-on-mobile&#8221; _builder_version=&#8221;4.5.3&#8243; _module_preset=&#8221;default&#8221;][et_pb_image src=&#8221;https:\/\/marketingplatform.com\/wp-content\/uploads\/2021\/06\/customer-support-marketingplatform.png&#8221; _builder_version=&#8221;4.9.3&#8243; _module_preset=&#8221;default&#8221; width=&#8221;77%&#8221; width_tablet=&#8221;99%&#8221; width_phone=&#8221;&#8221; width_last_edited=&#8221;on|tablet&#8221; module_alignment=&#8221;right&#8221;][\/et_pb_image][\/et_pb_column][\/et_pb_row][\/et_pb_section][et_pb_section fb_built=&#8221;1&#8243; custom_padding_last_edited=&#8221;on|phone&#8221; module_id=&#8221;industries-tablet&#8221; _builder_version=&#8221;4.9.7&#8243; background_image=&#8221;https:\/\/marketingplatform.com\/wp-content\/uploads\/2021\/02\/gradient-circle-left.png&#8221; background_size=&#8221;contain&#8221; background_position=&#8221;center_left&#8221; custom_padding_tablet=&#8221;&#8221; custom_padding_phone=&#8221;0px||0px&#8221; hover_enabled=&#8221;0&#8243; custom_margin=&#8221;0px||0px||false|false&#8221; custom_padding=&#8221;0px||0px||false|false&#8221; sticky_enabled=&#8221;0&#8243;][et_pb_row column_structure=&#8221;1_2,1_2&#8243; _builder_version=&#8221;4.9.3&#8243; _module_preset=&#8221;default&#8221;][et_pb_column type=&#8221;1_2&#8243; _builder_version=&#8221;4.9.3&#8243; _module_preset=&#8221;default&#8221;][et_pb_image src=&#8221;https:\/\/marketingplatform.com\/wp-content\/uploads\/2021\/06\/customer-help-marketingplatform.png&#8221; _builder_version=&#8221;4.9.3&#8243; _module_preset=&#8221;default&#8221; width=&#8221;70%&#8221; module_alignment=&#8221;left&#8221;][\/et_pb_image][\/et_pb_column][et_pb_column type=&#8221;1_2&#8243; _builder_version=&#8221;4.9.3&#8243; _module_preset=&#8221;default&#8221; custom_padding=&#8221;120px||||false|false&#8221; custom_padding_tablet=&#8221;10px||||false|false&#8221; custom_padding_phone=&#8221;&#8221; custom_padding_last_edited=&#8221;on|phone&#8221;][et_pb_text _builder_version=&#8221;4.9.3&#8243; text_font=&#8221;||||||||&#8221; header_2_font=&#8221;|800|||||||&#8221;]<h2>Kom igang &#8211; nemt og hurtigt<\/h2>\n<p><span style=\"font-weight: 400;\">Vores customer success og support team st\u00e5r klar til at hj\u00e6lpe jer med alt fra migrering af data, til ops\u00e6tning af templates. Skal der ops\u00e6ttes avancerede funktioner som automationflows eller integrationer, klarer vi ogs\u00e5 det. <\/span><span style=\"font-weight: 400;\"><br \/><\/span><span style=\"font-weight: 400;\">N\u00e5r alt er sat op, kvitterer vi med gratis en-til-en tr\u00e6ning.<\/span><\/p>\n<p><span style=\"font-weight: 400;\">S\u00e5dan sikrer vi, at i f\u00e5r mest muligt ud af jeres indsats.<\/span><\/p>[\/et_pb_text][\/et_pb_column][\/et_pb_row][\/et_pb_section][et_pb_section fb_built=&#8221;1&#8243; custom_padding_last_edited=&#8221;on|phone&#8221; module_id=&#8221;industries-tablet&#8221; _builder_version=&#8221;4.9.7&#8243; background_image=&#8221;https:\/\/marketingplatform.com\/wp-content\/uploads\/2021\/02\/gradient-circle-right.png&#8221; background_size=&#8221;contain&#8221; background_position=&#8221;center_right&#8221; custom_padding_tablet=&#8221;&#8221; custom_padding_phone=&#8221;0px||0px&#8221; hover_enabled=&#8221;0&#8243; custom_margin=&#8221;0px||0px||false|false&#8221; custom_padding=&#8221;0px||0px||false|false&#8221; sticky_enabled=&#8221;0&#8243;][et_pb_row column_structure=&#8221;1_2,1_2&#8243; module_class=&#8221;custom_row&#8221; _builder_version=&#8221;4.9.3&#8243;][et_pb_column type=&#8221;1_2&#8243; module_class=&#8221;second-on-mobile&#8221; _builder_version=&#8221;4.9.3&#8243; custom_padding=&#8221;100px||||false|false&#8221; custom_padding_tablet=&#8221;0px||||false|false&#8221; custom_padding_phone=&#8221;0px||||false|false&#8221; custom_padding_last_edited=&#8221;on|tablet&#8221; custom_padding__hover=&#8221;|||&#8221;][et_pb_text _builder_version=&#8221;4.9.3&#8243; _module_preset=&#8221;default&#8221; header_2_font=&#8221;|800|||||||&#8221;]<h2>Hurtig og effektiv support<\/h2>\n<p><span style=\"font-weight: 400;\">I MarketingPlatform \u00f8nsker vi at give vores kunder en god og n\u00e6rv\u00e6rende support, hvor de kan forvente svar indenfor ganske f\u00e5 minutter. Vi bruger ikke chatbots &#8211; al kontakt sker direkte med vores menneskelige support, enten igennem telefon, mail eller chat.<br \/><\/span><span style=\"font-weight: 400;\"><br \/><\/span><span style=\"font-weight: 400;\">Supporten er naturligvis gratis.\u00a0<\/span><\/p>[\/et_pb_text][\/et_pb_column][et_pb_column type=&#8221;1_2&#8243; module_class=&#8221;first-on-mobile&#8221; _builder_version=&#8221;4.5.3&#8243; _module_preset=&#8221;default&#8221;][et_pb_image src=&#8221;https:\/\/marketingplatform.com\/wp-content\/uploads\/2021\/06\/customer-circle-marketingplatform.png&#8221; _builder_version=&#8221;4.9.3&#8243; _module_preset=&#8221;default&#8221; width=&#8221;85%&#8221; width_tablet=&#8221;99%&#8221; width_phone=&#8221;&#8221; width_last_edited=&#8221;on|tablet&#8221; module_alignment=&#8221;right&#8221;][\/et_pb_image][\/et_pb_column][\/et_pb_row][\/et_pb_section][et_pb_section fb_built=&#8221;1&#8243; _builder_version=&#8221;4.9.3&#8243; _module_preset=&#8221;default&#8221; background_enable_image=&#8221;off&#8221; background_size=&#8221;contain&#8221; background_position=&#8221;center_left&#8221;][et_pb_row module_class=&#8221;custom_row&#8221; _builder_version=&#8221;4.9.3&#8243; background_color=&#8221;#f7f8fb&#8221; width=&#8221;49%&#8221; width_tablet=&#8221;80%&#8221; width_phone=&#8221;80%&#8221; width_last_edited=&#8221;on|tablet&#8221; module_alignment=&#8221;center&#8221; custom_padding=&#8221;44px|44px|44px|44px|false|false&#8221; border_radii=&#8221;on|82px|82px|82px|82px&#8221;][et_pb_column type=&#8221;4_4&#8243; module_class=&#8221;second-on-mobile&#8221; _builder_version=&#8221;4.9.3&#8243; custom_padding=&#8221;||||false|false&#8221; custom_padding_tablet=&#8221;0px||||false|false&#8221; custom_padding_phone=&#8221;0px||||false|false&#8221; custom_padding_last_edited=&#8221;on|tablet&#8221; custom_padding__hover=&#8221;|||&#8221;][et_pb_text _builder_version=&#8221;4.9.3&#8243; text_font=&#8221;||||||||&#8221; header_2_font=&#8221;|800|||||||&#8221; text_orientation=&#8221;center&#8221; module_alignment=&#8221;center&#8221;]\u201cSom VP for Customer Success og Support, er det min opgave, at sikre at vores kunder er glade for MarketingPlatform, og at de udnytter alle de mange muligheder, vores platform tilbyder. \nVi st\u00e5r altid klar til at hj\u00e6lpe vores kunder med stort og sm\u00e5t.\u201d [\/et_pb_text][\/et_pb_column][\/et_pb_row][et_pb_row module_class=&#8221;custom_row&#8221; _builder_version=&#8221;4.9.3&#8243; background_color=&#8221;RGBA(0,0,0,0)&#8221; custom_padding=&#8221;||||false|false&#8221;][et_pb_column type=&#8221;4_4&#8243; module_class=&#8221;second-on-mobile&#8221; _builder_version=&#8221;4.9.3&#8243; custom_padding=&#8221;||||false|false&#8221; custom_padding_tablet=&#8221;0px||||false|false&#8221; custom_padding_phone=&#8221;0px||||false|false&#8221; custom_padding_last_edited=&#8221;on|tablet&#8221; custom_padding__hover=&#8221;|||&#8221;][et_pb_text _builder_version=&#8221;4.9.3&#8243; text_font=&#8221;||||||||&#8221; header_2_font=&#8221;|800|||||||&#8221; text_orientation=&#8221;center&#8221; width=&#8221;60%&#8221; module_alignment=&#8221;center&#8221;]<img decoding=\"async\" src=\"https:\/\/marketingplatform.com\/wp-content\/uploads\/2020\/11\/heidi-marcussen.png\" width=\"80\" \/ >\n<div  style=\"font-size:16px;\"><b>Heidi Marcussen<\/b>\nVP, Customer Support and Onboarding<\/div>[\/et_pb_text][\/et_pb_column][\/et_pb_row][\/et_pb_section][et_pb_section fb_built=&#8221;1&#8243; custom_padding_last_edited=&#8221;on|phone&#8221; module_class=&#8221;ressourcer-signup&#8221; _builder_version=&#8221;4.9.3&#8243; background_color=&#8221;#dee7f1&#8243; background_enable_color=&#8221;off&#8221; custom_padding=&#8221;||||false|false&#8221; custom_padding_tablet=&#8221;||||false|false&#8221; custom_padding_phone=&#8221;||||false|false&#8221; top_divider_color=&#8221;#ffffff&#8221; top_divider_height=&#8221;60px&#8221; global_module=&#8221;19033&#8243; saved_tabs=&#8221;all&#8221;][et_pb_row custom_padding_last_edited=&#8221;on|phone&#8221; _builder_version=&#8221;4.5.3&#8243; background_color=&#8221;#152872&#8243; background_size=&#8221;initial&#8221; background_position=&#8221;top_left&#8221; background_repeat=&#8221;repeat&#8221; custom_margin=&#8221;||||false|false&#8221; custom_padding=&#8221;100px||100px||false|false&#8221; custom_padding_tablet=&#8221;50px|20px|50px|20px|false|false&#8221; custom_padding_phone=&#8221;40px||||false|false&#8221; border_radii=&#8221;on|22px|22px|22px|22px&#8221;][et_pb_column type=&#8221;4_4&#8243; _builder_version=&#8221;3.25&#8243; custom_padding=&#8221;|||&#8221; custom_padding__hover=&#8221;|||&#8221;][et_pb_text _builder_version=&#8221;4.5.3&#8243; text_text_color=&#8221;#ffffff&#8221; header_2_font=&#8221;|800|||||||&#8221; header_2_text_color=&#8221;#ffffff&#8221; text_orientation=&#8221;center&#8221;]<h2>Pr\u00f8v MarketingPlatform gratis i 14 dage<\/h2>\n<p><span style=\"color:#fff;\">Pr\u00f8veperioden er gratis, helt uforpligtende og udl\u00f8ber efter 14 dage, hvis du ikke \u00f8nsker at forts\u00e6tte.<br \/>\nVed tilmelding modtager du samtidig vores uddannelsesflow p\u00e5 en serie af mails \u2013 og vores nyhedsbrev.<\/span>[\/et_pb_text][et_pb_code _builder_version=&#8221;4.5.3&#8243; _module_preset=&#8221;default&#8221; width=&#8221;40%&#8221; width_tablet=&#8221;100%&#8221; width_phone=&#8221;95%&#8221; width_last_edited=&#8221;on|tablet&#8221; module_alignment=&#8221;center&#8221;]<a href=\"https:\/\/marketingplatform.com\/da\/book-emailplatform-demo\/\"><div class=\"bookdemobtn\">Book demo<\/div><\/a><!-- [et_pb_line_break_holder] --><a href=\"https:\/\/marketingplatform.com\/da\/gratis-proeveversion\/\"><div class=\"signupbtn\">Pr\u00f8v os gratis<\/div><\/a><!-- [et_pb_line_break_holder] --><div class=\"clearfix\"><\/div>[\/et_pb_code][\/et_pb_column][\/et_pb_row][\/et_pb_section]\n","protected":false},"excerpt":{"rendered":"<p>MarketingPlatform \u2013 Marketing Automation med kundeservice i h\u00f8js\u00e6detNyeste funktionalitet Vi udvikler og opdaterer hele tiden vores produkter, s\u00e5 vores kunder altid er sikre p\u00e5 at have den nyeste funktionalitet til r\u00e5dighed. I gennemsnit lancerer vi ny funktionalitet samt sm\u00e5 og store forbedringer til produktet hver 3. dag, \u00e5ret rundt, som alle er med til at [&hellip;]<\/p>\n","protected":false},"author":50,"featured_media":0,"parent":0,"menu_order":0,"comment_status":"closed","ping_status":"closed","template":"","meta":{"_et_pb_use_builder":"on","_et_pb_old_content":"","_et_gb_content_width":"","footnotes":""},"categories":[],"tags":[],"yst_prominent_words":[8959,4738,2225,4872,2268,12776,678,13988,4874,3315,4881,1684,4884,4889,368],"_links":{"self":[{"href":"https:\/\/marketingplatform.com\/da\/wp-json\/wp\/v2\/pages\/68962"}],"collection":[{"href":"https:\/\/marketingplatform.com\/da\/wp-json\/wp\/v2\/pages"}],"about":[{"href":"https:\/\/marketingplatform.com\/da\/wp-json\/wp\/v2\/types\/page"}],"author":[{"embeddable":true,"href":"https:\/\/marketingplatform.com\/da\/wp-json\/wp\/v2\/users\/50"}],"replies":[{"embeddable":true,"href":"https:\/\/marketingplatform.com\/da\/wp-json\/wp\/v2\/comments?post=68962"}],"version-history":[{"count":15,"href":"https:\/\/marketingplatform.com\/da\/wp-json\/wp\/v2\/pages\/68962\/revisions"}],"predecessor-version":[{"id":69031,"href":"https:\/\/marketingplatform.com\/da\/wp-json\/wp\/v2\/pages\/68962\/revisions\/69031"}],"wp:attachment":[{"href":"https:\/\/marketingplatform.com\/da\/wp-json\/wp\/v2\/media?parent=68962"}],"wp:term":[{"taxonomy":"category","embeddable":true,"href":"https:\/\/marketingplatform.com\/da\/wp-json\/wp\/v2\/categories?post=68962"},{"taxonomy":"post_tag","embeddable":true,"href":"https:\/\/marketingplatform.com\/da\/wp-json\/wp\/v2\/tags?post=68962"},{"taxonomy":"yst_prominent_words","embeddable":true,"href":"https:\/\/marketingplatform.com\/da\/wp-json\/wp\/v2\/yst_prominent_words?post=68962"}],"curies":[{"name":"wp","href":"https:\/\/api.w.org\/{rel}","templated":true}]}}