{"id":6736,"date":"2017-04-21T08:37:48","date_gmt":"2017-04-21T06:37:48","guid":{"rendered":"https:\/\/marketingplatform.com\/?page_id=6736\/"},"modified":"2019-06-05T10:06:14","modified_gmt":"2019-06-05T08:06:14","slug":"mailrating-by-mailplatform","status":"publish","type":"page","link":"https:\/\/marketingplatform.com\/da\/mailrating-by-mailplatform\/","title":{"rendered":"MailRating af MarketingPlatform"},"content":{"rendered":"<p>[et_pb_section fb_built=&#8221;1&#8243; admin_label=&#8221;section&#8221; _builder_version=&#8221;3.22.3&#8243; transparent_background=&#8221;off&#8221;][et_pb_row custom_padding=&#8221;0px|0px|27px|0px&#8221; admin_label=&#8221;row&#8221; _builder_version=&#8221;3.22.3&#8243; background_size=&#8221;initial&#8221; background_position=&#8221;top_left&#8221; background_repeat=&#8221;repeat&#8221;][et_pb_column type=&#8221;4_4&#8243; _builder_version=&#8221;3.0.47&#8243;][et_pb_text _builder_version=&#8221;3.0.87&#8243; background_size=&#8221;initial&#8221; background_position=&#8221;top_left&#8221; background_repeat=&#8221;repeat&#8221; use_border_color=&#8221;off&#8221; border_color=&#8221;#ffffff&#8221; border_style=&#8221;solid&#8221;]<\/p>\n<h1>MailRating by MarketingPlatform<\/h1>\n<p>[\/et_pb_text][\/et_pb_column][\/et_pb_row][et_pb_row admin_label=&#8221;row&#8221; _builder_version=&#8221;3.22.3&#8243; background_size=&#8221;initial&#8221; background_position=&#8221;top_left&#8221; background_repeat=&#8221;repeat&#8221;][et_pb_column type=&#8221;1_4&#8243; _builder_version=&#8221;3.0.47&#8243;][et_pb_image src=&#8221;https:\/\/marketingplatform.com\/wp-content\/uploads\/2017\/04\/mailrating-mailplatform.jpg&#8221; alt=&#8221;mailrating-emailplatform&#8221; align_tablet=&#8221;center&#8221; align_last_edited=&#8221;on|desktop&#8221; module_class=&#8221;image-border&#8221; _builder_version=&#8221;3.23&#8243; animation_style=&#8221;slide&#8221; animation_direction=&#8221;left&#8221; animation_duration=&#8221;500ms&#8221; animation_intensity_slide=&#8221;10%&#8221; use_border_color=&#8221;off&#8221; border_color=&#8221;#ffffff&#8221; border_style=&#8221;solid&#8221; animation=&#8221;left&#8221; sticky=&#8221;off&#8221;][\/et_pb_image][\/et_pb_column][et_pb_column type=&#8221;3_4&#8243; _builder_version=&#8221;3.0.47&#8243;][et_pb_text _builder_version=&#8221;3.0.87&#8243; background_size=&#8221;initial&#8221; background_position=&#8221;top_left&#8221; background_repeat=&#8221;repeat&#8221; use_border_color=&#8221;off&#8221; border_color=&#8221;#ffffff&#8221; border_style=&#8221;solid&#8221;] MailRating er en unik funktion, du kun finder hos MarketingPlatform. Funktionen har et overordnet form\u00e5l, at sikre den mest optimale levering af dine nyhedsbreve og kampagner.<\/p>\n<p>Samtidig kan du lave segmenter, der kan sende alle former for kampagner (b\u00e5de email, SMS og automatiske kampagner) til dine VIP, Good, Average eller Poor ratede kontakter.<\/p>\n<p>MailRating fungerer i det skjulte. Hver gang en modtager \u00e5bner en kampagne, klikker eller g\u00f8r andre positive handlinger, vil vi \u00f8ge modtagerens rating. Omvendt vil vi tr\u00e6kke point fra ratingen, hvis modtagerne ikke l\u00e6ngere er interesserede i de mails I sender.<\/p>\n<p>Det kan lidt betragtes som en trappe, hvor der er et antal trin over og under overfladen.<\/p>\n<p>God levering handler i h\u00f8j grad om engagement (det engelske ord for involvering og interaktion). Med MailRating sikrer vi leveringsm\u00e6ssigt den mest optimale engagement mulig.<br \/>\n[\/et_pb_text][\/et_pb_column][\/et_pb_row][et_pb_row _builder_version=&#8221;3.22.3&#8243; background_size=&#8221;initial&#8221; background_position=&#8221;top_left&#8221; background_repeat=&#8221;repeat&#8221;][et_pb_column type=&#8221;4_4&#8243; _builder_version=&#8221;3.0.47&#8243;][et_pb_testimonial _builder_version=&#8221;3.2&#8243; background_size=&#8221;initial&#8221; background_position=&#8221;top_left&#8221; background_repeat=&#8221;repeat&#8221; use_border_color=&#8221;off&#8221; border_color=&#8221;#ffffff&#8221; border_style=&#8221;solid&#8221;] MailRating er en unik funktion hos MarketingPlatform. Udover at sikre optimal levering af dine kampagner, kan du ogs\u00e5 m\u00e5lrette tilbud til kunder ud fra deres adf\u00e6rd.<\/p>\n<p><cite>Kim \u00d8stergaard,\u00a0<span class=\"op-testimonial-company\">grundl\u00e6gger af MarketingPlatform<\/span><\/cite><br \/>\n[\/et_pb_testimonial][\/et_pb_column][\/et_pb_row][et_pb_row _builder_version=&#8221;3.22.3&#8243; background_size=&#8221;initial&#8221; background_position=&#8221;top_left&#8221; background_repeat=&#8221;repeat&#8221;][et_pb_column type=&#8221;2_3&#8243; _builder_version=&#8221;3.0.47&#8243;][et_pb_text _builder_version=&#8221;3.0.87&#8243; background_size=&#8221;initial&#8221; background_position=&#8221;top_left&#8221; background_repeat=&#8221;repeat&#8221; use_border_color=&#8221;off&#8221; border_color=&#8221;#ffffff&#8221; border_style=&#8221;solid&#8221;]<\/p>\n<h4>VIP, Good, Average eller Poor score i MailRating<\/h4>\n<p>Der findes 4 forskellige kategoriseringer i MailRating.<\/p>\n<p>Vi kalder segmenterne for VIP, Good, Average og Poor.<\/p>\n<p>VIP er dine mest aktive modtagere. Det er dem der stort set altid \u00e5bner, klikker og p\u00e5 anden m\u00e5de viser aktivitet i dine udsendte kampagner. Sandsynligvis er det ogs\u00e5 dine bedste kunder, hvis du driver handel p\u00e5 nyhedsbrevene.<br \/>\n[\/et_pb_text][\/et_pb_column][et_pb_column type=&#8221;1_3&#8243; _builder_version=&#8221;3.0.47&#8243;][et_pb_image src=&#8221;https:\/\/marketingplatform.com\/wp-content\/uploads\/2017\/04\/mailrating-screenshot-good.png&#8221; alt=&#8221;mailrating MarketingPlatform Edit Contact Details&#8221; align_tablet=&#8221;center&#8221; align_last_edited=&#8221;on|desktop&#8221; module_class=&#8221;image-border&#8221; _builder_version=&#8221;3.23&#8243; animation_style=&#8221;slide&#8221; animation_direction=&#8221;left&#8221; animation_duration=&#8221;500ms&#8221; animation_intensity_slide=&#8221;10%&#8221; use_border_color=&#8221;off&#8221; border_color=&#8221;#ffffff&#8221; border_style=&#8221;solid&#8221; animation=&#8221;left&#8221; sticky=&#8221;off&#8221;][\/et_pb_image][\/et_pb_column][\/et_pb_row][et_pb_row custom_padding=&#8221;0px|0px|27px|0px&#8221; admin_label=&#8221;row&#8221; _builder_version=&#8221;3.22.3&#8243; background_size=&#8221;initial&#8221; background_position=&#8221;top_left&#8221; background_repeat=&#8221;repeat&#8221;][et_pb_column type=&#8221;4_4&#8243; _builder_version=&#8221;3.0.47&#8243;][et_pb_text _builder_version=&#8221;3.23.3&#8243; background_size=&#8221;initial&#8221; background_position=&#8221;top_left&#8221; background_repeat=&#8221;repeat&#8221; use_border_color=&#8221;off&#8221; border_color=&#8221;#ffffff&#8221; border_style=&#8221;solid&#8221;] Good er ogs\u00e5 gode modtagere. En Good modtager er fornuftig aktiv, og har oftest et potentiel i at blive mere aktiv. Er modtageren g\u00e5et fra VIP til Good, b\u00f8r der iv\u00e6rks\u00e6ttes nogle lytte tiltag &#8211; det kunne f.eks. v\u00e6re udsendelse af et sp\u00f8rgeskema for at fange udfordringer i opl\u00f8bet. Good er ogs\u00e5 startsegmentet for bekr\u00e6ftede modtagere.<\/p>\n<p>Average er startsegmentet for ikke bekr\u00e6ftede modtagere. En average modtager har en fornuftig aktivitet, men kan ikke betragtes som en ambassad\u00f8r eller meget aktiv modtager. Poor segmentet er vejen mod en deaktivering af modtageren. Det er vigtigt at lave s\u00e6rlige tiltag for personerne i dette segment.<br \/>\n[\/et_pb_text][\/et_pb_column][\/et_pb_row][et_pb_row admin_label=&#8221;row&#8221; _builder_version=&#8221;3.22.3&#8243; background_size=&#8221;initial&#8221; background_position=&#8221;top_left&#8221; background_repeat=&#8221;repeat&#8221;][et_pb_column type=&#8221;1_2&#8243; _builder_version=&#8221;3.0.47&#8243;][et_pb_text _builder_version=&#8221;3.0.87&#8243; background_size=&#8221;initial&#8221; background_position=&#8221;top_left&#8221; background_repeat=&#8221;repeat&#8221; use_border_color=&#8221;off&#8221; border_color=&#8221;#ffffff&#8221; border_style=&#8221;solid&#8221;]<\/p>\n<h4>Du kan m\u00e5lrette din kommunikation ud fra modtagernes engagement<\/h4>\n<p>Det er nemt at filtrere p\u00e5 MailRating kategorierne. Opret blot et segment, der viser og kan sende til, enten VIP, Good, Average eller Poor modtagerne. P\u00e5 den m\u00e5de kan du m\u00e5lrette kampagner mod f.eks. dine bedste kunder. Eller endog opfordre modtagerne til at v\u00e6re aktive, for at kunne opn\u00e5 specielle tilbud, fordele eller rabatter.<\/p>\n<p>MailRating vurderer en score ud fra 16 forskellige v\u00e6rdier.<\/p>\n<p>MailRating er en del af alle abonnementer hos MarketingPlatform.<\/p>\n<p><a href=\"https:\/\/marketingplatform.com\/da\/artikler-presse\/mailrating-fra-mailplatform\/\">L\u00e6s pressemeddelelsen om MailRating<\/a>.<br \/>\n[\/et_pb_text][\/et_pb_column][et_pb_column type=&#8221;1_2&#8243; _builder_version=&#8221;3.0.47&#8243;][et_pb_image src=&#8221;https:\/\/marketingplatform.com\/wp-content\/uploads\/2017\/04\/mailrating-segment-creation-1.png&#8221; alt=&#8221;mailrating segment creation&#8221; align_tablet=&#8221;center&#8221; align_last_edited=&#8221;on|desktop&#8221; module_class=&#8221;image-border&#8221; _builder_version=&#8221;3.23&#8243; animation_style=&#8221;slide&#8221; animation_direction=&#8221;left&#8221; animation_duration=&#8221;500ms&#8221; animation_intensity_slide=&#8221;10%&#8221; use_border_color=&#8221;off&#8221; border_color=&#8221;#ffffff&#8221; border_style=&#8221;solid&#8221; animation=&#8221;left&#8221; sticky=&#8221;off&#8221;][\/et_pb_image][\/et_pb_column][\/et_pb_row][et_pb_row custom_padding=&#8221;27px|0px|0px|0px&#8221; admin_label=&#8221;row&#8221; _builder_version=&#8221;3.22.3&#8243; background_size=&#8221;initial&#8221; background_position=&#8221;top_left&#8221; background_repeat=&#8221;repeat&#8221;][et_pb_column type=&#8221;4_4&#8243; _builder_version=&#8221;3.0.47&#8243;][et_pb_text _builder_version=&#8221;3.0.87&#8243; background_size=&#8221;initial&#8221; background_position=&#8221;top_left&#8221; background_repeat=&#8221;repeat&#8221; use_border_color=&#8221;off&#8221; border_style=&#8221;solid&#8221;]<\/p>\n<h4>Webinar optagelse med gennemgang af MailRating<\/h4>\n<p>[\/et_pb_text][\/et_pb_column][\/et_pb_row][et_pb_row admin_label=&#8221;row&#8221; _builder_version=&#8221;3.22.3&#8243; background_size=&#8221;initial&#8221; background_position=&#8221;top_left&#8221; background_repeat=&#8221;repeat&#8221;][et_pb_column type=&#8221;4_4&#8243; _builder_version=&#8221;3.0.47&#8243;][et_pb_text _builder_version=&#8221;3.0.87&#8243; background_size=&#8221;initial&#8221; background_position=&#8221;top_left&#8221; background_repeat=&#8221;repeat&#8221; use_border_color=&#8221;off&#8221; border_style=&#8221;solid&#8221;] <iframe loading=\"lazy\" src=\"\/\/player.vimeo.com\/video\/95275836\" width=\"560\" height=\"315\" frameborder=\"0\" allowfullscreen=\"allowfullscreen\"><\/iframe><br \/>\n[\/et_pb_text][\/et_pb_column][\/et_pb_row][\/et_pb_section][et_pb_section fb_built=&#8221;1&#8243; module_class=&#8221;ressourcer-signup&#8221; _builder_version=&#8221;3.22.3&#8243; background_color=&#8221;#dee7f1&#8243; custom_padding=&#8221;7%||&#8221; top_divider_style=&#8221;asymmetric2&#8243; global_module=&#8221;19033&#8243; prev_background_color=&#8221;#ffffff&#8221;][et_pb_row custom_padding=&#8221;||10px&#8221; custom_margin=&#8221;||10px&#8221; _builder_version=&#8221;3.22.3&#8243; background_size=&#8221;initial&#8221; background_position=&#8221;top_left&#8221; background_repeat=&#8221;repeat&#8221;][et_pb_column type=&#8221;4_4&#8243; _builder_version=&#8221;3.0.47&#8243;][et_pb_text _builder_version=&#8221;3.19.18&#8243; text_orientation=&#8221;center&#8221;]<\/p>\n<h2 style=\"font-style: normal;\">Pr\u00f8v MarketingPlatform gratis i 14 dage<\/h2>\n<p style=\"font-style: normal;\">Pr\u00f8veperioden er gratis, helt uforpligtende og udl\u00f8ber efter 14 dage, hvis du ikke \u00f8nsker at forts\u00e6tte.<br \/>Ved tilmelding modtager du samtidig vores uddannelsesflow p\u00e5 en serie af mails \u2013 og vores nyhedsbrev.<\/p>\n<p>[\/et_pb_text][et_pb_code _builder_version=&#8221;3.19.9&#8243; text_orientation=&#8221;center&#8221; max_width=&#8221;98%&#8221; module_alignment=&#8221;center&#8221;]<!-- [et_pb_line_break_holder] --><\/p>\n<div class=\"myForm\"><!-- [et_pb_line_break_holder] --> <\/p>\n<div class=\"sign_up\"><!-- [et_pb_line_break_holder] --> <\/p>\n<div class=\"step1 text-box step_fir\"><!-- [et_pb_line_break_holder] --> <\/p>\n<div class=\"displayblock\"><input type=\"text\" name=\"email\" class=\"emailvalue\" placeholder=\"Indtast din e-mailadresse\" style=\"margin-right:5px; border-radius:2px; border:none!important;\"><\/div>\n<p><!-- [et_pb_line_break_holder] --> <\/p>\n<div class=\"displayblock\"><input type=\"button\" value=\"Ja tak - lad mig pr\u00f8ve!\" class=\"button trial-btn-blue step1btn\" style=\"background:#09cd6f!important; border:none!important; border-radius:2px;\"><\/div>\n<p><!-- [et_pb_line_break_holder] --> <\/div>\n<p><!-- [et_pb_line_break_holder] --> <\/p>\n<div class=\"step2 text-box\" style=\"display: none;\"><\/div>\n<p><!-- [et_pb_line_break_holder] --> <\/p>\n<div class=\"step2 text-box \" style=\"display: none;\"><!-- [et_pb_line_break_holder] --> <\/p>\n<div class=\"displayblock\" style=\"width: 400px;\"><input type=\"text\" name=\"CustomFields[496]\" class=\"CustomFields_496_51\" value=\"\" size=\"50\" placeholder=\"Firmanavn\" style=\"margin-right:5px; border-radius:2px; border:none!important;\"><\/div>\n<p><!-- [et_pb_line_break_holder] --> <\/p>\n<div class=\"displayblock\" style=\"width: 400px;\"><input type=\"text\" name=\"CustomFields[2]\" class=\"CustomFields_2_51\" value=\"\" size=\"50\" placeholder=\"Dit Navn\" style=\"margin-right:5px; border-radius:2px; border:none!important;\"><\/div>\n<p><!-- [et_pb_line_break_holder] --> <\/p>\n<div class=\"displayblock\" style=\"width: 400px;\"><input type=\"text\" name=\"CustomFields[497]\" class=\"CustomFields_497_51\" value=\"\" size=\"50\" placeholder=\"Mobil Nummer\" style=\"margin-right:5px; border-radius:2px; border:none!important;\"><\/div>\n<p><!-- [et_pb_line_break_holder] --> <\/p>\n<div class=\"displayblock sec_step_but\"><input id=\"step2\" type=\"button\" value=\"Ja tak - lad mig pr\u00f8ve!\" class=\"button trial-btn-blue step1btn\" style=\"background:#09cd6f!important; border:none!important; border-radius:2px;\"><\/div>\n<p><!-- [et_pb_line_break_holder] --> <\/p>\n<div><!-- [et_pb_line_break_holder] --> <\/p>\n<div style=\"display: none;\" id=\"alertSpan\"><!-- [et_pb_line_break_holder] --> <span style=\"color: red;\">Du skal udfylde alle felter<\/span><!-- [et_pb_line_break_holder] --> <\/div>\n<p><!-- [et_pb_line_break_holder] --> <\/div>\n<p><!-- [et_pb_line_break_holder] --> <\/p>\n<div><!-- [et_pb_line_break_holder] --> <\/p>\n<div style=\"display: none;\" id=\"alertEmailSpan\"><!-- [et_pb_line_break_holder] --> <span style=\"color: red;\">Indtast din e-mailadresse<\/span><!-- [et_pb_line_break_holder] --> <\/div>\n<p><!-- [et_pb_line_break_holder] --> <\/div>\n<p><!-- [et_pb_line_break_holder] --> <\/div>\n<p><!-- [et_pb_line_break_holder] --> <\/div>\n<p><!-- [et_pb_line_break_holder] --><\/div>\n<p>[\/et_pb_code][\/et_pb_column][\/et_pb_row][et_pb_row custom_padding=&#8221;0px||0px&#8221; custom_margin=&#8221;0px||0px&#8221; _builder_version=&#8221;3.22.3&#8243; max_width=&#8221;768px&#8221; use_custom_width=&#8221;on&#8221; custom_width_px=&#8221;768px&#8221;][et_pb_column type=&#8221;4_4&#8243; _builder_version=&#8221;3.19.9&#8243;][et_pb_code _builder_version=&#8221;3.19.9&#8243;]<\/p>\n<div class=\"awards-align\"><!-- [et_pb_line_break_holder] --><\/p>\n<div style=\"float:left; width:18%; text-align:center;   margin-right: 2%;\"><!-- [et_pb_line_break_holder] --><img decoding=\"async\" src=\"https:\/\/marketingplatform.com\/wp-content\/uploads\/2019\/02\/bauhaus-logo.png\" width=\"120\" style=\"margin:20px 0px 20px 0px;\"><!-- [et_pb_line_break_holder] --><\/div>\n<p><!-- [et_pb_line_break_holder] --><\/p>\n<div style=\"float:left; width:18%; text-align:center;    margin-right: 2%;\"><!-- [et_pb_line_break_holder] --><img decoding=\"async\" src=\"https:\/\/marketingplatform.com\/wp-content\/uploads\/2019\/02\/boconcept-logo.png\" width=\"120\" style=\"margin:25px 0px 20px 0px;\"><!-- [et_pb_line_break_holder] --><\/div>\n<p><!-- [et_pb_line_break_holder] --><\/p>\n<div style=\"float:left; width:18%;    margin-right: 2%;\"><!-- [et_pb_line_break_holder] --><img decoding=\"async\" src=\"https:\/\/marketingplatform.com\/wp-content\/uploads\/2019\/02\/avcables-logo.png\" width=\"130\" style=\"margin:26px 0px 20px 0px;\"><!-- [et_pb_line_break_holder] --><\/div>\n<p><!-- [et_pb_line_break_holder] --><\/p>\n<div style=\"float:left; width:18%; text-align:center;     margin-right: 1%;\"><!-- [et_pb_line_break_holder] --><img decoding=\"async\" src=\"https:\/\/marketingplatform.com\/wp-content\/uploads\/2019\/02\/kop-kande-logo.png\" width=\"120\" style=\"margin:24px 0px 20px 0px;\"><!-- [et_pb_line_break_holder] --><\/div>\n<p><!-- [et_pb_line_break_holder] --><\/p>\n<div style=\"float:left; width:18%;      margin-right: 2%;  text-align: center;\"><!-- [et_pb_line_break_holder] --><img decoding=\"async\" src=\"https:\/\/marketingplatform.com\/wp-content\/uploads\/2019\/02\/verisure-logo.png\" width=\"100\" style=\"margin:16px 0px 20px 0px;\"><!-- [et_pb_line_break_holder] --><\/div>\n<p><!-- [et_pb_line_break_holder] --><\/div>\n<p>[\/et_pb_code][\/et_pb_column][\/et_pb_row][\/et_pb_section]<\/p>\n","protected":false},"excerpt":{"rendered":"<p>MailRating by MarketingPlatform MailRating er en unik funktion, du kun finder hos MarketingPlatform. Funktionen har et overordnet form\u00e5l, at sikre den mest optimale levering af dine nyhedsbreve og kampagner. Samtidig kan du lave segmenter, der kan sende alle former for kampagner (b\u00e5de email, SMS og automatiske kampagner) til dine VIP, Good, Average eller Poor ratede [&hellip;]<\/p>\n","protected":false},"author":50,"featured_media":0,"parent":0,"menu_order":0,"comment_status":"closed","ping_status":"closed","template":"","meta":{"_et_pb_use_builder":"on","_et_pb_old_content":"<p><img class=\"scale-with-grid image-border alignleft\" title=\"\" src=\"https:\/\/marketingplatform.com\/wp-content\/uploads\/2017\/04\/mailrating-mailplatform.jpg\" alt=\"\" width=\"285\" height=\"343\" \/>MailRating er en unik funktion, du kun finder hos MarketingPlatform. Funktionen har et overordnet form\u00e5l, at sikre den mest optimale levering af dine nyhedsbreve og kampagner.<\/p><p>Samtidig kan du lave segmenter, der kan sende alle former for kampagner (b\u00e5de email, SMS og automatiske kampagner) til dine VIP, Good, Average eller Poor ratede kontakter.<\/p><p>MailRating fungerer i det skjulte. Hver gang en modtager \u00e5bner en kampagne, klikker eller g\u00f8r andre positive handlinger, vil vi \u00f8ge modtagerens rating. Omvendt vil vi tr\u00e6kke point fra ratingen, hvis modtagerne ikke l\u00e6ngere er interesserede i de mails I sender.<\/p><p>Det kan lidt betragtes som en trappe, hvor der er et antal trin over og under overfladen.<\/p><p>God levering handler i h\u00f8j grad om engagement (det engelske ord for involvering og interaktion). Med MailRating sikrer vi leveringsm\u00e6ssigt den mest optimale engagement mulig.<\/p><p>\u00a0<\/p><blockquote id=\"testimonial-3d2506ce3a9b9194e3e9ea730691a603\" class=\"testimonial testimonial-style-1\"><p>MailRating er en unik funktion hos MarketingPlatform. Udover at sikre optimal levering af dine kampagner, kan du ogs\u00e5 m\u00e5lrette tilbud til kunder ud fra deres adf\u00e6rd.<\/p><p><cite>Kim \u00d8stergaard, <span class=\"op-testimonial-company\">grundl\u00e6gger af MarketingPlatform<\/span><br \/> <\/cite><\/p><\/blockquote><p><img class=\"scale-with-grid image-border alignright\" title=\"\" src=\"https:\/\/marketingplatform.com\/wp-content\/uploads\/2017\/04\/mailrating-screenshot-good.png\" alt=\"\" width=\"371\" height=\"193\" \/><\/p><h2 class=\"headline-style-2\" style=\"font-size: 25px; font-family: 'Source Sans Pro', sans-serif; font-weight: bold; text-align: left; margin-bottom: 20px;\">VIP, Good, Average eller Poor score i MailRating<\/h2><p>\u00a0<\/p><p>Der findes 4 forskellige kategoriseringer i MailRating.<\/p><p>Vi kalder segmenterne for VIP, Good, Average og Poor.<\/p><p>VIP er dine mest aktive modtagere. Det er dem der stort set altid \u00e5bner, klikker og p\u00e5 anden m\u00e5de viser aktivitet i dine udsendte kampagner. Sandsynligvis er det ogs\u00e5 dine bedste kunder, hvis du driver handel p\u00e5 nyhedsbrevene.<\/p><p>Gold er ogs\u00e5 gode modtagere. En Good modtager er fornuftig aktiv, og har oftest et potentiel i at blive mere aktiv. Er modtageren g\u00e5et fra VIP til Good, b\u00f8r der iv\u00e6rks\u00e6ttes nogle lytte tiltag - det kunne f.eks. v\u00e6re udsendelse af et sp\u00f8rgeskema for at fange udfordringer i opl\u00f8bet. Good er ogs\u00e5 startsegmentet for bekr\u00e6ftede modtagere.<\/p><p>Average er startsegmentet for ikke bekr\u00e6ftede modtagere. En average modtager har en fornuftig aktivitet, men kan ikke betragtes som en ambassad\u00f8r eller meget aktiv modtager. Poor segmentet er vejen mod en deaktivering af modtageren. Det er vigtigt at lave s\u00e6rlige tiltag for personerne i dette segment.<\/p><h2 class=\"headline-style-2\" style=\"font-size: 25px; font-family: 'Source Sans Pro', sans-serif; font-weight: bold; text-align: left; margin-bottom: 20px;\">Du kan m\u00e5lrette din kommunikation ud fra modtagernes engagement<\/h2><p><img class=\"scale-with-grid image-border alignleft\" title=\"\" src=\"https:\/\/marketingplatform.com\/wp-content\/uploads\/2017\/04\/mailrating-segment-creation-1.png\" alt=\"\" width=\"515\" height=\"166\" \/>Det er nemt at filtrere p\u00e5 MailRating kategorierne. Opret blot et segment, der viser og kan sende til, enten VIP, Good, Average eller Poor modtagerne. P\u00e5 den m\u00e5de kan du m\u00e5lrette kampagner mod f.eks. dine bedste kunder. Eller endog opfordre modtagerne til at v\u00e6re aktive, for at kunne opn\u00e5 specielle tilbud, fordele eller rabatter.<\/p><p>MailRating vurderer en score ud fra 16 forskellige v\u00e6rdier.<\/p><p><a href=\"https:\/\/mailplatform.dk\/mailplatform-gratis-proveadgang\/\">Pr\u00f8v os gratis i 30 dage - og oplev forskellen p\u00e5 din leveringsevne<\/a>.<\/p><p>MailRating er en del af alle abonnementer hos MailPlatform.<\/p><p><a href=\"https:\/\/mailplatform.dk\/artikler-presse\/mailrating-fra-mailplatform-levering-til-indbakken-med-regler-og-algoritmer\/\">L\u00e6s pressemeddelelsen om MailRating<\/a>.<\/p><p>\u00a0<\/p><h2 class=\"headline-style-2\" style=\"font-size: 25px; font-family: 'Source Sans Pro', sans-serif; font-weight: bold; text-align: left; margin-bottom: 20px;\">Webinar optagelse med gennemgang af MailRating<\/h2><div id=\"le_body_row_1_col_1_el_9\" class=\"element-container cf\" data-style=\"\"><iframe src=\"\/\/player.vimeo.com\/video\/95275836\" width=\"560\" height=\"315\" frameborder=\"0\" allowfullscreen=\"allowfullscreen\"><\/iframe><\/div>","_et_gb_content_width":"","footnotes":""},"categories":[],"tags":[],"yst_prominent_words":[2512,2516,2518,2521,2522,4907,2519,123,2520,2510,2508,452,670,2517,5512,2513,2511,2507,2509,2506],"_links":{"self":[{"href":"https:\/\/marketingplatform.com\/da\/wp-json\/wp\/v2\/pages\/6736"}],"collection":[{"href":"https:\/\/marketingplatform.com\/da\/wp-json\/wp\/v2\/pages"}],"about":[{"href":"https:\/\/marketingplatform.com\/da\/wp-json\/wp\/v2\/types\/page"}],"author":[{"embeddable":true,"href":"https:\/\/marketingplatform.com\/da\/wp-json\/wp\/v2\/users\/50"}],"replies":[{"embeddable":true,"href":"https:\/\/marketingplatform.com\/da\/wp-json\/wp\/v2\/comments?post=6736"}],"version-history":[{"count":0,"href":"https:\/\/marketingplatform.com\/da\/wp-json\/wp\/v2\/pages\/6736\/revisions"}],"wp:attachment":[{"href":"https:\/\/marketingplatform.com\/da\/wp-json\/wp\/v2\/media?parent=6736"}],"wp:term":[{"taxonomy":"category","embeddable":true,"href":"https:\/\/marketingplatform.com\/da\/wp-json\/wp\/v2\/categories?post=6736"},{"taxonomy":"post_tag","embeddable":true,"href":"https:\/\/marketingplatform.com\/da\/wp-json\/wp\/v2\/tags?post=6736"},{"taxonomy":"yst_prominent_words","embeddable":true,"href":"https:\/\/marketingplatform.com\/da\/wp-json\/wp\/v2\/yst_prominent_words?post=6736"}],"curies":[{"name":"wp","href":"https:\/\/api.w.org\/{rel}","templated":true}]}}