{"id":6729,"date":"2017-04-21T08:21:54","date_gmt":"2017-04-21T06:21:54","guid":{"rendered":"https:\/\/marketingplatform.com\/?page_id=6729\/"},"modified":"2021-03-17T20:29:41","modified_gmt":"2021-03-17T19:29:41","slug":"dynamisk-indhold-i-nyhedsbreve","status":"publish","type":"page","link":"https:\/\/marketingplatform.com\/da\/dynamisk-indhold-i-nyhedsbreve\/","title":{"rendered":"Dynamisk indhold &#8211; ogs\u00e5 kaldet Dynamic Content"},"content":{"rendered":"<p>[et_pb_section fb_built=&#8221;1&#8243; admin_label=&#8221;Section&#8221; _builder_version=&#8221;3.22.3&#8243; transparent_background=&#8221;off&#8221;][et_pb_row admin_label=&#8221;Row&#8221; _builder_version=&#8221;3.25&#8243; background_size=&#8221;initial&#8221; background_position=&#8221;top_left&#8221; background_repeat=&#8221;repeat&#8221;][et_pb_column type=&#8221;4_4&#8243; _builder_version=&#8221;3.25&#8243; custom_padding=&#8221;|||&#8221; custom_padding__hover=&#8221;|||&#8221;][et_pb_text admin_label=&#8221;Text&#8221; _builder_version=&#8221;4.5.3&#8243; background_size=&#8221;initial&#8221; background_position=&#8221;top_left&#8221; background_repeat=&#8221;repeat&#8221; hover_enabled=&#8221;0&#8243; use_border_color=&#8221;off&#8221; border_color=&#8221;#ffffff&#8221; border_style=&#8221;solid&#8221; header_font=&#8221;|800|||||||&#8221;]<\/p>\n<h1>Regelbaseret indhold\u00a0&#8211; ogs\u00e5 kaldet Rule-based Content<\/h1>\n<p>Send det samme nyhedsbrev til hele din liste, men modtagerne vil f\u00e5 en tilpasset version, der matcher deres pr\u00e6ferencer i MarketingPlatform.\u00a0Det lyder m\u00e5ske kompliceret, men det er slet ikke tilf\u00e6ldet. Det er enkelt at ops\u00e6tte og arbejde med i det daglige. Vi kalder der regelbaseret indhold.<\/p>\n<p>Regelbaseret indhold er indhold, der skifter og tilpasser sig den enkelte modtager. I stedet for at lave segmenter og sende mange forskellige kampagner, kan regelbaseret indhold udskifte dele af nyhedsbrevet p\u00e5 en mere intelligent m\u00e5de, og du kan s\u00e5ledes n\u00f8jes med at lave \u00e9n kampagne til flere forskellige m\u00e5lgrupper.<\/p>\n<p>Hvis du foretr\u00e6kker at lave helt forskellige nyhedsbreve, til de forskellige grupper, b\u00f8r segmentering og funktionen <a href=\"https:\/\/marketingplatform.com\/da\/segmenter\/\">Segmenter<\/a> anvendes i stedet.<\/p>\n<p>Som eksempel kan indhold skifte dynamisk efter feltet K\u00f8n.\u00a0Modtagerne med v\u00e6rdien &#8220;Mand&#8221; vil f\u00e5 indhold matchende m\u00e6nd vist i blokken.<\/p>\n<p>Blokken er samtidigt standard, og vil dermed ogs\u00e5 blive sendt til modtagere uden v\u00e6rdi i feltet K\u00f8n.<\/p>\n<p>[\/et_pb_text][\/et_pb_column][\/et_pb_row][et_pb_row column_structure=&#8221;1_5,1_5,1_5,1_5,1_5&#8243; _builder_version=&#8221;3.25&#8243; hover_enabled=&#8221;0&#8243;][et_pb_column type=&#8221;1_5&#8243; _builder_version=&#8221;3.25&#8243; custom_padding=&#8221;|||&#8221; custom_padding__hover=&#8221;|||&#8221;][et_pb_image src=&#8221;https:\/\/marketingplatform.com\/wp-content\/uploads\/2020\/03\/med24-logo-2.png&#8221; title_text=&#8221;med24 logo-2&#8243; _builder_version=&#8221;4.5.3&#8243; max_width=&#8221;75%&#8221; module_alignment=&#8221;center&#8221; custom_padding=&#8221;7px||&#8221;][\/et_pb_image][\/et_pb_column][et_pb_column type=&#8221;1_5&#8243; _builder_version=&#8221;3.25&#8243; custom_padding=&#8221;|||&#8221; custom_padding__hover=&#8221;|||&#8221;][et_pb_image src=&#8221;https:\/\/marketingplatform.com\/wp-content\/uploads\/2020\/06\/nupo_logo.png&#8221; title_text=&#8221;nupo_logo&#8221; _builder_version=&#8221;4.5.3&#8243; width=&#8221;75%&#8221; module_alignment=&#8221;center&#8221; custom_padding=&#8221;15px||&#8221;][\/et_pb_image][\/et_pb_column][et_pb_column type=&#8221;1_5&#8243; _builder_version=&#8221;3.25&#8243; custom_padding=&#8221;|||&#8221; custom_padding__hover=&#8221;|||&#8221;][et_pb_image src=&#8221;https:\/\/marketingplatform.com\/wp-content\/uploads\/2020\/03\/dao.png&#8221; _builder_version=&#8221;4.5.3&#8243; max_width=&#8221;60%&#8221; max_width_tablet=&#8221;87%&#8221; max_width_phone=&#8221;86%&#8221; max_width_last_edited=&#8221;on|desktop&#8221; module_alignment=&#8221;center&#8221; custom_padding=&#8221;2px||||false|false&#8221; hover_enabled=&#8221;0&#8243; title_text=&#8221;dao&#8221;][\/et_pb_image][\/et_pb_column][et_pb_column type=&#8221;1_5&#8243; _builder_version=&#8221;3.25&#8243; custom_padding=&#8221;|||&#8221; custom_padding__hover=&#8221;|||&#8221;][et_pb_image src=&#8221;https:\/\/marketingplatform.com\/wp-content\/uploads\/2020\/01\/kinodk.png&#8221; title_text=&#8221;kinodk&#8221; _builder_version=&#8221;4.5.3&#8243; module_alignment=&#8221;center&#8221; custom_padding=&#8221;7px||||false|false&#8221;][\/et_pb_image][\/et_pb_column][et_pb_column type=&#8221;1_5&#8243; _builder_version=&#8221;3.25&#8243; custom_padding=&#8221;|||&#8221; custom_padding__hover=&#8221;|||&#8221;][et_pb_image src=&#8221;https:\/\/marketingplatform.com\/wp-content\/uploads\/2019\/03\/primo-tours-logo.png&#8221; _builder_version=&#8221;4.0.2&#8243; max_width=&#8221;36%&#8221; max_width_tablet=&#8221;34%&#8221; max_width_phone=&#8221;32%&#8221; max_width_last_edited=&#8221;on|tablet&#8221; module_alignment=&#8221;center&#8221; custom_margin=&#8221;||||false|false&#8221; custom_padding=&#8221;||||false|false&#8221;][\/et_pb_image][\/et_pb_column][\/et_pb_row][et_pb_row admin_label=&#8221;Row&#8221; _builder_version=&#8221;3.25&#8243; background_size=&#8221;initial&#8221; background_position=&#8221;top_left&#8221; background_repeat=&#8221;repeat&#8221;][et_pb_column type=&#8221;4_4&#8243; _builder_version=&#8221;3.25&#8243; custom_padding=&#8221;|||&#8221; custom_padding__hover=&#8221;|||&#8221;][et_pb_text admin_label=&#8221;Text&#8221; _builder_version=&#8221;4.5.3&#8243; background_size=&#8221;initial&#8221; background_position=&#8221;top_left&#8221; background_repeat=&#8221;repeat&#8221; hover_enabled=&#8221;0&#8243; use_border_color=&#8221;off&#8221; border_style=&#8221;solid&#8221; header_4_font=&#8221;|800|||||||&#8221;]<\/p>\n<h4><img decoding=\"async\" loading=\"lazy\" class=\"alignleft wp-image-6732 image-border\" src=\"..\/..\/wp-content\/uploads\/2017\/04\/salgsperson-mailplatform-dynamiskindhold-eksempel.jpg\" alt=\"\" width=\"335\" height=\"502\" srcset=\"https:\/\/marketingplatform.com\/wp-content\/uploads\/2017\/04\/salgsperson-mailplatform-dynamiskindhold-eksempel.jpg 566w, https:\/\/marketingplatform.com\/wp-content\/uploads\/2017\/04\/salgsperson-mailplatform-dynamiskindhold-eksempel-200x300.jpg 200w\" sizes=\"(max-width: 335px) 100vw, 335px\" \/>Skift s\u00e6lger afh\u00e6ngig af modtageren<\/h4>\n<p>Et klassisk scenarie for mange af vore B2B kunder, er behovet for en mere personlig dialog med modtagerne.<\/p>\n<p>Mange virksomheder har forskellige s\u00e6lgere eller key account managere til at varetage forskellige kunder.<\/p>\n<p>Ved at overf\u00f8re s\u00e6lgerrelationen til MarketingPlatform, kan systemet automatisk inds\u00e6tte den rigtige kontaktperson med feks billede og direkte kontaktinformation i de udsendte kampagner.<\/p>\n<p>Hvor stor en del af kampagnen, der skal komme fra regelbaserede indhold kan du helt selv afg\u00f8re.<\/p>\n<p>Lad os blive i eksemplet fra f\u00f8r. Hvis der ikke findes en s\u00e6lgerpreference p\u00e5 en kontakt, vil den dynamiske blok, der er gjort til standard, blive sendt til den p\u00e5g\u00e6ldende kontakt.\u00a0Det kan f.eks. v\u00e6re til salgschefen eller direkte til virksomheden.<\/p>\n<p>De dynamiske regelbaserede blokke kan ogs\u00e5 inds\u00e6ttes efter feks postnummer, hvor et sp\u00e6nd fra 6000-7000 kan tildeles s\u00e6lger 1 og 7000-7500 til s\u00e6lger 2 og s\u00e5 fremdeles.\u00a0Det er kun din virksomheds data der s\u00e6tter begr\u00e6nsningen.<\/p>\n<p>M\u00e5lretningen kan ogs\u00e5 laves p\u00e5 modtagernes tidligere adf\u00e6rd. I forhold til adf\u00e6rden p\u00e5 den nuv\u00e6rende kampagne, kan en Trigger kampagne f\u00f8lge op &#8211; og ogs\u00e5 notificere s\u00e6lgere om aktive kunder.<\/p>\n<p>[\/et_pb_text][\/et_pb_column][\/et_pb_row][et_pb_row admin_label=&#8221;Row&#8221; _builder_version=&#8221;3.25&#8243; background_size=&#8221;initial&#8221; background_position=&#8221;top_left&#8221; background_repeat=&#8221;repeat&#8221;][et_pb_column type=&#8221;4_4&#8243; _builder_version=&#8221;3.25&#8243; custom_padding=&#8221;|||&#8221; custom_padding__hover=&#8221;|||&#8221;][et_pb_text admin_label=&#8221;Text&#8221; _builder_version=&#8221;4.5.3&#8243; background_size=&#8221;initial&#8221; background_position=&#8221;top_left&#8221; background_repeat=&#8221;repeat&#8221; hover_enabled=&#8221;0&#8243; use_border_color=&#8221;off&#8221; border_style=&#8221;solid&#8221; header_3_font=&#8221;|800|||||||&#8221;]<\/p>\n<h3>Indholdet i en blok kan opdateres automatisk<\/h3>\n<p>Ved at lade indholdet i en eller flere blokke blive opdateret gennem vores API fra et storemanagersystem eller \u00f8konomisystem, f.eks. blokke med butikkers adresser og \u00e5bningstider, vil mange manuelle processer kunne undg\u00e5s.<\/p>\n<p>Flere kunder indenfor detailsegmentet anvender <a href=\"..\/xmlapi-webservice\/\">API funktionen<\/a> til netop dette form\u00e5l og har p\u00e5 den m\u00e5de altid opdaterede informationer i alle kampagner.<\/p>\n<h4><\/h4>\n<h4><\/h4>\n<h3>At kombinere feeds med det regelbaserede indhold<\/h3>\n<p>En anden l\u00f8sningsmodel er at lade\u00a0feeds f\u00f8de indholdet i de regelbaserede blokke. Dermed kan f.eks. et produktfeed fra din webshop fuldautomatisk opdatere indholdet i fremtidige kampagner, alt imens den regelbaserede blok s\u00f8rger for m\u00e5lretningen til hver enkelt gruppe af modtagere.<\/p>\n<p>Anvendes funktionerne i kombination anbefaler vi, at standard blokken falder tilbage p\u00e5 et feed, der rummer en bred vifte af produkter eller andet indhold.<\/p>\n<p>[\/et_pb_text][\/et_pb_column][\/et_pb_row][et_pb_row admin_label=&#8221;Row&#8221; _builder_version=&#8221;3.25&#8243; background_size=&#8221;initial&#8221; background_position=&#8221;top_left&#8221; background_repeat=&#8221;repeat&#8221;][et_pb_column type=&#8221;4_4&#8243; _builder_version=&#8221;3.25&#8243; custom_padding=&#8221;|||&#8221; custom_padding__hover=&#8221;|||&#8221;][et_pb_text admin_label=&#8221;Text&#8221; _builder_version=&#8221;4.5.3&#8243; background_size=&#8221;initial&#8221; background_position=&#8221;top_left&#8221; background_repeat=&#8221;repeat&#8221; hover_enabled=&#8221;0&#8243; use_border_color=&#8221;off&#8221; border_style=&#8221;solid&#8221; header_3_font=&#8221;|800|||||||&#8221;]<\/p>\n<h3>En lidt mere teknisk forklaring<\/h3>\n<p>Regelbaseret indhold er en slags &#8220;enten eller&#8221; funktion &#8211; det man p\u00e5 engelsk kalder for IF THEN ELSE tilsat en mulighed for standard indhold.<\/p>\n<p>Skematisk forklaret fungerer funktionen s\u00e5ledes:\u00a0Der oprettes f\u00f8rst et dynamisk tag, der kan rumme mange indholdselementer. Hvert indholdselement bindes til et udtryk, feks feltet K\u00f8n = Mand. Et andet element til K\u00f8n = Kvinde. Det oprettede tag, lad os kalde det for %%ditfirma-gender%%, inds\u00e6ttes hvor det \u00f8nskes i en kampagne, en webform eller automatiske kampagner.<\/p>\n<p>Vi har gjort det ekstra nemt, at anvende tags i MarketingPlatform Builder, vores drag-and-drop editor, hvor en blok kan tr\u00e6kkes ind og automatisk fungere som placeholder for regelbaseret indhold.\u00a0Ved udsendelse af kampagnen vil systemet matche hver enkelt udryk individuelt med modtagerne. M\u00e6nd vil modtage deres indhold og kvinder indholdet m\u00e5lrettet dette k\u00f8n.<\/p>\n<p>[\/et_pb_text][\/et_pb_column][\/et_pb_row][\/et_pb_section][et_pb_section fb_built=&#8221;1&#8243; custom_padding_last_edited=&#8221;on|phone&#8221; module_class=&#8221;ressourcer-signup&#8221; _builder_version=&#8221;4.5.3&#8243; background_color=&#8221;#dee7f1&#8243; background_enable_color=&#8221;off&#8221; custom_padding=&#8221;||||false|false&#8221; custom_padding_tablet=&#8221;||||false|false&#8221; custom_padding_phone=&#8221;||||false|false&#8221; top_divider_style=&#8221;asymmetric2&#8243; top_divider_color=&#8221;#ffffff&#8221; top_divider_height=&#8221;60px&#8221; global_module=&#8221;19033&#8243;][et_pb_row custom_padding_last_edited=&#8221;on|phone&#8221; _builder_version=&#8221;4.5.3&#8243; background_color=&#8221;#152872&#8243; background_size=&#8221;initial&#8221; background_position=&#8221;top_left&#8221; background_repeat=&#8221;repeat&#8221; custom_margin=&#8221;||||false|false&#8221; custom_padding=&#8221;100px||100px||false|false&#8221; custom_padding_tablet=&#8221;50px|20px|50px|20px|false|false&#8221; custom_padding_phone=&#8221;40px||||false|false&#8221; border_radii=&#8221;on|22px|22px|22px|22px&#8221;][et_pb_column type=&#8221;4_4&#8243; _builder_version=&#8221;3.25&#8243; custom_padding=&#8221;|||&#8221; custom_padding__hover=&#8221;|||&#8221;][et_pb_text _builder_version=&#8221;4.5.3&#8243; text_text_color=&#8221;#ffffff&#8221; header_2_font=&#8221;|800|||||||&#8221; header_2_text_color=&#8221;#ffffff&#8221; text_orientation=&#8221;center&#8221;]<\/p>\n<h2>Pr\u00f8v MarketingPlatform gratis i 14 dage<\/h2>\n<p><span style=\"color:#fff;\">Pr\u00f8veperioden er gratis, helt uforpligtende og udl\u00f8ber efter 14 dage, hvis du ikke \u00f8nsker at forts\u00e6tte.<br \/>\nVed tilmelding modtager du samtidig vores uddannelsesflow p\u00e5 en serie af mails \u2013 og vores nyhedsbrev.<\/span>[\/et_pb_text][et_pb_code _builder_version=&#8221;4.5.3&#8243; _module_preset=&#8221;default&#8221; width=&#8221;40%&#8221; width_tablet=&#8221;100%&#8221; width_phone=&#8221;95%&#8221; width_last_edited=&#8221;on|tablet&#8221; module_alignment=&#8221;center&#8221;]<a href=\"https:\/\/marketingplatform.com\/da\/book-emailplatform-demo\/\"><\/p>\n<div class=\"bookdemobtn\">Book demo<\/div>\n<p><\/a><!-- [et_pb_line_break_holder] --><a href=\"https:\/\/marketingplatform.com\/da\/gratis-proeveversion\/\"><\/p>\n<div class=\"signupbtn\">Pr\u00f8v os gratis<\/div>\n<p><\/a><!-- [et_pb_line_break_holder] --><\/p>\n<div class=\"clearfix\"><\/div>\n<p>[\/et_pb_code][\/et_pb_column][\/et_pb_row][\/et_pb_section]<\/p>\n","protected":false},"excerpt":{"rendered":"<p>Regelbaseret indhold\u00a0&#8211; ogs\u00e5 kaldet Rule-based Content Send det samme nyhedsbrev til hele din liste, men modtagerne vil f\u00e5 en tilpasset version, der matcher deres pr\u00e6ferencer i MarketingPlatform.\u00a0Det lyder m\u00e5ske kompliceret, men det er slet ikke tilf\u00e6ldet. Det er enkelt at ops\u00e6tte og arbejde med i det daglige. Vi kalder der regelbaseret indhold. Regelbaseret indhold er [&hellip;]<\/p>\n","protected":false},"author":50,"featured_media":0,"parent":0,"menu_order":0,"comment_status":"closed","ping_status":"closed","template":"","meta":{"_et_pb_use_builder":"on","_et_pb_old_content":"","_et_gb_content_width":"","footnotes":""},"categories":[],"tags":[],"yst_prominent_words":[4878,1177,1172,1173,4905,4883,77,1170,1174,4907,1171,4872,4920,603,1175,606,605,4882,4871,4881],"_links":{"self":[{"href":"https:\/\/marketingplatform.com\/da\/wp-json\/wp\/v2\/pages\/6729"}],"collection":[{"href":"https:\/\/marketingplatform.com\/da\/wp-json\/wp\/v2\/pages"}],"about":[{"href":"https:\/\/marketingplatform.com\/da\/wp-json\/wp\/v2\/types\/page"}],"author":[{"embeddable":true,"href":"https:\/\/marketingplatform.com\/da\/wp-json\/wp\/v2\/users\/50"}],"replies":[{"embeddable":true,"href":"https:\/\/marketingplatform.com\/da\/wp-json\/wp\/v2\/comments?post=6729"}],"version-history":[{"count":7,"href":"https:\/\/marketingplatform.com\/da\/wp-json\/wp\/v2\/pages\/6729\/revisions"}],"predecessor-version":[{"id":66733,"href":"https:\/\/marketingplatform.com\/da\/wp-json\/wp\/v2\/pages\/6729\/revisions\/66733"}],"wp:attachment":[{"href":"https:\/\/marketingplatform.com\/da\/wp-json\/wp\/v2\/media?parent=6729"}],"wp:term":[{"taxonomy":"category","embeddable":true,"href":"https:\/\/marketingplatform.com\/da\/wp-json\/wp\/v2\/categories?post=6729"},{"taxonomy":"post_tag","embeddable":true,"href":"https:\/\/marketingplatform.com\/da\/wp-json\/wp\/v2\/tags?post=6729"},{"taxonomy":"yst_prominent_words","embeddable":true,"href":"https:\/\/marketingplatform.com\/da\/wp-json\/wp\/v2\/yst_prominent_words?post=6729"}],"curies":[{"name":"wp","href":"https:\/\/api.w.org\/{rel}","templated":true}]}}