{"id":6657,"date":"2017-04-20T13:44:03","date_gmt":"2017-04-20T11:44:03","guid":{"rendered":"https:\/\/marketingplatform.com\/?page_id=6657\/"},"modified":"2021-10-27T13:38:31","modified_gmt":"2021-10-27T11:38:31","slug":"sms-markedsfoering","status":"publish","type":"page","link":"https:\/\/marketingplatform.com\/da\/sms-markedsfoering\/","title":{"rendered":"SMS markedsf\u00f8ring"},"content":{"rendered":"<p>[et_pb_section fb_built=&#8221;1&#8243; module_id=&#8221;industries-tablet&#8221; _builder_version=&#8221;4.0.2&#8243; custom_padding=&#8221;||0px||false|false&#8221; global_colors_info=&#8221;{}&#8221;][et_pb_row column_structure=&#8221;3_4,1_4&#8243; custom_padding_last_edited=&#8221;on|phone&#8221; disabled_on=&#8221;off|off|off&#8221; module_id=&#8221;sms-show&#8221; module_class=&#8221;custom_row&#8221; _builder_version=&#8221;4.0.2&#8243; custom_padding=&#8221;||50px||false|false&#8221; custom_padding_tablet=&#8221;&#8221; custom_padding_phone=&#8221;&#8221; hover_enabled=&#8221;0&#8243; global_colors_info=&#8221;{}&#8221; sticky_enabled=&#8221;0&#8243;][et_pb_column type=&#8221;3_4&#8243; _builder_version=&#8221;4.0.2&#8243; global_colors_info=&#8221;{}&#8221;][et_pb_text _builder_version=&#8221;4.11.2&#8243; background_size=&#8221;initial&#8221; background_position=&#8221;top_left&#8221; background_repeat=&#8221;repeat&#8221; hover_enabled=&#8221;0&#8243; use_border_color=&#8221;off&#8221; global_colors_info=&#8221;{}&#8221; sticky_enabled=&#8221;0&#8243;]<\/p>\n<h1>SMS Markedsf\u00f8ring<\/h1>\n<p>SMS markedsf\u00f8ring, eller <a href=\"\/da\/sms-marketing\/\">SMS marketing<\/a>, er enormt effektivt, selvom mange har d\u00f8mt det ude og gammeldags. Det er korrekt at den uintelligente form for SMS markedsf\u00f8ring, der hvor beskederne pumpes hovedl\u00f8st ud, mere vil blive opfattet som SPAM hos modtagerne. SMS har karakter af en slags alert, den larmer og popper op hos de fleste, og b\u00f8r derfor anvendes med varsomhed.<\/p>\n<p>Det koster fra 13-35 \u00f8re at udsende en markedsf\u00f8rings SMS med MarketingPlatform til danske mobilnumre. Priserne til andre lande er vidt forskellige. Danmark er et af de billigste lande. Det er ikke unormalt at betale det dobbelte eller tredobbelte til flere andre europ\u00e6iske landes mobiltelefoner.<\/p>\n<p>[\/et_pb_text][\/et_pb_column][et_pb_column type=&#8221;1_4&#8243; _builder_version=&#8221;4.0.2&#8243; global_colors_info=&#8221;{}&#8221;][et_pb_text _builder_version=&#8221;4.0.2&#8243; global_colors_info=&#8221;{}&#8221;]<img decoding=\"async\" loading=\"lazy\" class=\"scale-with-grid image-border aligncenter\" src=\"https:\/\/marketingplatform.com\/wp-content\/uploads\/2017\/04\/iphones.png\" alt=\"SMS markedsf\u00f8ring\" width=\"241\" height=\"199\" \/>[\/et_pb_text][\/et_pb_column][\/et_pb_row][\/et_pb_section][et_pb_section fb_built=&#8221;1&#8243; admin_label=&#8221;section&#8221; module_id=&#8221;industries-tablet&#8221; _builder_version=&#8221;4.0.2&#8243; custom_padding=&#8221;0px||||false|false&#8221; transparent_background=&#8221;off&#8221; global_colors_info=&#8221;{}&#8221;][et_pb_row column_structure=&#8221;1_3,2_3&#8243; custom_padding_last_edited=&#8221;on|phone&#8221; module_id=&#8221;industries-tablet&#8221; module_class=&#8221;custom_row&#8221; _builder_version=&#8221;4.0.2&#8243; custom_padding=&#8221;||50px||false|false&#8221; custom_padding_tablet=&#8221;&#8221; custom_padding_phone=&#8221;&#8221; global_colors_info=&#8221;{}&#8221;][et_pb_column type=&#8221;1_3&#8243; _builder_version=&#8221;4.0.2&#8243; global_colors_info=&#8221;{}&#8221;][et_pb_text _builder_version=&#8221;4.0.2&#8243; custom_padding=&#8221;||10px||false|false&#8221; hover_enabled=&#8221;0&#8243; global_colors_info=&#8221;{}&#8221; sticky_enabled=&#8221;0&#8243;]<img decoding=\"async\" loading=\"lazy\" class=\"scale-with-grid aligncenter image-border\" title=\"\" src=\"https:\/\/marketingplatform.com\/wp-content\/uploads\/2017\/04\/sms-1.png\" alt=\"sms-markedsforing-mailplatform-bekraeftmodtagere\" width=\"385\" height=\"225\" \/>[\/et_pb_text][\/et_pb_column][et_pb_column type=&#8221;2_3&#8243; _builder_version=&#8221;4.0.2&#8243; global_colors_info=&#8221;{}&#8221;][et_pb_text _builder_version=&#8221;4.0.2&#8243; background_size=&#8221;initial&#8221; background_position=&#8221;top_left&#8221; background_repeat=&#8221;repeat&#8221; custom_padding=&#8221;10px||||false|false&#8221; use_border_color=&#8221;off&#8221; border_style=&#8221;solid&#8221; global_colors_info=&#8221;{}&#8221;]<\/p>\n<h4>SMS som bekr\u00e6ftelse<\/h4>\n<p>&#8220;Tak fordi du har tilmeldt dig vores elektroniske markedsf\u00f8ring. Klik her for at bekr\u00e6fte din tilmelding.&#8221;. Denne form for besked kaldes ogs\u00e5 en double-opt-in meddelelse, og fungerer enormt effektivt p\u00e5 SMS. Flere kunder forsinker SMS autoresponderen, som den automatiske udsendelses funktion hedder i MarketingPlatform, en time eller to, og lader den f\u00f8rste bekr\u00e6ftelsesbesked blive udsendt som email. Alle der ikke bekr\u00e6fter deres tilmelding fra mailen, modtager X timer efter en SMS med samme budskab. Ved at udsende beskeden intelligent, forsinket med et filter, undg\u00e5r din virksomhed at forstyrre alle der bekr\u00e6fter tilmeldingen med det samme p\u00e5 mail.<\/p>\n<p>[\/et_pb_text][\/et_pb_column][\/et_pb_row][et_pb_row column_structure=&#8221;3_5,2_5&#8243; custom_padding_last_edited=&#8221;on|phone&#8221; module_id=&#8221;industries-tablet&#8221; module_class=&#8221;custom_row&#8221; _builder_version=&#8221;4.0.2&#8243; custom_padding=&#8221;||50px||false|false&#8221; custom_padding_tablet=&#8221;&#8221; custom_padding_phone=&#8221;||40px||false|false&#8221; global_colors_info=&#8221;{}&#8221;][et_pb_column type=&#8221;3_5&#8243; _builder_version=&#8221;4.0.2&#8243; global_colors_info=&#8221;{}&#8221;][et_pb_text _builder_version=&#8221;4.0.2&#8243; background_size=&#8221;initial&#8221; background_position=&#8221;top_left&#8221; background_repeat=&#8221;repeat&#8221; custom_padding=&#8221;||10px||false|false&#8221; use_border_color=&#8221;off&#8221; border_style=&#8221;solid&#8221; global_colors_info=&#8221;{}&#8221;]<\/p>\n<h4>SMS som opf\u00f8lgning p\u00e5 email nyhedsbreve<\/h4>\n<p>SMS og email h\u00e6nger sammen som \u00e6rtehalm i MarketingPlatform.<\/p>\n<p>Det er derfor muligt automatisk at udsende SMS beskeder p\u00e5 baggrund af handlinger eller manglende handlinger i email nyhedsbreve. En handling kan v\u00e6re at \u00e5bne mailen eller ikke at \u00e5bne mailen. Det kan ogs\u00e5 v\u00e6re at klikke eller ikke klikke &#8211; eller at klikke p\u00e5 et bestemt link eller ikke g\u00f8re det.<\/p>\n<p>Den form for intelligens, giver en stor mulighed for m\u00e5lretning, og dermed optimering af investeringen ved udsendelse af SMS beskeder.<\/p>\n<p>Lad os kigge p\u00e5 et eksempel. En servicevirksomhed der er landsd\u00e6kkende anvender MarketingPlatform til udsendelse af indkaldelser. De filtrerer intelligent i deres data, og har et flow af automatiske kampagner, der udsendes i forhold til en bestemt dato. N\u00e5r den p\u00e5g\u00e6ldende dato er meget t\u00e6t p\u00e5, typisk dagen f\u00f8r og p\u00e5 dagen, skiftes der til SMS beskeder, som indeholder flettede oplysninger der skal anvendes ved modtagerens fremm\u00f8de. SMS beskederne sendes som en trigger kampagne, der er begr\u00e6nset tidsm\u00e6ssigt til kun at sende mellem kl 07.30 og 20.30. P\u00e5 den m\u00e5de forstyrrer de ikke deres kunder midt om natten.<\/br>[\/et_pb_text][\/et_pb_column][et_pb_column type=&#8221;2_5&#8243; _builder_version=&#8221;4.0.2&#8243; global_colors_info=&#8221;{}&#8221;][et_pb_text _builder_version=&#8221;4.0.2&#8243; custom_padding=&#8221;10px||||false|false&#8221; global_colors_info=&#8221;{}&#8221;]<img decoding=\"async\" loading=\"lazy\" class=\"scale-with-grid image-border aligncenter\" title=\"\" src=\"https:\/\/marketingplatform.com\/wp-content\/uploads\/2017\/04\/sms-trigger.png\" alt=\"sms-markedsforing-mailplatform-triggeremailkampagne\" width=\"406\" height=\"293\" \/>[\/et_pb_text][\/et_pb_column][\/et_pb_row][et_pb_row admin_label=&#8221;row&#8221; _builder_version=&#8221;3.25&#8243; background_size=&#8221;initial&#8221; background_position=&#8221;top_left&#8221; background_repeat=&#8221;repeat&#8221; global_colors_info=&#8221;{}&#8221;][et_pb_column type=&#8221;4_4&#8243; _builder_version=&#8221;3.25&#8243; custom_padding=&#8221;|||&#8221; global_colors_info=&#8221;{}&#8221; custom_padding__hover=&#8221;|||&#8221;][et_pb_text _builder_version=&#8221;4.0.2&#8243; background_size=&#8221;initial&#8221; background_position=&#8221;top_left&#8221; background_repeat=&#8221;repeat&#8221; use_border_color=&#8221;off&#8221; border_style=&#8221;solid&#8221; global_colors_info=&#8221;{}&#8221;]<\/p>\n<h4>SMS autorespondere<\/h4>\n<p>Tidligere i denne artikel n\u00e6vnte vi bekr\u00e6ftelsesbeskeder p\u00e5 SMS. Teknisk sendes de ud som en SMS autoresponder. Men denne funktion rummer mange flere muligheder.<\/p>\n<p>Ved at g\u00f8re autoresponder beskederne afh\u00e6ngige af hinanden, enten som et flow eller ved kun at sende den n\u00e6ste besked, hvis den f\u00f8rste er \u00e5bnet, eller ikke \u00e5bnet efter X tid, kan der skabes et meget effektivt multi-channel marketingtryk.<\/p>\n<p>F\u00f8rste autoresponder er en email. \u00c5bnes den ikke inden 2 dage sendes en opf\u00f8lgende SMS. Klikker vedkommende sig ikke videre fra SMS beskeden, f\u00f8lges der op med en ny email indenfor f\u00e5 timer. Denne mail \u00e5bnes, hvorfor de n\u00e6ste beskeder ogs\u00e5 sendes p\u00e5 mail. S\u00e5dan kunne et kombineret flow se ud. Det er alts\u00e5 muligt at &#8220;l\u00e6re&#8221; af modtagernes adf\u00e6rd undervejs, og justere kanalvalget til l\u00f8bende.<\/br><\/p>\n<p><img decoding=\"async\" class=\"full-width image-border\" src=\"https:\/\/marketingplatform.com\/wp-content\/uploads\/2017\/04\/Joined_Autoresponder.png\" alt=\"joined-autoresponders-mailplatform-1\" border=\"0\" \/><br \/>\n<\/br><\/p>\n<h4>SMS trigger beskeder<\/h4>\n<p>En trigger besked kan reagere p\u00e5 tid, handlinger og adf\u00e6rd. Beskederne kan udsendes b\u00e5de som email kampagner og SMS kampagner.<\/p>\n<p>Den typiske anvendelse af SMS i trigger kampagner, er som tak for k\u00f8b meddelelser og win-back beskeder hvis kunden ikke har k\u00f8bt gennem l\u00e6ngere tid. Hvor langt tid afh\u00e6nger meget af din branche. I nogle brancher er 1 m\u00e5ned lang tid &#8211; i andre er 6 m\u00e5neder mere passende frekvens.<\/p>\n<p>MarketingPlatform kan sende alle former for trigger kampagner som SMS beskeder. Det kan v\u00e6re f\u00f8dselsdagshilsener, opf\u00f8lgning p\u00e5 en bestemt adf\u00e6rd eller handlinger.<\/p>\n<p>En kunde som driver en landsd\u00e6kkende detailk\u00e6de, anvender SMS triggere som opf\u00f8lgning p\u00e5 mail kampagner. For dem er den fysiske tilstedev\u00e6relse afg\u00f8rende for valget af medie. Kunden sender typisk en opf\u00f8lgende SMS kampagne 2 dage efter deres nyhedsbrev, der normalt udsendes onsdag. Dermed rammer SMS beskeden modtagerne op til weekenden, hvor flest bes\u00f8ger deres fysiske butikker. Men de nuancerer udsendelsen. Alle modtagere der har \u00e5bnet den tilsendte mail, modtager et budskab. Alle andre modtager en l\u00e6ngere SMS, der str\u00e6kker sig over typisk to beskeder (2&#215;160 tegn).<\/p>\n<p>Indenfor restaurationsbranchen, har flere af vore kunder stor succes, med SMS markedsf\u00f8ring som opf\u00f8lgning p\u00e5 nyhedsbreve. S\u00e6rligt konkrete tilbud, og remindere og ikke anvendte bonuspoint, har stor effekt. Pudsigt nok udsendes beskederne altid 30-45 minutter f\u00f8r normal spisetid.[\/et_pb_text][\/et_pb_column][\/et_pb_row][\/et_pb_section][et_pb_section fb_built=&#8221;1&#8243; custom_padding_last_edited=&#8221;on|phone&#8221; module_class=&#8221;ressourcer-signup&#8221; _builder_version=&#8221;4.9.3&#8243; background_color=&#8221;#dee7f1&#8243; background_enable_color=&#8221;off&#8221; custom_padding=&#8221;||||false|false&#8221; custom_padding_tablet=&#8221;||||false|false&#8221; custom_padding_phone=&#8221;||||false|false&#8221; top_divider_style=&#8221;asymmetric2&#8243; top_divider_color=&#8221;#ffffff&#8221; top_divider_height=&#8221;60px&#8221; global_module=&#8221;19033&#8243; saved_tabs=&#8221;all&#8221; global_colors_info=&#8221;{}&#8221;][et_pb_row custom_padding_last_edited=&#8221;on|phone&#8221; _builder_version=&#8221;4.5.3&#8243; background_color=&#8221;#152872&#8243; background_size=&#8221;initial&#8221; background_position=&#8221;top_left&#8221; background_repeat=&#8221;repeat&#8221; custom_margin=&#8221;||||false|false&#8221; custom_padding=&#8221;100px||100px||false|false&#8221; custom_padding_tablet=&#8221;50px|20px|50px|20px|false|false&#8221; custom_padding_phone=&#8221;40px||||false|false&#8221; border_radii=&#8221;on|22px|22px|22px|22px&#8221; global_colors_info=&#8221;{}&#8221;][et_pb_column type=&#8221;4_4&#8243; _builder_version=&#8221;3.25&#8243; custom_padding=&#8221;|||&#8221; global_colors_info=&#8221;{}&#8221; custom_padding__hover=&#8221;|||&#8221;][et_pb_text _builder_version=&#8221;4.5.3&#8243; text_text_color=&#8221;#ffffff&#8221; header_2_font=&#8221;|800|||||||&#8221; header_2_text_color=&#8221;#ffffff&#8221; text_orientation=&#8221;center&#8221; global_colors_info=&#8221;{}&#8221;]<\/p>\n<h2>Pr\u00f8v MarketingPlatform gratis i 14 dage<\/h2>\n<p><span style=\"color:#fff;\">Pr\u00f8veperioden er gratis, helt uforpligtende og udl\u00f8ber efter 14 dage, hvis du ikke \u00f8nsker at forts\u00e6tte.<br \/>\nVed tilmelding modtager du samtidig vores uddannelsesflow p\u00e5 en serie af mails \u2013 og vores nyhedsbrev.<\/span><\/p>\n<p>[\/et_pb_text][et_pb_code _builder_version=&#8221;4.5.3&#8243; _module_preset=&#8221;default&#8221; width=&#8221;40%&#8221; width_tablet=&#8221;100%&#8221; width_phone=&#8221;95%&#8221; width_last_edited=&#8221;on|tablet&#8221; module_alignment=&#8221;center&#8221; global_colors_info=&#8221;{}&#8221;]<a href=\"https:\/\/marketingplatform.com\/da\/book-emailplatform-demo\/\"><\/p>\n<div class=\"bookdemobtn\">Book demo<\/div>\n<p><\/a><!-- [et_pb_line_break_holder] --><a href=\"https:\/\/marketingplatform.com\/da\/gratis-proeveversion\/\"><\/p>\n<div class=\"signupbtn\">Pr\u00f8v os gratis<\/div>\n<p><\/a><!-- [et_pb_line_break_holder] --><\/p>\n<div class=\"clearfix\"><\/div>\n<p>[\/et_pb_code][\/et_pb_column][\/et_pb_row][\/et_pb_section]<\/p>\n","protected":false},"excerpt":{"rendered":"<p>SMS Markedsf\u00f8ring SMS markedsf\u00f8ring, eller SMS marketing, er enormt effektivt, selvom mange har d\u00f8mt det ude og gammeldags. Det er korrekt at den uintelligente form for SMS markedsf\u00f8ring, der hvor beskederne pumpes hovedl\u00f8st ud, mere vil blive opfattet som SPAM hos modtagerne. SMS har karakter af en slags alert, den larmer og popper op hos [&hellip;]<\/p>\n","protected":false},"author":50,"featured_media":0,"parent":0,"menu_order":0,"comment_status":"closed","ping_status":"closed","template":"","meta":{"_et_pb_use_builder":"on","_et_pb_old_content":"<img class=\"scale-with-grid alignright\" title=\"\" src=\"https:\/\/marketingplatform.com\/wp-content\/uploads\/2017\/04\/sms-mailplatform-1.png\" alt=\"sms-mailplatform-1\" width=\"241\" height=\"199\" \/>SMS markedsf\u00f8ring er enormt effektivt, selvom mange har d\u00f8mt det ude og gammeldags. Det er korrekt at den uintelligente form for SMS markedsf\u00f8ring, der hvor beskederne pumpes hovedl\u00f8st ud, mere vil blive opfattet som SPAM hos modtagerne. SMS har karakter af en slags alert, den larmer og popper op hos de fleste, og b\u00f8r derfor anvendes med varsomhed.\r\n\r\nDet koster fra 13-35\u00a0\u00f8re at udsende en markedsf\u00f8rings SMS med MarketingPlatform til danske mobilnumre. Priserne til andre lande er vidt forskellige. Danmark er et af de billigste lande. Det er ikke unormalt at betale det dobbelte eller tredobbelte til flere andre europ\u00e6iske landes mobiltelefoner.\r\n\r\n<a href=\"https:\/\/mailplatform.dk\/sms\/\">Se alle priser p\u00e5 udsendelse af SMS beskeder<\/a>.\r\n\r\n<img class=\"full-width\" src=\"https:\/\/marketingplatform.com\/wp-content\/uploads\/2017\/04\/mailplatform-referencer-small-1.png\" alt=\"\" border=\"0\" \/>\r\n\r\n<img class=\"scale-with-grid alignleft\" title=\"\" src=\"https:\/\/marketingplatform.com\/wp-content\/uploads\/2017\/04\/sms-markedsforing-mailplatform-bekraeftmodtagere.png\" alt=\"sms-markedsforing-mailplatform-bekraeftmodtagere\" width=\"385\" height=\"225\" \/><strong>SMS som bekr\u00e6ftelse<\/strong>\r\n\r\nTak fordi du har tilmeldt dig vores elektroniske markedsf\u00f8ring, klik her for at bekr\u00e6fte din tilmelding. Denne form for besked kaldes ogs\u00e5 en double-opt-in meddelelse, og fungerer enormt effektivt p\u00e5 SMS. Flere kunder forsinker SMS autoresponderen, som den automatiske udsendelses funktion hedder i MarketingPlatform, en time eller to, og lader den f\u00f8rste bekr\u00e6ftelsesbesked blive udsendt som email.\r\n\r\nAlle der ikke bekr\u00e6fter deres tilmelding fra mailen, modtager X timer efter en SMS med samme budskab. Ved at udsende beskeden intelligent, forsinket med et filter, undg\u00e5r din virksomhed at forstyrre alle der bekr\u00e6fter tilmeldingen med det samme p\u00e5 mail.\r\n\r\n\u00a0\r\n\r\n<img class=\"scale-with-grid alignright\" title=\"\" src=\"https:\/\/marketingplatform.com\/wp-content\/uploads\/2017\/04\/sms-markedsforing-mailplatform-triggeremailkampagne.png\" alt=\"sms-markedsforing-mailplatform-triggeremailkampagne\" width=\"406\" height=\"293\" \/><strong>SMS som opf\u00f8lgning p\u00e5 email nyhedsbreve<\/strong>\r\n\r\nSMS og email h\u00e6nger sammen som \u00e6rtehalm i MailPlatform.\r\n\r\nDet er derfor muligt automatisk at udsende SMS beskeder p\u00e5 baggrund af handlinger eller manglende handlinger i email nyhedsbreve. En handling kan v\u00e6re at \u00e5bne mailen eller ikke at \u00e5bne mailen. Det kan ogs\u00e5 v\u00e6re at klikke eller ikke klikke - eller at klikke p\u00e5 et bestemt link eller ikke g\u00f8re det.\r\n\r\nDen form for intelligens, giver en stor mulighed for m\u00e5lretning, og dermed optimering af investeringen ved udsendelse af SMS beskeder.\r\n\r\nLad os kigge p\u00e5 et eksempel. En servicevirksomhed der er landsd\u00e6kkende anvender MailPlatform til udsendelse af indkaldelser. De filtrerer intelligent i deres data, og har et flow af automatiske kampagner, der udsendes i forhold til en bestemt dato. N\u00e5r den p\u00e5g\u00e6ldende dato er meget t\u00e6t p\u00e5, typisk dagen f\u00f8r og p\u00e5 dagen, skiftes der til SMS beskeder, som indeholder flettede oplysninger der skal anvendes ved modtagerens fremm\u00f8de. SMS beskederne sendes som en trigger kampagne, der er begr\u00e6nset tidsm\u00e6ssigt til kun at sende mellem kl 07.30 og 20.30. P\u00e5 den m\u00e5de forstyrrer de ikke deres kunder midt om natten.","_et_gb_content_width":"","footnotes":""},"categories":[],"tags":[],"yst_prominent_words":[4878,1097,1091,4904,4905,77,81,1094,4907,4872,4871,1093,4873,71,1090,4897,1089,448,1092,1088],"_links":{"self":[{"href":"https:\/\/marketingplatform.com\/da\/wp-json\/wp\/v2\/pages\/6657"}],"collection":[{"href":"https:\/\/marketingplatform.com\/da\/wp-json\/wp\/v2\/pages"}],"about":[{"href":"https:\/\/marketingplatform.com\/da\/wp-json\/wp\/v2\/types\/page"}],"author":[{"embeddable":true,"href":"https:\/\/marketingplatform.com\/da\/wp-json\/wp\/v2\/users\/50"}],"replies":[{"embeddable":true,"href":"https:\/\/marketingplatform.com\/da\/wp-json\/wp\/v2\/comments?post=6657"}],"version-history":[{"count":20,"href":"https:\/\/marketingplatform.com\/da\/wp-json\/wp\/v2\/pages\/6657\/revisions"}],"predecessor-version":[{"id":70867,"href":"https:\/\/marketingplatform.com\/da\/wp-json\/wp\/v2\/pages\/6657\/revisions\/70867"}],"wp:attachment":[{"href":"https:\/\/marketingplatform.com\/da\/wp-json\/wp\/v2\/media?parent=6657"}],"wp:term":[{"taxonomy":"category","embeddable":true,"href":"https:\/\/marketingplatform.com\/da\/wp-json\/wp\/v2\/categories?post=6657"},{"taxonomy":"post_tag","embeddable":true,"href":"https:\/\/marketingplatform.com\/da\/wp-json\/wp\/v2\/tags?post=6657"},{"taxonomy":"yst_prominent_words","embeddable":true,"href":"https:\/\/marketingplatform.com\/da\/wp-json\/wp\/v2\/yst_prominent_words?post=6657"}],"curies":[{"name":"wp","href":"https:\/\/api.w.org\/{rel}","templated":true}]}}