{"id":6637,"date":"2017-04-20T12:48:39","date_gmt":"2017-04-20T10:48:39","guid":{"rendered":"https:\/\/marketingplatform.com\/?page_id=6637\/"},"modified":"2020-10-09T13:27:47","modified_gmt":"2020-10-09T11:27:47","slug":"segmenter","status":"publish","type":"page","link":"https:\/\/marketingplatform.com\/da\/segmenter\/","title":{"rendered":"Segmenter og sammensatte segmenter"},"content":{"rendered":"<p>[et_pb_section fb_built=&#8221;1&#8243; admin_label=&#8221;section&#8221; _builder_version=&#8221;4.4.0&#8243; transparent_background=&#8221;off&#8221;][et_pb_row admin_label=&#8221;row&#8221; _builder_version=&#8221;3.25&#8243; background_size=&#8221;initial&#8221; background_position=&#8221;top_left&#8221; background_repeat=&#8221;repeat&#8221;][et_pb_column type=&#8221;4_4&#8243; _builder_version=&#8221;3.25&#8243; custom_padding=&#8221;|||&#8221; custom_padding__hover=&#8221;|||&#8221;][et_pb_text admin_label=&#8221;Text&#8221; _builder_version=&#8221;3.27.4&#8243; background_size=&#8221;initial&#8221; background_position=&#8221;top_left&#8221; background_repeat=&#8221;repeat&#8221; use_border_color=&#8221;off&#8221; border_style=&#8221;solid&#8221;]<\/p>\n<h1>Segmenter og Sammensatte Segmenter<\/h1>\n<p><img decoding=\"async\" loading=\"lazy\" class=\"scale-with-grid alignright image-border\" title=\"\" src=\"https:\/\/marketingplatform.com\/wp-content\/uploads\/2017\/04\/segments-1.png\" alt=\"segmenter-mailplatform-mailrating\" width=\"411\" height=\"147\" \/>Et segment er en delm\u00e6ngde af en kontaktliste.<\/p>\n<p>Det er muligt at segmentere p\u00e5 adf\u00e6rd, tid og interesser &#8211; samt at kombinere de forskellige muligheder. I teorien giver det ubegr\u00e6nsede muligheder for at opbygge et segment, der m\u00e5lretter kommunikationen p\u00e5 en intelligent m\u00e5de.<br \/>\n[\/et_pb_text][\/et_pb_column][\/et_pb_row][et_pb_row admin_label=&#8221;row&#8221; _builder_version=&#8221;3.25&#8243; background_size=&#8221;initial&#8221; background_position=&#8221;top_left&#8221; background_repeat=&#8221;repeat&#8221;][et_pb_column type=&#8221;4_4&#8243; _builder_version=&#8221;3.25&#8243; custom_padding=&#8221;|||&#8221; custom_padding__hover=&#8221;|||&#8221;][et_pb_text admin_label=&#8221;Text&#8221; _builder_version=&#8221;3.27.4&#8243; background_size=&#8221;initial&#8221; background_position=&#8221;top_left&#8221; background_repeat=&#8221;repeat&#8221; use_border_color=&#8221;off&#8221; border_style=&#8221;solid&#8221;]<img decoding=\"async\" loading=\"lazy\" class=\"scale-with-grid alignleft image-border\" title=\"\" src=\"https:\/\/marketingplatform.com\/wp-content\/uploads\/2017\/04\/segments-2.png\" alt=\"segmenter-mailplatform-combinedsegments\" width=\"367\" height=\"180\" \/>Combinable Segments er muligheden for at kombinere flere segmenter til et sammensat segment. Sammensatte segmenter kan f.eks. opbygges af 2 segmenter, hvor det f\u00f8rste segment fratr\u00e6kkes det andet segment. Eller det kunne v\u00e6re fire segmenter, der l\u00e6gges til eller fratr\u00e6kkes hinanden til et samlet segment.<\/p>\n<p>F\u00f8rst beskriver vi p\u00e5 denne side mulighederne med et segment. Dern\u00e6st hvordan Combinable Segments udvider disse muligheder.<br \/>\n[\/et_pb_text][\/et_pb_column][\/et_pb_row][et_pb_row column_structure=&#8221;1_5,1_5,1_5,1_5,1_5&#8243; module_class=&#8221;custom_row&#8221; _builder_version=&#8221;4.4.0&#8243; width_tablet=&#8221;80%&#8221; width_phone=&#8221;&#8221; width_last_edited=&#8221;on|phone&#8221; max_width_tablet=&#8221;1024px&#8221; max_width_phone=&#8221;&#8221; max_width_last_edited=&#8221;on|desktop&#8221; module_alignment=&#8221;center&#8221; custom_padding=&#8221;50px||50px||false|false&#8221;][et_pb_column type=&#8221;1_5&#8243; _builder_version=&#8221;4.4.0&#8243;][et_pb_image src=&#8221;https:\/\/marketingplatform.com\/wp-content\/uploads\/2019\/11\/verisure.png&#8221; align=&#8221;center&#8221; align_tablet=&#8221;center&#8221; align_phone=&#8221;&#8221; align_last_edited=&#8221;on|phone&#8221; _builder_version=&#8221;4.4.0&#8243; max_width=&#8221;92%&#8221; max_width_tablet=&#8221;65%&#8221; max_width_phone=&#8221;50%&#8221; max_width_last_edited=&#8221;on|desktop&#8221; module_alignment=&#8221;center&#8221; custom_padding=&#8221;6px||||false|false&#8221;][\/et_pb_image][\/et_pb_column][et_pb_column type=&#8221;1_5&#8243; _builder_version=&#8221;4.4.0&#8243;][et_pb_image src=&#8221;https:\/\/marketingplatform.com\/wp-content\/uploads\/2019\/03\/med24-logo.png&#8221; align=&#8221;center&#8221; align_tablet=&#8221;center&#8221; align_phone=&#8221;&#8221; align_last_edited=&#8221;on|tablet&#8221; _builder_version=&#8221;4.4.0&#8243; max_width=&#8221;72%&#8221; max_width_tablet=&#8221;65%&#8221; max_width_phone=&#8221;50%&#8221; max_width_last_edited=&#8221;on|phone&#8221; module_alignment=&#8221;center&#8221; custom_padding=&#8221;||||false|false&#8221;][\/et_pb_image][\/et_pb_column][et_pb_column type=&#8221;1_5&#8243; _builder_version=&#8221;4.4.0&#8243;][et_pb_image src=&#8221;https:\/\/marketingplatform.com\/wp-content\/uploads\/2020\/03\/danishcrown.png&#8221; align=&#8221;center&#8221; align_tablet=&#8221;center&#8221; align_phone=&#8221;&#8221; align_last_edited=&#8221;on|tablet&#8221; _builder_version=&#8221;4.4.0&#8243; max_width=&#8221;68%&#8221; max_width_tablet=&#8221;62%&#8221; max_width_phone=&#8221;46%&#8221; max_width_last_edited=&#8221;on|phone&#8221; module_alignment=&#8221;center&#8221; custom_margin=&#8221;-7px||||false|false&#8221; custom_padding=&#8221;||||false|false&#8221;][\/et_pb_image][\/et_pb_column][et_pb_column type=&#8221;1_5&#8243; _builder_version=&#8221;4.4.0&#8243;][et_pb_image src=&#8221;https:\/\/marketingplatform.com\/wp-content\/uploads\/2019\/08\/cykelpartner.png&#8221; align_tablet=&#8221;center&#8221; align_phone=&#8221;&#8221; align_last_edited=&#8221;on|tablet&#8221; _builder_version=&#8221;4.4.0&#8243; max_width=&#8221;100%&#8221; max_width_tablet=&#8221;60%&#8221; max_width_phone=&#8221;45%&#8221; max_width_last_edited=&#8221;on|phone&#8221; module_alignment=&#8221;center&#8221; custom_padding=&#8221;15px||||false|false&#8221;][\/et_pb_image][\/et_pb_column][et_pb_column type=&#8221;1_5&#8243; _builder_version=&#8221;4.4.0&#8243; custom_padding=&#8221;||||false|false&#8221;][et_pb_image src=&#8221;https:\/\/marketingplatform.com\/wp-content\/uploads\/2019\/10\/olivers-dk.png&#8221; align=&#8221;center&#8221; align_tablet=&#8221;&#8221; align_phone=&#8221;&#8221; align_last_edited=&#8221;on|tablet&#8221; _builder_version=&#8221;4.4.0&#8243; width=&#8221;75%&#8221; max_width=&#8221;100%&#8221; max_width_tablet=&#8221;65%&#8221; max_width_phone=&#8221;50%&#8221; max_width_last_edited=&#8221;on|phone&#8221; module_alignment=&#8221;center&#8221; custom_padding=&#8221;3px||||false|false&#8221;][\/et_pb_image][\/et_pb_column][\/et_pb_row][et_pb_row admin_label=&#8221;row&#8221; _builder_version=&#8221;3.25&#8243; background_size=&#8221;initial&#8221; background_position=&#8221;top_left&#8221; background_repeat=&#8221;repeat&#8221;][et_pb_column type=&#8221;4_4&#8243; _builder_version=&#8221;3.25&#8243; custom_padding=&#8221;|||&#8221; custom_padding__hover=&#8221;|||&#8221;][et_pb_text admin_label=&#8221;Text&#8221; _builder_version=&#8221;3.27.4&#8243; background_size=&#8221;initial&#8221; background_position=&#8221;top_left&#8221; background_repeat=&#8221;repeat&#8221; use_border_color=&#8221;off&#8221; border_style=&#8221;solid&#8221;]<\/p>\n<h4><img decoding=\"async\" loading=\"lazy\" class=\"scale-with-grid alignright image-border\" title=\"\" src=\"https:\/\/marketingplatform.com\/wp-content\/uploads\/2017\/04\/segments-3.png\" alt=\"segmenter-mailplatform-vaelgkoen\" width=\"434\" height=\"216\" \/>Mulighederne med et segment<\/h4>\n<p>Et segment tager udgangspunkt i en eller flere kontaktlister. Forst\u00e5et p\u00e5 den m\u00e5de, at et segment kan samle modtagere fra flere kontaktlister i et segment.<\/p>\n<p>Segmenter kan filtrere p\u00e5 alle tilg\u00e6ngelige Custom Fields, felter du selv kan oprette, og f.eks. kigge p\u00e5 feltet &#8220;K\u00f8n&#8221; og g\u00f8re det muligt at se og sende til kvinder og m\u00e6nd hver for sig.<\/p>\n<p>Det er ogs\u00e5 muligt at segmentere p\u00e5 en lang r\u00e6kke standardfelter i MarketingPlatform. Herunder ogs\u00e5 felter der referer til adf\u00e6rd for hver enkelt modtager. Derudover kan der ogs\u00e5 opbygges segmenter som kigger p\u00e5 MailRating, og g\u00f8r det muligt at sende til f.eks. alle VIP modtagere.<br \/>\n[\/et_pb_text][\/et_pb_column][\/et_pb_row][et_pb_row admin_label=&#8221;row&#8221; _builder_version=&#8221;3.25&#8243; background_size=&#8221;initial&#8221; background_position=&#8221;top_left&#8221; background_repeat=&#8221;repeat&#8221;][et_pb_column type=&#8221;4_4&#8243; _builder_version=&#8221;3.25&#8243; custom_padding=&#8221;|||&#8221; custom_padding__hover=&#8221;|||&#8221;][et_pb_text admin_label=&#8221;Text&#8221; _builder_version=&#8221;3.27.4&#8243; background_size=&#8221;initial&#8221; background_position=&#8221;top_left&#8221; background_repeat=&#8221;repeat&#8221; use_border_color=&#8221;off&#8221; border_style=&#8221;solid&#8221;]<img decoding=\"async\" loading=\"lazy\" class=\"scale-with-grid alignleft image-border\" title=\"\" src=\"https:\/\/marketingplatform.com\/wp-content\/uploads\/2017\/04\/segments-4.png\" alt=\"segments-4\" width=\"570\" height=\"306\" \/><\/p>\n<p>Anden adf\u00e6rd er f.eks. om modtageren har \u00e5bnet en, flere eller alle tilsendte kampagner indenfor en bestemt tid eller tidsubegr\u00e6nset. Ogs\u00e5 det modsatte udtryk er muligt, alts\u00e5 om der ikke er \u00e5bnet kampagner. De samme 2 typer udtryk er ogs\u00e5 mulige p\u00e5 klikket i en eller flere kampagner &#8211; helt ned p\u00e5 unikke links.<\/p>\n<p>MarketingPlatform opsamler automatisk geografisk information om dine modtagere. Den viden kan ogs\u00e5 anvendes til segmenter.<\/p>\n<p>Alle de n\u00e6vnte ting kan kombineres til et segment. Det kunne v\u00e6re alle modtagere, der har \u00e5bnet en kampagne de seneste 3 m\u00e5neder, men kun kvinder, der bor i Hovedstadsomr\u00e5det skal modtage denne kampagne. Kun fantasien s\u00e6tter gr\u00e6nser, n\u00e5r segmenter kombineres i Combinable Segments, der er en overbygning p\u00e5 funktionen.<br \/>\n[\/et_pb_text][et_pb_text _builder_version=&#8221;4.5.3&#8243; _module_preset=&#8221;default&#8221; hover_enabled=&#8221;0&#8243;]<\/p>\n<h3>Ekstra muligheder med Combinable Segments (sammensatte segmenter)<\/h3>\n<p>Hvor et segment kan samle modtagere fra flere kontaktlister, kan sammensatte segmenter g\u00f8re dette endnu mere sofistikeret.<\/p>\n<p>Ofte har man som afsender behov for at kunne udelade modtagere, der har \u00e5bnet en nylig kampagne, klikket p\u00e5 noget bestemt, har en s\u00e6rlig MailRating eller en kombination af dette og meget mere. Det er muligt med Combinable Segments.<\/p>\n<p>Pragmatisk forklaret giver de sammensatte segmenter mulighed for at l\u00e6gge et eller flere segmenter sammen, tr\u00e6kke et eller flere segmenter fra &#8211; og kombinere plus og minus.<\/p>\n<p>Vi har ikke kunne finde p\u00e5 et scenarie eller et behov for at udlede data i et segment, der ikke er d\u00e6kket af de 2 beskrevne funktioner.<\/p>\n<p>[\/et_pb_text][et_pb_text _builder_version=&#8221;4.5.3&#8243; _module_preset=&#8221;default&#8221; hover_enabled=&#8221;0&#8243;]<\/p>\n<h3>S\u00e6lg mere med Commerce segmenter<\/h3>\n<p>Med Commerce segmenterne i MarketingPlatform f\u00e5r du mulighed for at skabe meget effektive segmenter, som kan booste dit salg i webshoppen. Samtidig f\u00e5r du en unik mulighed for at fors\u00f8ge at fastholde og genaktivere kunder, der i en l\u00e6ngere periode ikke har k\u00f8bt fra dig.<\/p>\n<p>Kombinationsmulighederne er mange, n\u00e5r du bygger dine Commerce segmenter. Her g\u00e6lder det bare om at lade kreativiteten f\u00e5 frit spil. Har du erfaring med at arbejde med dynamisk retargeting i Facebook eller Google, kan du langt hen af vejen bruge samme logik og tilgang, n\u00e5r du bygger dine Commerce segmenter i MarketingPlatform.<\/p>\n<p>Forestil dig, at du s\u00e6lger kaffe, og din kunde typisk tager 30 dage om at komme igennem en pose med kaffeb\u00f8nner. Lav et Commerce segment der medtager alle, der har k\u00f8bt fra din kategori med kaffeb\u00f8nner, og hvor sidste ordre er lagt for mere end 30 dage siden.<\/p>\n<p>Eller m\u00e5ske du k\u00f8rer med tilbud p\u00e5 et af dine brands, og du gerne vil sende en kampagne m\u00e5lrettet alle der tidligere har k\u00f8bt dette brand fra en af dine kategorier.<\/p>\n<p>Det kan ogs\u00e5 v\u00e6re du vil sikre dig, at du ikke er ved at miste en af dine trofaste kunder, som normalt k\u00f8ber b\u00e5de hyppigt og en del fra dig, men som ikke har k\u00f8bt i noget tid. Her kan du bruge + (plus) segmenter og kombinere med &#8211; (minus) segmenter og danne et effektivt sammensat Commerce segment.<\/p>\n<p>Lad os se p\u00e5 et eksempel:<\/p>\n<p>Du \u00f8nsker at m\u00e5lrette kunder, der<\/p>\n<p>&#8211; har k\u00f8bt fra en bestemt kategori<br \/>&#8211; har k\u00f8bt mere end 10 gange eller over et bestemt bel\u00f8b<br \/>&#8211; men som ikke har k\u00f8bt noget de seneste 60 dage fra kategorien.<\/p>\n<p>F\u00f8rst definerer du med et segment, at man skal have k\u00f8bt mere end 10 gange fra kategorien:<span style=\"font-size: 15px;\">\u00a0<\/span><\/p>\n<p>[\/et_pb_text][et_pb_image src=&#8221;https:\/\/marketingplatform.com\/wp-content\/uploads\/2020\/10\/ecom3a.png&#8221; _builder_version=&#8221;4.5.3&#8243; _module_preset=&#8221;default&#8221; title_text=&#8221;ecom3a&#8221; hover_enabled=&#8221;0&#8243;][\/et_pb_image][et_pb_text _builder_version=&#8221;4.5.3&#8243; _module_preset=&#8221;default&#8221; hover_enabled=&#8221;0&#8243;]<\/p>\n<p>Dern\u00e6st laver du et + segment der angiver, at man ELLERS skal have k\u00f8bt for mere end 500 kroner fra kategorien:<span style=\"font-size: 15px;\">\u00a0<\/span><\/p>\n<p>[\/et_pb_text][et_pb_image src=&#8221;https:\/\/marketingplatform.com\/wp-content\/uploads\/2020\/10\/ecom3b.png&#8221; _builder_version=&#8221;4.5.3&#8243; _module_preset=&#8221;default&#8221; title_text=&#8221;ecom3b&#8221; hover_enabled=&#8221;0&#8243;][\/et_pb_image][et_pb_text _builder_version=&#8221;4.5.3&#8243; _module_preset=&#8221;default&#8221; hover_enabled=&#8221;0&#8243;]<\/p>\n<p>Slutteligt laver du et &#8211; (minus) segment, der frasorterer alle der HAR lagt en ordre fra kategorien de seneste 60 dage:<span style=\"font-size: 15px;\">\u00a0<\/span><\/p>\n<p>[\/et_pb_text][et_pb_image src=&#8221;https:\/\/marketingplatform.com\/wp-content\/uploads\/2020\/10\/ecom3c.png&#8221; _builder_version=&#8221;4.5.3&#8243; _module_preset=&#8221;default&#8221; title_text=&#8221;ecom3c&#8221; hover_enabled=&#8221;0&#8243;][\/et_pb_image][et_pb_text _builder_version=&#8221;4.5.3&#8243; _module_preset=&#8221;default&#8221; hover_enabled=&#8221;0&#8243;]<\/p>\n<p>Herefter har du et st\u00e6rkt segment klar, der kan bruges til at genaktivere kunder, der normalt er loyale, gode kunder.<\/p>\n<p>Kunne du t\u00e6nkte dig at vide mere? <a href=\"https:\/\/marketingplatform.com\/da\/book-marketingplatform-demo\/\">Book en demo<\/a> med en ag vores dygtige kollegaer, som kan vise dig, hvordan du kan arbejde med segmenter i platformen.<\/p>\n<p>[\/et_pb_text][\/et_pb_column][\/et_pb_row][\/et_pb_section][et_pb_section fb_built=&#8221;1&#8243; custom_padding_last_edited=&#8221;on|phone&#8221; module_class=&#8221;ressourcer-signup&#8221; _builder_version=&#8221;4.5.3&#8243; background_color=&#8221;#dee7f1&#8243; custom_padding=&#8221;7%||4%||false|false&#8221; custom_padding_tablet=&#8221;12%||||false|false&#8221; custom_padding_phone=&#8221;17%||||false|false&#8221; top_divider_style=&#8221;asymmetric2&#8243; top_divider_color=&#8221;#ffffff&#8221; top_divider_height=&#8221;60px&#8221; global_module=&#8221;19033&#8243;][et_pb_row _builder_version=&#8221;3.25&#8243; background_size=&#8221;initial&#8221; background_position=&#8221;top_left&#8221; background_repeat=&#8221;repeat&#8221; custom_margin=&#8221;||10px&#8221; custom_padding=&#8221;||10px&#8221;][et_pb_column type=&#8221;4_4&#8243; _builder_version=&#8221;3.25&#8243; custom_padding=&#8221;|||&#8221; custom_padding__hover=&#8221;|||&#8221;][et_pb_text _builder_version=&#8221;4.5.3&#8243; text_orientation=&#8221;center&#8221;]<\/p>\n<h2 style=\"font-style: normal;\">Pr\u00f8v MarketingPlatform gratis i 14 dage<\/h2>\n<p style=\"font-style: normal;\">Pr\u00f8veperioden er gratis, helt uforpligtende og udl\u00f8ber efter 14 dage, hvis du ikke \u00f8nsker at forts\u00e6tte.<br \/> Ved tilmelding modtager du samtidig vores uddannelsesflow p\u00e5 en serie af mails \u2013 og vores nyhedsbrev.<\/p>\n<p>[\/et_pb_text][\/et_pb_column][\/et_pb_row][et_pb_row _builder_version=&#8221;4.4.0&#8243;][et_pb_column type=&#8221;4_4&#8243; _builder_version=&#8221;4.0.2&#8243;][et_pb_code _builder_version=&#8221;4.5.3&#8243; max_width=&#8221;50%&#8221; max_width_tablet=&#8221;100%&#8221; max_width_phone=&#8221;&#8221; max_width_last_edited=&#8221;on|phone&#8221; module_alignment=&#8221;center&#8221;]<a href=\"https:\/\/marketingplatform.com\/da\/book-emailplatform-demo\/\"><\/p>\n<div class=\"bookdemobtn\">Book demo<\/div>\n<p><\/a><!-- [et_pb_line_break_holder] --><a href=\"https:\/\/marketingplatform.com\/da\/gratis-proeveversion\/\"><\/p>\n<div class=\"signupbtn\">Pr\u00f8v os gratis<\/div>\n<p><\/a><!-- [et_pb_line_break_holder] --><\/p>\n<div class=\"clearfix\"><\/div>\n<p>[\/et_pb_code][\/et_pb_column][\/et_pb_row][et_pb_row _builder_version=&#8221;4.0.2&#8243; max_width=&#8221;768px&#8221; custom_margin=&#8221;15px||0px||false|false&#8221; custom_padding=&#8221;0px||0px&#8221; use_custom_width=&#8221;on&#8221; custom_width_px=&#8221;768px&#8221;][et_pb_column type=&#8221;4_4&#8243; _builder_version=&#8221;3.25&#8243; custom_padding=&#8221;|||&#8221; custom_padding__hover=&#8221;|||&#8221;][et_pb_code _builder_version=&#8221;4.5.3&#8243;]<\/p>\n<div class=\"awards-align\" ><!-- [et_pb_line_break_holder] --><\/p>\n<div style=\"float:left; width:14%; text-align:right;   margin-right: 2%;\"><!-- [et_pb_line_break_holder] --><img decoding=\"async\" src=\"https:\/\/marketingplatform.com\/wp-content\/uploads\/2020\/01\/primotours.png\" width=\"56\" style=\"margin:10px 20px 20px 0px;\"><!-- [et_pb_line_break_holder] --><\/div>\n<p><!-- [et_pb_line_break_holder] --><\/p>\n<div style=\"float:left; width:20%; text-align:center;    margin-right: 4%;\"><!-- [et_pb_line_break_holder] --><img decoding=\"async\" src=\"https:\/\/marketingplatform.com\/wp-content\/uploads\/2019\/11\/med24-gray.png\" width=\"100\" style=\"margin:20px 0px 20px 10px;\"><!-- [et_pb_line_break_holder] --><\/div>\n<p><!-- [et_pb_line_break_holder] --><\/p>\n<div style=\"float:left; width:18%;    margin-right: 1%;\"><!-- [et_pb_line_break_holder] --><img decoding=\"async\" src=\"https:\/\/marketingplatform.com\/wp-content\/uploads\/2019\/08\/cykelpartner-logo.png\" width=\"180\" style=\"margin:29px 20px 20px 0px;\"><!-- [et_pb_line_break_holder] --><\/div>\n<p><!-- [et_pb_line_break_holder] --><\/p>\n<div style=\"float:left; width:20%; text-align:center;     margin-right: 1%;\"><!-- [et_pb_line_break_holder] --><img decoding=\"async\" src=\"https:\/\/marketingplatform.com\/wp-content\/uploads\/2019\/04\/aldi-grey.png\" width=\"50\" style=\"margin:10px 0px 20px 0px;\"><!-- [et_pb_line_break_holder] --><\/div>\n<p><!-- [et_pb_line_break_holder] --><\/p>\n<div style=\"float:left; width:18%;      margin-right: 2%;  text-align: center;\"><!-- [et_pb_line_break_holder] --><img decoding=\"async\" src=\"https:\/\/marketingplatform.com\/wp-content\/uploads\/2019\/02\/verisure-logo.png\" width=\"120\" style=\"margin:18px 0px 20px 0px;\"><!-- [et_pb_line_break_holder] --><\/div>\n<p><!-- [et_pb_line_break_holder] --><\/div>\n<p>[\/et_pb_code][\/et_pb_column][\/et_pb_row][\/et_pb_section]<\/p>\n","protected":false},"excerpt":{"rendered":"<p>Segmenter og Sammensatte Segmenter Et segment er en delm\u00e6ngde af en kontaktliste. Det er muligt at segmentere p\u00e5 adf\u00e6rd, tid og interesser &#8211; samt at kombinere de forskellige muligheder. I teorien giver det ubegr\u00e6nsede muligheder for at opbygge et segment, der m\u00e5lretter kommunikationen p\u00e5 en intelligent m\u00e5de. Combinable Segments er muligheden for at kombinere flere [&hellip;]<\/p>\n","protected":false},"author":50,"featured_media":0,"parent":0,"menu_order":0,"comment_status":"closed","ping_status":"closed","template":"","meta":{"_et_pb_use_builder":"on","_et_pb_old_content":"<img class=\"scale-with-grid alignright\" title=\"\" src=\"https:\/\/marketingplatform.com\/wp-content\/uploads\/2017\/04\/segmenter-mailplatform-mailrating.png\" alt=\"segmenter-mailplatform-mailrating\" width=\"411\" height=\"147\" \/>Et segment er en delm\u00e6ngde af en kontaktliste.\r\n\r\nDet er muligt at segmentere p\u00e5 adf\u00e6rd, tid og interesser - samt at kombinere de forskellige muligheder. I teorien giver det ubegr\u00e6nsede muligheder for at opbygge et segment, der m\u00e5lretter kommunikationen p\u00e5 en intelligent m\u00e5de.\r\n\r\n<img class=\"full-width\" src=\"https:\/\/marketingplatform.com\/wp-content\/uploads\/2017\/04\/mailplatform-referencer-small-1.png\" alt=\"mailplatform-referencer-small-1\" border=\"0\" \/>\r\n\r\n<img class=\"scale-with-grid alignleft\" title=\"\" src=\"https:\/\/marketingplatform.com\/wp-content\/uploads\/2017\/04\/segmenter-mailplatform-combinedsegments.png\" alt=\"segmenter-mailplatform-combinedsegments\" width=\"367\" height=\"180\" \/>Combinable Segments er muligheden for at kombinere flere segmenter til et sammensat segment. Sammensatte segmenter kan f.eks. opbygges af 2 segmenter, hvor det f\u00f8rste segment fratr\u00e6kkes det andet segment. Eller det kunne v\u00e6re fire segmenter, der l\u00e6gges til eller fratr\u00e6kkes hinanden til et samlet segment.\r\n\r\nF\u00f8rst beskriver vi p\u00e5 denne side mulighederne med et segment. Dern\u00e6st hvordan Combinable Segments udvider disse muligheder.\r\n\r\n<img class=\"scale-with-grid alignright\" title=\"\" src=\"https:\/\/marketingplatform.com\/wp-content\/uploads\/2017\/04\/segmenter-mailplatform-vaelgkoen.png\" alt=\"segmenter-mailplatform-vaelgkoen\" width=\"434\" height=\"216\" \/><strong>Mulighederne med et segment<\/strong>\r\nEt segment tager udgangspunkt i en eller flere kontaktlister. Forst\u00e5et p\u00e5 den m\u00e5de, at et segment kan samle modtagere fra flere kontaktlister i et segment.\r\n\r\nSegmenter kan filtrere p\u00e5 alle tilg\u00e6ngelige Custom Fields, felter du selv kan oprette, og f.eks. kigge p\u00e5 feltet \"K\u00f8n\" og g\u00f8re det muligt at se og sende til kvinder og m\u00e6nd hver for sig.\r\n\r\nDet er ogs\u00e5 muligt at segmentere p\u00e5 en lang r\u00e6kke standardfelter i MarketingPlatform. Herunder ogs\u00e5 felter der referer til adf\u00e6rd for hver enkelt modtager. Derudover kan der ogs\u00e5 opbygges segmenter som kigger p\u00e5 MailRating, og g\u00f8r det muligt at sende til f.eks. alle VIP modtagere.\r\n\r\n<img class=\"scale-with-grid alignleft\" title=\"\" src=\"https:\/\/marketingplatform.com\/wp-content\/uploads\/2017\/04\/segmenter-mailplatform-openedcampaign.png\" alt=\"\" width=\"382\" height=\"205\" \/>\r\n\r\nAnden adf\u00e6rd er f.eks. om modtageren har \u00e5bnet en, flere eller alle tilsendte kampagner indenfor en bestemt tid eller tidsubegr\u00e6nset. Ogs\u00e5 det modsatte udtryk er muligt, alts\u00e5 om der ikke er \u00e5bnet kampagner. De samme 2 typer udtryk er ogs\u00e5 mulige p\u00e5 klikket i en eller flere kampagner - helt ned p\u00e5 unikke links.\r\n\r\nMarketingPlatform opsamler automatisk geografisk information om dine modtagere. Den viden kan ogs\u00e5 anvendes til segmenter.\r\n\r\n\u00a0\r\n\r\nAlle de n\u00e6vnte ting kan kombineres til et segment. Det kunne v\u00e6re alle modtagere, der har \u00e5bnet en kampagne de seneste 3 m\u00e5neder, men kun kvinder, der bor i Hovedstadsomr\u00e5det skal modtage denne kampagne. Kun fantasien s\u00e6tter gr\u00e6nser, n\u00e5r segmenter kombineres i Combinable Segments, der er en overbygning p\u00e5 funktionen.\r\n\r\n\u00a0\r\n\r\n<img class=\"scale-with-grid alignright\" title=\"\" src=\"https:\/\/marketingplatform.com\/wp-content\/uploads\/2017\/04\/segmenter-sammensatte-mailplatform.png\" alt=\"segmenter-sammensatte-mailplatform\" width=\"533\" height=\"454\" \/><strong>Ekstra muligheder med Combinable Segments (sammensatte segmenter)<\/strong>\r\n\r\nHvor et segment kan samle modtagere fra flere kontaktlister, kan sammensatte segmenter g\u00f8re dette endnu mere sofistikeret.\r\n\r\nOfte har man som afsender behov for at kunne udelade modtagere, der har \u00e5bnet en nylig kampagne, klikket p\u00e5 noget bestemt, har en s\u00e6rlig MailRating eller en kombination af dette og meget mere. Det er muligt med Combinable Segments.\r\n\r\nPragmatisk forklaret giver de sammensatte segmenter mulighed for at l\u00e6gge et eller flere segmenter sammen, tr\u00e6kke et eller flere segmenter fra - og kombinere plus og minus.\r\n\r\nVi har ikke kunne finde p\u00e5 et scenarie eller et behov for at udlede data i et segment, der ikke er d\u00e6kket af de 2 beskrevne funktioner.","_et_gb_content_width":"","footnotes":""},"categories":[],"tags":[],"yst_prominent_words":[879,870,875,862,868,865,877,871,867,869,863,5604,873,874,878,876,866,880,872,864],"_links":{"self":[{"href":"https:\/\/marketingplatform.com\/da\/wp-json\/wp\/v2\/pages\/6637"}],"collection":[{"href":"https:\/\/marketingplatform.com\/da\/wp-json\/wp\/v2\/pages"}],"about":[{"href":"https:\/\/marketingplatform.com\/da\/wp-json\/wp\/v2\/types\/page"}],"author":[{"embeddable":true,"href":"https:\/\/marketingplatform.com\/da\/wp-json\/wp\/v2\/users\/50"}],"replies":[{"embeddable":true,"href":"https:\/\/marketingplatform.com\/da\/wp-json\/wp\/v2\/comments?post=6637"}],"version-history":[{"count":19,"href":"https:\/\/marketingplatform.com\/da\/wp-json\/wp\/v2\/pages\/6637\/revisions"}],"predecessor-version":[{"id":64064,"href":"https:\/\/marketingplatform.com\/da\/wp-json\/wp\/v2\/pages\/6637\/revisions\/64064"}],"wp:attachment":[{"href":"https:\/\/marketingplatform.com\/da\/wp-json\/wp\/v2\/media?parent=6637"}],"wp:term":[{"taxonomy":"category","embeddable":true,"href":"https:\/\/marketingplatform.com\/da\/wp-json\/wp\/v2\/categories?post=6637"},{"taxonomy":"post_tag","embeddable":true,"href":"https:\/\/marketingplatform.com\/da\/wp-json\/wp\/v2\/tags?post=6637"},{"taxonomy":"yst_prominent_words","embeddable":true,"href":"https:\/\/marketingplatform.com\/da\/wp-json\/wp\/v2\/yst_prominent_words?post=6637"}],"curies":[{"name":"wp","href":"https:\/\/api.w.org\/{rel}","templated":true}]}}