{"id":63762,"date":"2020-09-29T15:29:10","date_gmt":"2020-09-29T13:29:10","guid":{"rendered":"https:\/\/marketingplatform.com\/?page_id=63762"},"modified":"2020-09-29T16:04:19","modified_gmt":"2020-09-29T14:04:19","slug":"introduktion-til-marketingplatform","status":"publish","type":"page","link":"https:\/\/marketingplatform.com\/da\/introduktion-til-marketingplatform\/","title":{"rendered":"Introduktion til MarketingPlatform"},"content":{"rendered":"<p>[et_pb_section fb_built=&#8221;1&#8243; _builder_version=&#8221;4.5.3&#8243; _module_preset=&#8221;default&#8221;][et_pb_row _builder_version=&#8221;4.5.3&#8243; _module_preset=&#8221;default&#8221;][et_pb_column type=&#8221;4_4&#8243; _builder_version=&#8221;4.5.3&#8243; _module_preset=&#8221;default&#8221;][et_pb_video src=&#8221;https:\/\/vimeo.com\/462991580&#8243; thumbnail_overlay_color=&#8221;rgba(0,0,0,0.6)&#8221; _builder_version=&#8221;4.5.3&#8243; _module_preset=&#8221;default&#8221;][\/et_pb_video][et_pb_text _builder_version=&#8221;4.5.3&#8243; _module_preset=&#8221;default&#8221; hover_enabled=&#8221;0&#8243;]<\/p>\n<p style=\"text-align: center;\"><em><span id=\":3wb.co\" class=\"tL8wMe EMoHub\" dir=\"ltr\">Kim \u00d8stergaard, grundl\u00e6gger og CEO, gennemg\u00e5r MarketingPlatform p\u00e5 8 minutter<\/span><\/em><\/p>\n<p>[\/et_pb_text][\/et_pb_column][\/et_pb_row][\/et_pb_section]<\/p>\n","protected":false},"excerpt":{"rendered":"<p>Kim \u00d8stergaard, grundl\u00e6gger og CEO, gennemg\u00e5r MarketingPlatform p\u00e5 8 minutter<\/p>\n","protected":false},"author":50,"featured_media":0,"parent":0,"menu_order":0,"comment_status":"closed","ping_status":"closed","template":"","meta":{"_et_pb_use_builder":"on","_et_pb_old_content":"","_et_gb_content_width":"","footnotes":""},"categories":[],"tags":[],"yst_prominent_words":[],"_links":{"self":[{"href":"https:\/\/marketingplatform.com\/da\/wp-json\/wp\/v2\/pages\/63762"}],"collection":[{"href":"https:\/\/marketingplatform.com\/da\/wp-json\/wp\/v2\/pages"}],"about":[{"href":"https:\/\/marketingplatform.com\/da\/wp-json\/wp\/v2\/types\/page"}],"author":[{"embeddable":true,"href":"https:\/\/marketingplatform.com\/da\/wp-json\/wp\/v2\/users\/50"}],"replies":[{"embeddable":true,"href":"https:\/\/marketingplatform.com\/da\/wp-json\/wp\/v2\/comments?post=63762"}],"version-history":[{"count":4,"href":"https:\/\/marketingplatform.com\/da\/wp-json\/wp\/v2\/pages\/63762\/revisions"}],"predecessor-version":[{"id":63768,"href":"https:\/\/marketingplatform.com\/da\/wp-json\/wp\/v2\/pages\/63762\/revisions\/63768"}],"wp:attachment":[{"href":"https:\/\/marketingplatform.com\/da\/wp-json\/wp\/v2\/media?parent=63762"}],"wp:term":[{"taxonomy":"category","embeddable":true,"href":"https:\/\/marketingplatform.com\/da\/wp-json\/wp\/v2\/categories?post=63762"},{"taxonomy":"post_tag","embeddable":true,"href":"https:\/\/marketingplatform.com\/da\/wp-json\/wp\/v2\/tags?post=63762"},{"taxonomy":"yst_prominent_words","embeddable":true,"href":"https:\/\/marketingplatform.com\/da\/wp-json\/wp\/v2\/yst_prominent_words?post=63762"}],"curies":[{"name":"wp","href":"https:\/\/api.w.org\/{rel}","templated":true}]}}