{"id":61153,"date":"2020-07-29T14:09:59","date_gmt":"2020-07-29T12:09:59","guid":{"rendered":"https:\/\/marketingplatform.com\/39-open-the-newsletters-they-receive-and-more-consumers-are-choosing-to-read-them-on-a-computer-again\/"},"modified":"2020-07-29T14:27:15","modified_gmt":"2020-07-29T12:27:15","slug":"39-abner-et-nyhedsbrev-de-modtager-flere-forbrugere-tilvaelger-igen-at-laese-det-pa-computeren","status":"publish","type":"page","link":"https:\/\/marketingplatform.com\/da\/artikler-presse\/39-abner-et-nyhedsbrev-de-modtager-flere-forbrugere-tilvaelger-igen-at-laese-det-pa-computeren\/","title":{"rendered":"39% \u00e5bner et nyhedsbrev de modtager &#8211; flere forbrugere tilv\u00e6lger igen at l\u00e6se det p\u00e5 computeren"},"content":{"rendered":"<p>[et_pb_section fb_built=&#8221;1&#8243; _builder_version=&#8221;4.5.1&#8243; _module_preset=&#8221;default&#8221;][et_pb_row _builder_version=&#8221;4.5.1&#8243; _module_preset=&#8221;default&#8221;][et_pb_column type=&#8221;4_4&#8243; _builder_version=&#8221;4.5.1&#8243; _module_preset=&#8221;default&#8221;][et_pb_text _builder_version=&#8221;4.5.1&#8243; _module_preset=&#8221;default&#8221; hover_enabled=&#8221;0&#8243;]<\/p>\n<p><strong>PRESSEMEDDELELSE<\/strong><br \/> <strong>MarketingPlatform<\/strong><br \/> <strong>Vejen, Denmark<\/strong><br \/> <strong>Juli 2020<\/strong><\/p>\n<p>&nbsp;<\/p>\n<h1>39% \u00e5bner et nyhedsbrev de modtager &#8211; flere forbrugere tilv\u00e6lger igen at l\u00e6se det p\u00e5 computeren<\/h1>\n<p>Den danske virksomhed MarketingPlatform, der servicerer flere af de st\u00f8rste danske afsendere af nyhedsbreve, har netop offentliggjort en unders\u00f8gelse baseret p\u00e5 2 milliarder udsendelser. Unders\u00f8gelsen er den eneste af sin art med danske tal. <\/p>\n<p>MarketingPlatform har udviklet en s\u00e5kaldt marketing automation l\u00f8sning, der kan orkestrere virksomhedernes digitale markedsf\u00f8ring p\u00e5 mange kanaler. Herunder email markedsf\u00f8ring &#8211; ogs\u00e5 kendt som nyhedsbreve.<\/p>\n<p>&nbsp;<\/p>\n<h4>Hele 39% \u00e5bner i gennemsnit et nyhedsbrev<\/h4>\n<p>Mange unders\u00f8gelser har igennem tiden p\u00e5vist, at nyhedsbreve er den mest effektive form for online markedsf\u00f8ring. Og det holder stadig selvom vi skriver 2020, og e-mailen flere gange er blevet d\u00f8mt ude og gammeldags.<\/p>\n<p><em>\u201cVi har tidligere unders\u00f8gt effekten af nyhedsbreve sendt m\u00e5lrettet ud, i forhold til andre marketingkanaler. Hele 22 gange giver nyhedsbreve pengene igen\u201d, <\/em>fort\u00e6ller grundl\u00e6gger af MarketingPlatform, Kim \u00d8stergaard.<\/p>\n<p>I maj 2020 \u00e5bnede danske forbrugere i gennemsnit 39% af de nyhedsbreve de modtog. Blev de sendt fra en virksomhed med fysiske butikker eller restauranter, \u00e5bnede hele 57% beskeden p\u00e5 en mobiltelefon. Imens kun 48% \u00e5bnede beskeden p\u00e5 en mobil, hvis den blev sendt fra en virksomhed der kun findes online.<\/p>\n<p>&nbsp;<\/p>\n<h4>Mere trofaste overfor etablerede brands<\/h4>\n<p>Forbrugerne er ogs\u00e5 klart mere trofaste overfor etablerede brands. Faktisk hele 7 gange s\u00e5 trofaste, hvis man kan s\u00e6tte lighedstegn mellem antallet af personer der afmelder et nyhedsbrev og deres trofasthed.<\/p>\n<p>En onlinevirksomhed mister 0,885% af modtagerne hver m\u00e5ned, en virksomhed med fysiske butikker eller restauranter mister kun 0,127% af sine modtagere. <\/p>\n<p>Et kuriosum ovenp\u00e5 forskellene mellem online og offline er forskelle mellem mobil, computer eller tablet. Faktisk afmelder mobile modtagere flest nyhedsbreve &#8211; i forhold til antallet der \u00e5bner nyhedsbrevene p\u00e5 netop mobilen. Modsat er forbrugere der anvender en tablet til at se virksomhedernes budskaber, de mest trofaste, og afmelder sig forholdsm\u00e6ssigt kun halvt s\u00e5 ofte som modtagerne der l\u00e6ses p\u00e5 deres smartphone.<\/p>\n<p>&nbsp;<\/p>\n<h4>For mere information<\/h4>\n<p>Kim \u00d8stergaard, <a href=\"mailto:mail%20to: kim@marketingplatform.com\">kim@marketingplatform.com<\/a> eller mobil 42 555 555<\/p>\n<p>Tallene baserer sig p\u00e5 en unders\u00f8gelse af mere end 2 milliarder udsendelser til danske modtagere. Tallene n\u00e6vnt i % i denne artikel refererer alle til maj m\u00e5ned 2020. Tallene er renset for udsendelser mellem virksomheder, og er alene s\u00e5kaldte B2C udsendelser hvor en virksomheder sender til privat personer.<\/p>\n<p><strong>Link til slides og et optaget webinar med pr\u00e6sentation af unders\u00f8gelsen:<\/strong><br \/>\n<a href=\"https:\/\/marketingplatform.com\/da\/webinars\/temperaturen-paa-email-marketing-2020-i-danmark\/\">https:\/\/marketingplatform.com\/da\/webinars\/temperaturen-paa-email-marketing-2020-i-danmark\/<\/a>[\/et_pb_text][\/et_pb_column][\/et_pb_row][\/et_pb_section]<\/p>\n","protected":false},"excerpt":{"rendered":"<p>PRESSEMEDDELELSE MarketingPlatform Vejen, Denmark Juli 2020 &nbsp; 39% \u00e5bner et nyhedsbrev de modtager &#8211; flere forbrugere tilv\u00e6lger igen at l\u00e6se det p\u00e5 computeren Den danske virksomhed MarketingPlatform, der servicerer flere af de st\u00f8rste danske afsendere af nyhedsbreve, har netop offentliggjort en unders\u00f8gelse baseret p\u00e5 2 milliarder udsendelser. Unders\u00f8gelsen er den eneste af sin art med [&hellip;]<\/p>\n","protected":false},"author":50,"featured_media":0,"parent":4520,"menu_order":0,"comment_status":"closed","ping_status":"closed","template":"","meta":{"_et_pb_use_builder":"on","_et_pb_old_content":"","_et_gb_content_width":"","footnotes":""},"categories":[11954,16453,16066],"tags":[],"yst_prominent_words":[17088,17095,17094,17091,17082,17077,17090,17093,17085,16091,17084,17079,17086,17080,17089,17081,17087,17092,17083,17078],"_links":{"self":[{"href":"https:\/\/marketingplatform.com\/da\/wp-json\/wp\/v2\/pages\/61153"}],"collection":[{"href":"https:\/\/marketingplatform.com\/da\/wp-json\/wp\/v2\/pages"}],"about":[{"href":"https:\/\/marketingplatform.com\/da\/wp-json\/wp\/v2\/types\/page"}],"author":[{"embeddable":true,"href":"https:\/\/marketingplatform.com\/da\/wp-json\/wp\/v2\/users\/50"}],"replies":[{"embeddable":true,"href":"https:\/\/marketingplatform.com\/da\/wp-json\/wp\/v2\/comments?post=61153"}],"version-history":[{"count":4,"href":"https:\/\/marketingplatform.com\/da\/wp-json\/wp\/v2\/pages\/61153\/revisions"}],"predecessor-version":[{"id":61162,"href":"https:\/\/marketingplatform.com\/da\/wp-json\/wp\/v2\/pages\/61153\/revisions\/61162"}],"up":[{"embeddable":true,"href":"https:\/\/marketingplatform.com\/da\/wp-json\/wp\/v2\/pages\/4520"}],"wp:attachment":[{"href":"https:\/\/marketingplatform.com\/da\/wp-json\/wp\/v2\/media?parent=61153"}],"wp:term":[{"taxonomy":"category","embeddable":true,"href":"https:\/\/marketingplatform.com\/da\/wp-json\/wp\/v2\/categories?post=61153"},{"taxonomy":"post_tag","embeddable":true,"href":"https:\/\/marketingplatform.com\/da\/wp-json\/wp\/v2\/tags?post=61153"},{"taxonomy":"yst_prominent_words","embeddable":true,"href":"https:\/\/marketingplatform.com\/da\/wp-json\/wp\/v2\/yst_prominent_words?post=61153"}],"curies":[{"name":"wp","href":"https:\/\/api.w.org\/{rel}","templated":true}]}}