{"id":60707,"date":"2020-07-23T13:56:30","date_gmt":"2020-07-23T11:56:30","guid":{"rendered":"https:\/\/marketingplatform.com\/?page_id=60707"},"modified":"2021-02-24T10:37:33","modified_gmt":"2021-02-24T09:37:33","slug":"reservedele-nu-oplever-fremgang-i-omsaetningen","status":"publish","type":"page","link":"https:\/\/marketingplatform.com\/da\/reservedele-nu-oplever-fremgang-i-omsaetningen\/","title":{"rendered":"Reservedele.nu oplever fremgang i oms\u00e6tningen"},"content":{"rendered":"\n[et_pb_section fb_built=&#8221;1&#8243; _builder_version=&#8221;4.0.2&#8243;][et_pb_row _builder_version=&#8221;4.0.2&#8243;][et_pb_column type=&#8221;4_4&#8243; _builder_version=&#8221;4.0.2&#8243;][et_pb_image src=&#8221;https:\/\/marketingplatform.com\/wp-content\/uploads\/2020\/07\/Sender-en-del-sort.jpg&#8221; title_text=&#8221;Sender-en-del-sort&#8221; align=&#8221;center&#8221; _builder_version=&#8221;4.5.1&#8243; width=&#8221;39%&#8221;][\/et_pb_image][\/et_pb_column][\/et_pb_row][et_pb_row _builder_version=&#8221;4.0.2&#8243;][et_pb_column type=&#8221;4_4&#8243; _builder_version=&#8221;4.0.2&#8243;][et_pb_text _builder_version=&#8221;4.5.1&#8243;]<h1><\/h1>\n<h1><\/h1>\n<h1>Reservedele.nu oplever fremgang i oms\u00e6tningen<\/h1>\n<p><em>Reservedele.nu er en dansk webshop beliggende i Viborg, som s\u00e6lger reservedele med prisgaranti til h\u00e5rde hvidevarer samt tilbeh\u00f8r til diverse k\u00f8kken- og kaffemaskiner. I deres sortiment har de mange tusinde varer, og deres mantra er, at har de ikke produktet p\u00e5 lager, s\u00e5 kan de skaffe det. Et af de omr\u00e5der Reservedele.nu har stor fokus p\u00e5, er deres kundeserviceomr\u00e5de, hvor de gerne g\u00e5r \u201cthe extra mile\u201d for at sikre en god kundeoplevelse. Af samme \u00e5rsag er deres kommunikation med b\u00e5de kunder samt kundeemner via nyhedsbreve og email kampagner meget vigtigt, og noget de prioriterer h\u00f8jt. <\/em><\/p>\n<p><a href=\"https:\/\/reservedele.nu\/\" target=\"_blank\" rel=\"noopener noreferrer\">Reservedele.nu<\/a> ser email marketing og marketing automation som en strategisk vigtig kanal i deres v\u00e6kst- og oms\u00e6tningsm\u00e5l. Thomas Nygaard, e-commerce manager hos Reservedele.nu, forventer at mindst 20% af deres oms\u00e6tning i fremtiden kommer via email kampagner &#8211; specielt p\u00e5 automatiseringsdelen. \u201cVi ser en stor v\u00e6rdi i at automatisere s\u00e5 meget af kommunikationen som muligt. Vi har allerede flere flows k\u00f8rende, blandt andet et velkomstflow, og vi vil i n\u00e6rmeste fremtid ops\u00e6tte endnu flere, fordi vi kan se, at det virker\u201d. Thomas har brugt FlowBuilder v\u00e6rkt\u00f8jet i MarketingPlatform til at bygge sine flows. \u201cDet foreg\u00e5r nemt og hurtigt\u201d, forklarer Thomas. \u201cJeg drag og dropper flowet sammen, og p\u00e5 f\u00e5 minutter har jeg et k\u00f8reklart marketing automation flow klar\u201d.<\/p>\n<p>&nbsp;<\/p>\n<h4>Hastighed og effektivitet i platformen<\/h4>\n<p>Specielt hastigheden og workflowet i platformen er Thomas glad for. Han l\u00e6gger stor v\u00e6gt p\u00e5, hvor hurtigt man kan bygge en kampagne og have den klar. Han forklarer, at de ofte f\u00e5r spontane id\u00e9er om kampagner, de gerne vil sende ud. \u201cN\u00e5r vi f\u00e5r en id\u00e9 om noget, vi gerne vil sende ud til vores kunder og kontaktbase, er det virkelig rart, at det kan eksekveres p\u00e5 meget kort tid&#8221;, fort\u00e6ller Thomas og forts\u00e6tter: &#8220;N\u00e5r jeg bruger Builderen, tager det kun f\u00e5 minutter fra tanke, til at jeg rent faktisk har en brugbar kampagne klar. Designet er meget intuitivt og platformen er generelt nem og hurtig at bruge. Og s\u00e5 kan jeg godt lide, at der ikke er noget der er l\u00e5st i systemet\u201d.<\/p>\n<p>Reservedele.nu bruger blandt andet den integrerede billedbank med gratis billeder, hvor de kan s\u00f8ge efter relevante billeder ved at angive et s\u00f8geord, for derefter at dragge det \u00f8nskede billede direkte ind i kampagnen. \u201cSkal vi bruge billeder eller knapper er de lige ved h\u00e5nden og bliver indsat p\u00e5 f\u00e5 sekunder\u201d.<\/p>[\/et_pb_text][\/et_pb_column][\/et_pb_row][\/et_pb_section][et_pb_section fb_built=&#8221;1&#8243; prev_background_color=&#8221;#ffffff&#8221; next_background_color=&#8221;#ffffff&#8221; _builder_version=&#8221;3.23.3&#8243; background_color=&#8221;#dee7f1&#8243; custom_padding=&#8221;50px||50px&#8221; top_divider_style=&#8221;asymmetric2&#8243; top_divider_height=&#8221;61px&#8221; bottom_divider_style=&#8221;asymmetric2&#8243; bottom_divider_height=&#8221;57px&#8221; bottom_divider_flip=&#8221;vertical|horizontal&#8221;][et_pb_row use_custom_gutter=&#8221;on&#8221; make_equal=&#8221;on&#8221; _builder_version=&#8221;3.25&#8243; background_color=&#8221;rgba(0,0,0,0)&#8221;][et_pb_column type=&#8221;4_4&#8243; _builder_version=&#8221;3.25&#8243; custom_padding=&#8221;|||&#8221; custom_padding__hover=&#8221;|||&#8221;][et_pb_image src=&#8221;https:\/\/marketingplatform.com\/wp-content\/uploads\/2020\/07\/2020-07-23.png&#8221; title_text=&#8221;2020-07-23&#8243; _builder_version=&#8221;4.5.1&#8243; width=&#8221;16%&#8221; max_width=&#8221;100%&#8221; module_alignment=&#8221;center&#8221; custom_margin=&#8221;||10px&#8221; custom_padding=&#8221;||0px&#8221;][\/et_pb_image][et_pb_text _builder_version=&#8221;4.4.0&#8243; text_font=&#8221;||||||||&#8221; text_font_size=&#8221;18px&#8221; header_font=&#8221;||||||||&#8221; header_text_align=&#8221;center&#8221; text_orientation=&#8221;center&#8221; width=&#8221;70%&#8221; module_alignment=&#8221;center&#8221; custom_padding=&#8221;0px|33px|33px|33px&#8221; text_text_align=&#8221;center&#8221;]<h4>Thomas Nygaard, e-commerce manager, reservedele.nu<\/h4>\n<p>&#8220;Siden skiftet til MarketingPlatform har vi oplevet b\u00e5de h\u00f8jere Open Rate og h\u00f8jere Click-Through-Rate, hvilket i sidste ende har p\u00e5virket vores oms\u00e6tning i positiv retning&#8221;.<\/p>[\/et_pb_text][\/et_pb_column][\/et_pb_row][\/et_pb_section][et_pb_section fb_built=&#8221;1&#8243; _builder_version=&#8221;3.23.3&#8243;][et_pb_row _builder_version=&#8221;3.25&#8243; custom_padding=&#8221;||0px|||&#8221;][et_pb_column type=&#8221;4_4&#8243; _builder_version=&#8221;3.25&#8243; custom_padding=&#8221;|||&#8221; custom_padding__hover=&#8221;|||&#8221;][et_pb_text _builder_version=&#8221;4.5.1&#8243; module_alignment=&#8221;center&#8221;]<h4>Bruger produktfeeds flittigt<\/h4>\n<p>Thomas er imponeret over feedfunktionen i platformen, som giver ham effektive kampagner p\u00e5 ingen tid. Denne del var noget af det, som deres tidligere email marketing platform manglende, og som gjorde, at de f\u00f8lte sig noget begr\u00e6nset og fastl\u00e5ste inden skiftet. \u201cVi har opsat vores Google Shopping feed i platformen. Det vil sige, at alle vores produkter ligger klar til at blive sendt ud i vores kampagner. Jeg kan v\u00e6lge pr\u00e6cis de produkter, som jeg mener er relevante for den enkelte kampagne, og jeg kan tilpasse produkterne til de segmenter, som jeg \u00f8nsker at sende ud til, s\u00e5 jeg sikrer, at de kun f\u00e5r produkter, som er relevante for dem.<\/p>\n<p>&nbsp;<\/p>\n<h4>Integrationer s\u00f8rger for data til intelligente udsendelser<\/h4>\n<p>Der er opsat en integration mellem Reservedele.nu\u2019s \u00f8konomisystem og MarketingPlatform, s\u00e5 ordrer og kontakter kan synkroniseres frem og tilbage. Ligeledes bliver der opsat en integration med webshopsystemet Umbraco, s\u00e5ledes at tilmeldte til nyhedsbrevet via checkoutflowet i webshoppen bliver synkroniseret over. Reservedele.nu vil ved hj\u00e6lp af Tracking modulet, deres produktfeed samt ordredata fra \u00f8konomisystemet kunne oprette marketing automation flows og sende f.eks. relaterede varer til tidligere k\u00f8bte produkter til deres kunder. Eller g\u00f8re det muligt at lave segmenter med de specielt loyale kunder der har k\u00f8bt X antal gange de seneste par m\u00e5neder, og kunder segmenter med kunder, som ikke har handlet de seneste X antal m\u00e5neder.<\/p>\n<p>&nbsp;<\/p>\n<h4>Open Rate, Click-Through-Rate og oms\u00e6tning er steget<\/h4>\n<p>Da Reservedele.nu skulle skifte system fra deres tidligere email marketing platform, var der et par forskellige faktorer ud over selve funktionaliteten i systemet, som de satte stor v\u00e6gt p\u00e5: \u201cDet var vigtigt for os at finde en l\u00f8sning, der havde en stor grad af trov\u00e6rdighed, og som samtidig ogs\u00e5 meget gerne m\u00e5tte v\u00e6re lokalt forankret i Danmark. Samtidig kunne vi godt lide tanken om, at MarketingPlatform er et relativt nyt og sp\u00e6ndende produkt\u201d.<\/p>\n<p>Og heldigvis har skiftet til MarketingPlatform ogs\u00e5 givet synlige resultater for dem: \u201cSiden skiftet til MarketingPlatform har vi oplevet b\u00e5de h\u00f8jere Open Rate og h\u00f8jere Click-Through-Rate, hvilket i sidste ende har p\u00e5virket vores oms\u00e6tning i positiv retning\u201d.<\/p>\n<p>Thomas fremh\u00e6ver ogs\u00e5 den danske support og den tildelte danske Customer Success Manager, som et stort plus for dem: \u201cJeg har v\u00e6ret meget positivt overrasket over hvor meget hj\u00e6lp, vi har f\u00e5et. Supporten svarer altid hurtigt, og hvis der er et issue, som ikke kan l\u00f8ses her og nu, s\u00e5 har supporten altid ringet for at f\u00f8lge op p\u00e5 sagen\u201d, slutter Thomas.<\/p>\n<p>&nbsp;<\/p>\n<p>Vil du se hvordan ogs\u00e5 <em>du<\/em> kan f\u00e5 forbedrede resultater med MarketingPlatform? <a href=\"https:\/\/marketingplatform.com\/da\/book-marketingplatform-demo\/\">Book en gratis demo<\/a> eller <a href=\"https:\/\/marketingplatform.com\/da\/gratis-proeveversion\/\">pr\u00f8v platformen i 14 dage<\/a> uden forpligtelse.<\/p>[\/et_pb_text][\/et_pb_column][\/et_pb_row][\/et_pb_section][et_pb_section fb_built=&#8221;1&#8243; custom_padding_last_edited=&#8221;on|phone&#8221; module_class=&#8221;ressourcer-signup&#8221; _builder_version=&#8221;4.0.2&#8243; background_color=&#8221;#dee7f1&#8243; custom_padding=&#8221;7%||&#8221; custom_padding_tablet=&#8221;12%||||false|false&#8221; custom_padding_phone=&#8221;17%||||false|false&#8221; top_divider_style=&#8221;asymmetric2&#8243; top_divider_color=&#8221;#ffffff&#8221; top_divider_height=&#8221;60px&#8221; global_module=&#8221;19033&#8243;][et_pb_row _builder_version=&#8221;3.25&#8243; background_size=&#8221;initial&#8221; background_position=&#8221;top_left&#8221; background_repeat=&#8221;repeat&#8221; custom_margin=&#8221;||10px&#8221; custom_padding=&#8221;||10px&#8221;][et_pb_column type=&#8221;4_4&#8243; _builder_version=&#8221;3.25&#8243; custom_padding=&#8221;|||&#8221; custom_padding__hover=&#8221;|||&#8221;][et_pb_text _builder_version=&#8221;4.0.2&#8243; text_orientation=&#8221;center&#8221;]<h2 style=\"font-style: normal;\">Pr\u00f8v MarketingPlatform gratis i 14 dage<\/h2>\n<p style=\"font-style: normal;\">Pr\u00f8veperioden er gratis, helt uforpligtende og udl\u00f8ber efter 14 dage, hvis du ikke \u00f8nsker at forts\u00e6tte.<br \/> Ved tilmelding modtager du samtidig vores uddannelsesflow p\u00e5 en serie af mails \u2013 og vores nyhedsbrev.<\/p>[\/et_pb_text][\/et_pb_column][\/et_pb_row][et_pb_row _builder_version=&#8221;4.4.0&#8243;][et_pb_column type=&#8221;4_4&#8243; _builder_version=&#8221;4.0.2&#8243;][et_pb_code _builder_version=&#8221;4.4.0&#8243; max_width=&#8221;50%&#8221; max_width_tablet=&#8221;100%&#8221; max_width_phone=&#8221;&#8221; max_width_last_edited=&#8221;on|phone&#8221; module_alignment=&#8221;center&#8221;]<a href=\"https:\/\/marketingplatform.com\/da\/book-emailplatform-demo\/\"><div class=\"bookdemobtn\">Book demo<\/div><\/a><!-- [et_pb_line_break_holder] --><a href=\"https:\/\/marketingplatform.com\/da\/gratis-proeveversion\/\"><div class=\"signupbtn\">Pr\u00f8v os gratis<\/div><\/a><!-- [et_pb_line_break_holder] --><div class=\"clearfix\"><\/div>[\/et_pb_code][\/et_pb_column][\/et_pb_row][et_pb_row _builder_version=&#8221;4.0.2&#8243; max_width=&#8221;768px&#8221; custom_margin=&#8221;15px||0px||false|false&#8221; custom_padding=&#8221;0px||0px&#8221; use_custom_width=&#8221;on&#8221; custom_width_px=&#8221;768px&#8221;][et_pb_column type=&#8221;4_4&#8243; _builder_version=&#8221;3.25&#8243; custom_padding=&#8221;|||&#8221; custom_padding__hover=&#8221;|||&#8221;][et_pb_code _builder_version=&#8221;4.0.2&#8243;]<div class=\"awards-align\" ><!-- [et_pb_line_break_holder] --><div style=\"float:left; width:14%; text-align:right;   margin-right: 2%;\"><!-- [et_pb_line_break_holder] --><img decoding=\"async\" src=\"https:\/\/marketingplatform.com\/wp-content\/uploads\/2020\/01\/primotours.png\" width=\"56\" style=\"margin:10px 20px 20px 0px;\"><!-- [et_pb_line_break_holder] --><\/div><!-- [et_pb_line_break_holder] --><div style=\"float:left; width:20%; text-align:center;    margin-right: 4%;\"><!-- [et_pb_line_break_holder] --><img decoding=\"async\" src=\"https:\/\/marketingplatform.com\/wp-content\/uploads\/2019\/11\/med24-gray.png\" width=\"100\" style=\"margin:20px 0px 20px 10px;\"><!-- [et_pb_line_break_holder] --><\/div><!-- [et_pb_line_break_holder] --><div style=\"float:left; width:18%;    margin-right: 1%;\"><!-- [et_pb_line_break_holder] --><img decoding=\"async\" src=\"https:\/\/marketingplatform.com\/wp-content\/uploads\/2019\/08\/cykelpartner-logo.png\" width=\"180\" style=\"margin:29px 20px 20px 0px;\"><!-- [et_pb_line_break_holder] --><\/div><!-- [et_pb_line_break_holder] --><div style=\"float:left; width:20%; text-align:center;     margin-right: 1%;\"><!-- [et_pb_line_break_holder] --><img decoding=\"async\" src=\"https:\/\/marketingplatform.com\/wp-content\/uploads\/2019\/04\/aldi-grey.png\" width=\"50\" style=\"margin:10px 0px 20px 0px;\"><!-- [et_pb_line_break_holder] --><\/div><!-- [et_pb_line_break_holder] --><div style=\"float:left; width:18%;      margin-right: 2%;  text-align: center;\"><!-- [et_pb_line_break_holder] --><img decoding=\"async\" src=\"https:\/\/marketingplatform.com\/wp-content\/uploads\/2019\/02\/verisure-logo.png\" width=\"120\" style=\"margin:18px 0px 20px 0px;\"><!-- [et_pb_line_break_holder] --><\/div><!-- [et_pb_line_break_holder] --><\/div>[\/et_pb_code][\/et_pb_column][\/et_pb_row][\/et_pb_section]\n","protected":false},"excerpt":{"rendered":"<p>Reservedele.nu oplever fremgang i oms\u00e6tningen Reservedele.nu er en dansk webshop beliggende i Viborg, som s\u00e6lger reservedele med prisgaranti til h\u00e5rde hvidevarer samt tilbeh\u00f8r til diverse k\u00f8kken- og kaffemaskiner. I deres sortiment har de mange tusinde varer, og deres mantra er, at har de ikke produktet p\u00e5 lager, s\u00e5 kan de skaffe det. Et af de [&hellip;]<\/p>\n","protected":false},"author":50,"featured_media":0,"parent":0,"menu_order":0,"comment_status":"closed","ping_status":"closed","template":"","meta":{"_et_pb_use_builder":"on","_et_pb_old_content":"","_et_gb_content_width":"","footnotes":""},"categories":[],"tags":[],"yst_prominent_words":[16844,16848,16850,18077,16841,16845,18076,16840,16846,16843,16847,16851,16837,18074,16838,16849,18075,16839,18078,16842],"_links":{"self":[{"href":"https:\/\/marketingplatform.com\/da\/wp-json\/wp\/v2\/pages\/60707"}],"collection":[{"href":"https:\/\/marketingplatform.com\/da\/wp-json\/wp\/v2\/pages"}],"about":[{"href":"https:\/\/marketingplatform.com\/da\/wp-json\/wp\/v2\/types\/page"}],"author":[{"embeddable":true,"href":"https:\/\/marketingplatform.com\/da\/wp-json\/wp\/v2\/users\/50"}],"replies":[{"embeddable":true,"href":"https:\/\/marketingplatform.com\/da\/wp-json\/wp\/v2\/comments?post=60707"}],"version-history":[{"count":11,"href":"https:\/\/marketingplatform.com\/da\/wp-json\/wp\/v2\/pages\/60707\/revisions"}],"predecessor-version":[{"id":65551,"href":"https:\/\/marketingplatform.com\/da\/wp-json\/wp\/v2\/pages\/60707\/revisions\/65551"}],"wp:attachment":[{"href":"https:\/\/marketingplatform.com\/da\/wp-json\/wp\/v2\/media?parent=60707"}],"wp:term":[{"taxonomy":"category","embeddable":true,"href":"https:\/\/marketingplatform.com\/da\/wp-json\/wp\/v2\/categories?post=60707"},{"taxonomy":"post_tag","embeddable":true,"href":"https:\/\/marketingplatform.com\/da\/wp-json\/wp\/v2\/tags?post=60707"},{"taxonomy":"yst_prominent_words","embeddable":true,"href":"https:\/\/marketingplatform.com\/da\/wp-json\/wp\/v2\/yst_prominent_words?post=60707"}],"curies":[{"name":"wp","href":"https:\/\/api.w.org\/{rel}","templated":true}]}}