{"id":59950,"date":"2020-07-13T15:02:30","date_gmt":"2020-07-13T13:02:30","guid":{"rendered":"https:\/\/marketingplatform.com\/?page_id=59950"},"modified":"2020-07-15T09:56:29","modified_gmt":"2020-07-15T07:56:29","slug":"split-test-funktion","status":"publish","type":"page","link":"https:\/\/marketingplatform.com\/da\/split-test-funktion\/","title":{"rendered":"Split Test funktion"},"content":{"rendered":"\n[et_pb_section fb_built=&#8221;1&#8243; _builder_version=&#8221;4.4.0&#8243; background_color=&#8221;#eff5fc&#8221; custom_padding=&#8221;||20px||false|false&#8221; box_shadow_style=&#8221;preset7&#8243; box_shadow_horizontal=&#8221;0px&#8221; box_shadow_vertical=&#8221;-170px&#8221; box_shadow_color=&#8221;#ffffff&#8221; box_shadow_vertical_tablet=&#8221;-100px&#8221; box_shadow_vertical_phone=&#8221;-120px&#8221; box_shadow_vertical_last_edited=&#8221;on|phone&#8221;][et_pb_row _builder_version=&#8221;4.4.0&#8243;][et_pb_column type=&#8221;4_4&#8243; _builder_version=&#8221;4.0.2&#8243;][et_pb_text _builder_version=&#8221;4.4.0&#8243; text_orientation=&#8221;center&#8221; custom_padding=&#8221;||23px||false|false&#8221;]<h1>Split Test<\/h1>\n<p>Brug split test funktionen til at forbedre dine Email Marketing kampagner og f\u00e5 den ultimative indsigt i hvilken stil og indhold af kommunikation dit publikum reagerer bedst p\u00e5.<\/p>[\/et_pb_text][et_pb_image src=&#8221;https:\/\/marketingplatform.com\/wp-content\/uploads\/2020\/07\/split-test.png&#8221; _builder_version=&#8221;4.4.0&#8243; width=&#8221;62%&#8221; max_width=&#8221;70%&#8221; module_alignment=&#8221;center&#8221;][\/et_pb_image][\/et_pb_column][\/et_pb_row][\/et_pb_section][et_pb_section fb_built=&#8221;1&#8243; _builder_version=&#8221;4.4.0&#8243; custom_margin=&#8221;0px||0px||false|false&#8221; custom_padding=&#8221;0px||0px||false|false&#8221;][et_pb_row _builder_version=&#8221;4.4.0&#8243;][et_pb_column type=&#8221;4_4&#8243; _builder_version=&#8221;4.4.0&#8243;][et_pb_text _builder_version=&#8221;4.5.1&#8243; hover_enabled=&#8221;0&#8243;]<h2>Send det mest effektive indhold til dine modtagere<\/h2>\n<p>Du vil naturligvis gerne sikre dig, at du sender det mest engagerende og effektive indhold til din kontaktliste. Derfor giver det rigtigt god mening, at du tester, hvordan &#8216;det bedste&#8217; faktisk tager sig ud. Der er ingen grund til at dette skal overlades til mavefornemmelser eller g\u00e6tteri. Brug i stedet et v\u00e6rkt\u00f8j, som kan hj\u00e6lpe dig med at forfine n\u00e6sten ethvert vigtigt aspekt af dine kampagner og s\u00f8rge for, at det, dit publikum modtager, er, hvad dit publikum faktisk \u00f8nsker.<\/p>\n<p>Dette fantastiske v\u00e6rkt\u00f8j er naturligvis split test v\u00e6rkt\u00f8jet.<\/p>\n<p>At <a href=\"https:\/\/marketingplatform.com\/da\/ressourcer\/split-test-email-marketing-kampagner\/\">split teste Email Marketing kampagner<\/a> er den ultimative m\u00e5de at f\u00e5 indsigt i, hvilken stil og hvilket indhold af kommunikation dit publikum reagerer bedst p\u00e5.<\/p>\n<p>Split test funktionen fra MarketingPlatform er et ideelt v\u00e6rkt\u00f8j til at hj\u00e6lpe dig med at komme godt i m\u00e5l med at f\u00e5 de bedst mulige resultater. Det er en automatiseret m\u00e5de med hvilken du kan sikre, at dit publikum altid modtager den bedst fungerende email kampagne.<\/p>\n<p>Ved at bruge split test af dine email kampagner f\u00e5r du uvurderlige data til din indholdsstrategi og ser bedre resultater og forbedringer af vigtige faktorer som:<\/p>\n[\/et_pb_text][\/et_pb_column][\/et_pb_row][et_pb_row column_structure=&#8221;1_4,1_4,1_4,1_4&#8243; _builder_version=&#8221;4.4.0&#8243; width=&#8221;39%&#8221;][et_pb_column type=&#8221;1_4&#8243; _builder_version=&#8221;4.4.0&#8243; background_color=&#8221;rgba(0,0,0,0)&#8221; custom_padding=&#8221;22px|22px|22px|22px|false|false&#8221; border_radii=&#8221;on|12px|12px|12px|12px&#8221;][et_pb_image src=&#8221;https:\/\/marketingplatform.com\/wp-content\/uploads\/2020\/07\/convert-rate-icon.png&#8221; _builder_version=&#8221;4.4.0&#8243; width=&#8221;50%&#8221; module_alignment=&#8221;center&#8221;][\/et_pb_image][et_pb_text _builder_version=&#8221;4.4.0&#8243; text_orientation=&#8221;center&#8221;]<h4>Konverteringsrate<\/h4>[\/et_pb_text][\/et_pb_column][et_pb_column type=&#8221;1_4&#8243; _builder_version=&#8221;4.4.0&#8243; background_color=&#8221;rgba(0,0,0,0)&#8221; custom_padding=&#8221;22px|22px|22px|22px|false|false&#8221; border_radii=&#8221;on|12px|12px|12px|12px&#8221;][et_pb_image src=&#8221;https:\/\/marketingplatform.com\/wp-content\/uploads\/2020\/07\/open-rate-icon.png&#8221; align=&#8221;center&#8221; _builder_version=&#8221;4.4.0&#8243; width=&#8221;50%&#8221; module_alignment=&#8221;center&#8221;][\/et_pb_image][et_pb_text _builder_version=&#8221;4.4.0&#8243; text_orientation=&#8221;center&#8221;]<h4>Open Rate<\/h4>[\/et_pb_text][\/et_pb_column][et_pb_column type=&#8221;1_4&#8243; _builder_version=&#8221;4.4.0&#8243; background_color=&#8221;rgba(0,0,0,0)&#8221; custom_padding=&#8221;22px|22px|22px|22px|false|false&#8221; border_radii=&#8221;on|12px|12px|12px|12px&#8221;][et_pb_image src=&#8221;https:\/\/marketingplatform.com\/wp-content\/uploads\/2020\/07\/click-rate-icon.png&#8221; align=&#8221;center&#8221; _builder_version=&#8221;4.4.0&#8243; width=&#8221;50%&#8221; module_alignment=&#8221;center&#8221;][\/et_pb_image][et_pb_text _builder_version=&#8221;4.4.0&#8243; text_orientation=&#8221;center&#8221;]<h4>Click-Through-Rate<\/h4>[\/et_pb_text][\/et_pb_column][et_pb_column type=&#8221;1_4&#8243; _builder_version=&#8221;4.4.0&#8243; background_color=&#8221;rgba(0,0,0,0)&#8221; custom_padding=&#8221;22px|22px|22px|22px|false|false&#8221; border_radii=&#8221;on|12px|12px|12px|12px&#8221;][et_pb_image src=&#8221;https:\/\/marketingplatform.com\/wp-content\/uploads\/2020\/07\/reduce-unsubs-icon.png&#8221; align=&#8221;center&#8221; _builder_version=&#8221;4.4.0&#8243; width=&#8221;50%&#8221; module_alignment=&#8221;center&#8221;][\/et_pb_image][et_pb_text _builder_version=&#8221;4.4.0&#8243; text_orientation=&#8221;center&#8221;]<h4>F\u00e6rre afmeldinger<\/h4>[\/et_pb_text][\/et_pb_column][\/et_pb_row][\/et_pb_section][et_pb_section fb_built=&#8221;1&#8243; _builder_version=&#8221;4.4.0&#8243; custom_margin=&#8221;0px||||false|false&#8221; custom_padding=&#8221;0px||||false|false&#8221;][et_pb_row _builder_version=&#8221;4.4.0&#8243; custom_margin=&#8221;0px||||false|false&#8221; custom_padding=&#8221;0px||||false|false&#8221;][et_pb_column type=&#8221;4_4&#8243; _builder_version=&#8221;4.0.2&#8243;][et_pb_text _builder_version=&#8221;4.4.0&#8243; custom_margin=&#8221;||||false|false&#8221; custom_padding=&#8221;||||false|false&#8221;]<h3>Stop med at g\u00e6tte &#8211; lad dataen fort\u00e6lle dig, hvad virker bedst<\/h3>\n<p>Ved hj\u00e6lp af split test er du i stand til at teste en r\u00e6kke forskellige versioner af din email kampagne eller dit Marketing Automation flow med variationer, der kan v\u00e6re s\u00e5 subtile eller betydningsfulde, som du gerne vil. Disse variationer kan omfatte ting som selve indholdet (tekst, billeder osv.), emnelinjen og afsendernavnet p\u00e5 din kampagne. Disse variationer sendes til en lille del af din kontaktliste (den st\u00f8rrelse, du beslutter dig for), og den kampagne der klarer sig bedst,\u00a0vurderet ud fra de vindende kriterier, du har opsat, sendes til resten af \u200b\u200bdin kontakt liste. Du kan v\u00e6lge split testens udsendelsestid og enten f\u00e5 split test funktionen til at sende kampagnen, n\u00e5r vinderen er fundet, eller du kan v\u00e6lge at indstille en bestemt dato og tid hvor den vindende kampagne skal sendes .<\/p>[\/et_pb_text][\/et_pb_column][\/et_pb_row][et_pb_row _builder_version=&#8221;4.4.0&#8243; custom_margin=&#8221;0px||||false|false&#8221; custom_padding=&#8221;0px||||false|false&#8221;][et_pb_column type=&#8221;4_4&#8243; _builder_version=&#8221;4.0.2&#8243;][et_pb_text _builder_version=&#8221;4.4.0&#8243; custom_margin=&#8221;||||false|false&#8221; custom_padding=&#8221;||||false|false&#8221;]<h3>Hvilke elementer kan testes i MarketingPlatform?<\/h3>\n<p>MarketingPlatforms split test funktion kan testes p\u00e5 f\u00f8lgende elementer:<\/p>[\/et_pb_text][\/et_pb_column][\/et_pb_row][et_pb_row column_structure=&#8221;1_3,1_3,1_3&#8243; _builder_version=&#8221;4.4.0&#8243; width=&#8221;34%&#8221; custom_margin=&#8221;0px||0px||false|false&#8221; custom_padding=&#8221;0px|0px|0px||false|false&#8221;][et_pb_column type=&#8221;1_3&#8243; _builder_version=&#8221;4.4.0&#8243;][et_pb_code _builder_version=&#8221;4.4.0&#8243;]<div style=\"margin-top:22px\"><pee style=\"float: left;\"><img decoding=\"async\" src=\"https:\/\/marketingplatform.com\/wp-content\/uploads\/2020\/07\/email-content.png\" width=\"50px\" ><\/pee><!-- [et_pb_line_break_holder] --><pee style=\"padding:12px 0 0 62px;font-weight:bold;\">Email indhold<\/pee><!-- [et_pb_line_break_holder] --><\/div><!-- [et_pb_line_break_holder] --><div style=\"clear: left;\"><\/div>[\/et_pb_code][\/et_pb_column][et_pb_column type=&#8221;1_3&#8243; _builder_version=&#8221;4.4.0&#8243;][et_pb_code _builder_version=&#8221;4.4.0&#8243;]<div style=\"margin-top:22px\"><pee style=\"float: left;\"><img decoding=\"async\" src=\"https:\/\/marketingplatform.com\/wp-content\/uploads\/2020\/07\/subject-line.png\" width=\"50px\" ><\/pee><!-- [et_pb_line_break_holder] --><pee style=\"padding:12px 0 0 62px;font-weight:bold;\">Emnelinjen<\/pee><!-- [et_pb_line_break_holder] --><\/div><!-- [et_pb_line_break_holder] --><div style=\"clear: left;\"><\/div>[\/et_pb_code][\/et_pb_column][et_pb_column type=&#8221;1_3&#8243; _builder_version=&#8221;4.4.0&#8243;][et_pb_code _builder_version=&#8221;4.4.0&#8243;]<div style=\"margin-top:22px\"><pee style=\"float: left;\"><img decoding=\"async\" src=\"https:\/\/marketingplatform.com\/wp-content\/uploads\/2020\/07\/from-name.png\" width=\"50px\" ><\/pee><!-- [et_pb_line_break_holder] --><pee style=\"padding:12px 0 0 62px;font-weight:bold;\">Afsendernavn<\/pee><!-- [et_pb_line_break_holder] --><\/div><!-- [et_pb_line_break_holder] --><div style=\"clear: left;\"><\/div>[\/et_pb_code][\/et_pb_column][\/et_pb_row][et_pb_row _builder_version=&#8221;4.4.0&#8243; custom_margin=&#8221;||||false|false&#8221; custom_padding=&#8221;||||false|false&#8221;][et_pb_column type=&#8221;4_4&#8243; _builder_version=&#8221;4.0.2&#8243;][et_pb_text _builder_version=&#8221;4.4.0&#8243;]<p>Hvilke kriterier kan afg\u00f8re vinderen?<\/p>[\/et_pb_text][\/et_pb_column][\/et_pb_row][et_pb_row column_structure=&#8221;1_3,1_3,1_3&#8243; _builder_version=&#8221;4.4.0&#8243; width=&#8221;38%&#8221; custom_margin=&#8221;0px||0px||false|false&#8221; custom_padding=&#8221;0px||0px||false|false&#8221;][et_pb_column type=&#8221;1_3&#8243; _builder_version=&#8221;4.4.0&#8243;][et_pb_code _builder_version=&#8221;4.4.0&#8243;]<div style=\"margin-top:22px\"><pee style=\"float: left;\"><img decoding=\"async\" src=\"https:\/\/marketingplatform.com\/wp-content\/uploads\/2020\/07\/open-rate.png\" width=\"50px\" ><\/pee><!-- [et_pb_line_break_holder] --><pee style=\"padding:18px 0 0 65px;font-weight:bold;\">Open Rate<\/pee><!-- [et_pb_line_break_holder] --><\/div><!-- [et_pb_line_break_holder] --><div style=\"clear: left;\"><\/div>[\/et_pb_code][\/et_pb_column][et_pb_column type=&#8221;1_3&#8243; _builder_version=&#8221;4.4.0&#8243;][et_pb_code _builder_version=&#8221;4.4.0&#8243;]<div style=\"margin-top:22px\"><pee style=\"float: left;\"><img decoding=\"async\" src=\"https:\/\/marketingplatform.com\/wp-content\/uploads\/2020\/07\/click-rate.png\" width=\"50px\" ><\/pee><!-- [et_pb_line_break_holder] --><pee style=\"padding:18px 0 0 62px;font-weight:bold;\">Click-to-Open-Rate<\/pee><!-- [et_pb_line_break_holder] --><\/div><!-- [et_pb_line_break_holder] --><div style=\"clear: left;\"><\/div>[\/et_pb_code][\/et_pb_column][et_pb_column type=&#8221;1_3&#8243; _builder_version=&#8221;4.4.0&#8243;][et_pb_code _builder_version=&#8221;4.4.0&#8243;]<div style=\"margin-top:22px\"><pee style=\"float: left;\"><img decoding=\"async\" src=\"https:\/\/marketingplatform.com\/wp-content\/uploads\/2020\/07\/clickthrough.png\" width=\"50px\" ><\/pee><!-- [et_pb_line_break_holder] --><pee style=\"padding:18px 0 0 62px;font-weight:bold;\">Click-Through-Rate<\/pee><!-- [et_pb_line_break_holder] --><\/div><!-- [et_pb_line_break_holder] --><div style=\"clear: left;\"><\/div>[\/et_pb_code][\/et_pb_column][\/et_pb_row][et_pb_row _builder_version=&#8221;4.4.0&#8243; custom_margin=&#8221;||||false|false&#8221; custom_padding=&#8221;||||false|false&#8221;][et_pb_column type=&#8221;4_4&#8243; _builder_version=&#8221;4.0.2&#8243;][et_pb_text _builder_version=&#8221;4.5.1&#8243; hover_enabled=&#8221;0&#8243;]<h3>Vil du pr\u00f8ve split test funktionen?<\/h3>\n<p>Vi har et team til din r\u00e5dighed, som kan hj\u00e6lpe dig med at f\u00e5 det bedste ud af split test &#8211; og de mange andre fantastiske funktioner i MarketingPlatform.<\/p>\n<p>Split test funktionen er et fantastisk v\u00e6rkt\u00f8j, som kan hj\u00e6lpe dig med at f\u00e5 det bedste ud af dit indhold. Vil du gerne i gang med at teste, er vores fantastiske medarbejdere altid til r\u00e5dighed til at besvare dine sp\u00f8rgsm\u00e5l eller tilbyde inspiration p\u00e5 omr\u00e5det. Du kan f\u00e5 en <a href=\"https:\/\/marketingplatform.com\/da\/book-marketingplatform-demo\/\">uforpligtende demo<\/a> af platformen, hvor vi kan vise dig split test funktione samt \u00f8vrige funktioner, eller du kan <a href=\"https:\/\/marketingplatform.com\/da\/gratis-proeveversion\/\">pr\u00f8ve platformen gratis<\/a> i 14 dage.<\/p>\n<p>Vil du vide mere om hvordan du split tester i MarketingPlatform og l\u00e6se mere meget mere om best practices inden for split tests i Email Marketing, anbefaler vi, at du l\u00e6ser <a href=\"https:\/\/marketingplatform.com\/da\/ressourcer\/split-test-email-marketing-kampagner\/\">denne artikel<\/a>.<\/p>\n[\/et_pb_text][\/et_pb_column][\/et_pb_row][\/et_pb_section][et_pb_section fb_built=&#8221;1&#8243; custom_padding_last_edited=&#8221;on|phone&#8221; module_class=&#8221;ressourcer-signup&#8221; _builder_version=&#8221;4.0.2&#8243; background_color=&#8221;#dee7f1&#8243; custom_padding=&#8221;7%||&#8221; custom_padding_tablet=&#8221;12%||||false|false&#8221; custom_padding_phone=&#8221;17%||||false|false&#8221; top_divider_style=&#8221;asymmetric2&#8243; top_divider_color=&#8221;#ffffff&#8221; top_divider_height=&#8221;60px&#8221; global_module=&#8221;21281&#8243;][et_pb_row _builder_version=&#8221;3.25&#8243; background_size=&#8221;initial&#8221; background_position=&#8221;top_left&#8221; background_repeat=&#8221;repeat&#8221; custom_margin=&#8221;||10px&#8221; custom_padding=&#8221;||10px&#8221;][et_pb_column type=&#8221;4_4&#8243; _builder_version=&#8221;3.25&#8243; custom_padding=&#8221;|||&#8221; custom_padding__hover=&#8221;|||&#8221;][et_pb_text _builder_version=&#8221;4.0.2&#8243; text_orientation=&#8221;center&#8221;]<h2 style=\"font-style: normal;\">Pr\u00f8v MarketingPlatform gratis i 14 dage<\/h2>\n<p style=\"font-style: normal;\">Pr\u00f8veperioden er gratis, helt uforpligtende og udl\u00f8ber efter 14 dage, hvis du ikke \u00f8nsker at forts\u00e6tte.<br \/> Ved tilmelding modtager du samtidig vores uddannelsesflow p\u00e5 en serie af mails \u2013 og vores nyhedsbrev.<\/p>[\/et_pb_text][\/et_pb_column][\/et_pb_row][et_pb_row _builder_version=&#8221;4.4.0&#8243;][et_pb_column type=&#8221;4_4&#8243; _builder_version=&#8221;4.0.2&#8243;][et_pb_code _builder_version=&#8221;4.4.0&#8243; max_width=&#8221;50%&#8221; max_width_tablet=&#8221;100%&#8221; max_width_phone=&#8221;&#8221; max_width_last_edited=&#8221;on|phone&#8221; module_alignment=&#8221;center&#8221;]<a href=\"https:\/\/marketingplatform.com\/da\/book-emailplatform-demo\/\"><div class=\"bookdemobtn\">Book demo<\/div><\/a><!-- [et_pb_line_break_holder] --><a href=\"https:\/\/marketingplatform.com\/da\/gratis-proeveversion\/\"><div class=\"signupbtn\">Pr\u00f8v os gratis<\/div><\/a><!-- [et_pb_line_break_holder] --><div class=\"clearfix\"><\/div>[\/et_pb_code][\/et_pb_column][\/et_pb_row][et_pb_row _builder_version=&#8221;4.0.2&#8243; max_width=&#8221;768px&#8221; custom_margin=&#8221;15px||0px||false|false&#8221; custom_padding=&#8221;0px||0px&#8221; use_custom_width=&#8221;on&#8221; custom_width_px=&#8221;768px&#8221;][et_pb_column type=&#8221;4_4&#8243; _builder_version=&#8221;3.25&#8243; custom_padding=&#8221;|||&#8221; custom_padding__hover=&#8221;|||&#8221;][et_pb_code _builder_version=&#8221;4.0.2&#8243;]<div class=\"awards-align\" ><!-- [et_pb_line_break_holder] --><div style=\"float:left; width:14%; text-align:right;   margin-right: 2%;\"><!-- [et_pb_line_break_holder] --><img decoding=\"async\" src=\"https:\/\/marketingplatform.com\/wp-content\/uploads\/2020\/01\/primotours.png\" width=\"56\" style=\"margin:10px 20px 20px 0px;\"><!-- [et_pb_line_break_holder] --><\/div><!-- [et_pb_line_break_holder] --><div style=\"float:left; width:20%; text-align:center;    margin-right: 4%;\"><!-- [et_pb_line_break_holder] --><img decoding=\"async\" src=\"https:\/\/marketingplatform.com\/wp-content\/uploads\/2019\/11\/med24-gray.png\" width=\"100\" style=\"margin:20px 0px 20px 10px;\"><!-- [et_pb_line_break_holder] --><\/div><!-- [et_pb_line_break_holder] --><div style=\"float:left; width:18%;    margin-right: 1%;\"><!-- [et_pb_line_break_holder] --><img decoding=\"async\" src=\"https:\/\/marketingplatform.com\/wp-content\/uploads\/2019\/08\/cykelpartner-logo.png\" width=\"180\" style=\"margin:29px 20px 20px 0px;\"><!-- [et_pb_line_break_holder] --><\/div><!-- [et_pb_line_break_holder] --><div style=\"float:left; width:20%; text-align:center;     margin-right: 1%;\"><!-- [et_pb_line_break_holder] --><img decoding=\"async\" src=\"https:\/\/marketingplatform.com\/wp-content\/uploads\/2019\/04\/aldi-grey.png\" width=\"50\" style=\"margin:10px 0px 20px 0px;\"><!-- [et_pb_line_break_holder] --><\/div><!-- [et_pb_line_break_holder] --><div style=\"float:left; width:18%;      margin-right: 2%;  text-align: center;\"><!-- [et_pb_line_break_holder] --><img decoding=\"async\" src=\"https:\/\/marketingplatform.com\/wp-content\/uploads\/2019\/02\/verisure-logo.png\" width=\"120\" style=\"margin:18px 0px 20px 0px;\"><!-- [et_pb_line_break_holder] --><\/div><!-- [et_pb_line_break_holder] --><\/div>[\/et_pb_code][\/et_pb_column][\/et_pb_row][\/et_pb_section]\n","protected":false},"excerpt":{"rendered":"<p>Split Test Brug split test funktionen til at forbedre dine Email Marketing kampagner og f\u00e5 den ultimative indsigt i hvilken stil og indhold af kommunikation dit publikum reagerer bedst p\u00e5.Send det mest effektive indhold til dine modtagere Du vil naturligvis gerne sikre dig, at du sender det mest engagerende og effektive indhold til din kontaktliste. [&hellip;]<\/p>\n","protected":false},"author":50,"featured_media":0,"parent":0,"menu_order":0,"comment_status":"closed","ping_status":"closed","template":"","meta":{"_et_pb_use_builder":"on","_et_pb_old_content":"","_et_gb_content_width":"","footnotes":""},"categories":[],"tags":[16398,16432,16416,16431],"yst_prominent_words":[16425,16419,16041,16427,16421,16040,6731,16048,16424,16418,12409,16426,16420,16042,16430,16422,1131,16417,16423,16493],"_links":{"self":[{"href":"https:\/\/marketingplatform.com\/da\/wp-json\/wp\/v2\/pages\/59950"}],"collection":[{"href":"https:\/\/marketingplatform.com\/da\/wp-json\/wp\/v2\/pages"}],"about":[{"href":"https:\/\/marketingplatform.com\/da\/wp-json\/wp\/v2\/types\/page"}],"author":[{"embeddable":true,"href":"https:\/\/marketingplatform.com\/da\/wp-json\/wp\/v2\/users\/50"}],"replies":[{"embeddable":true,"href":"https:\/\/marketingplatform.com\/da\/wp-json\/wp\/v2\/comments?post=59950"}],"version-history":[{"count":8,"href":"https:\/\/marketingplatform.com\/da\/wp-json\/wp\/v2\/pages\/59950\/revisions"}],"predecessor-version":[{"id":60195,"href":"https:\/\/marketingplatform.com\/da\/wp-json\/wp\/v2\/pages\/59950\/revisions\/60195"}],"wp:attachment":[{"href":"https:\/\/marketingplatform.com\/da\/wp-json\/wp\/v2\/media?parent=59950"}],"wp:term":[{"taxonomy":"category","embeddable":true,"href":"https:\/\/marketingplatform.com\/da\/wp-json\/wp\/v2\/categories?post=59950"},{"taxonomy":"post_tag","embeddable":true,"href":"https:\/\/marketingplatform.com\/da\/wp-json\/wp\/v2\/tags?post=59950"},{"taxonomy":"yst_prominent_words","embeddable":true,"href":"https:\/\/marketingplatform.com\/da\/wp-json\/wp\/v2\/yst_prominent_words?post=59950"}],"curies":[{"name":"wp","href":"https:\/\/api.w.org\/{rel}","templated":true}]}}