{"id":5940,"date":"2017-04-13T11:26:01","date_gmt":"2017-04-13T09:26:01","guid":{"rendered":"https:\/\/marketingplatform.com\/?page_id=5940\/"},"modified":"2020-04-01T13:38:40","modified_gmt":"2020-04-01T11:38:40","slug":"nyhedsbreve","status":"publish","type":"page","link":"https:\/\/marketingplatform.com\/da\/nyhedsbreve\/","title":{"rendered":"Nyhedsbreve"},"content":{"rendered":"<p>[et_pb_section fb_built=&#8221;1&#8243; admin_label=&#8221;section&#8221; _builder_version=&#8221;3.22&#8243; transparent_background=&#8221;off&#8221;][et_pb_row admin_label=&#8221;row&#8221; _builder_version=&#8221;3.25&#8243; background_size=&#8221;initial&#8221; background_position=&#8221;top_left&#8221; background_repeat=&#8221;repeat&#8221;][et_pb_column type=&#8221;4_4&#8243; _builder_version=&#8221;3.25&#8243; custom_padding=&#8221;|||&#8221; custom_padding__hover=&#8221;|||&#8221;][et_pb_text _builder_version=&#8221;3.27.4&#8243; background_size=&#8221;initial&#8221; background_position=&#8221;top_left&#8221; background_repeat=&#8221;repeat&#8221; use_border_color=&#8221;off&#8221; border_color=&#8221;#ffffff&#8221; border_style=&#8221;solid&#8221;]<\/p>\n<h1>Nyhedsbreve<\/h1>\n<p><img decoding=\"async\" loading=\"lazy\" class=\"scale-with-grid alignright image-border\" title=\"\" src=\"..\/..\/wp-content\/uploads\/2017\/04\/iphone-ref.png\" alt=\"\" width=\"345\" height=\"525\" \/>MarketingPlatform er en intelligent cloud platform til udsendelse af nyhedsbreve.<\/p>\n<p>En cloud platform gemmer alle data sikkert i skyen, og stiller derfor intet krav om installation af software p\u00e5 din computer. Alt k\u00f8rer online gennem en browser &#8211; og alle data opbevares indenfor EU.<\/p>\n<p>Det betyder at vi har skabt en r\u00e6kke funktioner rundt om kernefunktionaliteten &#8211; nemlig selve udsendelsen af kampagner og nyhedsbreve. En af funktionerne er s\u00e5kaldte responsive nyhedsbreve, der tilpasser sig den enhed de \u00e5bnes p\u00e5. I 2015 \u00e5bner 6\/10 deres nyhedsbreve p\u00e5 en mobil enhed &#8211; oftest en smartphone.<\/p>\n<h4>Nyhedsbreve<\/h4>\n<p>Lad os f\u00f8rst f\u00e5 definitionerne helt p\u00e5 plads. Et nyhedsbrev er oftest en kommerciel email, der har det prim\u00e6re forhold at s\u00e6lge noget til modtageren.<\/p>\n<p>Men ogs\u00e5 mere informative emails g\u00e5r ind under f\u00e6llesbetegnelsen nyhedsbreve. Det samme g\u00e6lder masseudsendelser fra foreninger, klubber og interesseorganisationer.<\/p>\n<p>Teknisk set er et nyhedsbrev en email som indeholder en s\u00e6rlig teknisk header og struktur.<\/p>\n<p>Den tekniske, ikke at forveksle med toppen af den visuelle mail, er et stykke kode, der fort\u00e6ller en masse om afsenderen og om hvordan den modtagne mailserver skal forholde sig i en r\u00e6kke situationer.<br \/>\n[\/et_pb_text][\/et_pb_column][\/et_pb_row][et_pb_row column_structure=&#8221;1_5,1_5,1_5,1_5,1_5&#8243; module_class=&#8221;custom_row&#8221; _builder_version=&#8221;4.4.0&#8243; width_tablet=&#8221;80%&#8221; width_phone=&#8221;&#8221; width_last_edited=&#8221;on|phone&#8221; max_width_tablet=&#8221;1024px&#8221; max_width_phone=&#8221;&#8221; max_width_last_edited=&#8221;on|desktop&#8221; module_alignment=&#8221;center&#8221; custom_padding=&#8221;50px||50px||false|false&#8221; global_module=&#8221;54936&#8243;][et_pb_column type=&#8221;1_5&#8243; _builder_version=&#8221;4.4.0&#8243;][et_pb_image src=&#8221;https:\/\/marketingplatform.com\/wp-content\/uploads\/2019\/11\/verisure.png&#8221; align_tablet=&#8221;center&#8221; align_phone=&#8221;&#8221; align_last_edited=&#8221;on|phone&#8221; _builder_version=&#8221;4.4.0&#8243; max_width=&#8221;92%&#8221; max_width_tablet=&#8221;65%&#8221; max_width_phone=&#8221;50%&#8221; max_width_last_edited=&#8221;on|desktop&#8221; module_alignment=&#8221;center&#8221; custom_padding=&#8221;6px||||false|false&#8221;][\/et_pb_image][\/et_pb_column][et_pb_column type=&#8221;1_5&#8243; _builder_version=&#8221;4.4.0&#8243;][et_pb_image src=&#8221;https:\/\/marketingplatform.com\/wp-content\/uploads\/2019\/03\/med24-logo.png&#8221; align_tablet=&#8221;center&#8221; align_phone=&#8221;&#8221; align_last_edited=&#8221;on|phone&#8221; _builder_version=&#8221;4.4.0&#8243; max_width=&#8221;72%&#8221; max_width_tablet=&#8221;65%&#8221; max_width_phone=&#8221;50%&#8221; max_width_last_edited=&#8221;on|tablet&#8221; module_alignment=&#8221;center&#8221;][\/et_pb_image][\/et_pb_column][et_pb_column type=&#8221;1_5&#8243; _builder_version=&#8221;4.4.0&#8243;][et_pb_image src=&#8221;https:\/\/marketingplatform.com\/wp-content\/uploads\/2020\/03\/danishcrown.png&#8221; align=&#8221;center&#8221; align_tablet=&#8221;&#8221; align_phone=&#8221;&#8221; align_last_edited=&#8221;on|phone&#8221; _builder_version=&#8221;4.4.0&#8243; max_width=&#8221;68%&#8221; max_width_tablet=&#8221;62%&#8221; max_width_phone=&#8221;46%&#8221; max_width_last_edited=&#8221;on|tablet&#8221; module_alignment=&#8221;center&#8221; custom_margin=&#8221;-7px||||false|false&#8221;][\/et_pb_image][\/et_pb_column][et_pb_column type=&#8221;1_5&#8243; _builder_version=&#8221;4.4.0&#8243;][et_pb_image src=&#8221;https:\/\/marketingplatform.com\/wp-content\/uploads\/2019\/08\/cykelpartner.png&#8221; align_tablet=&#8221;center&#8221; align_phone=&#8221;&#8221; align_last_edited=&#8221;on|phone&#8221; _builder_version=&#8221;4.4.0&#8243; max_width=&#8221;100%&#8221; max_width_tablet=&#8221;60%&#8221; max_width_phone=&#8221;45%&#8221; max_width_last_edited=&#8221;on|desktop&#8221; module_alignment=&#8221;center&#8221; custom_padding=&#8221;15px||||false|false&#8221;][\/et_pb_image][\/et_pb_column][et_pb_column type=&#8221;1_5&#8243; _builder_version=&#8221;4.4.0&#8243; custom_padding=&#8221;||||false|false&#8221;][et_pb_image src=&#8221;https:\/\/marketingplatform.com\/wp-content\/uploads\/2019\/10\/olivers-dk.png&#8221; align_tablet=&#8221;center&#8221; align_phone=&#8221;&#8221; align_last_edited=&#8221;on|phone&#8221; _builder_version=&#8221;4.4.0&#8243; width=&#8221;75%&#8221; max_width=&#8221;100%&#8221; max_width_tablet=&#8221;65%&#8221; max_width_phone=&#8221;50%&#8221; max_width_last_edited=&#8221;on|desktop&#8221; module_alignment=&#8221;center&#8221; custom_padding=&#8221;3px||||false|false&#8221;][\/et_pb_image][\/et_pb_column][\/et_pb_row][et_pb_row admin_label=&#8221;row&#8221; _builder_version=&#8221;3.25&#8243; background_size=&#8221;initial&#8221; background_position=&#8221;top_left&#8221; background_repeat=&#8221;repeat&#8221;][et_pb_column type=&#8221;4_4&#8243; _builder_version=&#8221;3.25&#8243; custom_padding=&#8221;|||&#8221; custom_padding__hover=&#8221;|||&#8221;][et_pb_text _builder_version=&#8221;3.27.4&#8243; background_size=&#8221;initial&#8221; background_position=&#8221;top_left&#8221; background_repeat=&#8221;repeat&#8221; use_border_color=&#8221;off&#8221;]<\/p>\n<h4><strong><img decoding=\"async\" loading=\"lazy\" class=\"alignleft wp-image-5941 image-border\" src=\"..\/..\/wp-content\/uploads\/2017\/04\/billetlugen-mailplatform-newsletter-sample.png\" alt=\"\" width=\"291\" height=\"490\" srcset=\"https:\/\/marketingplatform.com\/wp-content\/uploads\/2017\/04\/billetlugen-mailplatform-newsletter-sample.png 400w, https:\/\/marketingplatform.com\/wp-content\/uploads\/2017\/04\/billetlugen-mailplatform-newsletter-sample-178x300.png 178w\" sizes=\"(max-width: 291px) 100vw, 291px\" \/><\/strong>Opbygningen af et nyhedsbrev<\/h4>\n<p>Den mest almindelige opbygningen starter med en header. Nu taler vi om den visuelle header &#8211; det f\u00f8rste der er synligt i selve nyhedsbrevet.<\/p>\n<p>Dern\u00e6st f\u00f8lger i mange tilf\u00e6lde en menu, der linker modtagerne ind p\u00e5 afsenderens hjemmeside eller webshop. Menuen opf\u00f8rer sig for det meste anderledes, n\u00e5r mailen \u00e5bnes p\u00e5 en smartphone. Flere udelader helt menuen p\u00e5 de mobile sk\u00e6rme &#8211; andre \u00e6ndrer deres karakter til st\u00f8rre knapper.<\/p>\n<p>Hoveddelen af mailen er det indhold, der er forskelligt fra udsendelse til udsendelse. Indholdet er en blanding mellem tekst og billeder, der smyger sig smukt ned ad siden og giver variation og liv.<\/p>\n<p>Slutteligt afrundes mailen med en footer, der b\u00f8r indeholde alle relevante oplysninger om afsender, s\u00e6rlig kontaktinformation og firmastamdata. Hos MarketingPlatform stiller vi krav om b\u00e5de email adresse og telefonnummer samt adresse i alle mails. Som certificeret email marketing virksomhed, g\u00e5r vi gerne forrest i bek\u00e6mpelsen af SPAM.<\/p>\n<h4>V\u00e6rkt\u00f8jer i MarketingPlatform til design og opbygning<\/h4>\n<p>Der er grundl\u00e6ggende 2 forskellige m\u00e5der at designe et nyhedsbrev p\u00e5 i vores l\u00f8sning. Den statiske m\u00e5de med en fast HTML <a href=\"https:\/\/marketingplatform.com\/da\/skabelon-nyhedsbrev\/\">nyhedsbrevskabelon<\/a>, hvor indholdet har faste pladser. Denne funktion anvendes ogs\u00e5 af st\u00f8rre kunder, der \u00f8nsker at importere et f\u00e6rdigt nyhedsbrev skabt i et andet system.<\/p>\n<p>De fleste kunder anvender den dynamiske model, hvor MarketingPlatform Builder er rammen om en intuitiv drag-and-drop editor. Her kan alle indholdselementer tr\u00e6kkes rundt med musen &#8211; og en unik kampagne skabes uden kendskab til kodning.<\/p>\n<p>Du kan l\u00e6se mere om <a href=\"https:\/\/marketingplatform.com\/da\/email-marketing\/bygge-kampagner\/\">MarketingPlatform Builder her<\/a>.<\/p>\n<h4>Udsendelsen af nyhedsbrevet<\/h4>\n<p>Efter nyhedsbrevet er f\u00e6rdigt, \u00f8nsker de fleste at sende det til modtagerne. Det g\u00f8res i et enkelt flow, hvor afsenderen kan rettes, hvis den skal v\u00e6re forskellig fra standarden p\u00e5 kontaktlisten. Tidspunktet for udsendelsen kan enten v\u00e6re med det samme, eller p\u00e5 et hvilken som helst tidspunkt indenfor de kommende 5 \u00e5r.<\/p>\n<p>Flere informationer er ikke n\u00f8dvendige at angive. MarketingPlatform ved nu det n\u00f8dvendige, for at kunne sende dit nyhedsbrev.<\/p>\n<p>Men der er mange flere muligheder. Funktionen Repeat Sending kan gentage et nyhedsbrev med de \u00f8nskede intervaller. Kombineres det med eksternt indhold fra et feed bliver mulighederne mange.<\/p>\n<p>Tracking gennem Google Analytics er ogs\u00e5 standard, og kan overf\u00f8re identificerbare information videre mod analysev\u00e6rkt\u00f8jet.[\/et_pb_text][\/et_pb_column][\/et_pb_row][\/et_pb_section][et_pb_section fb_built=&#8221;1&#8243; custom_padding_last_edited=&#8221;on|phone&#8221; module_class=&#8221;ressourcer-signup&#8221; _builder_version=&#8221;4.0.2&#8243; background_color=&#8221;#dee7f1&#8243; custom_padding=&#8221;7%||&#8221; custom_padding_tablet=&#8221;12%||||false|false&#8221; custom_padding_phone=&#8221;17%||||false|false&#8221; top_divider_style=&#8221;asymmetric2&#8243; top_divider_color=&#8221;#ffffff&#8221; top_divider_height=&#8221;60px&#8221; global_module=&#8221;19033&#8243;][et_pb_row _builder_version=&#8221;3.25&#8243; background_size=&#8221;initial&#8221; background_position=&#8221;top_left&#8221; background_repeat=&#8221;repeat&#8221; custom_margin=&#8221;||10px&#8221; custom_padding=&#8221;||10px&#8221;][et_pb_column type=&#8221;4_4&#8243; _builder_version=&#8221;3.25&#8243; custom_padding=&#8221;|||&#8221; custom_padding__hover=&#8221;|||&#8221;][et_pb_text _builder_version=&#8221;4.0.2&#8243; text_orientation=&#8221;center&#8221;]<\/p>\n<h2 style=\"font-style: normal;\">Pr\u00f8v MarketingPlatform gratis i 14 dage<\/h2>\n<p style=\"font-style: normal;\">Pr\u00f8veperioden er gratis, helt uforpligtende og udl\u00f8ber efter 14 dage, hvis du ikke \u00f8nsker at forts\u00e6tte.<br \/> Ved tilmelding modtager du samtidig vores uddannelsesflow p\u00e5 en serie af mails \u2013 og vores nyhedsbrev.<\/p>\n<p>[\/et_pb_text][\/et_pb_column][\/et_pb_row][et_pb_row _builder_version=&#8221;4.0.2&#8243;][et_pb_column type=&#8221;4_4&#8243; _builder_version=&#8221;4.0.2&#8243;][et_pb_code _builder_version=&#8221;4.0.2&#8243; text_orientation=&#8221;center&#8221;]<a href=\"https:\/\/marketingplatform.com\/da\/gratis-proeveversion\/\" class=\"green-btn2\" style=\"background:#09cd6f; padding:18px 60px; margin-bottom:10px!important;\">Pr\u00f8v os gratis nu<\/a> <a href=\"https:\/\/marketingplatform.com\/da\/book-emailplatform-demo\/\" class=\"green-btn2\" style=\"background:#0daae2; padding:18px 70px;\">Book demo<\/a>[\/et_pb_code][\/et_pb_column][\/et_pb_row][et_pb_row _builder_version=&#8221;4.0.2&#8243; max_width=&#8221;768px&#8221; custom_margin=&#8221;15px||0px||false|false&#8221; custom_padding=&#8221;0px||0px&#8221; use_custom_width=&#8221;on&#8221; custom_width_px=&#8221;768px&#8221;][et_pb_column type=&#8221;4_4&#8243; _builder_version=&#8221;3.25&#8243; custom_padding=&#8221;|||&#8221; custom_padding__hover=&#8221;|||&#8221;][et_pb_code _builder_version=&#8221;4.0.2&#8243;]<\/p>\n<div class=\"awards-align\" ><!-- [et_pb_line_break_holder] --><\/p>\n<div style=\"float:left; width:14%; text-align:right;   margin-right: 2%;\"><!-- [et_pb_line_break_holder] --><img decoding=\"async\" src=\"https:\/\/marketingplatform.com\/wp-content\/uploads\/2020\/01\/primotours.png\" width=\"56\" style=\"margin:10px 20px 20px 0px;\"><!-- [et_pb_line_break_holder] --><\/div>\n<p><!-- [et_pb_line_break_holder] --><\/p>\n<div style=\"float:left; width:20%; text-align:center;    margin-right: 4%;\"><!-- [et_pb_line_break_holder] --><img decoding=\"async\" src=\"https:\/\/marketingplatform.com\/wp-content\/uploads\/2019\/11\/med24-gray.png\" width=\"100\" style=\"margin:20px 0px 20px 10px;\"><!-- [et_pb_line_break_holder] --><\/div>\n<p><!-- [et_pb_line_break_holder] --><\/p>\n<div style=\"float:left; width:18%;    margin-right: 1%;\"><!-- [et_pb_line_break_holder] --><img decoding=\"async\" src=\"https:\/\/marketingplatform.com\/wp-content\/uploads\/2019\/08\/cykelpartner-logo.png\" width=\"180\" style=\"margin:29px 20px 20px 0px;\"><!-- [et_pb_line_break_holder] --><\/div>\n<p><!-- [et_pb_line_break_holder] --><\/p>\n<div style=\"float:left; width:20%; text-align:center;     margin-right: 1%;\"><!-- [et_pb_line_break_holder] --><img decoding=\"async\" src=\"https:\/\/marketingplatform.com\/wp-content\/uploads\/2019\/04\/aldi-grey.png\" width=\"50\" style=\"margin:10px 0px 20px 0px;\"><!-- [et_pb_line_break_holder] --><\/div>\n<p><!-- [et_pb_line_break_holder] --><\/p>\n<div style=\"float:left; width:18%;      margin-right: 2%;  text-align: center;\"><!-- [et_pb_line_break_holder] --><img decoding=\"async\" src=\"https:\/\/marketingplatform.com\/wp-content\/uploads\/2019\/02\/verisure-logo.png\" width=\"120\" style=\"margin:18px 0px 20px 0px;\"><!-- [et_pb_line_break_holder] --><\/div>\n<p><!-- [et_pb_line_break_holder] --><\/div>\n<p>[\/et_pb_code][\/et_pb_column][\/et_pb_row][\/et_pb_section]<\/p>\n","protected":false},"excerpt":{"rendered":"<p>Nyhedsbreve MarketingPlatform er en intelligent cloud platform til udsendelse af nyhedsbreve. En cloud platform gemmer alle data sikkert i skyen, og stiller derfor intet krav om installation af software p\u00e5 din computer. Alt k\u00f8rer online gennem en browser &#8211; og alle data opbevares indenfor EU. Det betyder at vi har skabt en r\u00e6kke funktioner rundt [&hellip;]<\/p>\n","protected":false},"author":50,"featured_media":0,"parent":0,"menu_order":0,"comment_status":"closed","ping_status":"closed","template":"","meta":{"_et_pb_use_builder":"on","_et_pb_old_content":"<img class=\"scale-with-grid alignright\" title=\"\" src=\"https:\/\/marketingplatform.com\/wp-content\/uploads\/2017\/04\/iphone-ref.png\" alt=\"\" width=\"345\" height=\"525\" \/>MailPlatform er en intelligent cloud platform til udsendelse af nyhedsbreve. En cloud platform gemmer alle data sikkert i skyen, og stiller derfor intet krav om installation af software p\u00e5 din computer. Alt k\u00f8rer online gennem en browser - og alle data opbevares indenfor EU.\r\n\r\nDet betyder at vi har skabt en r\u00e6kke funktioner rundt om kernefunktionaliteten - nemlig selve udsendelsen af kampagner og nyhedsbreve. En af funktionerne er s\u00e5kaldte responsive nyhedsbreve, der tilpasser sig den enhed de \u00e5bnes p\u00e5. I 2015 \u00e5bner 6\/10 deres nyhedsbreve p\u00e5 en mobil enhed - oftest en smartphone.\r\n\r\n<strong>Nyhedsbreve<\/strong>\r\n\r\nLad os f\u00f8rst f\u00e5 definitionerne helt p\u00e5 plads. Et nyhedsbrev er oftest en kommerciel email, der har det prim\u00e6re forhold at s\u00e6lge noget til modtageren. Men ogs\u00e5 mere informative emails g\u00e5r ind under f\u00e6llesbetegnelsen nyhedsbreve. Det samme g\u00e6lder masseudsendelser fra foreninger, klubber og interesseorganisationer.\r\n\r\nTeknisk set er et nyhedsbrev en email som indeholder en s\u00e6rlig teknisk header og struktur. Den tekniske, ikke at forveksle med toppen af den visuelle mail, er et stykke kode, der fort\u00e6ller en masse om afsenderen og om hvordan den modtagne mailserver skal forholde sig i en r\u00e6kke situationer.\r\n<br><\/br>\r\n<h2>Pr\u00f8v MailPlatform gratis -\u00a0og f\u00e5 succes med dine nyhedsbreve<\/h2>\r\n<h2>Du tilmelder dig p\u00e5 10\u00a0sekunder - uden brug af kreditkort - skriv trygt din email i feltet herunder<\/h2>\r\nBlandt kunderne, der anvender MailPlatform til at forbedre deres kommunikation, er Applus, Bauhaus, Billetlugen, CBS, \u00a0EGMONT, Gallup, Jensens B\u00f8fhus, Kop & Kande, LEGO, Leo Pharma, Lions, Merck, Mr., Sampension, UNICEF og \u00c6ldresagen.\r\n<br><\/br>\r\n[widget id=\"text-183\"]\r\n<br><\/br>\r\n<img class=\"alignleft size-full wp-image-5653\" src=\"https:\/\/marketingplatform.com\/wp-content\/uploads\/2017\/04\/mailplatform-white-reference-900px-9b.png\" alt=\"\" width=\"910\" height=\"83\" \/>\r\n<br><\/br>\r\n\r\n<strong><img class=\"alignleft  wp-image-5941\" src=\"https:\/\/marketingplatform.com\/wp-content\/uploads\/2017\/04\/billetlugen-mailplatform-newsletter-sample.png\" alt=\"\" width=\"291\" height=\"490\" \/>Opbygningen af et nyhedsbrev<\/strong>\r\n\r\nDen mest almindelige opbygningen starter med en header. Nu taler vi om den visuelle header - det f\u00f8rste der er synligt i selve nyhedsbrevet.\r\n\r\nDern\u00e6st f\u00f8lger i mange tilf\u00e6lde en menu, der linker modtagerne ind p\u00e5 afsenderens hjemmeside eller webshop. Menuen opf\u00f8rer sig for det meste anderledes, n\u00e5r mailen \u00e5bnes p\u00e5 en smartphone. Flere udelader helt menuen p\u00e5 de mobile sk\u00e6rme - andre \u00e6ndrer deres karakter til st\u00f8rre knapper.\r\n\r\nHoveddelen af mailen er det indhold, der er forskelligt fra udsendelse til udsendelse. Indholdet er en blanding mellem tekst og billeder, der smyger sig smukt ned ad siden og giver variation og liv.\r\n\r\nSlutteligt afrundes mailen med en footer, der b\u00f8r indeholde alle relevante oplysninger om afsender, s\u00e6rlig kontaktinformation og firmastamdata. Hos MailPlatform stiller vi krav om b\u00e5de email adresse og telefonnummer samt adresse i alle mails. Som certificeret email marketing virksomhed, g\u00e5r vi gerne forrest i bek\u00e6mpelsen af SPAM.\r\n\r\n<strong>V\u00e6rkt\u00f8jer i MailPlatform til design og opbygning<\/strong>\r\n\r\nDer er grundl\u00e6ggende 2 forskellige m\u00e5der at designe et nyhedsbrev p\u00e5 i vores l\u00f8sning. Den statiske m\u00e5de med en fast HTML skabelon, hvor indholdet har faste pladser. Denne funktion anvendes ogs\u00e5 af st\u00f8rre kunder, der \u00f8nsker at importere et f\u00e6rdigt nyhedsbrev skabt i et andet system.\r\n\r\nDe fleste kunder anvender den dynamiske model, hvor MailPlatform Builder er rammen om en intuitiv drag-and-drop editor. Her kan alle indholdselementer tr\u00e6kkes rundt med musen - og en unik kampagne skabes uden kendskab til kodning.\r\n\r\nDu kan l\u00e6se mere om <a href=\"https:\/\/mailplatform.dk\/skabelon-nyhedsbrev\/\">MailPlatform Builder her<\/a>.\r\n\r\n\r\n\r\n<strong>Udsendelsen af nyhedsbrevet<\/strong>\r\n\r\nEfter nyhedsbrevet er f\u00e6rdigt, \u00f8nsker de fleste at sende det til modtagerne. Det g\u00f8res i et enkelt flow, hvor afsenderen kan rettes, hvis den skal v\u00e6re forskellig fra standarden p\u00e5 kontaktlisten. Tidspunktet for udsendelsen kan enten v\u00e6re med det samme, eller p\u00e5 et hvilken som helst tidspunkt indenfor de kommende 5 \u00e5r.\r\n\r\nFlere informationer er ikke n\u00f8dvendige at angive. MailPlatform ved nu det n\u00f8dvendige, for at kunne sende dit nyhedsbrev.\r\n\r\nMen der er mange flere muligheder. Funktionen Repeat Sending kan gentage et nyhedsbrev med de \u00f8nskede intervaller. Kombineres det med eksternt indhold fra et feed bliver mulighederne mange.\r\n\r\nTracking gennem Google Analytics er ogs\u00e5 standard, og kan overf\u00f8re identificerbare information videre mod analysev\u00e6rkt\u00f8jet.","_et_gb_content_width":"","footnotes":""},"categories":[],"tags":[],"yst_prominent_words":[4878,14962,1085,4904,4905,174,4883,14965,4872,123,4920,78,14963,124,4871,4890,4873,93,486,14966],"_links":{"self":[{"href":"https:\/\/marketingplatform.com\/da\/wp-json\/wp\/v2\/pages\/5940"}],"collection":[{"href":"https:\/\/marketingplatform.com\/da\/wp-json\/wp\/v2\/pages"}],"about":[{"href":"https:\/\/marketingplatform.com\/da\/wp-json\/wp\/v2\/types\/page"}],"author":[{"embeddable":true,"href":"https:\/\/marketingplatform.com\/da\/wp-json\/wp\/v2\/users\/50"}],"replies":[{"embeddable":true,"href":"https:\/\/marketingplatform.com\/da\/wp-json\/wp\/v2\/comments?post=5940"}],"version-history":[{"count":5,"href":"https:\/\/marketingplatform.com\/da\/wp-json\/wp\/v2\/pages\/5940\/revisions"}],"predecessor-version":[{"id":55022,"href":"https:\/\/marketingplatform.com\/da\/wp-json\/wp\/v2\/pages\/5940\/revisions\/55022"}],"wp:attachment":[{"href":"https:\/\/marketingplatform.com\/da\/wp-json\/wp\/v2\/media?parent=5940"}],"wp:term":[{"taxonomy":"category","embeddable":true,"href":"https:\/\/marketingplatform.com\/da\/wp-json\/wp\/v2\/categories?post=5940"},{"taxonomy":"post_tag","embeddable":true,"href":"https:\/\/marketingplatform.com\/da\/wp-json\/wp\/v2\/tags?post=5940"},{"taxonomy":"yst_prominent_words","embeddable":true,"href":"https:\/\/marketingplatform.com\/da\/wp-json\/wp\/v2\/yst_prominent_words?post=5940"}],"curies":[{"name":"wp","href":"https:\/\/api.w.org\/{rel}","templated":true}]}}