{"id":59366,"date":"2020-07-07T13:21:01","date_gmt":"2020-07-07T11:21:01","guid":{"rendered":"https:\/\/marketingplatform.com\/?page_id=59366"},"modified":"2021-03-17T20:01:13","modified_gmt":"2021-03-17T19:01:13","slug":"leadscoring","status":"publish","type":"page","link":"https:\/\/marketingplatform.com\/da\/leadscoring\/","title":{"rendered":"LeadScoring"},"content":{"rendered":"<p>[et_pb_section fb_built=&#8221;1&#8243; _builder_version=&#8221;4.4.0&#8243; background_color=&#8221;#eff5fc&#8221; custom_padding=&#8221;||20px||false|false&#8221; box_shadow_style=&#8221;preset7&#8243; box_shadow_horizontal=&#8221;0px&#8221; box_shadow_vertical=&#8221;-170px&#8221; box_shadow_color=&#8221;#ffffff&#8221; box_shadow_vertical_tablet=&#8221;-100px&#8221; box_shadow_vertical_phone=&#8221;-120px&#8221; box_shadow_vertical_last_edited=&#8221;on|phone&#8221;][et_pb_row _builder_version=&#8221;4.0.2&#8243;][et_pb_column type=&#8221;4_4&#8243; _builder_version=&#8221;4.0.2&#8243;][et_pb_text _builder_version=&#8221;4.5.3&#8243; text_orientation=&#8221;center&#8221; custom_padding=&#8221;||23px||false|false&#8221; hover_enabled=&#8221;0&#8243; header_font=&#8221;|800|||||||&#8221; header_font_size=&#8221;38px&#8221;]<\/p>\n<h1>LeadScoring<\/h1>\n<p>Hvorn\u00e5r er dine kunder klar til at k\u00f8be? Det giver LeadScoring svaret p\u00e5 ved at f\u00f8lge dine kunders rejse fra uidentificeret bes\u00f8gende til navngiven person.\u00a0<\/p>\n<p>[\/et_pb_text][et_pb_image src=&#8221;https:\/\/marketingplatform.com\/wp-content\/uploads\/2020\/07\/leadscoring.png&#8221; _builder_version=&#8221;4.4.0&#8243; width=&#8221;62%&#8221; max_width=&#8221;70%&#8221; module_alignment=&#8221;center&#8221;][\/et_pb_image][\/et_pb_column][\/et_pb_row][\/et_pb_section][et_pb_section fb_built=&#8221;1&#8243; _builder_version=&#8221;4.0.2&#8243; custom_margin=&#8221;0px||||false|false&#8221; custom_padding=&#8221;0px||||false|false&#8221;][et_pb_row _builder_version=&#8221;4.0.2&#8243;][et_pb_column type=&#8221;4_4&#8243; _builder_version=&#8221;4.0.2&#8243;][et_pb_text _builder_version=&#8221;4.5.3&#8243; hover_enabled=&#8221;0&#8243; header_2_font=&#8221;|800|||||||&#8221; header_3_font=&#8221;|800|||||||&#8221;]<\/p>\n<h2>LeadScoring<\/h2>\n<p>MarktingPlatform tilbyder LeadScoring som en del af abonnementspakkerne. LeadScoring funktionen fungerer i t\u00e6t samarbejde med <a href=\"https:\/\/marketingplatform.com\/da\/tracking-webtracking-med-marketingplatform\/\">Tracking funktionen<\/a> p\u00e5 platformen. Med LeadScoring er det muligt at tildele en score p\u00e5 en kontakt alt afh\u00e6ngig af den aktivetet, som kontakten har udf\u00f8rt.<\/p>\n<p>M\u00e5ske s\u00e6lger din virksomhed biler. I s\u00e5 fald vil du kunne nikke genkendende til en ofte lang salgs- og beslutningsproces. S\u00e6lger din virksomhed derimod blyanter \u2013 vil de fleste kunders beslutningsproces v\u00e6re ultra kort. Det er naturligvis to yderpunkter, men ikke desto mindre virkelighed.<\/p>\n<p>Vi har derfor udviklet en LeadScoring funktionalitet, der nemt kan tilpasses alle brancher, hvor leadv\u00e6rdien kan justeres, for point der bliver tildelt fra klik i nyhedsbrev, til visning af produktlister, produkter og steps i k\u00f8bsflowet. Alle point kan individuelt justeres og flere flow kan ops\u00e6ttes.<\/p>\n<p>Marketing kampagner der rammer rigtigt, der er m\u00e5lrettet den enkelte modtager, performer ofte 5-6 gange bedre end \u00e9n-til-mange eller s\u00e5kaldte one-size-fits all udsendelser. Det dokumenterer talrige b\u00e5de amerikanske og europ\u00e6iske unders\u00f8gelser.<\/p>\n<p>&nbsp;<\/p>\n<h3>Tracking af alt fra klik, downloads og k\u00f8b af produkter<\/h3>\n<p>T\u00e6nk hvis du kunne f\u00f8lge en kunde fra f\u00f8r de reelt bliver kunder p\u00e5 tv\u00e6rs af smartphone, tablet og computer, med mulighed for at kommunikere m\u00e5lrettet til dem.<\/p>\n<p>Denne funktion har vi udviklet \u2013 og stiller til r\u00e5dighed for vores kunder uden ekstra omkostninger. Tracking funktionen er lavet s\u00e5dan, at den virker p\u00e5 tv\u00e6rs af langt de fleste CMS l\u00f8sninger og webshop systemer. Tracking funkionen l\u00e6rer f.eks. hvordan en kundens webshop l\u00e6gger en vare i kurven, fjerner den igen og lignende handlinger.<\/p>\n<p>Under ops\u00e6tningen af en Tracking, kan funktionen optage f.eks. \u201cL\u00e6g i kurv\u201d handlingen, og opsamle alle de informationer der normalt kun kommunikeres internt i webshoppen. Mange webshop ejere laver en slags \u201cusynlig profil\u201d p\u00e5 personen der k\u00f8ber, ved at sende oplysninger om varen med klikket der tilf\u00f8jer den til indk\u00f8bskurven.<\/p>\n<p>[\/et_pb_text][\/et_pb_column][\/et_pb_row][et_pb_row column_structure=&#8221;3_5,2_5&#8243; _builder_version=&#8221;4.4.0&#8243;][et_pb_column type=&#8221;3_5&#8243; _builder_version=&#8221;4.4.0&#8243;][et_pb_text _builder_version=&#8221;4.5.3&#8243; hover_enabled=&#8221;0&#8243; header_3_font=&#8221;|800|||||||&#8221;]<\/p>\n<h3>Enhver handling kan registreres og anvendes<\/h3>\n<p>Enhver handling der udspringer af en kontakt, en modtager, et lead eller en kunde &#8211; k\u00e6rt barn har mange navne &#8211; kan optages af Tracking funktionen i MarketingPlatform.<\/p>\n<p>Et event kan f.eks. v\u00e6re eksemplet fra tidligere, hvor en webshop \u00f8nsker at profilere deres varer ved \u201cL\u00e6g i kurv\u201d handlingen. Eksempelvis kan en online virksomhed, der s\u00e6lger b\u00f8rnet\u00f8j, \u00f8ge deres viden gennem profilering ved at sende varens k\u00f8n og alder med i k\u00f8bshandlingen. P\u00e5 den m\u00e5de kan informationen direkte anvendes til segmentering, \u00f8get m\u00e5lretning, helt uden kunderne er blevet spurgt om deres pr\u00e6ferencer.<\/p>\n<p>Det kunne ogs\u00e5 v\u00e6re en bilforhandler, der har en m\u00e6ngde brochurer til download p\u00e5 deres hjemmeside. Brochurerne er til forskellige bilmodeller, og har derfor naturligt et behov for opsamling af forskellig adf\u00e6rd p\u00e5 hvert eneste download. Biler findes i mange m\u00e6rker, modeller, \u00e5rgange og dermed ogs\u00e5 prisklasser.<\/p>\n<p>Det underst\u00f8tter Events i MarketingPlatform, der kan optage hver enkelt download, og bruge det til profilering af hver enkelt bes\u00f8gende og modtager. Og dermed opsamle viden om den bes\u00f8gendes pr\u00e6ferencer indenfor bil, og den viden kan direkte oms\u00e6ttes i marketing kampagner.<\/p>\n<p>Bes\u00f8ger kunden virksomhedens hjemmeside eller webshop fra flere enheder, smartphone, tablet og computer, vil disse enheder blive samlet i \u00e9n kundeprofil sammen med den tilh\u00f8rende LeadScore.<\/p>\n<p>[\/et_pb_text][\/et_pb_column][et_pb_column type=&#8221;2_5&#8243; _builder_version=&#8221;4.4.0&#8243;][et_pb_image src=&#8221;https:\/\/marketingplatform.com\/wp-content\/uploads\/2020\/07\/tracking-products-leadscore.png&#8221; _builder_version=&#8221;4.4.0&#8243;][\/et_pb_image][\/et_pb_column][\/et_pb_row][et_pb_row _builder_version=&#8221;4.4.0&#8243;][et_pb_column type=&#8221;4_4&#8243; _builder_version=&#8221;4.4.0&#8243;][et_pb_text _builder_version=&#8221;4.5.3&#8243; hover_enabled=&#8221;0&#8243; header_3_font=&#8221;|800|||||||&#8221;]<\/p>\n<h3>LeadScoring i et Marketing Automation perspektiv<\/h3>\n<p>For at f\u00e5 optimal udnyttelse af den opsamlede viden med Tracking og LeadScoring, vil Marketing Automation flows v\u00e6re et godt sted at starte.<\/p>\n<p>Tabt indk\u00f8bskurv er et af de mest kendte flows, der baserer sig p\u00e5 handlinger fra en webshop.<\/p>\n<p>Med tabt indk\u00f8bskurv funktionen opsamles de produkterne der efterlades i indk\u00f8bskurven, b\u00e5de de produkter der l\u00e6gges i kurven og fjernes igen. Og med f\u00e5 klik kan MarketingPlatform sende shopperen en opf\u00f8lgende email automatisk. B\u00e5de hvis en indk\u00f8bskurv efterlades fuldst\u00e6ndig, k\u00f8bet delvist gennemf\u00f8res eller alle kombinationer af dette.<\/p>\n<p>Et andet flow kunne v\u00e6re opf\u00f8lgning p\u00e5 en bestemt LeadScore, m\u00e5ske opsamlet gennem mange m\u00e5neder, hvor kunden har bes\u00f8gt virksomhedens hjemmeside, foretaget et eller flere k\u00f8b, forladt en r\u00e6kke indk\u00f8bskurve og meget andet. Alle handlingerne vil akkumulere en LeadScore, der fort\u00e6ller om den bes\u00f8gendes aktivitet. Og marketing kampagner kan m\u00e5lrettes personer med en bestemt score, bestemte handlinger og afvigende adf\u00e6rd \u2013 eller en sk\u00f8n blanding heraf.<\/p>\n<p>[\/et_pb_text][et_pb_image src=&#8221;https:\/\/marketingplatform.com\/wp-content\/uploads\/2020\/07\/leadscore.png&#8221; align=&#8221;center&#8221; _builder_version=&#8221;4.4.0&#8243;][\/et_pb_image][et_pb_text _builder_version=&#8221;4.5.3&#8243; hover_enabled=&#8221;0&#8243; header_3_font=&#8221;|800|||||||&#8221;]<\/p>\n<h3>LeadScoring som B2B v\u00e6rkt\u00f8j<\/h3>\n<p>En af de helt st\u00e6rke LeadScoring forcer er evnen til at hj\u00e6lpe med at kvalificere kontakter. Hvor meget ved du reelt om dine kontakters adf\u00e6rd, og hvorn\u00e5r de er i et stadie, hvor de er k\u00f8bsklare?<\/p>\n<p>Ved at bruge LeadScoring funktionen, kan du tildele relevante scores til dine kontakter. Har de bes\u00f8gt prissiden, har de indhentet tilbud, har de l\u00e6st betingelserne p\u00e5 websitet eller bes\u00f8gt siden, der beskriver virksomhedens ansatte, kan det v\u00e6re tegn p\u00e5 at en kontakt er ved at v\u00e6re modnet til at k\u00f8be dit produkt eller din service.<\/p>\n<p>Vi taler her om at flytte en kontakter fra at v\u00e6re et Marketing Qualified Lead (MQL) til at v\u00e6re et Sales Qualified Lead (SQL). Tilpas kommunikationen til kontakten alt efter stadiet i k\u00f8bsrejsen og den tildelte LeadScore og send kontakter videre til salgsafdelingen, s\u00e5 de kan tage over, n\u00e5r en kontakt er rykket fra MQL til SQL stadiet.<\/p>\n<p>&nbsp;<\/p>\n<p>Vil du se hvordan LeadScoring kan bruges, og hvad den kan g\u00f8re for din virksomhed? <a href=\"https:\/\/marketingplatform.com\/da\/book-marketingplatform-demo\/\">Book en demo<\/a> med en af vores dygtige kollegaer, eller <a href=\"https:\/\/marketingplatform.com\/da\/gratis-proeveversion\/\">pr\u00f8v os gratis i 14 dage<\/a>.<span>\u00a0<\/span><\/p>\n<p>[\/et_pb_text][\/et_pb_column][\/et_pb_row][\/et_pb_section][et_pb_section fb_built=&#8221;1&#8243; custom_padding_last_edited=&#8221;on|phone&#8221; module_class=&#8221;ressourcer-signup&#8221; _builder_version=&#8221;4.5.3&#8243; background_color=&#8221;#dee7f1&#8243; background_enable_color=&#8221;off&#8221; custom_padding=&#8221;||||false|false&#8221; custom_padding_tablet=&#8221;||||false|false&#8221; custom_padding_phone=&#8221;||||false|false&#8221; top_divider_style=&#8221;asymmetric2&#8243; top_divider_color=&#8221;#ffffff&#8221; top_divider_height=&#8221;60px&#8221; global_module=&#8221;19033&#8243;][et_pb_row custom_padding_last_edited=&#8221;on|phone&#8221; _builder_version=&#8221;4.5.3&#8243; background_color=&#8221;#152872&#8243; background_size=&#8221;initial&#8221; background_position=&#8221;top_left&#8221; background_repeat=&#8221;repeat&#8221; custom_margin=&#8221;||||false|false&#8221; custom_padding=&#8221;100px||100px||false|false&#8221; custom_padding_tablet=&#8221;50px|20px|50px|20px|false|false&#8221; custom_padding_phone=&#8221;40px||||false|false&#8221; border_radii=&#8221;on|22px|22px|22px|22px&#8221;][et_pb_column type=&#8221;4_4&#8243; _builder_version=&#8221;3.25&#8243; custom_padding=&#8221;|||&#8221; custom_padding__hover=&#8221;|||&#8221;][et_pb_text _builder_version=&#8221;4.5.3&#8243; text_text_color=&#8221;#ffffff&#8221; header_2_font=&#8221;|800|||||||&#8221; header_2_text_color=&#8221;#ffffff&#8221; text_orientation=&#8221;center&#8221;]<\/p>\n<h2>Pr\u00f8v MarketingPlatform gratis i 14 dage<\/h2>\n<p><span style=\"color:#fff;\">Pr\u00f8veperioden er gratis, helt uforpligtende og udl\u00f8ber efter 14 dage, hvis du ikke \u00f8nsker at forts\u00e6tte.<br \/>\nVed tilmelding modtager du samtidig vores uddannelsesflow p\u00e5 en serie af mails \u2013 og vores nyhedsbrev.<\/span>[\/et_pb_text][et_pb_code _builder_version=&#8221;4.5.3&#8243; _module_preset=&#8221;default&#8221; width=&#8221;40%&#8221; width_tablet=&#8221;100%&#8221; width_phone=&#8221;95%&#8221; width_last_edited=&#8221;on|tablet&#8221; module_alignment=&#8221;center&#8221;]<a href=\"https:\/\/marketingplatform.com\/da\/book-emailplatform-demo\/\"><\/p>\n<div class=\"bookdemobtn\">Book demo<\/div>\n<p><\/a><!-- [et_pb_line_break_holder] --><a href=\"https:\/\/marketingplatform.com\/da\/gratis-proeveversion\/\"><\/p>\n<div class=\"signupbtn\">Pr\u00f8v os gratis<\/div>\n<p><\/a><!-- [et_pb_line_break_holder] --><\/p>\n<div class=\"clearfix\"><\/div>\n<p>[\/et_pb_code][\/et_pb_column][\/et_pb_row][\/et_pb_section]<\/p>\n","protected":false},"excerpt":{"rendered":"<p>LeadScoring Hvorn\u00e5r er dine kunder klar til at k\u00f8be? Det giver LeadScoring svaret p\u00e5 ved at f\u00f8lge dine kunders rejse fra uidentificeret bes\u00f8gende til navngiven person.\u00a0LeadScoring MarktingPlatform tilbyder LeadScoring som en del af abonnementspakkerne. LeadScoring funktionen fungerer i t\u00e6t samarbejde med Tracking funktionen p\u00e5 platformen. Med LeadScoring er det muligt at tildele en score p\u00e5 [&hellip;]<\/p>\n","protected":false},"author":50,"featured_media":0,"parent":0,"menu_order":0,"comment_status":"closed","ping_status":"closed","template":"","meta":{"_et_pb_use_builder":"on","_et_pb_old_content":"","_et_gb_content_width":"","footnotes":""},"categories":[],"tags":[],"yst_prominent_words":[4878,4910,4905,81,15812,16329,4872,4882,14180,7569,4873,93,1201,9311,9523,9308,9310,4881,16330,16331],"_links":{"self":[{"href":"https:\/\/marketingplatform.com\/da\/wp-json\/wp\/v2\/pages\/59366"}],"collection":[{"href":"https:\/\/marketingplatform.com\/da\/wp-json\/wp\/v2\/pages"}],"about":[{"href":"https:\/\/marketingplatform.com\/da\/wp-json\/wp\/v2\/types\/page"}],"author":[{"embeddable":true,"href":"https:\/\/marketingplatform.com\/da\/wp-json\/wp\/v2\/users\/50"}],"replies":[{"embeddable":true,"href":"https:\/\/marketingplatform.com\/da\/wp-json\/wp\/v2\/comments?post=59366"}],"version-history":[{"count":13,"href":"https:\/\/marketingplatform.com\/da\/wp-json\/wp\/v2\/pages\/59366\/revisions"}],"predecessor-version":[{"id":66730,"href":"https:\/\/marketingplatform.com\/da\/wp-json\/wp\/v2\/pages\/59366\/revisions\/66730"}],"wp:attachment":[{"href":"https:\/\/marketingplatform.com\/da\/wp-json\/wp\/v2\/media?parent=59366"}],"wp:term":[{"taxonomy":"category","embeddable":true,"href":"https:\/\/marketingplatform.com\/da\/wp-json\/wp\/v2\/categories?post=59366"},{"taxonomy":"post_tag","embeddable":true,"href":"https:\/\/marketingplatform.com\/da\/wp-json\/wp\/v2\/tags?post=59366"},{"taxonomy":"yst_prominent_words","embeddable":true,"href":"https:\/\/marketingplatform.com\/da\/wp-json\/wp\/v2\/yst_prominent_words?post=59366"}],"curies":[{"name":"wp","href":"https:\/\/api.w.org\/{rel}","templated":true}]}}