{"id":59297,"date":"2020-07-06T14:39:45","date_gmt":"2020-07-06T12:39:45","guid":{"rendered":"https:\/\/marketingplatform.com\/?page_id=59297"},"modified":"2021-02-24T10:33:07","modified_gmt":"2021-02-24T09:33:07","slug":"al-lift","status":"publish","type":"page","link":"https:\/\/marketingplatform.com\/da\/referencer\/al-lift\/","title":{"rendered":"AL Lift"},"content":{"rendered":"\n\n\n[et_pb_section fb_built=&#8221;1&#8243; _builder_version=&#8221;4.0.2&#8243;][et_pb_row _builder_version=&#8221;4.0.2&#8243;][et_pb_column type=&#8221;4_4&#8243; _builder_version=&#8221;4.0.2&#8243;][et_pb_image src=&#8221;https:\/\/marketingplatform.com\/wp-content\/uploads\/2020\/07\/logo.png&#8221; align=&#8221;center&#8221; _builder_version=&#8221;4.4.0&#8243; width=&#8221;27%&#8221; hover_enabled=&#8221;0&#8243;][\/et_pb_image][\/et_pb_column][\/et_pb_row][et_pb_row _builder_version=&#8221;4.0.2&#8243;][et_pb_column type=&#8221;4_4&#8243; _builder_version=&#8221;4.0.2&#8243;][et_pb_text _builder_version=&#8221;4.4.0&#8243; hover_enabled=&#8221;0&#8243;]<h1><\/h1>\n<h1><\/h1>\n<h1>AL-LIFT bruger nyhedsbreve til mersalg<\/h1>\n<p><em>AL-LIFT er en dansk virksomhed beliggende i Lemvig. Firmaet er grundlagt midt i 90\u2019erne og specialister i l\u00f8ftegrej. AL-LIFT har mere end 30 \u00e5rs erfaring inden for vakuummaskiner f.eks. til industri og byggebranchen eller til produktionsbranchen, hvor vakuummaskinerne kan bruges til ordreplukning, at flytte tunge plader med videre. AL-LIFT har s\u00e5ledes specialiseret sig i at g\u00f8re arbejdsdagen og arbejdsflowet mere effektivt for virksomheder, der skal foretage mange manuelle, tunge l\u00f8ft.<\/em><\/p>\n<p><em><\/em><\/p>\n<h3>For AL-LIFT er Email Marketing og muligheden for at kommunikere via nyhedsbreve vital<\/h3>\n<p>Maria T., marketingkoordinator hos AL-LIFT, udtaler: \u201cFor os er vores nyhedsbreve og den hyppige og direkte kontakt med partnere og kunder meget, meget vigtig. Vi har valgt at outsource alle vores marketingtiltag med undtagelse af vores kommunikation via vores nyhedsbreve, da det en en n\u00f8glekommunikationskanal for os.<\/p>\n<p>AL-LIFT bruger nyhedsbreve og emailkampagner til at skabe mersalg, lave gode tilbud, reklamere for andre kanaler og generelt fors\u00f8ge at skabe god synlighed for f\u00e5 positiv omtalte.<\/p>\n<p>Et af de omr\u00e5der, som AL-LIFT oplever stor effekt af nyhedsbreve, er n\u00e5r deres s\u00e6lgere tager ud og bes\u00f8ger kunder. \u201cVi kan se, at vores nyhedsbreve bliver \u00e5bnet og l\u00e6st med stor interesse af vores modtagere, da vores s\u00e6lgere har meget nemmere med den efterf\u00f8lgende dialog, n\u00e5r nyhedsbreve er sendt ud. Vi f\u00f8lger med i hvilke af vore kunder der \u00e5bner og l\u00e6ser nyhedsbrevet, samt hvilket materiale de finder interessant. Dette er meget v\u00e6rdifuld viden vi kan give videre til vores s\u00e6lgere, inden de bes\u00f8ger kunden\u201d.<\/p>\n[\/et_pb_text][\/et_pb_column][\/et_pb_row][\/et_pb_section][et_pb_section fb_built=&#8221;1&#8243; prev_background_color=&#8221;#ffffff&#8221; next_background_color=&#8221;#ffffff&#8221; _builder_version=&#8221;3.23.3&#8243; background_color=&#8221;#dee7f1&#8243; custom_padding=&#8221;50px||50px&#8221; top_divider_style=&#8221;asymmetric2&#8243; top_divider_height=&#8221;61px&#8221; bottom_divider_style=&#8221;asymmetric2&#8243; bottom_divider_height=&#8221;57px&#8221; bottom_divider_flip=&#8221;vertical|horizontal&#8221;][et_pb_row use_custom_gutter=&#8221;on&#8221; make_equal=&#8221;on&#8221; _builder_version=&#8221;3.25&#8243; background_color=&#8221;rgba(0,0,0,0)&#8221;][et_pb_column type=&#8221;4_4&#8243; _builder_version=&#8221;3.25&#8243; custom_padding=&#8221;|||&#8221; custom_padding__hover=&#8221;|||&#8221;][et_pb_text _builder_version=&#8221;4.4.0&#8243; text_font=&#8221;||||||||&#8221; text_font_size=&#8221;18px&#8221; header_font=&#8221;||||||||&#8221; header_text_align=&#8221;center&#8221; text_orientation=&#8221;center&#8221; width=&#8221;70%&#8221; module_alignment=&#8221;center&#8221; custom_padding=&#8221;0px|33px|33px|33px&#8221; hover_enabled=&#8221;0&#8243; text_text_align=&#8221;center&#8221;]<h4>Maria Tykgaard, marketingkoordinator, AL-LIFT<\/h4>\n<p>&#8220;Jeg er vild med hvor nem og intuitiv platformen er at arbejde med. Man kan p\u00e5 ingen tid f\u00e5 sammensat en flot kampagne. Og skulle jeg blive i tvivl om noget, ved jeg at supporten altid er lige ved h\u00e5nden til at hj\u00e6lpe mig&#8221;.<\/p>\n[\/et_pb_text][\/et_pb_column][\/et_pb_row][\/et_pb_section][et_pb_section fb_built=&#8221;1&#8243; _builder_version=&#8221;3.23.3&#8243;][et_pb_row _builder_version=&#8221;3.25&#8243; custom_padding=&#8221;||0px|||&#8221;][et_pb_column type=&#8221;4_4&#8243; _builder_version=&#8221;3.25&#8243; custom_padding=&#8221;|||&#8221; custom_padding__hover=&#8221;|||&#8221;][et_pb_text _builder_version=&#8221;4.4.0&#8243; module_alignment=&#8221;center&#8221; hover_enabled=&#8221;0&#8243;]<h3>AL-LIFT f\u00e5r fordelen af de mange funktioner i MarketingPlatform<\/h3>\n<p>Maria bruger statistikmodulet til at finde ud af hvilke kunder der har \u00e5bnet et nyhedsbrevet og endvidere l\u00e6st det flere gange i l\u00f8bet af en dag, for at m\u00e5le interessen og den potentielle k\u00f8bsberedvillighed hos kunden. \u201cD\u00f8ren til kunden er \u00e5bnet en del mere for s\u00e6lgeren, fordi vi ved at de kan komme til kunden med relevante produkter og relevant information\u201d, siger Maria.<\/p>\n<p>En af de mange fordele Maria fremh\u00e6ver ved at bruge MarketingPlatform er, at systemet er meget intuitivt at arbejde med. \u201cJeg er vild med hvor nem og intuitiv platformen er at arbejde med. Man kan p\u00e5 ingen tid f\u00e5 sammensat en flot kampagne. Og skulle jeg blive i tvivl om noget, ved jeg at supporten altid er lige ved h\u00e5nden til at hj\u00e6lpe mig. Det s\u00e6tter jeg stor pris p\u00e5.\u201d.<\/p>\n<p>Ogs\u00e5 p\u00e5 effektiviteten af nyhedsbrevene oplever Maria gode resultater efter skiftet til MarketingPlatform: \u201cVi oplever markant h\u00f8jere Open Rates efter skiftet til MarketingPlatform, hvilket sender mere trafik til vores website. Det er virkelig rart at konstatere\u201d, slutter Maria.<\/p>\n<p>AL-LIFT har planer om at tage yderligere MarketingPlatform funktionaliteter i brug inden for overskuelig fremtid, og vil ligeledes have lavet en integration mellem deres ERP system og MarketingPlatform, s\u00e5 kundeoplysninger synkroniseres over i MarketingPlatform.<\/p>\n<p>Vil du se hvordan ogs\u00e5 <em>du<\/em> kan f\u00e5 forbedrede resultater med MarketingPlatform? <a href=\"https:\/\/marketingplatform.com\/da\/book-marketingplatform-demo\/\">Book en gratis demo<\/a> eller <a href=\"https:\/\/marketingplatform.com\/da\/gratis-proeveversion\/\">pr\u00f8v platformen i 14 dage<\/a> uden forpligtelse.<\/p>[\/et_pb_text][\/et_pb_column][\/et_pb_row][\/et_pb_section][et_pb_section fb_built=&#8221;1&#8243; custom_padding_last_edited=&#8221;on|phone&#8221; module_class=&#8221;ressourcer-signup&#8221; _builder_version=&#8221;4.0.2&#8243; background_color=&#8221;#dee7f1&#8243; custom_padding=&#8221;7%||&#8221; custom_padding_tablet=&#8221;12%||||false|false&#8221; custom_padding_phone=&#8221;17%||||false|false&#8221; top_divider_style=&#8221;asymmetric2&#8243; top_divider_color=&#8221;#ffffff&#8221; top_divider_height=&#8221;60px&#8221; global_module=&#8221;19033&#8243;][et_pb_row _builder_version=&#8221;3.25&#8243; background_size=&#8221;initial&#8221; background_position=&#8221;top_left&#8221; background_repeat=&#8221;repeat&#8221; custom_margin=&#8221;||10px&#8221; custom_padding=&#8221;||10px&#8221;][et_pb_column type=&#8221;4_4&#8243; _builder_version=&#8221;3.25&#8243; custom_padding=&#8221;|||&#8221; custom_padding__hover=&#8221;|||&#8221;][et_pb_text _builder_version=&#8221;4.0.2&#8243; text_orientation=&#8221;center&#8221;]<h2 style=\"font-style: normal;\">Pr\u00f8v MarketingPlatform gratis i 14 dage<\/h2>\n<p style=\"font-style: normal;\">Pr\u00f8veperioden er gratis, helt uforpligtende og udl\u00f8ber efter 14 dage, hvis du ikke \u00f8nsker at forts\u00e6tte.<br \/> Ved tilmelding modtager du samtidig vores uddannelsesflow p\u00e5 en serie af mails \u2013 og vores nyhedsbrev.<\/p>[\/et_pb_text][\/et_pb_column][\/et_pb_row][et_pb_row _builder_version=&#8221;4.4.0&#8243;][et_pb_column type=&#8221;4_4&#8243; _builder_version=&#8221;4.0.2&#8243;][et_pb_code _builder_version=&#8221;4.4.0&#8243; max_width=&#8221;50%&#8221; max_width_tablet=&#8221;100%&#8221; max_width_phone=&#8221;&#8221; max_width_last_edited=&#8221;on|phone&#8221; module_alignment=&#8221;center&#8221;]<a href=\"https:\/\/marketingplatform.com\/da\/book-emailplatform-demo\/\"><div class=\"bookdemobtn\">Book demo<\/div><\/a><!-- [et_pb_line_break_holder] --><a href=\"https:\/\/marketingplatform.com\/da\/gratis-proeveversion\/\"><div class=\"signupbtn\">Pr\u00f8v os gratis<\/div><\/a><!-- [et_pb_line_break_holder] --><div class=\"clearfix\"><\/div>[\/et_pb_code][\/et_pb_column][\/et_pb_row][et_pb_row _builder_version=&#8221;4.0.2&#8243; max_width=&#8221;768px&#8221; custom_margin=&#8221;15px||0px||false|false&#8221; custom_padding=&#8221;0px||0px&#8221; use_custom_width=&#8221;on&#8221; custom_width_px=&#8221;768px&#8221;][et_pb_column type=&#8221;4_4&#8243; _builder_version=&#8221;3.25&#8243; custom_padding=&#8221;|||&#8221; custom_padding__hover=&#8221;|||&#8221;][et_pb_code _builder_version=&#8221;4.0.2&#8243;]<div class=\"awards-align\" ><!-- [et_pb_line_break_holder] --><div style=\"float:left; width:14%; text-align:right;   margin-right: 2%;\"><!-- [et_pb_line_break_holder] --><img decoding=\"async\" src=\"https:\/\/marketingplatform.com\/wp-content\/uploads\/2020\/01\/primotours.png\" width=\"56\" style=\"margin:10px 20px 20px 0px;\"><!-- [et_pb_line_break_holder] --><\/div><!-- [et_pb_line_break_holder] --><div style=\"float:left; width:20%; text-align:center;    margin-right: 4%;\"><!-- [et_pb_line_break_holder] --><img decoding=\"async\" src=\"https:\/\/marketingplatform.com\/wp-content\/uploads\/2019\/11\/med24-gray.png\" width=\"100\" style=\"margin:20px 0px 20px 10px;\"><!-- [et_pb_line_break_holder] --><\/div><!-- [et_pb_line_break_holder] --><div style=\"float:left; width:18%;    margin-right: 1%;\"><!-- [et_pb_line_break_holder] --><img decoding=\"async\" src=\"https:\/\/marketingplatform.com\/wp-content\/uploads\/2019\/08\/cykelpartner-logo.png\" width=\"180\" style=\"margin:29px 20px 20px 0px;\"><!-- [et_pb_line_break_holder] --><\/div><!-- [et_pb_line_break_holder] --><div style=\"float:left; width:20%; text-align:center;     margin-right: 1%;\"><!-- [et_pb_line_break_holder] --><img decoding=\"async\" src=\"https:\/\/marketingplatform.com\/wp-content\/uploads\/2019\/04\/aldi-grey.png\" width=\"50\" style=\"margin:10px 0px 20px 0px;\"><!-- [et_pb_line_break_holder] --><\/div><!-- [et_pb_line_break_holder] --><div style=\"float:left; width:18%;      margin-right: 2%;  text-align: center;\"><!-- [et_pb_line_break_holder] --><img decoding=\"async\" src=\"https:\/\/marketingplatform.com\/wp-content\/uploads\/2019\/02\/verisure-logo.png\" width=\"120\" style=\"margin:18px 0px 20px 0px;\"><!-- [et_pb_line_break_holder] --><\/div><!-- [et_pb_line_break_holder] --><\/div>[\/et_pb_code][\/et_pb_column][\/et_pb_row][\/et_pb_section]\n\n\n","protected":false},"excerpt":{"rendered":"<p>AL-LIFT bruger nyhedsbreve til mersalg AL-LIFT er en dansk virksomhed beliggende i Lemvig. Firmaet er grundlagt midt i 90\u2019erne og specialister i l\u00f8ftegrej. AL-LIFT har mere end 30 \u00e5rs erfaring inden for vakuummaskiner f.eks. til industri og byggebranchen eller til produktionsbranchen, hvor vakuummaskinerne kan bruges til ordreplukning, at flytte tunge plader med videre. AL-LIFT har [&hellip;]<\/p>\n","protected":false},"author":50,"featured_media":0,"parent":432,"menu_order":0,"comment_status":"closed","ping_status":"closed","template":"","meta":{"_et_pb_use_builder":"on","_et_pb_old_content":"","_et_gb_content_width":"","footnotes":""},"categories":[],"tags":[],"yst_prominent_words":[16271,16272,16258,16268,16261,16266,16273,16257,16264,16263,16260,16262,16275,16265,16274,16270,16267,16269,16276,16259],"_links":{"self":[{"href":"https:\/\/marketingplatform.com\/da\/wp-json\/wp\/v2\/pages\/59297"}],"collection":[{"href":"https:\/\/marketingplatform.com\/da\/wp-json\/wp\/v2\/pages"}],"about":[{"href":"https:\/\/marketingplatform.com\/da\/wp-json\/wp\/v2\/types\/page"}],"author":[{"embeddable":true,"href":"https:\/\/marketingplatform.com\/da\/wp-json\/wp\/v2\/users\/50"}],"replies":[{"embeddable":true,"href":"https:\/\/marketingplatform.com\/da\/wp-json\/wp\/v2\/comments?post=59297"}],"version-history":[{"count":5,"href":"https:\/\/marketingplatform.com\/da\/wp-json\/wp\/v2\/pages\/59297\/revisions"}],"predecessor-version":[{"id":59338,"href":"https:\/\/marketingplatform.com\/da\/wp-json\/wp\/v2\/pages\/59297\/revisions\/59338"}],"up":[{"embeddable":true,"href":"https:\/\/marketingplatform.com\/da\/wp-json\/wp\/v2\/pages\/432"}],"wp:attachment":[{"href":"https:\/\/marketingplatform.com\/da\/wp-json\/wp\/v2\/media?parent=59297"}],"wp:term":[{"taxonomy":"category","embeddable":true,"href":"https:\/\/marketingplatform.com\/da\/wp-json\/wp\/v2\/categories?post=59297"},{"taxonomy":"post_tag","embeddable":true,"href":"https:\/\/marketingplatform.com\/da\/wp-json\/wp\/v2\/tags?post=59297"},{"taxonomy":"yst_prominent_words","embeddable":true,"href":"https:\/\/marketingplatform.com\/da\/wp-json\/wp\/v2\/yst_prominent_words?post=59297"}],"curies":[{"name":"wp","href":"https:\/\/api.w.org\/{rel}","templated":true}]}}