{"id":5929,"date":"2017-04-13T10:35:02","date_gmt":"2017-04-13T08:35:02","guid":{"rendered":"https:\/\/marketingplatform.com\/?page_id=5929\/"},"modified":"2018-12-18T12:43:59","modified_gmt":"2018-12-18T11:43:59","slug":"webforms","status":"publish","type":"page","link":"https:\/\/marketingplatform.com\/da\/webforms\/","title":{"rendered":"Webforms 2.0 &#8211; online formularer"},"content":{"rendered":"<p>[et_pb_section fb_built=&#8221;1&#8243; admin_label=&#8221;section&#8221; _builder_version=&#8221;3.0.74&#8243; transparent_background=&#8221;off&#8221;][et_pb_row admin_label=&#8221;row&#8221; _builder_version=&#8221;3.0.48&#8243; background_size=&#8221;initial&#8221; background_position=&#8221;top_left&#8221; background_repeat=&#8221;repeat&#8221;][et_pb_column type=&#8221;4_4&#8243; _builder_version=&#8221;3.0.47&#8243; parallax=&#8221;off&#8221; parallax_method=&#8221;on&#8221;][et_pb_text admin_label=&#8221;Text&#8221; _builder_version=&#8221;3.0.87&#8243; background_size=&#8221;initial&#8221; background_position=&#8221;top_left&#8221; background_repeat=&#8221;repeat&#8221; use_border_color=&#8221;off&#8221; border_color=&#8221;#ffffff&#8221; border_style=&#8221;solid&#8221;]<\/p>\n<h1>Webforms 2.0 \u2013 Online Formularer<\/h1>\n<p><img decoding=\"async\" loading=\"lazy\" class=\"scale-with-grid alignright image-border\" title=\"\" src=\"https:\/\/marketingplatform.com\/wp-content\/uploads\/2017\/04\/form-1.png\" alt=\"form-1\" width=\"426\" height=\"216\">MarketingPlatform har indbygget wizards, der g\u00f8r det intuitivt at skabe formularer til tilmelding, afmeldingsflow, afmelding og opdater profil.<\/p>\n<p>Funktionerne fjerner behovet for at kunne kode, for at inds\u00e6tte indbydende formularer p\u00e5 dit website eller din webshop. Med drag-and-drop v\u00e6lges nemt de felter og egne felter, der skal v\u00e6re i de \u00f8nskede formularer. Samtidigt bestemmes hvilken side den nye kontaktperson skal se, efter vedkommende har udfyldt formularen.<\/p>\n<p>Der er ingen begr\u00e6nsninger i antal mulige formularer. Alle typer af formularer er tilg\u00e6ngelige p\u00e5 dansk, engelsk, tysk, norsk, svensk og finsk. Du kan selv lave flere sprog.<br \/>\n[\/et_pb_text][\/et_pb_column][\/et_pb_row][et_pb_row admin_label=&#8221;row&#8221; _builder_version=&#8221;3.0.48&#8243; background_size=&#8221;initial&#8221; background_position=&#8221;top_left&#8221; background_repeat=&#8221;repeat&#8221;][et_pb_column type=&#8221;4_4&#8243; _builder_version=&#8221;3.0.47&#8243; parallax=&#8221;off&#8221; parallax_method=&#8221;on&#8221;][et_pb_image src=&#8221;https:\/\/marketingplatform.com\/wp-content\/uploads\/2017\/04\/mailplatform-white-reference-900px-10ba.png&#8221; alt=&#8221;mailplatform-referencer-small&#8221; align=&#8221;center&#8221; admin_label=&#8221;Image&#8221; _builder_version=&#8221;3.0.87&#8243; animation_style=&#8221;slide&#8221; animation_direction=&#8221;left&#8221; animation_duration=&#8221;500ms&#8221; animation_intensity_slide=&#8221;10%&#8221; use_border_color=&#8221;off&#8221; border_color=&#8221;#ffffff&#8221; border_style=&#8221;solid&#8221; animation=&#8221;left&#8221; sticky=&#8221;off&#8221;][\/et_pb_image][\/et_pb_column][\/et_pb_row][et_pb_row admin_label=&#8221;row&#8221; _builder_version=&#8221;3.0.48&#8243; background_size=&#8221;initial&#8221; background_position=&#8221;top_left&#8221; background_repeat=&#8221;repeat&#8221;][et_pb_column type=&#8221;4_4&#8243; _builder_version=&#8221;3.0.47&#8243; parallax=&#8221;off&#8221; parallax_method=&#8221;on&#8221;][et_pb_text admin_label=&#8221;Text&#8221; _builder_version=&#8221;3.0.87&#8243; background_size=&#8221;initial&#8221; background_position=&#8221;top_left&#8221; background_repeat=&#8221;repeat&#8221; use_border_color=&#8221;off&#8221; border_style=&#8221;solid&#8221;]<\/p>\n<h4><img decoding=\"async\" loading=\"lazy\" class=\"scale-with-grid alignleft image-border\" title=\"\" src=\"https:\/\/marketingplatform.com\/wp-content\/uploads\/2017\/04\/form-2.png\" alt=\"form-2\" width=\"251\" height=\"277\" \/>Tilmeldingsflow<\/h4>\n<p>En formularer p\u00e5 dit website eller din webshop, er en effektiv m\u00e5de, for at f\u00e5 flere tilmeldinger til dit nyhedsbrev. Samtidigt vil kvaliteten af modtagerne v\u00e6re i top. MarketingPlatform s\u00f8rger for at det juridiske er p\u00e5 plads. N\u00e5r en person udfylder formularen, vil vi automatisk sende en mail, og bede personen om at bekr\u00e6fte sin tilmelding. Vi gemmer personens IP-adresse og tiden, og kan dermed p\u00e5 jeres vegne dokumentere tilmeldingen.<\/p>\n<p>Med wizard funktionen tr\u00e6kkes de \u00f8nskede felter ned i formularen, det kan udover email adressen der er obligatorisk, v\u00e6re fornavn, efternavn, firmanavn eller hvad du \u00f8nsker formularen skal indeholde. Dern\u00e6st bestemmes teksten i den email personen vil modtage, hvor vores standard kan anvendes eller nemt tilpasses. Og hvilken side personen skal se, efter formularen er udfyldt, kan ogs\u00e5 inds\u00e6ttes her. Igen er det muligt at anvende vores standard side.<\/p>\n<p>Nu er formularen klar til at blive indsat p\u00e5 jeres webside.<br \/>\n[\/et_pb_text][\/et_pb_column][\/et_pb_row][et_pb_row admin_label=&#8221;row&#8221; _builder_version=&#8221;3.0.48&#8243; background_size=&#8221;initial&#8221; background_position=&#8221;top_left&#8221; background_repeat=&#8221;repeat&#8221;][et_pb_column type=&#8221;4_4&#8243; _builder_version=&#8221;3.0.47&#8243; parallax=&#8221;off&#8221; parallax_method=&#8221;on&#8221;][et_pb_text admin_label=&#8221;Text&#8221; _builder_version=&#8221;3.0.87&#8243; background_size=&#8221;initial&#8221; background_position=&#8221;top_left&#8221; background_repeat=&#8221;repeat&#8221; use_border_color=&#8221;off&#8221; border_style=&#8221;solid&#8221;]<\/p>\n<h4>Afmeldingsformular<\/h4>\n<p>Vi anbefaler ikke at placere en afmeldingsformular p\u00e5 nettet, men alene anvende den internt. Modtagerne af nyhedsbrevet kan sikkert afmelde sig med et klik fra mailen.<\/p>\n<p>Ved af anvende afmeldingsformularen internt, vil feks kundeservice have et hurtigt v\u00e6rkt\u00f8j til at afmelde personer der ringer eller skriver. MarketingPlatform vil automatisk sende en bekr\u00e6ftelse p\u00e5 udmeldingen.<br \/>\n[\/et_pb_text][\/et_pb_column][\/et_pb_row][et_pb_row custom_padding=&#8221;0px|0px|27px|0px&#8221; admin_label=&#8221;row&#8221; _builder_version=&#8221;3.0.48&#8243; background_size=&#8221;initial&#8221; background_position=&#8221;top_left&#8221; background_repeat=&#8221;repeat&#8221;][et_pb_column type=&#8221;4_4&#8243; _builder_version=&#8221;3.0.47&#8243; parallax=&#8221;off&#8221; parallax_method=&#8221;on&#8221;][et_pb_text admin_label=&#8221;Text&#8221; _builder_version=&#8221;3.0.87&#8243; background_size=&#8221;initial&#8221; background_position=&#8221;top_left&#8221; background_repeat=&#8221;repeat&#8221; use_border_color=&#8221;off&#8221; border_style=&#8221;solid&#8221;]<\/p>\n<h4><img decoding=\"async\" loading=\"lazy\" class=\"scale-with-grid alignright image-border\" title=\"\" src=\"..\/..\/wp-content\/uploads\/2017\/04\/webforms-mailplatform-opdaterprofil1-1.png\" alt=\"\" width=\"281\" height=\"718\" \/>Afmeldingsflow fra en kampagne<\/h4>\n<p>Ligesom det er vigtigt at skabe et velkomstflow med en autoresponder, er det ogs\u00e5 vigtigt at tage p\u00e6nt afsked med modtagere. Derfor har vi designet et flow til form\u00e5let.<\/p>\n<p>Med f\u00e5 klik kan flowet bestemmes. Skal modtageren bekr\u00e6fte sin afmelding, hvilken side skal de se efter afmelding og hvilken tekst skal e-mailen med bekr\u00e6ftelsen indeholde.<\/p>\n<p>Ved at kombinere opdater profil og afmeldingsflowet, kan modtageren m\u00f8de et valg om at \u00e6ndre sine pr\u00e6ferencer istedet for en direkte afmelding. Kontakt MarketingPlatform for at h\u00f8re mere om disse muligheder. Her ses et eksempel fra en af vore kunder.<\/p>\n<h4>Opdater profil flowet<\/h4>\n<p>Modtagerens profil i MarketingPlatform er de felter, du har valgt at tilknytte en kontaktliste. Disse felter kan modtagerne selv vedligeholde (\u00e6ndre), med et klik fra en tilsendt kampagne. Med vores wizard funktion kan du sammens\u00e6tte formularen, og tilf\u00f8je et design der matcher din virksomheds profil.<\/p>\n<p>Mange kunder anvender adskillige varianter af formularen, og bruger dem istedet for sp\u00f8rgeskema modulet, binder dem sammen med feks en konkurrence, og f\u00e5r modtagerne til at fort\u00e6lle mere om bestemte interesser, emner eller give feedback.<\/p>\n<p>P\u00e5 den m\u00e5de vil dine data om modtagerne, dine kunder eller kommende kunder og interessenter, blive beriget og meget mere v\u00e6rdifulde. Berigede data kan anvendes til bedre m\u00e5lretning, ved at bruge de mange indbyggede v\u00e6rkt\u00f8jer til form\u00e5let.<\/p>\n<h4>Send til en ven<\/h4>\n<p>Funktionen send til en ven skal anvendes med varsomhed i Danmark og det meste af Europa. Det er vigtigt at f\u00f8lge retningslinierne, i Danmark udstukket af Forbrugerombudsmanden, for at undg\u00e5 udsendelse af SPAM i forbindelse med anvendelse af funktionen. MarketingPlatform registrerer antal gange funktionen er anvendt, hvilket vil fremg\u00e5 af statistikken for kampagnen der er delt.<\/p>\n<p>Eksemplet i grafikken til h\u00f8jre er et opdater profil flow fra CBS.<br \/>\n[\/et_pb_text][\/et_pb_column][\/et_pb_row][\/et_pb_section][et_pb_section fb_built=&#8221;1&#8243; _builder_version=&#8221;3.16.1&#8243; background_color=&#8221;#dee7f1&#8243; global_module=&#8221;19033&#8243;][et_pb_row _builder_version=&#8221;3.0.48&#8243; background_size=&#8221;initial&#8221; background_position=&#8221;top_left&#8221; background_repeat=&#8221;repeat&#8221;][et_pb_column type=&#8221;4_4&#8243; _builder_version=&#8221;3.0.47&#8243; parallax=&#8221;off&#8221; parallax_method=&#8221;on&#8221;][et_pb_text _builder_version=&#8221;3.16.1&#8243; text_orientation=&#8221;center&#8221;]<\/p>\n<h1>Pr\u00f8v MarketingPlatform gratis i 14 dage<\/h1>\n<p>Pr\u00f8veperioden er gratis, helt uforpligtende og udl\u00f8ber efter 14 dage, hvis du ikke \u00f8nsker at forts\u00e6tte.<br \/>\nVed tilmelding modtager du samtidig vores uddannelsesflow p\u00e5 en serie af mails \u2013 og vores nyhedsbrev.<br \/>\n[\/et_pb_text][et_pb_code _builder_version=&#8221;3.16.1&#8243;]&lt;script src=&quot;https:\/\/ajax.googleapis.com\/ajax\/libs\/jquery\/1.11.3\/jquery.min.js&quot;&gt;&lt;\/script&gt;&lt;!&#8211; [et_pb_line_break_holder] &#8211;&gt;&lt;script src=&quot;https:\/\/marketingplatform.com\/js\/sign-up-dk-home-top-updated.js&quot;&gt;&lt;\/script&gt;&lt;!&#8211; [et_pb_line_break_holder] &#8211;&gt;&lt;script src=&quot;https:\/\/marketingplatform.com\/js\/trafficSourceTracker.js&quot;&gt;&lt;\/script&gt;&lt;!&#8211; [et_pb_line_break_holder] &#8211;&gt;&lt;script&gt;&lt;!&#8211; [et_pb_line_break_holder] &#8211;&gt;trafficSrcCookie.setCookie();&lt;!&#8211; [et_pb_line_break_holder] &#8211;&gt;&lt;\/script&gt;&lt;!&#8211; [et_pb_line_break_holder] &#8211;&gt;&lt;!&#8211; [et_pb_line_break_holder] &#8211;&gt;&lt;div class=&quot;myForm&quot;&gt;&lt;!&#8211; [et_pb_line_break_holder] &#8211;&gt; &lt;div class=&quot;sign_up&quot;&gt;&lt;!&#8211; [et_pb_line_break_holder] &#8211;&gt; &lt;div class=&quot;step1 text-box step_fir&quot;&gt;&lt;!&#8211; [et_pb_line_break_holder] &#8211;&gt; &lt;div class=&quot;displayblock&quot;&gt;&lt;!&#8211; [et_pb_line_break_holder] &#8211;&gt; &lt;input type=&quot;text&quot; name=&quot;email&quot; class=&quot;emailvalue&quot; placeholder=&quot;Indtast din e-mailadresse&quot; style=&quot;margin-right:5px; border-radius:2px; border:none!important;&quot;&gt;&lt;!&#8211; [et_pb_line_break_holder] &#8211;&gt; &lt;\/div&gt;&lt;!&#8211; [et_pb_line_break_holder] &#8211;&gt; &lt;div class=&quot;displayblock&quot;&gt;&lt;!&#8211; [et_pb_line_break_holder] &#8211;&gt; &lt;input type=&quot;button&quot; value=&quot;Ja tak &#8211; lad mig pr\u00f8ve!&quot; class=&quot;button trial-btn-blue step1btn&quot; style=&quot;background:#09cd6f!important; border:none!important; border-radius:2px; &quot;&gt;&lt;!&#8211; [et_pb_line_break_holder] &#8211;&gt; &lt;\/div&gt;&lt;!&#8211; [et_pb_line_break_holder] &#8211;&gt; &lt;\/div&gt;&lt;!&#8211; [et_pb_line_break_holder] &#8211;&gt; &lt;div class=&quot;step2 text-box&quot; style=&quot;display: none;&quot;&gt;&lt;\/div&gt;&lt;!&#8211; [et_pb_line_break_holder] &#8211;&gt; &lt;div class=&quot;step2 text-box &quot; style=&quot;display: none;&quot;&gt;&lt;!&#8211; [et_pb_line_break_holder] &#8211;&gt; &lt;div class=&quot;displayblock&quot; style=&quot;width: 400px;&quot;&gt;&lt;!&#8211; [et_pb_line_break_holder] &#8211;&gt; &lt;input type=&quot;text&quot; name=&quot;CustomFields[496]&quot; class=&quot;CustomFields_496_51&quot; value=&quot;&quot; size=&quot;50&quot; placeholder=&quot;Firmanavn&quot;&gt;&lt;!&#8211; [et_pb_line_break_holder] &#8211;&gt; &lt;\/div&gt;&lt;!&#8211; [et_pb_line_break_holder] &#8211;&gt; &lt;div class=&quot;displayblock&quot; style=&quot;width: 400px;&quot;&gt;&lt;!&#8211; [et_pb_line_break_holder] &#8211;&gt; &lt;input type=&quot;text&quot; name=&quot;CustomFields[2]&quot; class=&quot;CustomFields_2_51&quot; value=&quot;&quot; size=&quot;50&quot; placeholder=&quot;Dit Navn&quot;&gt;&lt;!&#8211; [et_pb_line_break_holder] &#8211;&gt; &lt;\/div&gt;&lt;!&#8211; [et_pb_line_break_holder] &#8211;&gt; &lt;div class=&quot;displayblock&quot; style=&quot;width: 400px;&quot;&gt;&lt;!&#8211; [et_pb_line_break_holder] &#8211;&gt; &lt;input type=&quot;text&quot; name=&quot;CustomFields[497]&quot; class=&quot;CustomFields_497_51&quot; value=&quot;&quot; size=&quot;50&quot; placeholder=&quot;Mobil Nummer&quot;&gt;&lt;!&#8211; [et_pb_line_break_holder] &#8211;&gt; &lt;\/div&gt;&lt;!&#8211; [et_pb_line_break_holder] &#8211;&gt; &lt;div class=&quot;displayblock sec_step_but&quot;&gt;&lt;!&#8211; [et_pb_line_break_holder] &#8211;&gt; &lt;input id=&quot;step2&quot; type=&quot;button&quot; value=&quot;Ja tak &#8211; lad mig pr\u00f8ve!&quot; class=&quot;button1 &quot; style=&quot;background:#09cd6f!important;&quot;&gt;&lt;!&#8211; [et_pb_line_break_holder] &#8211;&gt; &lt;\/div&gt;&lt;!&#8211; [et_pb_line_break_holder] &#8211;&gt; &lt;div&gt;&lt;!&#8211; [et_pb_line_break_holder] &#8211;&gt; &lt;div style=&quot;display: none;&quot; id=&quot;alertSpan&quot;&gt;&lt;!&#8211; [et_pb_line_break_holder] &#8211;&gt; &lt;span style=&quot;color: red;&quot;&gt;Du skal udfylde alle felter&lt;\/span&gt;&lt;!&#8211; [et_pb_line_break_holder] &#8211;&gt; &lt;\/div&gt;&lt;!&#8211; [et_pb_line_break_holder] &#8211;&gt; &lt;\/div&gt;&lt;!&#8211; [et_pb_line_break_holder] &#8211;&gt; &lt;div&gt;&lt;!&#8211; [et_pb_line_break_holder] &#8211;&gt; &lt;div style=&quot;display: none;&quot; id=&quot;alertEmailSpan&quot;&gt;&lt;!&#8211; [et_pb_line_break_holder] &#8211;&gt; &lt;span style=&quot;color: red;&quot;&gt;Indtast din e-mailadresse&lt;\/span&gt;&lt;!&#8211; [et_pb_line_break_holder] &#8211;&gt; &lt;\/div&gt;&lt;!&#8211; [et_pb_line_break_holder] &#8211;&gt; &lt;\/div&gt;&lt;!&#8211; [et_pb_line_break_holder] &#8211;&gt; &lt;\/div&gt;&lt;!&#8211; [et_pb_line_break_holder] &#8211;&gt; &lt;\/div&gt;&lt;!&#8211; [et_pb_line_break_holder] &#8211;&gt;&lt;\/div&gt;[\/et_pb_code][\/et_pb_column][\/et_pb_row][\/et_pb_section]<\/p>\n","protected":false},"excerpt":{"rendered":"<p>Webforms 2.0 \u2013 Online Formularer MarketingPlatform har indbygget wizards, der g\u00f8r det intuitivt at skabe formularer til tilmelding, afmeldingsflow, afmelding og opdater profil. Funktionerne fjerner behovet for at kunne kode, for at inds\u00e6tte indbydende formularer p\u00e5 dit website eller din webshop. Med drag-and-drop v\u00e6lges nemt de felter og egne felter, der skal v\u00e6re i de [&hellip;]<\/p>\n","protected":false},"author":50,"featured_media":0,"parent":0,"menu_order":0,"comment_status":"closed","ping_status":"closed","template":"","meta":{"_et_pb_use_builder":"on","_et_pb_old_content":"<img class=\"scale-with-grid alignright\" title=\"\" src=\"https:\/\/marketingplatform.com\/wp-content\/uploads\/2017\/04\/webforms-mailplatform-overview.png\" alt=\"\" width=\"426\" height=\"216\" \/>MailPlatform har indbygget wizards, der g\u00f8r det intuitivt at skabe formularer til tilmelding, afmeldingsflow, afmelding og opdater profil.\r\n\r\nFunktionerne fjerner behovet for at kunne kode, for at inds\u00e6tte indbydende formularer p\u00e5 dit website eller din webshop. Med drag-and-drop v\u00e6lges nemt de felter og egne felter, der skal v\u00e6re i de \u00f8nskede formularer. Samtidigt bestemmes hvilken side den nye kontaktperson skal se, efter vedkommende har udfyldt formularen.\r\n\r\nDer er ingen begr\u00e6nsninger i antal mulige formularer. Alle typer af formularer er tilg\u00e6ngelige p\u00e5 dansk, engelsk, tysk, norsk, svensk og finsk. Du kan selv lave flere sprog.\r\n<br><\/br>\r\n\r\n<img class=\"full-width\" src=\"https:\/\/marketingplatform.com\/wp-content\/uploads\/2017\/04\/mailplatform-white-reference-900px-9b.png\" alt=\"\" border=\"0\" \/>\r\n\r\n<br><\/br>\r\n<img class=\"scale-with-grid alignleft\" title=\"\" src=\"https:\/\/marketingplatform.com\/wp-content\/uploads\/2017\/04\/webforms-mailplatform-tilmeldingsformular.png\" alt=\"\" width=\"251\" height=\"277\" \/><strong>Tilmeldingsflow<\/strong>\r\n\r\nEn formularer p\u00e5 dit website eller din webshop, er en effektiv m\u00e5de, for at f\u00e5 flere tilmeldinger til dit nyhedsbrev. Samtidigt vil kvaliteten af modtagerne v\u00e6re i top. MailPlatform s\u00f8rger for at det juridiske er p\u00e5 plads. N\u00e5r en person udfylder formularen, vil vi automatisk sende en mail, og bede personen om at bekr\u00e6fte sin tilmelding. Vi gemmer personens IP-adresse og tiden, og kan dermed p\u00e5 jeres vegne dokumentere tilmeldingen.\r\n\r\nMed wizard funktionen tr\u00e6kkes de \u00f8nskede felter ned i formularen, det kan udover email adressen der er obligatorisk, v\u00e6re fornavn, efternavn, firmanavn eller hvad du \u00f8nsker formularen skal indeholde. Dern\u00e6st bestemmes teksten i den email personen vil modtage, hvor vores standard kan anvendes eller nemt tilpasses. Og hvilken side personen skal se, efter formularen er udfyldt, kan ogs\u00e5 inds\u00e6ttes her. Igen er det muligt at anvende vores standard side.\r\n\r\nNu er formularen klar til at blive indsat p\u00e5 jeres webside.\r\n<br><\/br>\r\n<h2>Pr\u00f8v MailPlatform gratis -\u00a0og f\u00e5 succes med dine nyhedsbreve<\/h2>\r\n<h3>Du tilmelder dig p\u00e5 10\u00a0sekunder - uden brug af kreditkort - skriv trygt din email i feltet herunder<\/h3>\r\nBlandt kunderne, der anvender MailPlatform til at forbedre deres kommunikation, er Applus, Bauhaus, Billetlugen, CBS, \u00a0EGMONT, Gallup, Jensens B\u00f8fhus, Kop & Kande, LEGO, Leo Pharma, Lions, Merck, Mr., Sampension, UNICEF og \u00c6ldresagen.\r\n\r\n<br><\/br>\r\n[widget id=\"text-183\"]\r\n\r\n<br><\/br>\r\n<strong>Afmeldingsformular<\/strong>\r\n\r\nVi anbefaler ikke at placere en afmeldingsformular p\u00e5 nettet, men alene anvende den internt. Modtagerne af nyhedsbrevet kan sikkert afmelde sig med et klik fra mailen.\r\n\r\nVed af anvende afmeldingsformularen internt, vil feks kundeservice have et hurtigt v\u00e6rkt\u00f8j til at afmelde personer der ringer eller skriver. MailPlatform vil automatisk sende en bekr\u00e6ftelse p\u00e5 udmeldingen.\r\n\r\n<br><\/br>\r\n<img class=\"scale-with-grid alignright\" title=\"\" src=\"https:\/\/marketingplatform.com\/wp-content\/uploads\/2017\/04\/webforms-mailplatform-opdaterprofil1-1.png\" alt=\"\" width=\"281\" height=\"718\" \/><strong>Afmeldingsflow fra en kampagne<\/strong>\r\n\r\nLigesom det er vigtigt at skabe et velkomstflow med en autoresponder, er det ogs\u00e5 vigtigt at tage p\u00e6nt afsked med modtagere. Derfor har vi designet et flow til form\u00e5let.\r\n\r\nMed f\u00e5 klik kan flowet bestemmes. Skal modtageren bekr\u00e6fte sin afmelding, hvilken side skal de se efter afmelding og hvilken tekst skal e-mailen med bekr\u00e6ftelsen indeholde.\r\n\r\nVed at kombinere opdater profil og afmeldingsflowet, kan modtageren m\u00f8de et valg om at \u00e6ndre sine pr\u00e6ferencer istedet for en direkte afmelding. Kontakt MailPlatform for at h\u00f8re mere om disse muligheder. Her ses et eksempel fra en af vore kunder.\r\n\r\n<strong>Opdater profil flowet<\/strong>\r\n\r\nModtagerens profil i MailPlatform er de felter, du har valgt at tilknytte en kontaktliste. Disse felter kan modtagerne selv vedligeholde (\u00e6ndre), med et klik fra en tilsendt kampagne. Med vores wizard funktion kan du sammens\u00e6tte formularen, og tilf\u00f8je et design der matcher din virksomheds profil.\r\n\r\nMange kunder anvender adskillige varianter af formularen, og bruger dem istedet for sp\u00f8rgeskema modulet, binder dem sammen med feks en konkurrence, og f\u00e5r modtagerne til at fort\u00e6lle mere om bestemte interesser, emner eller give feedback.\r\n\r\nP\u00e5 den m\u00e5de vil dine data om modtagerne, dine kunder eller kommende kunder og interessenter, blive beriget og meget mere v\u00e6rdifulde. Berigede data kan anvendes til bedre m\u00e5lretning, ved at bruge de mange indbyggede v\u00e6rkt\u00f8jer til form\u00e5let.\r\n\r\n<strong>Send til en ven<\/strong>\r\n\r\nFunktionen send til en ven skal anvendes med varsomhed i Danmark og det meste af Europa. Det er vigtigt at f\u00f8lge retningslinierne, i Danmark udstukket af Forbrugerombudsmanden, for at undg\u00e5 udsendelse af SPAM i forbindelse med anvendelse af funktionen. MailPlatform registrerer antal gange funktionen er anvendt, hvilket vil fremg\u00e5 af statistikken for kampagnen der er delt.\r\n\r\nEksemplet i grafikken til h\u00f8jre er et opdater profil flow fra CBS.","_et_gb_content_width":"","footnotes":""},"categories":[],"tags":[],"yst_prominent_words":[1161,1168,1155,1150,1166,4872,1162,1159,1157,1151,1163,1153,1169,1156,1152,1160,1158,1165,1167,1154],"_links":{"self":[{"href":"https:\/\/marketingplatform.com\/da\/wp-json\/wp\/v2\/pages\/5929"}],"collection":[{"href":"https:\/\/marketingplatform.com\/da\/wp-json\/wp\/v2\/pages"}],"about":[{"href":"https:\/\/marketingplatform.com\/da\/wp-json\/wp\/v2\/types\/page"}],"author":[{"embeddable":true,"href":"https:\/\/marketingplatform.com\/da\/wp-json\/wp\/v2\/users\/50"}],"replies":[{"embeddable":true,"href":"https:\/\/marketingplatform.com\/da\/wp-json\/wp\/v2\/comments?post=5929"}],"version-history":[{"count":0,"href":"https:\/\/marketingplatform.com\/da\/wp-json\/wp\/v2\/pages\/5929\/revisions"}],"wp:attachment":[{"href":"https:\/\/marketingplatform.com\/da\/wp-json\/wp\/v2\/media?parent=5929"}],"wp:term":[{"taxonomy":"category","embeddable":true,"href":"https:\/\/marketingplatform.com\/da\/wp-json\/wp\/v2\/categories?post=5929"},{"taxonomy":"post_tag","embeddable":true,"href":"https:\/\/marketingplatform.com\/da\/wp-json\/wp\/v2\/tags?post=5929"},{"taxonomy":"yst_prominent_words","embeddable":true,"href":"https:\/\/marketingplatform.com\/da\/wp-json\/wp\/v2\/yst_prominent_words?post=5929"}],"curies":[{"name":"wp","href":"https:\/\/api.w.org\/{rel}","templated":true}]}}